{"id":37696,"date":"2021-02-24T11:47:08","date_gmt":"2021-02-24T11:47:08","guid":{"rendered":"https:\/\/www.accuratereviews.com\/?page_id=37696"},"modified":"2021-02-25T11:02:51","modified_gmt":"2021-02-25T11:02:51","slug":"quikwater-recensione","status":"publish","type":"page","link":"https:\/\/www.accuratereviews.com\/it\/programmi-per-bollette\/quikwater-recensione\/","title":{"rendered":"Quikwater"},"content":{"rendered":"<p><strong>Quikwater<\/strong> \u00e8 una <strong>soluzione di fatturazione<\/strong> delle utenze basata su <strong>cloud<\/strong> per enti municipali di piccole e medie dimensioni. La soluzione gestisce gli oneri idrici e fognari e fornisce un database in cui un ente comunale pu\u00f2 memorizzare i dati per tutti i residenti. La soluzione analizza i dettagli di utilizzo mensile. Le caratteristiche principali includono il calcolo delle fatture su schermo, grafici a barre, formati di fatture modificabili, funzionalit\u00e0 di rollback delle transazioni, stampa di corrispondenza e avvisi di interruzione.\u00a0<strong>Quikwater<\/strong> d\u00e0 accesso a un elenco automatico di insolvenze, sospensione della fatturazione e monitoraggio dei diritti sull&#8217;acqua. La soluzione offre aggiornamenti di sistema ed esegue automaticamente il backup dei dati. Genera rapporti storici di fatturazione e cronologia account. Gli utenti possono esportare report in formato RTF, testo e HTML.<\/p>\n<h2><a href=\"https:\/\/www.accuratereviews.com\/wp-content\/uploads\/2021\/02\/Schermata-2021-02-24-alle-11.00.23.png\"><img loading=\"lazy\" decoding=\"async\" class=\"alignnone size-full wp-image-37709\" src=\"https:\/\/www.accuratereviews.com\/wp-content\/uploads\/2021\/02\/Schermata-2021-02-24-alle-11.00.23.png\" alt=\"\" width=\"2290\" height=\"1268\" srcset=\"https:\/\/www.accuratereviews.com\/wp-content\/uploads\/2021\/02\/Schermata-2021-02-24-alle-11.00.23.png 2290w, https:\/\/www.accuratereviews.com\/wp-content\/uploads\/2021\/02\/Schermata-2021-02-24-alle-11.00.23-300x166.png 300w, https:\/\/www.accuratereviews.com\/wp-content\/uploads\/2021\/02\/Schermata-2021-02-24-alle-11.00.23-1024x567.png 1024w, https:\/\/www.accuratereviews.com\/wp-content\/uploads\/2021\/02\/Schermata-2021-02-24-alle-11.00.23-768x425.png 768w, https:\/\/www.accuratereviews.com\/wp-content\/uploads\/2021\/02\/Schermata-2021-02-24-alle-11.00.23-1536x851.png 1536w, https:\/\/www.accuratereviews.com\/wp-content\/uploads\/2021\/02\/Schermata-2021-02-24-alle-11.00.23-2048x1134.png 2048w, https:\/\/www.accuratereviews.com\/wp-content\/uploads\/2021\/02\/Schermata-2021-02-24-alle-11.00.23-226x125.png 226w, https:\/\/www.accuratereviews.com\/wp-content\/uploads\/2021\/02\/Schermata-2021-02-24-alle-11.00.23-50x28.png 50w, https:\/\/www.accuratereviews.com\/wp-content\/uploads\/2021\/02\/Schermata-2021-02-24-alle-11.00.23-968x536.png 968w, https:\/\/www.accuratereviews.com\/wp-content\/uploads\/2021\/02\/Schermata-2021-02-24-alle-11.00.23-636x352.png 636w, https:\/\/www.accuratereviews.com\/wp-content\/uploads\/2021\/02\/Schermata-2021-02-24-alle-11.00.23-320x177.png 320w, https:\/\/www.accuratereviews.com\/wp-content\/uploads\/2021\/02\/Schermata-2021-02-24-alle-11.00.23-239x132.png 239w\" sizes=\"auto, (max-width: 2290px) 100vw, 2290px\" \/><\/a><\/h2>\n<h2>QUIKWATER &#8211; CARATTERISTICHE<\/h2>\n<ul>\n<li>Struttura tariffaria flessibile e formati di fatturazione modificabili<\/li>\n<li>Pagamento delle bollette online e fatturazione tramite email<\/li>\n<li>Capacit\u00e0 di rollback delle transazioni<\/li>\n<li>Stampa etichette postali e lettere di richiesta<\/li>\n<li>Software adattabile e facile da usare<\/li>\n<li>Chiusura automatica di fine mese<\/li>\n<li>Rapporti cronologici sulla fatturazione e sulla cronologia dell&#8217;account<\/li>\n<li>Depositi, transazioni in contanti e rapporti di rettifica<\/li>\n<li>Esporta rapporti in formato RTF, testo o HTML<\/li>\n<li>Backup automatizzato dei dati su richiesta<\/li>\n<li>Diagramma di flusso del sistema per fatturazione mensile<\/li>\n<li>Fatturazione a pi\u00f9 contatori per appartamenti<\/li>\n<li>Fatture via email ai tuoi clienti<\/li>\n<li>Modifiche illimitate ai documenti<\/li>\n<\/ul>\n<h3>LE RECENSIONI DEGLI UTENTI<\/h3>\n<p class=\"font-weight-bold mb-1 d-flex align-items-center\"><strong>Pamela B.&#8221;Il personale di supporto \u00e8 fantastico!&#8221;<\/strong><\/p>\n<p><strong>Commenti: <\/strong>Penso che imparer\u00f2 ad amare QuikWater.<\/p>\n<p><strong>Pro: <\/strong>Lo staff di supporto! Il nostro rappresentante dell&#8217;assistenza clienti \u00e8 stato fantastico. Ha molta familiarit\u00e0 con le capacit\u00e0 del software.<\/p>\n<p><strong>Contro: <\/strong>Il software non \u00e8 molto intuitivo. \u00c8 difficile ricordare tutti i passaggi per eseguire solo un rapporto.<\/p>\n<p class=\"font-weight-bold mb-1 d-flex align-items-center\"><strong>Veronica C.&#8221;Il programma \u00e8 facile da usare! Nel complesso come usare il software QW.&#8221;<\/strong><\/p>\n<p><strong>Commenti: <\/strong>Rendere il mio lavoro di fatturazione molto pi\u00f9 semplice e facile da usare! Puoi lavorare da remoto.<\/p>\n<p><strong>Pro: <\/strong>La parte di fatturazione e pagamento \u00e8 facile da usare. Puoi inviare le tue fatture via email!<\/p>\n<p><strong>Contro: <\/strong>I miei aggiornamenti non funzionano al momento. In un paio dei miei sistemi non stamper\u00e0 le fatture per un paio di clienti.<\/p>\n<p class=\"font-weight-bold mb-1 d-flex align-items-center\"><strong>Jena M.&#8221;l&#8217;assistenza clienti \u00e8 meravigliata mi aiuta ogni volta che chiamo&#8221;<\/strong><\/p>\n<p><strong>Commenti: <\/strong>molto pi\u00f9 facile da capire ottenere rapporti e pi\u00f9 facile correggere un errore<\/p>\n<p><strong>Pro: <\/strong>quanto velocemente l&#8217;assistenza clienti ti risponde \u00e8 molto pi\u00f9 facile da capire, quindi l&#8217;ultimo programma che abbiamo avuto quikwater ti consente di correggere gli errori che rendono molto pi\u00f9 facile superare i nomi. La fatturazione esce molto pi\u00f9 facilmente la stampa funziona molto pi\u00f9 velocemente. Se rimani bloccato, chiama l&#8217;assistenza clienti che vanno d&#8217;accordo con te e ti guidano attraverso tutto ci\u00f2 per cui hai bisogno di aiuto. Non ti fanno mai aspettare un giorno o una settimana. sono sempre felici e gentili al telefono.<\/p>\n<p><strong>Contro: <\/strong>Avrei voluto che questo programma aggiungesse automaticamente gli addebiti in ritardo come faceva il nostro vecchio programma. A volte avrei desiderato che fosse impostato diversamente quando si aggiungono i pagamenti e vorrei che la distinta di versamento che porto in banca fosse un po&#8217; pi\u00f9 grande da leggere, ma in tutto questo programma l&#8217;acqua veloce \u00e8 un programma meraviglioso<\/p>\n","protected":false},"excerpt":{"rendered":"<p>Quikwater \u00e8 una soluzione di fatturazione delle utenze basata su cloud per enti municipali di piccole e medie dimensioni. La soluzione gestisce gli oneri idrici e fognari e fornisce un database in cui un ente comunale pu\u00f2 memorizzare i dati per tutti i residenti. La soluzione analizza i dettagli di utilizzo mensile.<\/p>\n","protected":false},"author":16,"featured_media":37706,"parent":37528,"menu_order":0,"comment_status":"open","ping_status":"closed","template":"g1_template_page_review_new.php","meta":{"_acf_changed":false,"cwp_meta_box_check":"Yes","cwp_rev_product_name":"","cwp_rev_product_image":"","wppr_links":[],"cwp_rev_price":"","wppr_options":[],"wppr_pros":[],"wppr_cons":[],"_monsterinsights_skip_tracking":false,"_monsterinsights_sitenote_active":false,"_monsterinsights_sitenote_note":"","_monsterinsights_sitenote_category":0,"footnotes":""},"categories":[5020],"tags":[396,5122,5125,5167,5121,5124],"features":[],"class_list":{"0":"post-37696","1":"page","2":"type-page","3":"status-publish","4":"has-post-thumbnail","6":"category-programmi-per-bollette-categoria","7":"tag-cloud","8":"tag-piattaforma-per-bollette","9":"tag-programma-per-bollette","10":"tag-quikwater","11":"tag-software-per-bollette","12":"tag-soluzione-per-bollette"},"wppr_data":{"cwp_meta_box_check":"Yes","cwp_rev_product_name":"","cwp_rev_product_image":"","cwp_image_link":"image","cwp_rev_price":"","wppr_rating":"0.00"},"acf":[],"yoast_head":"<!-- This site is optimized with the Yoast SEO plugin v27.4 - https:\/\/yoast.com\/product\/yoast-seo-wordpress\/ -->\n<title>Quikwater: recensione programma bollette - Accurate Reviews<\/title>\n<meta name=\"description\" content=\"Quikwater: recensione programma di fatturazione delle utenze basata su cloud per enti municipali di piccole e medie dimensioni.\" \/>\n<meta name=\"robots\" content=\"index, follow, max-snippet:-1, max-image-preview:large, max-video-preview:-1\" \/>\n<link rel=\"canonical\" href=\"https:\/\/www.accuratereviews.com\/it\/programmi-per-bollette\/quikwater-recensione\/\" \/>\n<meta property=\"og:locale\" content=\"it_IT\" \/>\n<meta property=\"og:type\" content=\"article\" \/>\n<meta property=\"og:title\" content=\"Quikwater: recensione programma bollette - Accurate Reviews\" \/>\n<meta property=\"og:description\" content=\"Quikwater: recensione programma di fatturazione delle utenze basata su cloud per enti municipali di piccole e medie dimensioni.\" \/>\n<meta property=\"og:url\" content=\"https:\/\/www.accuratereviews.com\/it\/programmi-per-bollette\/quikwater-recensione\/\" \/>\n<meta property=\"og:site_name\" content=\"Accurate Reviews\" \/>\n<meta property=\"article:modified_time\" content=\"2021-02-25T11:02:51+00:00\" \/>\n<meta property=\"og:image\" content=\"https:\/\/www.accuratereviews.com\/wp-content\/uploads\/2021\/02\/Schermata-2021-02-24-alle-10.57.32.png\" \/>\n\t<meta property=\"og:image:width\" content=\"588\" \/>\n\t<meta property=\"og:image:height\" content=\"236\" \/>\n\t<meta property=\"og:image:type\" content=\"image\/png\" \/>\n<meta name=\"twitter:card\" content=\"summary_large_image\" \/>\n<meta name=\"twitter:label1\" content=\"Tempo di lettura stimato\" \/>\n\t<meta name=\"twitter:data1\" content=\"3 minuti\" \/>\n<script type=\"application\/ld+json\" class=\"yoast-schema-graph\">{\"@context\":\"https:\\\/\\\/schema.org\",\"@graph\":[{\"@type\":\"WebPage\",\"@id\":\"https:\\\/\\\/www.accuratereviews.com\\\/it\\\/programmi-per-bollette\\\/quikwater-recensione\\\/\",\"url\":\"https:\\\/\\\/www.accuratereviews.com\\\/it\\\/programmi-per-bollette\\\/quikwater-recensione\\\/\",\"name\":\"Quikwater: recensione programma bollette - Accurate Reviews\",\"isPartOf\":{\"@id\":\"https:\\\/\\\/www.accuratereviews.com\\\/it\\\/#website\"},\"primaryImageOfPage\":{\"@id\":\"https:\\\/\\\/www.accuratereviews.com\\\/it\\\/programmi-per-bollette\\\/quikwater-recensione\\\/#primaryimage\"},\"image\":{\"@id\":\"https:\\\/\\\/www.accuratereviews.com\\\/it\\\/programmi-per-bollette\\\/quikwater-recensione\\\/#primaryimage\"},\"thumbnailUrl\":\"https:\\\/\\\/www.accuratereviews.com\\\/wp-content\\\/uploads\\\/2021\\\/02\\\/Schermata-2021-02-24-alle-10.57.32.png\",\"datePublished\":\"2021-02-24T11:47:08+00:00\",\"dateModified\":\"2021-02-25T11:02:51+00:00\",\"description\":\"Quikwater: recensione programma di fatturazione delle utenze basata su cloud per enti municipali di piccole e medie dimensioni.\",\"breadcrumb\":{\"@id\":\"https:\\\/\\\/www.accuratereviews.com\\\/it\\\/programmi-per-bollette\\\/quikwater-recensione\\\/#breadcrumb\"},\"inLanguage\":\"it-IT\",\"potentialAction\":[{\"@type\":\"ReadAction\",\"target\":[\"https:\\\/\\\/www.accuratereviews.com\\\/it\\\/programmi-per-bollette\\\/quikwater-recensione\\\/\"]}]},{\"@type\":\"ImageObject\",\"inLanguage\":\"it-IT\",\"@id\":\"https:\\\/\\\/www.accuratereviews.com\\\/it\\\/programmi-per-bollette\\\/quikwater-recensione\\\/#primaryimage\",\"url\":\"https:\\\/\\\/www.accuratereviews.com\\\/wp-content\\\/uploads\\\/2021\\\/02\\\/Schermata-2021-02-24-alle-10.57.32.png\",\"contentUrl\":\"https:\\\/\\\/www.accuratereviews.com\\\/wp-content\\\/uploads\\\/2021\\\/02\\\/Schermata-2021-02-24-alle-10.57.32.png\",\"width\":588,\"height\":236},{\"@type\":\"BreadcrumbList\",\"@id\":\"https:\\\/\\\/www.accuratereviews.com\\\/it\\\/programmi-per-bollette\\\/quikwater-recensione\\\/#breadcrumb\",\"itemListElement\":[{\"@type\":\"ListItem\",\"position\":1,\"name\":\"Home\",\"item\":\"https:\\\/\\\/www.accuratereviews.com\\\/it\\\/\"},{\"@type\":\"ListItem\",\"position\":2,\"name\":\"Programmi per bollette\",\"item\":\"https:\\\/\\\/www.accuratereviews.com\\\/it\\\/programmi-per-bollette\\\/\"},{\"@type\":\"ListItem\",\"position\":3,\"name\":\"Quikwater\"}]},{\"@type\":\"WebSite\",\"@id\":\"https:\\\/\\\/www.accuratereviews.com\\\/it\\\/#website\",\"url\":\"https:\\\/\\\/www.accuratereviews.com\\\/it\\\/\",\"name\":\"Accurate Reviews\",\"description\":\"\",\"potentialAction\":[{\"@type\":\"SearchAction\",\"target\":{\"@type\":\"EntryPoint\",\"urlTemplate\":\"https:\\\/\\\/www.accuratereviews.com\\\/it\\\/?s={search_term_string}\"},\"query-input\":{\"@type\":\"PropertyValueSpecification\",\"valueRequired\":true,\"valueName\":\"search_term_string\"}}],\"inLanguage\":\"it-IT\"}]}<\/script>\n<!-- \/ Yoast SEO plugin. -->","yoast_head_json":{"title":"Quikwater: recensione programma bollette - Accurate Reviews","description":"Quikwater: recensione programma di fatturazione delle utenze basata su cloud per enti municipali di piccole e medie dimensioni.","robots":{"index":"index","follow":"follow","max-snippet":"max-snippet:-1","max-image-preview":"max-image-preview:large","max-video-preview":"max-video-preview:-1"},"canonical":"https:\/\/www.accuratereviews.com\/it\/programmi-per-bollette\/quikwater-recensione\/","og_locale":"it_IT","og_type":"article","og_title":"Quikwater: recensione programma bollette - Accurate Reviews","og_description":"Quikwater: recensione programma di fatturazione delle utenze basata su cloud per enti municipali di piccole e medie dimensioni.","og_url":"https:\/\/www.accuratereviews.com\/it\/programmi-per-bollette\/quikwater-recensione\/","og_site_name":"Accurate Reviews","article_modified_time":"2021-02-25T11:02:51+00:00","og_image":[{"width":588,"height":236,"url":"https:\/\/www.accuratereviews.com\/wp-content\/uploads\/2021\/02\/Schermata-2021-02-24-alle-10.57.32.png","type":"image\/png"}],"twitter_card":"summary_large_image","twitter_misc":{"Tempo di lettura stimato":"3 minuti"},"schema":{"@context":"https:\/\/schema.org","@graph":[{"@type":"WebPage","@id":"https:\/\/www.accuratereviews.com\/it\/programmi-per-bollette\/quikwater-recensione\/","url":"https:\/\/www.accuratereviews.com\/it\/programmi-per-bollette\/quikwater-recensione\/","name":"Quikwater: recensione programma bollette - Accurate Reviews","isPartOf":{"@id":"https:\/\/www.accuratereviews.com\/it\/#website"},"primaryImageOfPage":{"@id":"https:\/\/www.accuratereviews.com\/it\/programmi-per-bollette\/quikwater-recensione\/#primaryimage"},"image":{"@id":"https:\/\/www.accuratereviews.com\/it\/programmi-per-bollette\/quikwater-recensione\/#primaryimage"},"thumbnailUrl":"https:\/\/www.accuratereviews.com\/wp-content\/uploads\/2021\/02\/Schermata-2021-02-24-alle-10.57.32.png","datePublished":"2021-02-24T11:47:08+00:00","dateModified":"2021-02-25T11:02:51+00:00","description":"Quikwater: recensione programma di fatturazione delle utenze basata su cloud per enti municipali di piccole e medie dimensioni.","breadcrumb":{"@id":"https:\/\/www.accuratereviews.com\/it\/programmi-per-bollette\/quikwater-recensione\/#breadcrumb"},"inLanguage":"it-IT","potentialAction":[{"@type":"ReadAction","target":["https:\/\/www.accuratereviews.com\/it\/programmi-per-bollette\/quikwater-recensione\/"]}]},{"@type":"ImageObject","inLanguage":"it-IT","@id":"https:\/\/www.accuratereviews.com\/it\/programmi-per-bollette\/quikwater-recensione\/#primaryimage","url":"https:\/\/www.accuratereviews.com\/wp-content\/uploads\/2021\/02\/Schermata-2021-02-24-alle-10.57.32.png","contentUrl":"https:\/\/www.accuratereviews.com\/wp-content\/uploads\/2021\/02\/Schermata-2021-02-24-alle-10.57.32.png","width":588,"height":236},{"@type":"BreadcrumbList","@id":"https:\/\/www.accuratereviews.com\/it\/programmi-per-bollette\/quikwater-recensione\/#breadcrumb","itemListElement":[{"@type":"ListItem","position":1,"name":"Home","item":"https:\/\/www.accuratereviews.com\/it\/"},{"@type":"ListItem","position":2,"name":"Programmi per bollette","item":"https:\/\/www.accuratereviews.com\/it\/programmi-per-bollette\/"},{"@type":"ListItem","position":3,"name":"Quikwater"}]},{"@type":"WebSite","@id":"https:\/\/www.accuratereviews.com\/it\/#website","url":"https:\/\/www.accuratereviews.com\/it\/","name":"Accurate Reviews","description":"","potentialAction":[{"@type":"SearchAction","target":{"@type":"EntryPoint","urlTemplate":"https:\/\/www.accuratereviews.com\/it\/?s={search_term_string}"},"query-input":{"@type":"PropertyValueSpecification","valueRequired":true,"valueName":"search_term_string"}}],"inLanguage":"it-IT"}]}},"_links":{"self":[{"href":"https:\/\/www.accuratereviews.com\/it\/wp-json\/wp\/v2\/pages\/37696","targetHints":{"allow":["GET"]}}],"collection":[{"href":"https:\/\/www.accuratereviews.com\/it\/wp-json\/wp\/v2\/pages"}],"about":[{"href":"https:\/\/www.accuratereviews.com\/it\/wp-json\/wp\/v2\/types\/page"}],"author":[{"embeddable":true,"href":"https:\/\/www.accuratereviews.com\/it\/wp-json\/wp\/v2\/users\/16"}],"replies":[{"embeddable":true,"href":"https:\/\/www.accuratereviews.com\/it\/wp-json\/wp\/v2\/comments?post=37696"}],"version-history":[{"count":9,"href":"https:\/\/www.accuratereviews.com\/it\/wp-json\/wp\/v2\/pages\/37696\/revisions"}],"predecessor-version":[{"id":37753,"href":"https:\/\/www.accuratereviews.com\/it\/wp-json\/wp\/v2\/pages\/37696\/revisions\/37753"}],"up":[{"embeddable":true,"href":"https:\/\/www.accuratereviews.com\/it\/wp-json\/wp\/v2\/pages\/37528"}],"wp:featuredmedia":[{"embeddable":true,"href":"https:\/\/www.accuratereviews.com\/it\/wp-json\/wp\/v2\/media\/37706"}],"wp:attachment":[{"href":"https:\/\/www.accuratereviews.com\/it\/wp-json\/wp\/v2\/media?parent=37696"}],"wp:term":[{"taxonomy":"category","embeddable":true,"href":"https:\/\/www.accuratereviews.com\/it\/wp-json\/wp\/v2\/categories?post=37696"},{"taxonomy":"post_tag","embeddable":true,"href":"https:\/\/www.accuratereviews.com\/it\/wp-json\/wp\/v2\/tags?post=37696"},{"taxonomy":"features","embeddable":true,"href":"https:\/\/www.accuratereviews.com\/it\/wp-json\/wp\/v2\/features?post=37696"}],"curies":[{"name":"wp","href":"https:\/\/api.w.org\/{rel}","templated":true}]}}