{"id":37724,"date":"2021-02-24T16:05:18","date_gmt":"2021-02-24T16:05:18","guid":{"rendered":"https:\/\/www.accuratereviews.com\/?page_id=37724"},"modified":"2021-02-25T10:44:34","modified_gmt":"2021-02-25T10:44:34","slug":"softwater-recensione","status":"publish","type":"page","link":"https:\/\/www.accuratereviews.com\/it\/programmi-per-bollette\/softwater-recensione\/","title":{"rendered":"SOFTWater"},"content":{"rendered":"<p><strong>SOFTWater<\/strong> \u00e8 un <strong>software di fatturazione delle utenze<\/strong> creato appositamente per semplificare il lavoro delle aziende di servizi pubblici. Si occupa infatti di eliminare operazioni manuali, eventuali errori e soprattuto di gestire le spese riguardanti\u00a0elettricit\u00e0, gas, acqua, servizi igienici, fognature e\u00a0altre spese ricorrenti. \u00a0Questo <strong>programma per bollette<\/strong> include anche una funzione di chiamata web, la Call Notify, che permette di automatizzare completamente le telefonate ai tuoi clienti. Inoltre <strong>SOFTWater<\/strong> supporta programmi e tariffe di fatturazione flessibili, combina pi\u00f9 contatori su un&#8217;unica fattura, consente la fatturazione per pi\u00f9 societ\u00e0, crea banconote e lettere personalizzate, gestisce i piani di pagamento rateale e i\u00a0conti insoluti con l&#8217;obiettivo di farti risparmiare tempo e fatica.<\/p>\n<p><a href=\"https:\/\/www.accuratereviews.com\/wp-content\/uploads\/2021\/02\/Schermata-2021-02-24-alle-17.21.04.png\"><img loading=\"lazy\" decoding=\"async\" class=\"alignnone size-full wp-image-37754\" src=\"https:\/\/www.accuratereviews.com\/wp-content\/uploads\/2021\/02\/Schermata-2021-02-24-alle-17.21.04.png\" alt=\"\" width=\"2654\" height=\"1092\" srcset=\"https:\/\/www.accuratereviews.com\/wp-content\/uploads\/2021\/02\/Schermata-2021-02-24-alle-17.21.04.png 2654w, https:\/\/www.accuratereviews.com\/wp-content\/uploads\/2021\/02\/Schermata-2021-02-24-alle-17.21.04-300x123.png 300w, https:\/\/www.accuratereviews.com\/wp-content\/uploads\/2021\/02\/Schermata-2021-02-24-alle-17.21.04-1024x421.png 1024w, https:\/\/www.accuratereviews.com\/wp-content\/uploads\/2021\/02\/Schermata-2021-02-24-alle-17.21.04-768x316.png 768w, https:\/\/www.accuratereviews.com\/wp-content\/uploads\/2021\/02\/Schermata-2021-02-24-alle-17.21.04-1536x632.png 1536w, https:\/\/www.accuratereviews.com\/wp-content\/uploads\/2021\/02\/Schermata-2021-02-24-alle-17.21.04-2048x843.png 2048w, https:\/\/www.accuratereviews.com\/wp-content\/uploads\/2021\/02\/Schermata-2021-02-24-alle-17.21.04-260x107.png 260w, https:\/\/www.accuratereviews.com\/wp-content\/uploads\/2021\/02\/Schermata-2021-02-24-alle-17.21.04-50x21.png 50w, https:\/\/www.accuratereviews.com\/wp-content\/uploads\/2021\/02\/Schermata-2021-02-24-alle-17.21.04-968x398.png 968w, https:\/\/www.accuratereviews.com\/wp-content\/uploads\/2021\/02\/Schermata-2021-02-24-alle-17.21.04-636x262.png 636w, https:\/\/www.accuratereviews.com\/wp-content\/uploads\/2021\/02\/Schermata-2021-02-24-alle-17.21.04-320x132.png 320w, https:\/\/www.accuratereviews.com\/wp-content\/uploads\/2021\/02\/Schermata-2021-02-24-alle-17.21.04-239x98.png 239w\" sizes=\"auto, (max-width: 2654px) 100vw, 2654px\" \/><\/a><\/p>\n<h2>SOFTWATER &#8211; CARATTERISTICHE<\/h2>\n<p>Di seguito le sue principali caratteristiche:<\/p>\n<ul>\n<li><strong>Servizio di fatturazione delle utenze<\/strong>: include elettricit\u00e0, gas, acqua, servizi igienici, fognature e\u00a0altre spese ricorrenti<\/li>\n<li><strong>Conversione dei dati<\/strong>: lo staff \u00e8 disponibile per occuparsi del trasferimento dei tuo dati dal vecchio software a questo, rendendoti le cose pi\u00f9 semplici e veloci<\/li>\n<li><strong>Certificazione Cass<\/strong>: SOFTWater elabora gli indirizzi dei tuoi clienti, semplifica l&#8217;invio e la ricezione dei dati del tuo indirizzo con l&#8217;utilit\u00e0 CASS incorporata<\/li>\n<li><strong>Moduli di fatture per cartoline<\/strong>: disponibili in quattro colori differenti (rosa, verde, blu e lavanda)<\/li>\n<li><strong>Call Notify<\/strong>: utilizza questa funzione di chiamata web per automatizzare le telefonate ai tuoi clienti<\/li>\n<li><strong>Servizi di fatturazione di emergenza<\/strong>: in assenza di personale, disastri naturali o di guasto hardware, SOFTWater ti permette di elaborare tempestivamente la fatturazione, stampare e\/o spedire le fatture<\/li>\n<li><strong>Formazione personalizzata<\/strong>: impara rapidamente come utilizzare questo software, quali sono le sue funzionalit\u00e0 seguendo un corso di formazione che ti permetter\u00e0 di acquisire conoscenze e maggiore sicurezza<\/li>\n<li><strong>Backup remoto Plus<\/strong>: proteggi i tuoi dati da virus, errori, furti o guasti hardware grazie ad uno spazio di archiviazione aggiuntivo per i backup remoti.<\/li>\n<\/ul>\n<h3>LE RECENSIONI DEGLI UTENTI<\/h3>\n<p><strong>Jamee M. &#8220;Supera le aspettative&#8221;<\/strong><br \/>\nCOMMENTI: il servizio clienti \u00e8 eccezionale. Senza queste persone competenti e professionali ci sono giorni in cui non avrei una buona giornata senza tutte le mie persone speciali in Intedata. Sono persone fantastiche e sono come una famiglia. Felice di avere una squadra cos\u00ec fantastica con cui lavorare.<br \/>\nPRO: il software \u00e8 molto intuitivo. Anche se hai una domanda, puoi sempre utilizzare l&#8217;aiuto e ti guider\u00e0 attraverso ci\u00f2 di cui hai bisogno.<br \/>\nCONTRO: vorrei poter mettere la scritta rossa sui conti o la bandiera rossa e aggiungere pi\u00f9 cose come nei commenti<\/p>\n<p><strong>Kathie L. &#8220;Recensione software&#8221;<\/strong><br \/>\nCOMMENTI: sono abbastanza nuovo e sono abbastanza soddisfatto del sistema di SOFTWater. Sono molto impressionato dal supporto del personale, eccezionale. Telefonate rapide, risoluzione dei problemi e molto disponibile e gentile.<br \/>\nPRO: tutte le varie funzioni del software, la cronologia dei clienti, i rimborsi, ecc.<\/p>\n<p><strong>Barbie B. &#8220;Ottimo servizio clienti&#8221;<\/strong><br \/>\nCOMMENTI: nel complesso sono molto soddisfatto di SoftWater.<br \/>\nPRO: sono molto soddisfatto dell&#8217;assistenza clienti su SoftWater. A volte, vorrei che un tecnico potesse rispondere alle mie domande proprio quando chiamo, ma capisco che ci sono solo pochi tecnici disponibili. Ogni volta che si verifica un problema, il tecnico si offre di accedere al mio sito e risolvere il problema o mostrarmi come risolvere il problema.<br \/>\nCONTRO: vorrei che il software mi permettesse di inviare nuovamente le fatture ai miei clienti. Inoltre, vorrei che ci fosse un layout pi\u00f9 semplice dell&#8217;account del cliente che mostra ogni fatturazione mensile e il loro pagamento applicato su di esso, come fa Quickbooksvsarebbe davvero utile quando si cerca di spiegare al cliente se ha perso un pagamento perch\u00e9 il suo saldo \u00e8 quello che \u00e8. Sembrano perdersi nel comprendere la ricezione del pagamento applicato sul loro conto.<\/p>\n","protected":false},"excerpt":{"rendered":"<p>SOFTWater \u00e8 un software di fatturazione delle utenze creato appositamente per semplificare il lavoro delle aziende di servizi pubblici. Si occupa infatti di eliminare operazioni manuali, eventuali errori e soprattuto di gestire le spese riguardanti\u00a0elettricit\u00e0, gas, acqua, servizi igienici, fognature e\u00a0altre spese ricorrenti. \u00a0<\/p>\n","protected":false},"author":17,"featured_media":37737,"parent":37528,"menu_order":0,"comment_status":"open","ping_status":"closed","template":"g1_template_page_review_new.php","meta":{"_acf_changed":false,"cwp_meta_box_check":"No","cwp_rev_product_name":"","cwp_rev_product_image":"","wppr_links":[],"cwp_rev_price":"","wppr_options":[],"wppr_pros":[],"wppr_cons":[],"_monsterinsights_skip_tracking":false,"_monsterinsights_sitenote_active":false,"_monsterinsights_sitenote_note":"","_monsterinsights_sitenote_category":0,"footnotes":""},"categories":[5020],"tags":[5157,5159,5122,5125,365,5121,5124],"features":[],"class_list":{"0":"post-37724","1":"page","2":"type-page","3":"status-publish","4":"has-post-thumbnail","6":"category-programmi-per-bollette-categoria","7":"tag-bollette","8":"tag-fatturazione-utenze","9":"tag-piattaforma-per-bollette","10":"tag-programma-per-bollette","11":"tag-software-di-fatturazione","12":"tag-software-per-bollette","13":"tag-soluzione-per-bollette"},"wppr_data":{"cwp_meta_box_check":"No"},"acf":[],"yoast_head":"<!-- This site is optimized with the Yoast SEO plugin v27.4 - https:\/\/yoast.com\/product\/yoast-seo-wordpress\/ -->\n<title>SOFTWater: recensione software fatturazione utenze - Accurate Reviews<\/title>\n<meta name=\"description\" content=\"SOFTWater \u00e8 un software di fatturazione delle utenze creato appositamente per semplificare il lavoro delle aziende di servizi pubblici.\" \/>\n<meta name=\"robots\" content=\"index, follow, max-snippet:-1, max-image-preview:large, max-video-preview:-1\" \/>\n<link rel=\"canonical\" href=\"https:\/\/www.accuratereviews.com\/it\/programmi-per-bollette\/softwater-recensione\/\" \/>\n<meta property=\"og:locale\" content=\"it_IT\" \/>\n<meta property=\"og:type\" content=\"article\" \/>\n<meta property=\"og:title\" content=\"SOFTWater: recensione software fatturazione utenze - Accurate Reviews\" \/>\n<meta property=\"og:description\" content=\"SOFTWater \u00e8 un software di fatturazione delle utenze creato appositamente per semplificare il lavoro delle aziende di servizi pubblici.\" \/>\n<meta property=\"og:url\" content=\"https:\/\/www.accuratereviews.com\/it\/programmi-per-bollette\/softwater-recensione\/\" \/>\n<meta property=\"og:site_name\" content=\"Accurate Reviews\" \/>\n<meta property=\"article:modified_time\" content=\"2021-02-25T10:44:34+00:00\" \/>\n<meta property=\"og:image\" content=\"https:\/\/www.accuratereviews.com\/wp-content\/uploads\/2021\/02\/Schermata-2021-02-24-alle-12.57.58-1.png\" \/>\n\t<meta property=\"og:image:width\" content=\"575\" \/>\n\t<meta property=\"og:image:height\" content=\"230\" \/>\n\t<meta property=\"og:image:type\" content=\"image\/png\" \/>\n<meta name=\"twitter:card\" content=\"summary_large_image\" \/>\n<meta name=\"twitter:label1\" content=\"Tempo di lettura stimato\" \/>\n\t<meta name=\"twitter:data1\" content=\"3 minuti\" \/>\n<script type=\"application\/ld+json\" class=\"yoast-schema-graph\">{\"@context\":\"https:\\\/\\\/schema.org\",\"@graph\":[{\"@type\":\"WebPage\",\"@id\":\"https:\\\/\\\/www.accuratereviews.com\\\/it\\\/programmi-per-bollette\\\/softwater-recensione\\\/\",\"url\":\"https:\\\/\\\/www.accuratereviews.com\\\/it\\\/programmi-per-bollette\\\/softwater-recensione\\\/\",\"name\":\"SOFTWater: recensione software fatturazione utenze - Accurate Reviews\",\"isPartOf\":{\"@id\":\"https:\\\/\\\/www.accuratereviews.com\\\/it\\\/#website\"},\"primaryImageOfPage\":{\"@id\":\"https:\\\/\\\/www.accuratereviews.com\\\/it\\\/programmi-per-bollette\\\/softwater-recensione\\\/#primaryimage\"},\"image\":{\"@id\":\"https:\\\/\\\/www.accuratereviews.com\\\/it\\\/programmi-per-bollette\\\/softwater-recensione\\\/#primaryimage\"},\"thumbnailUrl\":\"https:\\\/\\\/www.accuratereviews.com\\\/wp-content\\\/uploads\\\/2021\\\/02\\\/Schermata-2021-02-24-alle-12.57.58-1.png\",\"datePublished\":\"2021-02-24T16:05:18+00:00\",\"dateModified\":\"2021-02-25T10:44:34+00:00\",\"description\":\"SOFTWater \u00e8 un software di fatturazione delle utenze creato appositamente per semplificare il lavoro delle aziende di servizi pubblici.\",\"breadcrumb\":{\"@id\":\"https:\\\/\\\/www.accuratereviews.com\\\/it\\\/programmi-per-bollette\\\/softwater-recensione\\\/#breadcrumb\"},\"inLanguage\":\"it-IT\",\"potentialAction\":[{\"@type\":\"ReadAction\",\"target\":[\"https:\\\/\\\/www.accuratereviews.com\\\/it\\\/programmi-per-bollette\\\/softwater-recensione\\\/\"]}]},{\"@type\":\"ImageObject\",\"inLanguage\":\"it-IT\",\"@id\":\"https:\\\/\\\/www.accuratereviews.com\\\/it\\\/programmi-per-bollette\\\/softwater-recensione\\\/#primaryimage\",\"url\":\"https:\\\/\\\/www.accuratereviews.com\\\/wp-content\\\/uploads\\\/2021\\\/02\\\/Schermata-2021-02-24-alle-12.57.58-1.png\",\"contentUrl\":\"https:\\\/\\\/www.accuratereviews.com\\\/wp-content\\\/uploads\\\/2021\\\/02\\\/Schermata-2021-02-24-alle-12.57.58-1.png\",\"width\":575,\"height\":230},{\"@type\":\"BreadcrumbList\",\"@id\":\"https:\\\/\\\/www.accuratereviews.com\\\/it\\\/programmi-per-bollette\\\/softwater-recensione\\\/#breadcrumb\",\"itemListElement\":[{\"@type\":\"ListItem\",\"position\":1,\"name\":\"Home\",\"item\":\"https:\\\/\\\/www.accuratereviews.com\\\/it\\\/\"},{\"@type\":\"ListItem\",\"position\":2,\"name\":\"Programmi per bollette\",\"item\":\"https:\\\/\\\/www.accuratereviews.com\\\/it\\\/programmi-per-bollette\\\/\"},{\"@type\":\"ListItem\",\"position\":3,\"name\":\"SOFTWater\"}]},{\"@type\":\"WebSite\",\"@id\":\"https:\\\/\\\/www.accuratereviews.com\\\/it\\\/#website\",\"url\":\"https:\\\/\\\/www.accuratereviews.com\\\/it\\\/\",\"name\":\"Accurate Reviews\",\"description\":\"\",\"potentialAction\":[{\"@type\":\"SearchAction\",\"target\":{\"@type\":\"EntryPoint\",\"urlTemplate\":\"https:\\\/\\\/www.accuratereviews.com\\\/it\\\/?s={search_term_string}\"},\"query-input\":{\"@type\":\"PropertyValueSpecification\",\"valueRequired\":true,\"valueName\":\"search_term_string\"}}],\"inLanguage\":\"it-IT\"}]}<\/script>\n<!-- \/ Yoast SEO plugin. -->","yoast_head_json":{"title":"SOFTWater: recensione software fatturazione utenze - Accurate Reviews","description":"SOFTWater \u00e8 un software di fatturazione delle utenze creato appositamente per semplificare il lavoro delle aziende di servizi pubblici.","robots":{"index":"index","follow":"follow","max-snippet":"max-snippet:-1","max-image-preview":"max-image-preview:large","max-video-preview":"max-video-preview:-1"},"canonical":"https:\/\/www.accuratereviews.com\/it\/programmi-per-bollette\/softwater-recensione\/","og_locale":"it_IT","og_type":"article","og_title":"SOFTWater: recensione software fatturazione utenze - Accurate Reviews","og_description":"SOFTWater \u00e8 un software di fatturazione delle utenze creato appositamente per semplificare il lavoro delle aziende di servizi pubblici.","og_url":"https:\/\/www.accuratereviews.com\/it\/programmi-per-bollette\/softwater-recensione\/","og_site_name":"Accurate Reviews","article_modified_time":"2021-02-25T10:44:34+00:00","og_image":[{"width":575,"height":230,"url":"https:\/\/www.accuratereviews.com\/wp-content\/uploads\/2021\/02\/Schermata-2021-02-24-alle-12.57.58-1.png","type":"image\/png"}],"twitter_card":"summary_large_image","twitter_misc":{"Tempo di lettura stimato":"3 minuti"},"schema":{"@context":"https:\/\/schema.org","@graph":[{"@type":"WebPage","@id":"https:\/\/www.accuratereviews.com\/it\/programmi-per-bollette\/softwater-recensione\/","url":"https:\/\/www.accuratereviews.com\/it\/programmi-per-bollette\/softwater-recensione\/","name":"SOFTWater: recensione software fatturazione utenze - Accurate Reviews","isPartOf":{"@id":"https:\/\/www.accuratereviews.com\/it\/#website"},"primaryImageOfPage":{"@id":"https:\/\/www.accuratereviews.com\/it\/programmi-per-bollette\/softwater-recensione\/#primaryimage"},"image":{"@id":"https:\/\/www.accuratereviews.com\/it\/programmi-per-bollette\/softwater-recensione\/#primaryimage"},"thumbnailUrl":"https:\/\/www.accuratereviews.com\/wp-content\/uploads\/2021\/02\/Schermata-2021-02-24-alle-12.57.58-1.png","datePublished":"2021-02-24T16:05:18+00:00","dateModified":"2021-02-25T10:44:34+00:00","description":"SOFTWater \u00e8 un software di fatturazione delle utenze creato appositamente per semplificare il lavoro delle aziende di servizi pubblici.","breadcrumb":{"@id":"https:\/\/www.accuratereviews.com\/it\/programmi-per-bollette\/softwater-recensione\/#breadcrumb"},"inLanguage":"it-IT","potentialAction":[{"@type":"ReadAction","target":["https:\/\/www.accuratereviews.com\/it\/programmi-per-bollette\/softwater-recensione\/"]}]},{"@type":"ImageObject","inLanguage":"it-IT","@id":"https:\/\/www.accuratereviews.com\/it\/programmi-per-bollette\/softwater-recensione\/#primaryimage","url":"https:\/\/www.accuratereviews.com\/wp-content\/uploads\/2021\/02\/Schermata-2021-02-24-alle-12.57.58-1.png","contentUrl":"https:\/\/www.accuratereviews.com\/wp-content\/uploads\/2021\/02\/Schermata-2021-02-24-alle-12.57.58-1.png","width":575,"height":230},{"@type":"BreadcrumbList","@id":"https:\/\/www.accuratereviews.com\/it\/programmi-per-bollette\/softwater-recensione\/#breadcrumb","itemListElement":[{"@type":"ListItem","position":1,"name":"Home","item":"https:\/\/www.accuratereviews.com\/it\/"},{"@type":"ListItem","position":2,"name":"Programmi per bollette","item":"https:\/\/www.accuratereviews.com\/it\/programmi-per-bollette\/"},{"@type":"ListItem","position":3,"name":"SOFTWater"}]},{"@type":"WebSite","@id":"https:\/\/www.accuratereviews.com\/it\/#website","url":"https:\/\/www.accuratereviews.com\/it\/","name":"Accurate Reviews","description":"","potentialAction":[{"@type":"SearchAction","target":{"@type":"EntryPoint","urlTemplate":"https:\/\/www.accuratereviews.com\/it\/?s={search_term_string}"},"query-input":{"@type":"PropertyValueSpecification","valueRequired":true,"valueName":"search_term_string"}}],"inLanguage":"it-IT"}]}},"_links":{"self":[{"href":"https:\/\/www.accuratereviews.com\/it\/wp-json\/wp\/v2\/pages\/37724","targetHints":{"allow":["GET"]}}],"collection":[{"href":"https:\/\/www.accuratereviews.com\/it\/wp-json\/wp\/v2\/pages"}],"about":[{"href":"https:\/\/www.accuratereviews.com\/it\/wp-json\/wp\/v2\/types\/page"}],"author":[{"embeddable":true,"href":"https:\/\/www.accuratereviews.com\/it\/wp-json\/wp\/v2\/users\/17"}],"replies":[{"embeddable":true,"href":"https:\/\/www.accuratereviews.com\/it\/wp-json\/wp\/v2\/comments?post=37724"}],"version-history":[{"count":5,"href":"https:\/\/www.accuratereviews.com\/it\/wp-json\/wp\/v2\/pages\/37724\/revisions"}],"predecessor-version":[{"id":37788,"href":"https:\/\/www.accuratereviews.com\/it\/wp-json\/wp\/v2\/pages\/37724\/revisions\/37788"}],"up":[{"embeddable":true,"href":"https:\/\/www.accuratereviews.com\/it\/wp-json\/wp\/v2\/pages\/37528"}],"wp:featuredmedia":[{"embeddable":true,"href":"https:\/\/www.accuratereviews.com\/it\/wp-json\/wp\/v2\/media\/37737"}],"wp:attachment":[{"href":"https:\/\/www.accuratereviews.com\/it\/wp-json\/wp\/v2\/media?parent=37724"}],"wp:term":[{"taxonomy":"category","embeddable":true,"href":"https:\/\/www.accuratereviews.com\/it\/wp-json\/wp\/v2\/categories?post=37724"},{"taxonomy":"post_tag","embeddable":true,"href":"https:\/\/www.accuratereviews.com\/it\/wp-json\/wp\/v2\/tags?post=37724"},{"taxonomy":"features","embeddable":true,"href":"https:\/\/www.accuratereviews.com\/it\/wp-json\/wp\/v2\/features?post=37724"}],"curies":[{"name":"wp","href":"https:\/\/api.w.org\/{rel}","templated":true}]}}