{"id":37760,"date":"2021-02-25T11:45:43","date_gmt":"2021-02-25T11:45:43","guid":{"rendered":"https:\/\/www.accuratereviews.com\/?page_id=37760"},"modified":"2021-02-25T11:45:43","modified_gmt":"2021-02-25T11:45:43","slug":"genea-submeter-billing-recensione","status":"publish","type":"page","link":"https:\/\/www.accuratereviews.com\/it\/programmi-per-bollette\/genea-submeter-billing-recensione\/","title":{"rendered":"Genea Submeter Billing"},"content":{"rendered":"<p><strong>Genea Submeter Billing<\/strong> \u00e8 un <strong>software di fatturazione delle utenze<\/strong>, basato su cloud, che si rivolge principalmente a proprietari e gestori di immobili che vogliono migliorare la gestione delle spese. Si tratta di un<strong> programma per bollette<\/strong> che ti permetter\u00e0 di risparmiare tempo eliminando i processi manuali che spesso portano a problemi da risolvere, ad addebiti contestati, fatturazione confuso o lunghe attese.<br \/>\nL&#8217;obiettivo \u00e8 quello di offrire maggiore trasparenza nel rapporto tra inquilino e team di gestione della propriet\u00e0, rimuovendo la fatturazione manuale e garantendo uno spaio sicuro, equo e onesto da entrambe le parti. Per rendere tutto pi\u00f9 semplice, <strong>Genea Submeter Billing<\/strong> permette all&#8217;inquilino di inviare richieste HVAC anche dal suo smartphone. Tutto questo, aggiunto a un supporto clienti efficiente e disponibile 24 ore al giorno, 7 giorni alla settimana, 365 giorni all&#8217;anno, consente di raggiungere un tasso di fidelizzazione dei clienti del 99%.<\/p>\n<h2>GENEA SUBMETER BILLLING &#8211; VIDEO INTRODUTTIVO<\/h2>\n<div id=\"fluid-wrapper-counter-1\" class=\"g1-fluid-wrapper \" style=\"width:686px;\">\n<div style=\"padding-bottom:56.268221574344%;\"><iframe loading=\"lazy\" title=\"Automated Meter Reading and Billing (AMRB)\" width=\"686\" height=\"386\" src=\"https:\/\/www.youtube.com\/embed\/4srzlUxTGdA?feature=oembed&amp;wmode=transparent&amp;autohide=1&amp;autoplay=0&amp;disablekb=0&amp;fs=1&amp;loop=0&amp;enablejsapi=1&amp;rel=0&amp;controls=2&amp;showinfo=0&amp;wmode=transparent&amp;autohide=2&amp;autoplay=0&amp;disablekb=0&amp;fs=1&amp;loop=0&amp;enablejsapi=1&amp;rel=0&amp;controls=2&amp;showinfo=1\" frameborder=\"0\" allow=\"accelerometer; autoplay; clipboard-write; encrypted-media; gyroscope; picture-in-picture\" allowfullscreen><\/iframe><\/div>\n<\/div>\n<h3>GENEA SUBMETER BILLING &#8211; CARATTERISTICHE<\/h3>\n<p>Ecco le sue principali caratteristiche:<\/p>\n<ul>\n<li><strong>Fatturazione automatizzata<\/strong><\/li>\n<li><strong>Eliminazione errori di fatturazione<\/strong>: automatizzando le letture dei contatori e la fatturazione si eliminano gli errori che normalmente portano a perdite di entrare e controversie con gli inquilini. In questo modo sarai molto pi\u00f9 sereno perch\u00e9 saprai con certezza di non incorrere in questi problemi<\/li>\n<li><strong>Massimizzazione strumenti<\/strong>: porta i tuoi strumenti che utilizzavi nel software vecchio e integrali con gli integratori di questo software. Non ci sono costi di installazione e la configurazione avverr\u00e0 in pochi giorni<\/li>\n<li><strong>Precisione di lettura<\/strong>: accedi a un audit trail intuitivo e dettagliato in cui potrai visualizzare tutti i tuoi contatori<\/li>\n<li><strong>Applicazione mobile<\/strong>: gestisci tutto comodamente dal tuo smartphone grazie all&#8217;app mobile disponibile per dispositivi iOS e Android.<\/li>\n<\/ul>\n<h4>LE RECENSIONI DEGLI UTENTI<\/h4>\n<p><strong>Jeovana D. &#8220;TDC Centennial recensione&#8221;<\/strong><br \/>\nCOMMENTI: da quando \u00e8 stato implementato il sistema di lettura dei contatori, dir\u00f2 che \u00e8 molto meglio che avere una persona che fa i calcoli per pi\u00f9 di 100 inquilini. Onestamente penso che questo sistema sia stato il momento clou del 2019 per me.<br \/>\nPRO: mi piace che le dichiarazioni siano prontamente disponibili in qualsiasi momento per l&#8217;edificio nel suo insieme e individualmente per gli inquilini.<br \/>\nCONTRO: a volte la navigazione del sistema pu\u00f2 essere un po&#8217; complicata. Penso che nel complesso il sistema sia molto facile da usare.<\/p>\n<p><strong>Laura B. &#8220;Il buono, il brutto, il cattivo&#8221;.<\/strong><br \/>\nCOMMENTI: \u00e8 andata bene.<br \/>\nPRO: grazie a Genea, siamo stati in grado di recuperare molto denaro dagli inquilini perch\u00e9 non stavamo leggendo correttamente il contatore e in alcuni casi fatturavamo annualmente all&#8217;inquilino meno dell&#8217;effettivo utilizzo del contatore su base mensile.<br \/>\nCONTRO: usando il contatore per l&#8217;uso dell&#8217;acqua, all&#8217;inizio abbiamo scoperto che stavamo aggiungendo la tariffa dell&#8217;acqua piovana al costo del contatore degli inquilini. Ci\u00f2 ha portato a un grande credito che tornava all&#8217;inquilino.<\/p>\n<p><strong>Susan L. &#8220;Submeter Billing&#8221;<\/strong><br \/>\nCOMMENTI: nient&#8217;altro che vantaggi. Ottimo prodotto con prezzi ragionevoli e personale esperto.<br \/>\nPRO: il software \u00e8 facile da usare e offre diversi report. Il team di supporto \u00e8 favoloso. Forniscono fatture di misurazione tempestive che possono essere personalizzate insieme a e-mail che indicano quando le fatture sono pronte e ci informano se sembra esserci un problema con un contatore o un contatore prima di inviare le fatture. Sono sempre disponibili, cortesi e professionali.<br \/>\nCONTRO: niente in questo momento. Tutto funziona come da contratto.<\/p>\n","protected":false},"excerpt":{"rendered":"<p>Genea Submeter Billing \u00e8 un software di fatturazione delle utenze, basato su cloud, che si rivolge principalmente a proprietari e gestori di immobili che vogliono migliorare la gestione delle spese. Si tratta di un programma per bollette che ti permetter\u00e0 di risparmiare tempo eliminando i processi manuali che spesso portano a problemi da risolvere, ad addebiti contestati, fatturazione confuso o lunghe attese.\u00a0<\/p>\n","protected":false},"author":17,"featured_media":37778,"parent":37528,"menu_order":0,"comment_status":"open","ping_status":"closed","template":"g1_template_page_review_new.php","meta":{"_acf_changed":false,"cwp_meta_box_check":"No","cwp_rev_product_name":"","cwp_rev_product_image":"","wppr_links":[],"cwp_rev_price":"","wppr_options":[],"wppr_pros":[],"wppr_cons":[],"_monsterinsights_skip_tracking":false,"_monsterinsights_sitenote_active":false,"_monsterinsights_sitenote_note":"","_monsterinsights_sitenote_category":0,"footnotes":""},"categories":[5020],"tags":[5157,5158,5122,5125,365,5121,5124],"features":[],"class_list":{"0":"post-37760","1":"page","2":"type-page","3":"status-publish","4":"has-post-thumbnail","6":"category-programmi-per-bollette-categoria","7":"tag-bollette","8":"tag-fatturazione-delle-utenze","9":"tag-piattaforma-per-bollette","10":"tag-programma-per-bollette","11":"tag-software-di-fatturazione","12":"tag-software-per-bollette","13":"tag-soluzione-per-bollette"},"wppr_data":{"cwp_meta_box_check":"No"},"acf":[],"yoast_head":"<!-- This site is optimized with the Yoast SEO plugin v27.4 - https:\/\/yoast.com\/product\/yoast-seo-wordpress\/ -->\n<title>Genea Submeter Billing: recensione software bollette - Accurate Reviews<\/title>\n<meta name=\"description\" content=\"Genea Submeter Billing \u00e8 un software di fatturazione delle utenze, che si rivolge principalmente a proprietari e gestori di immobili.\" \/>\n<meta name=\"robots\" content=\"index, follow, max-snippet:-1, max-image-preview:large, max-video-preview:-1\" \/>\n<link rel=\"canonical\" href=\"https:\/\/www.accuratereviews.com\/it\/programmi-per-bollette\/genea-submeter-billing-recensione\/\" \/>\n<meta property=\"og:locale\" content=\"it_IT\" \/>\n<meta property=\"og:type\" content=\"article\" \/>\n<meta property=\"og:title\" content=\"Genea Submeter Billing: recensione software bollette - Accurate Reviews\" \/>\n<meta property=\"og:description\" content=\"Genea Submeter Billing \u00e8 un software di fatturazione delle utenze, che si rivolge principalmente a proprietari e gestori di immobili.\" \/>\n<meta property=\"og:url\" content=\"https:\/\/www.accuratereviews.com\/it\/programmi-per-bollette\/genea-submeter-billing-recensione\/\" \/>\n<meta property=\"og:site_name\" content=\"Accurate Reviews\" \/>\n<meta property=\"og:image\" content=\"https:\/\/www.accuratereviews.com\/wp-content\/uploads\/2021\/02\/Schermata-2021-02-25-alle-11.06.26-1.png\" \/>\n\t<meta property=\"og:image:width\" content=\"416\" \/>\n\t<meta property=\"og:image:height\" content=\"220\" \/>\n\t<meta property=\"og:image:type\" content=\"image\/png\" \/>\n<meta name=\"twitter:card\" content=\"summary_large_image\" \/>\n<meta name=\"twitter:label1\" content=\"Tempo di lettura stimato\" \/>\n\t<meta name=\"twitter:data1\" content=\"3 minuti\" \/>\n<script type=\"application\/ld+json\" class=\"yoast-schema-graph\">{\"@context\":\"https:\\\/\\\/schema.org\",\"@graph\":[{\"@type\":\"WebPage\",\"@id\":\"https:\\\/\\\/www.accuratereviews.com\\\/it\\\/programmi-per-bollette\\\/genea-submeter-billing-recensione\\\/\",\"url\":\"https:\\\/\\\/www.accuratereviews.com\\\/it\\\/programmi-per-bollette\\\/genea-submeter-billing-recensione\\\/\",\"name\":\"Genea Submeter Billing: recensione software bollette - Accurate Reviews\",\"isPartOf\":{\"@id\":\"https:\\\/\\\/www.accuratereviews.com\\\/it\\\/#website\"},\"primaryImageOfPage\":{\"@id\":\"https:\\\/\\\/www.accuratereviews.com\\\/it\\\/programmi-per-bollette\\\/genea-submeter-billing-recensione\\\/#primaryimage\"},\"image\":{\"@id\":\"https:\\\/\\\/www.accuratereviews.com\\\/it\\\/programmi-per-bollette\\\/genea-submeter-billing-recensione\\\/#primaryimage\"},\"thumbnailUrl\":\"https:\\\/\\\/www.accuratereviews.com\\\/wp-content\\\/uploads\\\/2021\\\/02\\\/Schermata-2021-02-25-alle-11.06.26-1.png\",\"datePublished\":\"2021-02-25T11:45:43+00:00\",\"description\":\"Genea Submeter Billing \u00e8 un software di fatturazione delle utenze, che si rivolge principalmente a proprietari e gestori di immobili.\",\"breadcrumb\":{\"@id\":\"https:\\\/\\\/www.accuratereviews.com\\\/it\\\/programmi-per-bollette\\\/genea-submeter-billing-recensione\\\/#breadcrumb\"},\"inLanguage\":\"it-IT\",\"potentialAction\":[{\"@type\":\"ReadAction\",\"target\":[\"https:\\\/\\\/www.accuratereviews.com\\\/it\\\/programmi-per-bollette\\\/genea-submeter-billing-recensione\\\/\"]}]},{\"@type\":\"ImageObject\",\"inLanguage\":\"it-IT\",\"@id\":\"https:\\\/\\\/www.accuratereviews.com\\\/it\\\/programmi-per-bollette\\\/genea-submeter-billing-recensione\\\/#primaryimage\",\"url\":\"https:\\\/\\\/www.accuratereviews.com\\\/wp-content\\\/uploads\\\/2021\\\/02\\\/Schermata-2021-02-25-alle-11.06.26-1.png\",\"contentUrl\":\"https:\\\/\\\/www.accuratereviews.com\\\/wp-content\\\/uploads\\\/2021\\\/02\\\/Schermata-2021-02-25-alle-11.06.26-1.png\",\"width\":416,\"height\":220},{\"@type\":\"BreadcrumbList\",\"@id\":\"https:\\\/\\\/www.accuratereviews.com\\\/it\\\/programmi-per-bollette\\\/genea-submeter-billing-recensione\\\/#breadcrumb\",\"itemListElement\":[{\"@type\":\"ListItem\",\"position\":1,\"name\":\"Home\",\"item\":\"https:\\\/\\\/www.accuratereviews.com\\\/it\\\/\"},{\"@type\":\"ListItem\",\"position\":2,\"name\":\"Programmi per bollette\",\"item\":\"https:\\\/\\\/www.accuratereviews.com\\\/it\\\/programmi-per-bollette\\\/\"},{\"@type\":\"ListItem\",\"position\":3,\"name\":\"Genea Submeter Billing\"}]},{\"@type\":\"WebSite\",\"@id\":\"https:\\\/\\\/www.accuratereviews.com\\\/it\\\/#website\",\"url\":\"https:\\\/\\\/www.accuratereviews.com\\\/it\\\/\",\"name\":\"Accurate Reviews\",\"description\":\"\",\"potentialAction\":[{\"@type\":\"SearchAction\",\"target\":{\"@type\":\"EntryPoint\",\"urlTemplate\":\"https:\\\/\\\/www.accuratereviews.com\\\/it\\\/?s={search_term_string}\"},\"query-input\":{\"@type\":\"PropertyValueSpecification\",\"valueRequired\":true,\"valueName\":\"search_term_string\"}}],\"inLanguage\":\"it-IT\"}]}<\/script>\n<!-- \/ Yoast SEO plugin. -->","yoast_head_json":{"title":"Genea Submeter Billing: recensione software bollette - Accurate Reviews","description":"Genea Submeter Billing \u00e8 un software di fatturazione delle utenze, che si rivolge principalmente a proprietari e gestori di immobili.","robots":{"index":"index","follow":"follow","max-snippet":"max-snippet:-1","max-image-preview":"max-image-preview:large","max-video-preview":"max-video-preview:-1"},"canonical":"https:\/\/www.accuratereviews.com\/it\/programmi-per-bollette\/genea-submeter-billing-recensione\/","og_locale":"it_IT","og_type":"article","og_title":"Genea Submeter Billing: recensione software bollette - Accurate Reviews","og_description":"Genea Submeter Billing \u00e8 un software di fatturazione delle utenze, che si rivolge principalmente a proprietari e gestori di immobili.","og_url":"https:\/\/www.accuratereviews.com\/it\/programmi-per-bollette\/genea-submeter-billing-recensione\/","og_site_name":"Accurate Reviews","og_image":[{"width":416,"height":220,"url":"https:\/\/www.accuratereviews.com\/wp-content\/uploads\/2021\/02\/Schermata-2021-02-25-alle-11.06.26-1.png","type":"image\/png"}],"twitter_card":"summary_large_image","twitter_misc":{"Tempo di lettura stimato":"3 minuti"},"schema":{"@context":"https:\/\/schema.org","@graph":[{"@type":"WebPage","@id":"https:\/\/www.accuratereviews.com\/it\/programmi-per-bollette\/genea-submeter-billing-recensione\/","url":"https:\/\/www.accuratereviews.com\/it\/programmi-per-bollette\/genea-submeter-billing-recensione\/","name":"Genea Submeter Billing: recensione software bollette - Accurate Reviews","isPartOf":{"@id":"https:\/\/www.accuratereviews.com\/it\/#website"},"primaryImageOfPage":{"@id":"https:\/\/www.accuratereviews.com\/it\/programmi-per-bollette\/genea-submeter-billing-recensione\/#primaryimage"},"image":{"@id":"https:\/\/www.accuratereviews.com\/it\/programmi-per-bollette\/genea-submeter-billing-recensione\/#primaryimage"},"thumbnailUrl":"https:\/\/www.accuratereviews.com\/wp-content\/uploads\/2021\/02\/Schermata-2021-02-25-alle-11.06.26-1.png","datePublished":"2021-02-25T11:45:43+00:00","description":"Genea Submeter Billing \u00e8 un software di fatturazione delle utenze, che si rivolge principalmente a proprietari e gestori di immobili.","breadcrumb":{"@id":"https:\/\/www.accuratereviews.com\/it\/programmi-per-bollette\/genea-submeter-billing-recensione\/#breadcrumb"},"inLanguage":"it-IT","potentialAction":[{"@type":"ReadAction","target":["https:\/\/www.accuratereviews.com\/it\/programmi-per-bollette\/genea-submeter-billing-recensione\/"]}]},{"@type":"ImageObject","inLanguage":"it-IT","@id":"https:\/\/www.accuratereviews.com\/it\/programmi-per-bollette\/genea-submeter-billing-recensione\/#primaryimage","url":"https:\/\/www.accuratereviews.com\/wp-content\/uploads\/2021\/02\/Schermata-2021-02-25-alle-11.06.26-1.png","contentUrl":"https:\/\/www.accuratereviews.com\/wp-content\/uploads\/2021\/02\/Schermata-2021-02-25-alle-11.06.26-1.png","width":416,"height":220},{"@type":"BreadcrumbList","@id":"https:\/\/www.accuratereviews.com\/it\/programmi-per-bollette\/genea-submeter-billing-recensione\/#breadcrumb","itemListElement":[{"@type":"ListItem","position":1,"name":"Home","item":"https:\/\/www.accuratereviews.com\/it\/"},{"@type":"ListItem","position":2,"name":"Programmi per bollette","item":"https:\/\/www.accuratereviews.com\/it\/programmi-per-bollette\/"},{"@type":"ListItem","position":3,"name":"Genea Submeter Billing"}]},{"@type":"WebSite","@id":"https:\/\/www.accuratereviews.com\/it\/#website","url":"https:\/\/www.accuratereviews.com\/it\/","name":"Accurate Reviews","description":"","potentialAction":[{"@type":"SearchAction","target":{"@type":"EntryPoint","urlTemplate":"https:\/\/www.accuratereviews.com\/it\/?s={search_term_string}"},"query-input":{"@type":"PropertyValueSpecification","valueRequired":true,"valueName":"search_term_string"}}],"inLanguage":"it-IT"}]}},"_links":{"self":[{"href":"https:\/\/www.accuratereviews.com\/it\/wp-json\/wp\/v2\/pages\/37760","targetHints":{"allow":["GET"]}}],"collection":[{"href":"https:\/\/www.accuratereviews.com\/it\/wp-json\/wp\/v2\/pages"}],"about":[{"href":"https:\/\/www.accuratereviews.com\/it\/wp-json\/wp\/v2\/types\/page"}],"author":[{"embeddable":true,"href":"https:\/\/www.accuratereviews.com\/it\/wp-json\/wp\/v2\/users\/17"}],"replies":[{"embeddable":true,"href":"https:\/\/www.accuratereviews.com\/it\/wp-json\/wp\/v2\/comments?post=37760"}],"version-history":[{"count":5,"href":"https:\/\/www.accuratereviews.com\/it\/wp-json\/wp\/v2\/pages\/37760\/revisions"}],"predecessor-version":[{"id":37818,"href":"https:\/\/www.accuratereviews.com\/it\/wp-json\/wp\/v2\/pages\/37760\/revisions\/37818"}],"up":[{"embeddable":true,"href":"https:\/\/www.accuratereviews.com\/it\/wp-json\/wp\/v2\/pages\/37528"}],"wp:featuredmedia":[{"embeddable":true,"href":"https:\/\/www.accuratereviews.com\/it\/wp-json\/wp\/v2\/media\/37778"}],"wp:attachment":[{"href":"https:\/\/www.accuratereviews.com\/it\/wp-json\/wp\/v2\/media?parent=37760"}],"wp:term":[{"taxonomy":"category","embeddable":true,"href":"https:\/\/www.accuratereviews.com\/it\/wp-json\/wp\/v2\/categories?post=37760"},{"taxonomy":"post_tag","embeddable":true,"href":"https:\/\/www.accuratereviews.com\/it\/wp-json\/wp\/v2\/tags?post=37760"},{"taxonomy":"features","embeddable":true,"href":"https:\/\/www.accuratereviews.com\/it\/wp-json\/wp\/v2\/features?post=37760"}],"curies":[{"name":"wp","href":"https:\/\/api.w.org\/{rel}","templated":true}]}}