{"id":37762,"date":"2021-02-25T11:38:12","date_gmt":"2021-02-25T11:38:12","guid":{"rendered":"https:\/\/www.accuratereviews.com\/?page_id=37762"},"modified":"2021-02-25T11:38:12","modified_gmt":"2021-02-25T11:38:12","slug":"starnik-recensione","status":"publish","type":"page","link":"https:\/\/www.accuratereviews.com\/it\/programmi-per-bollette\/starnik-recensione\/","title":{"rendered":"Starnik"},"content":{"rendered":"<p><strong>Starnik<\/strong>, \u00e8 una piattaforma <strong>di fatturazione e gestione delle utility<\/strong> basata su <strong>cloud<\/strong> all-in-one che comprende una suite di prodotti end-to-end. Offre fatturazione (CIS), pagamenti, servizio clienti, riscossioni e anche business intelligence, la soluzione \u00e8 personalizzabile per adattarsi perfettamente ai processi aziendali esistenti. Unificando le operazioni in un sistema senza carta, <strong>Starnik<\/strong> supporta la fatturazione misurata e sub-misurata in tutte le strutture tariffarie, aggiungendo l&#8217;eBilling automatizzato applicato a metodologie flessibili per acqua, elettricit\u00e0, fognature e gas naturale. Le letture dei contatori possono essere acquisite istantaneamente e con precisione dai pi\u00f9 diffusi sistemi di lettura dei contatori sia intelligenti che standard, rendendo le informazioni immediatamente disponibili per scopi di fatturazione.<\/p>\n<p><a href=\"https:\/\/www.accuratereviews.com\/wp-content\/uploads\/2021\/02\/Schermata-2021-02-25-alle-10.55.23.png\"><img loading=\"lazy\" decoding=\"async\" class=\"alignnone size-full wp-image-37767\" src=\"https:\/\/www.accuratereviews.com\/wp-content\/uploads\/2021\/02\/Schermata-2021-02-25-alle-10.55.23.png\" alt=\"\" width=\"2006\" height=\"546\" srcset=\"https:\/\/www.accuratereviews.com\/wp-content\/uploads\/2021\/02\/Schermata-2021-02-25-alle-10.55.23.png 2006w, https:\/\/www.accuratereviews.com\/wp-content\/uploads\/2021\/02\/Schermata-2021-02-25-alle-10.55.23-300x82.png 300w, https:\/\/www.accuratereviews.com\/wp-content\/uploads\/2021\/02\/Schermata-2021-02-25-alle-10.55.23-1024x279.png 1024w, https:\/\/www.accuratereviews.com\/wp-content\/uploads\/2021\/02\/Schermata-2021-02-25-alle-10.55.23-768x209.png 768w, https:\/\/www.accuratereviews.com\/wp-content\/uploads\/2021\/02\/Schermata-2021-02-25-alle-10.55.23-1536x418.png 1536w, https:\/\/www.accuratereviews.com\/wp-content\/uploads\/2021\/02\/Schermata-2021-02-25-alle-10.55.23-260x71.png 260w, https:\/\/www.accuratereviews.com\/wp-content\/uploads\/2021\/02\/Schermata-2021-02-25-alle-10.55.23-50x14.png 50w, https:\/\/www.accuratereviews.com\/wp-content\/uploads\/2021\/02\/Schermata-2021-02-25-alle-10.55.23-968x263.png 968w, https:\/\/www.accuratereviews.com\/wp-content\/uploads\/2021\/02\/Schermata-2021-02-25-alle-10.55.23-636x173.png 636w, https:\/\/www.accuratereviews.com\/wp-content\/uploads\/2021\/02\/Schermata-2021-02-25-alle-10.55.23-320x87.png 320w, https:\/\/www.accuratereviews.com\/wp-content\/uploads\/2021\/02\/Schermata-2021-02-25-alle-10.55.23-239x65.png 239w\" sizes=\"auto, (max-width: 2006px) 100vw, 2006px\" \/><\/a><\/p>\n<h2>STARNIK &#8211; CARATTERISTICHE<\/h2>\n<ul>\n<li><strong>Gamma completa di prodotti<\/strong>: fatturazione, misurazione, pagamenti, servizio clienti, business intelligence e molto altro ancora<\/li>\n<li><strong>Funziona con i processi aziendali esistenti:<\/strong> estremamente flessibile, si adatta ai programmi esistenti della tua attivit\u00e0<\/li>\n<li><strong>Basato su cloud<\/strong>: accedi al software di fatturazione delle utenze ovunque e in qualsiasi momento<\/li>\n<li><strong>Massima sicurezza<\/strong>: backup crittografati ogni 15 minuti. Crittografia a livello delle banche e Certificato PCI<\/li>\n<li><strong>Supporto illimitato gratuito<\/strong>: gli operatori sono sempre disponibili per aiutare gli utenti nei loro problemi.<\/li>\n<li><strong>Business Intelligence e analisi:<\/strong> informazioni dettagliate sulla tua attivit\u00e0 basate sui dati in modo che tu possa tagliare i costi, migliorare i tuoi processi e semplificare la tua azienda. Tendenze, previsioni e cambiamento dei tassi. Analisi dei dati all&#8217;avanguardia<\/li>\n<li><strong>Dati salvati per sempre<\/strong>: archivia dati storici e ti permette di consultarli in qualsiasi momento.<\/li>\n<\/ul>\n<h3>LE RECENSIONI DEGLI UTENTI<\/h3>\n<p class=\"font-weight-bold mb-1 d-flex align-items-center\"><strong>Jessica L.&#8221;CINQUE STELLE Caratteristiche e vantaggi&#8221;<\/strong><\/p>\n<p><strong>Commenti: <\/strong>Dal 2009, Starnik ha evoluto la propria piattaforma per creare continuamente modi per risparmiare tempo, denaro e seccature per i propri clienti. L&#8217;approccio di Starnik ai nuovi aggiornamenti di rilascio assicura che io stia al passo con i miei colleghi e massimizzi ogni minuto della giornata, permettendomi di concentrarmi su altre questioni importanti che affrontiamo quotidianamente. Il loro team di assistenza clienti in tempo reale crea la risposta rapida che posso quindi trasmettere ai miei clienti &#8211; nessun labirinto frustrante di messaggi telefonici &#8211; no ti risponderemo in 3-5 giorni lavorativi &#8211; solo un aiuto chiaro e conciso quando ne hai pi\u00f9 bisogno .<\/p>\n<p><strong>Pro: <\/strong>Il software \u00e8 completo, rigoroso, personalizzabile e adattabile in modo che possa avvicinarmi con sicurezza ad altri mercati. In parole povere, non devo preoccuparmi se &#8220;possiamo fornire un servizio di fatturazione unico&#8221;, la soluzione \u00e8 generalmente gi\u00e0 l\u00ec, in attesa che io utilizzi la funzione.<\/p>\n<p><strong>Contro: <\/strong>Inizialmente, il software era pesantemente stratificato. Negli ultimi anni, il programma \u00e8 diventato pi\u00f9 facile da navigare e trovare ci\u00f2 che cerco con facilit\u00e0.<\/p>\n<p class=\"font-weight-bold mb-1 d-flex align-items-center\"><strong>Joey F.&#8221;Ottimo software&#8221;<\/strong><\/p>\n<p><strong>Commenti: <\/strong>Uso Starnik Systems come fornitore di software qui in Metro Metering Solutions Inc da oltre 4 anni. Il servizio clienti \u00e8 stato eccellente. Il software \u00e8 stato un grande valore per la mia azienda e ci ha aiutato a diventare uno dei principali fornitori di fatturazione sub-contatore di utilit\u00e0 ad Atlanta, in Georgia.<\/p>\n<p><strong>Pro: <\/strong>Il servizio clienti \u00e8 stato ottimo e la capacit\u00e0 di integrare il software con i nostri clienti.<\/p>\n<p><strong>Contro: <\/strong>Nessuna<\/p>\n<p class=\"font-weight-bold mb-1 d-flex align-items-center\"><strong>Amber H.&#8221;Miglior software di utilit\u00e0 disponibile&#8221;<\/strong><\/p>\n<p><strong>Commenti: <\/strong>La mia azienda utilizza questo software dal 2012 per gestire i servizi di fatturazione delle utenze per i nostri clienti. La mia esperienza con questo software e il team dietro di esso non \u00e8 altro che positiva. Il servizio clienti \u00e8 impeccabile! Ogni volta che hai bisogno di assistenza per QUALSIASI COSA, il team di supporto \u00e8 l\u00ec per aiutarti. Il loro tempo di risposta e l&#8217;urgenza di risolvere qualsiasi problema \u00e8 della massima qualit\u00e0. Un fattore importante per il funzionamento efficace della nostra azienda \u00e8 l&#8217;utilizzo di un software che funzioni il 100% delle volte senza interruzioni. Negli anni in cui abbiamo utilizzato questo software, non c&#8217;\u00e8 stata una sola volta che il software fosse difettoso o non funzionasse. Questo software pu\u00f2 fare molto di pi\u00f9 che semplici servizi di fatturazione delle utenze e ha permesso alla nostra azienda di espandere la nostra base di clienti in modi che non potevamo immaginare.<\/p>\n","protected":false},"excerpt":{"rendered":"<p>Starnik, \u00e8 una piattaforma di fatturazione e gestione delle utility basata su cloud all-in-one che comprende una suite di prodotti end-to-end. Offre fatturazione (CIS), pagamenti, servizio clienti, riscossioni e anche business intelligence, la soluzione \u00e8 personalizzabile per adattarsi perfettamente ai processi aziendali esistenti.<\/p>\n","protected":false},"author":19,"featured_media":0,"parent":37528,"menu_order":0,"comment_status":"open","ping_status":"closed","template":"g1_template_page_review_new.php","meta":{"_acf_changed":false,"cwp_meta_box_check":"Yes","cwp_rev_product_name":"","cwp_rev_product_image":"","wppr_links":[],"cwp_rev_price":"","wppr_options":[],"wppr_pros":[],"wppr_cons":[],"_monsterinsights_skip_tracking":false,"_monsterinsights_sitenote_active":false,"_monsterinsights_sitenote_note":"","_monsterinsights_sitenote_category":0,"footnotes":""},"categories":[5020],"tags":[5159,5165,5125,5121,5124,5169],"features":[],"class_list":{"0":"post-37762","1":"page","2":"type-page","3":"status-publish","5":"category-programmi-per-bollette-categoria","6":"tag-fatturazione-utenze","7":"tag-piattaforme-per-bollette","8":"tag-programma-per-bollette","9":"tag-software-per-bollette","10":"tag-soluzione-per-bollette","11":"tag-starnik"},"wppr_data":{"cwp_meta_box_check":"Yes","cwp_rev_product_name":"","cwp_rev_product_image":"","cwp_image_link":"image","cwp_rev_price":"","wppr_rating":"0.00"},"acf":[],"yoast_head":"<!-- This site is optimized with the Yoast SEO plugin v27.4 - https:\/\/yoast.com\/product\/yoast-seo-wordpress\/ -->\n<title>Starnik: recensione programma bollette - Accurate Reviews<\/title>\n<meta name=\"description\" content=\"Starnik: recensione software di fatturazione basato su cloud all-in-one che comprende una suite di prodotti end to end.\" \/>\n<meta name=\"robots\" content=\"index, follow, max-snippet:-1, max-image-preview:large, max-video-preview:-1\" \/>\n<link rel=\"canonical\" href=\"https:\/\/www.accuratereviews.com\/it\/programmi-per-bollette\/starnik-recensione\/\" \/>\n<meta property=\"og:locale\" content=\"it_IT\" \/>\n<meta property=\"og:type\" content=\"article\" \/>\n<meta property=\"og:title\" content=\"Starnik: recensione programma bollette - Accurate Reviews\" \/>\n<meta property=\"og:description\" content=\"Starnik: recensione software di fatturazione basato su cloud all-in-one che comprende una suite di prodotti end to end.\" \/>\n<meta property=\"og:url\" content=\"https:\/\/www.accuratereviews.com\/it\/programmi-per-bollette\/starnik-recensione\/\" \/>\n<meta property=\"og:site_name\" content=\"Accurate Reviews\" \/>\n<meta property=\"og:image\" content=\"https:\/\/www.accuratereviews.com\/wp-content\/uploads\/2021\/02\/Schermata-2021-02-25-alle-10.55.23.png\" \/>\n<meta name=\"twitter:card\" content=\"summary_large_image\" \/>\n<meta name=\"twitter:label1\" content=\"Tempo di lettura stimato\" \/>\n\t<meta name=\"twitter:data1\" content=\"4 minuti\" \/>\n<script type=\"application\/ld+json\" class=\"yoast-schema-graph\">{\"@context\":\"https:\\\/\\\/schema.org\",\"@graph\":[{\"@type\":\"WebPage\",\"@id\":\"https:\\\/\\\/www.accuratereviews.com\\\/it\\\/programmi-per-bollette\\\/starnik-recensione\\\/\",\"url\":\"https:\\\/\\\/www.accuratereviews.com\\\/it\\\/programmi-per-bollette\\\/starnik-recensione\\\/\",\"name\":\"Starnik: recensione programma bollette - Accurate Reviews\",\"isPartOf\":{\"@id\":\"https:\\\/\\\/www.accuratereviews.com\\\/it\\\/#website\"},\"primaryImageOfPage\":{\"@id\":\"https:\\\/\\\/www.accuratereviews.com\\\/it\\\/programmi-per-bollette\\\/starnik-recensione\\\/#primaryimage\"},\"image\":{\"@id\":\"https:\\\/\\\/www.accuratereviews.com\\\/it\\\/programmi-per-bollette\\\/starnik-recensione\\\/#primaryimage\"},\"thumbnailUrl\":\"https:\\\/\\\/www.accuratereviews.com\\\/wp-content\\\/uploads\\\/2021\\\/02\\\/Schermata-2021-02-25-alle-10.55.23.png\",\"datePublished\":\"2021-02-25T11:38:12+00:00\",\"description\":\"Starnik: recensione software di fatturazione basato su cloud all-in-one che comprende una suite di prodotti end to end.\",\"breadcrumb\":{\"@id\":\"https:\\\/\\\/www.accuratereviews.com\\\/it\\\/programmi-per-bollette\\\/starnik-recensione\\\/#breadcrumb\"},\"inLanguage\":\"it-IT\",\"potentialAction\":[{\"@type\":\"ReadAction\",\"target\":[\"https:\\\/\\\/www.accuratereviews.com\\\/it\\\/programmi-per-bollette\\\/starnik-recensione\\\/\"]}]},{\"@type\":\"ImageObject\",\"inLanguage\":\"it-IT\",\"@id\":\"https:\\\/\\\/www.accuratereviews.com\\\/it\\\/programmi-per-bollette\\\/starnik-recensione\\\/#primaryimage\",\"url\":\"https:\\\/\\\/www.accuratereviews.com\\\/wp-content\\\/uploads\\\/2021\\\/02\\\/Schermata-2021-02-25-alle-10.55.23.png\",\"contentUrl\":\"https:\\\/\\\/www.accuratereviews.com\\\/wp-content\\\/uploads\\\/2021\\\/02\\\/Schermata-2021-02-25-alle-10.55.23.png\"},{\"@type\":\"BreadcrumbList\",\"@id\":\"https:\\\/\\\/www.accuratereviews.com\\\/it\\\/programmi-per-bollette\\\/starnik-recensione\\\/#breadcrumb\",\"itemListElement\":[{\"@type\":\"ListItem\",\"position\":1,\"name\":\"Home\",\"item\":\"https:\\\/\\\/www.accuratereviews.com\\\/it\\\/\"},{\"@type\":\"ListItem\",\"position\":2,\"name\":\"Programmi per bollette\",\"item\":\"https:\\\/\\\/www.accuratereviews.com\\\/it\\\/programmi-per-bollette\\\/\"},{\"@type\":\"ListItem\",\"position\":3,\"name\":\"Starnik\"}]},{\"@type\":\"WebSite\",\"@id\":\"https:\\\/\\\/www.accuratereviews.com\\\/it\\\/#website\",\"url\":\"https:\\\/\\\/www.accuratereviews.com\\\/it\\\/\",\"name\":\"Accurate Reviews\",\"description\":\"\",\"potentialAction\":[{\"@type\":\"SearchAction\",\"target\":{\"@type\":\"EntryPoint\",\"urlTemplate\":\"https:\\\/\\\/www.accuratereviews.com\\\/it\\\/?s={search_term_string}\"},\"query-input\":{\"@type\":\"PropertyValueSpecification\",\"valueRequired\":true,\"valueName\":\"search_term_string\"}}],\"inLanguage\":\"it-IT\"}]}<\/script>\n<!-- \/ Yoast SEO plugin. -->","yoast_head_json":{"title":"Starnik: recensione programma bollette - Accurate Reviews","description":"Starnik: recensione software di fatturazione basato su cloud all-in-one che comprende una suite di prodotti end to end.","robots":{"index":"index","follow":"follow","max-snippet":"max-snippet:-1","max-image-preview":"max-image-preview:large","max-video-preview":"max-video-preview:-1"},"canonical":"https:\/\/www.accuratereviews.com\/it\/programmi-per-bollette\/starnik-recensione\/","og_locale":"it_IT","og_type":"article","og_title":"Starnik: recensione programma bollette - Accurate Reviews","og_description":"Starnik: recensione software di fatturazione basato su cloud all-in-one che comprende una suite di prodotti end to end.","og_url":"https:\/\/www.accuratereviews.com\/it\/programmi-per-bollette\/starnik-recensione\/","og_site_name":"Accurate Reviews","og_image":[{"url":"https:\/\/www.accuratereviews.com\/wp-content\/uploads\/2021\/02\/Schermata-2021-02-25-alle-10.55.23.png","type":"","width":"","height":""}],"twitter_card":"summary_large_image","twitter_misc":{"Tempo di lettura stimato":"4 minuti"},"schema":{"@context":"https:\/\/schema.org","@graph":[{"@type":"WebPage","@id":"https:\/\/www.accuratereviews.com\/it\/programmi-per-bollette\/starnik-recensione\/","url":"https:\/\/www.accuratereviews.com\/it\/programmi-per-bollette\/starnik-recensione\/","name":"Starnik: recensione programma bollette - Accurate Reviews","isPartOf":{"@id":"https:\/\/www.accuratereviews.com\/it\/#website"},"primaryImageOfPage":{"@id":"https:\/\/www.accuratereviews.com\/it\/programmi-per-bollette\/starnik-recensione\/#primaryimage"},"image":{"@id":"https:\/\/www.accuratereviews.com\/it\/programmi-per-bollette\/starnik-recensione\/#primaryimage"},"thumbnailUrl":"https:\/\/www.accuratereviews.com\/wp-content\/uploads\/2021\/02\/Schermata-2021-02-25-alle-10.55.23.png","datePublished":"2021-02-25T11:38:12+00:00","description":"Starnik: recensione software di fatturazione basato su cloud all-in-one che comprende una suite di prodotti end to end.","breadcrumb":{"@id":"https:\/\/www.accuratereviews.com\/it\/programmi-per-bollette\/starnik-recensione\/#breadcrumb"},"inLanguage":"it-IT","potentialAction":[{"@type":"ReadAction","target":["https:\/\/www.accuratereviews.com\/it\/programmi-per-bollette\/starnik-recensione\/"]}]},{"@type":"ImageObject","inLanguage":"it-IT","@id":"https:\/\/www.accuratereviews.com\/it\/programmi-per-bollette\/starnik-recensione\/#primaryimage","url":"https:\/\/www.accuratereviews.com\/wp-content\/uploads\/2021\/02\/Schermata-2021-02-25-alle-10.55.23.png","contentUrl":"https:\/\/www.accuratereviews.com\/wp-content\/uploads\/2021\/02\/Schermata-2021-02-25-alle-10.55.23.png"},{"@type":"BreadcrumbList","@id":"https:\/\/www.accuratereviews.com\/it\/programmi-per-bollette\/starnik-recensione\/#breadcrumb","itemListElement":[{"@type":"ListItem","position":1,"name":"Home","item":"https:\/\/www.accuratereviews.com\/it\/"},{"@type":"ListItem","position":2,"name":"Programmi per bollette","item":"https:\/\/www.accuratereviews.com\/it\/programmi-per-bollette\/"},{"@type":"ListItem","position":3,"name":"Starnik"}]},{"@type":"WebSite","@id":"https:\/\/www.accuratereviews.com\/it\/#website","url":"https:\/\/www.accuratereviews.com\/it\/","name":"Accurate Reviews","description":"","potentialAction":[{"@type":"SearchAction","target":{"@type":"EntryPoint","urlTemplate":"https:\/\/www.accuratereviews.com\/it\/?s={search_term_string}"},"query-input":{"@type":"PropertyValueSpecification","valueRequired":true,"valueName":"search_term_string"}}],"inLanguage":"it-IT"}]}},"_links":{"self":[{"href":"https:\/\/www.accuratereviews.com\/it\/wp-json\/wp\/v2\/pages\/37762","targetHints":{"allow":["GET"]}}],"collection":[{"href":"https:\/\/www.accuratereviews.com\/it\/wp-json\/wp\/v2\/pages"}],"about":[{"href":"https:\/\/www.accuratereviews.com\/it\/wp-json\/wp\/v2\/types\/page"}],"author":[{"embeddable":true,"href":"https:\/\/www.accuratereviews.com\/it\/wp-json\/wp\/v2\/users\/19"}],"replies":[{"embeddable":true,"href":"https:\/\/www.accuratereviews.com\/it\/wp-json\/wp\/v2\/comments?post=37762"}],"version-history":[{"count":14,"href":"https:\/\/www.accuratereviews.com\/it\/wp-json\/wp\/v2\/pages\/37762\/revisions"}],"predecessor-version":[{"id":37815,"href":"https:\/\/www.accuratereviews.com\/it\/wp-json\/wp\/v2\/pages\/37762\/revisions\/37815"}],"up":[{"embeddable":true,"href":"https:\/\/www.accuratereviews.com\/it\/wp-json\/wp\/v2\/pages\/37528"}],"wp:attachment":[{"href":"https:\/\/www.accuratereviews.com\/it\/wp-json\/wp\/v2\/media?parent=37762"}],"wp:term":[{"taxonomy":"category","embeddable":true,"href":"https:\/\/www.accuratereviews.com\/it\/wp-json\/wp\/v2\/categories?post=37762"},{"taxonomy":"post_tag","embeddable":true,"href":"https:\/\/www.accuratereviews.com\/it\/wp-json\/wp\/v2\/tags?post=37762"},{"taxonomy":"features","embeddable":true,"href":"https:\/\/www.accuratereviews.com\/it\/wp-json\/wp\/v2\/features?post=37762"}],"curies":[{"name":"wp","href":"https:\/\/api.w.org\/{rel}","templated":true}]}}