{"id":37786,"date":"2021-02-25T11:43:09","date_gmt":"2021-02-25T11:43:09","guid":{"rendered":"https:\/\/www.accuratereviews.com\/?page_id=37786"},"modified":"2021-02-26T10:40:24","modified_gmt":"2021-02-26T10:40:24","slug":"asyst-utility-billing-recensione","status":"publish","type":"page","link":"https:\/\/www.accuratereviews.com\/it\/programmi-per-bollette\/asyst-utility-billing-recensione\/","title":{"rendered":"Asyst: Utility Billing"},"content":{"rendered":"<p><strong>Asyst: Utility Billing<\/strong> \u00e8 una<strong> soluzione di fatturazione delle utenze<\/strong> per Comuni, amministrazioni locali, distretti idrici e servizi privati. La soluzione si integra con Microsoft Office e consente agli utenti di gestire gli account dei clienti. Aiuta a inserire le registrazioni dei contatori e a tenere traccia dei supplementi e delle tasse per incassi e fatturazione. Il software consente agli utenti di inserire, controllare e rimborsare depositi per servizi, quote associative e interessi pagati. Gli utenti possono anche trasferire i clienti da un luogo a un altro, insieme a depositi e informazioni sul saldo. La soluzione consente agli utenti di controllare la cronologia di fatturazione e di stamparla. Il supporto viene offerto tramite telefono e chat dal vivo durante l&#8217;orario lavorativo.<\/p>\n<h2>ASYST: UTILITY BILLING &#8211; TUTORIAL<\/h2>\n<p>Guardiamo la demo per capire come sfruttare nel migliore dei modi le funzioni di questo <strong>programma per bollette<\/strong>:<\/p>\n<div id=\"fluid-wrapper-counter-1\" class=\"g1-fluid-wrapper \" style=\"width:686px;\">\n<div style=\"padding-bottom:56.268221574344%;\"><iframe loading=\"lazy\" title=\"asyst V14 Utility Billing Demo\" width=\"515\" height=\"386\" src=\"https:\/\/www.youtube.com\/embed\/FPMrf3w7Sf0?feature=oembed&amp;wmode=transparent&amp;autohide=1&amp;autoplay=0&amp;disablekb=0&amp;fs=1&amp;loop=0&amp;enablejsapi=1&amp;rel=0&amp;controls=2&amp;showinfo=0&amp;wmode=transparent&amp;autohide=2&amp;autoplay=0&amp;disablekb=0&amp;fs=1&amp;loop=0&amp;enablejsapi=1&amp;rel=0&amp;controls=2&amp;showinfo=1\" frameborder=\"0\" allow=\"accelerometer; autoplay; clipboard-write; encrypted-media; gyroscope; picture-in-picture\" allowfullscreen><\/iframe><\/div>\n<\/div>\n<h3>ASYST: UTILITY BILLING &#8211; CARATTERISTICHE<\/h3>\n<ul>\n<li><strong>Alimentato da AI<\/strong>: l&#8217;intelligenza artificiale integrata consente agli utenti di utilizzare l&#8217;analisi predittiva e altri strumenti avanzati per modificare il comportamento futuro in base a determinati eventi, come un cambiamento demografico o economico<\/li>\n<li><strong>Integrazione dei grafici con i dati<\/strong>: crea facilmente report e dashboard personalizzati nel modo desiderato, trasformando la massa di dati in visualizzazioni e report nitidi per un migliore processo decisionale<\/li>\n<li><strong>Supporto<\/strong>: il 98% dei clienti \u00e8 soddisfatto del supporto ricevuto dal team di assistenza clienti. I contratti di supporto standard includono chiamate illimitate, servizio di chat istantanea, miglioramenti regolari a prodotti e tecnologia e servizi di implementazione da parte di personale esperto<\/li>\n<li><strong>Facile da usare<\/strong>: le barre degli strumenti e i menu rendono i moduli facili da navigare. Tutti i moduli hanno un aspetto coerente, con semplici passaggi per automatizzare processi come fatture, pagamenti e assegni. Annulla facilmente le transazioni in caso di errore. Il testo della guida \u00e8 disponibile insieme a video di formazione di base gratuiti.<\/li>\n<\/ul>\n<h4>LE RECENSIONI DEGLI UTENTI<\/h4>\n<p class=\"font-weight-bold mb-1 d-flex align-items-center\"><strong>Karen C.&#8221;Facile da implementare, apprendere e utilizzare.&#8221;<\/strong><\/p>\n<p><strong>Commenti: <\/strong>Non lavoro quotidianamente con la fatturazione delle utenze; tuttavia, &#8220;riempio&#8221; quando necessario. Ho chiesto al personale che ci lavora quotidianamente con la prima domanda &#8220;quali sono i vantaggi del software?&#8221; &#8211; la risposta \u00e8 stata rapida &#8220;\u00e8 facile da imparare e da usare&#8221;. La domanda successiva era &#8220;quali sono i contro?&#8221; &#8211; non c&#8217;era altro che silenzio. Non ci sono state lamentele. Aggiungo anche che non abbiamo avuto altro che un ottimo servizio clienti.<\/p>\n<p class=\"font-weight-bold mb-1 d-flex align-items-center\"><strong>Cynthia P.&#8221;Soddisfa le esigenze di base della nostra azienda. Il servizio clienti \u00e8 il migliore che abbia mai visto&#8221;<\/strong><\/p>\n<p><strong>Commenti: <\/strong>Sono nuovo nel settore dei servizi di pubblica utilit\u00e0, quindi ho un&#8217;esperienza visiva limitata con questi tipi di programmi. Ho utilizzato altri programmi di contabilit\u00e0 e buste paga nel corso degli anni, ma utilizziamo solo la parte di utilit\u00e0 di Asyst. Fa quello che vogliamo e ad essere onesti, sono sicuro che fa molto di pi\u00f9 di quello che usiamo. Sarebbe bello poter formattare i nostri rapporti o moduli di fatturazione senza doverlo richiamare, quindi attendere che venga eseguito, ma questa \u00e8 l&#8217;unica grande delusione che ho riscontrato durante l&#8217;utilizzo di questo sistema. Ancora una volta, il servizio clienti \u00e8 sempre stato eccezionale e molto veloce nel rispondere, molto competente e amichevole.<\/p>\n<p class=\"font-weight-bold mb-1 d-flex align-items-center\"><strong>Cindy R.&#8221;Uso questo software da circa quattro mesi.&#8221;<\/strong><\/p>\n<p><strong>Commenti: <\/strong>Finora tutto sembra funzionare bene per noi. Non ho nessuna lamentela.<\/p>\n","protected":false},"excerpt":{"rendered":"<p>Asyst: Utility Billing \u00e8 una soluzione di fatturazione delle utenze\u00a0per comuni, amministrazioni locali, distretti idrici e servizi privati. La soluzione si integra con Microsoft Office e consente agli utenti di gestire gli account dei clienti. Aiuta a inserire le registrazioni dei contatori e a tenere traccia dei supplementi e delle tasse per incassi e fatturazione.<\/p>\n","protected":false},"author":19,"featured_media":37794,"parent":37528,"menu_order":0,"comment_status":"open","ping_status":"closed","template":"g1_template_page_review_new.php","meta":{"_acf_changed":false,"cwp_meta_box_check":"Yes","cwp_rev_product_name":"","cwp_rev_product_image":"","wppr_links":[],"cwp_rev_price":"","wppr_options":[],"wppr_pros":[],"wppr_cons":[],"_monsterinsights_skip_tracking":false,"_monsterinsights_sitenote_active":false,"_monsterinsights_sitenote_note":"","_monsterinsights_sitenote_category":0,"footnotes":""},"categories":[5020],"tags":[5174,5159,5122,5125,5124],"features":[],"class_list":{"0":"post-37786","1":"page","2":"type-page","3":"status-publish","4":"has-post-thumbnail","6":"category-programmi-per-bollette-categoria","7":"tag-asyst-utility-billing","8":"tag-fatturazione-utenze","9":"tag-piattaforma-per-bollette","10":"tag-programma-per-bollette","11":"tag-soluzione-per-bollette"},"wppr_data":{"cwp_meta_box_check":"Yes","cwp_rev_product_name":"","cwp_rev_product_image":"","cwp_image_link":"image","cwp_rev_price":"","wppr_rating":"0.00"},"acf":[],"yoast_head":"<!-- This site is optimized with the Yoast SEO plugin v27.4 - https:\/\/yoast.com\/product\/yoast-seo-wordpress\/ -->\n<title>Asyst Utility Billing: recensione programma bollette - Accurate Reviews<\/title>\n<meta name=\"description\" content=\"Asyst Utility Billing: recensione soluzione di fatturazione delle utenze\u00a0per Comuni, amministrazioni locali e distretti idrici.\" \/>\n<meta name=\"robots\" content=\"index, follow, max-snippet:-1, max-image-preview:large, max-video-preview:-1\" \/>\n<link rel=\"canonical\" href=\"https:\/\/www.accuratereviews.com\/it\/programmi-per-bollette\/asyst-utility-billing-recensione\/\" \/>\n<meta property=\"og:locale\" content=\"it_IT\" \/>\n<meta property=\"og:type\" content=\"article\" \/>\n<meta property=\"og:title\" content=\"Asyst Utility Billing: recensione programma bollette - Accurate Reviews\" \/>\n<meta property=\"og:description\" content=\"Asyst Utility Billing: recensione soluzione di fatturazione delle utenze\u00a0per Comuni, amministrazioni locali e distretti idrici.\" \/>\n<meta property=\"og:url\" content=\"https:\/\/www.accuratereviews.com\/it\/programmi-per-bollette\/asyst-utility-billing-recensione\/\" \/>\n<meta property=\"og:site_name\" content=\"Accurate Reviews\" \/>\n<meta property=\"article:modified_time\" content=\"2021-02-26T10:40:24+00:00\" \/>\n<meta property=\"og:image\" content=\"https:\/\/www.accuratereviews.com\/wp-content\/uploads\/2021\/02\/centralsquare-.png\" \/>\n\t<meta property=\"og:image:width\" content=\"200\" \/>\n\t<meta property=\"og:image:height\" content=\"200\" \/>\n\t<meta property=\"og:image:type\" content=\"image\/png\" \/>\n<meta name=\"twitter:card\" content=\"summary_large_image\" \/>\n<meta name=\"twitter:label1\" content=\"Tempo di lettura stimato\" \/>\n\t<meta name=\"twitter:data1\" content=\"3 minuti\" \/>\n<script type=\"application\/ld+json\" class=\"yoast-schema-graph\">{\"@context\":\"https:\\\/\\\/schema.org\",\"@graph\":[{\"@type\":\"WebPage\",\"@id\":\"https:\\\/\\\/www.accuratereviews.com\\\/it\\\/programmi-per-bollette\\\/asyst-utility-billing-recensione\\\/\",\"url\":\"https:\\\/\\\/www.accuratereviews.com\\\/it\\\/programmi-per-bollette\\\/asyst-utility-billing-recensione\\\/\",\"name\":\"Asyst Utility Billing: recensione programma bollette - Accurate Reviews\",\"isPartOf\":{\"@id\":\"https:\\\/\\\/www.accuratereviews.com\\\/it\\\/#website\"},\"primaryImageOfPage\":{\"@id\":\"https:\\\/\\\/www.accuratereviews.com\\\/it\\\/programmi-per-bollette\\\/asyst-utility-billing-recensione\\\/#primaryimage\"},\"image\":{\"@id\":\"https:\\\/\\\/www.accuratereviews.com\\\/it\\\/programmi-per-bollette\\\/asyst-utility-billing-recensione\\\/#primaryimage\"},\"thumbnailUrl\":\"https:\\\/\\\/www.accuratereviews.com\\\/wp-content\\\/uploads\\\/2021\\\/02\\\/centralsquare-.png\",\"datePublished\":\"2021-02-25T11:43:09+00:00\",\"dateModified\":\"2021-02-26T10:40:24+00:00\",\"description\":\"Asyst Utility Billing: recensione soluzione di fatturazione delle utenze\u00a0per Comuni, amministrazioni locali e distretti idrici.\",\"breadcrumb\":{\"@id\":\"https:\\\/\\\/www.accuratereviews.com\\\/it\\\/programmi-per-bollette\\\/asyst-utility-billing-recensione\\\/#breadcrumb\"},\"inLanguage\":\"it-IT\",\"potentialAction\":[{\"@type\":\"ReadAction\",\"target\":[\"https:\\\/\\\/www.accuratereviews.com\\\/it\\\/programmi-per-bollette\\\/asyst-utility-billing-recensione\\\/\"]}]},{\"@type\":\"ImageObject\",\"inLanguage\":\"it-IT\",\"@id\":\"https:\\\/\\\/www.accuratereviews.com\\\/it\\\/programmi-per-bollette\\\/asyst-utility-billing-recensione\\\/#primaryimage\",\"url\":\"https:\\\/\\\/www.accuratereviews.com\\\/wp-content\\\/uploads\\\/2021\\\/02\\\/centralsquare-.png\",\"contentUrl\":\"https:\\\/\\\/www.accuratereviews.com\\\/wp-content\\\/uploads\\\/2021\\\/02\\\/centralsquare-.png\",\"width\":200,\"height\":200},{\"@type\":\"BreadcrumbList\",\"@id\":\"https:\\\/\\\/www.accuratereviews.com\\\/it\\\/programmi-per-bollette\\\/asyst-utility-billing-recensione\\\/#breadcrumb\",\"itemListElement\":[{\"@type\":\"ListItem\",\"position\":1,\"name\":\"Home\",\"item\":\"https:\\\/\\\/www.accuratereviews.com\\\/it\\\/\"},{\"@type\":\"ListItem\",\"position\":2,\"name\":\"Programmi per bollette\",\"item\":\"https:\\\/\\\/www.accuratereviews.com\\\/it\\\/programmi-per-bollette\\\/\"},{\"@type\":\"ListItem\",\"position\":3,\"name\":\"Asyst: Utility Billing\"}]},{\"@type\":\"WebSite\",\"@id\":\"https:\\\/\\\/www.accuratereviews.com\\\/it\\\/#website\",\"url\":\"https:\\\/\\\/www.accuratereviews.com\\\/it\\\/\",\"name\":\"Accurate Reviews\",\"description\":\"\",\"potentialAction\":[{\"@type\":\"SearchAction\",\"target\":{\"@type\":\"EntryPoint\",\"urlTemplate\":\"https:\\\/\\\/www.accuratereviews.com\\\/it\\\/?s={search_term_string}\"},\"query-input\":{\"@type\":\"PropertyValueSpecification\",\"valueRequired\":true,\"valueName\":\"search_term_string\"}}],\"inLanguage\":\"it-IT\"}]}<\/script>\n<!-- \/ Yoast SEO plugin. -->","yoast_head_json":{"title":"Asyst Utility Billing: recensione programma bollette - Accurate Reviews","description":"Asyst Utility Billing: recensione soluzione di fatturazione delle utenze\u00a0per Comuni, amministrazioni locali e distretti idrici.","robots":{"index":"index","follow":"follow","max-snippet":"max-snippet:-1","max-image-preview":"max-image-preview:large","max-video-preview":"max-video-preview:-1"},"canonical":"https:\/\/www.accuratereviews.com\/it\/programmi-per-bollette\/asyst-utility-billing-recensione\/","og_locale":"it_IT","og_type":"article","og_title":"Asyst Utility Billing: recensione programma bollette - Accurate Reviews","og_description":"Asyst Utility Billing: recensione soluzione di fatturazione delle utenze\u00a0per Comuni, amministrazioni locali e distretti idrici.","og_url":"https:\/\/www.accuratereviews.com\/it\/programmi-per-bollette\/asyst-utility-billing-recensione\/","og_site_name":"Accurate Reviews","article_modified_time":"2021-02-26T10:40:24+00:00","og_image":[{"width":200,"height":200,"url":"https:\/\/www.accuratereviews.com\/wp-content\/uploads\/2021\/02\/centralsquare-.png","type":"image\/png"}],"twitter_card":"summary_large_image","twitter_misc":{"Tempo di lettura stimato":"3 minuti"},"schema":{"@context":"https:\/\/schema.org","@graph":[{"@type":"WebPage","@id":"https:\/\/www.accuratereviews.com\/it\/programmi-per-bollette\/asyst-utility-billing-recensione\/","url":"https:\/\/www.accuratereviews.com\/it\/programmi-per-bollette\/asyst-utility-billing-recensione\/","name":"Asyst Utility Billing: recensione programma bollette - Accurate Reviews","isPartOf":{"@id":"https:\/\/www.accuratereviews.com\/it\/#website"},"primaryImageOfPage":{"@id":"https:\/\/www.accuratereviews.com\/it\/programmi-per-bollette\/asyst-utility-billing-recensione\/#primaryimage"},"image":{"@id":"https:\/\/www.accuratereviews.com\/it\/programmi-per-bollette\/asyst-utility-billing-recensione\/#primaryimage"},"thumbnailUrl":"https:\/\/www.accuratereviews.com\/wp-content\/uploads\/2021\/02\/centralsquare-.png","datePublished":"2021-02-25T11:43:09+00:00","dateModified":"2021-02-26T10:40:24+00:00","description":"Asyst Utility Billing: recensione soluzione di fatturazione delle utenze\u00a0per Comuni, amministrazioni locali e distretti idrici.","breadcrumb":{"@id":"https:\/\/www.accuratereviews.com\/it\/programmi-per-bollette\/asyst-utility-billing-recensione\/#breadcrumb"},"inLanguage":"it-IT","potentialAction":[{"@type":"ReadAction","target":["https:\/\/www.accuratereviews.com\/it\/programmi-per-bollette\/asyst-utility-billing-recensione\/"]}]},{"@type":"ImageObject","inLanguage":"it-IT","@id":"https:\/\/www.accuratereviews.com\/it\/programmi-per-bollette\/asyst-utility-billing-recensione\/#primaryimage","url":"https:\/\/www.accuratereviews.com\/wp-content\/uploads\/2021\/02\/centralsquare-.png","contentUrl":"https:\/\/www.accuratereviews.com\/wp-content\/uploads\/2021\/02\/centralsquare-.png","width":200,"height":200},{"@type":"BreadcrumbList","@id":"https:\/\/www.accuratereviews.com\/it\/programmi-per-bollette\/asyst-utility-billing-recensione\/#breadcrumb","itemListElement":[{"@type":"ListItem","position":1,"name":"Home","item":"https:\/\/www.accuratereviews.com\/it\/"},{"@type":"ListItem","position":2,"name":"Programmi per bollette","item":"https:\/\/www.accuratereviews.com\/it\/programmi-per-bollette\/"},{"@type":"ListItem","position":3,"name":"Asyst: Utility Billing"}]},{"@type":"WebSite","@id":"https:\/\/www.accuratereviews.com\/it\/#website","url":"https:\/\/www.accuratereviews.com\/it\/","name":"Accurate Reviews","description":"","potentialAction":[{"@type":"SearchAction","target":{"@type":"EntryPoint","urlTemplate":"https:\/\/www.accuratereviews.com\/it\/?s={search_term_string}"},"query-input":{"@type":"PropertyValueSpecification","valueRequired":true,"valueName":"search_term_string"}}],"inLanguage":"it-IT"}]}},"_links":{"self":[{"href":"https:\/\/www.accuratereviews.com\/it\/wp-json\/wp\/v2\/pages\/37786","targetHints":{"allow":["GET"]}}],"collection":[{"href":"https:\/\/www.accuratereviews.com\/it\/wp-json\/wp\/v2\/pages"}],"about":[{"href":"https:\/\/www.accuratereviews.com\/it\/wp-json\/wp\/v2\/types\/page"}],"author":[{"embeddable":true,"href":"https:\/\/www.accuratereviews.com\/it\/wp-json\/wp\/v2\/users\/19"}],"replies":[{"embeddable":true,"href":"https:\/\/www.accuratereviews.com\/it\/wp-json\/wp\/v2\/comments?post=37786"}],"version-history":[{"count":8,"href":"https:\/\/www.accuratereviews.com\/it\/wp-json\/wp\/v2\/pages\/37786\/revisions"}],"predecessor-version":[{"id":37854,"href":"https:\/\/www.accuratereviews.com\/it\/wp-json\/wp\/v2\/pages\/37786\/revisions\/37854"}],"up":[{"embeddable":true,"href":"https:\/\/www.accuratereviews.com\/it\/wp-json\/wp\/v2\/pages\/37528"}],"wp:featuredmedia":[{"embeddable":true,"href":"https:\/\/www.accuratereviews.com\/it\/wp-json\/wp\/v2\/media\/37794"}],"wp:attachment":[{"href":"https:\/\/www.accuratereviews.com\/it\/wp-json\/wp\/v2\/media?parent=37786"}],"wp:term":[{"taxonomy":"category","embeddable":true,"href":"https:\/\/www.accuratereviews.com\/it\/wp-json\/wp\/v2\/categories?post=37786"},{"taxonomy":"post_tag","embeddable":true,"href":"https:\/\/www.accuratereviews.com\/it\/wp-json\/wp\/v2\/tags?post=37786"},{"taxonomy":"features","embeddable":true,"href":"https:\/\/www.accuratereviews.com\/it\/wp-json\/wp\/v2\/features?post=37786"}],"curies":[{"name":"wp","href":"https:\/\/api.w.org\/{rel}","templated":true}]}}