{"id":37822,"date":"2021-02-26T11:42:18","date_gmt":"2021-02-26T11:42:18","guid":{"rendered":"https:\/\/www.accuratereviews.com\/?page_id=37822"},"modified":"2021-02-26T11:42:18","modified_gmt":"2021-02-26T11:42:18","slug":"zego-recensione","status":"publish","type":"page","link":"https:\/\/www.accuratereviews.com\/it\/programmi-per-bollette\/zego-recensione\/","title":{"rendered":"Zego"},"content":{"rendered":"<p><strong>Zego<\/strong>, sviluppato da PayLease, \u00e8 una soluzione di <strong>gestione della propriet\u00e0<\/strong> basata su <strong>cloud<\/strong> che consente ai proprietari, agli sviluppatori e ai gestori della comunit\u00e0 di modernizzare i processi di propriet\u00e0 obsoleti in flussi di lavoro efficienti con moduli integrati per aiutare a gestire ogni punto di contatto del ciclo di vita dei residenti. Zego offre moduli per il coinvolgimento della comunit\u00e0, dispositivi intelligenti integrati, elaborazione del pagamento dell&#8217;affitto e <strong>gestione delle utenze<\/strong>.\u00a0Con il suo design moderno e semplice, i residenti e il personale sono in grado di completare le attivit\u00e0 designate in un breve lasso di tempo.\u00a0<strong>Zego<\/strong> \u00e8 inoltre dotato di un portale di pagamento che consente ai residenti di pagare qualsiasi quota da qualsiasi dispositivo. Con questo modulo, i membri del personale possono aumentare la loro produttivit\u00e0 e ridurre il tempo dedicato alla raccolta e all&#8217;elaborazione dei pagamenti cartacei e concentrarsi sulle attivit\u00e0 da svolgere.<\/p>\n<h2>ZEGO &#8211; TUTORIAL<\/h2>\n<p>Ecco un video in cui illustra cosa pu\u00f2 fare per te questo<strong> programma per bollette:<\/strong><\/p>\n<div id=\"fluid-wrapper-counter-1\" class=\"g1-fluid-wrapper \" style=\"width:686px;\">\n<div style=\"padding-bottom:56.268221574344%;\"><iframe loading=\"lazy\" title=\"Go Zego\" width=\"686\" height=\"386\" src=\"https:\/\/www.youtube.com\/embed\/o1FDlSnB8_I?feature=oembed&amp;wmode=transparent&amp;autohide=1&amp;autoplay=0&amp;disablekb=0&amp;fs=1&amp;loop=0&amp;enablejsapi=1&amp;rel=0&amp;controls=2&amp;showinfo=0&amp;wmode=transparent&amp;autohide=2&amp;autoplay=0&amp;disablekb=0&amp;fs=1&amp;loop=0&amp;enablejsapi=1&amp;rel=0&amp;controls=2&amp;showinfo=1\" frameborder=\"0\" allow=\"accelerometer; autoplay; clipboard-write; encrypted-media; gyroscope; picture-in-picture\" allowfullscreen><\/iframe><\/div>\n<\/div>\n<h3>ZEGO &#8211; CARATTERISTICHE<\/h3>\n<ul>\n<li>Un&#8217;app completa per l&#8217;esperienza degli utenti che semplifica e migliora la vita in appartamento<\/li>\n<li>Preferenze di comunicazione personalizzabili per i residenti<\/li>\n<li>Sondaggi rapidi che tengono d&#8217;occhio la felicit\u00e0 \u00a0della tua comunit\u00e0<\/li>\n<li>Migliora produttivit\u00e0 ed efficienza nei tuoi uffici<\/li>\n<li>Aumento del flusso di cassa derivante l&#8217;adozione del pagamento digitale<\/li>\n<li>Meno attivit\u00e0 manuali per il personale in loco, offrendo loro la larghezza di banda per concentrarsi sulla fidelizzazione dei residenti e attrarre potenziali clienti<\/li>\n<li>Comunicazioni a livello di comunit\u00e0 e residenti semplificate e di maggior impatto<\/li>\n<li>Opzioni self-service che risolvono le esigenze comuni dei residenti e liberano i community manager dagli aspetti pi\u00f9 banali del loro lavoro<\/li>\n<li>Attira i residenti connessi di oggi con servizi tecnologici all&#8217;avanguardia<\/li>\n<li>Supera la concorrenza con caratteristiche innovative<\/li>\n<\/ul>\n<h4>LE RECENSIONI DEGLI UTENTI<\/h4>\n<p class=\"font-weight-bold mb-1 d-flex align-items-center\"><strong>Elizabeth R&#8221;Ottimo per lasciare che gli inquilini paghino il contratto di locazione&#8221;<\/strong><\/p>\n<p><strong>Commenti: <\/strong>Prima dell&#8217;utilizzo del software, l&#8217;azienda doveva prendere assegni circolari. Tuttavia, l&#8217;uso del software ha consentito alla societ\u00e0 di pagare il contratto di locazione tramite Internet, consentendo il pagamento del contratto di locazione ovunque si trovasse il cliente.<\/p>\n<p><strong>Vantaggi: <\/strong>Ha reso facile il pagamento del contratto di locazione all&#8217;azienda e ha permesso di essere puntuali con i pagamenti del contratto di locazione.<\/p>\n<p><strong>Inconvenienti: <\/strong>Non ha mostrato l&#8217;importo dovuto all&#8217;azienda e ha dovuto indovinare in alcune occasioni a causa degli sconti promessi.<\/p>\n<p class=\"font-weight-bold mb-1 d-flex align-items-center\"><strong>Miranda R.&#8221;Facile da usare&#8221;<\/strong><\/p>\n<p><strong>Commenti: <\/strong>Grande vantaggio per dare un&#8217;opzione di pagamento a tutti i nostri residenti, risparmiamo cos\u00ec tanto tempo non dovendo elaborare gli assegni.<\/p>\n<p><strong>Vantaggi: <\/strong>Usiamo Paylease in modo che la nostra societ\u00e0 di leasing possa accettare pagamenti con carta di credito, adoriamo che i nostri residenti abbiano una scelta di pagamento.<\/p>\n<p><strong>Inconvenienti: <\/strong>Paylease addebita al residente e all&#8217;ufficio di locazione l&#8217;utilizzo del prodotto. Vorrei che avessero solo una tariffa fissa per entrambi.<\/p>\n<p class=\"font-weight-bold mb-1 d-flex align-items-center\"><strong>Keri M.&#8221;Funzionale e facile da usare&#8221;<\/strong><\/p>\n<p><strong>Commenti: <\/strong>Nel complesso questo \u00e8 un ottimo programma! Consente ai residenti di effettuare e monitorare facilmente i pagamenti, consente facilmente alla direzione di monitorare ed elaborare pagamenti e rimborsi.<\/p>\n<p><strong>Vantaggi: <\/strong>Questo sistema \u00e8 molto utile per tenere traccia dei pagamenti, oltre alla possibilit\u00e0 di rimborsarli facilmente se necessario.<\/p>\n<p><strong>Inconvenienti: <\/strong>Finora non ci sono svantaggi di questo programma.<\/p>\n","protected":false},"excerpt":{"rendered":"<p>Zego sviluppato dalla PayLease, \u00e8 una soluzione di gestione della propriet\u00e0 basata su cloud che consente ai proprietari, agli sviluppatori e ai gestori della comunit\u00e0 di modernizzare i processi di propriet\u00e0 obsoleti in flussi di lavoro efficienti con moduli integrati per aiutare a gestire ogni punto di contatto del ciclo di vita dei residenti.<\/p>\n","protected":false},"author":19,"featured_media":37839,"parent":37528,"menu_order":0,"comment_status":"open","ping_status":"closed","template":"g1_template_page_review_new.php","meta":{"_acf_changed":false,"cwp_meta_box_check":"Yes","cwp_rev_product_name":"","cwp_rev_product_image":"","wppr_links":[],"cwp_rev_price":"","wppr_options":[],"wppr_pros":[],"wppr_cons":[],"_monsterinsights_skip_tracking":false,"_monsterinsights_sitenote_active":false,"_monsterinsights_sitenote_note":"","_monsterinsights_sitenote_category":0,"footnotes":""},"categories":[5020],"tags":[5122,5125,5123,5124,5175],"features":[],"class_list":{"0":"post-37822","1":"page","2":"type-page","3":"status-publish","4":"has-post-thumbnail","6":"category-programmi-per-bollette-categoria","7":"tag-piattaforma-per-bollette","8":"tag-programma-per-bollette","9":"tag-software-per-bollete","10":"tag-soluzione-per-bollette","11":"tag-zego"},"wppr_data":{"cwp_meta_box_check":"Yes","cwp_rev_product_name":"","cwp_rev_product_image":"","cwp_image_link":"image","cwp_rev_price":"","wppr_rating":"0.00"},"acf":[],"yoast_head":"<!-- This site is optimized with the Yoast SEO plugin v27.4 - https:\/\/yoast.com\/product\/yoast-seo-wordpress\/ -->\n<title>Zego: recensione programma bollette - Accurate Reviews<\/title>\n<meta name=\"description\" content=\"Zego: recensione soluzione di gestione della propriet\u00e0 basata su cloud che consente di modernizzare i processi di propriet\u00e0 obsoleti.\" \/>\n<meta name=\"robots\" content=\"index, follow, max-snippet:-1, max-image-preview:large, max-video-preview:-1\" \/>\n<link rel=\"canonical\" href=\"https:\/\/www.accuratereviews.com\/it\/programmi-per-bollette\/zego-recensione\/\" \/>\n<meta property=\"og:locale\" content=\"it_IT\" \/>\n<meta property=\"og:type\" content=\"article\" \/>\n<meta property=\"og:title\" content=\"Zego: recensione programma bollette - Accurate Reviews\" \/>\n<meta property=\"og:description\" content=\"Zego: recensione soluzione di gestione della propriet\u00e0 basata su cloud che consente di modernizzare i processi di propriet\u00e0 obsoleti.\" \/>\n<meta property=\"og:url\" content=\"https:\/\/www.accuratereviews.com\/it\/programmi-per-bollette\/zego-recensione\/\" \/>\n<meta property=\"og:site_name\" content=\"Accurate Reviews\" \/>\n<meta property=\"og:image\" content=\"https:\/\/www.accuratereviews.com\/wp-content\/uploads\/2021\/02\/zego2.png\" \/>\n\t<meta property=\"og:image:width\" content=\"759\" \/>\n\t<meta property=\"og:image:height\" content=\"236\" \/>\n\t<meta property=\"og:image:type\" content=\"image\/png\" \/>\n<meta name=\"twitter:card\" content=\"summary_large_image\" \/>\n<meta name=\"twitter:label1\" content=\"Tempo di lettura stimato\" \/>\n\t<meta name=\"twitter:data1\" content=\"3 minuti\" \/>\n<script type=\"application\/ld+json\" class=\"yoast-schema-graph\">{\"@context\":\"https:\\\/\\\/schema.org\",\"@graph\":[{\"@type\":\"WebPage\",\"@id\":\"https:\\\/\\\/www.accuratereviews.com\\\/it\\\/programmi-per-bollette\\\/zego-recensione\\\/\",\"url\":\"https:\\\/\\\/www.accuratereviews.com\\\/it\\\/programmi-per-bollette\\\/zego-recensione\\\/\",\"name\":\"Zego: recensione programma bollette - Accurate Reviews\",\"isPartOf\":{\"@id\":\"https:\\\/\\\/www.accuratereviews.com\\\/it\\\/#website\"},\"primaryImageOfPage\":{\"@id\":\"https:\\\/\\\/www.accuratereviews.com\\\/it\\\/programmi-per-bollette\\\/zego-recensione\\\/#primaryimage\"},\"image\":{\"@id\":\"https:\\\/\\\/www.accuratereviews.com\\\/it\\\/programmi-per-bollette\\\/zego-recensione\\\/#primaryimage\"},\"thumbnailUrl\":\"https:\\\/\\\/www.accuratereviews.com\\\/wp-content\\\/uploads\\\/2021\\\/02\\\/zego2.png\",\"datePublished\":\"2021-02-26T11:42:18+00:00\",\"description\":\"Zego: recensione soluzione di gestione della propriet\u00e0 basata su cloud che consente di modernizzare i processi di propriet\u00e0 obsoleti.\",\"breadcrumb\":{\"@id\":\"https:\\\/\\\/www.accuratereviews.com\\\/it\\\/programmi-per-bollette\\\/zego-recensione\\\/#breadcrumb\"},\"inLanguage\":\"it-IT\",\"potentialAction\":[{\"@type\":\"ReadAction\",\"target\":[\"https:\\\/\\\/www.accuratereviews.com\\\/it\\\/programmi-per-bollette\\\/zego-recensione\\\/\"]}]},{\"@type\":\"ImageObject\",\"inLanguage\":\"it-IT\",\"@id\":\"https:\\\/\\\/www.accuratereviews.com\\\/it\\\/programmi-per-bollette\\\/zego-recensione\\\/#primaryimage\",\"url\":\"https:\\\/\\\/www.accuratereviews.com\\\/wp-content\\\/uploads\\\/2021\\\/02\\\/zego2.png\",\"contentUrl\":\"https:\\\/\\\/www.accuratereviews.com\\\/wp-content\\\/uploads\\\/2021\\\/02\\\/zego2.png\",\"width\":759,\"height\":236},{\"@type\":\"BreadcrumbList\",\"@id\":\"https:\\\/\\\/www.accuratereviews.com\\\/it\\\/programmi-per-bollette\\\/zego-recensione\\\/#breadcrumb\",\"itemListElement\":[{\"@type\":\"ListItem\",\"position\":1,\"name\":\"Home\",\"item\":\"https:\\\/\\\/www.accuratereviews.com\\\/it\\\/\"},{\"@type\":\"ListItem\",\"position\":2,\"name\":\"Programmi per bollette\",\"item\":\"https:\\\/\\\/www.accuratereviews.com\\\/it\\\/programmi-per-bollette\\\/\"},{\"@type\":\"ListItem\",\"position\":3,\"name\":\"Zego\"}]},{\"@type\":\"WebSite\",\"@id\":\"https:\\\/\\\/www.accuratereviews.com\\\/it\\\/#website\",\"url\":\"https:\\\/\\\/www.accuratereviews.com\\\/it\\\/\",\"name\":\"Accurate Reviews\",\"description\":\"\",\"potentialAction\":[{\"@type\":\"SearchAction\",\"target\":{\"@type\":\"EntryPoint\",\"urlTemplate\":\"https:\\\/\\\/www.accuratereviews.com\\\/it\\\/?s={search_term_string}\"},\"query-input\":{\"@type\":\"PropertyValueSpecification\",\"valueRequired\":true,\"valueName\":\"search_term_string\"}}],\"inLanguage\":\"it-IT\"}]}<\/script>\n<!-- \/ Yoast SEO plugin. -->","yoast_head_json":{"title":"Zego: recensione programma bollette - Accurate Reviews","description":"Zego: recensione soluzione di gestione della propriet\u00e0 basata su cloud che consente di modernizzare i processi di propriet\u00e0 obsoleti.","robots":{"index":"index","follow":"follow","max-snippet":"max-snippet:-1","max-image-preview":"max-image-preview:large","max-video-preview":"max-video-preview:-1"},"canonical":"https:\/\/www.accuratereviews.com\/it\/programmi-per-bollette\/zego-recensione\/","og_locale":"it_IT","og_type":"article","og_title":"Zego: recensione programma bollette - Accurate Reviews","og_description":"Zego: recensione soluzione di gestione della propriet\u00e0 basata su cloud che consente di modernizzare i processi di propriet\u00e0 obsoleti.","og_url":"https:\/\/www.accuratereviews.com\/it\/programmi-per-bollette\/zego-recensione\/","og_site_name":"Accurate Reviews","og_image":[{"width":759,"height":236,"url":"https:\/\/www.accuratereviews.com\/wp-content\/uploads\/2021\/02\/zego2.png","type":"image\/png"}],"twitter_card":"summary_large_image","twitter_misc":{"Tempo di lettura stimato":"3 minuti"},"schema":{"@context":"https:\/\/schema.org","@graph":[{"@type":"WebPage","@id":"https:\/\/www.accuratereviews.com\/it\/programmi-per-bollette\/zego-recensione\/","url":"https:\/\/www.accuratereviews.com\/it\/programmi-per-bollette\/zego-recensione\/","name":"Zego: recensione programma bollette - Accurate Reviews","isPartOf":{"@id":"https:\/\/www.accuratereviews.com\/it\/#website"},"primaryImageOfPage":{"@id":"https:\/\/www.accuratereviews.com\/it\/programmi-per-bollette\/zego-recensione\/#primaryimage"},"image":{"@id":"https:\/\/www.accuratereviews.com\/it\/programmi-per-bollette\/zego-recensione\/#primaryimage"},"thumbnailUrl":"https:\/\/www.accuratereviews.com\/wp-content\/uploads\/2021\/02\/zego2.png","datePublished":"2021-02-26T11:42:18+00:00","description":"Zego: recensione soluzione di gestione della propriet\u00e0 basata su cloud che consente di modernizzare i processi di propriet\u00e0 obsoleti.","breadcrumb":{"@id":"https:\/\/www.accuratereviews.com\/it\/programmi-per-bollette\/zego-recensione\/#breadcrumb"},"inLanguage":"it-IT","potentialAction":[{"@type":"ReadAction","target":["https:\/\/www.accuratereviews.com\/it\/programmi-per-bollette\/zego-recensione\/"]}]},{"@type":"ImageObject","inLanguage":"it-IT","@id":"https:\/\/www.accuratereviews.com\/it\/programmi-per-bollette\/zego-recensione\/#primaryimage","url":"https:\/\/www.accuratereviews.com\/wp-content\/uploads\/2021\/02\/zego2.png","contentUrl":"https:\/\/www.accuratereviews.com\/wp-content\/uploads\/2021\/02\/zego2.png","width":759,"height":236},{"@type":"BreadcrumbList","@id":"https:\/\/www.accuratereviews.com\/it\/programmi-per-bollette\/zego-recensione\/#breadcrumb","itemListElement":[{"@type":"ListItem","position":1,"name":"Home","item":"https:\/\/www.accuratereviews.com\/it\/"},{"@type":"ListItem","position":2,"name":"Programmi per bollette","item":"https:\/\/www.accuratereviews.com\/it\/programmi-per-bollette\/"},{"@type":"ListItem","position":3,"name":"Zego"}]},{"@type":"WebSite","@id":"https:\/\/www.accuratereviews.com\/it\/#website","url":"https:\/\/www.accuratereviews.com\/it\/","name":"Accurate Reviews","description":"","potentialAction":[{"@type":"SearchAction","target":{"@type":"EntryPoint","urlTemplate":"https:\/\/www.accuratereviews.com\/it\/?s={search_term_string}"},"query-input":{"@type":"PropertyValueSpecification","valueRequired":true,"valueName":"search_term_string"}}],"inLanguage":"it-IT"}]}},"_links":{"self":[{"href":"https:\/\/www.accuratereviews.com\/it\/wp-json\/wp\/v2\/pages\/37822","targetHints":{"allow":["GET"]}}],"collection":[{"href":"https:\/\/www.accuratereviews.com\/it\/wp-json\/wp\/v2\/pages"}],"about":[{"href":"https:\/\/www.accuratereviews.com\/it\/wp-json\/wp\/v2\/types\/page"}],"author":[{"embeddable":true,"href":"https:\/\/www.accuratereviews.com\/it\/wp-json\/wp\/v2\/users\/19"}],"replies":[{"embeddable":true,"href":"https:\/\/www.accuratereviews.com\/it\/wp-json\/wp\/v2\/comments?post=37822"}],"version-history":[{"count":11,"href":"https:\/\/www.accuratereviews.com\/it\/wp-json\/wp\/v2\/pages\/37822\/revisions"}],"predecessor-version":[{"id":37877,"href":"https:\/\/www.accuratereviews.com\/it\/wp-json\/wp\/v2\/pages\/37822\/revisions\/37877"}],"up":[{"embeddable":true,"href":"https:\/\/www.accuratereviews.com\/it\/wp-json\/wp\/v2\/pages\/37528"}],"wp:featuredmedia":[{"embeddable":true,"href":"https:\/\/www.accuratereviews.com\/it\/wp-json\/wp\/v2\/media\/37839"}],"wp:attachment":[{"href":"https:\/\/www.accuratereviews.com\/it\/wp-json\/wp\/v2\/media?parent=37822"}],"wp:term":[{"taxonomy":"category","embeddable":true,"href":"https:\/\/www.accuratereviews.com\/it\/wp-json\/wp\/v2\/categories?post=37822"},{"taxonomy":"post_tag","embeddable":true,"href":"https:\/\/www.accuratereviews.com\/it\/wp-json\/wp\/v2\/tags?post=37822"},{"taxonomy":"features","embeddable":true,"href":"https:\/\/www.accuratereviews.com\/it\/wp-json\/wp\/v2\/features?post=37822"}],"curies":[{"name":"wp","href":"https:\/\/api.w.org\/{rel}","templated":true}]}}