{"id":37824,"date":"2021-02-26T11:38:47","date_gmt":"2021-02-26T11:38:47","guid":{"rendered":"https:\/\/www.accuratereviews.com\/?page_id=37824"},"modified":"2021-02-26T11:38:47","modified_gmt":"2021-02-26T11:38:47","slug":"banyon-data-recensione","status":"publish","type":"page","link":"https:\/\/www.accuratereviews.com\/it\/programmi-per-bollette\/banyon-data-recensione\/","title":{"rendered":"Banyon Data"},"content":{"rendered":"<p><strong>Banyon Data<\/strong> ha oltre 37 anni di esperienza nello sviluppo di <strong>software di fatturazione delle utenze<\/strong> per i settori pubblico e privato. Il programma pu\u00f2 essere configurato per fatturare servizi come acqua, fognature, gas, elettricit\u00e0, rifiuti e altro ancora. Le tariffe sono anche illimitate e molto flessibili, da impostare come fisse o a consumo a pi\u00f9 livelli. Le caratteristiche includono cronologia delle fatture, stampa semplice di fatture precedenti di qualsiasi periodo, stampa di cartoline o estratti conto, avvisi in ritardo, calcolo di penali, ordini di lavoro, programma di fatturazione flessibile, monitoraggio delle perdite d&#8217;acqua, allegare documenti, budget, depositi cauzionali, generare report e un facile processo di fatturazione finale.<\/p>\n<h2>BANYON DATA &#8211; TUTORIAL<\/h2>\n<p>Scopriamo come procedere con le chiusure di fine anno usando questo programma per bollette:<\/p>\n<div id=\"fluid-wrapper-counter-1\" class=\"g1-fluid-wrapper \" style=\"width:686px;\">\n<div style=\"padding-bottom:56.268221574344%;\"><iframe loading=\"lazy\" title=\"Banyon Data Systems Month End\/Year End Procedure\" width=\"686\" height=\"386\" src=\"https:\/\/www.youtube.com\/embed\/oODwpSfAcEY?feature=oembed&amp;wmode=transparent&amp;autohide=1&amp;autoplay=0&amp;disablekb=0&amp;fs=1&amp;loop=0&amp;enablejsapi=1&amp;rel=0&amp;controls=2&amp;showinfo=0&amp;wmode=transparent&amp;autohide=2&amp;autoplay=0&amp;disablekb=0&amp;fs=1&amp;loop=0&amp;enablejsapi=1&amp;rel=0&amp;controls=2&amp;showinfo=1\" frameborder=\"0\" allow=\"accelerometer; autoplay; clipboard-write; encrypted-media; gyroscope; picture-in-picture\" allowfullscreen><\/iframe><\/div>\n<\/div>\n<p>&nbsp;<\/p>\n<h3>BANYON DATA &#8211; CARATTERISTICHE<\/h3>\n<ul>\n<li>Gestione dei clienti e degli ordini di lavoro<\/li>\n<li>Fatturazione<\/li>\n<li>Gestione contabile<\/li>\n<li>Elaborazione pagamenti ACH e online<\/li>\n<li>Gestione delle tariffe<\/li>\n<li>Amministrazione di utenze come elettricit\u00e0, gas naturale e acqua<\/li>\n<li>Gestione del contatore<\/li>\n<li>Fatturazione a consumo<\/li>\n<li>Elaborazione di penalit\u00e0 \/ interruzione<\/li>\n<\/ul>\n<h4>LE RECENSIONI DEGLI UTENTI<\/h4>\n<p class=\"font-weight-bold mb-1 d-flex align-items-center\"><strong>Trish P.&#8221;Software completo: ottimo per la nostra citt\u00e0&#8221;<\/strong><\/p>\n<p><strong>Commenti: <\/strong>In genere non mi piacciono i programmi scritti in Access, quindi per dare una buona recensione a un prodotto del genere, deve essere un prodotto superiore. Banyon Utility Billing \u00e8 proprio questo. Ogni programma ha i suoi difetti e le sue liste dei desideri, ma questo programma \u00e8 molto stabile e affidabile. Ho solo circa 250 bollette da inviare ogni mese, ma posso completare l&#8217;attivit\u00e0 in circa un&#8217;ora. Ho le informazioni complete sui clienti a portata di mano quando qualcuno fa una richiesta. L&#8217;inserimento della ricevuta \u00e8 semplice e veloce. Se un cliente paga pi\u00f9 di un account con un assegno, ho scoperto che se hai un nome comune associato a ciascun account, puoi scegliere tutti gli account contemporaneamente e applicare il pagamento con assegno tutti insieme. Il pi\u00f9 grande svantaggio nella registrazione della ricevuta \u00e8 se hai un cliente che si \u00e8 trasferito, il conto corrente non \u00e8 la riga superiore predefinita. Devi muovere il mouse e selezionare l&#8217;account corrente, che \u00e8 la riga inferiore. Va bene per gli utenti di nuova generazione, ma per i vecchi tastieristi come me, \u00e8 fastidioso. Offriamo pagamenti diretti ai nostri clienti. Banyon \u00e8 stato di grande aiuto nell&#8217;ottenere questa configurazione. Abbiamo eseguito alcune prove ed errori, ma questo perch\u00e9 la nostra banca era nuova nella gestione dei file ACH. Il sistema funziona alla grande e i nostri clienti lo adorano! Stiamo appena iniziando a utilizzare la fatturazione del budget. Sembra che abbia alcune stranezze. Non mi piace che tu non possa applicare una penale a un account di fatturazione del budget, quindi consentiamo la fatturazione del budget solo se il cliente si registra per i pagamenti diretti. Vorrei vedere la cronologia delle fatture disponibile in una scheda sullo schermo del cliente come la scheda Trans. Tuttavia \u00e8 facile accedervi con un menu di scelta rapida. C&#8217;\u00e8 molto di pi\u00f9 nella fatturazione delle utenze con cui non ho ancora giocato. \u00c8 un programma potente e completo. Banyon migliora continuamente anche il prodotto. \u00c8 supportato molto bene e lo consiglio vivamente.<\/p>\n<p class=\"font-weight-bold mb-1 d-flex align-items-center\"><strong>Liz S.&#8221;A + Servizio clienti&#8221;<\/strong><\/p>\n<p><strong>Commenti: <\/strong>Banyon Utillity Billing \u00e8 facile da usare. L&#8217;assistenza clienti \u00e8 tempestiva e disponibile. I rapporti sono stati scritti su mia richiesta.<\/p>\n<p><strong>Pro: <\/strong>Facilit\u00e0 di utilizzo<\/p>\n<p class=\"font-weight-bold mb-1 d-flex align-items-center\"><strong>Madonna P.&#8221;Prodotti Banyon Data System&#8221;<\/strong><\/p>\n<p><strong>Commenti: <\/strong>Da circa 15 anni utilizzo il software Banyon nel mio lavoro presso un comune. Ho formato pi\u00f9 persone su come utilizzare il software con poco sforzo perch\u00e9 i prodotti software sono cos\u00ec facili da usare e facili da imparare. Grazie Banyon!<\/p>\n<p>&nbsp;<\/p>\n","protected":false},"excerpt":{"rendered":"<p>Banyon Data ha oltre 37 anni di esperienza nello sviluppo di software di fatturazione delle utenze per i settori pubblico e privato. Il programma pu\u00f2 essere configurato per fatturare servizi come acqua, fognature, gas, elettricit\u00e0, rifiuti e altro ancora.<\/p>\n","protected":false},"author":19,"featured_media":37860,"parent":37528,"menu_order":0,"comment_status":"open","ping_status":"closed","template":"g1_template_page_review_new.php","meta":{"_acf_changed":false,"cwp_meta_box_check":"Yes","cwp_rev_product_name":"","cwp_rev_product_image":"","wppr_links":[],"cwp_rev_price":"","wppr_options":[],"wppr_pros":[],"wppr_cons":[],"_monsterinsights_skip_tracking":false,"_monsterinsights_sitenote_active":false,"_monsterinsights_sitenote_note":"","_monsterinsights_sitenote_category":0,"footnotes":""},"categories":[5020],"tags":[5180,5159,5122,5125,5121,5124],"features":[],"class_list":{"0":"post-37824","1":"page","2":"type-page","3":"status-publish","4":"has-post-thumbnail","6":"category-programmi-per-bollette-categoria","7":"tag-banyon-data","8":"tag-fatturazione-utenze","9":"tag-piattaforma-per-bollette","10":"tag-programma-per-bollette","11":"tag-software-per-bollette","12":"tag-soluzione-per-bollette"},"wppr_data":{"cwp_meta_box_check":"Yes","cwp_rev_product_name":"","cwp_rev_product_image":"","cwp_image_link":"image","cwp_rev_price":"","wppr_rating":"0.00"},"acf":[],"yoast_head":"<!-- This site is optimized with the Yoast SEO plugin v27.4 - https:\/\/yoast.com\/product\/yoast-seo-wordpress\/ -->\n<title>Banyon Data: recensione programma bollette - Accurate Reviews<\/title>\n<meta name=\"description\" content=\"Banyon Data: recensione software di fatturazione delle utenze per i settori pubblico e privato da oltre 37 anni.\" \/>\n<meta name=\"robots\" content=\"index, follow, max-snippet:-1, max-image-preview:large, max-video-preview:-1\" \/>\n<link rel=\"canonical\" href=\"https:\/\/www.accuratereviews.com\/it\/programmi-per-bollette\/banyon-data-recensione\/\" \/>\n<meta property=\"og:locale\" content=\"it_IT\" \/>\n<meta property=\"og:type\" content=\"article\" \/>\n<meta property=\"og:title\" content=\"Banyon Data: recensione programma bollette - Accurate Reviews\" \/>\n<meta property=\"og:description\" content=\"Banyon Data: recensione software di fatturazione delle utenze per i settori pubblico e privato da oltre 37 anni.\" \/>\n<meta property=\"og:url\" content=\"https:\/\/www.accuratereviews.com\/it\/programmi-per-bollette\/banyon-data-recensione\/\" \/>\n<meta property=\"og:site_name\" content=\"Accurate Reviews\" \/>\n<meta property=\"og:image\" content=\"https:\/\/www.accuratereviews.com\/wp-content\/uploads\/2021\/02\/banyon.jpeg\" \/>\n\t<meta property=\"og:image:width\" content=\"1500\" \/>\n\t<meta property=\"og:image:height\" content=\"1500\" \/>\n\t<meta property=\"og:image:type\" content=\"image\/jpeg\" \/>\n<meta name=\"twitter:card\" content=\"summary_large_image\" \/>\n<meta name=\"twitter:label1\" content=\"Tempo di lettura stimato\" \/>\n\t<meta name=\"twitter:data1\" content=\"3 minuti\" \/>\n<script type=\"application\/ld+json\" class=\"yoast-schema-graph\">{\"@context\":\"https:\\\/\\\/schema.org\",\"@graph\":[{\"@type\":\"WebPage\",\"@id\":\"https:\\\/\\\/www.accuratereviews.com\\\/it\\\/programmi-per-bollette\\\/banyon-data-recensione\\\/\",\"url\":\"https:\\\/\\\/www.accuratereviews.com\\\/it\\\/programmi-per-bollette\\\/banyon-data-recensione\\\/\",\"name\":\"Banyon Data: recensione programma bollette - Accurate Reviews\",\"isPartOf\":{\"@id\":\"https:\\\/\\\/www.accuratereviews.com\\\/it\\\/#website\"},\"primaryImageOfPage\":{\"@id\":\"https:\\\/\\\/www.accuratereviews.com\\\/it\\\/programmi-per-bollette\\\/banyon-data-recensione\\\/#primaryimage\"},\"image\":{\"@id\":\"https:\\\/\\\/www.accuratereviews.com\\\/it\\\/programmi-per-bollette\\\/banyon-data-recensione\\\/#primaryimage\"},\"thumbnailUrl\":\"https:\\\/\\\/www.accuratereviews.com\\\/wp-content\\\/uploads\\\/2021\\\/02\\\/banyon.jpeg\",\"datePublished\":\"2021-02-26T11:38:47+00:00\",\"description\":\"Banyon Data: recensione software di fatturazione delle utenze per i settori pubblico e privato da oltre 37 anni.\",\"breadcrumb\":{\"@id\":\"https:\\\/\\\/www.accuratereviews.com\\\/it\\\/programmi-per-bollette\\\/banyon-data-recensione\\\/#breadcrumb\"},\"inLanguage\":\"it-IT\",\"potentialAction\":[{\"@type\":\"ReadAction\",\"target\":[\"https:\\\/\\\/www.accuratereviews.com\\\/it\\\/programmi-per-bollette\\\/banyon-data-recensione\\\/\"]}]},{\"@type\":\"ImageObject\",\"inLanguage\":\"it-IT\",\"@id\":\"https:\\\/\\\/www.accuratereviews.com\\\/it\\\/programmi-per-bollette\\\/banyon-data-recensione\\\/#primaryimage\",\"url\":\"https:\\\/\\\/www.accuratereviews.com\\\/wp-content\\\/uploads\\\/2021\\\/02\\\/banyon.jpeg\",\"contentUrl\":\"https:\\\/\\\/www.accuratereviews.com\\\/wp-content\\\/uploads\\\/2021\\\/02\\\/banyon.jpeg\",\"width\":1500,\"height\":1500},{\"@type\":\"BreadcrumbList\",\"@id\":\"https:\\\/\\\/www.accuratereviews.com\\\/it\\\/programmi-per-bollette\\\/banyon-data-recensione\\\/#breadcrumb\",\"itemListElement\":[{\"@type\":\"ListItem\",\"position\":1,\"name\":\"Home\",\"item\":\"https:\\\/\\\/www.accuratereviews.com\\\/it\\\/\"},{\"@type\":\"ListItem\",\"position\":2,\"name\":\"Programmi per bollette\",\"item\":\"https:\\\/\\\/www.accuratereviews.com\\\/it\\\/programmi-per-bollette\\\/\"},{\"@type\":\"ListItem\",\"position\":3,\"name\":\"Banyon Data\"}]},{\"@type\":\"WebSite\",\"@id\":\"https:\\\/\\\/www.accuratereviews.com\\\/it\\\/#website\",\"url\":\"https:\\\/\\\/www.accuratereviews.com\\\/it\\\/\",\"name\":\"Accurate Reviews\",\"description\":\"\",\"potentialAction\":[{\"@type\":\"SearchAction\",\"target\":{\"@type\":\"EntryPoint\",\"urlTemplate\":\"https:\\\/\\\/www.accuratereviews.com\\\/it\\\/?s={search_term_string}\"},\"query-input\":{\"@type\":\"PropertyValueSpecification\",\"valueRequired\":true,\"valueName\":\"search_term_string\"}}],\"inLanguage\":\"it-IT\"}]}<\/script>\n<!-- \/ Yoast SEO plugin. -->","yoast_head_json":{"title":"Banyon Data: recensione programma bollette - Accurate Reviews","description":"Banyon Data: recensione software di fatturazione delle utenze per i settori pubblico e privato da oltre 37 anni.","robots":{"index":"index","follow":"follow","max-snippet":"max-snippet:-1","max-image-preview":"max-image-preview:large","max-video-preview":"max-video-preview:-1"},"canonical":"https:\/\/www.accuratereviews.com\/it\/programmi-per-bollette\/banyon-data-recensione\/","og_locale":"it_IT","og_type":"article","og_title":"Banyon Data: recensione programma bollette - Accurate Reviews","og_description":"Banyon Data: recensione software di fatturazione delle utenze per i settori pubblico e privato da oltre 37 anni.","og_url":"https:\/\/www.accuratereviews.com\/it\/programmi-per-bollette\/banyon-data-recensione\/","og_site_name":"Accurate Reviews","og_image":[{"width":1500,"height":1500,"url":"https:\/\/www.accuratereviews.com\/wp-content\/uploads\/2021\/02\/banyon.jpeg","type":"image\/jpeg"}],"twitter_card":"summary_large_image","twitter_misc":{"Tempo di lettura stimato":"3 minuti"},"schema":{"@context":"https:\/\/schema.org","@graph":[{"@type":"WebPage","@id":"https:\/\/www.accuratereviews.com\/it\/programmi-per-bollette\/banyon-data-recensione\/","url":"https:\/\/www.accuratereviews.com\/it\/programmi-per-bollette\/banyon-data-recensione\/","name":"Banyon Data: recensione programma bollette - Accurate Reviews","isPartOf":{"@id":"https:\/\/www.accuratereviews.com\/it\/#website"},"primaryImageOfPage":{"@id":"https:\/\/www.accuratereviews.com\/it\/programmi-per-bollette\/banyon-data-recensione\/#primaryimage"},"image":{"@id":"https:\/\/www.accuratereviews.com\/it\/programmi-per-bollette\/banyon-data-recensione\/#primaryimage"},"thumbnailUrl":"https:\/\/www.accuratereviews.com\/wp-content\/uploads\/2021\/02\/banyon.jpeg","datePublished":"2021-02-26T11:38:47+00:00","description":"Banyon Data: recensione software di fatturazione delle utenze per i settori pubblico e privato da oltre 37 anni.","breadcrumb":{"@id":"https:\/\/www.accuratereviews.com\/it\/programmi-per-bollette\/banyon-data-recensione\/#breadcrumb"},"inLanguage":"it-IT","potentialAction":[{"@type":"ReadAction","target":["https:\/\/www.accuratereviews.com\/it\/programmi-per-bollette\/banyon-data-recensione\/"]}]},{"@type":"ImageObject","inLanguage":"it-IT","@id":"https:\/\/www.accuratereviews.com\/it\/programmi-per-bollette\/banyon-data-recensione\/#primaryimage","url":"https:\/\/www.accuratereviews.com\/wp-content\/uploads\/2021\/02\/banyon.jpeg","contentUrl":"https:\/\/www.accuratereviews.com\/wp-content\/uploads\/2021\/02\/banyon.jpeg","width":1500,"height":1500},{"@type":"BreadcrumbList","@id":"https:\/\/www.accuratereviews.com\/it\/programmi-per-bollette\/banyon-data-recensione\/#breadcrumb","itemListElement":[{"@type":"ListItem","position":1,"name":"Home","item":"https:\/\/www.accuratereviews.com\/it\/"},{"@type":"ListItem","position":2,"name":"Programmi per bollette","item":"https:\/\/www.accuratereviews.com\/it\/programmi-per-bollette\/"},{"@type":"ListItem","position":3,"name":"Banyon Data"}]},{"@type":"WebSite","@id":"https:\/\/www.accuratereviews.com\/it\/#website","url":"https:\/\/www.accuratereviews.com\/it\/","name":"Accurate Reviews","description":"","potentialAction":[{"@type":"SearchAction","target":{"@type":"EntryPoint","urlTemplate":"https:\/\/www.accuratereviews.com\/it\/?s={search_term_string}"},"query-input":{"@type":"PropertyValueSpecification","valueRequired":true,"valueName":"search_term_string"}}],"inLanguage":"it-IT"}]}},"_links":{"self":[{"href":"https:\/\/www.accuratereviews.com\/it\/wp-json\/wp\/v2\/pages\/37824","targetHints":{"allow":["GET"]}}],"collection":[{"href":"https:\/\/www.accuratereviews.com\/it\/wp-json\/wp\/v2\/pages"}],"about":[{"href":"https:\/\/www.accuratereviews.com\/it\/wp-json\/wp\/v2\/types\/page"}],"author":[{"embeddable":true,"href":"https:\/\/www.accuratereviews.com\/it\/wp-json\/wp\/v2\/users\/19"}],"replies":[{"embeddable":true,"href":"https:\/\/www.accuratereviews.com\/it\/wp-json\/wp\/v2\/comments?post=37824"}],"version-history":[{"count":14,"href":"https:\/\/www.accuratereviews.com\/it\/wp-json\/wp\/v2\/pages\/37824\/revisions"}],"predecessor-version":[{"id":37875,"href":"https:\/\/www.accuratereviews.com\/it\/wp-json\/wp\/v2\/pages\/37824\/revisions\/37875"}],"up":[{"embeddable":true,"href":"https:\/\/www.accuratereviews.com\/it\/wp-json\/wp\/v2\/pages\/37528"}],"wp:featuredmedia":[{"embeddable":true,"href":"https:\/\/www.accuratereviews.com\/it\/wp-json\/wp\/v2\/media\/37860"}],"wp:attachment":[{"href":"https:\/\/www.accuratereviews.com\/it\/wp-json\/wp\/v2\/media?parent=37824"}],"wp:term":[{"taxonomy":"category","embeddable":true,"href":"https:\/\/www.accuratereviews.com\/it\/wp-json\/wp\/v2\/categories?post=37824"},{"taxonomy":"post_tag","embeddable":true,"href":"https:\/\/www.accuratereviews.com\/it\/wp-json\/wp\/v2\/tags?post=37824"},{"taxonomy":"features","embeddable":true,"href":"https:\/\/www.accuratereviews.com\/it\/wp-json\/wp\/v2\/features?post=37824"}],"curies":[{"name":"wp","href":"https:\/\/api.w.org\/{rel}","templated":true}]}}