{"id":37878,"date":"2021-02-26T15:19:08","date_gmt":"2021-02-26T15:19:08","guid":{"rendered":"https:\/\/www.accuratereviews.com\/?page_id=37878"},"modified":"2021-02-26T15:19:08","modified_gmt":"2021-02-26T15:19:08","slug":"oracle-utilities-recensione","status":"publish","type":"page","link":"https:\/\/www.accuratereviews.com\/it\/programmi-per-bollette\/oracle-utilities-recensione\/","title":{"rendered":"Oracle Utilities"},"content":{"rendered":"<p><strong>Oracle Utilities<\/strong> \u00e8 un<strong> software di fatturazione delle utenze<\/strong> utilizzato principalmente dai gestori delle forniture di acqua, gas, elettricit\u00e0 di societ\u00e0 di piccole, medie e grandi dimensioni. Il fine ultimo \u00e8 quello di migliorare e automatizzare tutte le attivit\u00e0 che quotidianamente richiedono un investimento di tempo ed energie. Si tratta di una<strong> piattaforma per bollette<\/strong> disponibile sia on-premise che su cloud, che offre soluzioni per la gestione delle spese, delle fatture, della rete, dei report, delle relazioni con i clienti per raggiungere un futuro sostenibile sia in termini di acqua che in termini di energia.<br \/>\nOltre ad avere uno scopo &#8220;green&#8221;, <strong>Oracle Utilities<\/strong> promette un risparmio di costi di erogazione e un miglioramento di tutta la gestione delle utenze.<\/p>\n<h2>ORACLE UTILITIES &#8211; TUTORIAL<\/h2>\n<p>Di seguito un video in cui viene spiegato meglio di cosa si occupa questo software:<\/p>\n<div id=\"fluid-wrapper-counter-1\" class=\"g1-fluid-wrapper \" style=\"width:686px;\">\n<div style=\"padding-bottom:56.268221574344%;\"><iframe loading=\"lazy\" title=\"Oracle Utilities Digital Self Service - Transactions Overview\" width=\"686\" height=\"386\" src=\"https:\/\/www.youtube.com\/embed\/TEJScJ0GocI?feature=oembed&amp;wmode=transparent&amp;autohide=1&amp;autoplay=0&amp;disablekb=0&amp;fs=1&amp;loop=0&amp;enablejsapi=1&amp;rel=0&amp;controls=2&amp;showinfo=0&amp;wmode=transparent&amp;autohide=2&amp;autoplay=0&amp;disablekb=0&amp;fs=1&amp;loop=0&amp;enablejsapi=1&amp;rel=0&amp;controls=2&amp;showinfo=1\" frameborder=\"0\" allow=\"accelerometer; autoplay; clipboard-write; encrypted-media; gyroscope; picture-in-picture\" allowfullscreen><\/iframe><\/div>\n<\/div>\n<h3>ORACLE UTILITIES &#8211; CARATTERISTICHE<\/h3>\n<p>Ecco le sue principali caratteristiche:<\/p>\n<ul>\n<li><strong>Misurazione avanzata<\/strong>: massimizza l&#8217;impatto dei dati del tuo contatore e proteggi i tuoi investimenti AMI trasformando i dati in informazioni e azioni potenti dalle operazioni di rete al servizio e al coinvolgimento dei clienti<\/li>\n<li><strong>Gestione delle risorse e del lavoro sul campo<\/strong>: gestisci la vita di ogni risorsa con un controllo preventivo e predittivo. Ottimizza la manutenzione e le operazioni, semplifica i servizi e risparmia denaro aumentando la sicurezza e le prestazioni<\/li>\n<li><strong>Operazioni e coinvolgimento dei clienti<\/strong>: potenzia i tuoi programmi di fatturazione pi\u00f9 complessi e di coinvolgimento pi\u00f9 profondo con una piattaforma cliente completa progettata per l&#8217;eccellenza del servizio, operazioni semplificate e innovazione per le sfide di domani<\/li>\n<li><strong>Gestione della rete<\/strong>: modella, monitora e controlla completamente in tempo reale la rete incentrata sul cliente, incorporando DER. Fornisci agli operatori la capacit\u00e0 di ottimizzare i propri sistemi per migliorare l&#8217;affidabilit\u00e0 e ridurre le interruzioni<\/li>\n<li><strong>Intelligenza artificiale<\/strong>: raggiungi i tuoi obiettivi applicando l&#8217;intelligenza artificiale e le tecnologie di scienza comportamentale per cambiare il comportamento dei clienti su larga scala<\/li>\n<li><strong>Integrazioni<\/strong>: integra applicazioni OT come ADMS, SCADA, DERMS e reti di sensori IoT.<\/li>\n<\/ul>\n<h4>LE RECENSIONI DEGLI UTENTI<\/h4>\n<p><strong>Julie T. &#8220;Ottimo per la fatturazione&#8221;<\/strong><br \/>\nCOMMENTI: facile da usare per i non programmatori per fare la configurazione.<br \/>\nCome utente finale, potresti aver bisogno di pi\u00f9 formazione per vedere cosa stai cercando.<br \/>\nPRO: ottimo sistema di fatturazione per societ\u00e0 di servizi.<br \/>\nCONTRO: richiede formazione per l&#8217;utente finale<\/p>\n<p><strong>Sadia I. &#8220;La scelta migliore per ottimizzare il business&#8221;<\/strong><br \/>\nPRO: questo software copre quasi ogni aspetto del settore dei servizi. Mi piace quanto sia ben sviluppato sia dal business che dal backend non puoi semplicemente disturbare il funzionamento di quegli algoritmi. \u00c8 altamente flessibile ma abbastanza flessibile da generare grandi entrate.<br \/>\nCONTRO: come implementatore non mi \u00e8 piaciuta l&#8217;interfaccia utente. \u00c8 cos\u00ec semplice.<\/p>\n<p><strong>Gerardo alexander F. &#8220;Software perfetto per conservare i registri degli ordini dei prodotti.&#8221;<\/strong><br \/>\nPRO: se possiedi un&#8217;azienda puoi utilizzare Oracle per quasi tutto. Determinazione del prezzo, prenotazione, generazione di fatture, registrazione dei prodotti, ecc.<br \/>\nCONTRO: avrai bisogno di una formazione speciale per familiarizzare con una grande quantit\u00e0 di opzioni che ha. Avrai anche bisogno di un computer con un buon processore e una buona quantit\u00e0 di memoria<\/p>\n","protected":false},"excerpt":{"rendered":"<p>Oracle Utilities \u00e8 un software di fatturazione delle utenze utilizzato principalmente dai gestori delle forniture dell&#8217;acqua, del gas, dell&#8217;elettricit\u00e0 di societ\u00e0 di piccole, medie e grandi dimensioni. Il fine ultimo \u00e8 quello di migliorare e automatizzare tutte le attivit\u00e0 che quotidianamente richiedono un investimento di tempo ed energie.<\/p>\n","protected":false},"author":17,"featured_media":37882,"parent":37528,"menu_order":0,"comment_status":"open","ping_status":"closed","template":"g1_template_page_review_new.php","meta":{"_acf_changed":false,"cwp_meta_box_check":"No","cwp_rev_product_name":"","cwp_rev_product_image":"","wppr_links":[],"cwp_rev_price":"","wppr_options":[],"wppr_pros":[],"wppr_cons":[],"_monsterinsights_skip_tracking":false,"_monsterinsights_sitenote_active":false,"_monsterinsights_sitenote_note":"","_monsterinsights_sitenote_category":0,"footnotes":""},"categories":[5020],"tags":[5157,5122,5125,5119,5121,5124],"features":[],"class_list":{"0":"post-37878","1":"page","2":"type-page","3":"status-publish","4":"has-post-thumbnail","6":"category-programmi-per-bollette-categoria","7":"tag-bollette","8":"tag-piattaforma-per-bollette","9":"tag-programma-per-bollette","10":"tag-programmi-per-bollette","11":"tag-software-per-bollette","12":"tag-soluzione-per-bollette"},"wppr_data":{"cwp_meta_box_check":"No"},"acf":[],"yoast_head":"<!-- This site is optimized with the Yoast SEO plugin v27.4 - https:\/\/yoast.com\/product\/yoast-seo-wordpress\/ -->\n<title>Oracle Utilities: recensione programma bollette - Accurate Reviews<\/title>\n<meta name=\"description\" content=\"Oracle Utilities: recensione del software di fatturazione delle utenze utilizzato principalmente dai gestori delle forniture dei servizi.\" \/>\n<meta name=\"robots\" content=\"index, follow, max-snippet:-1, max-image-preview:large, max-video-preview:-1\" \/>\n<link rel=\"canonical\" href=\"https:\/\/www.accuratereviews.com\/it\/programmi-per-bollette\/oracle-utilities-recensione\/\" \/>\n<meta property=\"og:locale\" content=\"it_IT\" \/>\n<meta property=\"og:type\" content=\"article\" \/>\n<meta property=\"og:title\" content=\"Oracle Utilities: recensione programma bollette - Accurate Reviews\" \/>\n<meta property=\"og:description\" content=\"Oracle Utilities: recensione del software di fatturazione delle utenze utilizzato principalmente dai gestori delle forniture dei servizi.\" \/>\n<meta property=\"og:url\" content=\"https:\/\/www.accuratereviews.com\/it\/programmi-per-bollette\/oracle-utilities-recensione\/\" \/>\n<meta property=\"og:site_name\" content=\"Accurate Reviews\" \/>\n<meta property=\"og:image\" content=\"https:\/\/www.accuratereviews.com\/wp-content\/uploads\/2021\/02\/Schermata-2021-02-26-alle-15.16.57.png\" \/>\n\t<meta property=\"og:image:width\" content=\"597\" \/>\n\t<meta property=\"og:image:height\" content=\"220\" \/>\n\t<meta property=\"og:image:type\" content=\"image\/png\" \/>\n<meta name=\"twitter:card\" content=\"summary_large_image\" \/>\n<meta name=\"twitter:label1\" content=\"Tempo di lettura stimato\" \/>\n\t<meta name=\"twitter:data1\" content=\"3 minuti\" \/>\n<script type=\"application\/ld+json\" class=\"yoast-schema-graph\">{\"@context\":\"https:\\\/\\\/schema.org\",\"@graph\":[{\"@type\":\"WebPage\",\"@id\":\"https:\\\/\\\/www.accuratereviews.com\\\/it\\\/programmi-per-bollette\\\/oracle-utilities-recensione\\\/\",\"url\":\"https:\\\/\\\/www.accuratereviews.com\\\/it\\\/programmi-per-bollette\\\/oracle-utilities-recensione\\\/\",\"name\":\"Oracle Utilities: recensione programma bollette - Accurate Reviews\",\"isPartOf\":{\"@id\":\"https:\\\/\\\/www.accuratereviews.com\\\/it\\\/#website\"},\"primaryImageOfPage\":{\"@id\":\"https:\\\/\\\/www.accuratereviews.com\\\/it\\\/programmi-per-bollette\\\/oracle-utilities-recensione\\\/#primaryimage\"},\"image\":{\"@id\":\"https:\\\/\\\/www.accuratereviews.com\\\/it\\\/programmi-per-bollette\\\/oracle-utilities-recensione\\\/#primaryimage\"},\"thumbnailUrl\":\"https:\\\/\\\/www.accuratereviews.com\\\/wp-content\\\/uploads\\\/2021\\\/02\\\/Schermata-2021-02-26-alle-15.16.57.png\",\"datePublished\":\"2021-02-26T15:19:08+00:00\",\"description\":\"Oracle Utilities: recensione del software di fatturazione delle utenze utilizzato principalmente dai gestori delle forniture dei servizi.\",\"breadcrumb\":{\"@id\":\"https:\\\/\\\/www.accuratereviews.com\\\/it\\\/programmi-per-bollette\\\/oracle-utilities-recensione\\\/#breadcrumb\"},\"inLanguage\":\"it-IT\",\"potentialAction\":[{\"@type\":\"ReadAction\",\"target\":[\"https:\\\/\\\/www.accuratereviews.com\\\/it\\\/programmi-per-bollette\\\/oracle-utilities-recensione\\\/\"]}]},{\"@type\":\"ImageObject\",\"inLanguage\":\"it-IT\",\"@id\":\"https:\\\/\\\/www.accuratereviews.com\\\/it\\\/programmi-per-bollette\\\/oracle-utilities-recensione\\\/#primaryimage\",\"url\":\"https:\\\/\\\/www.accuratereviews.com\\\/wp-content\\\/uploads\\\/2021\\\/02\\\/Schermata-2021-02-26-alle-15.16.57.png\",\"contentUrl\":\"https:\\\/\\\/www.accuratereviews.com\\\/wp-content\\\/uploads\\\/2021\\\/02\\\/Schermata-2021-02-26-alle-15.16.57.png\",\"width\":597,\"height\":220},{\"@type\":\"BreadcrumbList\",\"@id\":\"https:\\\/\\\/www.accuratereviews.com\\\/it\\\/programmi-per-bollette\\\/oracle-utilities-recensione\\\/#breadcrumb\",\"itemListElement\":[{\"@type\":\"ListItem\",\"position\":1,\"name\":\"Home\",\"item\":\"https:\\\/\\\/www.accuratereviews.com\\\/it\\\/\"},{\"@type\":\"ListItem\",\"position\":2,\"name\":\"Programmi per bollette\",\"item\":\"https:\\\/\\\/www.accuratereviews.com\\\/it\\\/programmi-per-bollette\\\/\"},{\"@type\":\"ListItem\",\"position\":3,\"name\":\"Oracle Utilities\"}]},{\"@type\":\"WebSite\",\"@id\":\"https:\\\/\\\/www.accuratereviews.com\\\/it\\\/#website\",\"url\":\"https:\\\/\\\/www.accuratereviews.com\\\/it\\\/\",\"name\":\"Accurate Reviews\",\"description\":\"\",\"potentialAction\":[{\"@type\":\"SearchAction\",\"target\":{\"@type\":\"EntryPoint\",\"urlTemplate\":\"https:\\\/\\\/www.accuratereviews.com\\\/it\\\/?s={search_term_string}\"},\"query-input\":{\"@type\":\"PropertyValueSpecification\",\"valueRequired\":true,\"valueName\":\"search_term_string\"}}],\"inLanguage\":\"it-IT\"}]}<\/script>\n<!-- \/ Yoast SEO plugin. -->","yoast_head_json":{"title":"Oracle Utilities: recensione programma bollette - Accurate Reviews","description":"Oracle Utilities: recensione del software di fatturazione delle utenze utilizzato principalmente dai gestori delle forniture dei servizi.","robots":{"index":"index","follow":"follow","max-snippet":"max-snippet:-1","max-image-preview":"max-image-preview:large","max-video-preview":"max-video-preview:-1"},"canonical":"https:\/\/www.accuratereviews.com\/it\/programmi-per-bollette\/oracle-utilities-recensione\/","og_locale":"it_IT","og_type":"article","og_title":"Oracle Utilities: recensione programma bollette - Accurate Reviews","og_description":"Oracle Utilities: recensione del software di fatturazione delle utenze utilizzato principalmente dai gestori delle forniture dei servizi.","og_url":"https:\/\/www.accuratereviews.com\/it\/programmi-per-bollette\/oracle-utilities-recensione\/","og_site_name":"Accurate Reviews","og_image":[{"width":597,"height":220,"url":"https:\/\/www.accuratereviews.com\/wp-content\/uploads\/2021\/02\/Schermata-2021-02-26-alle-15.16.57.png","type":"image\/png"}],"twitter_card":"summary_large_image","twitter_misc":{"Tempo di lettura stimato":"3 minuti"},"schema":{"@context":"https:\/\/schema.org","@graph":[{"@type":"WebPage","@id":"https:\/\/www.accuratereviews.com\/it\/programmi-per-bollette\/oracle-utilities-recensione\/","url":"https:\/\/www.accuratereviews.com\/it\/programmi-per-bollette\/oracle-utilities-recensione\/","name":"Oracle Utilities: recensione programma bollette - Accurate Reviews","isPartOf":{"@id":"https:\/\/www.accuratereviews.com\/it\/#website"},"primaryImageOfPage":{"@id":"https:\/\/www.accuratereviews.com\/it\/programmi-per-bollette\/oracle-utilities-recensione\/#primaryimage"},"image":{"@id":"https:\/\/www.accuratereviews.com\/it\/programmi-per-bollette\/oracle-utilities-recensione\/#primaryimage"},"thumbnailUrl":"https:\/\/www.accuratereviews.com\/wp-content\/uploads\/2021\/02\/Schermata-2021-02-26-alle-15.16.57.png","datePublished":"2021-02-26T15:19:08+00:00","description":"Oracle Utilities: recensione del software di fatturazione delle utenze utilizzato principalmente dai gestori delle forniture dei servizi.","breadcrumb":{"@id":"https:\/\/www.accuratereviews.com\/it\/programmi-per-bollette\/oracle-utilities-recensione\/#breadcrumb"},"inLanguage":"it-IT","potentialAction":[{"@type":"ReadAction","target":["https:\/\/www.accuratereviews.com\/it\/programmi-per-bollette\/oracle-utilities-recensione\/"]}]},{"@type":"ImageObject","inLanguage":"it-IT","@id":"https:\/\/www.accuratereviews.com\/it\/programmi-per-bollette\/oracle-utilities-recensione\/#primaryimage","url":"https:\/\/www.accuratereviews.com\/wp-content\/uploads\/2021\/02\/Schermata-2021-02-26-alle-15.16.57.png","contentUrl":"https:\/\/www.accuratereviews.com\/wp-content\/uploads\/2021\/02\/Schermata-2021-02-26-alle-15.16.57.png","width":597,"height":220},{"@type":"BreadcrumbList","@id":"https:\/\/www.accuratereviews.com\/it\/programmi-per-bollette\/oracle-utilities-recensione\/#breadcrumb","itemListElement":[{"@type":"ListItem","position":1,"name":"Home","item":"https:\/\/www.accuratereviews.com\/it\/"},{"@type":"ListItem","position":2,"name":"Programmi per bollette","item":"https:\/\/www.accuratereviews.com\/it\/programmi-per-bollette\/"},{"@type":"ListItem","position":3,"name":"Oracle Utilities"}]},{"@type":"WebSite","@id":"https:\/\/www.accuratereviews.com\/it\/#website","url":"https:\/\/www.accuratereviews.com\/it\/","name":"Accurate Reviews","description":"","potentialAction":[{"@type":"SearchAction","target":{"@type":"EntryPoint","urlTemplate":"https:\/\/www.accuratereviews.com\/it\/?s={search_term_string}"},"query-input":{"@type":"PropertyValueSpecification","valueRequired":true,"valueName":"search_term_string"}}],"inLanguage":"it-IT"}]}},"_links":{"self":[{"href":"https:\/\/www.accuratereviews.com\/it\/wp-json\/wp\/v2\/pages\/37878","targetHints":{"allow":["GET"]}}],"collection":[{"href":"https:\/\/www.accuratereviews.com\/it\/wp-json\/wp\/v2\/pages"}],"about":[{"href":"https:\/\/www.accuratereviews.com\/it\/wp-json\/wp\/v2\/types\/page"}],"author":[{"embeddable":true,"href":"https:\/\/www.accuratereviews.com\/it\/wp-json\/wp\/v2\/users\/17"}],"replies":[{"embeddable":true,"href":"https:\/\/www.accuratereviews.com\/it\/wp-json\/wp\/v2\/comments?post=37878"}],"version-history":[{"count":4,"href":"https:\/\/www.accuratereviews.com\/it\/wp-json\/wp\/v2\/pages\/37878\/revisions"}],"predecessor-version":[{"id":37895,"href":"https:\/\/www.accuratereviews.com\/it\/wp-json\/wp\/v2\/pages\/37878\/revisions\/37895"}],"up":[{"embeddable":true,"href":"https:\/\/www.accuratereviews.com\/it\/wp-json\/wp\/v2\/pages\/37528"}],"wp:featuredmedia":[{"embeddable":true,"href":"https:\/\/www.accuratereviews.com\/it\/wp-json\/wp\/v2\/media\/37882"}],"wp:attachment":[{"href":"https:\/\/www.accuratereviews.com\/it\/wp-json\/wp\/v2\/media?parent=37878"}],"wp:term":[{"taxonomy":"category","embeddable":true,"href":"https:\/\/www.accuratereviews.com\/it\/wp-json\/wp\/v2\/categories?post=37878"},{"taxonomy":"post_tag","embeddable":true,"href":"https:\/\/www.accuratereviews.com\/it\/wp-json\/wp\/v2\/tags?post=37878"},{"taxonomy":"features","embeddable":true,"href":"https:\/\/www.accuratereviews.com\/it\/wp-json\/wp\/v2\/features?post=37878"}],"curies":[{"name":"wp","href":"https:\/\/api.w.org\/{rel}","templated":true}]}}