{"id":37886,"date":"2021-02-26T15:29:20","date_gmt":"2021-02-26T15:29:20","guid":{"rendered":"https:\/\/www.accuratereviews.com\/?page_id=37886"},"modified":"2021-02-26T15:29:20","modified_gmt":"2021-02-26T15:29:20","slug":"abis-recensione","status":"publish","type":"page","link":"https:\/\/www.accuratereviews.com\/it\/programmi-per-bollette\/abis-recensione\/","title":{"rendered":"ABIS"},"content":{"rendered":"<p><strong>ABIS<\/strong> \u00e8 un software ERP per la <strong>fatturazione delle utenze<\/strong> creato principalmente per migliorare il lavoro delle aziende di servizi pubblici di piccole e grandi dimensioni. Si occupa principalmente del sistema idrico, offrendo funzionalit\u00e0 avanzate come i grafici dove viene indicato l&#8217;utilizzo dell&#8217;acqua, i report sulle eventuali perdite, i calcoli riguardanti l&#8217;utilizzo (aumento o diminuzione), la gestione dei conti e anche delle relazioni con i clienti includendo un sistema CRM integrato.<br \/>\nQuesto <strong>programma per bollette<\/strong> permette di risparmiare tempo e fatica, automatizzando e migliorando la gestione delle spese, delle voci di addebito, delle rettifiche dell&#8217;account, delle fatture, delle lettere di richiesta per i clienti e degli avvisi di interruzione e di molto altro ancora.<\/p>\n<h2>ABIS &#8211; TUTORIAL<\/h2>\n<div id=\"fluid-wrapper-counter-1\" class=\"g1-fluid-wrapper \" style=\"width:686px;\">\n<div style=\"padding-bottom:56.268221574344%;\"><iframe loading=\"lazy\" title=\"Grow your Business with ABIS\" width=\"686\" height=\"386\" src=\"https:\/\/www.youtube.com\/embed\/r0vXB57efZE?feature=oembed&amp;wmode=transparent&amp;autohide=1&amp;autoplay=0&amp;disablekb=0&amp;fs=1&amp;loop=0&amp;enablejsapi=1&amp;rel=0&amp;controls=2&amp;showinfo=0&amp;wmode=transparent&amp;autohide=2&amp;autoplay=0&amp;disablekb=0&amp;fs=1&amp;loop=0&amp;enablejsapi=1&amp;rel=0&amp;controls=2&amp;showinfo=1\" frameborder=\"0\" allow=\"accelerometer; autoplay; clipboard-write; encrypted-media; gyroscope; picture-in-picture\" allowfullscreen><\/iframe><\/div>\n<\/div>\n<h3>ABIS &#8211; CARATTERISTICHE<\/h3>\n<p>Ecco le sue principali caratteristiche:<\/p>\n<p><strong>Gestione della logistica<\/strong>: ottimizza programmi e percorsi, monitora ogni articolo e semplifica l&#8217;intera logistica per massimizzare le prestazioni<br \/>\n<strong>Gestione della produzione<\/strong>: controlla il tuo ciclo di produzione e installa i processi che aumentano il margine di profitto<br \/>\n<strong>Gestione del progetto<\/strong>: pianifica, programma, gestisci i tuoi team e le risorse per portare a termine ogni progetto<br \/>\n<strong>CRM integrato<\/strong>: alimenta le tue pipeline e migliora i rapporti con i tuoi clienti<br \/>\n<strong>Gestione dell&#8217;approvvigionamento<\/strong>: prevedi il consumo di risorse, analizza la cronologia degli acquisti e cancella la ridondanza nel processo degli ordini<br \/>\n<strong>Gestione dell&#8217;inventario<\/strong>: ottimizza i livelli di inventario, anticipa le esigenze e non perdere mai pi\u00f9 una risorsa<br \/>\n<strong>Gestione della contabilit\u00e0<\/strong>: gestisci risorse, spese e monitora il flusso di cassa per ottimizzare le risorse.<\/p>\n<h4>LE RECENSIONI DEGLI UTENTI<\/h4>\n<p><strong>David D. &#8220;Un ottimo sistema ERP e se lavori su Metal, il PERFETTO sistema ERP&#8221;<\/strong><br \/>\nCOMMENTI: migliori comunicazioni in ufficio e migliore reportistica\/programmazione complessiva della produzione. Usiamo anche per la nostra contabilit\u00e0 e il nostro preventivo.<br \/>\nPRO: prima di tutto il supporto. Sei trattato meglio di un cliente, sei trattato come una famiglia. Fanno tutto il possibile per assicurarsi che il cliente sia dove deve essere. La loro conoscenza sulla lavorazione dei metalli \u00e8 la migliore che abbia mai visto e mi piace come il software sia in continua evoluzione \/ aggiornamento per rendere le cose ancora pi\u00f9 piacevoli.<br \/>\nCONTRO: il singhiozzo di implementazione, ma ammettiamolo, sarebbe successo con qualsiasi software e sono sicuro che sarebbe potuto andare molto peggio.<\/p>\n<p><strong>Mark B. &#8220;Ha creato una piattaforma eccezionale per la crescita, rispondendo alle esigenze specifiche del nostro settore&#8221;.<\/strong><br \/>\nCOMMENTI:<br \/>\n1. Riduzione degli errori di vendita<br \/>\n2. Riduzione degli errori di produzione<br \/>\n3. Riduzione degli errori di caricamento e spedizione<br \/>\n4. Riduzione del consumo di carta<br \/>\n5. Ha fornito visibilit\u00e0 in tempo reale a tutti gli aspetti delle vendite e dei cicli di produzione.<br \/>\n6. Migliore precisione dell&#8217;inventario e riduzione significativa degli sforzi necessari per la gestione.<br \/>\n7. Fornito reportistica necessaria per la certificazione IAS. (quasi impossibile con il software precedente)<br \/>\n8. Riduzione delle responsabilit\u00e0 di gestione IT.<br \/>\n9. Fornito accesso regolare\/rapido e completo per gli utenti remoti.<br \/>\n10. Fornito per impostare una gestione dei prezzi unica su base cliente per cliente.<br \/>\n11. Il &#8220;deposito documenti&#8221; fornisce un mezzo semplice per archiviare elettronicamente tutte le informazioni sui clienti e\/o sugli ordini per un facile accesso. Non \u00e8 pi\u00f9 necessario tirare cartelle di file o cercare contratti, listini prezzi, disegni di finiture personalizzate, ecc.<br \/>\n12. Si integra direttamente con le nostre apparecchiature di produzione, permettendoci di prendere un ordine dall&#8217;ingresso delle vendite alla produzione senza dover reinserire i dati. Accelera notevolmente il processo e riduce gli errori. Potrei andare avanti &#8230;<br \/>\nPRO: \u00e8 stato progettato da zero pensando al nostro settore. Si integra direttamente alle nostre apparecchiature di produzione, risparmiando tempo significativo e riducendo gli errori di reinserimento dei dati. Tiene traccia dell&#8217;utilizzo e degli scarti della bobina con facilit\u00e0. Si integra con altri software del settore come MBS. Il codice a barre aiuta a ridurre gli errori di caricamento e consegna. Il &#8220;deposito documenti&#8221; ha ridotto il nostro utilizzo della carta ben oltre il 90%. L&#8217;audit trail \u00e8 sorprendente. Non dobbiamo mai pi\u00f9 chiederci &#8220;chi ha fatto questo?&#8221; SAPPIAMO! Hai bisogno di reportistica per la certificazione IAS o MBMA? \u00c8 facile come un clic di un pulsante. Abbiamo scelto di ospitare il nostro software nel cloud. Rende il lavoro in remoto altrettanto agevole come lavorare in ufficio. Per non parlare del fatto che non mi preoccupo pi\u00f9 di mantenere il mio server, gestire gli aggiornamenti di software e rilevamento dei virus, ecc. Mi ha permesso di concentrarmi sui miei affari. Probabilmente stiamo utilizzando solo il 10-15% delle capacit\u00e0 del software. Ha fornito un&#8217;ottima piattaforma per portarci al livello successivo e oltre.<br \/>\nCONTRO: l&#8217;interfaccia utente richiede un po&#8217; di tempo per abituarsi. Non \u00e8 necessariamente intuitivo. Una volta imparato, nessun problema, ma per saltare alla cieca &#8230; farai fatica. L&#8217;implementazione di qualsiasi nuovo software sar\u00e0 molto probabilmente una sfida. Questa non ha fatto eccezione. Abbiamo tentato di fare troppo, troppo velocemente. ABIS si \u00e8 affrettato a dire &#8220;Certo, puoi farlo&#8221;, e in effetti, s\u00ec, puoi, ma &#8230; quando non sai cosa non sai, a volte prendi decisioni sbagliate. Abbiamo intrapreso una strada sbagliata che ci \u00e8 costata tempo e denaro. Niente che non fosse reversibile, ma suggerirei di dedicare molto tempo in anticipo per capire esattamente cosa vuoi trasferire dal tuo vecchio software e per capire il tuo flusso di lavoro e il modo migliore per utilizzare il sistema per lavorarci o migliorarlo.<\/p>\n","protected":false},"excerpt":{"rendered":"<p>ABIS \u00e8 un software ERP per la fatturazione delle utenze creato principalmente per migliorare il lavoro delle aziende di servizi pubblici di piccole e grandi dimensioni. Si occupa principalmente del sistema idrico, offrendo funzionalit\u00e0 avanzate come i grafici dove viene indicato l&#8217;utilizzo dell&#8217;acqua, i report sulle eventuali perdite, i calcoli riguardanti l&#8217;utilizzo (aumento o diminuzione), la gestione dei conti e anche delle relazioni con i clienti includendo un sistema CRM integrato.<\/p>\n","protected":false},"author":17,"featured_media":37887,"parent":37528,"menu_order":0,"comment_status":"open","ping_status":"closed","template":"g1_template_page_review_new.php","meta":{"_acf_changed":false,"cwp_meta_box_check":"No","cwp_rev_product_name":"","cwp_rev_product_image":"","wppr_links":[],"cwp_rev_price":"","wppr_options":[],"wppr_pros":[],"wppr_cons":[],"_monsterinsights_skip_tracking":false,"_monsterinsights_sitenote_active":false,"_monsterinsights_sitenote_note":"","_monsterinsights_sitenote_category":0,"footnotes":""},"categories":[5020],"tags":[5157,5158,5122,5125,5121,5124],"features":[],"class_list":{"0":"post-37886","1":"page","2":"type-page","3":"status-publish","4":"has-post-thumbnail","6":"category-programmi-per-bollette-categoria","7":"tag-bollette","8":"tag-fatturazione-delle-utenze","9":"tag-piattaforma-per-bollette","10":"tag-programma-per-bollette","11":"tag-software-per-bollette","12":"tag-soluzione-per-bollette"},"wppr_data":{"cwp_meta_box_check":"No"},"acf":[],"yoast_head":"<!-- This site is optimized with the Yoast SEO plugin v27.4 - https:\/\/yoast.com\/product\/yoast-seo-wordpress\/ -->\n<title>ABIS: recensione programma fatturazione utenze - Accurate Reviews<\/title>\n<meta name=\"description\" content=\"ABIS \u00e8 un software ERP per la fatturazione delle utenze creato principalmente per migliorare il lavoro delle aziende di servizi pubblici.\" \/>\n<meta name=\"robots\" content=\"index, follow, max-snippet:-1, max-image-preview:large, max-video-preview:-1\" \/>\n<link rel=\"canonical\" href=\"https:\/\/www.accuratereviews.com\/it\/programmi-per-bollette\/abis-recensione\/\" \/>\n<meta property=\"og:locale\" content=\"it_IT\" \/>\n<meta property=\"og:type\" content=\"article\" \/>\n<meta property=\"og:title\" content=\"ABIS: recensione programma fatturazione utenze - Accurate Reviews\" \/>\n<meta property=\"og:description\" content=\"ABIS \u00e8 un software ERP per la fatturazione delle utenze creato principalmente per migliorare il lavoro delle aziende di servizi pubblici.\" \/>\n<meta property=\"og:url\" content=\"https:\/\/www.accuratereviews.com\/it\/programmi-per-bollette\/abis-recensione\/\" \/>\n<meta property=\"og:site_name\" content=\"Accurate Reviews\" \/>\n<meta property=\"og:image\" content=\"https:\/\/www.accuratereviews.com\/wp-content\/uploads\/2021\/02\/noFIw48y.jpg\" \/>\n\t<meta property=\"og:image:width\" content=\"512\" \/>\n\t<meta property=\"og:image:height\" content=\"512\" \/>\n\t<meta property=\"og:image:type\" content=\"image\/jpeg\" \/>\n<meta name=\"twitter:card\" content=\"summary_large_image\" \/>\n<meta name=\"twitter:label1\" content=\"Tempo di lettura stimato\" \/>\n\t<meta name=\"twitter:data1\" content=\"4 minuti\" \/>\n<script type=\"application\/ld+json\" class=\"yoast-schema-graph\">{\"@context\":\"https:\\\/\\\/schema.org\",\"@graph\":[{\"@type\":\"WebPage\",\"@id\":\"https:\\\/\\\/www.accuratereviews.com\\\/it\\\/programmi-per-bollette\\\/abis-recensione\\\/\",\"url\":\"https:\\\/\\\/www.accuratereviews.com\\\/it\\\/programmi-per-bollette\\\/abis-recensione\\\/\",\"name\":\"ABIS: recensione programma fatturazione utenze - Accurate Reviews\",\"isPartOf\":{\"@id\":\"https:\\\/\\\/www.accuratereviews.com\\\/it\\\/#website\"},\"primaryImageOfPage\":{\"@id\":\"https:\\\/\\\/www.accuratereviews.com\\\/it\\\/programmi-per-bollette\\\/abis-recensione\\\/#primaryimage\"},\"image\":{\"@id\":\"https:\\\/\\\/www.accuratereviews.com\\\/it\\\/programmi-per-bollette\\\/abis-recensione\\\/#primaryimage\"},\"thumbnailUrl\":\"https:\\\/\\\/www.accuratereviews.com\\\/wp-content\\\/uploads\\\/2021\\\/02\\\/noFIw48y.jpg\",\"datePublished\":\"2021-02-26T15:29:20+00:00\",\"description\":\"ABIS \u00e8 un software ERP per la fatturazione delle utenze creato principalmente per migliorare il lavoro delle aziende di servizi pubblici.\",\"breadcrumb\":{\"@id\":\"https:\\\/\\\/www.accuratereviews.com\\\/it\\\/programmi-per-bollette\\\/abis-recensione\\\/#breadcrumb\"},\"inLanguage\":\"it-IT\",\"potentialAction\":[{\"@type\":\"ReadAction\",\"target\":[\"https:\\\/\\\/www.accuratereviews.com\\\/it\\\/programmi-per-bollette\\\/abis-recensione\\\/\"]}]},{\"@type\":\"ImageObject\",\"inLanguage\":\"it-IT\",\"@id\":\"https:\\\/\\\/www.accuratereviews.com\\\/it\\\/programmi-per-bollette\\\/abis-recensione\\\/#primaryimage\",\"url\":\"https:\\\/\\\/www.accuratereviews.com\\\/wp-content\\\/uploads\\\/2021\\\/02\\\/noFIw48y.jpg\",\"contentUrl\":\"https:\\\/\\\/www.accuratereviews.com\\\/wp-content\\\/uploads\\\/2021\\\/02\\\/noFIw48y.jpg\",\"width\":512,\"height\":512},{\"@type\":\"BreadcrumbList\",\"@id\":\"https:\\\/\\\/www.accuratereviews.com\\\/it\\\/programmi-per-bollette\\\/abis-recensione\\\/#breadcrumb\",\"itemListElement\":[{\"@type\":\"ListItem\",\"position\":1,\"name\":\"Home\",\"item\":\"https:\\\/\\\/www.accuratereviews.com\\\/it\\\/\"},{\"@type\":\"ListItem\",\"position\":2,\"name\":\"Programmi per bollette\",\"item\":\"https:\\\/\\\/www.accuratereviews.com\\\/it\\\/programmi-per-bollette\\\/\"},{\"@type\":\"ListItem\",\"position\":3,\"name\":\"ABIS\"}]},{\"@type\":\"WebSite\",\"@id\":\"https:\\\/\\\/www.accuratereviews.com\\\/it\\\/#website\",\"url\":\"https:\\\/\\\/www.accuratereviews.com\\\/it\\\/\",\"name\":\"Accurate Reviews\",\"description\":\"\",\"potentialAction\":[{\"@type\":\"SearchAction\",\"target\":{\"@type\":\"EntryPoint\",\"urlTemplate\":\"https:\\\/\\\/www.accuratereviews.com\\\/it\\\/?s={search_term_string}\"},\"query-input\":{\"@type\":\"PropertyValueSpecification\",\"valueRequired\":true,\"valueName\":\"search_term_string\"}}],\"inLanguage\":\"it-IT\"}]}<\/script>\n<!-- \/ Yoast SEO plugin. -->","yoast_head_json":{"title":"ABIS: recensione programma fatturazione utenze - Accurate Reviews","description":"ABIS \u00e8 un software ERP per la fatturazione delle utenze creato principalmente per migliorare il lavoro delle aziende di servizi pubblici.","robots":{"index":"index","follow":"follow","max-snippet":"max-snippet:-1","max-image-preview":"max-image-preview:large","max-video-preview":"max-video-preview:-1"},"canonical":"https:\/\/www.accuratereviews.com\/it\/programmi-per-bollette\/abis-recensione\/","og_locale":"it_IT","og_type":"article","og_title":"ABIS: recensione programma fatturazione utenze - Accurate Reviews","og_description":"ABIS \u00e8 un software ERP per la fatturazione delle utenze creato principalmente per migliorare il lavoro delle aziende di servizi pubblici.","og_url":"https:\/\/www.accuratereviews.com\/it\/programmi-per-bollette\/abis-recensione\/","og_site_name":"Accurate Reviews","og_image":[{"width":512,"height":512,"url":"https:\/\/www.accuratereviews.com\/wp-content\/uploads\/2021\/02\/noFIw48y.jpg","type":"image\/jpeg"}],"twitter_card":"summary_large_image","twitter_misc":{"Tempo di lettura stimato":"4 minuti"},"schema":{"@context":"https:\/\/schema.org","@graph":[{"@type":"WebPage","@id":"https:\/\/www.accuratereviews.com\/it\/programmi-per-bollette\/abis-recensione\/","url":"https:\/\/www.accuratereviews.com\/it\/programmi-per-bollette\/abis-recensione\/","name":"ABIS: recensione programma fatturazione utenze - Accurate Reviews","isPartOf":{"@id":"https:\/\/www.accuratereviews.com\/it\/#website"},"primaryImageOfPage":{"@id":"https:\/\/www.accuratereviews.com\/it\/programmi-per-bollette\/abis-recensione\/#primaryimage"},"image":{"@id":"https:\/\/www.accuratereviews.com\/it\/programmi-per-bollette\/abis-recensione\/#primaryimage"},"thumbnailUrl":"https:\/\/www.accuratereviews.com\/wp-content\/uploads\/2021\/02\/noFIw48y.jpg","datePublished":"2021-02-26T15:29:20+00:00","description":"ABIS \u00e8 un software ERP per la fatturazione delle utenze creato principalmente per migliorare il lavoro delle aziende di servizi pubblici.","breadcrumb":{"@id":"https:\/\/www.accuratereviews.com\/it\/programmi-per-bollette\/abis-recensione\/#breadcrumb"},"inLanguage":"it-IT","potentialAction":[{"@type":"ReadAction","target":["https:\/\/www.accuratereviews.com\/it\/programmi-per-bollette\/abis-recensione\/"]}]},{"@type":"ImageObject","inLanguage":"it-IT","@id":"https:\/\/www.accuratereviews.com\/it\/programmi-per-bollette\/abis-recensione\/#primaryimage","url":"https:\/\/www.accuratereviews.com\/wp-content\/uploads\/2021\/02\/noFIw48y.jpg","contentUrl":"https:\/\/www.accuratereviews.com\/wp-content\/uploads\/2021\/02\/noFIw48y.jpg","width":512,"height":512},{"@type":"BreadcrumbList","@id":"https:\/\/www.accuratereviews.com\/it\/programmi-per-bollette\/abis-recensione\/#breadcrumb","itemListElement":[{"@type":"ListItem","position":1,"name":"Home","item":"https:\/\/www.accuratereviews.com\/it\/"},{"@type":"ListItem","position":2,"name":"Programmi per bollette","item":"https:\/\/www.accuratereviews.com\/it\/programmi-per-bollette\/"},{"@type":"ListItem","position":3,"name":"ABIS"}]},{"@type":"WebSite","@id":"https:\/\/www.accuratereviews.com\/it\/#website","url":"https:\/\/www.accuratereviews.com\/it\/","name":"Accurate Reviews","description":"","potentialAction":[{"@type":"SearchAction","target":{"@type":"EntryPoint","urlTemplate":"https:\/\/www.accuratereviews.com\/it\/?s={search_term_string}"},"query-input":{"@type":"PropertyValueSpecification","valueRequired":true,"valueName":"search_term_string"}}],"inLanguage":"it-IT"}]}},"_links":{"self":[{"href":"https:\/\/www.accuratereviews.com\/it\/wp-json\/wp\/v2\/pages\/37886","targetHints":{"allow":["GET"]}}],"collection":[{"href":"https:\/\/www.accuratereviews.com\/it\/wp-json\/wp\/v2\/pages"}],"about":[{"href":"https:\/\/www.accuratereviews.com\/it\/wp-json\/wp\/v2\/types\/page"}],"author":[{"embeddable":true,"href":"https:\/\/www.accuratereviews.com\/it\/wp-json\/wp\/v2\/users\/17"}],"replies":[{"embeddable":true,"href":"https:\/\/www.accuratereviews.com\/it\/wp-json\/wp\/v2\/comments?post=37886"}],"version-history":[{"count":3,"href":"https:\/\/www.accuratereviews.com\/it\/wp-json\/wp\/v2\/pages\/37886\/revisions"}],"predecessor-version":[{"id":37896,"href":"https:\/\/www.accuratereviews.com\/it\/wp-json\/wp\/v2\/pages\/37886\/revisions\/37896"}],"up":[{"embeddable":true,"href":"https:\/\/www.accuratereviews.com\/it\/wp-json\/wp\/v2\/pages\/37528"}],"wp:featuredmedia":[{"embeddable":true,"href":"https:\/\/www.accuratereviews.com\/it\/wp-json\/wp\/v2\/media\/37887"}],"wp:attachment":[{"href":"https:\/\/www.accuratereviews.com\/it\/wp-json\/wp\/v2\/media?parent=37886"}],"wp:term":[{"taxonomy":"category","embeddable":true,"href":"https:\/\/www.accuratereviews.com\/it\/wp-json\/wp\/v2\/categories?post=37886"},{"taxonomy":"post_tag","embeddable":true,"href":"https:\/\/www.accuratereviews.com\/it\/wp-json\/wp\/v2\/tags?post=37886"},{"taxonomy":"features","embeddable":true,"href":"https:\/\/www.accuratereviews.com\/it\/wp-json\/wp\/v2\/features?post=37886"}],"curies":[{"name":"wp","href":"https:\/\/api.w.org\/{rel}","templated":true}]}}