{"id":37897,"date":"2021-03-01T11:45:56","date_gmt":"2021-03-01T11:45:56","guid":{"rendered":"https:\/\/www.accuratereviews.com\/?page_id=37897"},"modified":"2021-03-01T11:45:56","modified_gmt":"2021-03-01T11:45:56","slug":"skybill-recensione","status":"publish","type":"page","link":"https:\/\/www.accuratereviews.com\/it\/programmi-per-bollette\/skybill-recensione\/","title":{"rendered":"SkyBill"},"content":{"rendered":"<p><strong>SkyBill<\/strong> \u00e8 una<strong> soluzione di fatturazione delle utenze<\/strong> basata su <strong>cloud<\/strong>. La soluzione aiuta gli utenti a definire propriet\u00e0 e indirizzi di servizi per ogni cliente. Gli utenti possono impostare pi\u00f9 piani tariffari in base alla combinazione di prezzi e servizi. Il software ha un ciclo di processo di fatturazione automatizzato che recupera l&#8217;utilizzo dalle letture dei contatori, invia la fattura ai clienti e raccoglie denaro dai sistemi di pagamento bancari. La soluzione consente agli utenti di personalizzare le fatture. L&#8217;integrazione con <strong>Microsoft Dynamics NAV ERP<\/strong> fornisce un portale web self-service client e la gestione degli account in tempo reale. Gli utenti possono anche esportare i dati di fatturazione nelle loro soluzioni \u00a0di pianificazione delle risorse aziendali esistenti. Il supporto \u00e8 offerto tramite telefono ed e-mail.<\/p>\n<h2>SKYBILL &#8211; TUTORIAL<\/h2>\n<p>Guardiamo il tutorial in cui spiega come sfruttare le funzioni di questo <strong>software per bollette<\/strong>:<\/p>\n<div id=\"fluid-wrapper-counter-1\" class=\"g1-fluid-wrapper \" style=\"width:686px;\">\n<div style=\"padding-bottom:56.268221574344%;\"><iframe loading=\"lazy\" title=\"SkyBill Loan servicing module for Microsoft Dynamics 365 Bussines Central\" width=\"686\" height=\"386\" src=\"https:\/\/www.youtube.com\/embed\/WYHf0lFpwto?feature=oembed&amp;wmode=transparent&amp;autohide=1&amp;autoplay=0&amp;disablekb=0&amp;fs=1&amp;loop=0&amp;enablejsapi=1&amp;rel=0&amp;controls=2&amp;showinfo=0&amp;wmode=transparent&amp;autohide=2&amp;autoplay=0&amp;disablekb=0&amp;fs=1&amp;loop=0&amp;enablejsapi=1&amp;rel=0&amp;controls=2&amp;showinfo=1\" frameborder=\"0\" allow=\"accelerometer; autoplay; clipboard-write; encrypted-media; gyroscope; picture-in-picture\" allowfullscreen><\/iframe><\/div>\n<\/div>\n<h3>SKYBILL &#8211; CARATTERISTICHE<\/h3>\n<ul>\n<li><strong>Definisci le strutture per ogni abbonato come appartamenti, garage, attivit\u00e0 commerciali e altre propriet\u00e0:<\/strong> il cliente pu\u00f2 definire qualsiasi gruppo di propriet\u00e0 che verr\u00e0 fatturato, viene fatto per regolare le tariffe in modo pi\u00f9 preciso<\/li>\n<li><strong>Imposta le tariffe:<\/strong> calcola periodicamente le bollette in base alle letture dei contatori o alle tariffe forfettarie<\/li>\n<li><strong>Invia fatture tramite email:<\/strong> \u00e8 possibile preparare fatture da inviare tramite posta ordinaria, email, sms o inviate al portale clienti<\/li>\n<li><strong>Tieni traccia della manutenzione<\/strong> del tuo contatore<\/li>\n<li><strong>Visualizza le bollette, inserisci le letture dei contatori e visualizza lo storico dei consumi:<\/strong> il portale clienti \u00e8 incluso nel prezzo e non ci sono costi aggiuntivi per il suo utilizzo. Ha molte informazioni utili per gli inquilini, cronologia dei consumi, cronologia dei pagamenti, comunicazione con il fornitore di servizi e pagamento dei servizi online &#8211; opzionale.<\/li>\n<li><strong>Definisci un numero qualsiasi di servizi forniti in ogni propriet\u00e0:<\/strong> i pi\u00f9 comuni sono acqua, luce, gas, riscaldamento, ma possono essere anche altri servizi che devono essere fatturati regolarmente<\/li>\n<li><strong>Possibilit\u00e0 di integrare la tua soluzione di fatturazione con sistemi esterni &#8211; gateway<\/strong> per il caricamento automatico dei dati di lettura dei contatori<\/li>\n<li><strong>Puoi gestire pi\u00f9 sedi per un cliente<\/strong> e fatturarle su una o su fatture separate in base ai desideri e alle esigenze del cliente<\/li>\n<li><strong>Le tariffe possono essere impostate<\/strong> per contratto, cliente, gruppo di clienti, propriet\u00e0, quantit\u00e0 o periodo<\/li>\n<li><strong>Ottieni informazioni complete sul consumo dei tuoi abbonati:<\/strong> la soluzione \u00e8 basata sulla soluzione Dynamics NAV ERP. Significa che include tutte le funzionalit\u00e0 di contabilit\u00e0 e reporting. Per alcuni paesi sono disponibili moduli di localizzazione speciali<\/li>\n<li><strong>Gestire l&#8217;immissione manuale dei dati in blocco con un sofisticato sistema di controllo degli errori:<\/strong> prima del processo di fatturazione, il sistema eseguir\u00e0 una convalida completa dei dati e fornir\u00e0 avvisi sui dati incompleti o differenze significative rispetto al modello di utilizzo medio<\/li>\n<li><strong>Crea report personalizzati:<\/strong> \u00e8 possibile creare qualsiasi report ed esportarlo nei formati doc, pdf, csv, xls. Alcuni possono essere creati dall&#8217;utente, altri necessitano di configurazioni speciali.<\/li>\n<\/ul>\n<h4>LE RECENSIONI DEGLI UTENTI<\/h4>\n<p class=\"font-weight-bold mb-1 d-flex align-items-center\"><strong>Fergal P.&#8221;Motore di fatturazione dell&#8217;elettricit\u00e0 per un piccolo fornitore&#8221;<\/strong><\/p>\n<p><strong>Commenti: <\/strong>Skybill \u00e8 il nostro motore di fatturazione per la fornitura di elettricit\u00e0 e collegamenti a sistemi di misurazione e dati intelligenti.<\/p>\n<p><strong>Vantaggi: <\/strong>Il software \u00e8 flessibile, in grado di essere personalizzato in base alle nostre esigenze specifiche ed economico.<\/p>\n<p><strong>Inconvenienti: <\/strong>L&#8217;aspetto negativo di essere personalizzabile \u00e8 che devi scrivere il tuo manuale per la personalizzazione!<\/p>\n<p class=\"font-weight-bold mb-1 d-flex align-items-center\"><strong>Richard I.&#8221;Revisione dell&#8217;utilit\u00e0 Skybill&#8221;<\/strong><\/p>\n<p><strong>Commenti: <\/strong>Ho controllo e visibilit\u00e0 sulla mia attivit\u00e0 nel settore idrico<\/p>\n<p><strong>Vantaggi: <\/strong>\u00c8 ben progettato per lo scopo previsto. Usiamo per la fatturazione dell&#8217;acqua ed \u00e8 ben progettato e ha servito al nostro scopo. Non avevo competenze di MS Navision ma sono riuscito a installarlo e personalizzarlo per la nostra attivit\u00e0. Anche se non l&#8217;ho usato per altre funzionalit\u00e0 come la gestione dell&#8217;inventario del magazzino, credo che sia un&#8217;ottima piattaforma software che dovremo adattare per una migliore garanzia aziendale e fatturazione. Usiamo da quasi un anno ormai, ma ci siamo ancora riusciti<\/p>\n<p><strong>Inconvenienti: <\/strong>\u00c8 un po &#8216;tecnico e richiede qualcuno con buone capacit\u00e0 di ms e informatica<\/p>\n<p class=\"font-weight-bold mb-1 d-flex align-items-center\"><strong>Gints A.&#8221;SkyBill&#8221;<\/strong><\/p>\n<p><strong>Vantaggi: <\/strong>Design funzionale e molto facile da usare. Facile aggiungere contatori, clienti.\u00a0Opzioni di fatturazione flessibili basate su gruppi di clienti, contatori.<\/p>\n<p><strong>Inconvenienti: <\/strong>Dashboard pi\u00f9 personalizzabile in modo da poter collegare le scorciatoie di funzione utilizzate di frequente per un rapido accesso.<\/p>\n","protected":false},"excerpt":{"rendered":"<p>SkyBill \u00e8 una soluzione di fatturazione delle utenze\u00a0 basata su cloud. La soluzione aiuta gli utenti a definire propriet\u00e0 e indirizzi di servizi per ogni cliente. Gli utenti possono impostare pi\u00f9 piani tariffari in base alla combinazione di prezzi e servizi.\u00a0<\/p>\n","protected":false},"author":19,"featured_media":37901,"parent":37528,"menu_order":0,"comment_status":"open","ping_status":"closed","template":"g1_template_page_review_new.php","meta":{"_acf_changed":false,"cwp_meta_box_check":"Yes","cwp_rev_product_name":"","cwp_rev_product_image":"","wppr_links":[],"cwp_rev_price":"","wppr_options":[],"wppr_pros":[],"wppr_cons":[],"_monsterinsights_skip_tracking":false,"_monsterinsights_sitenote_active":false,"_monsterinsights_sitenote_note":"","_monsterinsights_sitenote_category":0,"footnotes":""},"categories":[5020],"tags":[5159,5122,5125,5181,5121,5124],"features":[],"class_list":{"0":"post-37897","1":"page","2":"type-page","3":"status-publish","4":"has-post-thumbnail","6":"category-programmi-per-bollette-categoria","7":"tag-fatturazione-utenze","8":"tag-piattaforma-per-bollette","9":"tag-programma-per-bollette","10":"tag-skybill","11":"tag-software-per-bollette","12":"tag-soluzione-per-bollette"},"wppr_data":{"cwp_meta_box_check":"Yes","cwp_rev_product_name":"","cwp_rev_product_image":"","cwp_image_link":"image","cwp_rev_price":"","wppr_rating":"0.00"},"acf":[],"yoast_head":"<!-- This site is optimized with the Yoast SEO plugin v27.4 - https:\/\/yoast.com\/product\/yoast-seo-wordpress\/ -->\n<title>SkyBill: recensione programma bollette - Accurate Reviews<\/title>\n<meta name=\"description\" content=\"SkyBill: recensione programma di fatturazione delle utenze\u00a0basato su cloud che aiuta gli utenti a definire propriet\u00e0 e indirizzi di servizi.\" \/>\n<meta name=\"robots\" content=\"index, follow, max-snippet:-1, max-image-preview:large, max-video-preview:-1\" \/>\n<link rel=\"canonical\" href=\"https:\/\/www.accuratereviews.com\/it\/programmi-per-bollette\/skybill-recensione\/\" \/>\n<meta property=\"og:locale\" content=\"it_IT\" \/>\n<meta property=\"og:type\" content=\"article\" \/>\n<meta property=\"og:title\" content=\"SkyBill: recensione programma bollette - Accurate Reviews\" \/>\n<meta property=\"og:description\" content=\"SkyBill: recensione programma di fatturazione delle utenze\u00a0basato su cloud che aiuta gli utenti a definire propriet\u00e0 e indirizzi di servizi.\" \/>\n<meta property=\"og:url\" content=\"https:\/\/www.accuratereviews.com\/it\/programmi-per-bollette\/skybill-recensione\/\" \/>\n<meta property=\"og:site_name\" content=\"Accurate Reviews\" \/>\n<meta property=\"og:image\" content=\"https:\/\/www.accuratereviews.com\/wp-content\/uploads\/2021\/02\/cgrtmyhxawmpie9rl8xr.png\" \/>\n\t<meta property=\"og:image:width\" content=\"256\" \/>\n\t<meta property=\"og:image:height\" content=\"256\" \/>\n\t<meta property=\"og:image:type\" content=\"image\/png\" \/>\n<meta name=\"twitter:card\" content=\"summary_large_image\" \/>\n<meta name=\"twitter:label1\" content=\"Tempo di lettura stimato\" \/>\n\t<meta name=\"twitter:data1\" content=\"4 minuti\" \/>\n<script type=\"application\/ld+json\" class=\"yoast-schema-graph\">{\"@context\":\"https:\\\/\\\/schema.org\",\"@graph\":[{\"@type\":\"WebPage\",\"@id\":\"https:\\\/\\\/www.accuratereviews.com\\\/it\\\/programmi-per-bollette\\\/skybill-recensione\\\/\",\"url\":\"https:\\\/\\\/www.accuratereviews.com\\\/it\\\/programmi-per-bollette\\\/skybill-recensione\\\/\",\"name\":\"SkyBill: recensione programma bollette - Accurate Reviews\",\"isPartOf\":{\"@id\":\"https:\\\/\\\/www.accuratereviews.com\\\/it\\\/#website\"},\"primaryImageOfPage\":{\"@id\":\"https:\\\/\\\/www.accuratereviews.com\\\/it\\\/programmi-per-bollette\\\/skybill-recensione\\\/#primaryimage\"},\"image\":{\"@id\":\"https:\\\/\\\/www.accuratereviews.com\\\/it\\\/programmi-per-bollette\\\/skybill-recensione\\\/#primaryimage\"},\"thumbnailUrl\":\"https:\\\/\\\/www.accuratereviews.com\\\/wp-content\\\/uploads\\\/2021\\\/02\\\/cgrtmyhxawmpie9rl8xr.png\",\"datePublished\":\"2021-03-01T11:45:56+00:00\",\"description\":\"SkyBill: recensione programma di fatturazione delle utenze\u00a0basato su cloud che aiuta gli utenti a definire propriet\u00e0 e indirizzi di servizi.\",\"breadcrumb\":{\"@id\":\"https:\\\/\\\/www.accuratereviews.com\\\/it\\\/programmi-per-bollette\\\/skybill-recensione\\\/#breadcrumb\"},\"inLanguage\":\"it-IT\",\"potentialAction\":[{\"@type\":\"ReadAction\",\"target\":[\"https:\\\/\\\/www.accuratereviews.com\\\/it\\\/programmi-per-bollette\\\/skybill-recensione\\\/\"]}]},{\"@type\":\"ImageObject\",\"inLanguage\":\"it-IT\",\"@id\":\"https:\\\/\\\/www.accuratereviews.com\\\/it\\\/programmi-per-bollette\\\/skybill-recensione\\\/#primaryimage\",\"url\":\"https:\\\/\\\/www.accuratereviews.com\\\/wp-content\\\/uploads\\\/2021\\\/02\\\/cgrtmyhxawmpie9rl8xr.png\",\"contentUrl\":\"https:\\\/\\\/www.accuratereviews.com\\\/wp-content\\\/uploads\\\/2021\\\/02\\\/cgrtmyhxawmpie9rl8xr.png\",\"width\":256,\"height\":256},{\"@type\":\"BreadcrumbList\",\"@id\":\"https:\\\/\\\/www.accuratereviews.com\\\/it\\\/programmi-per-bollette\\\/skybill-recensione\\\/#breadcrumb\",\"itemListElement\":[{\"@type\":\"ListItem\",\"position\":1,\"name\":\"Home\",\"item\":\"https:\\\/\\\/www.accuratereviews.com\\\/it\\\/\"},{\"@type\":\"ListItem\",\"position\":2,\"name\":\"Programmi per bollette\",\"item\":\"https:\\\/\\\/www.accuratereviews.com\\\/it\\\/programmi-per-bollette\\\/\"},{\"@type\":\"ListItem\",\"position\":3,\"name\":\"SkyBill\"}]},{\"@type\":\"WebSite\",\"@id\":\"https:\\\/\\\/www.accuratereviews.com\\\/it\\\/#website\",\"url\":\"https:\\\/\\\/www.accuratereviews.com\\\/it\\\/\",\"name\":\"Accurate Reviews\",\"description\":\"\",\"potentialAction\":[{\"@type\":\"SearchAction\",\"target\":{\"@type\":\"EntryPoint\",\"urlTemplate\":\"https:\\\/\\\/www.accuratereviews.com\\\/it\\\/?s={search_term_string}\"},\"query-input\":{\"@type\":\"PropertyValueSpecification\",\"valueRequired\":true,\"valueName\":\"search_term_string\"}}],\"inLanguage\":\"it-IT\"}]}<\/script>\n<!-- \/ Yoast SEO plugin. -->","yoast_head_json":{"title":"SkyBill: recensione programma bollette - Accurate Reviews","description":"SkyBill: recensione programma di fatturazione delle utenze\u00a0basato su cloud che aiuta gli utenti a definire propriet\u00e0 e indirizzi di servizi.","robots":{"index":"index","follow":"follow","max-snippet":"max-snippet:-1","max-image-preview":"max-image-preview:large","max-video-preview":"max-video-preview:-1"},"canonical":"https:\/\/www.accuratereviews.com\/it\/programmi-per-bollette\/skybill-recensione\/","og_locale":"it_IT","og_type":"article","og_title":"SkyBill: recensione programma bollette - Accurate Reviews","og_description":"SkyBill: recensione programma di fatturazione delle utenze\u00a0basato su cloud che aiuta gli utenti a definire propriet\u00e0 e indirizzi di servizi.","og_url":"https:\/\/www.accuratereviews.com\/it\/programmi-per-bollette\/skybill-recensione\/","og_site_name":"Accurate Reviews","og_image":[{"width":256,"height":256,"url":"https:\/\/www.accuratereviews.com\/wp-content\/uploads\/2021\/02\/cgrtmyhxawmpie9rl8xr.png","type":"image\/png"}],"twitter_card":"summary_large_image","twitter_misc":{"Tempo di lettura stimato":"4 minuti"},"schema":{"@context":"https:\/\/schema.org","@graph":[{"@type":"WebPage","@id":"https:\/\/www.accuratereviews.com\/it\/programmi-per-bollette\/skybill-recensione\/","url":"https:\/\/www.accuratereviews.com\/it\/programmi-per-bollette\/skybill-recensione\/","name":"SkyBill: recensione programma bollette - Accurate Reviews","isPartOf":{"@id":"https:\/\/www.accuratereviews.com\/it\/#website"},"primaryImageOfPage":{"@id":"https:\/\/www.accuratereviews.com\/it\/programmi-per-bollette\/skybill-recensione\/#primaryimage"},"image":{"@id":"https:\/\/www.accuratereviews.com\/it\/programmi-per-bollette\/skybill-recensione\/#primaryimage"},"thumbnailUrl":"https:\/\/www.accuratereviews.com\/wp-content\/uploads\/2021\/02\/cgrtmyhxawmpie9rl8xr.png","datePublished":"2021-03-01T11:45:56+00:00","description":"SkyBill: recensione programma di fatturazione delle utenze\u00a0basato su cloud che aiuta gli utenti a definire propriet\u00e0 e indirizzi di servizi.","breadcrumb":{"@id":"https:\/\/www.accuratereviews.com\/it\/programmi-per-bollette\/skybill-recensione\/#breadcrumb"},"inLanguage":"it-IT","potentialAction":[{"@type":"ReadAction","target":["https:\/\/www.accuratereviews.com\/it\/programmi-per-bollette\/skybill-recensione\/"]}]},{"@type":"ImageObject","inLanguage":"it-IT","@id":"https:\/\/www.accuratereviews.com\/it\/programmi-per-bollette\/skybill-recensione\/#primaryimage","url":"https:\/\/www.accuratereviews.com\/wp-content\/uploads\/2021\/02\/cgrtmyhxawmpie9rl8xr.png","contentUrl":"https:\/\/www.accuratereviews.com\/wp-content\/uploads\/2021\/02\/cgrtmyhxawmpie9rl8xr.png","width":256,"height":256},{"@type":"BreadcrumbList","@id":"https:\/\/www.accuratereviews.com\/it\/programmi-per-bollette\/skybill-recensione\/#breadcrumb","itemListElement":[{"@type":"ListItem","position":1,"name":"Home","item":"https:\/\/www.accuratereviews.com\/it\/"},{"@type":"ListItem","position":2,"name":"Programmi per bollette","item":"https:\/\/www.accuratereviews.com\/it\/programmi-per-bollette\/"},{"@type":"ListItem","position":3,"name":"SkyBill"}]},{"@type":"WebSite","@id":"https:\/\/www.accuratereviews.com\/it\/#website","url":"https:\/\/www.accuratereviews.com\/it\/","name":"Accurate Reviews","description":"","potentialAction":[{"@type":"SearchAction","target":{"@type":"EntryPoint","urlTemplate":"https:\/\/www.accuratereviews.com\/it\/?s={search_term_string}"},"query-input":{"@type":"PropertyValueSpecification","valueRequired":true,"valueName":"search_term_string"}}],"inLanguage":"it-IT"}]}},"_links":{"self":[{"href":"https:\/\/www.accuratereviews.com\/it\/wp-json\/wp\/v2\/pages\/37897","targetHints":{"allow":["GET"]}}],"collection":[{"href":"https:\/\/www.accuratereviews.com\/it\/wp-json\/wp\/v2\/pages"}],"about":[{"href":"https:\/\/www.accuratereviews.com\/it\/wp-json\/wp\/v2\/types\/page"}],"author":[{"embeddable":true,"href":"https:\/\/www.accuratereviews.com\/it\/wp-json\/wp\/v2\/users\/19"}],"replies":[{"embeddable":true,"href":"https:\/\/www.accuratereviews.com\/it\/wp-json\/wp\/v2\/comments?post=37897"}],"version-history":[{"count":14,"href":"https:\/\/www.accuratereviews.com\/it\/wp-json\/wp\/v2\/pages\/37897\/revisions"}],"predecessor-version":[{"id":37931,"href":"https:\/\/www.accuratereviews.com\/it\/wp-json\/wp\/v2\/pages\/37897\/revisions\/37931"}],"up":[{"embeddable":true,"href":"https:\/\/www.accuratereviews.com\/it\/wp-json\/wp\/v2\/pages\/37528"}],"wp:featuredmedia":[{"embeddable":true,"href":"https:\/\/www.accuratereviews.com\/it\/wp-json\/wp\/v2\/media\/37901"}],"wp:attachment":[{"href":"https:\/\/www.accuratereviews.com\/it\/wp-json\/wp\/v2\/media?parent=37897"}],"wp:term":[{"taxonomy":"category","embeddable":true,"href":"https:\/\/www.accuratereviews.com\/it\/wp-json\/wp\/v2\/categories?post=37897"},{"taxonomy":"post_tag","embeddable":true,"href":"https:\/\/www.accuratereviews.com\/it\/wp-json\/wp\/v2\/tags?post=37897"},{"taxonomy":"features","embeddable":true,"href":"https:\/\/www.accuratereviews.com\/it\/wp-json\/wp\/v2\/features?post=37897"}],"curies":[{"name":"wp","href":"https:\/\/api.w.org\/{rel}","templated":true}]}}