{"id":37912,"date":"2021-03-01T11:53:22","date_gmt":"2021-03-01T11:53:22","guid":{"rendered":"https:\/\/www.accuratereviews.com\/?page_id=37912"},"modified":"2021-03-02T10:45:15","modified_gmt":"2021-03-02T10:45:15","slug":"jayhawk-utility-suite-recensione","status":"publish","type":"page","link":"https:\/\/www.accuratereviews.com\/it\/programmi-per-bollette\/jayhawk-utility-suite-recensione\/","title":{"rendered":"Jayhawk Utility Suite"},"content":{"rendered":"<p><strong>Jayhawk Software<\/strong> \u00e8 una soluzione di <strong>fatturazione delle utenze<\/strong> e di contabilit\u00e0 dei fondi che si rivolge principalmente a operatori, manager contabili e revisori dei conti per citt\u00e0, distretti idrici rurali, associazioni di servizi pubblici e a clienti che desiderano un sistema\u00a0reportistico avanzato ed espandibilit\u00e0 illimitata. Si tratta di un <strong>software per bollette<\/strong> davvero efficiente che permette di migliorare la gestione delle spese con l&#8217;obiettivo di risparmiare tempo ma anche di aumentare la produttivit\u00e0. Gli utenti potranno gestire in contatori per avere una visione dettagliata che includa anche eventuali perdite d&#8217;acqua o il rilevamento di modifiche e potranno stampare i report in formato PDF per avere un&#8217;analisi precisa di tutti i periodi di fatturazione, sia precedenti che attuali.<\/p>\n<p><a href=\"https:\/\/www.accuratereviews.com\/wp-content\/uploads\/2021\/03\/accounts1-e1436198980996.png\"><img loading=\"lazy\" decoding=\"async\" class=\"aligncenter wp-image-37914 size-full\" src=\"https:\/\/www.accuratereviews.com\/wp-content\/uploads\/2021\/03\/accounts1-e1436198980996.png\" alt=\"\" width=\"700\" height=\"525\" srcset=\"https:\/\/www.accuratereviews.com\/wp-content\/uploads\/2021\/03\/accounts1-e1436198980996.png 700w, https:\/\/www.accuratereviews.com\/wp-content\/uploads\/2021\/03\/accounts1-e1436198980996-300x225.png 300w, https:\/\/www.accuratereviews.com\/wp-content\/uploads\/2021\/03\/accounts1-e1436198980996-167x125.png 167w, https:\/\/www.accuratereviews.com\/wp-content\/uploads\/2021\/03\/accounts1-e1436198980996-50x38.png 50w, https:\/\/www.accuratereviews.com\/wp-content\/uploads\/2021\/03\/accounts1-e1436198980996-636x477.png 636w, https:\/\/www.accuratereviews.com\/wp-content\/uploads\/2021\/03\/accounts1-e1436198980996-320x240.png 320w, https:\/\/www.accuratereviews.com\/wp-content\/uploads\/2021\/03\/accounts1-e1436198980996-239x179.png 239w\" sizes=\"auto, (max-width: 700px) 100vw, 700px\" \/><\/a><\/p>\n<p>&nbsp;<\/p>\n<h2>JAYHAWK SOFTWARE &#8211; CARATTERISTICHE<\/h2>\n<p>Ecco le sue principali caratteristiche:<\/p>\n<ul>\n<li><strong>Monitoraggio dei clienti flessibile e intuitivo<\/strong>: organizza e crea report sui clienti per categoria, stampa ordini, immetti o modifica le letture del contatore manualmente o dal dispositivo AMR e molto altro ancora<\/li>\n<li><strong>Gestione dettagliata del contatore<\/strong>: opzioni di letture inserite dal gruppo con avvisi Hi\/Lo\/Rollover, voce di lettura unica per la fatturazione finale di met\u00e0 ciclo e\u00a0lettura automatica dei contatori<\/li>\n<li><strong>Fatturazione, addebiti tardivi e avvisi di scadenze semplificati<\/strong>: funzioni di calcolo di addebiti per fatture, forfettari, percentuali o tariffari e addebiti tardivi, fatturazione delle utenze, stampa di bollette postali e avvisi di scadenze e fattura consolidata tramite posta elettronica (combina pi\u00f9 account su una fattura)<\/li>\n<li><strong>Pagamenti rapidi in batch<\/strong>: pi\u00f9 utenti possono inserire pagamenti in pi\u00f9 batch e puoi stampare le loro ricevute e i report sui depositi bancari<\/li>\n<li><strong>Opzioni di report flessibili<\/strong>: seleziona o ordina per percorso, categoria, classe, stato o ciclo, numero di conto, numero locale, nome, indirizzo di servizio, in base a qualsiasi intervallo di date. L&#8217;esportazione \u00e8 possibile in formato PDF o in Excel<\/li>\n<li><strong>Contabilit\u00e0 e bilanciamento semplificato<\/strong>: contabilit\u00e0 di esportazione voci GL per tutte le transazioni (fatturazione, pagamenti, addebiti in ritardo, rettifiche di servizio, depositi, ecc.), report di giornale per la verifica delle voci di GL prima della registrazione e si interfaccia con Cougar Mountain Fund o Accounting System o QuickBooks.<\/li>\n<\/ul>\n<h4>LE RECENSIONI DEGLI UTENTI<\/h4>\n<p><strong>Ellen B. &#8220;Jayhawk Rocks&#8221;<\/strong><br \/>\nCOMMENTI: consiglierei il software Jayhawk a chiunque lavori sulle utenze. Hanno esattamente ci\u00f2 di cui hanno bisogno e il loro supporto \u00e8 fantastico!! Non ho mai dovuto aspettare in fila o sentirmi dire che mi richiameranno in pochi giorni. Questo mi era gi\u00e0 accaduto durante la fatturazione e ha causato la spedizione della mia fatturazione con una settimana di ritardo !! Jayhawk \u00e8 sempre stato l\u00ec per me e mi ha fornito tutto ci\u00f2 di cui ho bisogno, sempre!<br \/>\nPRO: adoro il software Jayhawk !! \u00c8 cos\u00ec facile lavorarci mi semplifica la vita. I programmi sono semplici da imparare e funzionano davvero bene per le nostre esigenze. Il software pu\u00f2 adattarsi per soddisfare le mie esigenze. \u00c8 molto facile da usare. I report sono fantastici e mostrano tutto ci\u00f2 di cui ho bisogno &#8211; mi fa davvero risparmiare tempo che spendo per la fatturazione delle utenze. Quello che prima facevamo in una settimana con il nostro software di utilit\u00e0 precedente, ora posso farlo facilmente in un giorno !! \u00c8 sorprendente per me come hanno letto le nostre esigenze e fornito esattamente ci\u00f2 di cui avevamo bisogno.<br \/>\nCONTRO: non riesco a trovarne !!<\/p>\n<p><strong>Don R. &#8220;Citt\u00e0 di Buhler&#8221;<\/strong><br \/>\nCOMMENTI: il servizio \u00e8 eccezionale! Gli operatori sono cordiali e non devo aspettare a lungo quando ho bisogno di assistenza.<br \/>\nPRO: il sistema \u00e8 facile da usare. Abbiamo circa 550 clienti. Sono disponibili numerosi rapporti utili. Esempi di ciclo di fatturazione e assistenza sono prontamente disponibili e facili da capire.<br \/>\nCONTRO: a causa del nostro ciclo di fatturazione, quando un cliente trasferisce da una propriet\u00e0 a un&#8217;altra, a volte i rifiuti e le fognature possono essere fatturati due volte se non esaminati.<\/p>\n<p><strong>Jade S. &#8220;Office Manager&#8221;<\/strong><br \/>\nCOMMENTI: consigliamo vivamente il software Jayhawk a tutti.<br \/>\nPRO: Jayhawk \u00e8 stato pi\u00f9 che accomodante con noi qui a Quality Water. Il loro supporto clienti \u00e8 esagerato, sempre pronto a fare il possibile per portare a termine il lavoro !!<br \/>\nCONTRO: nessuno.<\/p>\n","protected":false},"excerpt":{"rendered":"<p>Jayhawk Software \u00e8 una soluzione di fatturazione delle utenze e di contabilit\u00e0 dei fondi che si rivolge principalmente a operatori, manager contabili e revisori dei conti per citt\u00e0, distretti idrici rurali, associazioni di servizi pubblici e a clienti che desiderano un sistema\u00a0reportistico avanzato ed espandibilit\u00e0 illimitata.<\/p>\n","protected":false},"author":17,"featured_media":37917,"parent":37528,"menu_order":0,"comment_status":"open","ping_status":"closed","template":"g1_template_page_review_new.php","meta":{"_acf_changed":false,"cwp_meta_box_check":"No","cwp_rev_product_name":"","cwp_rev_product_image":"","wppr_links":[],"cwp_rev_price":"","wppr_options":[],"wppr_pros":[],"wppr_cons":[],"_monsterinsights_skip_tracking":false,"_monsterinsights_sitenote_active":false,"_monsterinsights_sitenote_note":"","_monsterinsights_sitenote_category":0,"footnotes":""},"categories":[5020],"tags":[5157,5158,5122,5125,5121,5124],"features":[],"class_list":{"0":"post-37912","1":"page","2":"type-page","3":"status-publish","4":"has-post-thumbnail","6":"category-programmi-per-bollette-categoria","7":"tag-bollette","8":"tag-fatturazione-delle-utenze","9":"tag-piattaforma-per-bollette","10":"tag-programma-per-bollette","11":"tag-software-per-bollette","12":"tag-soluzione-per-bollette"},"wppr_data":{"cwp_meta_box_check":"No"},"acf":[],"yoast_head":"<!-- This site is optimized with the Yoast SEO plugin v27.4 - https:\/\/yoast.com\/product\/yoast-seo-wordpress\/ -->\n<title>Jayhawk Utility Suite: recensione porgramma bollette - Accurate Reviews<\/title>\n<meta name=\"description\" content=\"Jayhawk Software: soluzione di fatturazione delle utenze e di contabilit\u00e0 dei fondi disponibile per citt\u00e0 e distretti idrici rurali.\" \/>\n<meta name=\"robots\" content=\"index, follow, max-snippet:-1, max-image-preview:large, max-video-preview:-1\" \/>\n<link rel=\"canonical\" href=\"https:\/\/www.accuratereviews.com\/it\/programmi-per-bollette\/jayhawk-utility-suite-recensione\/\" \/>\n<meta property=\"og:locale\" content=\"it_IT\" \/>\n<meta property=\"og:type\" content=\"article\" \/>\n<meta property=\"og:title\" content=\"Jayhawk Utility Suite: recensione porgramma bollette - Accurate Reviews\" \/>\n<meta property=\"og:description\" content=\"Jayhawk Software: soluzione di fatturazione delle utenze e di contabilit\u00e0 dei fondi disponibile per citt\u00e0 e distretti idrici rurali.\" \/>\n<meta property=\"og:url\" content=\"https:\/\/www.accuratereviews.com\/it\/programmi-per-bollette\/jayhawk-utility-suite-recensione\/\" \/>\n<meta property=\"og:site_name\" content=\"Accurate Reviews\" \/>\n<meta property=\"article:modified_time\" content=\"2021-03-02T10:45:15+00:00\" \/>\n<meta property=\"og:image\" content=\"https:\/\/www.accuratereviews.com\/wp-content\/uploads\/2021\/03\/zbgpbgt84sen9hguvpgi.png\" \/>\n\t<meta property=\"og:image:width\" content=\"220\" \/>\n\t<meta property=\"og:image:height\" content=\"220\" \/>\n\t<meta property=\"og:image:type\" content=\"image\/png\" \/>\n<meta name=\"twitter:card\" content=\"summary_large_image\" \/>\n<meta name=\"twitter:label1\" content=\"Tempo di lettura stimato\" \/>\n\t<meta name=\"twitter:data1\" content=\"4 minuti\" \/>\n<script type=\"application\/ld+json\" class=\"yoast-schema-graph\">{\"@context\":\"https:\\\/\\\/schema.org\",\"@graph\":[{\"@type\":\"WebPage\",\"@id\":\"https:\\\/\\\/www.accuratereviews.com\\\/it\\\/programmi-per-bollette\\\/jayhawk-utility-suite-recensione\\\/\",\"url\":\"https:\\\/\\\/www.accuratereviews.com\\\/it\\\/programmi-per-bollette\\\/jayhawk-utility-suite-recensione\\\/\",\"name\":\"Jayhawk Utility Suite: recensione porgramma bollette - Accurate Reviews\",\"isPartOf\":{\"@id\":\"https:\\\/\\\/www.accuratereviews.com\\\/it\\\/#website\"},\"primaryImageOfPage\":{\"@id\":\"https:\\\/\\\/www.accuratereviews.com\\\/it\\\/programmi-per-bollette\\\/jayhawk-utility-suite-recensione\\\/#primaryimage\"},\"image\":{\"@id\":\"https:\\\/\\\/www.accuratereviews.com\\\/it\\\/programmi-per-bollette\\\/jayhawk-utility-suite-recensione\\\/#primaryimage\"},\"thumbnailUrl\":\"https:\\\/\\\/www.accuratereviews.com\\\/wp-content\\\/uploads\\\/2021\\\/03\\\/zbgpbgt84sen9hguvpgi.png\",\"datePublished\":\"2021-03-01T11:53:22+00:00\",\"dateModified\":\"2021-03-02T10:45:15+00:00\",\"description\":\"Jayhawk Software: soluzione di fatturazione delle utenze e di contabilit\u00e0 dei fondi disponibile per citt\u00e0 e distretti idrici rurali.\",\"breadcrumb\":{\"@id\":\"https:\\\/\\\/www.accuratereviews.com\\\/it\\\/programmi-per-bollette\\\/jayhawk-utility-suite-recensione\\\/#breadcrumb\"},\"inLanguage\":\"it-IT\",\"potentialAction\":[{\"@type\":\"ReadAction\",\"target\":[\"https:\\\/\\\/www.accuratereviews.com\\\/it\\\/programmi-per-bollette\\\/jayhawk-utility-suite-recensione\\\/\"]}]},{\"@type\":\"ImageObject\",\"inLanguage\":\"it-IT\",\"@id\":\"https:\\\/\\\/www.accuratereviews.com\\\/it\\\/programmi-per-bollette\\\/jayhawk-utility-suite-recensione\\\/#primaryimage\",\"url\":\"https:\\\/\\\/www.accuratereviews.com\\\/wp-content\\\/uploads\\\/2021\\\/03\\\/zbgpbgt84sen9hguvpgi.png\",\"contentUrl\":\"https:\\\/\\\/www.accuratereviews.com\\\/wp-content\\\/uploads\\\/2021\\\/03\\\/zbgpbgt84sen9hguvpgi.png\",\"width\":220,\"height\":220},{\"@type\":\"BreadcrumbList\",\"@id\":\"https:\\\/\\\/www.accuratereviews.com\\\/it\\\/programmi-per-bollette\\\/jayhawk-utility-suite-recensione\\\/#breadcrumb\",\"itemListElement\":[{\"@type\":\"ListItem\",\"position\":1,\"name\":\"Home\",\"item\":\"https:\\\/\\\/www.accuratereviews.com\\\/it\\\/\"},{\"@type\":\"ListItem\",\"position\":2,\"name\":\"Programmi per bollette\",\"item\":\"https:\\\/\\\/www.accuratereviews.com\\\/it\\\/programmi-per-bollette\\\/\"},{\"@type\":\"ListItem\",\"position\":3,\"name\":\"Jayhawk Utility Suite\"}]},{\"@type\":\"WebSite\",\"@id\":\"https:\\\/\\\/www.accuratereviews.com\\\/it\\\/#website\",\"url\":\"https:\\\/\\\/www.accuratereviews.com\\\/it\\\/\",\"name\":\"Accurate Reviews\",\"description\":\"\",\"potentialAction\":[{\"@type\":\"SearchAction\",\"target\":{\"@type\":\"EntryPoint\",\"urlTemplate\":\"https:\\\/\\\/www.accuratereviews.com\\\/it\\\/?s={search_term_string}\"},\"query-input\":{\"@type\":\"PropertyValueSpecification\",\"valueRequired\":true,\"valueName\":\"search_term_string\"}}],\"inLanguage\":\"it-IT\"}]}<\/script>\n<!-- \/ Yoast SEO plugin. -->","yoast_head_json":{"title":"Jayhawk Utility Suite: recensione porgramma bollette - Accurate Reviews","description":"Jayhawk Software: soluzione di fatturazione delle utenze e di contabilit\u00e0 dei fondi disponibile per citt\u00e0 e distretti idrici rurali.","robots":{"index":"index","follow":"follow","max-snippet":"max-snippet:-1","max-image-preview":"max-image-preview:large","max-video-preview":"max-video-preview:-1"},"canonical":"https:\/\/www.accuratereviews.com\/it\/programmi-per-bollette\/jayhawk-utility-suite-recensione\/","og_locale":"it_IT","og_type":"article","og_title":"Jayhawk Utility Suite: recensione porgramma bollette - Accurate Reviews","og_description":"Jayhawk Software: soluzione di fatturazione delle utenze e di contabilit\u00e0 dei fondi disponibile per citt\u00e0 e distretti idrici rurali.","og_url":"https:\/\/www.accuratereviews.com\/it\/programmi-per-bollette\/jayhawk-utility-suite-recensione\/","og_site_name":"Accurate Reviews","article_modified_time":"2021-03-02T10:45:15+00:00","og_image":[{"width":220,"height":220,"url":"https:\/\/www.accuratereviews.com\/wp-content\/uploads\/2021\/03\/zbgpbgt84sen9hguvpgi.png","type":"image\/png"}],"twitter_card":"summary_large_image","twitter_misc":{"Tempo di lettura stimato":"4 minuti"},"schema":{"@context":"https:\/\/schema.org","@graph":[{"@type":"WebPage","@id":"https:\/\/www.accuratereviews.com\/it\/programmi-per-bollette\/jayhawk-utility-suite-recensione\/","url":"https:\/\/www.accuratereviews.com\/it\/programmi-per-bollette\/jayhawk-utility-suite-recensione\/","name":"Jayhawk Utility Suite: recensione porgramma bollette - Accurate Reviews","isPartOf":{"@id":"https:\/\/www.accuratereviews.com\/it\/#website"},"primaryImageOfPage":{"@id":"https:\/\/www.accuratereviews.com\/it\/programmi-per-bollette\/jayhawk-utility-suite-recensione\/#primaryimage"},"image":{"@id":"https:\/\/www.accuratereviews.com\/it\/programmi-per-bollette\/jayhawk-utility-suite-recensione\/#primaryimage"},"thumbnailUrl":"https:\/\/www.accuratereviews.com\/wp-content\/uploads\/2021\/03\/zbgpbgt84sen9hguvpgi.png","datePublished":"2021-03-01T11:53:22+00:00","dateModified":"2021-03-02T10:45:15+00:00","description":"Jayhawk Software: soluzione di fatturazione delle utenze e di contabilit\u00e0 dei fondi disponibile per citt\u00e0 e distretti idrici rurali.","breadcrumb":{"@id":"https:\/\/www.accuratereviews.com\/it\/programmi-per-bollette\/jayhawk-utility-suite-recensione\/#breadcrumb"},"inLanguage":"it-IT","potentialAction":[{"@type":"ReadAction","target":["https:\/\/www.accuratereviews.com\/it\/programmi-per-bollette\/jayhawk-utility-suite-recensione\/"]}]},{"@type":"ImageObject","inLanguage":"it-IT","@id":"https:\/\/www.accuratereviews.com\/it\/programmi-per-bollette\/jayhawk-utility-suite-recensione\/#primaryimage","url":"https:\/\/www.accuratereviews.com\/wp-content\/uploads\/2021\/03\/zbgpbgt84sen9hguvpgi.png","contentUrl":"https:\/\/www.accuratereviews.com\/wp-content\/uploads\/2021\/03\/zbgpbgt84sen9hguvpgi.png","width":220,"height":220},{"@type":"BreadcrumbList","@id":"https:\/\/www.accuratereviews.com\/it\/programmi-per-bollette\/jayhawk-utility-suite-recensione\/#breadcrumb","itemListElement":[{"@type":"ListItem","position":1,"name":"Home","item":"https:\/\/www.accuratereviews.com\/it\/"},{"@type":"ListItem","position":2,"name":"Programmi per bollette","item":"https:\/\/www.accuratereviews.com\/it\/programmi-per-bollette\/"},{"@type":"ListItem","position":3,"name":"Jayhawk Utility Suite"}]},{"@type":"WebSite","@id":"https:\/\/www.accuratereviews.com\/it\/#website","url":"https:\/\/www.accuratereviews.com\/it\/","name":"Accurate Reviews","description":"","potentialAction":[{"@type":"SearchAction","target":{"@type":"EntryPoint","urlTemplate":"https:\/\/www.accuratereviews.com\/it\/?s={search_term_string}"},"query-input":{"@type":"PropertyValueSpecification","valueRequired":true,"valueName":"search_term_string"}}],"inLanguage":"it-IT"}]}},"_links":{"self":[{"href":"https:\/\/www.accuratereviews.com\/it\/wp-json\/wp\/v2\/pages\/37912","targetHints":{"allow":["GET"]}}],"collection":[{"href":"https:\/\/www.accuratereviews.com\/it\/wp-json\/wp\/v2\/pages"}],"about":[{"href":"https:\/\/www.accuratereviews.com\/it\/wp-json\/wp\/v2\/types\/page"}],"author":[{"embeddable":true,"href":"https:\/\/www.accuratereviews.com\/it\/wp-json\/wp\/v2\/users\/17"}],"replies":[{"embeddable":true,"href":"https:\/\/www.accuratereviews.com\/it\/wp-json\/wp\/v2\/comments?post=37912"}],"version-history":[{"count":5,"href":"https:\/\/www.accuratereviews.com\/it\/wp-json\/wp\/v2\/pages\/37912\/revisions"}],"predecessor-version":[{"id":38003,"href":"https:\/\/www.accuratereviews.com\/it\/wp-json\/wp\/v2\/pages\/37912\/revisions\/38003"}],"up":[{"embeddable":true,"href":"https:\/\/www.accuratereviews.com\/it\/wp-json\/wp\/v2\/pages\/37528"}],"wp:featuredmedia":[{"embeddable":true,"href":"https:\/\/www.accuratereviews.com\/it\/wp-json\/wp\/v2\/media\/37917"}],"wp:attachment":[{"href":"https:\/\/www.accuratereviews.com\/it\/wp-json\/wp\/v2\/media?parent=37912"}],"wp:term":[{"taxonomy":"category","embeddable":true,"href":"https:\/\/www.accuratereviews.com\/it\/wp-json\/wp\/v2\/categories?post=37912"},{"taxonomy":"post_tag","embeddable":true,"href":"https:\/\/www.accuratereviews.com\/it\/wp-json\/wp\/v2\/tags?post=37912"},{"taxonomy":"features","embeddable":true,"href":"https:\/\/www.accuratereviews.com\/it\/wp-json\/wp\/v2\/features?post=37912"}],"curies":[{"name":"wp","href":"https:\/\/api.w.org\/{rel}","templated":true}]}}