{"id":38181,"date":"2021-03-09T15:35:30","date_gmt":"2021-03-09T15:35:30","guid":{"rendered":"https:\/\/www.accuratereviews.com\/?page_id=38181"},"modified":"2021-04-28T10:52:20","modified_gmt":"2021-04-28T10:52:20","slug":"patriot-payroll-recensione","status":"publish","type":"page","link":"https:\/\/www.accuratereviews.com\/it\/programmi-buste-paga\/patriot-payroll-recensione\/","title":{"rendered":"Patriot Payroll"},"content":{"rendered":"<p><strong>Patriot Payroll, <\/strong>creato dalla Patriot Software, \u00e8 una soluzione integrata per la <strong>gestione delle risorse umane<\/strong> (HR) e delle<strong> buste paga<\/strong> che aiuta a semplificare i diversi processi associati alla gestione dei pagamenti e delle dichiarazioni fiscali. La soluzione offre strumenti per mantenere i libri mastri aggiornati, stampare assegni, stabilire depositi diretti su conti bancari, generare rapporti sui salari e inviare tasse statali e federali. Patriot Payroll offre la possibilit\u00e0 di emettere buste paga tramite depositi bancari diretti e assegni elettronici. Il software offre portali personalizzati per consentire ai dipendenti di accedere al proprio libro paga e alle relative informazioni finanziarie. La funzionalit\u00e0 di reporting dell&#8217;applicazione aiuta i dipendenti a generare i report di fine anno e a stampare i moduli W2 per la reportistica fiscale.<\/p>\n<h2>PATRIOT PAYROLL &#8211; TUTORIAL<\/h2>\n<p>Ecco una rapida panoramica di come \u00e8 possibile gestire un libro paga in 3 passaggi utilizzando questo <strong>software per buste paga<\/strong>:<\/p>\n<div id=\"fluid-wrapper-counter-1\" class=\"g1-fluid-wrapper \" style=\"width:686px;\">\n<div style=\"padding-bottom:56.268221574344%;\"><iframe loading=\"lazy\" title=\"How to run a payroll in three easy steps\" width=\"686\" height=\"386\" src=\"https:\/\/www.youtube.com\/embed\/QPUacv0EyF0?feature=oembed&amp;wmode=transparent&amp;autohide=1&amp;autoplay=0&amp;disablekb=0&amp;fs=1&amp;loop=0&amp;enablejsapi=1&amp;rel=0&amp;controls=2&amp;showinfo=0&amp;wmode=transparent&amp;autohide=2&amp;autoplay=0&amp;disablekb=0&amp;fs=1&amp;loop=0&amp;enablejsapi=1&amp;rel=0&amp;controls=2&amp;showinfo=1\" frameborder=\"0\" allow=\"accelerometer; autoplay; clipboard-write; encrypted-media; gyroscope; picture-in-picture\" allowfullscreen><\/iframe><\/div>\n<\/div>\n<h3>PATRIOT PAYROLL &#8211; CARATTERISTICHE<\/h3>\n<ul>\n<li><strong>Libro paga flessibile e personalizzabile:<\/strong> crea detrazioni e contributi personalizzabili per il tuo 401 (k), assicurazione sanitaria, pignoramenti e altro ancora<\/li>\n<li><strong>W-2 stampabili<\/strong>: utilizza carta da ufficio normale o moduli W-2<\/li>\n<li><strong>Gestisci le ore di ferie:<\/strong> imposta le regole per le ferie che verranno calcolate automaticamente<\/li>\n<li><strong>Tasso di pagamento multiplo:<\/strong> aggiungi fino a cinque tariffe salariali per ogni dipendente. \u00c8 possibile differenziare le tariffe salariali aggiungendo una descrizione a ciascuna di essa<\/li>\n<li><strong>Sicurezza garantita<\/strong>: collegati utilizzando tecniche di crittografia utilizzate anche dalle banche per mantenere le tue informazioni al sicuro<\/li>\n<li><strong>Rapporto sul credito d&#8217;imposta sui salari<\/strong>: il rapporto sul credito d&#8217;imposta sui salari mostra quali crediti hai utilizzato e quali sono rimasti<\/li>\n<li><strong>Crea regole personalizzate per gli straordinari<\/strong>:\u00a0imposta regole personalizzate per gli straordinari per mantenere la conformit\u00e0 con le politiche sugli straordinari statali o aziendali.<\/li>\n<\/ul>\n<h4>LE RECENSIONI DEGLI UTENTI<\/h4>\n<p class=\"font-weight-bold mb-1 d-flex align-items-center\"><strong>Phil L.&#8221;Molto soddisfatto &#8230; intuitivo e facile da usare&#8221;<\/strong><\/p>\n<p><strong>Commenti: <\/strong>Eccezionale. Facile da usare. Risposta rapida alle domande.<\/p>\n<p><strong>Pro: <\/strong>Intuitivo, flessibile, si adatta a tutte le mie esigenze, si prende cura dell&#8217;IRS, W2s, 1099 &#8230; Lo adoro .. Mi costerebbe quattro volte di pi\u00f9 anche solo pensare che un contabile lo faccia per me .. Eccellente per i piccoli no -profit e per gli imprenditori.<\/p>\n<p><strong>Contro: P<\/strong>roprio nessuno. Ci \u00e8 voluto un po &#8216;di tempo per la configurazione, ma \u00e8 previsto.<\/p>\n<p class=\"font-weight-bold mb-1 d-flex align-items-center\"><strong>Shana S.&#8221;Patriot Software \u00e8 la strada da percorrere!&#8221;<\/strong><\/p>\n<p><strong>Commenti: <\/strong>La mia esperienza \u00e8 stata nel complesso meravigliosa con Patriot Payroll. Sono in grado di elaborare il mio libro paga in modo semplice ed efficiente. Non ho bisogno di assistenza esterna perch\u00e9 il sistema \u00e8 cos\u00ec facile da usare che sono in grado di gestire tutte le mie esigenze da solo.<\/p>\n<p><strong>Pro: <\/strong>Patriot Software Payroll \u00e8 molto facile da usare! \u00c8 molto semplice apportare eventuali modifiche ai file dei dipendenti e anche stampare i rapporti necessari. Riesco sempre a trovare quello che cerco!<\/p>\n<p><strong>Contro: <\/strong>L&#8217;unica caratteristica che trovo frustrante \u00e8 quando inserisco le informazioni per il libro paga e quindi devo uscire dallo schermo per aggiornare un file dipendente per qualsiasi motivo e tutte le mie informazioni che ho inserito devono essere eliminate. Sarebbe meglio se le informazioni potessero essere salvate e quindi modificate in un secondo momento, se necessario. \u00c8 frustrante quando \u00e8 necessario apportare una piccola modifica a un file dipendente e quindi perdi TUTTO l&#8217;input che hai inserito per gli altri dipendenti e devi reinserire tutte le informazioni.<\/p>\n<p class=\"font-weight-bold mb-1 d-flex align-items-center\"><strong>Karen H.&#8221;Patriot \u00e8 una piattaforma straordinaria per le piccole imprese&#8221;<\/strong><\/p>\n<p><strong>Commenti: <\/strong>Sono un cliente da oltre 4 anni. Sono partito per un breve periodo pensando di poter trovare qualcosa di meglio ma dopo soli 5 mesi sono tornato in Patriot.<\/p>\n<p><strong>Vantaggi: <\/strong>Non puoi battere il prezzo della tecnologia. \u00e8 una solida piattaforma per una piccola impresa. Sviluppano costantemente nuove funzionalit\u00e0 che migliorano l&#8217;esperienza. Il loro servizio clienti \u00e8 di gran lunga il migliore del settore! Non so come facciano, ma assumono le persone pi\u00f9 gentili e disponibili.<\/p>\n<p><strong>Inconvenienti: <\/strong>I loro rapporti sono alquanto limitati e la capacit\u00e0 di acquisire la cronologia per le modifiche \u00e8 inesistente.<\/p>\n","protected":false},"excerpt":{"rendered":"<p>Patriot Payroll creato dalla Patriot Software \u00e8 una soluzione integrata per la gestione delle risorse umane (HR) e delle buste paga che aiuta a semplificare i diversi processi associati alla gestione dei pagamenti delle buste paga e delle dichiarazioni fiscali.<\/p>\n","protected":false},"author":19,"featured_media":38239,"parent":38170,"menu_order":0,"comment_status":"open","ping_status":"closed","template":"g1_template_page_review_new.php","meta":{"_acf_changed":false,"cwp_meta_box_check":"Yes","cwp_rev_product_name":"","cwp_rev_product_image":"","wppr_links":[],"cwp_rev_price":"","wppr_options":[],"wppr_pros":[],"wppr_cons":[],"_monsterinsights_skip_tracking":false,"_monsterinsights_sitenote_active":false,"_monsterinsights_sitenote_note":"","_monsterinsights_sitenote_category":0,"footnotes":""},"categories":[5273],"tags":[5296,5290,5291,5289,5294,5288,5293,5287,5292],"features":[],"class_list":{"0":"post-38181","1":"page","2":"type-page","3":"status-publish","4":"has-post-thumbnail","6":"category-programmi-buste-paga-categoria","7":"tag-patriot-payroll","8":"tag-piattaforma-buste-paga","9":"tag-piattaforma-risorse-umane","10":"tag-programma-buste-paga","11":"tag-programma-risorse-umane","12":"tag-software-buste-paga","13":"tag-software-risorse-umane","14":"tag-soluzione-buste-paga","15":"tag-soluzione-risorse-umane"},"wppr_data":{"cwp_meta_box_check":"Yes","cwp_rev_product_name":"","cwp_rev_product_image":"","cwp_image_link":"image","cwp_rev_price":"","wppr_rating":"0.00"},"acf":[],"yoast_head":"<!-- This site is optimized with the Yoast SEO plugin v27.4 - https:\/\/yoast.com\/product\/yoast-seo-wordpress\/ -->\n<title>Patriot Payroll: recensione programma buste paga - Accurate Reviews<\/title>\n<meta name=\"description\" content=\"Patriot Payroll: recensione soluzione integrata per la gestione delle risorse umane (HR) e delle buste paga creato dalla Patriot Software.\" \/>\n<meta name=\"robots\" content=\"index, follow, max-snippet:-1, max-image-preview:large, max-video-preview:-1\" \/>\n<link rel=\"canonical\" href=\"https:\/\/www.accuratereviews.com\/it\/programmi-buste-paga\/patriot-payroll-recensione\/\" \/>\n<meta property=\"og:locale\" content=\"it_IT\" \/>\n<meta property=\"og:type\" content=\"article\" \/>\n<meta property=\"og:title\" content=\"Patriot Payroll: recensione programma buste paga - Accurate Reviews\" \/>\n<meta property=\"og:description\" content=\"Patriot Payroll: recensione soluzione integrata per la gestione delle risorse umane (HR) e delle buste paga creato dalla Patriot Software.\" \/>\n<meta property=\"og:url\" content=\"https:\/\/www.accuratereviews.com\/it\/programmi-buste-paga\/patriot-payroll-recensione\/\" \/>\n<meta property=\"og:site_name\" content=\"Accurate Reviews\" \/>\n<meta property=\"article:modified_time\" content=\"2021-04-28T10:52:20+00:00\" \/>\n<meta property=\"og:image\" content=\"https:\/\/www.accuratereviews.com\/wp-content\/uploads\/2021\/03\/Patriot-Payroll.png\" \/>\n\t<meta property=\"og:image:width\" content=\"200\" \/>\n\t<meta property=\"og:image:height\" content=\"200\" \/>\n\t<meta property=\"og:image:type\" content=\"image\/png\" \/>\n<meta name=\"twitter:card\" content=\"summary_large_image\" \/>\n<meta name=\"twitter:label1\" content=\"Tempo di lettura stimato\" \/>\n\t<meta name=\"twitter:data1\" content=\"3 minuti\" \/>\n<script type=\"application\/ld+json\" class=\"yoast-schema-graph\">{\"@context\":\"https:\\\/\\\/schema.org\",\"@graph\":[{\"@type\":\"WebPage\",\"@id\":\"https:\\\/\\\/www.accuratereviews.com\\\/it\\\/programmi-buste-paga\\\/patriot-payroll-recensione\\\/\",\"url\":\"https:\\\/\\\/www.accuratereviews.com\\\/it\\\/programmi-buste-paga\\\/patriot-payroll-recensione\\\/\",\"name\":\"Patriot Payroll: recensione programma buste paga - Accurate Reviews\",\"isPartOf\":{\"@id\":\"https:\\\/\\\/www.accuratereviews.com\\\/it\\\/#website\"},\"primaryImageOfPage\":{\"@id\":\"https:\\\/\\\/www.accuratereviews.com\\\/it\\\/programmi-buste-paga\\\/patriot-payroll-recensione\\\/#primaryimage\"},\"image\":{\"@id\":\"https:\\\/\\\/www.accuratereviews.com\\\/it\\\/programmi-buste-paga\\\/patriot-payroll-recensione\\\/#primaryimage\"},\"thumbnailUrl\":\"https:\\\/\\\/www.accuratereviews.com\\\/wp-content\\\/uploads\\\/2021\\\/03\\\/Patriot-Payroll.png\",\"datePublished\":\"2021-03-09T15:35:30+00:00\",\"dateModified\":\"2021-04-28T10:52:20+00:00\",\"description\":\"Patriot Payroll: recensione soluzione integrata per la gestione delle risorse umane (HR) e delle buste paga creato dalla Patriot Software.\",\"breadcrumb\":{\"@id\":\"https:\\\/\\\/www.accuratereviews.com\\\/it\\\/programmi-buste-paga\\\/patriot-payroll-recensione\\\/#breadcrumb\"},\"inLanguage\":\"it-IT\",\"potentialAction\":[{\"@type\":\"ReadAction\",\"target\":[\"https:\\\/\\\/www.accuratereviews.com\\\/it\\\/programmi-buste-paga\\\/patriot-payroll-recensione\\\/\"]}]},{\"@type\":\"ImageObject\",\"inLanguage\":\"it-IT\",\"@id\":\"https:\\\/\\\/www.accuratereviews.com\\\/it\\\/programmi-buste-paga\\\/patriot-payroll-recensione\\\/#primaryimage\",\"url\":\"https:\\\/\\\/www.accuratereviews.com\\\/wp-content\\\/uploads\\\/2021\\\/03\\\/Patriot-Payroll.png\",\"contentUrl\":\"https:\\\/\\\/www.accuratereviews.com\\\/wp-content\\\/uploads\\\/2021\\\/03\\\/Patriot-Payroll.png\",\"width\":200,\"height\":200},{\"@type\":\"BreadcrumbList\",\"@id\":\"https:\\\/\\\/www.accuratereviews.com\\\/it\\\/programmi-buste-paga\\\/patriot-payroll-recensione\\\/#breadcrumb\",\"itemListElement\":[{\"@type\":\"ListItem\",\"position\":1,\"name\":\"Home\",\"item\":\"https:\\\/\\\/www.accuratereviews.com\\\/it\\\/\"},{\"@type\":\"ListItem\",\"position\":2,\"name\":\"Programmi per buste paga\",\"item\":\"https:\\\/\\\/www.accuratereviews.com\\\/it\\\/programmi-buste-paga\\\/\"},{\"@type\":\"ListItem\",\"position\":3,\"name\":\"Patriot Payroll\"}]},{\"@type\":\"WebSite\",\"@id\":\"https:\\\/\\\/www.accuratereviews.com\\\/it\\\/#website\",\"url\":\"https:\\\/\\\/www.accuratereviews.com\\\/it\\\/\",\"name\":\"Accurate Reviews\",\"description\":\"\",\"potentialAction\":[{\"@type\":\"SearchAction\",\"target\":{\"@type\":\"EntryPoint\",\"urlTemplate\":\"https:\\\/\\\/www.accuratereviews.com\\\/it\\\/?s={search_term_string}\"},\"query-input\":{\"@type\":\"PropertyValueSpecification\",\"valueRequired\":true,\"valueName\":\"search_term_string\"}}],\"inLanguage\":\"it-IT\"}]}<\/script>\n<!-- \/ Yoast SEO plugin. -->","yoast_head_json":{"title":"Patriot Payroll: recensione programma buste paga - Accurate Reviews","description":"Patriot Payroll: recensione soluzione integrata per la gestione delle risorse umane (HR) e delle buste paga creato dalla Patriot Software.","robots":{"index":"index","follow":"follow","max-snippet":"max-snippet:-1","max-image-preview":"max-image-preview:large","max-video-preview":"max-video-preview:-1"},"canonical":"https:\/\/www.accuratereviews.com\/it\/programmi-buste-paga\/patriot-payroll-recensione\/","og_locale":"it_IT","og_type":"article","og_title":"Patriot Payroll: recensione programma buste paga - Accurate Reviews","og_description":"Patriot Payroll: recensione soluzione integrata per la gestione delle risorse umane (HR) e delle buste paga creato dalla Patriot Software.","og_url":"https:\/\/www.accuratereviews.com\/it\/programmi-buste-paga\/patriot-payroll-recensione\/","og_site_name":"Accurate Reviews","article_modified_time":"2021-04-28T10:52:20+00:00","og_image":[{"width":200,"height":200,"url":"https:\/\/www.accuratereviews.com\/wp-content\/uploads\/2021\/03\/Patriot-Payroll.png","type":"image\/png"}],"twitter_card":"summary_large_image","twitter_misc":{"Tempo di lettura stimato":"3 minuti"},"schema":{"@context":"https:\/\/schema.org","@graph":[{"@type":"WebPage","@id":"https:\/\/www.accuratereviews.com\/it\/programmi-buste-paga\/patriot-payroll-recensione\/","url":"https:\/\/www.accuratereviews.com\/it\/programmi-buste-paga\/patriot-payroll-recensione\/","name":"Patriot Payroll: recensione programma buste paga - Accurate Reviews","isPartOf":{"@id":"https:\/\/www.accuratereviews.com\/it\/#website"},"primaryImageOfPage":{"@id":"https:\/\/www.accuratereviews.com\/it\/programmi-buste-paga\/patriot-payroll-recensione\/#primaryimage"},"image":{"@id":"https:\/\/www.accuratereviews.com\/it\/programmi-buste-paga\/patriot-payroll-recensione\/#primaryimage"},"thumbnailUrl":"https:\/\/www.accuratereviews.com\/wp-content\/uploads\/2021\/03\/Patriot-Payroll.png","datePublished":"2021-03-09T15:35:30+00:00","dateModified":"2021-04-28T10:52:20+00:00","description":"Patriot Payroll: recensione soluzione integrata per la gestione delle risorse umane (HR) e delle buste paga creato dalla Patriot Software.","breadcrumb":{"@id":"https:\/\/www.accuratereviews.com\/it\/programmi-buste-paga\/patriot-payroll-recensione\/#breadcrumb"},"inLanguage":"it-IT","potentialAction":[{"@type":"ReadAction","target":["https:\/\/www.accuratereviews.com\/it\/programmi-buste-paga\/patriot-payroll-recensione\/"]}]},{"@type":"ImageObject","inLanguage":"it-IT","@id":"https:\/\/www.accuratereviews.com\/it\/programmi-buste-paga\/patriot-payroll-recensione\/#primaryimage","url":"https:\/\/www.accuratereviews.com\/wp-content\/uploads\/2021\/03\/Patriot-Payroll.png","contentUrl":"https:\/\/www.accuratereviews.com\/wp-content\/uploads\/2021\/03\/Patriot-Payroll.png","width":200,"height":200},{"@type":"BreadcrumbList","@id":"https:\/\/www.accuratereviews.com\/it\/programmi-buste-paga\/patriot-payroll-recensione\/#breadcrumb","itemListElement":[{"@type":"ListItem","position":1,"name":"Home","item":"https:\/\/www.accuratereviews.com\/it\/"},{"@type":"ListItem","position":2,"name":"Programmi per buste paga","item":"https:\/\/www.accuratereviews.com\/it\/programmi-buste-paga\/"},{"@type":"ListItem","position":3,"name":"Patriot Payroll"}]},{"@type":"WebSite","@id":"https:\/\/www.accuratereviews.com\/it\/#website","url":"https:\/\/www.accuratereviews.com\/it\/","name":"Accurate Reviews","description":"","potentialAction":[{"@type":"SearchAction","target":{"@type":"EntryPoint","urlTemplate":"https:\/\/www.accuratereviews.com\/it\/?s={search_term_string}"},"query-input":{"@type":"PropertyValueSpecification","valueRequired":true,"valueName":"search_term_string"}}],"inLanguage":"it-IT"}]}},"_links":{"self":[{"href":"https:\/\/www.accuratereviews.com\/it\/wp-json\/wp\/v2\/pages\/38181","targetHints":{"allow":["GET"]}}],"collection":[{"href":"https:\/\/www.accuratereviews.com\/it\/wp-json\/wp\/v2\/pages"}],"about":[{"href":"https:\/\/www.accuratereviews.com\/it\/wp-json\/wp\/v2\/types\/page"}],"author":[{"embeddable":true,"href":"https:\/\/www.accuratereviews.com\/it\/wp-json\/wp\/v2\/users\/19"}],"replies":[{"embeddable":true,"href":"https:\/\/www.accuratereviews.com\/it\/wp-json\/wp\/v2\/comments?post=38181"}],"version-history":[{"count":15,"href":"https:\/\/www.accuratereviews.com\/it\/wp-json\/wp\/v2\/pages\/38181\/revisions"}],"predecessor-version":[{"id":41234,"href":"https:\/\/www.accuratereviews.com\/it\/wp-json\/wp\/v2\/pages\/38181\/revisions\/41234"}],"up":[{"embeddable":true,"href":"https:\/\/www.accuratereviews.com\/it\/wp-json\/wp\/v2\/pages\/38170"}],"wp:featuredmedia":[{"embeddable":true,"href":"https:\/\/www.accuratereviews.com\/it\/wp-json\/wp\/v2\/media\/38239"}],"wp:attachment":[{"href":"https:\/\/www.accuratereviews.com\/it\/wp-json\/wp\/v2\/media?parent=38181"}],"wp:term":[{"taxonomy":"category","embeddable":true,"href":"https:\/\/www.accuratereviews.com\/it\/wp-json\/wp\/v2\/categories?post=38181"},{"taxonomy":"post_tag","embeddable":true,"href":"https:\/\/www.accuratereviews.com\/it\/wp-json\/wp\/v2\/tags?post=38181"},{"taxonomy":"features","embeddable":true,"href":"https:\/\/www.accuratereviews.com\/it\/wp-json\/wp\/v2\/features?post=38181"}],"curies":[{"name":"wp","href":"https:\/\/api.w.org\/{rel}","templated":true}]}}