{"id":38183,"date":"2021-03-08T14:48:21","date_gmt":"2021-03-08T14:48:21","guid":{"rendered":"https:\/\/www.accuratereviews.com\/?page_id=38183"},"modified":"2021-04-28T10:56:57","modified_gmt":"2021-04-28T10:56:57","slug":"paycor-recensione","status":"publish","type":"page","link":"https:\/\/www.accuratereviews.com\/it\/programmi-buste-paga\/paycor-recensione\/","title":{"rendered":"Paycor"},"content":{"rendered":"<p><strong>Paycor<\/strong> \u00e8 una <strong>piattaforma per le risorse umane<\/strong> (HR) basata su <strong>cloud<\/strong> all-in-one che include strumenti per la gestione di reclutamento, onboarding, record dei dipendenti, orari e presenze, vantaggi, buste paga, conformit\u00e0 fiscale e altro ancora. La soluzione consente agli utenti di creare pianificazioni ricorrenti dei dipendenti, controllare la distribuzione e i costi del lavoro e gestire eventuali eccezioni, come avvisi sugli straordinari. Sono supportati pi\u00f9 metodi di tracciamento del tempo, inclusi lettori biometrici, terminali di badge, orologi del browser web e convalida mobile dagli smartphone dei dipendenti. I dipendenti possono anche visualizzare i loro programmi e richiedere un periodo di ferie dal telefono o dal browser web, mentre i manager hanno accesso al saldo delle ferie e dei congedi per malattia quando approvano le richieste. Il software include strumenti per la gestione dei calcoli e della dichiarazione delle tasse, dati 401 (k), retribuzioni dei lavoratori, buste paga, W-2 e 1099, pagamenti elettronici per il mantenimento dei figli e altro ancora.<\/p>\n<h2>PAYCOR &#8211; TUTORIAL<\/h2>\n<p>Guarda come questa soluzione aiuta le aziende offrendo la tecnologia alle risorse umane per semplificare il libro paga, il reclutamento, la gestione dell&#8217;apprendimento, l&#8217;onboarding, il monitoraggio del tempo e il reporting:<\/p>\n<div id=\"fluid-wrapper-counter-1\" class=\"g1-fluid-wrapper \" style=\"width:686px;\">\n<div style=\"padding-bottom:56.268221574344%;\"><iframe loading=\"lazy\" title=\"The Paycor Difference: Technology + Expertise\" width=\"686\" height=\"386\" src=\"https:\/\/www.youtube.com\/embed\/Oy-YwHP9UdY?feature=oembed&amp;wmode=transparent&amp;autohide=1&amp;autoplay=0&amp;disablekb=0&amp;fs=1&amp;loop=0&amp;enablejsapi=1&amp;rel=0&amp;controls=2&amp;showinfo=0&amp;wmode=transparent&amp;autohide=2&amp;autoplay=0&amp;disablekb=0&amp;fs=1&amp;loop=0&amp;enablejsapi=1&amp;rel=0&amp;controls=2&amp;showinfo=1\" frameborder=\"0\" allow=\"accelerometer; autoplay; clipboard-write; encrypted-media; gyroscope; picture-in-picture\" allowfullscreen><\/iframe><\/div>\n<\/div>\n<h3>PAYCOR &#8211; CARATTERISTICHE<\/h3>\n<ul>\n<li><strong>Sfrutta potenti funzionalit\u00e0<\/strong> come l&#8217;analisi per Time-to-Fill e Candidate Pipeline per migliorare il budget e prendere decisioni<\/li>\n<li><strong>Elimina la complessit\u00e0 della pianificazione<\/strong> delle composizioni con flussi di lavoro automatizzati e supporto decisionale guidato per garantire che stipendi, bonus e ricompense dei dipendenti siano equi e competitivi<\/li>\n<li><strong>Paga facilmente i dipendenti<\/strong>: semplifica il modo in cui paghi i dipendenti. Si integra facilmente con i tuoi libri contabili generali; accedi a tramite il tuo telefono cellulare<\/li>\n<li><strong>Modifiche in tempo reale<\/strong>: calcolo retroattivo delle variazioni salariali<\/li>\n<li><strong>Avvisi e notifiche proattivi:<\/strong> dashboard e report sui salari facili da usare. Conformit\u00e0 fiscale gratuita sui salari e supporto esperto<\/li>\n<li><strong>Straordinario e rispetto del salario minimo<\/strong>: automatizza la conformit\u00e0 con le funzionalit\u00e0 Settimana lavorativa e Sede di lavoro. Dal mantenimento della conformit\u00e0 della busta paga e l&#8217;impostazione delle notifiche del salario minimo al calcolo semplice dello straordinario medio per i dipendenti con tariffe multiple.<\/li>\n<\/ul>\n<h4>LE RECENSIONI DEGLI UTENTI<\/h4>\n<p class=\"font-weight-bold mb-1 d-flex align-items-center\"><strong>Elizabeth B.&#8221;Paycor \u00e8 facile da usare e semplifica la gestione della mia presa di forza&#8221;<\/strong><\/p>\n<p><strong>Commenti: <\/strong>Nel complesso, ho trovato Paycor facile da usare e relativamente economico rispetto ad altre opzioni.<\/p>\n<p><strong>Pro: <\/strong>La nostra azienda utilizza paycor per la gestione delle risorse umane. \u00c8 semplice visualizzare le buste paga, gestire il team e verificare i vantaggi. Mi piace il menu e la facilit\u00e0 di navigazione.<\/p>\n<p><strong>Contro: <\/strong>Pu\u00f2 essere fonte di confusione gestire e visualizzare le tue PTO \/ ore di squadra, ecc. Vorrei che le persone fossero in grado di modificare i loro contributi sui salari per la trattenuta federale sul sito.<\/p>\n<p class=\"font-weight-bold mb-1 d-flex align-items-center\"><strong>Matthew Q.&#8221;Tieni traccia del tuo tempo e vieni pagato&#8221;<\/strong><\/p>\n<p><strong>Commenti: <\/strong>A parte alcuni problemi di connettivit\u00e0 con la banda larga mobile, l&#8217;app funziona benissimo sul mio desktop e sul mio telefono. \u00c8 sicuro e facile da usare.<\/p>\n<p><strong>Pro: <\/strong>L&#8217;App sul tuo telefono ti d\u00e0 la possibilit\u00e0 di accedere al lavoro. Se lavori da casa durante questa pandemia, \u00e8 anche molto facile accedere. Molto conveniente. Puoi anche richiedere un periodo di ferie e mantiene anche l&#8217;ora esatta delle tue ore di vacanza. Se hai un Iphone pi\u00f9 recente, puoi persino accedere con la tua faccia!<\/p>\n<p><strong>Contro: <\/strong>A volte, l&#8217;app non timbra il cartellino. Attribuisco questo problema al segnale Internet. \u00c8 meglio che tu acceda tramite WiFi. La mia banda larga mobile mi ha dato problemi a registrare le mie ore lavorative.<\/p>\n<p class=\"font-weight-bold mb-1 d-flex align-items-center\"><strong>Jim B.&#8221;Porta a termine il lavoro, con poco follow-up&#8221;<\/strong><\/p>\n<p><strong>Commenti: <\/strong>Questo fa davvero bene il lavoro e siamo in grado di monitorare diverse aree di allocazioni organizzative e di monitoraggio delle tasse che non siamo stati in grado di monitorare con un altro software popolare. Una volta apportata una modifica, posso essere certo che verr\u00e0 eseguita correttamente.<\/p>\n<p><strong>Pro: <\/strong>Gran parte del software \u00e8 abbastanza intuitivo. Ho utilizzato anche altri software per il libro paga, ma questo ha semplicemente senso. Area generale per profilo, retribuzione, detrazioni, con diverse aree per codificare in modo specifico i codici dell&#8217;organizzazione e lavorare con le allocazioni. Sembra essere in grado di fare ci\u00f2 di cui abbiamo bisogno. Le domande vengono affrontate abbastanza rapidamente, anche se durante il periodo delle tasse l&#8217;attesa per una persona dal vivo pu\u00f2 essere di 15-20 minuti.<\/p>\n<p><strong>Contro: <\/strong>Avevamo impostato diversi codici diversi per 401 (k), che il software non combinava per un importo totale, quindi era necessario tracciare manualmente per un paio di dipendenti. Questo \u00e8 stato un peccato, ma non ci ha influenzato troppo. La stesura del report \u00e8 migliore di molte aziende con cui ho lavorato.<\/p>\n<div class=\"ml-4 pl-4 border-left border-left__dotted i18n-translation_vendor_container\" data-translation-id=\"2414575\" data-translation-vendor-target=\"original\">\n<div class=\"d-flex flex-wrap flex-md-nowrap align-items-center\">\n<h4 class=\"h5 font-weight-bold\"><\/h4>\n<\/div>\n<\/div>\n<div class=\"ml-4 pl-4 border-left border-left__dotted i18n-translation_vendor_container\" data-translation-id=\"2488676\" data-translation-vendor-target=\"original\">\n<div class=\"d-flex flex-wrap flex-md-nowrap align-items-center\">\n<h4 class=\"h5 font-weight-bold\"><\/h4>\n<\/div>\n<\/div>\n<p>&nbsp;<\/p>\n","protected":false},"excerpt":{"rendered":"<p>Paycor \u00e8 una piattaforma per le risorse umane (HR) basata su cloud all-in-one che include strumenti per la gestione di reclutamento, onboarding, record dei dipendenti, orari e presenze, vantaggi, buste paga, conformit\u00e0 fiscale e altro ancora. La soluzione\u00a0consente agli utenti di creare pianificazioni ricorrenti dei dipendenti, controllare la distribuzione e i costi del lavoro e gestire eventuali eccezioni, come avvisi sugli straordinari.<\/p>\n","protected":false},"author":19,"featured_media":38185,"parent":38170,"menu_order":0,"comment_status":"open","ping_status":"closed","template":"g1_template_page_review_new.php","meta":{"_acf_changed":false,"cwp_meta_box_check":"Yes","cwp_rev_product_name":"","cwp_rev_product_image":"","wppr_links":[],"cwp_rev_price":"","wppr_options":[],"wppr_pros":[],"wppr_cons":[],"_monsterinsights_skip_tracking":false,"_monsterinsights_sitenote_active":false,"_monsterinsights_sitenote_note":"","_monsterinsights_sitenote_category":0,"footnotes":""},"categories":[5273],"tags":[396,4515,5295,5290,5291,5289,5294,5288,5293,5287,5292],"features":[],"class_list":{"0":"post-38183","1":"page","2":"type-page","3":"status-publish","4":"has-post-thumbnail","6":"category-programmi-buste-paga-categoria","7":"tag-cloud","8":"tag-gestione-buste-paga","9":"tag-paycor","10":"tag-piattaforma-buste-paga","11":"tag-piattaforma-risorse-umane","12":"tag-programma-buste-paga","13":"tag-programma-risorse-umane","14":"tag-software-buste-paga","15":"tag-software-risorse-umane","16":"tag-soluzione-buste-paga","17":"tag-soluzione-risorse-umane"},"wppr_data":{"cwp_meta_box_check":"Yes","cwp_rev_product_name":"","cwp_rev_product_image":"","cwp_image_link":"image","cwp_rev_price":"","wppr_rating":"0.00"},"acf":[],"yoast_head":"<!-- This site is optimized with the Yoast SEO plugin v27.4 - https:\/\/yoast.com\/product\/yoast-seo-wordpress\/ -->\n<title>Paycor: recensione programma buste paga - Accurate Reviews<\/title>\n<meta name=\"description\" content=\"Paycor: recensione piattaforma per le risorse umane (HR) basata su cloud all-in-one che include strumenti per la gestione del personale.\" \/>\n<meta name=\"robots\" content=\"index, follow, max-snippet:-1, max-image-preview:large, max-video-preview:-1\" \/>\n<link rel=\"canonical\" href=\"https:\/\/www.accuratereviews.com\/it\/programmi-buste-paga\/paycor-recensione\/\" \/>\n<meta property=\"og:locale\" content=\"it_IT\" \/>\n<meta property=\"og:type\" content=\"article\" \/>\n<meta property=\"og:title\" content=\"Paycor: recensione programma buste paga - Accurate Reviews\" \/>\n<meta property=\"og:description\" content=\"Paycor: recensione piattaforma per le risorse umane (HR) basata su cloud all-in-one che include strumenti per la gestione del personale.\" \/>\n<meta property=\"og:url\" content=\"https:\/\/www.accuratereviews.com\/it\/programmi-buste-paga\/paycor-recensione\/\" \/>\n<meta property=\"og:site_name\" content=\"Accurate Reviews\" \/>\n<meta property=\"article:modified_time\" content=\"2021-04-28T10:56:57+00:00\" \/>\n<meta property=\"og:image\" content=\"https:\/\/www.accuratereviews.com\/wp-content\/uploads\/2021\/03\/PAYCOR.png\" \/>\n\t<meta property=\"og:image:width\" content=\"200\" \/>\n\t<meta property=\"og:image:height\" content=\"200\" \/>\n\t<meta property=\"og:image:type\" content=\"image\/png\" \/>\n<meta name=\"twitter:card\" content=\"summary_large_image\" \/>\n<meta name=\"twitter:label1\" content=\"Tempo di lettura stimato\" \/>\n\t<meta name=\"twitter:data1\" content=\"4 minuti\" \/>\n<script type=\"application\/ld+json\" class=\"yoast-schema-graph\">{\"@context\":\"https:\\\/\\\/schema.org\",\"@graph\":[{\"@type\":\"WebPage\",\"@id\":\"https:\\\/\\\/www.accuratereviews.com\\\/it\\\/programmi-buste-paga\\\/paycor-recensione\\\/\",\"url\":\"https:\\\/\\\/www.accuratereviews.com\\\/it\\\/programmi-buste-paga\\\/paycor-recensione\\\/\",\"name\":\"Paycor: recensione programma buste paga - Accurate Reviews\",\"isPartOf\":{\"@id\":\"https:\\\/\\\/www.accuratereviews.com\\\/it\\\/#website\"},\"primaryImageOfPage\":{\"@id\":\"https:\\\/\\\/www.accuratereviews.com\\\/it\\\/programmi-buste-paga\\\/paycor-recensione\\\/#primaryimage\"},\"image\":{\"@id\":\"https:\\\/\\\/www.accuratereviews.com\\\/it\\\/programmi-buste-paga\\\/paycor-recensione\\\/#primaryimage\"},\"thumbnailUrl\":\"https:\\\/\\\/www.accuratereviews.com\\\/wp-content\\\/uploads\\\/2021\\\/03\\\/PAYCOR.png\",\"datePublished\":\"2021-03-08T14:48:21+00:00\",\"dateModified\":\"2021-04-28T10:56:57+00:00\",\"description\":\"Paycor: recensione piattaforma per le risorse umane (HR) basata su cloud all-in-one che include strumenti per la gestione del personale.\",\"breadcrumb\":{\"@id\":\"https:\\\/\\\/www.accuratereviews.com\\\/it\\\/programmi-buste-paga\\\/paycor-recensione\\\/#breadcrumb\"},\"inLanguage\":\"it-IT\",\"potentialAction\":[{\"@type\":\"ReadAction\",\"target\":[\"https:\\\/\\\/www.accuratereviews.com\\\/it\\\/programmi-buste-paga\\\/paycor-recensione\\\/\"]}]},{\"@type\":\"ImageObject\",\"inLanguage\":\"it-IT\",\"@id\":\"https:\\\/\\\/www.accuratereviews.com\\\/it\\\/programmi-buste-paga\\\/paycor-recensione\\\/#primaryimage\",\"url\":\"https:\\\/\\\/www.accuratereviews.com\\\/wp-content\\\/uploads\\\/2021\\\/03\\\/PAYCOR.png\",\"contentUrl\":\"https:\\\/\\\/www.accuratereviews.com\\\/wp-content\\\/uploads\\\/2021\\\/03\\\/PAYCOR.png\",\"width\":200,\"height\":200},{\"@type\":\"BreadcrumbList\",\"@id\":\"https:\\\/\\\/www.accuratereviews.com\\\/it\\\/programmi-buste-paga\\\/paycor-recensione\\\/#breadcrumb\",\"itemListElement\":[{\"@type\":\"ListItem\",\"position\":1,\"name\":\"Home\",\"item\":\"https:\\\/\\\/www.accuratereviews.com\\\/it\\\/\"},{\"@type\":\"ListItem\",\"position\":2,\"name\":\"Programmi per buste paga\",\"item\":\"https:\\\/\\\/www.accuratereviews.com\\\/it\\\/programmi-buste-paga\\\/\"},{\"@type\":\"ListItem\",\"position\":3,\"name\":\"Paycor\"}]},{\"@type\":\"WebSite\",\"@id\":\"https:\\\/\\\/www.accuratereviews.com\\\/it\\\/#website\",\"url\":\"https:\\\/\\\/www.accuratereviews.com\\\/it\\\/\",\"name\":\"Accurate Reviews\",\"description\":\"\",\"potentialAction\":[{\"@type\":\"SearchAction\",\"target\":{\"@type\":\"EntryPoint\",\"urlTemplate\":\"https:\\\/\\\/www.accuratereviews.com\\\/it\\\/?s={search_term_string}\"},\"query-input\":{\"@type\":\"PropertyValueSpecification\",\"valueRequired\":true,\"valueName\":\"search_term_string\"}}],\"inLanguage\":\"it-IT\"}]}<\/script>\n<!-- \/ Yoast SEO plugin. -->","yoast_head_json":{"title":"Paycor: recensione programma buste paga - Accurate Reviews","description":"Paycor: recensione piattaforma per le risorse umane (HR) basata su cloud all-in-one che include strumenti per la gestione del personale.","robots":{"index":"index","follow":"follow","max-snippet":"max-snippet:-1","max-image-preview":"max-image-preview:large","max-video-preview":"max-video-preview:-1"},"canonical":"https:\/\/www.accuratereviews.com\/it\/programmi-buste-paga\/paycor-recensione\/","og_locale":"it_IT","og_type":"article","og_title":"Paycor: recensione programma buste paga - Accurate Reviews","og_description":"Paycor: recensione piattaforma per le risorse umane (HR) basata su cloud all-in-one che include strumenti per la gestione del personale.","og_url":"https:\/\/www.accuratereviews.com\/it\/programmi-buste-paga\/paycor-recensione\/","og_site_name":"Accurate Reviews","article_modified_time":"2021-04-28T10:56:57+00:00","og_image":[{"width":200,"height":200,"url":"https:\/\/www.accuratereviews.com\/wp-content\/uploads\/2021\/03\/PAYCOR.png","type":"image\/png"}],"twitter_card":"summary_large_image","twitter_misc":{"Tempo di lettura stimato":"4 minuti"},"schema":{"@context":"https:\/\/schema.org","@graph":[{"@type":"WebPage","@id":"https:\/\/www.accuratereviews.com\/it\/programmi-buste-paga\/paycor-recensione\/","url":"https:\/\/www.accuratereviews.com\/it\/programmi-buste-paga\/paycor-recensione\/","name":"Paycor: recensione programma buste paga - Accurate Reviews","isPartOf":{"@id":"https:\/\/www.accuratereviews.com\/it\/#website"},"primaryImageOfPage":{"@id":"https:\/\/www.accuratereviews.com\/it\/programmi-buste-paga\/paycor-recensione\/#primaryimage"},"image":{"@id":"https:\/\/www.accuratereviews.com\/it\/programmi-buste-paga\/paycor-recensione\/#primaryimage"},"thumbnailUrl":"https:\/\/www.accuratereviews.com\/wp-content\/uploads\/2021\/03\/PAYCOR.png","datePublished":"2021-03-08T14:48:21+00:00","dateModified":"2021-04-28T10:56:57+00:00","description":"Paycor: recensione piattaforma per le risorse umane (HR) basata su cloud all-in-one che include strumenti per la gestione del personale.","breadcrumb":{"@id":"https:\/\/www.accuratereviews.com\/it\/programmi-buste-paga\/paycor-recensione\/#breadcrumb"},"inLanguage":"it-IT","potentialAction":[{"@type":"ReadAction","target":["https:\/\/www.accuratereviews.com\/it\/programmi-buste-paga\/paycor-recensione\/"]}]},{"@type":"ImageObject","inLanguage":"it-IT","@id":"https:\/\/www.accuratereviews.com\/it\/programmi-buste-paga\/paycor-recensione\/#primaryimage","url":"https:\/\/www.accuratereviews.com\/wp-content\/uploads\/2021\/03\/PAYCOR.png","contentUrl":"https:\/\/www.accuratereviews.com\/wp-content\/uploads\/2021\/03\/PAYCOR.png","width":200,"height":200},{"@type":"BreadcrumbList","@id":"https:\/\/www.accuratereviews.com\/it\/programmi-buste-paga\/paycor-recensione\/#breadcrumb","itemListElement":[{"@type":"ListItem","position":1,"name":"Home","item":"https:\/\/www.accuratereviews.com\/it\/"},{"@type":"ListItem","position":2,"name":"Programmi per buste paga","item":"https:\/\/www.accuratereviews.com\/it\/programmi-buste-paga\/"},{"@type":"ListItem","position":3,"name":"Paycor"}]},{"@type":"WebSite","@id":"https:\/\/www.accuratereviews.com\/it\/#website","url":"https:\/\/www.accuratereviews.com\/it\/","name":"Accurate Reviews","description":"","potentialAction":[{"@type":"SearchAction","target":{"@type":"EntryPoint","urlTemplate":"https:\/\/www.accuratereviews.com\/it\/?s={search_term_string}"},"query-input":{"@type":"PropertyValueSpecification","valueRequired":true,"valueName":"search_term_string"}}],"inLanguage":"it-IT"}]}},"_links":{"self":[{"href":"https:\/\/www.accuratereviews.com\/it\/wp-json\/wp\/v2\/pages\/38183","targetHints":{"allow":["GET"]}}],"collection":[{"href":"https:\/\/www.accuratereviews.com\/it\/wp-json\/wp\/v2\/pages"}],"about":[{"href":"https:\/\/www.accuratereviews.com\/it\/wp-json\/wp\/v2\/types\/page"}],"author":[{"embeddable":true,"href":"https:\/\/www.accuratereviews.com\/it\/wp-json\/wp\/v2\/users\/19"}],"replies":[{"embeddable":true,"href":"https:\/\/www.accuratereviews.com\/it\/wp-json\/wp\/v2\/comments?post=38183"}],"version-history":[{"count":11,"href":"https:\/\/www.accuratereviews.com\/it\/wp-json\/wp\/v2\/pages\/38183\/revisions"}],"predecessor-version":[{"id":41239,"href":"https:\/\/www.accuratereviews.com\/it\/wp-json\/wp\/v2\/pages\/38183\/revisions\/41239"}],"up":[{"embeddable":true,"href":"https:\/\/www.accuratereviews.com\/it\/wp-json\/wp\/v2\/pages\/38170"}],"wp:featuredmedia":[{"embeddable":true,"href":"https:\/\/www.accuratereviews.com\/it\/wp-json\/wp\/v2\/media\/38185"}],"wp:attachment":[{"href":"https:\/\/www.accuratereviews.com\/it\/wp-json\/wp\/v2\/media?parent=38183"}],"wp:term":[{"taxonomy":"category","embeddable":true,"href":"https:\/\/www.accuratereviews.com\/it\/wp-json\/wp\/v2\/categories?post=38183"},{"taxonomy":"post_tag","embeddable":true,"href":"https:\/\/www.accuratereviews.com\/it\/wp-json\/wp\/v2\/tags?post=38183"},{"taxonomy":"features","embeddable":true,"href":"https:\/\/www.accuratereviews.com\/it\/wp-json\/wp\/v2\/features?post=38183"}],"curies":[{"name":"wp","href":"https:\/\/api.w.org\/{rel}","templated":true}]}}