{"id":38269,"date":"2021-03-10T13:13:46","date_gmt":"2021-03-10T13:13:46","guid":{"rendered":"https:\/\/www.accuratereviews.com\/?page_id=38269"},"modified":"2021-04-28T11:12:25","modified_gmt":"2021-04-28T11:12:25","slug":"dayforce-hcm-recensione","status":"publish","type":"page","link":"https:\/\/www.accuratereviews.com\/it\/programmi-buste-paga\/dayforce-hcm-recensione\/","title":{"rendered":"Dayforce HCM"},"content":{"rendered":"<p><strong>Dayforce HCM<\/strong>, creato da Ceridian, \u00e8 una <strong>soluzione basata su cloud per libro paga<\/strong>, gestione della forza lavoro, analisi, risorse umane, gestione dei talenti e dei documenti. Con rapporti dettagliati sui dipendenti, le organizzazioni possono trovare e assumere le persone giuste, creare programmi che supportano l&#8217;equilibrio tra lavoro e vita privata, gestire lo sviluppo dei dipendenti, elaborare la retribuzione e amministrare i benefici. Fornendo un&#8217;unica applicazione per tutte le esigenze di gestione del capitale umano, <strong>Dayforce<\/strong> elimina gli errori causati dalle applicazioni disconnesse. Con un record del dipendente e una serie di regole, tutte le transazioni effettuate all&#8217;interno dell&#8217;applicazione fluiscono senza problemi in tutte le aree funzionali in tempo reale, eliminando la necessit\u00e0 di duplicare l&#8217;immissione dei dati, soluzioni manuali e processi batch.<\/p>\n<h2>DAYFORCE HCM &#8211; TUTORIAL<\/h2>\n<p>Il tutorial che segue mostra come utilizzare l&#8217;applicazione mobile di questo <strong>programma per busta paga<\/strong>:<\/p>\n<div id=\"fluid-wrapper-counter-1\" class=\"g1-fluid-wrapper \" style=\"width:686px;\">\n<div style=\"padding-bottom:56.268221574344%;\"><iframe loading=\"lazy\" title=\"Dayforce HCM Mobile App Training\" width=\"686\" height=\"386\" src=\"https:\/\/www.youtube.com\/embed\/HLbLEEUKCbU?feature=oembed&amp;wmode=transparent&amp;autohide=1&amp;autoplay=0&amp;disablekb=0&amp;fs=1&amp;loop=0&amp;enablejsapi=1&amp;rel=0&amp;controls=2&amp;showinfo=0&amp;wmode=transparent&amp;autohide=2&amp;autoplay=0&amp;disablekb=0&amp;fs=1&amp;loop=0&amp;enablejsapi=1&amp;rel=0&amp;controls=2&amp;showinfo=1\" frameborder=\"0\" allow=\"accelerometer; autoplay; clipboard-write; encrypted-media; gyroscope; picture-in-picture\" allowfullscreen><\/iframe><\/div>\n<\/div>\n<h3>DAYFORCE HCM &#8211; CARATTERISTICHE<\/h3>\n<ul>\n<li><strong>Recluta i migliori talenti prima dei concorrenti<\/strong>: attira i candidati giusti per crescere con la tua azienda, snellendo le tempistiche di assunzione<\/li>\n<li><strong>Alimenta i collaboratori per ridurre il turnover<\/strong>: offri opzioni di lavoro e retribuzione flessibili con strumenti mobili e self-service per dare la priorit\u00e0 al benessere e alla combinazione tra lavoro e vita lavorativa<\/li>\n<li><strong>Costruisci una cultura dell&#8217;apprendimento continuo<\/strong>: consenti ai tuoi collaboratori di sviluppare le loro capacit\u00e0 in movimento con strumenti di formazione mobile che funzionano online e offline<\/li>\n<li><strong>Prendi decisioni ragionate in tempo reale<\/strong>: accedi ai dati e ai rapporti corretti per ottenere visibilit\u00e0 sulle prestazioni dell&#8217;attivit\u00e0, in modo che i manager possano agire immediatamente<\/li>\n<li><strong>Lavora in modo intelligente riducendo i rischi<\/strong>: semplifica il carico di lavoro con la pianificazione del lavoro e gli strumenti di retribuzione che possono essere configurati con garanzie di conformit\u00e0 integrate<\/li>\n<li><strong>Motivare i collaboratori con fiducia<\/strong>: connetti perfettamente il libro paga con strumenti di retribuzione basati sui dati per apportare modifiche di fine anno in tutta sicurezza.<\/li>\n<\/ul>\n<h4>LE RECENSIONI DEGLI UTENTI<\/h4>\n<p class=\"font-weight-bold mb-1 d-flex align-items-center\"><strong>Shreshthi M.&#8221;Dayforce: software per risorse umane e salari&#8221;<\/strong><\/p>\n<p><strong>Commenti: <\/strong>\u00e8 un buon prodotto. \u00c8 basato su cloud, il che lo rende altamente desiderabile durante la pandemia. Anche l&#8217;assistenza clienti \u00e8 molto utile.<\/p>\n<p><strong>Pro: <\/strong>Molte funzionalit\u00e0 sono facili da adattare e la curva di apprendimento \u00e8 ridotta. Il software pu\u00f2 essere utilizzato per una serie di funzioni HR, dal libro paga al reclutamento, LMS, gestione delle prestazioni e altro ancora.<\/p>\n<p><strong>Contro: <\/strong>Il sistema ha un vasto numero di funzionalit\u00e0 e per la personalizzazione \u00e8 necessario affidarsi a un consulente. \u00c8 necessaria una conoscenza avanzata dell&#8217;ingegneria del software durante la creazione di report o moduli XML.<\/p>\n<p class=\"font-weight-bold mb-1 d-flex align-items-center\"><strong>Tyler F.&#8221;Dayforce \u00e8 fantastico&#8221;<\/strong><\/p>\n<p><strong>Commenti: <\/strong>Ha sostituito un precedente sistema HCM che non stava facendo un buon lavoro. Gli utenti non erano soddisfatti dell&#8217;accessibilit\u00e0 alle informazioni<\/p>\n<p><strong>Pro: <\/strong>\u00c8 fantastico. Gestisce tutte le nostre esigenze di HCM e di buste paga. La segnalazione \u00e8 ottima, nessun problema di conformit\u00e0<\/p>\n<p><strong>Contro: <\/strong>Non c&#8217;\u00e8 niente che non mi piaccia. \u00c8 un&#8217;ottima piattaforma.<\/p>\n<p class=\"font-weight-bold mb-1 d-flex align-items-center\"><strong>Peggy N.&#8221;Motivi per utilizzare Dayforce&#8221;<\/strong><\/p>\n<p><strong>Commenti: <\/strong>Gestione degli stipendi rapida, processo di fine anno fa risparmiare tempo e stress.<\/p>\n<p><strong>Pro: <\/strong>\u00c8 molto intuitivo e facile da insegnare ai nuovi utenti. Dichiarazioni fiscali con piccoli problemi. Con i rappresentanti fiscali \u00e8 facile discutere qualsiasi problema. L&#8217;elaborazione delle buste paga \u00e8 rapida e termina molto velocemente senza errori se controlli l&#8217;importazione. Amo quanto sia facile la fine dell&#8217;anno. Anche dovendo ricevere informazioni dalle risorse umane e dal nostro reparto contabilit\u00e0 fornitori, possiamo chiudere la fine dell&#8217;anno con uno straordinario minimo o nullo. Il supporto richiede un po&#8217; di lavoro, ma stanno migliorando nella gestione dei problemi.<\/p>\n<p><strong>Contro: <\/strong>Il supporto che risponde e aiuta con i problemi. Nessuna comunicazione tra Dayforce e Source Tax.<\/p>\n","protected":false},"excerpt":{"rendered":"<p>Dayforce HCM, creato da Ceridian, \u00e8 una soluzione basata su cloud per libro paga, vantaggi, gestione della forza lavoro, analisi, risorse umane, gestione dei talenti e dei documenti. Con rapporti dettagliati sui dipendenti le organizzazioni possono trovare e assumere le persone giuste, creare programmi che supportano l&#8217;equilibrio tra lavoro e vita privata, gestire lo sviluppo dei dipendenti, elaborare la retribuzione e amministrare i benefici, il tutto monitorando la conformit\u00e0 durante tutto il ciclo di vita dei dipendenti.<\/p>\n","protected":false},"author":19,"featured_media":38294,"parent":38170,"menu_order":0,"comment_status":"open","ping_status":"closed","template":"g1_template_page_review_new.php","meta":{"_acf_changed":false,"cwp_meta_box_check":"Yes","cwp_rev_product_name":"","cwp_rev_product_image":"","wppr_links":[],"cwp_rev_price":"","wppr_options":[],"wppr_pros":[],"wppr_cons":[],"_monsterinsights_skip_tracking":false,"_monsterinsights_sitenote_active":false,"_monsterinsights_sitenote_note":"","_monsterinsights_sitenote_category":0,"footnotes":""},"categories":[5273],"tags":[5304,5290,5291,5289,5294,4496,5288,5293,5287,5292],"features":[],"class_list":{"0":"post-38269","1":"page","2":"type-page","3":"status-publish","4":"has-post-thumbnail","6":"category-programmi-buste-paga-categoria","7":"tag-dayforce-hcm","8":"tag-piattaforma-buste-paga","9":"tag-piattaforma-risorse-umane","10":"tag-programma-buste-paga","11":"tag-programma-risorse-umane","12":"tag-risorse-umane","13":"tag-software-buste-paga","14":"tag-software-risorse-umane","15":"tag-soluzione-buste-paga","16":"tag-soluzione-risorse-umane"},"wppr_data":{"cwp_meta_box_check":"Yes","cwp_rev_product_name":"","cwp_rev_product_image":"","cwp_image_link":"image","cwp_rev_price":"","wppr_rating":"0.00"},"acf":[],"yoast_head":"<!-- This site is optimized with the Yoast SEO plugin v27.4 - https:\/\/yoast.com\/product\/yoast-seo-wordpress\/ -->\n<title>Dayforce HCM: recensione programmi buste paga - Accurate Reviews<\/title>\n<meta name=\"description\" content=\"Dayforce HCM: recensione soluzione basata su cloud per libro paga, gestione della forza lavoro, analisi e risorse umane.\" \/>\n<meta name=\"robots\" content=\"index, follow, max-snippet:-1, max-image-preview:large, max-video-preview:-1\" \/>\n<link rel=\"canonical\" href=\"https:\/\/www.accuratereviews.com\/it\/programmi-buste-paga\/dayforce-hcm-recensione\/\" \/>\n<meta property=\"og:locale\" content=\"it_IT\" \/>\n<meta property=\"og:type\" content=\"article\" \/>\n<meta property=\"og:title\" content=\"Dayforce HCM: recensione programmi buste paga - Accurate Reviews\" \/>\n<meta property=\"og:description\" content=\"Dayforce HCM: recensione soluzione basata su cloud per libro paga, gestione della forza lavoro, analisi e risorse umane.\" \/>\n<meta property=\"og:url\" content=\"https:\/\/www.accuratereviews.com\/it\/programmi-buste-paga\/dayforce-hcm-recensione\/\" \/>\n<meta property=\"og:site_name\" content=\"Accurate Reviews\" \/>\n<meta property=\"article:modified_time\" content=\"2021-04-28T11:12:25+00:00\" \/>\n<meta property=\"og:image\" content=\"https:\/\/www.accuratereviews.com\/wp-content\/uploads\/2021\/03\/Ceridian-Lockup-Large-Andrew-Bowden.jpg\" \/>\n\t<meta property=\"og:image:width\" content=\"2325\" \/>\n\t<meta property=\"og:image:height\" content=\"2000\" \/>\n\t<meta property=\"og:image:type\" content=\"image\/jpeg\" \/>\n<meta name=\"twitter:card\" content=\"summary_large_image\" \/>\n<meta name=\"twitter:label1\" content=\"Tempo di lettura stimato\" \/>\n\t<meta name=\"twitter:data1\" content=\"3 minuti\" \/>\n<script type=\"application\/ld+json\" class=\"yoast-schema-graph\">{\"@context\":\"https:\\\/\\\/schema.org\",\"@graph\":[{\"@type\":\"WebPage\",\"@id\":\"https:\\\/\\\/www.accuratereviews.com\\\/it\\\/programmi-buste-paga\\\/dayforce-hcm-recensione\\\/\",\"url\":\"https:\\\/\\\/www.accuratereviews.com\\\/it\\\/programmi-buste-paga\\\/dayforce-hcm-recensione\\\/\",\"name\":\"Dayforce HCM: recensione programmi buste paga - Accurate Reviews\",\"isPartOf\":{\"@id\":\"https:\\\/\\\/www.accuratereviews.com\\\/it\\\/#website\"},\"primaryImageOfPage\":{\"@id\":\"https:\\\/\\\/www.accuratereviews.com\\\/it\\\/programmi-buste-paga\\\/dayforce-hcm-recensione\\\/#primaryimage\"},\"image\":{\"@id\":\"https:\\\/\\\/www.accuratereviews.com\\\/it\\\/programmi-buste-paga\\\/dayforce-hcm-recensione\\\/#primaryimage\"},\"thumbnailUrl\":\"https:\\\/\\\/www.accuratereviews.com\\\/wp-content\\\/uploads\\\/2021\\\/03\\\/Ceridian-Lockup-Large-Andrew-Bowden.jpg\",\"datePublished\":\"2021-03-10T13:13:46+00:00\",\"dateModified\":\"2021-04-28T11:12:25+00:00\",\"description\":\"Dayforce HCM: recensione soluzione basata su cloud per libro paga, gestione della forza lavoro, analisi e risorse umane.\",\"breadcrumb\":{\"@id\":\"https:\\\/\\\/www.accuratereviews.com\\\/it\\\/programmi-buste-paga\\\/dayforce-hcm-recensione\\\/#breadcrumb\"},\"inLanguage\":\"it-IT\",\"potentialAction\":[{\"@type\":\"ReadAction\",\"target\":[\"https:\\\/\\\/www.accuratereviews.com\\\/it\\\/programmi-buste-paga\\\/dayforce-hcm-recensione\\\/\"]}]},{\"@type\":\"ImageObject\",\"inLanguage\":\"it-IT\",\"@id\":\"https:\\\/\\\/www.accuratereviews.com\\\/it\\\/programmi-buste-paga\\\/dayforce-hcm-recensione\\\/#primaryimage\",\"url\":\"https:\\\/\\\/www.accuratereviews.com\\\/wp-content\\\/uploads\\\/2021\\\/03\\\/Ceridian-Lockup-Large-Andrew-Bowden.jpg\",\"contentUrl\":\"https:\\\/\\\/www.accuratereviews.com\\\/wp-content\\\/uploads\\\/2021\\\/03\\\/Ceridian-Lockup-Large-Andrew-Bowden.jpg\",\"width\":2325,\"height\":2000},{\"@type\":\"BreadcrumbList\",\"@id\":\"https:\\\/\\\/www.accuratereviews.com\\\/it\\\/programmi-buste-paga\\\/dayforce-hcm-recensione\\\/#breadcrumb\",\"itemListElement\":[{\"@type\":\"ListItem\",\"position\":1,\"name\":\"Home\",\"item\":\"https:\\\/\\\/www.accuratereviews.com\\\/it\\\/\"},{\"@type\":\"ListItem\",\"position\":2,\"name\":\"Programmi per buste paga\",\"item\":\"https:\\\/\\\/www.accuratereviews.com\\\/it\\\/programmi-buste-paga\\\/\"},{\"@type\":\"ListItem\",\"position\":3,\"name\":\"Dayforce HCM\"}]},{\"@type\":\"WebSite\",\"@id\":\"https:\\\/\\\/www.accuratereviews.com\\\/it\\\/#website\",\"url\":\"https:\\\/\\\/www.accuratereviews.com\\\/it\\\/\",\"name\":\"Accurate Reviews\",\"description\":\"\",\"potentialAction\":[{\"@type\":\"SearchAction\",\"target\":{\"@type\":\"EntryPoint\",\"urlTemplate\":\"https:\\\/\\\/www.accuratereviews.com\\\/it\\\/?s={search_term_string}\"},\"query-input\":{\"@type\":\"PropertyValueSpecification\",\"valueRequired\":true,\"valueName\":\"search_term_string\"}}],\"inLanguage\":\"it-IT\"}]}<\/script>\n<!-- \/ Yoast SEO plugin. -->","yoast_head_json":{"title":"Dayforce HCM: recensione programmi buste paga - Accurate Reviews","description":"Dayforce HCM: recensione soluzione basata su cloud per libro paga, gestione della forza lavoro, analisi e risorse umane.","robots":{"index":"index","follow":"follow","max-snippet":"max-snippet:-1","max-image-preview":"max-image-preview:large","max-video-preview":"max-video-preview:-1"},"canonical":"https:\/\/www.accuratereviews.com\/it\/programmi-buste-paga\/dayforce-hcm-recensione\/","og_locale":"it_IT","og_type":"article","og_title":"Dayforce HCM: recensione programmi buste paga - Accurate Reviews","og_description":"Dayforce HCM: recensione soluzione basata su cloud per libro paga, gestione della forza lavoro, analisi e risorse umane.","og_url":"https:\/\/www.accuratereviews.com\/it\/programmi-buste-paga\/dayforce-hcm-recensione\/","og_site_name":"Accurate Reviews","article_modified_time":"2021-04-28T11:12:25+00:00","og_image":[{"width":2325,"height":2000,"url":"https:\/\/www.accuratereviews.com\/wp-content\/uploads\/2021\/03\/Ceridian-Lockup-Large-Andrew-Bowden.jpg","type":"image\/jpeg"}],"twitter_card":"summary_large_image","twitter_misc":{"Tempo di lettura stimato":"3 minuti"},"schema":{"@context":"https:\/\/schema.org","@graph":[{"@type":"WebPage","@id":"https:\/\/www.accuratereviews.com\/it\/programmi-buste-paga\/dayforce-hcm-recensione\/","url":"https:\/\/www.accuratereviews.com\/it\/programmi-buste-paga\/dayforce-hcm-recensione\/","name":"Dayforce HCM: recensione programmi buste paga - Accurate Reviews","isPartOf":{"@id":"https:\/\/www.accuratereviews.com\/it\/#website"},"primaryImageOfPage":{"@id":"https:\/\/www.accuratereviews.com\/it\/programmi-buste-paga\/dayforce-hcm-recensione\/#primaryimage"},"image":{"@id":"https:\/\/www.accuratereviews.com\/it\/programmi-buste-paga\/dayforce-hcm-recensione\/#primaryimage"},"thumbnailUrl":"https:\/\/www.accuratereviews.com\/wp-content\/uploads\/2021\/03\/Ceridian-Lockup-Large-Andrew-Bowden.jpg","datePublished":"2021-03-10T13:13:46+00:00","dateModified":"2021-04-28T11:12:25+00:00","description":"Dayforce HCM: recensione soluzione basata su cloud per libro paga, gestione della forza lavoro, analisi e risorse umane.","breadcrumb":{"@id":"https:\/\/www.accuratereviews.com\/it\/programmi-buste-paga\/dayforce-hcm-recensione\/#breadcrumb"},"inLanguage":"it-IT","potentialAction":[{"@type":"ReadAction","target":["https:\/\/www.accuratereviews.com\/it\/programmi-buste-paga\/dayforce-hcm-recensione\/"]}]},{"@type":"ImageObject","inLanguage":"it-IT","@id":"https:\/\/www.accuratereviews.com\/it\/programmi-buste-paga\/dayforce-hcm-recensione\/#primaryimage","url":"https:\/\/www.accuratereviews.com\/wp-content\/uploads\/2021\/03\/Ceridian-Lockup-Large-Andrew-Bowden.jpg","contentUrl":"https:\/\/www.accuratereviews.com\/wp-content\/uploads\/2021\/03\/Ceridian-Lockup-Large-Andrew-Bowden.jpg","width":2325,"height":2000},{"@type":"BreadcrumbList","@id":"https:\/\/www.accuratereviews.com\/it\/programmi-buste-paga\/dayforce-hcm-recensione\/#breadcrumb","itemListElement":[{"@type":"ListItem","position":1,"name":"Home","item":"https:\/\/www.accuratereviews.com\/it\/"},{"@type":"ListItem","position":2,"name":"Programmi per buste paga","item":"https:\/\/www.accuratereviews.com\/it\/programmi-buste-paga\/"},{"@type":"ListItem","position":3,"name":"Dayforce HCM"}]},{"@type":"WebSite","@id":"https:\/\/www.accuratereviews.com\/it\/#website","url":"https:\/\/www.accuratereviews.com\/it\/","name":"Accurate Reviews","description":"","potentialAction":[{"@type":"SearchAction","target":{"@type":"EntryPoint","urlTemplate":"https:\/\/www.accuratereviews.com\/it\/?s={search_term_string}"},"query-input":{"@type":"PropertyValueSpecification","valueRequired":true,"valueName":"search_term_string"}}],"inLanguage":"it-IT"}]}},"_links":{"self":[{"href":"https:\/\/www.accuratereviews.com\/it\/wp-json\/wp\/v2\/pages\/38269","targetHints":{"allow":["GET"]}}],"collection":[{"href":"https:\/\/www.accuratereviews.com\/it\/wp-json\/wp\/v2\/pages"}],"about":[{"href":"https:\/\/www.accuratereviews.com\/it\/wp-json\/wp\/v2\/types\/page"}],"author":[{"embeddable":true,"href":"https:\/\/www.accuratereviews.com\/it\/wp-json\/wp\/v2\/users\/19"}],"replies":[{"embeddable":true,"href":"https:\/\/www.accuratereviews.com\/it\/wp-json\/wp\/v2\/comments?post=38269"}],"version-history":[{"count":12,"href":"https:\/\/www.accuratereviews.com\/it\/wp-json\/wp\/v2\/pages\/38269\/revisions"}],"predecessor-version":[{"id":41266,"href":"https:\/\/www.accuratereviews.com\/it\/wp-json\/wp\/v2\/pages\/38269\/revisions\/41266"}],"up":[{"embeddable":true,"href":"https:\/\/www.accuratereviews.com\/it\/wp-json\/wp\/v2\/pages\/38170"}],"wp:featuredmedia":[{"embeddable":true,"href":"https:\/\/www.accuratereviews.com\/it\/wp-json\/wp\/v2\/media\/38294"}],"wp:attachment":[{"href":"https:\/\/www.accuratereviews.com\/it\/wp-json\/wp\/v2\/media?parent=38269"}],"wp:term":[{"taxonomy":"category","embeddable":true,"href":"https:\/\/www.accuratereviews.com\/it\/wp-json\/wp\/v2\/categories?post=38269"},{"taxonomy":"post_tag","embeddable":true,"href":"https:\/\/www.accuratereviews.com\/it\/wp-json\/wp\/v2\/tags?post=38269"},{"taxonomy":"features","embeddable":true,"href":"https:\/\/www.accuratereviews.com\/it\/wp-json\/wp\/v2\/features?post=38269"}],"curies":[{"name":"wp","href":"https:\/\/api.w.org\/{rel}","templated":true}]}}