{"id":38271,"date":"2021-03-10T14:31:34","date_gmt":"2021-03-10T14:31:34","guid":{"rendered":"https:\/\/www.accuratereviews.com\/?page_id=38271"},"modified":"2021-04-28T11:02:16","modified_gmt":"2021-04-28T11:02:16","slug":"quickbooks-payroll-recensione","status":"publish","type":"page","link":"https:\/\/www.accuratereviews.com\/it\/programmi-buste-paga\/quickbooks-payroll-recensione\/","title":{"rendered":"QuickBooks Payroll"},"content":{"rendered":"<p><strong>QuickBooks Payroll<\/strong> \u00e8 un<strong> software di contabilit\u00e0<\/strong> online che si rivolge principalmente alle piccole imprese che hanno bisogno di automatizzare la <strong>gestione delle buste paga<\/strong>, delle spese, delle fatture e dei pagamenti. Tutti questi servizi sono raccolti in un&#8217;unica piattaforma semplice da usare e accurata, in grado di supportare\u00a01,4 milioni di aziende nel calcolo degli stipendi e delle tasse per evitare eventuali sanzioni per ritardi o negligenza.<br \/>\nCon <strong>QuickBooks Payroll<\/strong>\u00a0puoi emettere e personalizzare le fatture in modo professionale e inviarle in modo semplice e veloce persino dal tuo smartphone. Oltre a questo, permette l&#8217;accesso a benefici sanitari, indennit\u00e0 per i dipendenti e molti altri vantaggi riservati per la tua azienda.<\/p>\n<h2>QUICKBOOKS PAYROLL &#8211; TUTORIAL<\/h2>\n<p>Diamo un&#8217;occhiata a questo video per capire come funziona questa <strong>piattaforma per buste paga<\/strong>:<\/p>\n<div id=\"fluid-wrapper-counter-1\" class=\"g1-fluid-wrapper \" style=\"width:686px;\">\n<div style=\"padding-bottom:56.268221574344%;\"><iframe loading=\"lazy\" title=\"QuickBooks Online PAYROLL - Full Tutorial\" width=\"686\" height=\"386\" src=\"https:\/\/www.youtube.com\/embed\/TuZVOeTEx08?feature=oembed&amp;wmode=transparent&amp;autohide=1&amp;autoplay=0&amp;disablekb=0&amp;fs=1&amp;loop=0&amp;enablejsapi=1&amp;rel=0&amp;controls=2&amp;showinfo=0&amp;wmode=transparent&amp;autohide=2&amp;autoplay=0&amp;disablekb=0&amp;fs=1&amp;loop=0&amp;enablejsapi=1&amp;rel=0&amp;controls=2&amp;showinfo=1\" frameborder=\"0\" allow=\"accelerometer; autoplay; clipboard-write; encrypted-media; gyroscope; picture-in-picture\" allowfullscreen><\/iframe><\/div>\n<\/div>\n<h3>QUICKBOOKS PAYROLL &#8211; CARATTERISTICHE<\/h3>\n<p>Di seguito le sue principali caratteristiche:<\/p>\n<ul>\n<li><strong>Sincronizzazione con banca e app<\/strong>: risparmia tempo grazie alla sincronizzazione con la tua banca e le tue app preferite, cos\u00ec le tue buste paga rimarranno sempre accurate e aggiornate<\/li>\n<li><strong>Multi accesso<\/strong>: lavora da qualsiasi luogo su pi\u00f9 dispositivi, che sia computer, laptop, tablet o persino smartphone. Puoi inoltre creare privilegi di accesso in modo che il tuo collega o contabile possa accedere e lavorare con i tuoi dati online<\/li>\n<li><strong>Gestione della fatturazione<\/strong>: crea, personalizza e invia fatture professionali in pochi secondi<\/li>\n<li><strong>Gestione delle spese<\/strong>: non perdere mai un&#8217;altra ricevuta grazie alle foto di ognuna di esse<\/li>\n<li><strong>Sistema reportistico<\/strong>: esegui un report in pochi secondi per conoscere l&#8217;andamento della tua attivit\u00e0 oppure personalizzane uno per includere i dettagli che ti interessano maggiormente<\/li>\n<li><strong>Supporto illimitato<\/strong>: affidati al supporto clienti gratuito e illimitato di QuickBooks, sempre disponibile per chiarire ogni tuo dubbio e risolvere problemi.<\/li>\n<\/ul>\n<h4>LE RECENSIONI DEGLI UTENTI<\/h4>\n<p><strong>Valerie F. &#8220;Gestione buste paga&#8221;<\/strong><br \/>\nCOMMENTI: ottimo servizio clienti!<br \/>\nPRO: sono molto disponibili e rispondono a tutte le mie domande!<br \/>\nCONTRO: \u00e8 difficile raggiungere la persona giusta con cui parlare. Trasferiscono molto la mia chiamata e mi dispiace non poter parlare con la persona giusta.<\/p>\n<p>Luke G. &#8220;Un leader del settore e un prodotto solido&#8221;<br \/>\nCOMMENTI: nel complesso l&#8217;esperienza \u00e8 stata positiva ma non sono sicuro delle tendenze attuali e del futuro<br \/>\nPRO: riconoscimento del nome; facilit\u00e0 di accesso e disponibilit\u00e0 alla nostra azienda e anche ai clienti; e familiarit\u00e0 del prodotto.<br \/>\nCONTRO: il costo complessivo per utilizzare il prodotto, in gran parte dovuto ai prezzi di abbonamento in costante aumento, \u00e8 lo svantaggio principale dell&#8217;utilizzo di QuickBooks Payroll o di qualsiasi prodotto Intuit\/QuickBooks.<\/p>\n<p>Debbie C. &#8220;Il miglior software interno per le buste paga!&#8221;<br \/>\nCOMMENTI: Lo adoro! Consiglio a tutte le piccole imprese di utilizzare questo programma. Ti archivier\u00e0 anche le tasse.<br \/>\nPRO: adoro i promemoria che mi d\u00e0 QB. Sono impegnato e ho dipendenti diversi con piani di pagamento diversi e QB mi ricorda di pagare in tempo. La quantit\u00e0 di linee che posso utilizzare per commissioni, miglia, bonus ecc &#8230; \u00e8 ci\u00f2 che rende questo programma cos\u00ec eccezionale<br \/>\nCONTRO: non tiene traccia delle commissioni per un lavoro specifico tramite l&#8217;assegno del libro paga. A parte questo, \u00e8 fantastico.<\/p>\n","protected":false},"excerpt":{"rendered":"<p>QuickBooks Payroll \u00e8 un software di contabilit\u00e0 online che si rivolge principalmente alle piccole imprese che hanno bisogno di automatizzare la gestione delle buste paga, delle spese, delle fatture e dei pagamenti. Tutti questi servizi sono raccolti in un&#8217;unica piattaforma semplice da usare e accurata, in grado di supportare\u00a01,4 milioni di aziende nel calcolo degli stipendi e delle tasse per evitare eventuali sanzioni per ritardi o negligenza.\u00a0<\/p>\n","protected":false},"author":17,"featured_media":38276,"parent":38170,"menu_order":0,"comment_status":"open","ping_status":"closed","template":"g1_template_page_review_new.php","meta":{"_acf_changed":false,"cwp_meta_box_check":"No","cwp_rev_product_name":"","cwp_rev_product_image":"","wppr_links":[],"cwp_rev_price":"","wppr_options":[],"wppr_pros":[],"wppr_cons":[],"_monsterinsights_skip_tracking":false,"_monsterinsights_sitenote_active":false,"_monsterinsights_sitenote_note":"","_monsterinsights_sitenote_category":0,"footnotes":""},"categories":[5273],"tags":[4499,4515,5290,5289,5288,5287],"features":[],"class_list":{"0":"post-38271","1":"page","2":"type-page","3":"status-publish","4":"has-post-thumbnail","6":"category-programmi-buste-paga-categoria","7":"tag-buste-paga","8":"tag-gestione-buste-paga","9":"tag-piattaforma-buste-paga","10":"tag-programma-buste-paga","11":"tag-software-buste-paga","12":"tag-soluzione-buste-paga"},"wppr_data":{"cwp_meta_box_check":"No"},"acf":[],"yoast_head":"<!-- This site is optimized with the Yoast SEO plugin v27.4 - https:\/\/yoast.com\/product\/yoast-seo-wordpress\/ -->\n<title>QuickBooks Payroll: recensione software buste paga - Accurate Reviews<\/title>\n<meta name=\"description\" content=\"QuickBooks Payroll \u00e8 un software di contabilit\u00e0 online per la gestione delle buste paga, delle spese, delle fatture e dei pagamenti.\" \/>\n<meta name=\"robots\" content=\"index, follow, max-snippet:-1, max-image-preview:large, max-video-preview:-1\" \/>\n<link rel=\"canonical\" href=\"https:\/\/www.accuratereviews.com\/it\/programmi-buste-paga\/quickbooks-payroll-recensione\/\" \/>\n<meta property=\"og:locale\" content=\"it_IT\" \/>\n<meta property=\"og:type\" content=\"article\" \/>\n<meta property=\"og:title\" content=\"QuickBooks Payroll: recensione software buste paga - Accurate Reviews\" \/>\n<meta property=\"og:description\" content=\"QuickBooks Payroll \u00e8 un software di contabilit\u00e0 online per la gestione delle buste paga, delle spese, delle fatture e dei pagamenti.\" \/>\n<meta property=\"og:url\" content=\"https:\/\/www.accuratereviews.com\/it\/programmi-buste-paga\/quickbooks-payroll-recensione\/\" \/>\n<meta property=\"og:site_name\" content=\"Accurate Reviews\" \/>\n<meta property=\"article:modified_time\" content=\"2021-04-28T11:02:16+00:00\" \/>\n<meta property=\"og:image\" content=\"https:\/\/www.accuratereviews.com\/wp-content\/uploads\/2021\/03\/standardlogo.png\" \/>\n\t<meta property=\"og:image:width\" content=\"1810\" \/>\n\t<meta property=\"og:image:height\" content=\"575\" \/>\n\t<meta property=\"og:image:type\" content=\"image\/png\" \/>\n<meta name=\"twitter:card\" content=\"summary_large_image\" \/>\n<meta name=\"twitter:label1\" content=\"Tempo di lettura stimato\" \/>\n\t<meta name=\"twitter:data1\" content=\"3 minuti\" \/>\n<script type=\"application\/ld+json\" class=\"yoast-schema-graph\">{\"@context\":\"https:\\\/\\\/schema.org\",\"@graph\":[{\"@type\":\"WebPage\",\"@id\":\"https:\\\/\\\/www.accuratereviews.com\\\/it\\\/programmi-buste-paga\\\/quickbooks-payroll-recensione\\\/\",\"url\":\"https:\\\/\\\/www.accuratereviews.com\\\/it\\\/programmi-buste-paga\\\/quickbooks-payroll-recensione\\\/\",\"name\":\"QuickBooks Payroll: recensione software buste paga - Accurate Reviews\",\"isPartOf\":{\"@id\":\"https:\\\/\\\/www.accuratereviews.com\\\/it\\\/#website\"},\"primaryImageOfPage\":{\"@id\":\"https:\\\/\\\/www.accuratereviews.com\\\/it\\\/programmi-buste-paga\\\/quickbooks-payroll-recensione\\\/#primaryimage\"},\"image\":{\"@id\":\"https:\\\/\\\/www.accuratereviews.com\\\/it\\\/programmi-buste-paga\\\/quickbooks-payroll-recensione\\\/#primaryimage\"},\"thumbnailUrl\":\"https:\\\/\\\/www.accuratereviews.com\\\/wp-content\\\/uploads\\\/2021\\\/03\\\/standardlogo.png\",\"datePublished\":\"2021-03-10T14:31:34+00:00\",\"dateModified\":\"2021-04-28T11:02:16+00:00\",\"description\":\"QuickBooks Payroll \u00e8 un software di contabilit\u00e0 online per la gestione delle buste paga, delle spese, delle fatture e dei pagamenti.\",\"breadcrumb\":{\"@id\":\"https:\\\/\\\/www.accuratereviews.com\\\/it\\\/programmi-buste-paga\\\/quickbooks-payroll-recensione\\\/#breadcrumb\"},\"inLanguage\":\"it-IT\",\"potentialAction\":[{\"@type\":\"ReadAction\",\"target\":[\"https:\\\/\\\/www.accuratereviews.com\\\/it\\\/programmi-buste-paga\\\/quickbooks-payroll-recensione\\\/\"]}]},{\"@type\":\"ImageObject\",\"inLanguage\":\"it-IT\",\"@id\":\"https:\\\/\\\/www.accuratereviews.com\\\/it\\\/programmi-buste-paga\\\/quickbooks-payroll-recensione\\\/#primaryimage\",\"url\":\"https:\\\/\\\/www.accuratereviews.com\\\/wp-content\\\/uploads\\\/2021\\\/03\\\/standardlogo.png\",\"contentUrl\":\"https:\\\/\\\/www.accuratereviews.com\\\/wp-content\\\/uploads\\\/2021\\\/03\\\/standardlogo.png\",\"width\":1810,\"height\":575},{\"@type\":\"BreadcrumbList\",\"@id\":\"https:\\\/\\\/www.accuratereviews.com\\\/it\\\/programmi-buste-paga\\\/quickbooks-payroll-recensione\\\/#breadcrumb\",\"itemListElement\":[{\"@type\":\"ListItem\",\"position\":1,\"name\":\"Home\",\"item\":\"https:\\\/\\\/www.accuratereviews.com\\\/it\\\/\"},{\"@type\":\"ListItem\",\"position\":2,\"name\":\"Programmi per buste paga\",\"item\":\"https:\\\/\\\/www.accuratereviews.com\\\/it\\\/programmi-buste-paga\\\/\"},{\"@type\":\"ListItem\",\"position\":3,\"name\":\"QuickBooks Payroll\"}]},{\"@type\":\"WebSite\",\"@id\":\"https:\\\/\\\/www.accuratereviews.com\\\/it\\\/#website\",\"url\":\"https:\\\/\\\/www.accuratereviews.com\\\/it\\\/\",\"name\":\"Accurate Reviews\",\"description\":\"\",\"potentialAction\":[{\"@type\":\"SearchAction\",\"target\":{\"@type\":\"EntryPoint\",\"urlTemplate\":\"https:\\\/\\\/www.accuratereviews.com\\\/it\\\/?s={search_term_string}\"},\"query-input\":{\"@type\":\"PropertyValueSpecification\",\"valueRequired\":true,\"valueName\":\"search_term_string\"}}],\"inLanguage\":\"it-IT\"}]}<\/script>\n<!-- \/ Yoast SEO plugin. -->","yoast_head_json":{"title":"QuickBooks Payroll: recensione software buste paga - Accurate Reviews","description":"QuickBooks Payroll \u00e8 un software di contabilit\u00e0 online per la gestione delle buste paga, delle spese, delle fatture e dei pagamenti.","robots":{"index":"index","follow":"follow","max-snippet":"max-snippet:-1","max-image-preview":"max-image-preview:large","max-video-preview":"max-video-preview:-1"},"canonical":"https:\/\/www.accuratereviews.com\/it\/programmi-buste-paga\/quickbooks-payroll-recensione\/","og_locale":"it_IT","og_type":"article","og_title":"QuickBooks Payroll: recensione software buste paga - Accurate Reviews","og_description":"QuickBooks Payroll \u00e8 un software di contabilit\u00e0 online per la gestione delle buste paga, delle spese, delle fatture e dei pagamenti.","og_url":"https:\/\/www.accuratereviews.com\/it\/programmi-buste-paga\/quickbooks-payroll-recensione\/","og_site_name":"Accurate Reviews","article_modified_time":"2021-04-28T11:02:16+00:00","og_image":[{"width":1810,"height":575,"url":"https:\/\/www.accuratereviews.com\/wp-content\/uploads\/2021\/03\/standardlogo.png","type":"image\/png"}],"twitter_card":"summary_large_image","twitter_misc":{"Tempo di lettura stimato":"3 minuti"},"schema":{"@context":"https:\/\/schema.org","@graph":[{"@type":"WebPage","@id":"https:\/\/www.accuratereviews.com\/it\/programmi-buste-paga\/quickbooks-payroll-recensione\/","url":"https:\/\/www.accuratereviews.com\/it\/programmi-buste-paga\/quickbooks-payroll-recensione\/","name":"QuickBooks Payroll: recensione software buste paga - Accurate Reviews","isPartOf":{"@id":"https:\/\/www.accuratereviews.com\/it\/#website"},"primaryImageOfPage":{"@id":"https:\/\/www.accuratereviews.com\/it\/programmi-buste-paga\/quickbooks-payroll-recensione\/#primaryimage"},"image":{"@id":"https:\/\/www.accuratereviews.com\/it\/programmi-buste-paga\/quickbooks-payroll-recensione\/#primaryimage"},"thumbnailUrl":"https:\/\/www.accuratereviews.com\/wp-content\/uploads\/2021\/03\/standardlogo.png","datePublished":"2021-03-10T14:31:34+00:00","dateModified":"2021-04-28T11:02:16+00:00","description":"QuickBooks Payroll \u00e8 un software di contabilit\u00e0 online per la gestione delle buste paga, delle spese, delle fatture e dei pagamenti.","breadcrumb":{"@id":"https:\/\/www.accuratereviews.com\/it\/programmi-buste-paga\/quickbooks-payroll-recensione\/#breadcrumb"},"inLanguage":"it-IT","potentialAction":[{"@type":"ReadAction","target":["https:\/\/www.accuratereviews.com\/it\/programmi-buste-paga\/quickbooks-payroll-recensione\/"]}]},{"@type":"ImageObject","inLanguage":"it-IT","@id":"https:\/\/www.accuratereviews.com\/it\/programmi-buste-paga\/quickbooks-payroll-recensione\/#primaryimage","url":"https:\/\/www.accuratereviews.com\/wp-content\/uploads\/2021\/03\/standardlogo.png","contentUrl":"https:\/\/www.accuratereviews.com\/wp-content\/uploads\/2021\/03\/standardlogo.png","width":1810,"height":575},{"@type":"BreadcrumbList","@id":"https:\/\/www.accuratereviews.com\/it\/programmi-buste-paga\/quickbooks-payroll-recensione\/#breadcrumb","itemListElement":[{"@type":"ListItem","position":1,"name":"Home","item":"https:\/\/www.accuratereviews.com\/it\/"},{"@type":"ListItem","position":2,"name":"Programmi per buste paga","item":"https:\/\/www.accuratereviews.com\/it\/programmi-buste-paga\/"},{"@type":"ListItem","position":3,"name":"QuickBooks Payroll"}]},{"@type":"WebSite","@id":"https:\/\/www.accuratereviews.com\/it\/#website","url":"https:\/\/www.accuratereviews.com\/it\/","name":"Accurate Reviews","description":"","potentialAction":[{"@type":"SearchAction","target":{"@type":"EntryPoint","urlTemplate":"https:\/\/www.accuratereviews.com\/it\/?s={search_term_string}"},"query-input":{"@type":"PropertyValueSpecification","valueRequired":true,"valueName":"search_term_string"}}],"inLanguage":"it-IT"}]}},"_links":{"self":[{"href":"https:\/\/www.accuratereviews.com\/it\/wp-json\/wp\/v2\/pages\/38271","targetHints":{"allow":["GET"]}}],"collection":[{"href":"https:\/\/www.accuratereviews.com\/it\/wp-json\/wp\/v2\/pages"}],"about":[{"href":"https:\/\/www.accuratereviews.com\/it\/wp-json\/wp\/v2\/types\/page"}],"author":[{"embeddable":true,"href":"https:\/\/www.accuratereviews.com\/it\/wp-json\/wp\/v2\/users\/17"}],"replies":[{"embeddable":true,"href":"https:\/\/www.accuratereviews.com\/it\/wp-json\/wp\/v2\/comments?post=38271"}],"version-history":[{"count":6,"href":"https:\/\/www.accuratereviews.com\/it\/wp-json\/wp\/v2\/pages\/38271\/revisions"}],"predecessor-version":[{"id":41247,"href":"https:\/\/www.accuratereviews.com\/it\/wp-json\/wp\/v2\/pages\/38271\/revisions\/41247"}],"up":[{"embeddable":true,"href":"https:\/\/www.accuratereviews.com\/it\/wp-json\/wp\/v2\/pages\/38170"}],"wp:featuredmedia":[{"embeddable":true,"href":"https:\/\/www.accuratereviews.com\/it\/wp-json\/wp\/v2\/media\/38276"}],"wp:attachment":[{"href":"https:\/\/www.accuratereviews.com\/it\/wp-json\/wp\/v2\/media?parent=38271"}],"wp:term":[{"taxonomy":"category","embeddable":true,"href":"https:\/\/www.accuratereviews.com\/it\/wp-json\/wp\/v2\/categories?post=38271"},{"taxonomy":"post_tag","embeddable":true,"href":"https:\/\/www.accuratereviews.com\/it\/wp-json\/wp\/v2\/tags?post=38271"},{"taxonomy":"features","embeddable":true,"href":"https:\/\/www.accuratereviews.com\/it\/wp-json\/wp\/v2\/features?post=38271"}],"curies":[{"name":"wp","href":"https:\/\/api.w.org\/{rel}","templated":true}]}}