{"id":38405,"date":"2021-03-12T12:00:26","date_gmt":"2021-03-12T12:00:26","guid":{"rendered":"https:\/\/www.accuratereviews.com\/?page_id=38405"},"modified":"2021-04-28T10:54:59","modified_gmt":"2021-04-28T10:54:59","slug":"ontheclock-recensione","status":"publish","type":"page","link":"https:\/\/www.accuratereviews.com\/it\/programmi-buste-paga\/ontheclock-recensione\/","title":{"rendered":"OnTheClock"},"content":{"rendered":"<p><strong>OnTheClock<\/strong> \u00e8 una soluzione basata su <strong>cloud<\/strong> che aiuta le piccole imprese a tenere traccia dell&#8217;orario di lavoro dei dipendenti e a <strong>generare cartellini per le buste paga<\/strong>. Consente alle aziende di personalizzare i turni dei dipendenti, approvare le richieste PTO, registrare e controllare le posizioni e creare impostazioni predefinite per i gruppi.\u00a0Le caratteristiche principali includono l&#8217;acquisizione automatica del tempo, il riconoscimento biometrico, l&#8217;integrazione del libro paga, il monitoraggio del tempo libero e la pianificazione dei turni. Consente ai dipendenti di aggiungere suggerimenti, commissioni e bonus sul loro portale e di fornire nomi personalizzati per riferimento aziendale. Inoltre, viene fornito con i tipi di utente e il modulo di autorizzazione, che consente all&#8217;amministratore di modificare l&#8217;accesso al sistema per manager e dipendenti.<\/p>\n<h2>ONTHECLOCK &#8211; TUTORIAL<\/h2>\n<p>Il video mostra le migliori caratteristiche di questo <strong>programma per buste paga<\/strong> tra cui il tracciamento GPS, la gestione delle ore di lavoro e l&#8217;integrazione con QuickBooks:<\/p>\n<div id=\"fluid-wrapper-counter-1\" class=\"g1-fluid-wrapper \" style=\"width:686px;\">\n<div style=\"padding-bottom:56.268221574344%;\"><iframe loading=\"lazy\" title=\"5 Reasons Why OnTheClock is the Best Time Tracking App\" width=\"686\" height=\"386\" src=\"https:\/\/www.youtube.com\/embed\/42BUZ97jzlQ?feature=oembed&amp;wmode=transparent&amp;autohide=1&amp;autoplay=0&amp;disablekb=0&amp;fs=1&amp;loop=0&amp;enablejsapi=1&amp;rel=0&amp;controls=2&amp;showinfo=0&amp;wmode=transparent&amp;autohide=2&amp;autoplay=0&amp;disablekb=0&amp;fs=1&amp;loop=0&amp;enablejsapi=1&amp;rel=0&amp;controls=2&amp;showinfo=1\" frameborder=\"0\" allow=\"accelerometer; autoplay; clipboard-write; encrypted-media; gyroscope; picture-in-picture\" allowfullscreen><\/iframe><\/div>\n<\/div>\n<h3>ONTHECLOCK &#8211; CARATTERISTICHE<\/h3>\n<ul>\n<li><strong>Orologio per i tuoi dipendenti<\/strong>: i dipendenti possono facilmente timbrare il cartellino da un dispositivo autorizzato assegnato dall&#8217;amministratore. Offre anche funzionalit\u00e0 di tracciamento dei dipendenti come il geofencing e il GPS per il controllo della posizione che mostra dove sono stati e i tempi di entrata e uscita. I dipendenti hanno anche la possibilit\u00e0 di accedere al proprio account per controllare lo stato delle loro richieste di ferie retribuite (PTO) insieme ai loro orari di lavoro<\/li>\n<li><strong>Payroll e reportistica di progetto<\/strong>: il programma \u00e8 basato sul web e calcola automaticamente le ore lavorate dai dipendenti al posto tuo. Ci\u00f2 include ore regolari e straordinari, ore di ferie retribuite e altro ancora. Risparmia tempo e inizia a calcolare automaticamente le schede orarie: i rapporti della scheda attivit\u00e0 riflettono le spese del tuo libro paga. Offre molti formati di reportistica per il libro paga come esportazione Excel e CSV, PDF o stampa di una copia cartacea. Il sistema di timbratura si integra con una variet\u00e0 di fornitori di buste paga tra cui QuickBooks, Xero, ADP, Thomson Reuters e altri<\/li>\n<li><strong>Monitoraggio GPS e sapere chi sta lavorando:<\/strong> le funzioni GPS semplificano la gestione dei dipendenti e aumentano la responsabilit\u00e0. Indipendentemente dal fatto che il tuo team lavori in ufficio, in viaggio o da casa, puoi vedere comodamente chi \u00e8 in orario e accedere alla sua posizione<\/li>\n<li><strong>Mobile e online:<\/strong> il software \u00a0\u00e8 al 100% online e basato sul web e permette l&#8217;accessibilit\u00e0 da qualsiasi dispositivo con una connessione internet o dati. Sarai in grado di accedere dal lavoro o da casa utilizzando il tuo telefono, desktop, laptop o tablet per elaborare le buste paga, accedere alle carte di lavoro, gestire i dipendenti e molto altro ancora.<\/li>\n<\/ul>\n<h4>LE RECENSIONI DEGLI UTENTI<\/h4>\n<p class=\"font-weight-bold mb-1 d-flex align-items-center\"><strong>Kai S.&#8221;Ottimo per le piccole imprese!&#8221;<\/strong><\/p>\n<p><strong>Commenti: <\/strong>Finora non abbiamo avuto problemi di cui avevamo bisogno.<\/p>\n<p><strong>Pro: <\/strong>Apprezzo la facilit\u00e0 d&#8217;uso. Richiede poca formazione per il personale e molto conveniente per le piccole imprese!<\/p>\n<p><strong>Contro: <\/strong>Finora siamo stati contenti. Nessuna lamentela.<\/p>\n<p class=\"font-weight-bold mb-1 d-flex align-items-center\"><strong>Mario P.&#8221;Assistenza clienti brillante, facile da usare e fantastica&#8221;<\/strong><\/p>\n<p><strong>Commenti: <\/strong>Ha funzionato come sperato fin dall&#8217;inizio; e ogni volta che avevo una domanda, ricevevo subito una risposta utile.<\/p>\n<p><strong>Pro: <\/strong>Facilit\u00e0 di utilizzo E integrazione con QuickBooks Online<\/p>\n<p><strong>Contro: <\/strong>Tutte le funzionalit\u00e0 erano ci\u00f2 di cui avevo bisogno; quindi non ho suggerimenti da offrire in questo momento<\/p>\n<p class=\"font-weight-bold mb-1 d-flex align-items-center\"><strong>Beth L.&#8221;Miglior Time-Clock App !!!&#8221;<\/strong><\/p>\n<p><strong>Vantaggi: <\/strong>Questa app fa tutto ci\u00f2 di cui ho bisogno e anche di pi\u00f9! Ho scelto questo rispetto agli altri perch\u00e9 crea un foglio presenze \/ stub che posso includere negli assegni dei miei dipendenti. \u00c8 l&#8217;app perfetta per la mia attivit\u00e0 di pulizia !!<\/p>\n<p><strong>Inconvenienti: <\/strong>Non mi piace che abbia un prezzo per utente. Man mano che la mia attivit\u00e0 cresce, il prezzo sale per ogni nuovo dipendente.<\/p>\n<div class=\"ml-4 pl-4 border-left border-left__dotted i18n-translation_vendor_container\" data-translation-id=\"2062726\" data-translation-vendor-target=\"original\">\n<div class=\"d-flex flex-wrap flex-md-nowrap align-items-center\">\n<h4 class=\"h5 font-weight-bold\"><\/h4>\n<\/div>\n<\/div>\n","protected":false},"excerpt":{"rendered":"<p>OnTheClock \u00e8 una soluzione basata su cloud che aiuta le piccole imprese a tenere traccia dell&#8217;orario di lavoro dei dipendenti e a generare cartellini per le buste paga. Consente alle aziende di personalizzare i turni dei dipendenti, approvare le richieste PTO, registrare e controllare le posizioni e creare impostazioni predefinite per i gruppi.\u00a0<\/p>\n","protected":false},"author":16,"featured_media":38415,"parent":38170,"menu_order":0,"comment_status":"open","ping_status":"closed","template":"g1_template_page_review_new.php","meta":{"_acf_changed":false,"cwp_meta_box_check":"Yes","cwp_rev_product_name":"","cwp_rev_product_image":"","wppr_links":[],"cwp_rev_price":"","wppr_options":[],"wppr_pros":[],"wppr_cons":[],"_monsterinsights_skip_tracking":false,"_monsterinsights_sitenote_active":false,"_monsterinsights_sitenote_note":"","_monsterinsights_sitenote_category":0,"footnotes":""},"categories":[5273],"tags":[5351,5350,5349,5348,5352,5290,5289,2272,5288,5287],"features":[],"class_list":{"0":"post-38405","1":"page","2":"type-page","3":"status-publish","4":"has-post-thumbnail","6":"category-programmi-buste-paga-categoria","7":"tag-adp","8":"tag-clous","9":"tag-gestione-orario-di-lavoro","10":"tag-ontheclock","11":"tag-paychex","12":"tag-piattaforma-buste-paga","13":"tag-programma-buste-paga","14":"tag-quickbooks","15":"tag-software-buste-paga","16":"tag-soluzione-buste-paga"},"wppr_data":{"cwp_meta_box_check":"Yes","cwp_rev_product_name":"","cwp_rev_product_image":"","cwp_image_link":"image","cwp_rev_price":"","wppr_rating":"0.00"},"acf":[],"yoast_head":"<!-- This site is optimized with the Yoast SEO plugin v27.4 - https:\/\/yoast.com\/product\/yoast-seo-wordpress\/ -->\n<title>OnTheClock: recensione programma buste paga - Accurate Reviews<\/title>\n<meta name=\"description\" content=\"OnTheClock: recensione soluzione basata su cloud che aiuta le piccole imprese a tenere traccia dell&#039;orario di lavoro dei dipendenti.\" \/>\n<meta name=\"robots\" content=\"index, follow, max-snippet:-1, max-image-preview:large, max-video-preview:-1\" \/>\n<link rel=\"canonical\" href=\"https:\/\/www.accuratereviews.com\/it\/programmi-buste-paga\/ontheclock-recensione\/\" \/>\n<meta property=\"og:locale\" content=\"it_IT\" \/>\n<meta property=\"og:type\" content=\"article\" \/>\n<meta property=\"og:title\" content=\"OnTheClock: recensione programma buste paga - Accurate Reviews\" \/>\n<meta property=\"og:description\" content=\"OnTheClock: recensione soluzione basata su cloud che aiuta le piccole imprese a tenere traccia dell&#039;orario di lavoro dei dipendenti.\" \/>\n<meta property=\"og:url\" content=\"https:\/\/www.accuratereviews.com\/it\/programmi-buste-paga\/ontheclock-recensione\/\" \/>\n<meta property=\"og:site_name\" content=\"Accurate Reviews\" \/>\n<meta property=\"article:modified_time\" content=\"2021-04-28T10:54:59+00:00\" \/>\n<meta property=\"og:image\" content=\"https:\/\/www.accuratereviews.com\/wp-content\/uploads\/2021\/03\/ontheclock.png\" \/>\n\t<meta property=\"og:image:width\" content=\"200\" \/>\n\t<meta property=\"og:image:height\" content=\"200\" \/>\n\t<meta property=\"og:image:type\" content=\"image\/png\" \/>\n<meta name=\"twitter:card\" content=\"summary_large_image\" \/>\n<meta name=\"twitter:label1\" content=\"Tempo di lettura stimato\" \/>\n\t<meta name=\"twitter:data1\" content=\"3 minuti\" \/>\n<script type=\"application\/ld+json\" class=\"yoast-schema-graph\">{\"@context\":\"https:\\\/\\\/schema.org\",\"@graph\":[{\"@type\":\"WebPage\",\"@id\":\"https:\\\/\\\/www.accuratereviews.com\\\/it\\\/programmi-buste-paga\\\/ontheclock-recensione\\\/\",\"url\":\"https:\\\/\\\/www.accuratereviews.com\\\/it\\\/programmi-buste-paga\\\/ontheclock-recensione\\\/\",\"name\":\"OnTheClock: recensione programma buste paga - Accurate Reviews\",\"isPartOf\":{\"@id\":\"https:\\\/\\\/www.accuratereviews.com\\\/it\\\/#website\"},\"primaryImageOfPage\":{\"@id\":\"https:\\\/\\\/www.accuratereviews.com\\\/it\\\/programmi-buste-paga\\\/ontheclock-recensione\\\/#primaryimage\"},\"image\":{\"@id\":\"https:\\\/\\\/www.accuratereviews.com\\\/it\\\/programmi-buste-paga\\\/ontheclock-recensione\\\/#primaryimage\"},\"thumbnailUrl\":\"https:\\\/\\\/www.accuratereviews.com\\\/wp-content\\\/uploads\\\/2021\\\/03\\\/ontheclock.png\",\"datePublished\":\"2021-03-12T12:00:26+00:00\",\"dateModified\":\"2021-04-28T10:54:59+00:00\",\"description\":\"OnTheClock: recensione soluzione basata su cloud che aiuta le piccole imprese a tenere traccia dell'orario di lavoro dei dipendenti.\",\"breadcrumb\":{\"@id\":\"https:\\\/\\\/www.accuratereviews.com\\\/it\\\/programmi-buste-paga\\\/ontheclock-recensione\\\/#breadcrumb\"},\"inLanguage\":\"it-IT\",\"potentialAction\":[{\"@type\":\"ReadAction\",\"target\":[\"https:\\\/\\\/www.accuratereviews.com\\\/it\\\/programmi-buste-paga\\\/ontheclock-recensione\\\/\"]}]},{\"@type\":\"ImageObject\",\"inLanguage\":\"it-IT\",\"@id\":\"https:\\\/\\\/www.accuratereviews.com\\\/it\\\/programmi-buste-paga\\\/ontheclock-recensione\\\/#primaryimage\",\"url\":\"https:\\\/\\\/www.accuratereviews.com\\\/wp-content\\\/uploads\\\/2021\\\/03\\\/ontheclock.png\",\"contentUrl\":\"https:\\\/\\\/www.accuratereviews.com\\\/wp-content\\\/uploads\\\/2021\\\/03\\\/ontheclock.png\",\"width\":200,\"height\":200},{\"@type\":\"BreadcrumbList\",\"@id\":\"https:\\\/\\\/www.accuratereviews.com\\\/it\\\/programmi-buste-paga\\\/ontheclock-recensione\\\/#breadcrumb\",\"itemListElement\":[{\"@type\":\"ListItem\",\"position\":1,\"name\":\"Home\",\"item\":\"https:\\\/\\\/www.accuratereviews.com\\\/it\\\/\"},{\"@type\":\"ListItem\",\"position\":2,\"name\":\"Programmi per buste paga\",\"item\":\"https:\\\/\\\/www.accuratereviews.com\\\/it\\\/programmi-buste-paga\\\/\"},{\"@type\":\"ListItem\",\"position\":3,\"name\":\"OnTheClock\"}]},{\"@type\":\"WebSite\",\"@id\":\"https:\\\/\\\/www.accuratereviews.com\\\/it\\\/#website\",\"url\":\"https:\\\/\\\/www.accuratereviews.com\\\/it\\\/\",\"name\":\"Accurate Reviews\",\"description\":\"\",\"potentialAction\":[{\"@type\":\"SearchAction\",\"target\":{\"@type\":\"EntryPoint\",\"urlTemplate\":\"https:\\\/\\\/www.accuratereviews.com\\\/it\\\/?s={search_term_string}\"},\"query-input\":{\"@type\":\"PropertyValueSpecification\",\"valueRequired\":true,\"valueName\":\"search_term_string\"}}],\"inLanguage\":\"it-IT\"}]}<\/script>\n<!-- \/ Yoast SEO plugin. -->","yoast_head_json":{"title":"OnTheClock: recensione programma buste paga - Accurate Reviews","description":"OnTheClock: recensione soluzione basata su cloud che aiuta le piccole imprese a tenere traccia dell'orario di lavoro dei dipendenti.","robots":{"index":"index","follow":"follow","max-snippet":"max-snippet:-1","max-image-preview":"max-image-preview:large","max-video-preview":"max-video-preview:-1"},"canonical":"https:\/\/www.accuratereviews.com\/it\/programmi-buste-paga\/ontheclock-recensione\/","og_locale":"it_IT","og_type":"article","og_title":"OnTheClock: recensione programma buste paga - Accurate Reviews","og_description":"OnTheClock: recensione soluzione basata su cloud che aiuta le piccole imprese a tenere traccia dell'orario di lavoro dei dipendenti.","og_url":"https:\/\/www.accuratereviews.com\/it\/programmi-buste-paga\/ontheclock-recensione\/","og_site_name":"Accurate Reviews","article_modified_time":"2021-04-28T10:54:59+00:00","og_image":[{"width":200,"height":200,"url":"https:\/\/www.accuratereviews.com\/wp-content\/uploads\/2021\/03\/ontheclock.png","type":"image\/png"}],"twitter_card":"summary_large_image","twitter_misc":{"Tempo di lettura stimato":"3 minuti"},"schema":{"@context":"https:\/\/schema.org","@graph":[{"@type":"WebPage","@id":"https:\/\/www.accuratereviews.com\/it\/programmi-buste-paga\/ontheclock-recensione\/","url":"https:\/\/www.accuratereviews.com\/it\/programmi-buste-paga\/ontheclock-recensione\/","name":"OnTheClock: recensione programma buste paga - Accurate Reviews","isPartOf":{"@id":"https:\/\/www.accuratereviews.com\/it\/#website"},"primaryImageOfPage":{"@id":"https:\/\/www.accuratereviews.com\/it\/programmi-buste-paga\/ontheclock-recensione\/#primaryimage"},"image":{"@id":"https:\/\/www.accuratereviews.com\/it\/programmi-buste-paga\/ontheclock-recensione\/#primaryimage"},"thumbnailUrl":"https:\/\/www.accuratereviews.com\/wp-content\/uploads\/2021\/03\/ontheclock.png","datePublished":"2021-03-12T12:00:26+00:00","dateModified":"2021-04-28T10:54:59+00:00","description":"OnTheClock: recensione soluzione basata su cloud che aiuta le piccole imprese a tenere traccia dell'orario di lavoro dei dipendenti.","breadcrumb":{"@id":"https:\/\/www.accuratereviews.com\/it\/programmi-buste-paga\/ontheclock-recensione\/#breadcrumb"},"inLanguage":"it-IT","potentialAction":[{"@type":"ReadAction","target":["https:\/\/www.accuratereviews.com\/it\/programmi-buste-paga\/ontheclock-recensione\/"]}]},{"@type":"ImageObject","inLanguage":"it-IT","@id":"https:\/\/www.accuratereviews.com\/it\/programmi-buste-paga\/ontheclock-recensione\/#primaryimage","url":"https:\/\/www.accuratereviews.com\/wp-content\/uploads\/2021\/03\/ontheclock.png","contentUrl":"https:\/\/www.accuratereviews.com\/wp-content\/uploads\/2021\/03\/ontheclock.png","width":200,"height":200},{"@type":"BreadcrumbList","@id":"https:\/\/www.accuratereviews.com\/it\/programmi-buste-paga\/ontheclock-recensione\/#breadcrumb","itemListElement":[{"@type":"ListItem","position":1,"name":"Home","item":"https:\/\/www.accuratereviews.com\/it\/"},{"@type":"ListItem","position":2,"name":"Programmi per buste paga","item":"https:\/\/www.accuratereviews.com\/it\/programmi-buste-paga\/"},{"@type":"ListItem","position":3,"name":"OnTheClock"}]},{"@type":"WebSite","@id":"https:\/\/www.accuratereviews.com\/it\/#website","url":"https:\/\/www.accuratereviews.com\/it\/","name":"Accurate Reviews","description":"","potentialAction":[{"@type":"SearchAction","target":{"@type":"EntryPoint","urlTemplate":"https:\/\/www.accuratereviews.com\/it\/?s={search_term_string}"},"query-input":{"@type":"PropertyValueSpecification","valueRequired":true,"valueName":"search_term_string"}}],"inLanguage":"it-IT"}]}},"_links":{"self":[{"href":"https:\/\/www.accuratereviews.com\/it\/wp-json\/wp\/v2\/pages\/38405","targetHints":{"allow":["GET"]}}],"collection":[{"href":"https:\/\/www.accuratereviews.com\/it\/wp-json\/wp\/v2\/pages"}],"about":[{"href":"https:\/\/www.accuratereviews.com\/it\/wp-json\/wp\/v2\/types\/page"}],"author":[{"embeddable":true,"href":"https:\/\/www.accuratereviews.com\/it\/wp-json\/wp\/v2\/users\/16"}],"replies":[{"embeddable":true,"href":"https:\/\/www.accuratereviews.com\/it\/wp-json\/wp\/v2\/comments?post=38405"}],"version-history":[{"count":15,"href":"https:\/\/www.accuratereviews.com\/it\/wp-json\/wp\/v2\/pages\/38405\/revisions"}],"predecessor-version":[{"id":41237,"href":"https:\/\/www.accuratereviews.com\/it\/wp-json\/wp\/v2\/pages\/38405\/revisions\/41237"}],"up":[{"embeddable":true,"href":"https:\/\/www.accuratereviews.com\/it\/wp-json\/wp\/v2\/pages\/38170"}],"wp:featuredmedia":[{"embeddable":true,"href":"https:\/\/www.accuratereviews.com\/it\/wp-json\/wp\/v2\/media\/38415"}],"wp:attachment":[{"href":"https:\/\/www.accuratereviews.com\/it\/wp-json\/wp\/v2\/media?parent=38405"}],"wp:term":[{"taxonomy":"category","embeddable":true,"href":"https:\/\/www.accuratereviews.com\/it\/wp-json\/wp\/v2\/categories?post=38405"},{"taxonomy":"post_tag","embeddable":true,"href":"https:\/\/www.accuratereviews.com\/it\/wp-json\/wp\/v2\/tags?post=38405"},{"taxonomy":"features","embeddable":true,"href":"https:\/\/www.accuratereviews.com\/it\/wp-json\/wp\/v2\/features?post=38405"}],"curies":[{"name":"wp","href":"https:\/\/api.w.org\/{rel}","templated":true}]}}