{"id":38407,"date":"2021-03-12T11:53:32","date_gmt":"2021-03-12T11:53:32","guid":{"rendered":"https:\/\/www.accuratereviews.com\/?page_id=38407"},"modified":"2021-04-28T11:04:11","modified_gmt":"2021-04-28T11:04:11","slug":"brightpay-recensione","status":"publish","type":"page","link":"https:\/\/www.accuratereviews.com\/it\/programmi-buste-paga\/brightpay-recensione\/","title":{"rendered":"BrightPay"},"content":{"rendered":"<p><strong>BrightPay\u00a0<\/strong>\u00e8 una\u00a0<strong>soluzione per le buste paga<\/strong> e di registrazione automatica che semplifica la gestione dei dipendenti. Il software \u00e8 sicuro, protetto e intuitivo e riduce al minimo l&#8217;amministrazione delle personale aiutandoti a pagare i dipendenti, automatizzare i calcoli delle tasse e inviarli a HMRC. Le caratteristiche innovative del programma per la gestione delle buste paga automatizzano i processi chiave per aiutarti a gestire un&#8217;attivit\u00e0 in modo efficiente. <strong>BrightPay Connect<\/strong> \u00e8 un componente aggiuntivo che consente di pubblicare elettronicamente buste paga, P60 e rapporti sui salari dei clienti su un portale online sicuro. La tecnologia <strong>cloud<\/strong> offre potenti funzionalit\u00e0 tra cui il backup automatico delle informazioni sui salari, la gestione delle ferie annuali, la dashboard del datore di lavoro \/ cliente e un portale self-service per i dipendenti \/ app per smartphone.<\/p>\n<h2>BRIGHTPAY &#8211; TUTORIAL<\/h2>\n<p>Guardiamo il tutorial che mostra come usare l&#8217;applicazione mobile di questo<strong> programma per buste paga<\/strong>:<\/p>\n<div id=\"fluid-wrapper-counter-1\" class=\"g1-fluid-wrapper \" style=\"width:686px;\">\n<div style=\"padding-bottom:56.268221574344%;\"><iframe loading=\"lazy\" title=\"Payroll transformed  How cloud platforms supercharge the payroll process for employers\" width=\"686\" height=\"386\" src=\"https:\/\/www.youtube.com\/embed\/rvgb8qFj7ZM?feature=oembed&amp;wmode=transparent&amp;autohide=1&amp;autoplay=0&amp;disablekb=0&amp;fs=1&amp;loop=0&amp;enablejsapi=1&amp;rel=0&amp;controls=2&amp;showinfo=0&amp;wmode=transparent&amp;autohide=2&amp;autoplay=0&amp;disablekb=0&amp;fs=1&amp;loop=0&amp;enablejsapi=1&amp;rel=0&amp;controls=2&amp;showinfo=1\" frameborder=\"0\" allow=\"accelerometer; autoplay; clipboard-write; encrypted-media; gyroscope; picture-in-picture\" allowfullscreen><\/iframe><\/div>\n<\/div>\n<h3>BRIGHTPAY &#8211; CARATTERISTICHE<\/h3>\n<ul>\n<li><strong>Integrazione del libro paga con i pacchetti contabili<\/strong>: la soluzione include l&#8217;integrazione dell&#8217;API del diario dei salari con una serie di pacchetti di contabilit\u00e0, tra cui Xero, Sage One, Quickbooks Online, FreeAgent, Kashflow, AccountsIQ e Twinfield. Ci\u00f2 consente agli utenti di inviare il registro delle buste paga direttamente al software di contabilit\u00e0<\/li>\n<li><strong>Elaborazione batch senza soluzione di continuit\u00e0 per gli uffici del libro paga:<\/strong> gli utenti hanno la possibilit\u00e0 di elaborare in batch pi\u00f9 datori di lavoro contemporaneamente. Gli amministratori possono finalizzare le buste paga, controllare gli avvisi di codifica e inviare richieste RTI e CIS in sospeso per pi\u00f9 datori di lavoro contemporaneamente<\/li>\n<li><strong>Integrazione API diretta con i fornitori:<\/strong> \u00a0il programma include l&#8217;integrazione API diretta con NEST, The People&#8217;s Pension, Aviva e Smart Pension. Questa \u00e8 una funzione di risparmio di tempo che consente agli utenti di inviare i dati sulla pensione dal posto di lavoro al fornitore di servizi pensionistici<\/li>\n<li><strong>Paga i dipendenti<\/strong>: l&#8217;integrazione con Modulr ti offrir\u00e0 un modo rapido, sicuro e facile per pagare i dipendenti tramite questa soluzione. Elimina la necessit\u00e0 di creare file bancari e il carico di lavoro manuale associato all&#8217;effettuazione di pagamenti ai dipendenti<\/li>\n<li><strong>Accesso remoto multiutente<\/strong>: il software eseguir\u00e0 un &#8220;controllo della versione&#8221; all&#8217;apertura del libro paga per rilevare automaticamente se fosse disponibile una versione pi\u00f9 aggiornata del file del datore di lavoro. Inoltre, eseguir\u00e0 un nuovo &#8220;controllo di altri utenti&#8221; per evitare il rischio di copie in conflitto<\/li>\n<li><strong>BrightPay Connect<\/strong>:\u00a0i datori di lavoro hanno accesso a una dashboard in cui possono visualizzare le buste paga, eseguire rapporti sui salari e gestire le ferie dei dipendenti. Le agenzie di gestione delle paghe possono richiedere i dati sulle buste paga ai propri clienti attraverso il portale sicuro, sincronizzandosi perfettamente con il software di gestione delle paghe.<\/li>\n<\/ul>\n<h4>LE RECENSIONI DEGLI UTENTI<\/h4>\n<p class=\"font-weight-bold mb-1 d-flex align-items-center\"><strong>Michael D.&#8221;BrightPay illumina il processo del libro paga!&#8221;<\/strong><\/p>\n<p><strong>Commenti: <\/strong>Nel complesso, sono davvero soddisfatto del software e offrono sempre nuove funzionalit\u00e0.<\/p>\n<p><strong>Pro: <\/strong>L&#8217;interfaccia utente \u00e8 fantastica e molto intuitiva, la sezione aiuto \/ supporto \u00e8 molto utile per aiutarti a metterti al passo con il software.<\/p>\n<p><strong>Contro: <\/strong>Il modo in cui devi scaricare e installare una nuova versione ogni anno: gli altri provider conservano tutti i tuoi dati in un unico posto.<\/p>\n<p class=\"font-weight-bold mb-1 d-flex align-items-center\"><strong>Sophie W.&#8221;Miglior software per il libro paga&#8221;<\/strong><\/p>\n<p><strong>Commenti: <\/strong>Adoro lavorare con Bright Pay. \u00c8 cos\u00ec semplice e facile da usare ed \u00e8 il miglior software per le buste paga che ho usato in 5 anni.<\/p>\n<p><strong>Vantaggi: <\/strong>\u00c8 facile da usare, il miglior software per le buste paga che ho usato. Faccio il libro paga da 5 anni e questo \u00e8 di gran lunga il mio preferito.<\/p>\n<p><strong>Inconvenienti: <\/strong>A volte si blocca e si disconnette dal cloud.<\/p>\n<p class=\"font-weight-bold mb-1 d-flex align-items-center\"><strong>Sam J.&#8221;Eccellente software per le buste paga&#8221;<\/strong><\/p>\n<p><strong>Commenti: <\/strong>L&#8217;utilizzo di BrightPay ha reso la gestione dei salari molto pi\u00f9 semplice.<\/p>\n<p><strong>Vantaggi: <\/strong>Questo software semplifica l&#8217;esecuzione di un libro paga. L&#8217;interfaccia \u00e8 molto user-friendly e l&#8217;inserimento di cifre di pagamento \u00e8 un gioco da ragazzi. Il software elimina il lavoro di gambe dall&#8217;esecuzione di buste paga regolari spostando le cifre mese per mese e fornendo indicatori di varianza<\/p>\n<p><strong>Inconvenienti: <\/strong>La creazione di un datore di lavoro a met\u00e0 anno pu\u00f2 essere un po &#8216;impegnativa finch\u00e9 non si capisce come inserire tutte le informazioni rilevanti.<\/p>\n","protected":false},"excerpt":{"rendered":"<p>BrightPay\u00a0\u00e8 una\u00a0soluzione per le buste paga e la registrazione automatica che semplifica la gestione dei dipendenti. Il software sicuro, protetto e intuitivo per le buste paga riduce al minimo l&#8217;amministrazione delle personale aiutandoti a pagare i dipendenti, automatizzare i calcoli delle tasse e inviarli a HMRC.<\/p>\n","protected":false},"author":16,"featured_media":38424,"parent":38170,"menu_order":0,"comment_status":"open","ping_status":"closed","template":"g1_template_page_review_new.php","meta":{"_acf_changed":false,"cwp_meta_box_check":"Yes","cwp_rev_product_name":"","cwp_rev_product_image":"","wppr_links":[],"cwp_rev_price":"","wppr_options":[],"wppr_pros":[],"wppr_cons":[],"_monsterinsights_skip_tracking":false,"_monsterinsights_sitenote_active":false,"_monsterinsights_sitenote_note":"","_monsterinsights_sitenote_category":0,"footnotes":""},"categories":[5273],"tags":[5356,396,5355,5354,5353,5276,5286],"features":[],"class_list":{"0":"post-38407","1":"page","2":"type-page","3":"status-publish","4":"has-post-thumbnail","6":"category-programmi-buste-paga-categoria","7":"tag-brightpay","8":"tag-cloud","9":"tag-libro-paga","10":"tag-piattaforme-per-buste-paga","11":"tag-programma-per-buste-paga","12":"tag-software-per-buste-paga","13":"tag-soluzione-per-buste-paga"},"wppr_data":{"cwp_meta_box_check":"Yes","cwp_rev_product_name":"","cwp_rev_product_image":"","cwp_image_link":"image","cwp_rev_price":"","wppr_rating":"0.00"},"acf":[],"yoast_head":"<!-- This site is optimized with the Yoast SEO plugin v27.4 - https:\/\/yoast.com\/product\/yoast-seo-wordpress\/ -->\n<title>BrightPay: recensione programma buste paga - Accurate Reviews<\/title>\n<meta name=\"description\" content=\"BrightPay: recensione\u00a0soluzione per le buste paga e la registrazione automatica che semplifica la gestione dei dipendenti.\" \/>\n<meta name=\"robots\" content=\"index, follow, max-snippet:-1, max-image-preview:large, max-video-preview:-1\" \/>\n<link rel=\"canonical\" href=\"https:\/\/www.accuratereviews.com\/it\/programmi-buste-paga\/brightpay-recensione\/\" \/>\n<meta property=\"og:locale\" content=\"it_IT\" \/>\n<meta property=\"og:type\" content=\"article\" \/>\n<meta property=\"og:title\" content=\"BrightPay: recensione programma buste paga - Accurate Reviews\" \/>\n<meta property=\"og:description\" content=\"BrightPay: recensione\u00a0soluzione per le buste paga e la registrazione automatica che semplifica la gestione dei dipendenti.\" \/>\n<meta property=\"og:url\" content=\"https:\/\/www.accuratereviews.com\/it\/programmi-buste-paga\/brightpay-recensione\/\" \/>\n<meta property=\"og:site_name\" content=\"Accurate Reviews\" \/>\n<meta property=\"article:modified_time\" content=\"2021-04-28T11:04:11+00:00\" \/>\n<meta property=\"og:image\" content=\"https:\/\/www.accuratereviews.com\/wp-content\/uploads\/2021\/03\/bright-pay-logo-stacked.png\" \/>\n\t<meta property=\"og:image:width\" content=\"200\" \/>\n\t<meta property=\"og:image:height\" content=\"200\" \/>\n\t<meta property=\"og:image:type\" content=\"image\/png\" \/>\n<meta name=\"twitter:card\" content=\"summary_large_image\" \/>\n<meta name=\"twitter:label1\" content=\"Tempo di lettura stimato\" \/>\n\t<meta name=\"twitter:data1\" content=\"4 minuti\" \/>\n<script type=\"application\/ld+json\" class=\"yoast-schema-graph\">{\"@context\":\"https:\\\/\\\/schema.org\",\"@graph\":[{\"@type\":\"WebPage\",\"@id\":\"https:\\\/\\\/www.accuratereviews.com\\\/it\\\/programmi-buste-paga\\\/brightpay-recensione\\\/\",\"url\":\"https:\\\/\\\/www.accuratereviews.com\\\/it\\\/programmi-buste-paga\\\/brightpay-recensione\\\/\",\"name\":\"BrightPay: recensione programma buste paga - Accurate Reviews\",\"isPartOf\":{\"@id\":\"https:\\\/\\\/www.accuratereviews.com\\\/it\\\/#website\"},\"primaryImageOfPage\":{\"@id\":\"https:\\\/\\\/www.accuratereviews.com\\\/it\\\/programmi-buste-paga\\\/brightpay-recensione\\\/#primaryimage\"},\"image\":{\"@id\":\"https:\\\/\\\/www.accuratereviews.com\\\/it\\\/programmi-buste-paga\\\/brightpay-recensione\\\/#primaryimage\"},\"thumbnailUrl\":\"https:\\\/\\\/www.accuratereviews.com\\\/wp-content\\\/uploads\\\/2021\\\/03\\\/bright-pay-logo-stacked.png\",\"datePublished\":\"2021-03-12T11:53:32+00:00\",\"dateModified\":\"2021-04-28T11:04:11+00:00\",\"description\":\"BrightPay: recensione\u00a0soluzione per le buste paga e la registrazione automatica che semplifica la gestione dei dipendenti.\",\"breadcrumb\":{\"@id\":\"https:\\\/\\\/www.accuratereviews.com\\\/it\\\/programmi-buste-paga\\\/brightpay-recensione\\\/#breadcrumb\"},\"inLanguage\":\"it-IT\",\"potentialAction\":[{\"@type\":\"ReadAction\",\"target\":[\"https:\\\/\\\/www.accuratereviews.com\\\/it\\\/programmi-buste-paga\\\/brightpay-recensione\\\/\"]}]},{\"@type\":\"ImageObject\",\"inLanguage\":\"it-IT\",\"@id\":\"https:\\\/\\\/www.accuratereviews.com\\\/it\\\/programmi-buste-paga\\\/brightpay-recensione\\\/#primaryimage\",\"url\":\"https:\\\/\\\/www.accuratereviews.com\\\/wp-content\\\/uploads\\\/2021\\\/03\\\/bright-pay-logo-stacked.png\",\"contentUrl\":\"https:\\\/\\\/www.accuratereviews.com\\\/wp-content\\\/uploads\\\/2021\\\/03\\\/bright-pay-logo-stacked.png\",\"width\":200,\"height\":200},{\"@type\":\"BreadcrumbList\",\"@id\":\"https:\\\/\\\/www.accuratereviews.com\\\/it\\\/programmi-buste-paga\\\/brightpay-recensione\\\/#breadcrumb\",\"itemListElement\":[{\"@type\":\"ListItem\",\"position\":1,\"name\":\"Home\",\"item\":\"https:\\\/\\\/www.accuratereviews.com\\\/it\\\/\"},{\"@type\":\"ListItem\",\"position\":2,\"name\":\"Programmi per buste paga\",\"item\":\"https:\\\/\\\/www.accuratereviews.com\\\/it\\\/programmi-buste-paga\\\/\"},{\"@type\":\"ListItem\",\"position\":3,\"name\":\"BrightPay\"}]},{\"@type\":\"WebSite\",\"@id\":\"https:\\\/\\\/www.accuratereviews.com\\\/it\\\/#website\",\"url\":\"https:\\\/\\\/www.accuratereviews.com\\\/it\\\/\",\"name\":\"Accurate Reviews\",\"description\":\"\",\"potentialAction\":[{\"@type\":\"SearchAction\",\"target\":{\"@type\":\"EntryPoint\",\"urlTemplate\":\"https:\\\/\\\/www.accuratereviews.com\\\/it\\\/?s={search_term_string}\"},\"query-input\":{\"@type\":\"PropertyValueSpecification\",\"valueRequired\":true,\"valueName\":\"search_term_string\"}}],\"inLanguage\":\"it-IT\"}]}<\/script>\n<!-- \/ Yoast SEO plugin. -->","yoast_head_json":{"title":"BrightPay: recensione programma buste paga - Accurate Reviews","description":"BrightPay: recensione\u00a0soluzione per le buste paga e la registrazione automatica che semplifica la gestione dei dipendenti.","robots":{"index":"index","follow":"follow","max-snippet":"max-snippet:-1","max-image-preview":"max-image-preview:large","max-video-preview":"max-video-preview:-1"},"canonical":"https:\/\/www.accuratereviews.com\/it\/programmi-buste-paga\/brightpay-recensione\/","og_locale":"it_IT","og_type":"article","og_title":"BrightPay: recensione programma buste paga - Accurate Reviews","og_description":"BrightPay: recensione\u00a0soluzione per le buste paga e la registrazione automatica che semplifica la gestione dei dipendenti.","og_url":"https:\/\/www.accuratereviews.com\/it\/programmi-buste-paga\/brightpay-recensione\/","og_site_name":"Accurate Reviews","article_modified_time":"2021-04-28T11:04:11+00:00","og_image":[{"width":200,"height":200,"url":"https:\/\/www.accuratereviews.com\/wp-content\/uploads\/2021\/03\/bright-pay-logo-stacked.png","type":"image\/png"}],"twitter_card":"summary_large_image","twitter_misc":{"Tempo di lettura stimato":"4 minuti"},"schema":{"@context":"https:\/\/schema.org","@graph":[{"@type":"WebPage","@id":"https:\/\/www.accuratereviews.com\/it\/programmi-buste-paga\/brightpay-recensione\/","url":"https:\/\/www.accuratereviews.com\/it\/programmi-buste-paga\/brightpay-recensione\/","name":"BrightPay: recensione programma buste paga - Accurate Reviews","isPartOf":{"@id":"https:\/\/www.accuratereviews.com\/it\/#website"},"primaryImageOfPage":{"@id":"https:\/\/www.accuratereviews.com\/it\/programmi-buste-paga\/brightpay-recensione\/#primaryimage"},"image":{"@id":"https:\/\/www.accuratereviews.com\/it\/programmi-buste-paga\/brightpay-recensione\/#primaryimage"},"thumbnailUrl":"https:\/\/www.accuratereviews.com\/wp-content\/uploads\/2021\/03\/bright-pay-logo-stacked.png","datePublished":"2021-03-12T11:53:32+00:00","dateModified":"2021-04-28T11:04:11+00:00","description":"BrightPay: recensione\u00a0soluzione per le buste paga e la registrazione automatica che semplifica la gestione dei dipendenti.","breadcrumb":{"@id":"https:\/\/www.accuratereviews.com\/it\/programmi-buste-paga\/brightpay-recensione\/#breadcrumb"},"inLanguage":"it-IT","potentialAction":[{"@type":"ReadAction","target":["https:\/\/www.accuratereviews.com\/it\/programmi-buste-paga\/brightpay-recensione\/"]}]},{"@type":"ImageObject","inLanguage":"it-IT","@id":"https:\/\/www.accuratereviews.com\/it\/programmi-buste-paga\/brightpay-recensione\/#primaryimage","url":"https:\/\/www.accuratereviews.com\/wp-content\/uploads\/2021\/03\/bright-pay-logo-stacked.png","contentUrl":"https:\/\/www.accuratereviews.com\/wp-content\/uploads\/2021\/03\/bright-pay-logo-stacked.png","width":200,"height":200},{"@type":"BreadcrumbList","@id":"https:\/\/www.accuratereviews.com\/it\/programmi-buste-paga\/brightpay-recensione\/#breadcrumb","itemListElement":[{"@type":"ListItem","position":1,"name":"Home","item":"https:\/\/www.accuratereviews.com\/it\/"},{"@type":"ListItem","position":2,"name":"Programmi per buste paga","item":"https:\/\/www.accuratereviews.com\/it\/programmi-buste-paga\/"},{"@type":"ListItem","position":3,"name":"BrightPay"}]},{"@type":"WebSite","@id":"https:\/\/www.accuratereviews.com\/it\/#website","url":"https:\/\/www.accuratereviews.com\/it\/","name":"Accurate Reviews","description":"","potentialAction":[{"@type":"SearchAction","target":{"@type":"EntryPoint","urlTemplate":"https:\/\/www.accuratereviews.com\/it\/?s={search_term_string}"},"query-input":{"@type":"PropertyValueSpecification","valueRequired":true,"valueName":"search_term_string"}}],"inLanguage":"it-IT"}]}},"_links":{"self":[{"href":"https:\/\/www.accuratereviews.com\/it\/wp-json\/wp\/v2\/pages\/38407","targetHints":{"allow":["GET"]}}],"collection":[{"href":"https:\/\/www.accuratereviews.com\/it\/wp-json\/wp\/v2\/pages"}],"about":[{"href":"https:\/\/www.accuratereviews.com\/it\/wp-json\/wp\/v2\/types\/page"}],"author":[{"embeddable":true,"href":"https:\/\/www.accuratereviews.com\/it\/wp-json\/wp\/v2\/users\/16"}],"replies":[{"embeddable":true,"href":"https:\/\/www.accuratereviews.com\/it\/wp-json\/wp\/v2\/comments?post=38407"}],"version-history":[{"count":15,"href":"https:\/\/www.accuratereviews.com\/it\/wp-json\/wp\/v2\/pages\/38407\/revisions"}],"predecessor-version":[{"id":41249,"href":"https:\/\/www.accuratereviews.com\/it\/wp-json\/wp\/v2\/pages\/38407\/revisions\/41249"}],"up":[{"embeddable":true,"href":"https:\/\/www.accuratereviews.com\/it\/wp-json\/wp\/v2\/pages\/38170"}],"wp:featuredmedia":[{"embeddable":true,"href":"https:\/\/www.accuratereviews.com\/it\/wp-json\/wp\/v2\/media\/38424"}],"wp:attachment":[{"href":"https:\/\/www.accuratereviews.com\/it\/wp-json\/wp\/v2\/media?parent=38407"}],"wp:term":[{"taxonomy":"category","embeddable":true,"href":"https:\/\/www.accuratereviews.com\/it\/wp-json\/wp\/v2\/categories?post=38407"},{"taxonomy":"post_tag","embeddable":true,"href":"https:\/\/www.accuratereviews.com\/it\/wp-json\/wp\/v2\/tags?post=38407"},{"taxonomy":"features","embeddable":true,"href":"https:\/\/www.accuratereviews.com\/it\/wp-json\/wp\/v2\/features?post=38407"}],"curies":[{"name":"wp","href":"https:\/\/api.w.org\/{rel}","templated":true}]}}