{"id":38462,"date":"2021-03-15T13:16:26","date_gmt":"2021-03-15T13:16:26","guid":{"rendered":"https:\/\/www.accuratereviews.com\/?page_id=38462"},"modified":"2021-04-28T10:59:16","modified_gmt":"2021-04-28T10:59:16","slug":"plooto-recensione","status":"publish","type":"page","link":"https:\/\/www.accuratereviews.com\/it\/programmi-buste-paga\/plooto-recensione\/","title":{"rendered":"Plooto"},"content":{"rendered":"<p><strong>Plooto<\/strong> \u00e8 un sistema di <strong>gestione dei pagamenti<\/strong> online che si integra con i principali software di contabilit\u00e0 come Quickbooks e Xero per fornire automazione AP e AR end-to-end. I\u00a0liberi professionisti e le piccole e medie imprese possono trarre vantaggio dal software in quanto consente loro di inviare fatture e di essere pagati velocemente con sicurezza a livello bancario. Se vuoi sbarazzarti del noioso e ripetitivo lavoro di immissione manuale dei dati, la soluzione dispone di potenti funzioni di automazione e flusso di lavoro intelligente che possono far risparmiare alla tua azienda innumerevoli ore lavorative e consentire al tuo personale di concentrare tempo su attivit\u00e0 di alto valore. Ad esempio, puoi collegare il conto bancario della tua azienda a al software e impostare facilmente piani per pagamenti ricorrenti e addebito pre-autorizzato o pagamenti PAD.<\/p>\n<h2>PLOOTO &#8211; TUTORIAL<\/h2>\n<p>Diamo un occhiata a come utilizzare questo <strong>programma per contabilit\u00e0 e buste paga<\/strong>:<\/p>\n<div id=\"fluid-wrapper-counter-1\" class=\"g1-fluid-wrapper \" style=\"width:686px;\">\n<div style=\"padding-bottom:56.268221574344%;\"><iframe loading=\"lazy\" title=\"How to Make Payments with Plooto\" width=\"686\" height=\"386\" src=\"https:\/\/www.youtube.com\/embed\/W4iggEGzAf0?feature=oembed&amp;wmode=transparent&amp;autohide=1&amp;autoplay=0&amp;disablekb=0&amp;fs=1&amp;loop=0&amp;enablejsapi=1&amp;rel=0&amp;controls=2&amp;showinfo=0&amp;wmode=transparent&amp;autohide=2&amp;autoplay=0&amp;disablekb=0&amp;fs=1&amp;loop=0&amp;enablejsapi=1&amp;rel=0&amp;controls=2&amp;showinfo=1\" frameborder=\"0\" allow=\"accelerometer; autoplay; clipboard-write; encrypted-media; gyroscope; picture-in-picture\" allowfullscreen><\/iframe><\/div>\n<\/div>\n<h3>PLOOTO &#8211; CARATTERISTICHE<\/h3>\n<ul>\n<li><strong>Conti efficienti che consentono di risparmiare innumerevoli ore<\/strong>: una piattaforma per creare e approvare tutti i tuoi pagamenti aziendali, nazionali o internazionali, che si concilia con il tuo account<\/li>\n<li><strong>Semplifica i flussi di lavoro dei pagamenti:<\/strong> riduci il numero di punti di contatto per ogni transazione<\/li>\n<li><strong>Livelli<\/strong>: personalizza i livelli di approvazione. Rivedi e approva i pagamenti prima che i fondi vengano trasferiti<\/li>\n<li><strong>Tracciamento in tempo reale<\/strong>: monitoraggio dei pagamenti in tempo reale<\/li>\n<li><strong>Riconciliazione automatica<\/strong>: l&#8217;integrazione del software mantiene i tuoi libri di contabilit\u00e0 coerenti.<\/li>\n<li><strong>Tutti i tuoi beneficiari in un unico posto<\/strong>: approfitta della rete della soluzione e aggiungi tutti i tuoi clienti, fornitori in pochi clic.\u00a0Ogni singolo pagamento aziendale pu\u00f2 ora essere effettuato con il programma, compresi pagati tramite assegno.<\/li>\n<\/ul>\n<h4>LE RECENSIONI DEGLI UTENTI<\/h4>\n<p class=\"font-weight-bold mb-1 d-flex align-items-center\"><strong>Danny R.&#8221;Software integrale per la contabilit\u00e0&#8221;<\/strong><\/p>\n<p><strong>Commenti: <\/strong>La mia esperienza \u00e8 stata molto positiva! Sono stato molto soddisfatto del prodotto negli ultimi anni che l&#8217;ho usato per i miei clienti.<\/p>\n<p><strong>Pro: <\/strong>Mi piace l&#8217;integrazione con QBO e il fatto che mi renda facile elaborare i pagamenti con gli appropriati controlli e bilanci delle approvazioni. Il software aiuta anche a confermare se le informazioni bancarie fornite sono valide o meno. Cos\u00ec facile da usare !!!<\/p>\n<p><strong>Contro: <\/strong>L&#8217;unico svantaggio a cui ho potuto pensare \u00e8 che diventa un po&#8217; costoso per coloro che hanno poche transazioni mensili in cui il canone mensile fisso non viene utilizzato completamente.<\/p>\n<p class=\"font-weight-bold mb-1 d-flex align-items-center\"><strong>Varun S.&#8221;Opzione fantastica per uno studio di contabilit\u00e0!&#8221;<\/strong><\/p>\n<p><strong>Commenti: <\/strong>Molto positivo e altamente raccomandato<\/p>\n<p><strong>Pro: <\/strong>Abbiamo trasformato la nostra societ\u00e0 di revisione contabile dalla tradizionale fatturazione e riscossione &#8220;dopo il fatto&#8221; a un modello di canone mensile ricorrente utilizzando Plooto.\u00a0Ha automatizzato una delle parti pi\u00f9 dolorose della gestione di una societ\u00e0 di contabilit\u00e0.\u00a0I nostri clienti amano fare i propri pagamenti di crediti, debiti e CRA utilizzando Plooto.<\/p>\n<p><strong>Contro: <\/strong>La funzionalit\u00e0 dei rapporti \u00e8 carente.\u00a0Ci vuole tempo prima che i clienti imparino a farlo inizialmente durante la configurazione del PAD.<\/p>\n<p class=\"font-weight-bold mb-1 d-flex align-items-center\"><strong>Scott W.&#8221;Ottimo software finanziario per organizzazioni di piccole e medie dimensioni&#8221;<\/strong><\/p>\n<p><strong>Commenti: <\/strong>Utilizziamo il software per il pagamento delle fatture, inclusi fornitori esterni, rimborsi del personale e buste paga. Funziona perfettamente per noi. Bastano pochi clic e sono disponibili funzioni di controllo e bilanciamento adeguate per garantire responsabilit\u00e0 e sicurezza.<\/p>\n<p><strong>Pro: <\/strong>Essendo una piccola associazione, con pochi fornitori e conti attivi \/ passivi, il software funziona molto bene per noi. Sebbene sia sicuro che possa essere utilizzato anche per organizzazioni pi\u00f9 grandi e possa avere molte funzioni avanzate, l&#8217;interfaccia utente principale, le notifiche, le integrazioni e altre funzionalit\u00e0 sono perfette per le nostre organizzazioni pi\u00f9 piccole. Nessuna complicazione inutile.<\/p>\n<p><strong>Contro: <\/strong>Suppongo che se hai bisogno di stornare un pagamento gi\u00e0 in corso pu\u00f2 essere un po &#8216;una sfida, ma l&#8217;ho sperimentato solo una volta.<\/p>\n","protected":false},"excerpt":{"rendered":"<p>Plooto \u00e8 un sistema di gestione dei pagamenti online che si integra con i principali software di contabilit\u00e0 come Quickbooks e Xero per fornire automazione AP e AR end-to-end. I\u00a0liberi professionisti e le piccole e medie imprese possono trarre vantaggio dal software in quanto consente loro di inviare fatture e di essere pagati velocemente con sicurezza a livello bancario.<\/p>\n","protected":false},"author":19,"featured_media":38468,"parent":38170,"menu_order":0,"comment_status":"open","ping_status":"closed","template":"g1_template_page_review_new.php","meta":{"_acf_changed":false,"cwp_meta_box_check":"Yes","cwp_rev_product_name":"","cwp_rev_product_image":"","wppr_links":[],"cwp_rev_price":"","wppr_options":[],"wppr_pros":[],"wppr_cons":[],"_monsterinsights_skip_tracking":false,"_monsterinsights_sitenote_active":false,"_monsterinsights_sitenote_note":"","_monsterinsights_sitenote_category":0,"footnotes":""},"categories":[5273],"tags":[4499,5290,5360,5362,5289,383,5288,315,5287,5361],"features":[],"class_list":{"0":"post-38462","1":"page","2":"type-page","3":"status-publish","4":"has-post-thumbnail","6":"category-programmi-buste-paga-categoria","7":"tag-buste-paga","8":"tag-piattaforma-buste-paga","9":"tag-piattaforma-di-contabilita","10":"tag-plooto","11":"tag-programma-buste-paga","12":"tag-programma-di-contabilita","13":"tag-software-buste-paga","14":"tag-software-contabilita","15":"tag-soluzione-buste-paga","16":"tag-soluzione-di-contabilita"},"wppr_data":{"cwp_meta_box_check":"Yes","cwp_rev_product_name":"","cwp_rev_product_image":"","cwp_image_link":"image","cwp_rev_price":"","wppr_rating":"0.00"},"acf":[],"yoast_head":"<!-- This site is optimized with the Yoast SEO plugin v27.4 - https:\/\/yoast.com\/product\/yoast-seo-wordpress\/ -->\n<title>Plooto: recensione programma buste paga - Accurate Reviews<\/title>\n<meta name=\"description\" content=\"Plooto: recensione sistema di gestione dei pagamenti online che si integra con i principali software di contabilit\u00e0 come Quickbooks e Xero.\" \/>\n<meta name=\"robots\" content=\"index, follow, max-snippet:-1, max-image-preview:large, max-video-preview:-1\" \/>\n<link rel=\"canonical\" href=\"https:\/\/www.accuratereviews.com\/it\/programmi-buste-paga\/plooto-recensione\/\" \/>\n<meta property=\"og:locale\" content=\"it_IT\" \/>\n<meta property=\"og:type\" content=\"article\" \/>\n<meta property=\"og:title\" content=\"Plooto: recensione programma buste paga - Accurate Reviews\" \/>\n<meta property=\"og:description\" content=\"Plooto: recensione sistema di gestione dei pagamenti online che si integra con i principali software di contabilit\u00e0 come Quickbooks e Xero.\" \/>\n<meta property=\"og:url\" content=\"https:\/\/www.accuratereviews.com\/it\/programmi-buste-paga\/plooto-recensione\/\" \/>\n<meta property=\"og:site_name\" content=\"Accurate Reviews\" \/>\n<meta property=\"article:modified_time\" content=\"2021-04-28T10:59:16+00:00\" \/>\n<meta property=\"og:image\" content=\"https:\/\/www.accuratereviews.com\/wp-content\/uploads\/2021\/03\/Plooto.png\" \/>\n\t<meta property=\"og:image:width\" content=\"1312\" \/>\n\t<meta property=\"og:image:height\" content=\"417\" \/>\n\t<meta property=\"og:image:type\" content=\"image\/png\" \/>\n<meta name=\"twitter:card\" content=\"summary_large_image\" \/>\n<meta name=\"twitter:label1\" content=\"Tempo di lettura stimato\" \/>\n\t<meta name=\"twitter:data1\" content=\"3 minuti\" \/>\n<script type=\"application\/ld+json\" class=\"yoast-schema-graph\">{\"@context\":\"https:\\\/\\\/schema.org\",\"@graph\":[{\"@type\":\"WebPage\",\"@id\":\"https:\\\/\\\/www.accuratereviews.com\\\/it\\\/programmi-buste-paga\\\/plooto-recensione\\\/\",\"url\":\"https:\\\/\\\/www.accuratereviews.com\\\/it\\\/programmi-buste-paga\\\/plooto-recensione\\\/\",\"name\":\"Plooto: recensione programma buste paga - Accurate Reviews\",\"isPartOf\":{\"@id\":\"https:\\\/\\\/www.accuratereviews.com\\\/it\\\/#website\"},\"primaryImageOfPage\":{\"@id\":\"https:\\\/\\\/www.accuratereviews.com\\\/it\\\/programmi-buste-paga\\\/plooto-recensione\\\/#primaryimage\"},\"image\":{\"@id\":\"https:\\\/\\\/www.accuratereviews.com\\\/it\\\/programmi-buste-paga\\\/plooto-recensione\\\/#primaryimage\"},\"thumbnailUrl\":\"https:\\\/\\\/www.accuratereviews.com\\\/wp-content\\\/uploads\\\/2021\\\/03\\\/Plooto.png\",\"datePublished\":\"2021-03-15T13:16:26+00:00\",\"dateModified\":\"2021-04-28T10:59:16+00:00\",\"description\":\"Plooto: recensione sistema di gestione dei pagamenti online che si integra con i principali software di contabilit\u00e0 come Quickbooks e Xero.\",\"breadcrumb\":{\"@id\":\"https:\\\/\\\/www.accuratereviews.com\\\/it\\\/programmi-buste-paga\\\/plooto-recensione\\\/#breadcrumb\"},\"inLanguage\":\"it-IT\",\"potentialAction\":[{\"@type\":\"ReadAction\",\"target\":[\"https:\\\/\\\/www.accuratereviews.com\\\/it\\\/programmi-buste-paga\\\/plooto-recensione\\\/\"]}]},{\"@type\":\"ImageObject\",\"inLanguage\":\"it-IT\",\"@id\":\"https:\\\/\\\/www.accuratereviews.com\\\/it\\\/programmi-buste-paga\\\/plooto-recensione\\\/#primaryimage\",\"url\":\"https:\\\/\\\/www.accuratereviews.com\\\/wp-content\\\/uploads\\\/2021\\\/03\\\/Plooto.png\",\"contentUrl\":\"https:\\\/\\\/www.accuratereviews.com\\\/wp-content\\\/uploads\\\/2021\\\/03\\\/Plooto.png\",\"width\":1312,\"height\":417},{\"@type\":\"BreadcrumbList\",\"@id\":\"https:\\\/\\\/www.accuratereviews.com\\\/it\\\/programmi-buste-paga\\\/plooto-recensione\\\/#breadcrumb\",\"itemListElement\":[{\"@type\":\"ListItem\",\"position\":1,\"name\":\"Home\",\"item\":\"https:\\\/\\\/www.accuratereviews.com\\\/it\\\/\"},{\"@type\":\"ListItem\",\"position\":2,\"name\":\"Programmi per buste paga\",\"item\":\"https:\\\/\\\/www.accuratereviews.com\\\/it\\\/programmi-buste-paga\\\/\"},{\"@type\":\"ListItem\",\"position\":3,\"name\":\"Plooto\"}]},{\"@type\":\"WebSite\",\"@id\":\"https:\\\/\\\/www.accuratereviews.com\\\/it\\\/#website\",\"url\":\"https:\\\/\\\/www.accuratereviews.com\\\/it\\\/\",\"name\":\"Accurate Reviews\",\"description\":\"\",\"potentialAction\":[{\"@type\":\"SearchAction\",\"target\":{\"@type\":\"EntryPoint\",\"urlTemplate\":\"https:\\\/\\\/www.accuratereviews.com\\\/it\\\/?s={search_term_string}\"},\"query-input\":{\"@type\":\"PropertyValueSpecification\",\"valueRequired\":true,\"valueName\":\"search_term_string\"}}],\"inLanguage\":\"it-IT\"}]}<\/script>\n<!-- \/ Yoast SEO plugin. -->","yoast_head_json":{"title":"Plooto: recensione programma buste paga - Accurate Reviews","description":"Plooto: recensione sistema di gestione dei pagamenti online che si integra con i principali software di contabilit\u00e0 come Quickbooks e Xero.","robots":{"index":"index","follow":"follow","max-snippet":"max-snippet:-1","max-image-preview":"max-image-preview:large","max-video-preview":"max-video-preview:-1"},"canonical":"https:\/\/www.accuratereviews.com\/it\/programmi-buste-paga\/plooto-recensione\/","og_locale":"it_IT","og_type":"article","og_title":"Plooto: recensione programma buste paga - Accurate Reviews","og_description":"Plooto: recensione sistema di gestione dei pagamenti online che si integra con i principali software di contabilit\u00e0 come Quickbooks e Xero.","og_url":"https:\/\/www.accuratereviews.com\/it\/programmi-buste-paga\/plooto-recensione\/","og_site_name":"Accurate Reviews","article_modified_time":"2021-04-28T10:59:16+00:00","og_image":[{"width":1312,"height":417,"url":"https:\/\/www.accuratereviews.com\/wp-content\/uploads\/2021\/03\/Plooto.png","type":"image\/png"}],"twitter_card":"summary_large_image","twitter_misc":{"Tempo di lettura stimato":"3 minuti"},"schema":{"@context":"https:\/\/schema.org","@graph":[{"@type":"WebPage","@id":"https:\/\/www.accuratereviews.com\/it\/programmi-buste-paga\/plooto-recensione\/","url":"https:\/\/www.accuratereviews.com\/it\/programmi-buste-paga\/plooto-recensione\/","name":"Plooto: recensione programma buste paga - Accurate Reviews","isPartOf":{"@id":"https:\/\/www.accuratereviews.com\/it\/#website"},"primaryImageOfPage":{"@id":"https:\/\/www.accuratereviews.com\/it\/programmi-buste-paga\/plooto-recensione\/#primaryimage"},"image":{"@id":"https:\/\/www.accuratereviews.com\/it\/programmi-buste-paga\/plooto-recensione\/#primaryimage"},"thumbnailUrl":"https:\/\/www.accuratereviews.com\/wp-content\/uploads\/2021\/03\/Plooto.png","datePublished":"2021-03-15T13:16:26+00:00","dateModified":"2021-04-28T10:59:16+00:00","description":"Plooto: recensione sistema di gestione dei pagamenti online che si integra con i principali software di contabilit\u00e0 come Quickbooks e Xero.","breadcrumb":{"@id":"https:\/\/www.accuratereviews.com\/it\/programmi-buste-paga\/plooto-recensione\/#breadcrumb"},"inLanguage":"it-IT","potentialAction":[{"@type":"ReadAction","target":["https:\/\/www.accuratereviews.com\/it\/programmi-buste-paga\/plooto-recensione\/"]}]},{"@type":"ImageObject","inLanguage":"it-IT","@id":"https:\/\/www.accuratereviews.com\/it\/programmi-buste-paga\/plooto-recensione\/#primaryimage","url":"https:\/\/www.accuratereviews.com\/wp-content\/uploads\/2021\/03\/Plooto.png","contentUrl":"https:\/\/www.accuratereviews.com\/wp-content\/uploads\/2021\/03\/Plooto.png","width":1312,"height":417},{"@type":"BreadcrumbList","@id":"https:\/\/www.accuratereviews.com\/it\/programmi-buste-paga\/plooto-recensione\/#breadcrumb","itemListElement":[{"@type":"ListItem","position":1,"name":"Home","item":"https:\/\/www.accuratereviews.com\/it\/"},{"@type":"ListItem","position":2,"name":"Programmi per buste paga","item":"https:\/\/www.accuratereviews.com\/it\/programmi-buste-paga\/"},{"@type":"ListItem","position":3,"name":"Plooto"}]},{"@type":"WebSite","@id":"https:\/\/www.accuratereviews.com\/it\/#website","url":"https:\/\/www.accuratereviews.com\/it\/","name":"Accurate Reviews","description":"","potentialAction":[{"@type":"SearchAction","target":{"@type":"EntryPoint","urlTemplate":"https:\/\/www.accuratereviews.com\/it\/?s={search_term_string}"},"query-input":{"@type":"PropertyValueSpecification","valueRequired":true,"valueName":"search_term_string"}}],"inLanguage":"it-IT"}]}},"_links":{"self":[{"href":"https:\/\/www.accuratereviews.com\/it\/wp-json\/wp\/v2\/pages\/38462","targetHints":{"allow":["GET"]}}],"collection":[{"href":"https:\/\/www.accuratereviews.com\/it\/wp-json\/wp\/v2\/pages"}],"about":[{"href":"https:\/\/www.accuratereviews.com\/it\/wp-json\/wp\/v2\/types\/page"}],"author":[{"embeddable":true,"href":"https:\/\/www.accuratereviews.com\/it\/wp-json\/wp\/v2\/users\/19"}],"replies":[{"embeddable":true,"href":"https:\/\/www.accuratereviews.com\/it\/wp-json\/wp\/v2\/comments?post=38462"}],"version-history":[{"count":14,"href":"https:\/\/www.accuratereviews.com\/it\/wp-json\/wp\/v2\/pages\/38462\/revisions"}],"predecessor-version":[{"id":41243,"href":"https:\/\/www.accuratereviews.com\/it\/wp-json\/wp\/v2\/pages\/38462\/revisions\/41243"}],"up":[{"embeddable":true,"href":"https:\/\/www.accuratereviews.com\/it\/wp-json\/wp\/v2\/pages\/38170"}],"wp:featuredmedia":[{"embeddable":true,"href":"https:\/\/www.accuratereviews.com\/it\/wp-json\/wp\/v2\/media\/38468"}],"wp:attachment":[{"href":"https:\/\/www.accuratereviews.com\/it\/wp-json\/wp\/v2\/media?parent=38462"}],"wp:term":[{"taxonomy":"category","embeddable":true,"href":"https:\/\/www.accuratereviews.com\/it\/wp-json\/wp\/v2\/categories?post=38462"},{"taxonomy":"post_tag","embeddable":true,"href":"https:\/\/www.accuratereviews.com\/it\/wp-json\/wp\/v2\/tags?post=38462"},{"taxonomy":"features","embeddable":true,"href":"https:\/\/www.accuratereviews.com\/it\/wp-json\/wp\/v2\/features?post=38462"}],"curies":[{"name":"wp","href":"https:\/\/api.w.org\/{rel}","templated":true}]}}