{"id":38505,"date":"2021-03-15T15:14:16","date_gmt":"2021-03-15T15:14:16","guid":{"rendered":"https:\/\/www.accuratereviews.com\/?page_id=38505"},"modified":"2021-04-28T10:56:13","modified_gmt":"2021-04-28T10:56:13","slug":"payroll-mate-recensione","status":"publish","type":"page","link":"https:\/\/www.accuratereviews.com\/it\/programmi-buste-paga\/payroll-mate-recensione\/","title":{"rendered":"Payroll Mate"},"content":{"rendered":"<p><strong>Payroll Mate<\/strong> \u00e8 un <strong>software per buste paga<\/strong> che si adatta alle esigenze di commercialisti, piccole e medie imprese (PMI), datori di lavoro agricoli, organizzazioni non profit, governi locali, scuole, datori di lavoro domestici e lavoratori autonomi. Si tratta di un programma completo che offre la possibilit\u00e0 di gestire e controllare le attivit\u00e0 relative ai salari in modo tale da semplificare la rendicontazione, la tenuta dei registri, il calcolo delle tasse federali, statali e locali e i report. L&#8217;obiettivo \u00e8 quello di aiutare i datori di lavoro a preparare le <strong>buste paga<\/strong> e a pagare i dipendenti in modo semplice e veloce.<\/p>\n<h2>PAYROLL MATE &#8211; TUTORIAL<\/h2>\n<div id=\"fluid-wrapper-counter-1\" class=\"g1-fluid-wrapper \" style=\"width:686px;\">\n<div style=\"padding-bottom:56.268221574344%;\"><iframe loading=\"lazy\" title=\"Getting Started with Payroll Mate\" src=\"https:\/\/player.vimeo.com\/video\/207311211?dnt=1&amp;app_id=122963?title=0&amp;byline=0&amp;portrait=0\" width=\"686\" height=\"369\" frameborder=\"0\" allow=\"autoplay; fullscreen; picture-in-picture\" allowfullscreen><\/iframe><\/div>\n<\/div>\n<h3>PAYROLL MATE &#8211; CARATTERISTICHE<\/h3>\n<ul>\n<li>Calcola automaticamente le tasse sui salari federali e statali<\/li>\n<li>Frequenze retributive multiple (durata ciclo buste paga)<\/li>\n<li>Backup e ripristino in un passaggio<\/li>\n<li>Tipi di pagamento multipli<\/li>\n<li>Supporta i seguenti moduli di libro paga trimestrali e annuali federali (pronti per la firma e l&#8217;invio)<\/li>\n<li>Include report completi sui salari<\/li>\n<li>Esporta i rapporti sui salari in Microsoft Excel, CSV e Adobe PDF<\/li>\n<li>Accantonamento per ferie sul libro paga e maturazione per malattia<\/li>\n<li>Esporta i dati sui salari nel software di contabilit\u00e0 QuickBooks e in Sage 50<\/li>\n<li>Stampa assegni pronti per la firma e ampie buste paga per i tuoi dipendenti<\/li>\n<li>Esporta i controlli sui salari nel formato Quicken QIF<\/li>\n<li>Supporta una serie di moduli di buste paga statali<\/li>\n<li>Restrizioni di accesso alle informazioni sensibili sui salari<\/li>\n<li>Sito web dedicato ai tutorial con istruzioni passo passo su come utilizzare e personalizzare il software<\/li>\n<li>Assistenza tecnica negli Stati Uniti amichevole, disponibile, professionale e gratuita tramite telefono, email e chat.<\/li>\n<\/ul>\n<h4>LE RECENSIONI DEI CLIENTI<\/h4>\n<p><strong>Pam C. &#8220;Payroll Mate&#8221;<\/strong><br \/>\nCOMMENTI: utilizziamo il software Payroll Mate dal 2009. \u00c8 molto facile da usare, \u00e8 fantastico lavorare con l&#8217;assistenza clienti, \u00e8 facile creare i moduli necessari e inviare facilmente le informazioni richieste. Consigliamo vivamente il software Payroll Mate.<br \/>\nPRO: \u00e8 facile da usare.<br \/>\nCONTRO: la barra degli strumenti non rimane sempre visibile. Quando fai clic su Modifica, potrebbe essere il pulsante di modifica sbagliato se non stai prestando attenzione.<\/p>\n<p><strong>Andrew K. &#8220;PayrollMate&#8221;<\/strong><br \/>\nCOMMENTI: questo software mi ha reso la vita molto pi\u00f9 semplice!<br \/>\nPRO: possibilit\u00e0 di visualizzare le buste paga, vedere le ore PTO e stampare gli assegni in un colpo solo<br \/>\nCONTRO: a volte \u00e8 un po&#8217; in ritardo la mattina presto<\/p>\n<p><strong>Alvaro M. &#8220;ottimo software. Semplice da usare. Vorrei vedere le funzionalit\u00e0 aggiunte&#8221; Dipartimenti &#8220;e self mailer&#8221;<\/strong><br \/>\nCOMMENTI: sono in grado di offrire il servizio di buste paga<br \/>\nPRO: comodo, facile da usare &#8230; interfaccia semplice, aspetto gradevole alla vista, facile da eseguire il backup<br \/>\nCONTRO: limitato nelle caratteristiche robuste;<br \/>\nSono un ufficio CPA che fornisce servizi a molti clienti, alcuni di loro sono ristoranti con pi\u00f9 sedi. Devo avere la capacit\u00e0 di stampare report; inoltre, vorrei professionalizzare il mio servizio e aggiungere una &#8220;macchina per il self mailer&#8221; al mio processo. Ci\u00f2 significa che devo essere in grado di formattare la stampa in modo personalizzato per poter stampare gli assegni in questa macchina.<\/p>\n","protected":false},"excerpt":{"rendered":"<p>Payroll Mate \u00e8 un software per buste paga che si adatta alle esigenze di commercialisti, piccole e medie imprese (PMI), datori di lavoro agricoli, organizzazioni non profit, governi locali, scuole, datori di lavoro domestici e lavoratori autonomi. Si tratta di un programma completo che offre la possibilit\u00e0 di gestire e controllare le attivit\u00e0 relative ai salari in modo tale da semplificare la rendicontazione, la tenuta dei registri, il calcolo delle tasse federali, statali e locali e i report.<\/p>\n","protected":false},"author":17,"featured_media":38506,"parent":38170,"menu_order":0,"comment_status":"open","ping_status":"closed","template":"g1_template_page_review_new.php","meta":{"_acf_changed":false,"cwp_meta_box_check":"No","cwp_rev_product_name":"","cwp_rev_product_image":"","wppr_links":[],"cwp_rev_price":"","wppr_options":[],"wppr_pros":[],"wppr_cons":[],"_monsterinsights_skip_tracking":false,"_monsterinsights_sitenote_active":false,"_monsterinsights_sitenote_note":"","_monsterinsights_sitenote_category":0,"footnotes":""},"categories":[5273],"tags":[4499,4515,5354,5289,5288,5287,5286],"features":[],"class_list":{"0":"post-38505","1":"page","2":"type-page","3":"status-publish","4":"has-post-thumbnail","6":"category-programmi-buste-paga-categoria","7":"tag-buste-paga","8":"tag-gestione-buste-paga","9":"tag-piattaforme-per-buste-paga","10":"tag-programma-buste-paga","11":"tag-software-buste-paga","12":"tag-soluzione-buste-paga","13":"tag-soluzione-per-buste-paga"},"wppr_data":{"cwp_meta_box_check":"No"},"acf":[],"yoast_head":"<!-- This site is optimized with the Yoast SEO plugin v27.4 - https:\/\/yoast.com\/product\/yoast-seo-wordpress\/ -->\n<title>Payroll Mate: recensione programma buste paga - Accurate Reviews<\/title>\n<meta name=\"description\" content=\"Payroll Mate \u00e8 un software per buste paga che si adatta alle esigenze di commercialisti, piccole e medie imprese (PMI) e altri.\" \/>\n<meta name=\"robots\" content=\"index, follow, max-snippet:-1, max-image-preview:large, max-video-preview:-1\" \/>\n<link rel=\"canonical\" href=\"https:\/\/www.accuratereviews.com\/it\/programmi-buste-paga\/payroll-mate-recensione\/\" \/>\n<meta property=\"og:locale\" content=\"it_IT\" \/>\n<meta property=\"og:type\" content=\"article\" \/>\n<meta property=\"og:title\" content=\"Payroll Mate: recensione programma buste paga - Accurate Reviews\" \/>\n<meta property=\"og:description\" content=\"Payroll Mate \u00e8 un software per buste paga che si adatta alle esigenze di commercialisti, piccole e medie imprese (PMI) e altri.\" \/>\n<meta property=\"og:url\" content=\"https:\/\/www.accuratereviews.com\/it\/programmi-buste-paga\/payroll-mate-recensione\/\" \/>\n<meta property=\"og:site_name\" content=\"Accurate Reviews\" \/>\n<meta property=\"article:modified_time\" content=\"2021-04-28T10:56:13+00:00\" \/>\n<meta property=\"og:image\" content=\"https:\/\/www.accuratereviews.com\/wp-content\/uploads\/2021\/03\/1600350657-Payroll-Mate-reviews-FI.jpg\" \/>\n\t<meta property=\"og:image:width\" content=\"900\" \/>\n\t<meta property=\"og:image:height\" content=\"600\" \/>\n\t<meta property=\"og:image:type\" content=\"image\/jpeg\" \/>\n<meta name=\"twitter:card\" content=\"summary_large_image\" \/>\n<meta name=\"twitter:label1\" content=\"Tempo di lettura stimato\" \/>\n\t<meta name=\"twitter:data1\" content=\"3 minuti\" \/>\n<script type=\"application\/ld+json\" class=\"yoast-schema-graph\">{\"@context\":\"https:\\\/\\\/schema.org\",\"@graph\":[{\"@type\":\"WebPage\",\"@id\":\"https:\\\/\\\/www.accuratereviews.com\\\/it\\\/programmi-buste-paga\\\/payroll-mate-recensione\\\/\",\"url\":\"https:\\\/\\\/www.accuratereviews.com\\\/it\\\/programmi-buste-paga\\\/payroll-mate-recensione\\\/\",\"name\":\"Payroll Mate: recensione programma buste paga - Accurate Reviews\",\"isPartOf\":{\"@id\":\"https:\\\/\\\/www.accuratereviews.com\\\/it\\\/#website\"},\"primaryImageOfPage\":{\"@id\":\"https:\\\/\\\/www.accuratereviews.com\\\/it\\\/programmi-buste-paga\\\/payroll-mate-recensione\\\/#primaryimage\"},\"image\":{\"@id\":\"https:\\\/\\\/www.accuratereviews.com\\\/it\\\/programmi-buste-paga\\\/payroll-mate-recensione\\\/#primaryimage\"},\"thumbnailUrl\":\"https:\\\/\\\/www.accuratereviews.com\\\/wp-content\\\/uploads\\\/2021\\\/03\\\/1600350657-Payroll-Mate-reviews-FI.jpg\",\"datePublished\":\"2021-03-15T15:14:16+00:00\",\"dateModified\":\"2021-04-28T10:56:13+00:00\",\"description\":\"Payroll Mate \u00e8 un software per buste paga che si adatta alle esigenze di commercialisti, piccole e medie imprese (PMI) e altri.\",\"breadcrumb\":{\"@id\":\"https:\\\/\\\/www.accuratereviews.com\\\/it\\\/programmi-buste-paga\\\/payroll-mate-recensione\\\/#breadcrumb\"},\"inLanguage\":\"it-IT\",\"potentialAction\":[{\"@type\":\"ReadAction\",\"target\":[\"https:\\\/\\\/www.accuratereviews.com\\\/it\\\/programmi-buste-paga\\\/payroll-mate-recensione\\\/\"]}]},{\"@type\":\"ImageObject\",\"inLanguage\":\"it-IT\",\"@id\":\"https:\\\/\\\/www.accuratereviews.com\\\/it\\\/programmi-buste-paga\\\/payroll-mate-recensione\\\/#primaryimage\",\"url\":\"https:\\\/\\\/www.accuratereviews.com\\\/wp-content\\\/uploads\\\/2021\\\/03\\\/1600350657-Payroll-Mate-reviews-FI.jpg\",\"contentUrl\":\"https:\\\/\\\/www.accuratereviews.com\\\/wp-content\\\/uploads\\\/2021\\\/03\\\/1600350657-Payroll-Mate-reviews-FI.jpg\",\"width\":900,\"height\":600},{\"@type\":\"BreadcrumbList\",\"@id\":\"https:\\\/\\\/www.accuratereviews.com\\\/it\\\/programmi-buste-paga\\\/payroll-mate-recensione\\\/#breadcrumb\",\"itemListElement\":[{\"@type\":\"ListItem\",\"position\":1,\"name\":\"Home\",\"item\":\"https:\\\/\\\/www.accuratereviews.com\\\/it\\\/\"},{\"@type\":\"ListItem\",\"position\":2,\"name\":\"Programmi per buste paga\",\"item\":\"https:\\\/\\\/www.accuratereviews.com\\\/it\\\/programmi-buste-paga\\\/\"},{\"@type\":\"ListItem\",\"position\":3,\"name\":\"Payroll Mate\"}]},{\"@type\":\"WebSite\",\"@id\":\"https:\\\/\\\/www.accuratereviews.com\\\/it\\\/#website\",\"url\":\"https:\\\/\\\/www.accuratereviews.com\\\/it\\\/\",\"name\":\"Accurate Reviews\",\"description\":\"\",\"potentialAction\":[{\"@type\":\"SearchAction\",\"target\":{\"@type\":\"EntryPoint\",\"urlTemplate\":\"https:\\\/\\\/www.accuratereviews.com\\\/it\\\/?s={search_term_string}\"},\"query-input\":{\"@type\":\"PropertyValueSpecification\",\"valueRequired\":true,\"valueName\":\"search_term_string\"}}],\"inLanguage\":\"it-IT\"}]}<\/script>\n<!-- \/ Yoast SEO plugin. -->","yoast_head_json":{"title":"Payroll Mate: recensione programma buste paga - Accurate Reviews","description":"Payroll Mate \u00e8 un software per buste paga che si adatta alle esigenze di commercialisti, piccole e medie imprese (PMI) e altri.","robots":{"index":"index","follow":"follow","max-snippet":"max-snippet:-1","max-image-preview":"max-image-preview:large","max-video-preview":"max-video-preview:-1"},"canonical":"https:\/\/www.accuratereviews.com\/it\/programmi-buste-paga\/payroll-mate-recensione\/","og_locale":"it_IT","og_type":"article","og_title":"Payroll Mate: recensione programma buste paga - Accurate Reviews","og_description":"Payroll Mate \u00e8 un software per buste paga che si adatta alle esigenze di commercialisti, piccole e medie imprese (PMI) e altri.","og_url":"https:\/\/www.accuratereviews.com\/it\/programmi-buste-paga\/payroll-mate-recensione\/","og_site_name":"Accurate Reviews","article_modified_time":"2021-04-28T10:56:13+00:00","og_image":[{"width":900,"height":600,"url":"https:\/\/www.accuratereviews.com\/wp-content\/uploads\/2021\/03\/1600350657-Payroll-Mate-reviews-FI.jpg","type":"image\/jpeg"}],"twitter_card":"summary_large_image","twitter_misc":{"Tempo di lettura stimato":"3 minuti"},"schema":{"@context":"https:\/\/schema.org","@graph":[{"@type":"WebPage","@id":"https:\/\/www.accuratereviews.com\/it\/programmi-buste-paga\/payroll-mate-recensione\/","url":"https:\/\/www.accuratereviews.com\/it\/programmi-buste-paga\/payroll-mate-recensione\/","name":"Payroll Mate: recensione programma buste paga - Accurate Reviews","isPartOf":{"@id":"https:\/\/www.accuratereviews.com\/it\/#website"},"primaryImageOfPage":{"@id":"https:\/\/www.accuratereviews.com\/it\/programmi-buste-paga\/payroll-mate-recensione\/#primaryimage"},"image":{"@id":"https:\/\/www.accuratereviews.com\/it\/programmi-buste-paga\/payroll-mate-recensione\/#primaryimage"},"thumbnailUrl":"https:\/\/www.accuratereviews.com\/wp-content\/uploads\/2021\/03\/1600350657-Payroll-Mate-reviews-FI.jpg","datePublished":"2021-03-15T15:14:16+00:00","dateModified":"2021-04-28T10:56:13+00:00","description":"Payroll Mate \u00e8 un software per buste paga che si adatta alle esigenze di commercialisti, piccole e medie imprese (PMI) e altri.","breadcrumb":{"@id":"https:\/\/www.accuratereviews.com\/it\/programmi-buste-paga\/payroll-mate-recensione\/#breadcrumb"},"inLanguage":"it-IT","potentialAction":[{"@type":"ReadAction","target":["https:\/\/www.accuratereviews.com\/it\/programmi-buste-paga\/payroll-mate-recensione\/"]}]},{"@type":"ImageObject","inLanguage":"it-IT","@id":"https:\/\/www.accuratereviews.com\/it\/programmi-buste-paga\/payroll-mate-recensione\/#primaryimage","url":"https:\/\/www.accuratereviews.com\/wp-content\/uploads\/2021\/03\/1600350657-Payroll-Mate-reviews-FI.jpg","contentUrl":"https:\/\/www.accuratereviews.com\/wp-content\/uploads\/2021\/03\/1600350657-Payroll-Mate-reviews-FI.jpg","width":900,"height":600},{"@type":"BreadcrumbList","@id":"https:\/\/www.accuratereviews.com\/it\/programmi-buste-paga\/payroll-mate-recensione\/#breadcrumb","itemListElement":[{"@type":"ListItem","position":1,"name":"Home","item":"https:\/\/www.accuratereviews.com\/it\/"},{"@type":"ListItem","position":2,"name":"Programmi per buste paga","item":"https:\/\/www.accuratereviews.com\/it\/programmi-buste-paga\/"},{"@type":"ListItem","position":3,"name":"Payroll Mate"}]},{"@type":"WebSite","@id":"https:\/\/www.accuratereviews.com\/it\/#website","url":"https:\/\/www.accuratereviews.com\/it\/","name":"Accurate Reviews","description":"","potentialAction":[{"@type":"SearchAction","target":{"@type":"EntryPoint","urlTemplate":"https:\/\/www.accuratereviews.com\/it\/?s={search_term_string}"},"query-input":{"@type":"PropertyValueSpecification","valueRequired":true,"valueName":"search_term_string"}}],"inLanguage":"it-IT"}]}},"_links":{"self":[{"href":"https:\/\/www.accuratereviews.com\/it\/wp-json\/wp\/v2\/pages\/38505","targetHints":{"allow":["GET"]}}],"collection":[{"href":"https:\/\/www.accuratereviews.com\/it\/wp-json\/wp\/v2\/pages"}],"about":[{"href":"https:\/\/www.accuratereviews.com\/it\/wp-json\/wp\/v2\/types\/page"}],"author":[{"embeddable":true,"href":"https:\/\/www.accuratereviews.com\/it\/wp-json\/wp\/v2\/users\/17"}],"replies":[{"embeddable":true,"href":"https:\/\/www.accuratereviews.com\/it\/wp-json\/wp\/v2\/comments?post=38505"}],"version-history":[{"count":2,"href":"https:\/\/www.accuratereviews.com\/it\/wp-json\/wp\/v2\/pages\/38505\/revisions"}],"predecessor-version":[{"id":41238,"href":"https:\/\/www.accuratereviews.com\/it\/wp-json\/wp\/v2\/pages\/38505\/revisions\/41238"}],"up":[{"embeddable":true,"href":"https:\/\/www.accuratereviews.com\/it\/wp-json\/wp\/v2\/pages\/38170"}],"wp:featuredmedia":[{"embeddable":true,"href":"https:\/\/www.accuratereviews.com\/it\/wp-json\/wp\/v2\/media\/38506"}],"wp:attachment":[{"href":"https:\/\/www.accuratereviews.com\/it\/wp-json\/wp\/v2\/media?parent=38505"}],"wp:term":[{"taxonomy":"category","embeddable":true,"href":"https:\/\/www.accuratereviews.com\/it\/wp-json\/wp\/v2\/categories?post=38505"},{"taxonomy":"post_tag","embeddable":true,"href":"https:\/\/www.accuratereviews.com\/it\/wp-json\/wp\/v2\/tags?post=38505"},{"taxonomy":"features","embeddable":true,"href":"https:\/\/www.accuratereviews.com\/it\/wp-json\/wp\/v2\/features?post=38505"}],"curies":[{"name":"wp","href":"https:\/\/api.w.org\/{rel}","templated":true}]}}