{"id":38515,"date":"2021-03-16T12:06:01","date_gmt":"2021-03-16T12:06:01","guid":{"rendered":"https:\/\/www.accuratereviews.com\/?page_id=38515"},"modified":"2021-04-28T10:53:40","modified_gmt":"2021-04-28T10:53:40","slug":"clicktime-recensione","status":"publish","type":"page","link":"https:\/\/www.accuratereviews.com\/it\/programmi-buste-paga\/clicktime-recensione\/","title":{"rendered":"ClickTime"},"content":{"rendered":"<p><strong>ClickTime<\/strong> fornisce alle aziende e ai professionisti una solida e pluripremiata piattaforma di<strong> monitoraggio del tempo<\/strong> basata sul web che semplifica il modo in cui gestisci il tuo tempo, le tue spese e altre risorse. Semplice e facile da usare, la soluzione \u00e8 dotata di molte funzioni pratiche che lo rendono un&#8217;opzione di monitoraggio del tempo per tutti i tipi di utenti accessibile tramite tutte le piattaforme e browser web. Il monitoraggio dell&#8217;orario di lavoro e la generazione di rapporti sull&#8217;efficienza sono un gioco da ragazzi, consentendo ai dipendenti di fornire risultati produttivi. Gli utenti possono stampare rapporti con facilit\u00e0 poich\u00e9 il sistema \u00e8 caricato con pi\u00f9 di 80 modelli che \u00e8 possibile utilizzare per qualsiasi esigenza e rendiconto spese. Con <strong>ClickTime<\/strong>, acceleri il processo di approvazione o rifiuto per stipendi, fatture e rapporti.<\/p>\n<h2>CLICKTIME &#8211; TUTORIAL<\/h2>\n<p>Vediamo come \u00e8 semplice e veloce fare il monitoraggio del tempo lavorato dai dipendenti usando questo <strong>programma di buste paga<\/strong>:<\/p>\n<div id=\"fluid-wrapper-counter-1\" class=\"g1-fluid-wrapper \" style=\"width:686px;\">\n<div style=\"padding-bottom:56.268221574344%;\"><iframe loading=\"lazy\" title=\"Time Entry with ClickTime\" width=\"686\" height=\"386\" src=\"https:\/\/www.youtube.com\/embed\/ETToylAAfTU?feature=oembed&amp;wmode=transparent&amp;autohide=1&amp;autoplay=0&amp;disablekb=0&amp;fs=1&amp;loop=0&amp;enablejsapi=1&amp;rel=0&amp;controls=2&amp;showinfo=0&amp;wmode=transparent&amp;autohide=2&amp;autoplay=0&amp;disablekb=0&amp;fs=1&amp;loop=0&amp;enablejsapi=1&amp;rel=0&amp;controls=2&amp;showinfo=1\" frameborder=\"0\" allow=\"accelerometer; autoplay; clipboard-write; encrypted-media; gyroscope; picture-in-picture\" allowfullscreen><\/iframe><\/div>\n<\/div>\n<h3>CLICKTIME &#8211; CARATTERISTICHE<\/h3>\n<ul>\n<li><strong>Tieni traccia del tempo<\/strong>: tracciamento facile delle ore, del tempo libero e delle spese dei dipendenti. Inizia con una semplice app mobile o integra il programma con i tuoi sistemi esistenti<\/li>\n<li><strong>Gestire il tempo<\/strong>: pianifica e approva il tempo dei dipendenti con facilit\u00e0. Gestisci i progetti, comprendi la loro disponibilit\u00e0 e prendi decisioni di gestione intelligenti da qualsiasi parte del mondo<\/li>\n<li><strong>Rapporto e crescita<\/strong>: ottieni nuove informazioni sulla tua organizzazione e rispondi alle domande pi\u00f9 difficili sulla tua attivit\u00e0. Immergiti in quasi 80 rapporti predefiniti o crea dashboard personalizzate per il tuo team<\/li>\n<li><strong>Mantenere le spese entro il budget:<\/strong> la app mobile accelera il processo di rimborso per i dipendenti. Il tuo team pu\u00f2 creare rapidamente fogli di spesa e scattare istantanee delle ricevute, che il sistema sincronizza automaticamente sul web affinch\u00e9 i datori di lavoro possano visualizzarle.<\/li>\n<\/ul>\n<h4>LE RECENSIONI DEGLI UTENTI<\/h4>\n<p class=\"font-weight-bold mb-1 d-flex align-items-center\"><strong>Kyle L.&#8221;Ottimo software per tenere il tempo&#8221;<\/strong><\/p>\n<p><strong>Commenti: <\/strong>Nel complesso, l&#8217;esperienza \u00e8 stata fantastica. Per i soldi, Clicktime \u00e8 il miglior rapporto qualit\u00e0-prezzo. L&#8217;interfaccia utente e la facilit\u00e0 d&#8217;uso sono semplici ma estremamente efficaci.<\/p>\n<p><strong>Pro: <\/strong>Il software soddisfa tutte le esigenze della nostra azienda. Lo usiamo come il nostro principale software di monitoraggio del tempo e un input nel libro paga. Il reporting ci consente anche di utilizzarlo anche a fini di project management. Ottimo strumento per il prezzo rispetto ad altri sistemi pi\u00f9 complessi.<\/p>\n<p><strong>Contro: <\/strong>Limitazione di 24 ore al giorno sul portale di immissione dell&#8217;orario. Le nostre aziende svolgono altre attivit\u00e0 oltre alle ore di lavoro (ad es. Tempo di computer specializzato). Sarebbe bello se il mio dipendente potesse accedere per pi\u00f9 di 24 ore al giorno. Ad esempio 13 ore di lavoro e 12 ore di computer specializzato.<\/p>\n<p class=\"font-weight-bold mb-1 d-flex align-items-center\"><strong>Matt P.&#8221;MaPS, Inc.&#8221;<\/strong><\/p>\n<p><strong>Commenti: <\/strong>Come consulente, vengo pagato per il mio tempo e le mie giornate sono spesso suddivise in molte attivit\u00e0 per molti clienti diversi. Tempo tracciato = tempo fatturabile e ClickTime mi consente di monitorare rapidamente e facilmente il mio tempo ed eseguire rapporti per la fatturazione mensile. Anche l&#8217;offerta di nuovi lavori \u00e8 pi\u00f9 accurata ora, poich\u00e9 posso facilmente eseguire rapporti per fase e attivit\u00e0 per vedere come ho fatto l&#8217;ultimo lavoro simile e stimare le ore \/ il prezzo del nuovo lavoro di conseguenza.<\/p>\n<p><strong>Pro: <\/strong>Facile da configurare e facile da usare. Basso costo.<\/p>\n<p><strong>Contro: <\/strong>Non \u00e8 possibile copiare \/ incollare \/ aggiungere attivit\u00e0 ripetitive: \u00e8 necessario compilare una voce per ciascuna.<\/p>\n<p><strong>Mic W.&#8221;Ottimo software per un&#8217;azienda in crescita&#8221;<\/strong><\/p>\n<p><strong>Commenti: <\/strong>Clicktime ci consente di tenere traccia delle ore, delle mansioni lavorative e delle spese per i singoli progetti. Mi piacciono anche le funzionalit\u00e0 della dashboard che ci consentono di vedere una rapida istantanea dei budget e se siamo vicini al superamento dei budget di progetto.<\/p>\n<p><strong>Pro: <\/strong>Clicktime \u00e8 facile da usare e facile da monitorare le tue ore per progetto, dipendente, cliente, ecc. Siamo una piccola azienda ma siamo distribuiti in pi\u00f9 stati. L&#8217;utilizzo sia del portale del tempo di clic online che dell&#8217;app IOS ha semplificato il monitoraggio del tempo dei dipendenti.<\/p>\n<p><strong>Contro: <\/strong>Abbiamo avuto problemi a integrare il programma con Quickbooks, potrebbe essere un errore dell&#8217;utente, ma non l&#8217;abbiamo ancora capito.<\/p>\n","protected":false},"excerpt":{"rendered":"<p>ClickTime fornisce alle aziende e ai professionisti una solida e pluripremiata piattaforma di monitoraggio del tempo basata sul web che semplifica il modo in cui gestisci il tuo tempo, le tue spese e altre risorse. Semplice e facile da usare, la soluzione \u00e8 dotata di una miriade di funzioni pratiche che lo rendono un&#8217;opzione di monitoraggio del tempo per tutti i tipi di utenti ed \u00e8 accessibile tramite tutte le piattaforme e browser web.<\/p>\n","protected":false},"author":19,"featured_media":38531,"parent":38170,"menu_order":0,"comment_status":"open","ping_status":"closed","template":"g1_template_page_review_new.php","meta":{"_acf_changed":false,"cwp_meta_box_check":"Yes","cwp_rev_product_name":"","cwp_rev_product_image":"","wppr_links":[],"cwp_rev_price":"","wppr_options":[],"wppr_pros":[],"wppr_cons":[],"_monsterinsights_skip_tracking":false,"_monsterinsights_sitenote_active":false,"_monsterinsights_sitenote_note":"","_monsterinsights_sitenote_category":0,"footnotes":""},"categories":[5273],"tags":[4499,5368,5290,5289,5288,5287],"features":[],"class_list":{"0":"post-38515","1":"page","2":"type-page","3":"status-publish","4":"has-post-thumbnail","6":"category-programmi-buste-paga-categoria","7":"tag-buste-paga","8":"tag-clicktime","9":"tag-piattaforma-buste-paga","10":"tag-programma-buste-paga","11":"tag-software-buste-paga","12":"tag-soluzione-buste-paga"},"wppr_data":{"cwp_meta_box_check":"Yes","cwp_rev_product_name":"","cwp_rev_product_image":"","cwp_image_link":"image","cwp_rev_price":"","wppr_rating":"0.00"},"acf":[],"yoast_head":"<!-- This site is optimized with the Yoast SEO plugin v27.4 - https:\/\/yoast.com\/product\/yoast-seo-wordpress\/ -->\n<title>ClickTime: recensione programma buste paga - Accurate Reviews<\/title>\n<meta name=\"description\" content=\"ClickTime: recensione piattaforma di monitoraggio del tempo basata sul web per aziende e professionisti nel settore buste paga.\" \/>\n<meta name=\"robots\" content=\"index, follow, max-snippet:-1, max-image-preview:large, max-video-preview:-1\" \/>\n<link rel=\"canonical\" href=\"https:\/\/www.accuratereviews.com\/it\/programmi-buste-paga\/clicktime-recensione\/\" \/>\n<meta property=\"og:locale\" content=\"it_IT\" \/>\n<meta property=\"og:type\" content=\"article\" \/>\n<meta property=\"og:title\" content=\"ClickTime: recensione programma buste paga - Accurate Reviews\" \/>\n<meta property=\"og:description\" content=\"ClickTime: recensione piattaforma di monitoraggio del tempo basata sul web per aziende e professionisti nel settore buste paga.\" \/>\n<meta property=\"og:url\" content=\"https:\/\/www.accuratereviews.com\/it\/programmi-buste-paga\/clicktime-recensione\/\" \/>\n<meta property=\"og:site_name\" content=\"Accurate Reviews\" \/>\n<meta property=\"article:modified_time\" content=\"2021-04-28T10:53:40+00:00\" \/>\n<meta property=\"og:image\" content=\"https:\/\/www.accuratereviews.com\/wp-content\/uploads\/2021\/03\/clicktime.png\" \/>\n\t<meta property=\"og:image:width\" content=\"400\" \/>\n\t<meta property=\"og:image:height\" content=\"250\" \/>\n\t<meta property=\"og:image:type\" content=\"image\/png\" \/>\n<meta name=\"twitter:card\" content=\"summary_large_image\" \/>\n<meta name=\"twitter:label1\" content=\"Tempo di lettura stimato\" \/>\n\t<meta name=\"twitter:data1\" content=\"3 minuti\" \/>\n<script type=\"application\/ld+json\" class=\"yoast-schema-graph\">{\"@context\":\"https:\\\/\\\/schema.org\",\"@graph\":[{\"@type\":\"WebPage\",\"@id\":\"https:\\\/\\\/www.accuratereviews.com\\\/it\\\/programmi-buste-paga\\\/clicktime-recensione\\\/\",\"url\":\"https:\\\/\\\/www.accuratereviews.com\\\/it\\\/programmi-buste-paga\\\/clicktime-recensione\\\/\",\"name\":\"ClickTime: recensione programma buste paga - Accurate Reviews\",\"isPartOf\":{\"@id\":\"https:\\\/\\\/www.accuratereviews.com\\\/it\\\/#website\"},\"primaryImageOfPage\":{\"@id\":\"https:\\\/\\\/www.accuratereviews.com\\\/it\\\/programmi-buste-paga\\\/clicktime-recensione\\\/#primaryimage\"},\"image\":{\"@id\":\"https:\\\/\\\/www.accuratereviews.com\\\/it\\\/programmi-buste-paga\\\/clicktime-recensione\\\/#primaryimage\"},\"thumbnailUrl\":\"https:\\\/\\\/www.accuratereviews.com\\\/wp-content\\\/uploads\\\/2021\\\/03\\\/clicktime.png\",\"datePublished\":\"2021-03-16T12:06:01+00:00\",\"dateModified\":\"2021-04-28T10:53:40+00:00\",\"description\":\"ClickTime: recensione piattaforma di monitoraggio del tempo basata sul web per aziende e professionisti nel settore buste paga.\",\"breadcrumb\":{\"@id\":\"https:\\\/\\\/www.accuratereviews.com\\\/it\\\/programmi-buste-paga\\\/clicktime-recensione\\\/#breadcrumb\"},\"inLanguage\":\"it-IT\",\"potentialAction\":[{\"@type\":\"ReadAction\",\"target\":[\"https:\\\/\\\/www.accuratereviews.com\\\/it\\\/programmi-buste-paga\\\/clicktime-recensione\\\/\"]}]},{\"@type\":\"ImageObject\",\"inLanguage\":\"it-IT\",\"@id\":\"https:\\\/\\\/www.accuratereviews.com\\\/it\\\/programmi-buste-paga\\\/clicktime-recensione\\\/#primaryimage\",\"url\":\"https:\\\/\\\/www.accuratereviews.com\\\/wp-content\\\/uploads\\\/2021\\\/03\\\/clicktime.png\",\"contentUrl\":\"https:\\\/\\\/www.accuratereviews.com\\\/wp-content\\\/uploads\\\/2021\\\/03\\\/clicktime.png\",\"width\":400,\"height\":250},{\"@type\":\"BreadcrumbList\",\"@id\":\"https:\\\/\\\/www.accuratereviews.com\\\/it\\\/programmi-buste-paga\\\/clicktime-recensione\\\/#breadcrumb\",\"itemListElement\":[{\"@type\":\"ListItem\",\"position\":1,\"name\":\"Home\",\"item\":\"https:\\\/\\\/www.accuratereviews.com\\\/it\\\/\"},{\"@type\":\"ListItem\",\"position\":2,\"name\":\"Programmi per buste paga\",\"item\":\"https:\\\/\\\/www.accuratereviews.com\\\/it\\\/programmi-buste-paga\\\/\"},{\"@type\":\"ListItem\",\"position\":3,\"name\":\"ClickTime\"}]},{\"@type\":\"WebSite\",\"@id\":\"https:\\\/\\\/www.accuratereviews.com\\\/it\\\/#website\",\"url\":\"https:\\\/\\\/www.accuratereviews.com\\\/it\\\/\",\"name\":\"Accurate Reviews\",\"description\":\"\",\"potentialAction\":[{\"@type\":\"SearchAction\",\"target\":{\"@type\":\"EntryPoint\",\"urlTemplate\":\"https:\\\/\\\/www.accuratereviews.com\\\/it\\\/?s={search_term_string}\"},\"query-input\":{\"@type\":\"PropertyValueSpecification\",\"valueRequired\":true,\"valueName\":\"search_term_string\"}}],\"inLanguage\":\"it-IT\"}]}<\/script>\n<!-- \/ Yoast SEO plugin. -->","yoast_head_json":{"title":"ClickTime: recensione programma buste paga - Accurate Reviews","description":"ClickTime: recensione piattaforma di monitoraggio del tempo basata sul web per aziende e professionisti nel settore buste paga.","robots":{"index":"index","follow":"follow","max-snippet":"max-snippet:-1","max-image-preview":"max-image-preview:large","max-video-preview":"max-video-preview:-1"},"canonical":"https:\/\/www.accuratereviews.com\/it\/programmi-buste-paga\/clicktime-recensione\/","og_locale":"it_IT","og_type":"article","og_title":"ClickTime: recensione programma buste paga - Accurate Reviews","og_description":"ClickTime: recensione piattaforma di monitoraggio del tempo basata sul web per aziende e professionisti nel settore buste paga.","og_url":"https:\/\/www.accuratereviews.com\/it\/programmi-buste-paga\/clicktime-recensione\/","og_site_name":"Accurate Reviews","article_modified_time":"2021-04-28T10:53:40+00:00","og_image":[{"width":400,"height":250,"url":"https:\/\/www.accuratereviews.com\/wp-content\/uploads\/2021\/03\/clicktime.png","type":"image\/png"}],"twitter_card":"summary_large_image","twitter_misc":{"Tempo di lettura stimato":"3 minuti"},"schema":{"@context":"https:\/\/schema.org","@graph":[{"@type":"WebPage","@id":"https:\/\/www.accuratereviews.com\/it\/programmi-buste-paga\/clicktime-recensione\/","url":"https:\/\/www.accuratereviews.com\/it\/programmi-buste-paga\/clicktime-recensione\/","name":"ClickTime: recensione programma buste paga - Accurate Reviews","isPartOf":{"@id":"https:\/\/www.accuratereviews.com\/it\/#website"},"primaryImageOfPage":{"@id":"https:\/\/www.accuratereviews.com\/it\/programmi-buste-paga\/clicktime-recensione\/#primaryimage"},"image":{"@id":"https:\/\/www.accuratereviews.com\/it\/programmi-buste-paga\/clicktime-recensione\/#primaryimage"},"thumbnailUrl":"https:\/\/www.accuratereviews.com\/wp-content\/uploads\/2021\/03\/clicktime.png","datePublished":"2021-03-16T12:06:01+00:00","dateModified":"2021-04-28T10:53:40+00:00","description":"ClickTime: recensione piattaforma di monitoraggio del tempo basata sul web per aziende e professionisti nel settore buste paga.","breadcrumb":{"@id":"https:\/\/www.accuratereviews.com\/it\/programmi-buste-paga\/clicktime-recensione\/#breadcrumb"},"inLanguage":"it-IT","potentialAction":[{"@type":"ReadAction","target":["https:\/\/www.accuratereviews.com\/it\/programmi-buste-paga\/clicktime-recensione\/"]}]},{"@type":"ImageObject","inLanguage":"it-IT","@id":"https:\/\/www.accuratereviews.com\/it\/programmi-buste-paga\/clicktime-recensione\/#primaryimage","url":"https:\/\/www.accuratereviews.com\/wp-content\/uploads\/2021\/03\/clicktime.png","contentUrl":"https:\/\/www.accuratereviews.com\/wp-content\/uploads\/2021\/03\/clicktime.png","width":400,"height":250},{"@type":"BreadcrumbList","@id":"https:\/\/www.accuratereviews.com\/it\/programmi-buste-paga\/clicktime-recensione\/#breadcrumb","itemListElement":[{"@type":"ListItem","position":1,"name":"Home","item":"https:\/\/www.accuratereviews.com\/it\/"},{"@type":"ListItem","position":2,"name":"Programmi per buste paga","item":"https:\/\/www.accuratereviews.com\/it\/programmi-buste-paga\/"},{"@type":"ListItem","position":3,"name":"ClickTime"}]},{"@type":"WebSite","@id":"https:\/\/www.accuratereviews.com\/it\/#website","url":"https:\/\/www.accuratereviews.com\/it\/","name":"Accurate Reviews","description":"","potentialAction":[{"@type":"SearchAction","target":{"@type":"EntryPoint","urlTemplate":"https:\/\/www.accuratereviews.com\/it\/?s={search_term_string}"},"query-input":{"@type":"PropertyValueSpecification","valueRequired":true,"valueName":"search_term_string"}}],"inLanguage":"it-IT"}]}},"_links":{"self":[{"href":"https:\/\/www.accuratereviews.com\/it\/wp-json\/wp\/v2\/pages\/38515","targetHints":{"allow":["GET"]}}],"collection":[{"href":"https:\/\/www.accuratereviews.com\/it\/wp-json\/wp\/v2\/pages"}],"about":[{"href":"https:\/\/www.accuratereviews.com\/it\/wp-json\/wp\/v2\/types\/page"}],"author":[{"embeddable":true,"href":"https:\/\/www.accuratereviews.com\/it\/wp-json\/wp\/v2\/users\/19"}],"replies":[{"embeddable":true,"href":"https:\/\/www.accuratereviews.com\/it\/wp-json\/wp\/v2\/comments?post=38515"}],"version-history":[{"count":15,"href":"https:\/\/www.accuratereviews.com\/it\/wp-json\/wp\/v2\/pages\/38515\/revisions"}],"predecessor-version":[{"id":41235,"href":"https:\/\/www.accuratereviews.com\/it\/wp-json\/wp\/v2\/pages\/38515\/revisions\/41235"}],"up":[{"embeddable":true,"href":"https:\/\/www.accuratereviews.com\/it\/wp-json\/wp\/v2\/pages\/38170"}],"wp:featuredmedia":[{"embeddable":true,"href":"https:\/\/www.accuratereviews.com\/it\/wp-json\/wp\/v2\/media\/38531"}],"wp:attachment":[{"href":"https:\/\/www.accuratereviews.com\/it\/wp-json\/wp\/v2\/media?parent=38515"}],"wp:term":[{"taxonomy":"category","embeddable":true,"href":"https:\/\/www.accuratereviews.com\/it\/wp-json\/wp\/v2\/categories?post=38515"},{"taxonomy":"post_tag","embeddable":true,"href":"https:\/\/www.accuratereviews.com\/it\/wp-json\/wp\/v2\/tags?post=38515"},{"taxonomy":"features","embeddable":true,"href":"https:\/\/www.accuratereviews.com\/it\/wp-json\/wp\/v2\/features?post=38515"}],"curies":[{"name":"wp","href":"https:\/\/api.w.org\/{rel}","templated":true}]}}