{"id":38517,"date":"2021-03-16T12:01:00","date_gmt":"2021-03-16T12:01:00","guid":{"rendered":"https:\/\/www.accuratereviews.com\/?page_id=38517"},"modified":"2021-04-28T10:57:46","modified_gmt":"2021-04-28T10:57:46","slug":"wagepoint-recensione","status":"publish","type":"page","link":"https:\/\/www.accuratereviews.com\/it\/programmi-buste-paga\/wagepoint-recensione\/","title":{"rendered":"Wagepoint"},"content":{"rendered":"<p><strong>Wagepoint<\/strong> \u00e8 un sistema di <strong>gestione stipendi<\/strong> basato sul web. Intuitivo, facile da usare, ideale per le piccole imprese che cercano di rendere efficienti e conformi alle norme fiscali i propri sistemi di pagamento delle buste paga e dei fornitori. \u00c8 un&#8217;app ideale per le aziende in una vasta gamma di settori tra cui vendita al dettaglio, sanit\u00e0, distribuzione e banche. <strong>Wagepoint<\/strong> \u00e8 utilizzato da centinaia di piccole imprese e offre un&#8217;interfaccia di facile utilizzo che consente alle aziende di configurare l&#8217;app in poche ore. Che tu stia gestendo un team interno o una forza lavoro remota, l&#8217;app pu\u00f2 consolidare i risultati del tuo libro paga.<\/p>\n<h2>WAGEPOINT &#8211; TUTORIAL<\/h2>\n<p>Ecco un video che mostra come \u00e8 semplice monitorare il tempo dei propri dipendenti utilizzando questo <strong>programma per buste paga<\/strong>:<\/p>\n<div id=\"fluid-wrapper-counter-1\" class=\"g1-fluid-wrapper \" style=\"width:686px;\">\n<div style=\"padding-bottom:56.268221574344%;\"><iframe loading=\"lazy\" title=\"Track by Wagepoint - Simple time tracking for small businesses\" width=\"686\" height=\"386\" src=\"https:\/\/www.youtube.com\/embed\/SMnQNR2jJ_g?feature=oembed&amp;wmode=transparent&amp;autohide=1&amp;autoplay=0&amp;disablekb=0&amp;fs=1&amp;loop=0&amp;enablejsapi=1&amp;rel=0&amp;controls=2&amp;showinfo=0&amp;wmode=transparent&amp;autohide=2&amp;autoplay=0&amp;disablekb=0&amp;fs=1&amp;loop=0&amp;enablejsapi=1&amp;rel=0&amp;controls=2&amp;showinfo=1\" frameborder=\"0\" allow=\"accelerometer; autoplay; clipboard-write; encrypted-media; gyroscope; picture-in-picture\" allowfullscreen><\/iframe><\/div>\n<\/div>\n<h3>WAGEPOINT &#8211; CARATTERISTICHE<\/h3>\n<ul>\n<li>Comoda dashboard con pi\u00f9 amministratori in modo da poter vedere tutti i dipendenti n un unico posto<\/li>\n<li>La capacit\u00e0 di fatturare direttamente o indirettamente<\/li>\n<li>Servizio clienti e supporto eccezionali<\/li>\n<li>Programma di certificazione online<\/li>\n<li>La possibilit\u00e0 di pagare sia i dipendenti che gli appaltatori<\/li>\n<li>Una gamma completa di entrate e detrazioni standard e personalizzate<\/li>\n<li>Un comodo portale online per i dipendenti per buste paga e documenti fiscali di fine anno<\/li>\n<li>Rimesse e conformit\u00e0 automatizzate delle imposte sui salari<\/li>\n<li>Creazione di documenti e report fiscali di fine anno. Le funzionalit\u00e0 di rimessa e reporting all&#8217;interno del programma variano in base alla localit\u00e0.<\/li>\n<\/ul>\n<h4>LE RECENSIONI DEGLI UTENTI<\/h4>\n<p class=\"font-weight-bold mb-1 d-flex align-items-center\"><strong>Tracy L.&#8221;Wagepoint in soccorso&#8221;<\/strong><\/p>\n<p><strong>Commenti: <\/strong>Ottimo servizio clienti e facile utilizzo del prodotto.<\/p>\n<p><strong>Pro: <\/strong>In qualit\u00e0 di societ\u00e0 di contabilit\u00e0 che elabora le buste paga per molti clienti, \u00e8 bello avere un software per le buste paga facile da usare. I nostri clienti adorano il portale online e ci piace che i dipendenti possano aggiornare le proprie informazioni personali. Il supporto del punto salariale \u00e8 ottimo e ci aiuta con le configurazioni meno dirette. Grazie a Wagepoint la fine dell&#8217;anno \u00e8 un gioco da ragazzi.<\/p>\n<p><strong>Contro: <\/strong>Segnalazione, la lista dei desideri sarebbe che quando trovo una relazione che mi piace ci sia un modo per aggiungerla ai segnalibri. Migliorare anche la rendicontazione che mostra le rimesse fatte a Quebec e Federal. Anche un processo di approvazione, in modo che una volta inviato il libro paga, ci fosse un processo di approvazione finale da parte del cliente.<\/p>\n<p class=\"font-weight-bold mb-1 d-flex align-items-center\"><strong>Denise W.&#8221;Wagepoint\u00a0\u00e8 il mio obiettivo per il libro paga&#8221;<\/strong><\/p>\n<p><strong>Commenti: <\/strong>Fantastica azienda canadese &#8211; felice di averli nel mio staff tecnologico!<\/p>\n<p><strong>Pro: <\/strong>Il supporto Wagepoint \u00e8 di gran lunga la mia parte preferita del suo utilizzo; anche la funzione di esecuzione automatica e i portali dei dipendenti sono fantastici<\/p>\n<p><strong>Contro: <\/strong>I rapporti potrebbero essere migliori; a volte ho difficolt\u00e0 a trovare ci\u00f2 di cui ho bisogno per riferire su dipendenti o reparti specifici<\/p>\n<p class=\"font-weight-bold mb-1 d-flex align-items-center\"><strong>Isaac S.&#8221;Molto soddisfatto&#8221;<\/strong><\/p>\n<p><strong>Commenti: <\/strong>Sono rimasto molto soddisfatto del livello di supporto ricevuto. In particolare, Wagepoint ha fatto un ottimo lavoro risolvendo un problema dopo la recente transizione nel novembre 2020 dal &#8220;libro paga avanzato QBO&#8221;.<\/p>\n<p><strong>Pro: <\/strong>Sono grato per l&#8217;esportazione automatica delle voci del diario in QBO e per le funzionalit\u00e0 di classificazione dei dipendenti che aiutano molto con la contabilit\u00e0 di gestione e la generazione di rapporti.<\/p>\n<p><strong>Contro: <\/strong>La configurazione \u00e8 un po &#8216;impegnativa e il prezzo \u00e8 un po&#8217; alto per i miei clienti pi\u00f9 piccoli.<\/p>\n","protected":false},"excerpt":{"rendered":"<p>Wagepoint \u00e8 un sistema di gestione stipendi basato sul web intuitivo, facile da usare, ideale per le piccole imprese che cercano di rendere efficienti e conformi alle norme fiscali i propri sistemi di pagamento delle buste paga e dei fornitori.<\/p>\n","protected":false},"author":19,"featured_media":38521,"parent":38170,"menu_order":0,"comment_status":"open","ping_status":"closed","template":"g1_template_page_review_new.php","meta":{"_acf_changed":false,"cwp_meta_box_check":"Yes","cwp_rev_product_name":"","cwp_rev_product_image":"","wppr_links":[],"cwp_rev_price":"","wppr_options":[],"wppr_pros":[],"wppr_cons":[],"_monsterinsights_skip_tracking":false,"_monsterinsights_sitenote_active":false,"_monsterinsights_sitenote_note":"","_monsterinsights_sitenote_category":0,"footnotes":""},"categories":[5273],"tags":[4499,5365,5353,5276,5286,5366],"features":[],"class_list":{"0":"post-38517","1":"page","2":"type-page","3":"status-publish","4":"has-post-thumbnail","6":"category-programmi-buste-paga-categoria","7":"tag-buste-paga","8":"tag-piattaforma-per-buste-paga","9":"tag-programma-per-buste-paga","10":"tag-software-per-buste-paga","11":"tag-soluzione-per-buste-paga","12":"tag-wagepoint"},"wppr_data":{"cwp_meta_box_check":"Yes","cwp_rev_product_name":"","cwp_rev_product_image":"","cwp_image_link":"image","cwp_rev_price":"","wppr_rating":"0.00"},"acf":[],"yoast_head":"<!-- This site is optimized with the Yoast SEO plugin v27.4 - https:\/\/yoast.com\/product\/yoast-seo-wordpress\/ -->\n<title>Wagepoint: recensione programma buste paga - Accurate Reviews<\/title>\n<meta name=\"description\" content=\"Wagepoint: recensione sistema di gestione stipendi basato sul web intuitivo, facile da usare, ideale per le piccole imprese.\" \/>\n<meta name=\"robots\" content=\"index, follow, max-snippet:-1, max-image-preview:large, max-video-preview:-1\" \/>\n<link rel=\"canonical\" href=\"https:\/\/www.accuratereviews.com\/it\/programmi-buste-paga\/wagepoint-recensione\/\" \/>\n<meta property=\"og:locale\" content=\"it_IT\" \/>\n<meta property=\"og:type\" content=\"article\" \/>\n<meta property=\"og:title\" content=\"Wagepoint: recensione programma buste paga - Accurate Reviews\" \/>\n<meta property=\"og:description\" content=\"Wagepoint: recensione sistema di gestione stipendi basato sul web intuitivo, facile da usare, ideale per le piccole imprese.\" \/>\n<meta property=\"og:url\" content=\"https:\/\/www.accuratereviews.com\/it\/programmi-buste-paga\/wagepoint-recensione\/\" \/>\n<meta property=\"og:site_name\" content=\"Accurate Reviews\" \/>\n<meta property=\"article:modified_time\" content=\"2021-04-28T10:57:46+00:00\" \/>\n<meta property=\"og:image\" content=\"https:\/\/www.accuratereviews.com\/wp-content\/uploads\/2021\/03\/Wagepoint.png\" \/>\n\t<meta property=\"og:image:width\" content=\"512\" \/>\n\t<meta property=\"og:image:height\" content=\"512\" \/>\n\t<meta property=\"og:image:type\" content=\"image\/png\" \/>\n<meta name=\"twitter:card\" content=\"summary_large_image\" \/>\n<meta name=\"twitter:label1\" content=\"Tempo di lettura stimato\" \/>\n\t<meta name=\"twitter:data1\" content=\"3 minuti\" \/>\n<script type=\"application\/ld+json\" class=\"yoast-schema-graph\">{\"@context\":\"https:\\\/\\\/schema.org\",\"@graph\":[{\"@type\":\"WebPage\",\"@id\":\"https:\\\/\\\/www.accuratereviews.com\\\/it\\\/programmi-buste-paga\\\/wagepoint-recensione\\\/\",\"url\":\"https:\\\/\\\/www.accuratereviews.com\\\/it\\\/programmi-buste-paga\\\/wagepoint-recensione\\\/\",\"name\":\"Wagepoint: recensione programma buste paga - Accurate Reviews\",\"isPartOf\":{\"@id\":\"https:\\\/\\\/www.accuratereviews.com\\\/it\\\/#website\"},\"primaryImageOfPage\":{\"@id\":\"https:\\\/\\\/www.accuratereviews.com\\\/it\\\/programmi-buste-paga\\\/wagepoint-recensione\\\/#primaryimage\"},\"image\":{\"@id\":\"https:\\\/\\\/www.accuratereviews.com\\\/it\\\/programmi-buste-paga\\\/wagepoint-recensione\\\/#primaryimage\"},\"thumbnailUrl\":\"https:\\\/\\\/www.accuratereviews.com\\\/wp-content\\\/uploads\\\/2021\\\/03\\\/Wagepoint.png\",\"datePublished\":\"2021-03-16T12:01:00+00:00\",\"dateModified\":\"2021-04-28T10:57:46+00:00\",\"description\":\"Wagepoint: recensione sistema di gestione stipendi basato sul web intuitivo, facile da usare, ideale per le piccole imprese.\",\"breadcrumb\":{\"@id\":\"https:\\\/\\\/www.accuratereviews.com\\\/it\\\/programmi-buste-paga\\\/wagepoint-recensione\\\/#breadcrumb\"},\"inLanguage\":\"it-IT\",\"potentialAction\":[{\"@type\":\"ReadAction\",\"target\":[\"https:\\\/\\\/www.accuratereviews.com\\\/it\\\/programmi-buste-paga\\\/wagepoint-recensione\\\/\"]}]},{\"@type\":\"ImageObject\",\"inLanguage\":\"it-IT\",\"@id\":\"https:\\\/\\\/www.accuratereviews.com\\\/it\\\/programmi-buste-paga\\\/wagepoint-recensione\\\/#primaryimage\",\"url\":\"https:\\\/\\\/www.accuratereviews.com\\\/wp-content\\\/uploads\\\/2021\\\/03\\\/Wagepoint.png\",\"contentUrl\":\"https:\\\/\\\/www.accuratereviews.com\\\/wp-content\\\/uploads\\\/2021\\\/03\\\/Wagepoint.png\",\"width\":512,\"height\":512},{\"@type\":\"BreadcrumbList\",\"@id\":\"https:\\\/\\\/www.accuratereviews.com\\\/it\\\/programmi-buste-paga\\\/wagepoint-recensione\\\/#breadcrumb\",\"itemListElement\":[{\"@type\":\"ListItem\",\"position\":1,\"name\":\"Home\",\"item\":\"https:\\\/\\\/www.accuratereviews.com\\\/it\\\/\"},{\"@type\":\"ListItem\",\"position\":2,\"name\":\"Programmi per buste paga\",\"item\":\"https:\\\/\\\/www.accuratereviews.com\\\/it\\\/programmi-buste-paga\\\/\"},{\"@type\":\"ListItem\",\"position\":3,\"name\":\"Wagepoint\"}]},{\"@type\":\"WebSite\",\"@id\":\"https:\\\/\\\/www.accuratereviews.com\\\/it\\\/#website\",\"url\":\"https:\\\/\\\/www.accuratereviews.com\\\/it\\\/\",\"name\":\"Accurate Reviews\",\"description\":\"\",\"potentialAction\":[{\"@type\":\"SearchAction\",\"target\":{\"@type\":\"EntryPoint\",\"urlTemplate\":\"https:\\\/\\\/www.accuratereviews.com\\\/it\\\/?s={search_term_string}\"},\"query-input\":{\"@type\":\"PropertyValueSpecification\",\"valueRequired\":true,\"valueName\":\"search_term_string\"}}],\"inLanguage\":\"it-IT\"}]}<\/script>\n<!-- \/ Yoast SEO plugin. -->","yoast_head_json":{"title":"Wagepoint: recensione programma buste paga - Accurate Reviews","description":"Wagepoint: recensione sistema di gestione stipendi basato sul web intuitivo, facile da usare, ideale per le piccole imprese.","robots":{"index":"index","follow":"follow","max-snippet":"max-snippet:-1","max-image-preview":"max-image-preview:large","max-video-preview":"max-video-preview:-1"},"canonical":"https:\/\/www.accuratereviews.com\/it\/programmi-buste-paga\/wagepoint-recensione\/","og_locale":"it_IT","og_type":"article","og_title":"Wagepoint: recensione programma buste paga - Accurate Reviews","og_description":"Wagepoint: recensione sistema di gestione stipendi basato sul web intuitivo, facile da usare, ideale per le piccole imprese.","og_url":"https:\/\/www.accuratereviews.com\/it\/programmi-buste-paga\/wagepoint-recensione\/","og_site_name":"Accurate Reviews","article_modified_time":"2021-04-28T10:57:46+00:00","og_image":[{"width":512,"height":512,"url":"https:\/\/www.accuratereviews.com\/wp-content\/uploads\/2021\/03\/Wagepoint.png","type":"image\/png"}],"twitter_card":"summary_large_image","twitter_misc":{"Tempo di lettura stimato":"3 minuti"},"schema":{"@context":"https:\/\/schema.org","@graph":[{"@type":"WebPage","@id":"https:\/\/www.accuratereviews.com\/it\/programmi-buste-paga\/wagepoint-recensione\/","url":"https:\/\/www.accuratereviews.com\/it\/programmi-buste-paga\/wagepoint-recensione\/","name":"Wagepoint: recensione programma buste paga - Accurate Reviews","isPartOf":{"@id":"https:\/\/www.accuratereviews.com\/it\/#website"},"primaryImageOfPage":{"@id":"https:\/\/www.accuratereviews.com\/it\/programmi-buste-paga\/wagepoint-recensione\/#primaryimage"},"image":{"@id":"https:\/\/www.accuratereviews.com\/it\/programmi-buste-paga\/wagepoint-recensione\/#primaryimage"},"thumbnailUrl":"https:\/\/www.accuratereviews.com\/wp-content\/uploads\/2021\/03\/Wagepoint.png","datePublished":"2021-03-16T12:01:00+00:00","dateModified":"2021-04-28T10:57:46+00:00","description":"Wagepoint: recensione sistema di gestione stipendi basato sul web intuitivo, facile da usare, ideale per le piccole imprese.","breadcrumb":{"@id":"https:\/\/www.accuratereviews.com\/it\/programmi-buste-paga\/wagepoint-recensione\/#breadcrumb"},"inLanguage":"it-IT","potentialAction":[{"@type":"ReadAction","target":["https:\/\/www.accuratereviews.com\/it\/programmi-buste-paga\/wagepoint-recensione\/"]}]},{"@type":"ImageObject","inLanguage":"it-IT","@id":"https:\/\/www.accuratereviews.com\/it\/programmi-buste-paga\/wagepoint-recensione\/#primaryimage","url":"https:\/\/www.accuratereviews.com\/wp-content\/uploads\/2021\/03\/Wagepoint.png","contentUrl":"https:\/\/www.accuratereviews.com\/wp-content\/uploads\/2021\/03\/Wagepoint.png","width":512,"height":512},{"@type":"BreadcrumbList","@id":"https:\/\/www.accuratereviews.com\/it\/programmi-buste-paga\/wagepoint-recensione\/#breadcrumb","itemListElement":[{"@type":"ListItem","position":1,"name":"Home","item":"https:\/\/www.accuratereviews.com\/it\/"},{"@type":"ListItem","position":2,"name":"Programmi per buste paga","item":"https:\/\/www.accuratereviews.com\/it\/programmi-buste-paga\/"},{"@type":"ListItem","position":3,"name":"Wagepoint"}]},{"@type":"WebSite","@id":"https:\/\/www.accuratereviews.com\/it\/#website","url":"https:\/\/www.accuratereviews.com\/it\/","name":"Accurate Reviews","description":"","potentialAction":[{"@type":"SearchAction","target":{"@type":"EntryPoint","urlTemplate":"https:\/\/www.accuratereviews.com\/it\/?s={search_term_string}"},"query-input":{"@type":"PropertyValueSpecification","valueRequired":true,"valueName":"search_term_string"}}],"inLanguage":"it-IT"}]}},"_links":{"self":[{"href":"https:\/\/www.accuratereviews.com\/it\/wp-json\/wp\/v2\/pages\/38517","targetHints":{"allow":["GET"]}}],"collection":[{"href":"https:\/\/www.accuratereviews.com\/it\/wp-json\/wp\/v2\/pages"}],"about":[{"href":"https:\/\/www.accuratereviews.com\/it\/wp-json\/wp\/v2\/types\/page"}],"author":[{"embeddable":true,"href":"https:\/\/www.accuratereviews.com\/it\/wp-json\/wp\/v2\/users\/19"}],"replies":[{"embeddable":true,"href":"https:\/\/www.accuratereviews.com\/it\/wp-json\/wp\/v2\/comments?post=38517"}],"version-history":[{"count":15,"href":"https:\/\/www.accuratereviews.com\/it\/wp-json\/wp\/v2\/pages\/38517\/revisions"}],"predecessor-version":[{"id":41241,"href":"https:\/\/www.accuratereviews.com\/it\/wp-json\/wp\/v2\/pages\/38517\/revisions\/41241"}],"up":[{"embeddable":true,"href":"https:\/\/www.accuratereviews.com\/it\/wp-json\/wp\/v2\/pages\/38170"}],"wp:featuredmedia":[{"embeddable":true,"href":"https:\/\/www.accuratereviews.com\/it\/wp-json\/wp\/v2\/media\/38521"}],"wp:attachment":[{"href":"https:\/\/www.accuratereviews.com\/it\/wp-json\/wp\/v2\/media?parent=38517"}],"wp:term":[{"taxonomy":"category","embeddable":true,"href":"https:\/\/www.accuratereviews.com\/it\/wp-json\/wp\/v2\/categories?post=38517"},{"taxonomy":"post_tag","embeddable":true,"href":"https:\/\/www.accuratereviews.com\/it\/wp-json\/wp\/v2\/tags?post=38517"},{"taxonomy":"features","embeddable":true,"href":"https:\/\/www.accuratereviews.com\/it\/wp-json\/wp\/v2\/features?post=38517"}],"curies":[{"name":"wp","href":"https:\/\/api.w.org\/{rel}","templated":true}]}}