{"id":38595,"date":"2021-03-17T13:53:25","date_gmt":"2021-03-17T13:53:25","guid":{"rendered":"https:\/\/www.accuratereviews.com\/?page_id=38595"},"modified":"2021-04-28T11:01:24","modified_gmt":"2021-04-28T11:01:24","slug":"personio-recensione","status":"publish","type":"page","link":"https:\/\/www.accuratereviews.com\/it\/programmi-buste-paga\/personio-recensione\/","title":{"rendered":"Personio"},"content":{"rendered":"<p><strong>Personio<\/strong> \u00e8 il <strong>software HR<\/strong> all-in-one per piccole e medie imprese da 10 a\u00a02000 dipendenti. La soluzione include risorse umane, reclutamento e buste paga e supporta tutti i principali processi HR che sono fondamentali per il successo di ogni azienda. Pi\u00f9 di 3.000 clienti in oltre 80 paesi utilizzano questa soluzione. A differenza di altri programmi per le risorse umane, <strong>Personio<\/strong> copre le risorse umane, il reclutamento, il libro paga e l&#8217;onboarding, in modo da svolgere tutte le attivit\u00e0 principali relative alle persone in un unico posto. La disponibilit\u00e0 di dati accurati sulle persone in un unico sistema di registrazione consente alle risorse umane di ottenere informazioni approfondite e ottimizzare i processi. I modelli e l&#8217;automazione del flusso di lavoro riducono al minimo l&#8217;overhead manuale come la creazione di certificati di lavoro, il calcolo dei diritti alle ferie o il rifiuto dei candidati. La gestione delle attivit\u00e0 e i promemoria integrati aiutano il team a rimanere aggiornato su attivit\u00e0 e priorit\u00e0, per evitare intoppi.<\/p>\n<h2>PERSONIO &#8211; TUTORIAL<\/h2>\n<p>Ecco un tutorial in inglese con i sottotitoli in italiano che mostra i principali benefici di utilizzare questo <strong>software per le buste paga<\/strong>:<\/p>\n<div id=\"fluid-wrapper-counter-1\" class=\"g1-fluid-wrapper \" style=\"width:686px;\">\n<div style=\"padding-bottom:56.268221574344%;\"><iframe loading=\"lazy\" title=\"What is Personio?\" width=\"686\" height=\"386\" src=\"https:\/\/www.youtube.com\/embed\/v4f6wiCpBPM?feature=oembed&amp;wmode=transparent&amp;autohide=1&amp;autoplay=0&amp;disablekb=0&amp;fs=1&amp;loop=0&amp;enablejsapi=1&amp;rel=0&amp;controls=2&amp;showinfo=0&amp;wmode=transparent&amp;autohide=2&amp;autoplay=0&amp;disablekb=0&amp;fs=1&amp;loop=0&amp;enablejsapi=1&amp;rel=0&amp;controls=2&amp;showinfo=1\" frameborder=\"0\" allow=\"accelerometer; autoplay; clipboard-write; encrypted-media; gyroscope; picture-in-picture\" allowfullscreen><\/iframe><\/div>\n<\/div>\n<h3>PERSONIO &#8211; CARATTERISTICHE<\/h3>\n<ul>\n<li>Rendi il reclutamento ancora pi\u00f9 efficiente con un software di reclutamento basato sul cloud. Crea e pubblica annunci di lavoro su oltre 500 portali e molto altro ancora, in pochi clic<\/li>\n<li>Database chiaro che ti permette di dedicare pi\u00f9 tempo ai processi HR principali. Permette la gestione della documentazione digitale del personale per archiviare facilmente i dati e i documenti pertinenti in un&#8217;unica posizione centralizzata<\/li>\n<li>Rendi immediatamente disponibili tutti i tuoi processi, i contatti e le informazioni rilevanti<\/li>\n<li>Includi automaticamente nel libro paga dati quali stipendi mensili, tariffe orarie e pagamenti di incentivi. I dipendenti possono scaricare le buste paga finali direttamente dalla documentazione digitale del personale<\/li>\n<li>Implementa processi facili, per garantire che il monitoraggio delle presenze sia il pi\u00f9 semplice possibile per tutti e che le ore di lavoro siano calcolate correttamente<\/li>\n<li>Gestisci le candidature, esegui l&#8217;analisi dei CV e gestisci tutte le tue applicazioni dalla tua dashboard.<\/li>\n<\/ul>\n<h4>LE RECENSIONI DEGLI UTENTI<\/h4>\n<p class=\"font-weight-bold mb-1 d-flex align-items-center\"><strong>Leonie K.&#8221;Molto soddisfatto&#8221;<\/strong><\/p>\n<p><strong>Commenti: <\/strong>Semplicemente fantastico. Rende la nostra vita molto pi\u00f9 facile.<\/p>\n<p><strong>Pro: <\/strong>\u00c8 facile da utilizzare. Il servizio clienti \u00e8 eccellente.<\/p>\n<p><strong>Contro:<\/strong>\u00a0non fornisce tutto ci\u00f2 di cui abbiamo bisogno.<\/p>\n<p class=\"font-weight-bold mb-1 d-flex align-items-center\"><strong>Erika V.&#8221;il mio Personio&#8221;<\/strong><\/p>\n<p><strong>Commenti: <\/strong>Ottimo servizio, hai sempre qualcuno al telefono quando c&#8217;\u00e8 un problema. Tutti sanno come muoversi e possono aiutarmi in breve tempo.\u00a0E quando tutti sono occupati, ricevo sempre una chiamata. Per favore continua cos\u00ec. Per me \u00e8 uno dei punti pi\u00f9 importanti!<\/p>\n<p><strong>Pro: <\/strong>che non devo pi\u00f9 mantenere elenchi di Excel sempre soggetti a errori. E che ogni dipendente possa accedere in modo trasparente ai propri documenti in qualsiasi momento<\/p>\n<p><strong>Contro: <\/strong>A volte \u00e8 necessario prendere in considerazione troppe fasi di lavoro quando si effettuano le impostazioni o, ad esempio, si cambiano i ruoli<\/p>\n<p class=\"font-weight-bold mb-1 d-flex align-items-center\"><strong>Lydia K.&#8221;Semplicemente perfetto&#8221;<\/strong><\/p>\n<p><strong>Pro: <\/strong>Quello che mi piace di pi\u00f9 del sistema operativo \u00e8 che contiene una variet\u00e0 di funzioni e, di conseguenza, copre l&#8217;intero dipartimento del personale. Dalle richieste di ferie al reclutamento, ogni funzione \u00e8 inclusa.\u00a0Da quando abbiamo iniziato a utilizzare Personio, ci siamo resi conto che ora dedichiamo pi\u00f9 tempo ad altre attivit\u00e0 delle risorse umane invece di dedicare gran parte della nostra giornata alle attivit\u00e0 di amministrazione.<br \/>\nMi piace in particolare che i nostri dipendenti debbano collaborare con il nostro dipartimento e siano automaticamente informati se non hanno fornito un certificato medico per il congedo per malattia, ad esempio. In precedenza, dovevamo cercare costantemente i dipendenti per documenti come questi. Inoltre, ora disponiamo di un sistema a cui possono accedere tutti i dipendenti dei nostri dipartimenti contabilit\u00e0 e risorse umane e non \u00e8 pi\u00f9 necessario fare affidamento su fogli di calcolo MS Excel confusi.<\/p>\n<p><strong>Contro: <\/strong>Direi che mi piace tutto di Personio. Quello che a volte desidero sarebbe un&#8217;opzione di messaggistica istantanea che potrebbe essere utilizzata per inviare messaggi direttamente ai dipendenti tramite Personio. Oltre a questo, siamo molto soddisfatti del sistema operativo.<\/p>\n","protected":false},"excerpt":{"rendered":"<p>Personio \u00e8 il software HR all-in-one per piccole e medie imprese da 10 a\u00a02000 dipendenti. La soluzione include risorse umane, reclutamento e buste paga e supporta tutti i principali processi HR che sono fondamentali per il successo di ogni azienda. Pi\u00f9 di 3.000 clienti in oltre 80 paesi utilizzano questa soluzione.<\/p>\n","protected":false},"author":19,"featured_media":38603,"parent":38170,"menu_order":0,"comment_status":"open","ping_status":"closed","template":"g1_template_page_review_new.php","meta":{"_acf_changed":false,"cwp_meta_box_check":"Yes","cwp_rev_product_name":"","cwp_rev_product_image":"","wppr_links":[],"cwp_rev_price":"","wppr_options":[],"wppr_pros":[],"wppr_cons":[],"_monsterinsights_skip_tracking":false,"_monsterinsights_sitenote_active":false,"_monsterinsights_sitenote_note":"","_monsterinsights_sitenote_category":0,"footnotes":""},"categories":[5273],"tags":[4497,5383,5365,5353,5294,5276,5293,5286,5292],"features":[],"class_list":{"0":"post-38595","1":"page","2":"type-page","3":"status-publish","4":"has-post-thumbnail","6":"category-programmi-buste-paga-categoria","7":"tag-gestione-risorse-umane","8":"tag-personio","9":"tag-piattaforma-per-buste-paga","10":"tag-programma-per-buste-paga","11":"tag-programma-risorse-umane","12":"tag-software-per-buste-paga","13":"tag-software-risorse-umane","14":"tag-soluzione-per-buste-paga","15":"tag-soluzione-risorse-umane"},"wppr_data":{"cwp_meta_box_check":"Yes","cwp_rev_product_name":"","cwp_rev_product_image":"","cwp_image_link":"image","cwp_rev_price":"","wppr_rating":"0.00"},"acf":[],"yoast_head":"<!-- This site is optimized with the Yoast SEO plugin v27.4 - https:\/\/yoast.com\/product\/yoast-seo-wordpress\/ -->\n<title>Personio: recensione programma per buste paga - Accurate Reviews<\/title>\n<meta name=\"description\" content=\"Personio: recensione software HR all-in-one per piccole e medie imprese da 10 a\u00a02000 dipendenti completo ed efficace.\" \/>\n<meta name=\"robots\" content=\"index, follow, max-snippet:-1, max-image-preview:large, max-video-preview:-1\" \/>\n<link rel=\"canonical\" href=\"https:\/\/www.accuratereviews.com\/it\/programmi-buste-paga\/personio-recensione\/\" \/>\n<meta property=\"og:locale\" content=\"it_IT\" \/>\n<meta property=\"og:type\" content=\"article\" \/>\n<meta property=\"og:title\" content=\"Personio: recensione programma per buste paga - Accurate Reviews\" \/>\n<meta property=\"og:description\" content=\"Personio: recensione software HR all-in-one per piccole e medie imprese da 10 a\u00a02000 dipendenti completo ed efficace.\" \/>\n<meta property=\"og:url\" content=\"https:\/\/www.accuratereviews.com\/it\/programmi-buste-paga\/personio-recensione\/\" \/>\n<meta property=\"og:site_name\" content=\"Accurate Reviews\" \/>\n<meta property=\"article:modified_time\" content=\"2021-04-28T11:01:24+00:00\" \/>\n<meta property=\"og:image\" content=\"https:\/\/www.accuratereviews.com\/wp-content\/uploads\/2021\/03\/personio2.png\" \/>\n\t<meta property=\"og:image:width\" content=\"350\" \/>\n\t<meta property=\"og:image:height\" content=\"200\" \/>\n\t<meta property=\"og:image:type\" content=\"image\/png\" \/>\n<meta name=\"twitter:card\" content=\"summary_large_image\" \/>\n<meta name=\"twitter:label1\" content=\"Tempo di lettura stimato\" \/>\n\t<meta name=\"twitter:data1\" content=\"3 minuti\" \/>\n<script type=\"application\/ld+json\" class=\"yoast-schema-graph\">{\"@context\":\"https:\\\/\\\/schema.org\",\"@graph\":[{\"@type\":\"WebPage\",\"@id\":\"https:\\\/\\\/www.accuratereviews.com\\\/it\\\/programmi-buste-paga\\\/personio-recensione\\\/\",\"url\":\"https:\\\/\\\/www.accuratereviews.com\\\/it\\\/programmi-buste-paga\\\/personio-recensione\\\/\",\"name\":\"Personio: recensione programma per buste paga - Accurate Reviews\",\"isPartOf\":{\"@id\":\"https:\\\/\\\/www.accuratereviews.com\\\/it\\\/#website\"},\"primaryImageOfPage\":{\"@id\":\"https:\\\/\\\/www.accuratereviews.com\\\/it\\\/programmi-buste-paga\\\/personio-recensione\\\/#primaryimage\"},\"image\":{\"@id\":\"https:\\\/\\\/www.accuratereviews.com\\\/it\\\/programmi-buste-paga\\\/personio-recensione\\\/#primaryimage\"},\"thumbnailUrl\":\"https:\\\/\\\/www.accuratereviews.com\\\/wp-content\\\/uploads\\\/2021\\\/03\\\/personio2.png\",\"datePublished\":\"2021-03-17T13:53:25+00:00\",\"dateModified\":\"2021-04-28T11:01:24+00:00\",\"description\":\"Personio: recensione software HR all-in-one per piccole e medie imprese da 10 a\u00a02000 dipendenti completo ed efficace.\",\"breadcrumb\":{\"@id\":\"https:\\\/\\\/www.accuratereviews.com\\\/it\\\/programmi-buste-paga\\\/personio-recensione\\\/#breadcrumb\"},\"inLanguage\":\"it-IT\",\"potentialAction\":[{\"@type\":\"ReadAction\",\"target\":[\"https:\\\/\\\/www.accuratereviews.com\\\/it\\\/programmi-buste-paga\\\/personio-recensione\\\/\"]}]},{\"@type\":\"ImageObject\",\"inLanguage\":\"it-IT\",\"@id\":\"https:\\\/\\\/www.accuratereviews.com\\\/it\\\/programmi-buste-paga\\\/personio-recensione\\\/#primaryimage\",\"url\":\"https:\\\/\\\/www.accuratereviews.com\\\/wp-content\\\/uploads\\\/2021\\\/03\\\/personio2.png\",\"contentUrl\":\"https:\\\/\\\/www.accuratereviews.com\\\/wp-content\\\/uploads\\\/2021\\\/03\\\/personio2.png\",\"width\":350,\"height\":200},{\"@type\":\"BreadcrumbList\",\"@id\":\"https:\\\/\\\/www.accuratereviews.com\\\/it\\\/programmi-buste-paga\\\/personio-recensione\\\/#breadcrumb\",\"itemListElement\":[{\"@type\":\"ListItem\",\"position\":1,\"name\":\"Home\",\"item\":\"https:\\\/\\\/www.accuratereviews.com\\\/it\\\/\"},{\"@type\":\"ListItem\",\"position\":2,\"name\":\"Programmi per buste paga\",\"item\":\"https:\\\/\\\/www.accuratereviews.com\\\/it\\\/programmi-buste-paga\\\/\"},{\"@type\":\"ListItem\",\"position\":3,\"name\":\"Personio\"}]},{\"@type\":\"WebSite\",\"@id\":\"https:\\\/\\\/www.accuratereviews.com\\\/it\\\/#website\",\"url\":\"https:\\\/\\\/www.accuratereviews.com\\\/it\\\/\",\"name\":\"Accurate Reviews\",\"description\":\"\",\"potentialAction\":[{\"@type\":\"SearchAction\",\"target\":{\"@type\":\"EntryPoint\",\"urlTemplate\":\"https:\\\/\\\/www.accuratereviews.com\\\/it\\\/?s={search_term_string}\"},\"query-input\":{\"@type\":\"PropertyValueSpecification\",\"valueRequired\":true,\"valueName\":\"search_term_string\"}}],\"inLanguage\":\"it-IT\"}]}<\/script>\n<!-- \/ Yoast SEO plugin. -->","yoast_head_json":{"title":"Personio: recensione programma per buste paga - Accurate Reviews","description":"Personio: recensione software HR all-in-one per piccole e medie imprese da 10 a\u00a02000 dipendenti completo ed efficace.","robots":{"index":"index","follow":"follow","max-snippet":"max-snippet:-1","max-image-preview":"max-image-preview:large","max-video-preview":"max-video-preview:-1"},"canonical":"https:\/\/www.accuratereviews.com\/it\/programmi-buste-paga\/personio-recensione\/","og_locale":"it_IT","og_type":"article","og_title":"Personio: recensione programma per buste paga - Accurate Reviews","og_description":"Personio: recensione software HR all-in-one per piccole e medie imprese da 10 a\u00a02000 dipendenti completo ed efficace.","og_url":"https:\/\/www.accuratereviews.com\/it\/programmi-buste-paga\/personio-recensione\/","og_site_name":"Accurate Reviews","article_modified_time":"2021-04-28T11:01:24+00:00","og_image":[{"width":350,"height":200,"url":"https:\/\/www.accuratereviews.com\/wp-content\/uploads\/2021\/03\/personio2.png","type":"image\/png"}],"twitter_card":"summary_large_image","twitter_misc":{"Tempo di lettura stimato":"3 minuti"},"schema":{"@context":"https:\/\/schema.org","@graph":[{"@type":"WebPage","@id":"https:\/\/www.accuratereviews.com\/it\/programmi-buste-paga\/personio-recensione\/","url":"https:\/\/www.accuratereviews.com\/it\/programmi-buste-paga\/personio-recensione\/","name":"Personio: recensione programma per buste paga - Accurate Reviews","isPartOf":{"@id":"https:\/\/www.accuratereviews.com\/it\/#website"},"primaryImageOfPage":{"@id":"https:\/\/www.accuratereviews.com\/it\/programmi-buste-paga\/personio-recensione\/#primaryimage"},"image":{"@id":"https:\/\/www.accuratereviews.com\/it\/programmi-buste-paga\/personio-recensione\/#primaryimage"},"thumbnailUrl":"https:\/\/www.accuratereviews.com\/wp-content\/uploads\/2021\/03\/personio2.png","datePublished":"2021-03-17T13:53:25+00:00","dateModified":"2021-04-28T11:01:24+00:00","description":"Personio: recensione software HR all-in-one per piccole e medie imprese da 10 a\u00a02000 dipendenti completo ed efficace.","breadcrumb":{"@id":"https:\/\/www.accuratereviews.com\/it\/programmi-buste-paga\/personio-recensione\/#breadcrumb"},"inLanguage":"it-IT","potentialAction":[{"@type":"ReadAction","target":["https:\/\/www.accuratereviews.com\/it\/programmi-buste-paga\/personio-recensione\/"]}]},{"@type":"ImageObject","inLanguage":"it-IT","@id":"https:\/\/www.accuratereviews.com\/it\/programmi-buste-paga\/personio-recensione\/#primaryimage","url":"https:\/\/www.accuratereviews.com\/wp-content\/uploads\/2021\/03\/personio2.png","contentUrl":"https:\/\/www.accuratereviews.com\/wp-content\/uploads\/2021\/03\/personio2.png","width":350,"height":200},{"@type":"BreadcrumbList","@id":"https:\/\/www.accuratereviews.com\/it\/programmi-buste-paga\/personio-recensione\/#breadcrumb","itemListElement":[{"@type":"ListItem","position":1,"name":"Home","item":"https:\/\/www.accuratereviews.com\/it\/"},{"@type":"ListItem","position":2,"name":"Programmi per buste paga","item":"https:\/\/www.accuratereviews.com\/it\/programmi-buste-paga\/"},{"@type":"ListItem","position":3,"name":"Personio"}]},{"@type":"WebSite","@id":"https:\/\/www.accuratereviews.com\/it\/#website","url":"https:\/\/www.accuratereviews.com\/it\/","name":"Accurate Reviews","description":"","potentialAction":[{"@type":"SearchAction","target":{"@type":"EntryPoint","urlTemplate":"https:\/\/www.accuratereviews.com\/it\/?s={search_term_string}"},"query-input":{"@type":"PropertyValueSpecification","valueRequired":true,"valueName":"search_term_string"}}],"inLanguage":"it-IT"}]}},"_links":{"self":[{"href":"https:\/\/www.accuratereviews.com\/it\/wp-json\/wp\/v2\/pages\/38595","targetHints":{"allow":["GET"]}}],"collection":[{"href":"https:\/\/www.accuratereviews.com\/it\/wp-json\/wp\/v2\/pages"}],"about":[{"href":"https:\/\/www.accuratereviews.com\/it\/wp-json\/wp\/v2\/types\/page"}],"author":[{"embeddable":true,"href":"https:\/\/www.accuratereviews.com\/it\/wp-json\/wp\/v2\/users\/19"}],"replies":[{"embeddable":true,"href":"https:\/\/www.accuratereviews.com\/it\/wp-json\/wp\/v2\/comments?post=38595"}],"version-history":[{"count":16,"href":"https:\/\/www.accuratereviews.com\/it\/wp-json\/wp\/v2\/pages\/38595\/revisions"}],"predecessor-version":[{"id":41246,"href":"https:\/\/www.accuratereviews.com\/it\/wp-json\/wp\/v2\/pages\/38595\/revisions\/41246"}],"up":[{"embeddable":true,"href":"https:\/\/www.accuratereviews.com\/it\/wp-json\/wp\/v2\/pages\/38170"}],"wp:featuredmedia":[{"embeddable":true,"href":"https:\/\/www.accuratereviews.com\/it\/wp-json\/wp\/v2\/media\/38603"}],"wp:attachment":[{"href":"https:\/\/www.accuratereviews.com\/it\/wp-json\/wp\/v2\/media?parent=38595"}],"wp:term":[{"taxonomy":"category","embeddable":true,"href":"https:\/\/www.accuratereviews.com\/it\/wp-json\/wp\/v2\/categories?post=38595"},{"taxonomy":"post_tag","embeddable":true,"href":"https:\/\/www.accuratereviews.com\/it\/wp-json\/wp\/v2\/tags?post=38595"},{"taxonomy":"features","embeddable":true,"href":"https:\/\/www.accuratereviews.com\/it\/wp-json\/wp\/v2\/features?post=38595"}],"curies":[{"name":"wp","href":"https:\/\/api.w.org\/{rel}","templated":true}]}}