{"id":38623,"date":"2021-03-17T13:56:05","date_gmt":"2021-03-17T13:56:05","guid":{"rendered":"https:\/\/www.accuratereviews.com\/?page_id=38623"},"modified":"2021-04-28T11:11:36","modified_gmt":"2021-04-28T11:11:36","slug":"primepay-recensione","status":"publish","type":"page","link":"https:\/\/www.accuratereviews.com\/it\/programmi-buste-paga\/primepay-recensione\/","title":{"rendered":"PrimePay"},"content":{"rendered":"<p><strong>PrimePay<\/strong> \u00e8 un\u2019ottima <strong>soluzione per la gestione degli stipendi\u00a0<\/strong>che si rivolge principalmente a piccole imprese che necessitano una totale automatizzazione delle attivit\u00e0 che quotidianamente richiedono tempi lunghi che possono essere impiegati per concentrarsi maggiormente su altri aspetti. Si tratta di un programma che si occupa di migliorare la<strong> gestione delle buste paga<\/strong> dei dipendenti, di pagare le tasse, di ottimizzare il settore delle<strong> risorse umane<\/strong> e di controllare la conformit\u00e0 alle normative fiscali federali, statali e locali.<\/p>\n<h2>PRIMEPAY &#8211; TUTORIAL<\/h2>\n<p>Diamo un&#8217;occhiata a questo video che ci mostra come aggiungere un dipendente all&#8217;interno del nostro database:<\/p>\n<div id=\"fluid-wrapper-counter-1\" class=\"g1-fluid-wrapper \" style=\"width:686px;\">\n<div style=\"padding-bottom:56.268221574344%;\"><iframe loading=\"lazy\" title=\"How to Add an Employee: PrimePay Time Clock\" width=\"686\" height=\"386\" src=\"https:\/\/www.youtube.com\/embed\/EzwlFpv3OF4?feature=oembed&amp;wmode=transparent&amp;autohide=1&amp;autoplay=0&amp;disablekb=0&amp;fs=1&amp;loop=0&amp;enablejsapi=1&amp;rel=0&amp;controls=2&amp;showinfo=0&amp;wmode=transparent&amp;autohide=2&amp;autoplay=0&amp;disablekb=0&amp;fs=1&amp;loop=0&amp;enablejsapi=1&amp;rel=0&amp;controls=2&amp;showinfo=1\" frameborder=\"0\" allow=\"accelerometer; autoplay; clipboard-write; encrypted-media; gyroscope; picture-in-picture\" allowfullscreen><\/iframe><\/div>\n<\/div>\n<h3>PRIMEPAY &#8211; CARATTERISTICHE<\/h3>\n<p>Di seguito le sue principali caratteristiche:<\/p>\n<ul>\n<li>Opzione per l&#8217;elaborazione online del pagamento con autenticazione a due fattori per una sicurezza avanzata<\/li>\n<li>Deposito diretto e\/o carte di pagamento disponibili<\/li>\n<li>L&#8217;offerta Paycard include:<br \/>\n&#8211; pagamento elettronico dei dipendenti con una riduzione dei costi di amministrazione del personale<br \/>\n&#8211; un&#8217;alternativa pi\u00f9 ecologica alla stampa di assegni<br \/>\n&#8211; rischio ridotto associato a controlli smarriti, rubati o fraudolenti<\/li>\n<li>Opzioni di consegna delle buste paga<\/li>\n<li>Accesso come consulente per il tuo CPA, broker di vantaggi, ecc&#8230;<\/li>\n<li>Accesso online dei dipendenti che consente loro di:<br \/>\n&#8211; vedere gli estratti conto: \u00e8 disponibile 24 ore su 24, 7 giorni su 7 per i guadagni passati e attuali dei dipendenti<br \/>\n&#8211; visualizzare, scaricare e salvare le loro informazioni<br \/>\n&#8211; ricevere email automatiche quando una busta paga \u00e8 disponibile per la visualizzazione<br \/>\n&#8211; ridurre il rischio di furto di identit\u00e0 grazie alle solide pratiche di sicurezza online di PrimePay<\/li>\n<li>Moduli 1099 e W-2 (opzione di aggiornamento)<\/li>\n<li>Libro mastro generale<\/li>\n<li>Team di supporto con sede negli Stati Uniti disponibile dal luned\u00ec al venerd\u00ec. dalle 8:00 ET alle 20:00 ET<\/li>\n<li>Servizi di pagamento del pignoramento solo per il mantenimento dei figli (opzione di upgrade)<\/li>\n<li>Controlla la firma, il riempimento e il sigillo<\/li>\n<li>Backup e ripristino gratuiti delle informazioni sui clienti, nonch\u00e9 servizi di rilevamento e monitoraggio per prevenire virus, malware e hacker<\/li>\n<li>Massimo livello di sicurezza in tutti i centri di elaborazione degli Stati Uniti utilizzando metodi come certificati digitali, crittografia e password obbligatorie<\/li>\n<li>Team di sicurezza su vasta scala per gestire costantemente l&#8217;integrit\u00e0 e la protezione dei dati.<\/li>\n<\/ul>\n<h4>LE RECENSIONI DEGLI UTENTI<\/h4>\n<p><strong>Ananay C. &#8220;Ottimo servizio ma &#8230;..&#8221;<\/strong><br \/>\nCOMMENTI: stiamo utilizzando il Time Clock System anche un completo servizio di buste paga.<br \/>\nPRO: facilit\u00e0 d&#8217;uso e servizio clienti disponibile.<br \/>\nCONTRO: vorrei ricevere un&#8217;email o un promemoria quando c&#8217;\u00e8 un aggiornamento del sistema.<\/p>\n<p><strong>Deborah G. &#8220;Eccellente&#8221;<\/strong><br \/>\nCOMMENTO: aiutano a mantenere il successo delle attivit\u00e0 dei miei clienti. I report e il sito web di Prime Payroll Service sono facili da usare.<br \/>\nPRO: in qualit\u00e0 di unico proprietario certificato di ragioniere pubblico, ho molti clienti di piccole imprese. Tutti i miei clienti utilizzano il servizio Prime Payroll. \u00c8 molto facile lavorare con Prime e aiuta ad affrontare tutti i problemi relativi alle buste paga che si verificano durante ogni anno fiscale.<\/p>\n<p><strong>Adeli L. &#8220;Facile da usare, buona risposta ai problemi&#8221;.<\/strong><br \/>\nPRO: facile da usare e ottime strutture di report. Adoro il fatto che HR3 abbia feed per gli operatori. La nuova opzione di orologio \u00e8 fantastica!<br \/>\nCONTRO: la mia pi\u00f9 grande frustrazione \u00e8 che ci sono troppi collegamenti e nessuna integrazione tra i software. Devi ottenere un collegamento a tutti i diversi servizi (HR3, PayStubs, FSA, Timeclock) tutti hanno collegamenti diversi che frustrano gli utenti. Inoltre, in qualit\u00e0 di amministratore, sei costretto a dover raggiungere cos\u00ec tanti reparti perch\u00e9 non hai pi\u00f9 un responsabile del servizio dedicato.<\/p>\n","protected":false},"excerpt":{"rendered":"<p>PrimePay \u00e8 un\u2019ottima soluzione per la gestione degli stipendi\u00a0che si rivolge principalmente a piccole imprese\u00a0che necessitano una totale automatizzazione delle attivit\u00e0 che quotidianamente richiedono tempi lunghi che possono essere impiegati per concentrarsi maggiormente su altri aspetti.<\/p>\n","protected":false},"author":17,"featured_media":38624,"parent":38170,"menu_order":0,"comment_status":"open","ping_status":"closed","template":"g1_template_page_review_new.php","meta":{"_acf_changed":false,"cwp_meta_box_check":"No","cwp_rev_product_name":"","cwp_rev_product_image":"","wppr_links":[],"cwp_rev_price":"","wppr_options":[],"wppr_pros":[],"wppr_cons":[],"_monsterinsights_skip_tracking":false,"_monsterinsights_sitenote_active":false,"_monsterinsights_sitenote_note":"","_monsterinsights_sitenote_category":0,"footnotes":""},"categories":[5273],"tags":[4499,4515,5365,5289,4496,5288,5286],"features":[],"class_list":{"0":"post-38623","1":"page","2":"type-page","3":"status-publish","4":"has-post-thumbnail","6":"category-programmi-buste-paga-categoria","7":"tag-buste-paga","8":"tag-gestione-buste-paga","9":"tag-piattaforma-per-buste-paga","10":"tag-programma-buste-paga","11":"tag-risorse-umane","12":"tag-software-buste-paga","13":"tag-soluzione-per-buste-paga"},"wppr_data":{"cwp_meta_box_check":"No"},"acf":[],"yoast_head":"<!-- This site is optimized with the Yoast SEO plugin v27.4 - https:\/\/yoast.com\/product\/yoast-seo-wordpress\/ -->\n<title>PrimePay: recensione programma buste paga - Accurate Reviews<\/title>\n<meta name=\"description\" content=\"PrimePay \u00e8 un\u2019ottima soluzione per la gestione degli stipendi\u00a0che si rivolge principalmente a piccole imprese.\" \/>\n<meta name=\"robots\" content=\"index, follow, max-snippet:-1, max-image-preview:large, max-video-preview:-1\" \/>\n<link rel=\"canonical\" href=\"https:\/\/www.accuratereviews.com\/it\/programmi-buste-paga\/primepay-recensione\/\" \/>\n<meta property=\"og:locale\" content=\"it_IT\" \/>\n<meta property=\"og:type\" content=\"article\" \/>\n<meta property=\"og:title\" content=\"PrimePay: recensione programma buste paga - Accurate Reviews\" \/>\n<meta property=\"og:description\" content=\"PrimePay \u00e8 un\u2019ottima soluzione per la gestione degli stipendi\u00a0che si rivolge principalmente a piccole imprese.\" \/>\n<meta property=\"og:url\" content=\"https:\/\/www.accuratereviews.com\/it\/programmi-buste-paga\/primepay-recensione\/\" \/>\n<meta property=\"og:site_name\" content=\"Accurate Reviews\" \/>\n<meta property=\"article:modified_time\" content=\"2021-04-28T11:11:36+00:00\" \/>\n<meta property=\"og:image\" content=\"https:\/\/www.accuratereviews.com\/wp-content\/uploads\/2021\/03\/PrimePay-Logo.png\" \/>\n\t<meta property=\"og:image:width\" content=\"2223\" \/>\n\t<meta property=\"og:image:height\" content=\"441\" \/>\n\t<meta property=\"og:image:type\" content=\"image\/png\" \/>\n<meta name=\"twitter:card\" content=\"summary_large_image\" \/>\n<meta name=\"twitter:label1\" content=\"Tempo di lettura stimato\" \/>\n\t<meta name=\"twitter:data1\" content=\"3 minuti\" \/>\n<script type=\"application\/ld+json\" class=\"yoast-schema-graph\">{\"@context\":\"https:\\\/\\\/schema.org\",\"@graph\":[{\"@type\":\"WebPage\",\"@id\":\"https:\\\/\\\/www.accuratereviews.com\\\/it\\\/programmi-buste-paga\\\/primepay-recensione\\\/\",\"url\":\"https:\\\/\\\/www.accuratereviews.com\\\/it\\\/programmi-buste-paga\\\/primepay-recensione\\\/\",\"name\":\"PrimePay: recensione programma buste paga - Accurate Reviews\",\"isPartOf\":{\"@id\":\"https:\\\/\\\/www.accuratereviews.com\\\/it\\\/#website\"},\"primaryImageOfPage\":{\"@id\":\"https:\\\/\\\/www.accuratereviews.com\\\/it\\\/programmi-buste-paga\\\/primepay-recensione\\\/#primaryimage\"},\"image\":{\"@id\":\"https:\\\/\\\/www.accuratereviews.com\\\/it\\\/programmi-buste-paga\\\/primepay-recensione\\\/#primaryimage\"},\"thumbnailUrl\":\"https:\\\/\\\/www.accuratereviews.com\\\/wp-content\\\/uploads\\\/2021\\\/03\\\/PrimePay-Logo.png\",\"datePublished\":\"2021-03-17T13:56:05+00:00\",\"dateModified\":\"2021-04-28T11:11:36+00:00\",\"description\":\"PrimePay \u00e8 un\u2019ottima soluzione per la gestione degli stipendi\u00a0che si rivolge principalmente a piccole imprese.\",\"breadcrumb\":{\"@id\":\"https:\\\/\\\/www.accuratereviews.com\\\/it\\\/programmi-buste-paga\\\/primepay-recensione\\\/#breadcrumb\"},\"inLanguage\":\"it-IT\",\"potentialAction\":[{\"@type\":\"ReadAction\",\"target\":[\"https:\\\/\\\/www.accuratereviews.com\\\/it\\\/programmi-buste-paga\\\/primepay-recensione\\\/\"]}]},{\"@type\":\"ImageObject\",\"inLanguage\":\"it-IT\",\"@id\":\"https:\\\/\\\/www.accuratereviews.com\\\/it\\\/programmi-buste-paga\\\/primepay-recensione\\\/#primaryimage\",\"url\":\"https:\\\/\\\/www.accuratereviews.com\\\/wp-content\\\/uploads\\\/2021\\\/03\\\/PrimePay-Logo.png\",\"contentUrl\":\"https:\\\/\\\/www.accuratereviews.com\\\/wp-content\\\/uploads\\\/2021\\\/03\\\/PrimePay-Logo.png\",\"width\":2223,\"height\":441},{\"@type\":\"BreadcrumbList\",\"@id\":\"https:\\\/\\\/www.accuratereviews.com\\\/it\\\/programmi-buste-paga\\\/primepay-recensione\\\/#breadcrumb\",\"itemListElement\":[{\"@type\":\"ListItem\",\"position\":1,\"name\":\"Home\",\"item\":\"https:\\\/\\\/www.accuratereviews.com\\\/it\\\/\"},{\"@type\":\"ListItem\",\"position\":2,\"name\":\"Programmi per buste paga\",\"item\":\"https:\\\/\\\/www.accuratereviews.com\\\/it\\\/programmi-buste-paga\\\/\"},{\"@type\":\"ListItem\",\"position\":3,\"name\":\"PrimePay\"}]},{\"@type\":\"WebSite\",\"@id\":\"https:\\\/\\\/www.accuratereviews.com\\\/it\\\/#website\",\"url\":\"https:\\\/\\\/www.accuratereviews.com\\\/it\\\/\",\"name\":\"Accurate Reviews\",\"description\":\"\",\"potentialAction\":[{\"@type\":\"SearchAction\",\"target\":{\"@type\":\"EntryPoint\",\"urlTemplate\":\"https:\\\/\\\/www.accuratereviews.com\\\/it\\\/?s={search_term_string}\"},\"query-input\":{\"@type\":\"PropertyValueSpecification\",\"valueRequired\":true,\"valueName\":\"search_term_string\"}}],\"inLanguage\":\"it-IT\"}]}<\/script>\n<!-- \/ Yoast SEO plugin. -->","yoast_head_json":{"title":"PrimePay: recensione programma buste paga - Accurate Reviews","description":"PrimePay \u00e8 un\u2019ottima soluzione per la gestione degli stipendi\u00a0che si rivolge principalmente a piccole imprese.","robots":{"index":"index","follow":"follow","max-snippet":"max-snippet:-1","max-image-preview":"max-image-preview:large","max-video-preview":"max-video-preview:-1"},"canonical":"https:\/\/www.accuratereviews.com\/it\/programmi-buste-paga\/primepay-recensione\/","og_locale":"it_IT","og_type":"article","og_title":"PrimePay: recensione programma buste paga - Accurate Reviews","og_description":"PrimePay \u00e8 un\u2019ottima soluzione per la gestione degli stipendi\u00a0che si rivolge principalmente a piccole imprese.","og_url":"https:\/\/www.accuratereviews.com\/it\/programmi-buste-paga\/primepay-recensione\/","og_site_name":"Accurate Reviews","article_modified_time":"2021-04-28T11:11:36+00:00","og_image":[{"width":2223,"height":441,"url":"https:\/\/www.accuratereviews.com\/wp-content\/uploads\/2021\/03\/PrimePay-Logo.png","type":"image\/png"}],"twitter_card":"summary_large_image","twitter_misc":{"Tempo di lettura stimato":"3 minuti"},"schema":{"@context":"https:\/\/schema.org","@graph":[{"@type":"WebPage","@id":"https:\/\/www.accuratereviews.com\/it\/programmi-buste-paga\/primepay-recensione\/","url":"https:\/\/www.accuratereviews.com\/it\/programmi-buste-paga\/primepay-recensione\/","name":"PrimePay: recensione programma buste paga - Accurate Reviews","isPartOf":{"@id":"https:\/\/www.accuratereviews.com\/it\/#website"},"primaryImageOfPage":{"@id":"https:\/\/www.accuratereviews.com\/it\/programmi-buste-paga\/primepay-recensione\/#primaryimage"},"image":{"@id":"https:\/\/www.accuratereviews.com\/it\/programmi-buste-paga\/primepay-recensione\/#primaryimage"},"thumbnailUrl":"https:\/\/www.accuratereviews.com\/wp-content\/uploads\/2021\/03\/PrimePay-Logo.png","datePublished":"2021-03-17T13:56:05+00:00","dateModified":"2021-04-28T11:11:36+00:00","description":"PrimePay \u00e8 un\u2019ottima soluzione per la gestione degli stipendi\u00a0che si rivolge principalmente a piccole imprese.","breadcrumb":{"@id":"https:\/\/www.accuratereviews.com\/it\/programmi-buste-paga\/primepay-recensione\/#breadcrumb"},"inLanguage":"it-IT","potentialAction":[{"@type":"ReadAction","target":["https:\/\/www.accuratereviews.com\/it\/programmi-buste-paga\/primepay-recensione\/"]}]},{"@type":"ImageObject","inLanguage":"it-IT","@id":"https:\/\/www.accuratereviews.com\/it\/programmi-buste-paga\/primepay-recensione\/#primaryimage","url":"https:\/\/www.accuratereviews.com\/wp-content\/uploads\/2021\/03\/PrimePay-Logo.png","contentUrl":"https:\/\/www.accuratereviews.com\/wp-content\/uploads\/2021\/03\/PrimePay-Logo.png","width":2223,"height":441},{"@type":"BreadcrumbList","@id":"https:\/\/www.accuratereviews.com\/it\/programmi-buste-paga\/primepay-recensione\/#breadcrumb","itemListElement":[{"@type":"ListItem","position":1,"name":"Home","item":"https:\/\/www.accuratereviews.com\/it\/"},{"@type":"ListItem","position":2,"name":"Programmi per buste paga","item":"https:\/\/www.accuratereviews.com\/it\/programmi-buste-paga\/"},{"@type":"ListItem","position":3,"name":"PrimePay"}]},{"@type":"WebSite","@id":"https:\/\/www.accuratereviews.com\/it\/#website","url":"https:\/\/www.accuratereviews.com\/it\/","name":"Accurate Reviews","description":"","potentialAction":[{"@type":"SearchAction","target":{"@type":"EntryPoint","urlTemplate":"https:\/\/www.accuratereviews.com\/it\/?s={search_term_string}"},"query-input":{"@type":"PropertyValueSpecification","valueRequired":true,"valueName":"search_term_string"}}],"inLanguage":"it-IT"}]}},"_links":{"self":[{"href":"https:\/\/www.accuratereviews.com\/it\/wp-json\/wp\/v2\/pages\/38623","targetHints":{"allow":["GET"]}}],"collection":[{"href":"https:\/\/www.accuratereviews.com\/it\/wp-json\/wp\/v2\/pages"}],"about":[{"href":"https:\/\/www.accuratereviews.com\/it\/wp-json\/wp\/v2\/types\/page"}],"author":[{"embeddable":true,"href":"https:\/\/www.accuratereviews.com\/it\/wp-json\/wp\/v2\/users\/17"}],"replies":[{"embeddable":true,"href":"https:\/\/www.accuratereviews.com\/it\/wp-json\/wp\/v2\/comments?post=38623"}],"version-history":[{"count":5,"href":"https:\/\/www.accuratereviews.com\/it\/wp-json\/wp\/v2\/pages\/38623\/revisions"}],"predecessor-version":[{"id":41263,"href":"https:\/\/www.accuratereviews.com\/it\/wp-json\/wp\/v2\/pages\/38623\/revisions\/41263"}],"up":[{"embeddable":true,"href":"https:\/\/www.accuratereviews.com\/it\/wp-json\/wp\/v2\/pages\/38170"}],"wp:featuredmedia":[{"embeddable":true,"href":"https:\/\/www.accuratereviews.com\/it\/wp-json\/wp\/v2\/media\/38624"}],"wp:attachment":[{"href":"https:\/\/www.accuratereviews.com\/it\/wp-json\/wp\/v2\/media?parent=38623"}],"wp:term":[{"taxonomy":"category","embeddable":true,"href":"https:\/\/www.accuratereviews.com\/it\/wp-json\/wp\/v2\/categories?post=38623"},{"taxonomy":"post_tag","embeddable":true,"href":"https:\/\/www.accuratereviews.com\/it\/wp-json\/wp\/v2\/tags?post=38623"},{"taxonomy":"features","embeddable":true,"href":"https:\/\/www.accuratereviews.com\/it\/wp-json\/wp\/v2\/features?post=38623"}],"curies":[{"name":"wp","href":"https:\/\/api.w.org\/{rel}","templated":true}]}}