{"id":38689,"date":"2021-03-19T13:45:31","date_gmt":"2021-03-19T13:45:31","guid":{"rendered":"https:\/\/www.accuratereviews.com\/?page_id=38689"},"modified":"2021-04-28T11:05:40","modified_gmt":"2021-04-28T11:05:40","slug":"winteam-recensione","status":"publish","type":"page","link":"https:\/\/www.accuratereviews.com\/it\/programmi-buste-paga\/winteam-recensione\/","title":{"rendered":"WinTeam"},"content":{"rendered":"<p><strong>WinTeam<\/strong> \u00e8 una <strong>soluzione ERP<\/strong> (Enterprise Resource Planning) basata su <strong>cloud<\/strong>, che aiuta gli appaltatori di servizi di pulizia e sicurezza a gestire la produttivit\u00e0 dei dipendenti e le operazioni finanziarie. Le funzionalit\u00e0 offerte sono il monitoraggio delle presenze, la definizione del budget, la riconciliazione bancaria, gli aggiornamenti in tempo reale, la pianificazione dei benefici e il reporting. I supervisori possono utilizzare la funzione di pianificazione per gestire i ticket di lavoro, visualizzare le attivit\u00e0 imminenti e tenere traccia degli straordinari. WinTeam consente inoltre ai responsabili delle risorse umane di registrare i dettagli dei dipendenti, monitorare le assenze \/ permessi, configurare i piani di benefit e monitorare i requisiti di formazione. Utilizzando il modulo di analisi, i professionisti possono visualizzare le prestazioni tramite grafici e scoprire opportunit\u00e0 di crescita in base alla generazione di entrate, ai budget e altro ancora.<\/p>\n<h2>WINTEAM &#8211; TUTORIAL<\/h2>\n<p>Guardiamo insieme come sfruttare le funzioni di questo<strong> software per buste paga<\/strong>:<\/p>\n<div id=\"fluid-wrapper-counter-1\" class=\"g1-fluid-wrapper \" style=\"width:686px;\">\n<div style=\"padding-bottom:56.268221574344%;\"><iframe loading=\"lazy\" title=\"An Introduction to Business Analytics and Reporting for Security Contractors\" width=\"686\" height=\"386\" src=\"https:\/\/www.youtube.com\/embed\/o2rhdsexycc?list=PLLGFluAd9TlvyBl9yj6vT5-tMinoRl4pd\" frameborder=\"0\" allow=\"accelerometer; autoplay; clipboard-write; encrypted-media; gyroscope; picture-in-picture\" allowfullscreen><\/iframe><\/div>\n<\/div>\n<p>&nbsp;<\/p>\n<h3>WINTEAM &#8211; CARATTERISTICHE<\/h3>\n<ul>\n<li><strong>Eccezionale esperienza del cliente<\/strong>: collaborazione, reattivit\u00e0 e impegno per l&#8217;innovazione basata sul valore hanno portato a un tasso di fidelizzazione dei clienti anno su anno superiore al 90%<\/li>\n<li><strong>Tempo e frequenza<\/strong>: utilizza il software di rilevazione presenze mobile per automatizzare e semplificare le operazioni<\/li>\n<li><strong>Pianificazione:<\/strong> controlla gli straordinari e riempi ogni turno con la persona giusta, velocemente<\/li>\n<li><strong>Coinvolgimento dei dipendenti:<\/strong> riduci il turnover, abbassa i costi e offri ai dipendenti strumenti di coinvolgimento sul campo<\/li>\n<li><strong>Analisi e reportistica<\/strong>: reclutamento e monitoraggio dei candidati. Migliora il tuo processo di assunzione per trovare rapidamente i candidati giusti e concentrare maggiore attenzione sulla fidelizzazione<\/li>\n<li><strong>Gestione del back-office<\/strong>: gestisci meglio le tue persone e la tua attivit\u00e0 con strumenti integrati per fatturazione, buste paga, risorse umane e dati finanziari<\/li>\n<li><strong>Business Intelligence e Analytics:<\/strong> misura le prestazioni, ottimizza le operazioni quotidiane e prendi decisioni affidabili sulla base dei dati.<\/li>\n<\/ul>\n<h4>LE RECENSIONI DEGLI UTENTI<\/h4>\n<p class=\"font-weight-bold mb-1 d-flex align-items-center\"><strong>Deborah B.&#8221;Un software completo all-in-one&#8221;<\/strong><\/p>\n<p><strong>Commenti: <\/strong>Ho resistito alle richieste interne sul fatto che la nostra azienda potesse avere una migliore funzionalit\u00e0 complessiva con diversi concorrenti WT perch\u00e9, ad eccezione delle funzioni gi\u00e0 menzionate che semplicemente non abbiamo il tempo o il personale da dedicare all&#8217;apprendimento \/ utilizzo, WinTeam \u00e8 stato un ottimo software contabile e operativo per la nostra azienda da quasi 14 anni.<\/p>\n<p><strong>Pro: <\/strong>Abbiamo scelto WinTeam per i singoli moduli per le funzioni aziendali critiche che confluiscono l&#8217;uno nell&#8217;altro per una panoramica completa dell&#8217;intera azienda o di un particolare reparto.<\/p>\n<p><strong>Contro: <\/strong>Alcune funzioni rimangono goffe e richiedono molto tempo, in particolare il modulo Insurance Benefits, al punto che utilizziamo il portale del nostro fornitore di assicurazioni per il monitoraggio e la segnalazione. Non usiamo pi\u00f9 nemmeno il modulo Inventory perch\u00e9 il vantaggio del modulo per noi non ha compensato la quantit\u00e0 di dati necessari per l&#8217;immissione e la manutenzione.<\/p>\n<p class=\"font-weight-bold mb-1 d-flex align-items-center\"><strong>Vickie C.&#8221;Il libro paga reso pi\u00f9 facile&#8221;<\/strong><\/p>\n<p><strong>Commenti: <\/strong>Adoro il loro servizio clienti: hanno un eccellente team di risposta per aiutare con qualsiasi problema si presenti. Mi piace anche la Software Academy dove posso accedere in qualsiasi momento e insegnare a me stesso come utilizzare un modulo o imparare a fare qualcosa che non ho ancora fatto.<\/p>\n<p><strong>Pro: <\/strong>WT Software ha reso il mio lavoro con le buste paga molto pi\u00f9 semplice: siamo passati dai cartellini cartacei a un modo molto pi\u00f9 accurato per fornire informazioni e un processo di raccolta dei dati che fa risparmiare tempo<\/p>\n<p><strong>Contro: <\/strong>Vengo da un background QuickBooks e mi \u00e8 piaciuto poter produrre un Form 940 e 941 dal sistema: \u00e8 una funzionalit\u00e0 che vorrei vedere da WT<\/p>\n<p class=\"font-weight-bold mb-1 d-flex align-items-center\"><strong>Jess H.&#8221;WinTeam&#8221;<\/strong><\/p>\n<p><strong>Commenti: <\/strong>Opzione di Business Intelligence rivoluzionaria per il reporting e l&#8217;analisi delle date WinTeam \u00e8 buono quanto il lavoro che ci metti. La configurazione iniziale delle cose \u00e8 ingombrante, ma se ti prendi il tempo per farlo bene, ne vale la pena l&#8217;uso quotidiano. L&#8217;assistenza clienti e i dipendenti WinTeam sono di alto livello<\/p>\n<p><strong>Pro: <\/strong>La quantit\u00e0 di dati che puoi ottenere dal sistema e la sua capacit\u00e0 di essere pi\u00f9 personalizzato e adattato alle nostre esigenze aziendali<\/p>\n<p><strong>Contro: <\/strong>I rapporti preconfezionati fanno schifo. Il modulo AP non \u00e8 stato migliorato da molti anni. Molti dei moduli non parlano tra loro causando la duplicazione del lavoro.<\/p>\n","protected":false},"excerpt":{"rendered":"<p>WinTeam \u00e8 una soluzione ERP (Enterprise Resource Planning) basata su cloud, che aiuta gli appaltatori di servizi di pulizia e sicurezza a gestire la produttivit\u00e0 dei dipendenti e a gestire le operazioni finanziarie. Le funzionalit\u00e0 offerte sono il monitoraggio delle presenze, la definizione del budget, la riconciliazione bancaria, gli aggiornamenti in tempo reale, la pianificazione dei benefici e il reporting.<\/p>\n","protected":false},"author":19,"featured_media":38691,"parent":38170,"menu_order":0,"comment_status":"open","ping_status":"closed","template":"g1_template_page_review_new.php","meta":{"_acf_changed":false,"cwp_meta_box_check":"Yes","cwp_rev_product_name":"","cwp_rev_product_image":"","wppr_links":[],"cwp_rev_price":"","wppr_options":[],"wppr_pros":[],"wppr_cons":[],"_monsterinsights_skip_tracking":false,"_monsterinsights_sitenote_active":false,"_monsterinsights_sitenote_note":"","_monsterinsights_sitenote_category":0,"footnotes":""},"categories":[5273],"tags":[396,5290,1669,5289,1671,5288,923,5287,1667,5411],"features":[],"class_list":{"0":"post-38689","1":"page","2":"type-page","3":"status-publish","4":"has-post-thumbnail","6":"category-programmi-buste-paga-categoria","7":"tag-cloud","8":"tag-piattaforma-buste-paga","9":"tag-piattaforma-erp","10":"tag-programma-buste-paga","11":"tag-programma-erp","12":"tag-software-buste-paga","13":"tag-software-erp","14":"tag-soluzione-buste-paga","15":"tag-soluzione-erp","16":"tag-winteam"},"wppr_data":{"cwp_meta_box_check":"Yes","cwp_rev_product_name":"","cwp_rev_product_image":"","cwp_image_link":"image","cwp_rev_price":"","wppr_rating":"0.00"},"acf":[],"yoast_head":"<!-- This site is optimized with the Yoast SEO plugin v27.4 - https:\/\/yoast.com\/product\/yoast-seo-wordpress\/ -->\n<title>WinTeam: recensione software buste paga - Accurate Reviews<\/title>\n<meta name=\"description\" content=\"WinTeam: recensione soluzione ERP basata su cloud, che aiuta gli appaltatori di servizi di pulizia e sicurezza a gestire i dipendenti.\" \/>\n<meta name=\"robots\" content=\"index, follow, max-snippet:-1, max-image-preview:large, max-video-preview:-1\" \/>\n<link rel=\"canonical\" href=\"https:\/\/www.accuratereviews.com\/it\/programmi-buste-paga\/winteam-recensione\/\" \/>\n<meta property=\"og:locale\" content=\"it_IT\" \/>\n<meta property=\"og:type\" content=\"article\" \/>\n<meta property=\"og:title\" content=\"WinTeam: recensione software buste paga - Accurate Reviews\" \/>\n<meta property=\"og:description\" content=\"WinTeam: recensione soluzione ERP basata su cloud, che aiuta gli appaltatori di servizi di pulizia e sicurezza a gestire i dipendenti.\" \/>\n<meta property=\"og:url\" content=\"https:\/\/www.accuratereviews.com\/it\/programmi-buste-paga\/winteam-recensione\/\" \/>\n<meta property=\"og:site_name\" content=\"Accurate Reviews\" \/>\n<meta property=\"article:modified_time\" content=\"2021-04-28T11:05:40+00:00\" \/>\n<meta property=\"og:image\" content=\"https:\/\/www.accuratereviews.com\/wp-content\/uploads\/2021\/03\/CL0310-Team-Software.jpg\" \/>\n\t<meta property=\"og:image:width\" content=\"450\" \/>\n\t<meta property=\"og:image:height\" content=\"250\" \/>\n\t<meta property=\"og:image:type\" content=\"image\/jpeg\" \/>\n<meta name=\"twitter:card\" content=\"summary_large_image\" \/>\n<meta name=\"twitter:label1\" content=\"Tempo di lettura stimato\" \/>\n\t<meta name=\"twitter:data1\" content=\"4 minuti\" \/>\n<script type=\"application\/ld+json\" class=\"yoast-schema-graph\">{\"@context\":\"https:\\\/\\\/schema.org\",\"@graph\":[{\"@type\":\"WebPage\",\"@id\":\"https:\\\/\\\/www.accuratereviews.com\\\/it\\\/programmi-buste-paga\\\/winteam-recensione\\\/\",\"url\":\"https:\\\/\\\/www.accuratereviews.com\\\/it\\\/programmi-buste-paga\\\/winteam-recensione\\\/\",\"name\":\"WinTeam: recensione software buste paga - Accurate Reviews\",\"isPartOf\":{\"@id\":\"https:\\\/\\\/www.accuratereviews.com\\\/it\\\/#website\"},\"primaryImageOfPage\":{\"@id\":\"https:\\\/\\\/www.accuratereviews.com\\\/it\\\/programmi-buste-paga\\\/winteam-recensione\\\/#primaryimage\"},\"image\":{\"@id\":\"https:\\\/\\\/www.accuratereviews.com\\\/it\\\/programmi-buste-paga\\\/winteam-recensione\\\/#primaryimage\"},\"thumbnailUrl\":\"https:\\\/\\\/www.accuratereviews.com\\\/wp-content\\\/uploads\\\/2021\\\/03\\\/CL0310-Team-Software.jpg\",\"datePublished\":\"2021-03-19T13:45:31+00:00\",\"dateModified\":\"2021-04-28T11:05:40+00:00\",\"description\":\"WinTeam: recensione soluzione ERP basata su cloud, che aiuta gli appaltatori di servizi di pulizia e sicurezza a gestire i dipendenti.\",\"breadcrumb\":{\"@id\":\"https:\\\/\\\/www.accuratereviews.com\\\/it\\\/programmi-buste-paga\\\/winteam-recensione\\\/#breadcrumb\"},\"inLanguage\":\"it-IT\",\"potentialAction\":[{\"@type\":\"ReadAction\",\"target\":[\"https:\\\/\\\/www.accuratereviews.com\\\/it\\\/programmi-buste-paga\\\/winteam-recensione\\\/\"]}]},{\"@type\":\"ImageObject\",\"inLanguage\":\"it-IT\",\"@id\":\"https:\\\/\\\/www.accuratereviews.com\\\/it\\\/programmi-buste-paga\\\/winteam-recensione\\\/#primaryimage\",\"url\":\"https:\\\/\\\/www.accuratereviews.com\\\/wp-content\\\/uploads\\\/2021\\\/03\\\/CL0310-Team-Software.jpg\",\"contentUrl\":\"https:\\\/\\\/www.accuratereviews.com\\\/wp-content\\\/uploads\\\/2021\\\/03\\\/CL0310-Team-Software.jpg\",\"width\":450,\"height\":250},{\"@type\":\"BreadcrumbList\",\"@id\":\"https:\\\/\\\/www.accuratereviews.com\\\/it\\\/programmi-buste-paga\\\/winteam-recensione\\\/#breadcrumb\",\"itemListElement\":[{\"@type\":\"ListItem\",\"position\":1,\"name\":\"Home\",\"item\":\"https:\\\/\\\/www.accuratereviews.com\\\/it\\\/\"},{\"@type\":\"ListItem\",\"position\":2,\"name\":\"Programmi per buste paga\",\"item\":\"https:\\\/\\\/www.accuratereviews.com\\\/it\\\/programmi-buste-paga\\\/\"},{\"@type\":\"ListItem\",\"position\":3,\"name\":\"WinTeam\"}]},{\"@type\":\"WebSite\",\"@id\":\"https:\\\/\\\/www.accuratereviews.com\\\/it\\\/#website\",\"url\":\"https:\\\/\\\/www.accuratereviews.com\\\/it\\\/\",\"name\":\"Accurate Reviews\",\"description\":\"\",\"potentialAction\":[{\"@type\":\"SearchAction\",\"target\":{\"@type\":\"EntryPoint\",\"urlTemplate\":\"https:\\\/\\\/www.accuratereviews.com\\\/it\\\/?s={search_term_string}\"},\"query-input\":{\"@type\":\"PropertyValueSpecification\",\"valueRequired\":true,\"valueName\":\"search_term_string\"}}],\"inLanguage\":\"it-IT\"}]}<\/script>\n<!-- \/ Yoast SEO plugin. -->","yoast_head_json":{"title":"WinTeam: recensione software buste paga - Accurate Reviews","description":"WinTeam: recensione soluzione ERP basata su cloud, che aiuta gli appaltatori di servizi di pulizia e sicurezza a gestire i dipendenti.","robots":{"index":"index","follow":"follow","max-snippet":"max-snippet:-1","max-image-preview":"max-image-preview:large","max-video-preview":"max-video-preview:-1"},"canonical":"https:\/\/www.accuratereviews.com\/it\/programmi-buste-paga\/winteam-recensione\/","og_locale":"it_IT","og_type":"article","og_title":"WinTeam: recensione software buste paga - Accurate Reviews","og_description":"WinTeam: recensione soluzione ERP basata su cloud, che aiuta gli appaltatori di servizi di pulizia e sicurezza a gestire i dipendenti.","og_url":"https:\/\/www.accuratereviews.com\/it\/programmi-buste-paga\/winteam-recensione\/","og_site_name":"Accurate Reviews","article_modified_time":"2021-04-28T11:05:40+00:00","og_image":[{"width":450,"height":250,"url":"https:\/\/www.accuratereviews.com\/wp-content\/uploads\/2021\/03\/CL0310-Team-Software.jpg","type":"image\/jpeg"}],"twitter_card":"summary_large_image","twitter_misc":{"Tempo di lettura stimato":"4 minuti"},"schema":{"@context":"https:\/\/schema.org","@graph":[{"@type":"WebPage","@id":"https:\/\/www.accuratereviews.com\/it\/programmi-buste-paga\/winteam-recensione\/","url":"https:\/\/www.accuratereviews.com\/it\/programmi-buste-paga\/winteam-recensione\/","name":"WinTeam: recensione software buste paga - Accurate Reviews","isPartOf":{"@id":"https:\/\/www.accuratereviews.com\/it\/#website"},"primaryImageOfPage":{"@id":"https:\/\/www.accuratereviews.com\/it\/programmi-buste-paga\/winteam-recensione\/#primaryimage"},"image":{"@id":"https:\/\/www.accuratereviews.com\/it\/programmi-buste-paga\/winteam-recensione\/#primaryimage"},"thumbnailUrl":"https:\/\/www.accuratereviews.com\/wp-content\/uploads\/2021\/03\/CL0310-Team-Software.jpg","datePublished":"2021-03-19T13:45:31+00:00","dateModified":"2021-04-28T11:05:40+00:00","description":"WinTeam: recensione soluzione ERP basata su cloud, che aiuta gli appaltatori di servizi di pulizia e sicurezza a gestire i dipendenti.","breadcrumb":{"@id":"https:\/\/www.accuratereviews.com\/it\/programmi-buste-paga\/winteam-recensione\/#breadcrumb"},"inLanguage":"it-IT","potentialAction":[{"@type":"ReadAction","target":["https:\/\/www.accuratereviews.com\/it\/programmi-buste-paga\/winteam-recensione\/"]}]},{"@type":"ImageObject","inLanguage":"it-IT","@id":"https:\/\/www.accuratereviews.com\/it\/programmi-buste-paga\/winteam-recensione\/#primaryimage","url":"https:\/\/www.accuratereviews.com\/wp-content\/uploads\/2021\/03\/CL0310-Team-Software.jpg","contentUrl":"https:\/\/www.accuratereviews.com\/wp-content\/uploads\/2021\/03\/CL0310-Team-Software.jpg","width":450,"height":250},{"@type":"BreadcrumbList","@id":"https:\/\/www.accuratereviews.com\/it\/programmi-buste-paga\/winteam-recensione\/#breadcrumb","itemListElement":[{"@type":"ListItem","position":1,"name":"Home","item":"https:\/\/www.accuratereviews.com\/it\/"},{"@type":"ListItem","position":2,"name":"Programmi per buste paga","item":"https:\/\/www.accuratereviews.com\/it\/programmi-buste-paga\/"},{"@type":"ListItem","position":3,"name":"WinTeam"}]},{"@type":"WebSite","@id":"https:\/\/www.accuratereviews.com\/it\/#website","url":"https:\/\/www.accuratereviews.com\/it\/","name":"Accurate Reviews","description":"","potentialAction":[{"@type":"SearchAction","target":{"@type":"EntryPoint","urlTemplate":"https:\/\/www.accuratereviews.com\/it\/?s={search_term_string}"},"query-input":{"@type":"PropertyValueSpecification","valueRequired":true,"valueName":"search_term_string"}}],"inLanguage":"it-IT"}]}},"_links":{"self":[{"href":"https:\/\/www.accuratereviews.com\/it\/wp-json\/wp\/v2\/pages\/38689","targetHints":{"allow":["GET"]}}],"collection":[{"href":"https:\/\/www.accuratereviews.com\/it\/wp-json\/wp\/v2\/pages"}],"about":[{"href":"https:\/\/www.accuratereviews.com\/it\/wp-json\/wp\/v2\/types\/page"}],"author":[{"embeddable":true,"href":"https:\/\/www.accuratereviews.com\/it\/wp-json\/wp\/v2\/users\/19"}],"replies":[{"embeddable":true,"href":"https:\/\/www.accuratereviews.com\/it\/wp-json\/wp\/v2\/comments?post=38689"}],"version-history":[{"count":9,"href":"https:\/\/www.accuratereviews.com\/it\/wp-json\/wp\/v2\/pages\/38689\/revisions"}],"predecessor-version":[{"id":41251,"href":"https:\/\/www.accuratereviews.com\/it\/wp-json\/wp\/v2\/pages\/38689\/revisions\/41251"}],"up":[{"embeddable":true,"href":"https:\/\/www.accuratereviews.com\/it\/wp-json\/wp\/v2\/pages\/38170"}],"wp:featuredmedia":[{"embeddable":true,"href":"https:\/\/www.accuratereviews.com\/it\/wp-json\/wp\/v2\/media\/38691"}],"wp:attachment":[{"href":"https:\/\/www.accuratereviews.com\/it\/wp-json\/wp\/v2\/media?parent=38689"}],"wp:term":[{"taxonomy":"category","embeddable":true,"href":"https:\/\/www.accuratereviews.com\/it\/wp-json\/wp\/v2\/categories?post=38689"},{"taxonomy":"post_tag","embeddable":true,"href":"https:\/\/www.accuratereviews.com\/it\/wp-json\/wp\/v2\/tags?post=38689"},{"taxonomy":"features","embeddable":true,"href":"https:\/\/www.accuratereviews.com\/it\/wp-json\/wp\/v2\/features?post=38689"}],"curies":[{"name":"wp","href":"https:\/\/api.w.org\/{rel}","templated":true}]}}