{"id":38702,"date":"2021-03-19T13:41:21","date_gmt":"2021-03-19T13:41:21","guid":{"rendered":"https:\/\/www.accuratereviews.com\/?page_id=38702"},"modified":"2021-04-28T10:51:04","modified_gmt":"2021-04-28T10:51:04","slug":"sutihr-recensione","status":"publish","type":"page","link":"https:\/\/www.accuratereviews.com\/it\/programmi-buste-paga\/sutihr-recensione\/","title":{"rendered":"SutiHR"},"content":{"rendered":"<p><strong>SutiHR<\/strong> \u00e8 una suite basata su <strong>cloud<\/strong> di applicazioni per le <strong>risorse umane (HR)<\/strong> che consente alle aziende di gestire la forza lavoro. Le caratteristiche principali includono il monitoraggio del personale, il libro paga, il tempo, le presenze, la revisione delle prestazioni, il self-service dei dipendenti e l&#8217;inserimento. Il programma offre strumenti per l&#8217;inserimento dei dipendenti come il monitoraggio dei candidati, la dashboard dei candidati e le notifiche elettroniche. I professionisti delle risorse umane possono anche organizzare i colloqui con il calendario della pianificazione e le notifiche email automatiche vengono inviate agli intervistatori. Con il portale self-service dei dipendenti, gli utenti possono gestire informazioni, formazione, vantaggi, rapporti e altro ancora. Gli utenti possono creare e gestire profili elettronici dei dipendenti, assegnare e monitorare i progressi della formazione.<\/p>\n<h2>SUTIHR &#8211; TUTORIAL<\/h2>\n<p>Guardiamo il tutorial su questo<strong> software per le risorse umane<\/strong> basata su cloud completa, conveniente e facile da usare, automatizza tutti i processi delle risorse umane dall&#8217;assunzione al pensionamento:<\/p>\n<div id=\"fluid-wrapper-counter-1\" class=\"g1-fluid-wrapper \" style=\"width:686px;\">\n<div style=\"padding-bottom:56.268221574344%;\"><iframe loading=\"lazy\" title=\"Cloud HR Software Platform Overview - SutiHR\" width=\"686\" height=\"386\" src=\"https:\/\/www.youtube.com\/embed\/QrVp366vcEg?feature=oembed&amp;wmode=transparent&amp;autohide=1&amp;autoplay=0&amp;disablekb=0&amp;fs=1&amp;loop=0&amp;enablejsapi=1&amp;rel=0&amp;controls=2&amp;showinfo=0&amp;wmode=transparent&amp;autohide=2&amp;autoplay=0&amp;disablekb=0&amp;fs=1&amp;loop=0&amp;enablejsapi=1&amp;rel=0&amp;controls=2&amp;showinfo=1\" frameborder=\"0\" allow=\"accelerometer; autoplay; clipboard-write; encrypted-media; gyroscope; picture-in-picture\" allowfullscreen><\/iframe><\/div>\n<\/div>\n<h2>SUTIHR &#8211; CARATTERISTICHE<\/h2>\n<ul>\n<li><strong>Personale<\/strong>: ti consente di memorizzare tutte le informazioni che desideri, eliminando la necessit\u00e0 di fogli di calcolo e note. \u00c8 possibile configurare avvisi relativi a revisioni delle prestazioni, personale di formazione, certificati e altro ancora<\/li>\n<li><strong>Benefici per i dipendenti<\/strong>: ottimizza i vantaggi che offri ai tuoi dipendenti. Crea piani di benefit flessibili e consenti ai dipendenti di scegliere tra una variet\u00e0 di vantaggi e opzioni. Elimina la necessit\u00e0 di distribuire documenti e domande sul campo durante le iscrizioni<\/li>\n<li><strong>Documenti<\/strong>: il modulo documenti consente di archiviare documenti con controllo delle versioni, compilazione di moduli online e firma elettronica integrata<\/li>\n<li><strong>Self-service dei dipendenti:<\/strong> dipendenti e manager possono accedere ai propri account ed eseguire azioni in base ai loro ruoli e privilegi. La dashboard consente loro di tenere traccia di pi\u00f9 attivit\u00e0 e ricorda loro cosa devono fare<\/li>\n<li><strong>Rapporti<\/strong>: dashboard e report facili da usare aiutano a prendere decisioni e aiutano a capire cosa sta succedendo nell&#8217;organizzazione<\/li>\n<li><strong>Budgeting<\/strong>: imposta limiti di spesa e controlla i tuoi budget. Elimina le supposizioni e migliora la produttivit\u00e0 aziendale con dati sui costi e sul lavoro in tempo reale.<\/li>\n<\/ul>\n<h4>LE RECENSIONI DEGLI UTENTI<\/h4>\n<p class=\"font-weight-bold mb-1 d-flex align-items-center\"><strong>Jodie J.&#8221;Ne vale la pena&#8221;<\/strong><\/p>\n<p><strong>Commenti: <\/strong>Tempo e presenza e revisione delle prestazioni, in un unico sistema<\/p>\n<p><strong>Pro: <\/strong>SutiHR ha quasi tutte le funzionalit\u00e0 HR che stiamo cercando. Monitoraggio dei candidati, tempo e presenza, recensioni delle prestazioni, ecc. Dal punto di vista del prezzo, \u00e8 conveniente rispetto ad altri HRIS. Cerca anche di migliorare il loro sistema il pi\u00f9 possibile aggiungendo la capacit\u00e0 di &#8220;time off parziale&#8221; a Time Off Request.<\/p>\n<p><strong>Contro: <\/strong>Tuttavia, non \u00e8 facile da usare secondo il feedback del nostro staff. E abbiamo chiesto di aggiungere un&#8217;altra scheda nella sezione dei vantaggi, ma non era ancora l\u00ec, anche dopo un anno di attesa. Quando si verificano problemi, l&#8217;assistenza clienti richiede tempo per rispondere e risolverli. A volte, dopo il loro aggiornamento, il sistema \u00e8 difficile da capire.<\/p>\n<p class=\"font-weight-bold mb-1 d-flex align-items-center\"><strong>Lesley A.&#8221;Va bene&#8221;<\/strong><\/p>\n<p><strong>Vantaggi: <\/strong>Mi piace il layout ed \u00e8 piuttosto semplice capire come funziona.<\/p>\n<p><strong>Inconvenienti: <\/strong>Quello che mi \u00e8 piaciuto di meno sono stati i problemi che ho avuto con il mio programma corretto. Molte volte si verificava un errore quando si trattava dei miei tempi di entrata e uscita e il pi\u00f9 delle volte, alla fine della settimana, i miei orari sono errati.<\/p>\n<p class=\"font-weight-bold mb-1 d-flex align-items-center\"><strong>Jason L.&#8221;Funziona alla grande!&#8221;<\/strong><\/p>\n<p><strong>Pro: <\/strong>Possibilit\u00e0 di essere personalizzato per adattarsi a pratiche aziendali specifiche.<\/p>\n<p><strong>Contro: <\/strong>Pu\u00f2 funzionare un po &#8216;lentamente di tanto in tanto.<\/p>\n","protected":false},"excerpt":{"rendered":"<p>SutiHR \u00e8 una suite basata su cloud di applicazioni per le risorse umane (HR) che consente alle aziende di gestire la forza lavoro. Le caratteristiche principali includono il monitoraggio del personale, il libro paga, il tempo e le presenze, la revisione delle prestazioni, il self-service dei dipendenti e l&#8217;inserimento.<\/p>\n","protected":false},"author":19,"featured_media":38707,"parent":38170,"menu_order":0,"comment_status":"open","ping_status":"closed","template":"g1_template_page_review_new.php","meta":{"_acf_changed":false,"cwp_meta_box_check":"Yes","cwp_rev_product_name":"","cwp_rev_product_image":"","wppr_links":[],"cwp_rev_price":"","wppr_options":[],"wppr_pros":[],"wppr_cons":[],"_monsterinsights_skip_tracking":false,"_monsterinsights_sitenote_active":false,"_monsterinsights_sitenote_note":"","_monsterinsights_sitenote_category":0,"footnotes":""},"categories":[5273],"tags":[5365,5353,4496,5276,5286,5412],"features":[],"class_list":{"0":"post-38702","1":"page","2":"type-page","3":"status-publish","4":"has-post-thumbnail","6":"category-programmi-buste-paga-categoria","7":"tag-piattaforma-per-buste-paga","8":"tag-programma-per-buste-paga","9":"tag-risorse-umane","10":"tag-software-per-buste-paga","11":"tag-soluzione-per-buste-paga","12":"tag-sutihr"},"wppr_data":{"cwp_meta_box_check":"Yes","cwp_rev_product_name":"","cwp_rev_product_image":"","cwp_image_link":"image","cwp_rev_price":"","wppr_rating":"0.00"},"acf":[],"yoast_head":"<!-- This site is optimized with the Yoast SEO plugin v27.4 - https:\/\/yoast.com\/product\/yoast-seo-wordpress\/ -->\n<title>SutiHR: recensione software buste paga - Accurate Reviews<\/title>\n<meta name=\"description\" content=\"SutiHR: recensione suite basata su cloud di applicazioni per le risorse umane (HR) che consente alle aziende di gestire la forza lavoro.\" \/>\n<meta name=\"robots\" content=\"index, follow, max-snippet:-1, max-image-preview:large, max-video-preview:-1\" \/>\n<link rel=\"canonical\" href=\"https:\/\/www.accuratereviews.com\/it\/programmi-buste-paga\/sutihr-recensione\/\" \/>\n<meta property=\"og:locale\" content=\"it_IT\" \/>\n<meta property=\"og:type\" content=\"article\" \/>\n<meta property=\"og:title\" content=\"SutiHR: recensione software buste paga - Accurate Reviews\" \/>\n<meta property=\"og:description\" content=\"SutiHR: recensione suite basata su cloud di applicazioni per le risorse umane (HR) che consente alle aziende di gestire la forza lavoro.\" \/>\n<meta property=\"og:url\" content=\"https:\/\/www.accuratereviews.com\/it\/programmi-buste-paga\/sutihr-recensione\/\" \/>\n<meta property=\"og:site_name\" content=\"Accurate Reviews\" \/>\n<meta property=\"article:modified_time\" content=\"2021-04-28T10:51:04+00:00\" \/>\n<meta property=\"og:image\" content=\"https:\/\/www.accuratereviews.com\/wp-content\/uploads\/2021\/03\/SutiHR-1.jpg\" \/>\n\t<meta property=\"og:image:width\" content=\"400\" \/>\n\t<meta property=\"og:image:height\" content=\"400\" \/>\n\t<meta property=\"og:image:type\" content=\"image\/jpeg\" \/>\n<meta name=\"twitter:card\" content=\"summary_large_image\" \/>\n<meta name=\"twitter:label1\" content=\"Tempo di lettura stimato\" \/>\n\t<meta name=\"twitter:data1\" content=\"3 minuti\" \/>\n<script type=\"application\/ld+json\" class=\"yoast-schema-graph\">{\"@context\":\"https:\\\/\\\/schema.org\",\"@graph\":[{\"@type\":\"WebPage\",\"@id\":\"https:\\\/\\\/www.accuratereviews.com\\\/it\\\/programmi-buste-paga\\\/sutihr-recensione\\\/\",\"url\":\"https:\\\/\\\/www.accuratereviews.com\\\/it\\\/programmi-buste-paga\\\/sutihr-recensione\\\/\",\"name\":\"SutiHR: recensione software buste paga - Accurate Reviews\",\"isPartOf\":{\"@id\":\"https:\\\/\\\/www.accuratereviews.com\\\/it\\\/#website\"},\"primaryImageOfPage\":{\"@id\":\"https:\\\/\\\/www.accuratereviews.com\\\/it\\\/programmi-buste-paga\\\/sutihr-recensione\\\/#primaryimage\"},\"image\":{\"@id\":\"https:\\\/\\\/www.accuratereviews.com\\\/it\\\/programmi-buste-paga\\\/sutihr-recensione\\\/#primaryimage\"},\"thumbnailUrl\":\"https:\\\/\\\/www.accuratereviews.com\\\/wp-content\\\/uploads\\\/2021\\\/03\\\/SutiHR-1.jpg\",\"datePublished\":\"2021-03-19T13:41:21+00:00\",\"dateModified\":\"2021-04-28T10:51:04+00:00\",\"description\":\"SutiHR: recensione suite basata su cloud di applicazioni per le risorse umane (HR) che consente alle aziende di gestire la forza lavoro.\",\"breadcrumb\":{\"@id\":\"https:\\\/\\\/www.accuratereviews.com\\\/it\\\/programmi-buste-paga\\\/sutihr-recensione\\\/#breadcrumb\"},\"inLanguage\":\"it-IT\",\"potentialAction\":[{\"@type\":\"ReadAction\",\"target\":[\"https:\\\/\\\/www.accuratereviews.com\\\/it\\\/programmi-buste-paga\\\/sutihr-recensione\\\/\"]}]},{\"@type\":\"ImageObject\",\"inLanguage\":\"it-IT\",\"@id\":\"https:\\\/\\\/www.accuratereviews.com\\\/it\\\/programmi-buste-paga\\\/sutihr-recensione\\\/#primaryimage\",\"url\":\"https:\\\/\\\/www.accuratereviews.com\\\/wp-content\\\/uploads\\\/2021\\\/03\\\/SutiHR-1.jpg\",\"contentUrl\":\"https:\\\/\\\/www.accuratereviews.com\\\/wp-content\\\/uploads\\\/2021\\\/03\\\/SutiHR-1.jpg\",\"width\":400,\"height\":400},{\"@type\":\"BreadcrumbList\",\"@id\":\"https:\\\/\\\/www.accuratereviews.com\\\/it\\\/programmi-buste-paga\\\/sutihr-recensione\\\/#breadcrumb\",\"itemListElement\":[{\"@type\":\"ListItem\",\"position\":1,\"name\":\"Home\",\"item\":\"https:\\\/\\\/www.accuratereviews.com\\\/it\\\/\"},{\"@type\":\"ListItem\",\"position\":2,\"name\":\"Programmi per buste paga\",\"item\":\"https:\\\/\\\/www.accuratereviews.com\\\/it\\\/programmi-buste-paga\\\/\"},{\"@type\":\"ListItem\",\"position\":3,\"name\":\"SutiHR\"}]},{\"@type\":\"WebSite\",\"@id\":\"https:\\\/\\\/www.accuratereviews.com\\\/it\\\/#website\",\"url\":\"https:\\\/\\\/www.accuratereviews.com\\\/it\\\/\",\"name\":\"Accurate Reviews\",\"description\":\"\",\"potentialAction\":[{\"@type\":\"SearchAction\",\"target\":{\"@type\":\"EntryPoint\",\"urlTemplate\":\"https:\\\/\\\/www.accuratereviews.com\\\/it\\\/?s={search_term_string}\"},\"query-input\":{\"@type\":\"PropertyValueSpecification\",\"valueRequired\":true,\"valueName\":\"search_term_string\"}}],\"inLanguage\":\"it-IT\"}]}<\/script>\n<!-- \/ Yoast SEO plugin. -->","yoast_head_json":{"title":"SutiHR: recensione software buste paga - Accurate Reviews","description":"SutiHR: recensione suite basata su cloud di applicazioni per le risorse umane (HR) che consente alle aziende di gestire la forza lavoro.","robots":{"index":"index","follow":"follow","max-snippet":"max-snippet:-1","max-image-preview":"max-image-preview:large","max-video-preview":"max-video-preview:-1"},"canonical":"https:\/\/www.accuratereviews.com\/it\/programmi-buste-paga\/sutihr-recensione\/","og_locale":"it_IT","og_type":"article","og_title":"SutiHR: recensione software buste paga - Accurate Reviews","og_description":"SutiHR: recensione suite basata su cloud di applicazioni per le risorse umane (HR) che consente alle aziende di gestire la forza lavoro.","og_url":"https:\/\/www.accuratereviews.com\/it\/programmi-buste-paga\/sutihr-recensione\/","og_site_name":"Accurate Reviews","article_modified_time":"2021-04-28T10:51:04+00:00","og_image":[{"width":400,"height":400,"url":"https:\/\/www.accuratereviews.com\/wp-content\/uploads\/2021\/03\/SutiHR-1.jpg","type":"image\/jpeg"}],"twitter_card":"summary_large_image","twitter_misc":{"Tempo di lettura stimato":"3 minuti"},"schema":{"@context":"https:\/\/schema.org","@graph":[{"@type":"WebPage","@id":"https:\/\/www.accuratereviews.com\/it\/programmi-buste-paga\/sutihr-recensione\/","url":"https:\/\/www.accuratereviews.com\/it\/programmi-buste-paga\/sutihr-recensione\/","name":"SutiHR: recensione software buste paga - Accurate Reviews","isPartOf":{"@id":"https:\/\/www.accuratereviews.com\/it\/#website"},"primaryImageOfPage":{"@id":"https:\/\/www.accuratereviews.com\/it\/programmi-buste-paga\/sutihr-recensione\/#primaryimage"},"image":{"@id":"https:\/\/www.accuratereviews.com\/it\/programmi-buste-paga\/sutihr-recensione\/#primaryimage"},"thumbnailUrl":"https:\/\/www.accuratereviews.com\/wp-content\/uploads\/2021\/03\/SutiHR-1.jpg","datePublished":"2021-03-19T13:41:21+00:00","dateModified":"2021-04-28T10:51:04+00:00","description":"SutiHR: recensione suite basata su cloud di applicazioni per le risorse umane (HR) che consente alle aziende di gestire la forza lavoro.","breadcrumb":{"@id":"https:\/\/www.accuratereviews.com\/it\/programmi-buste-paga\/sutihr-recensione\/#breadcrumb"},"inLanguage":"it-IT","potentialAction":[{"@type":"ReadAction","target":["https:\/\/www.accuratereviews.com\/it\/programmi-buste-paga\/sutihr-recensione\/"]}]},{"@type":"ImageObject","inLanguage":"it-IT","@id":"https:\/\/www.accuratereviews.com\/it\/programmi-buste-paga\/sutihr-recensione\/#primaryimage","url":"https:\/\/www.accuratereviews.com\/wp-content\/uploads\/2021\/03\/SutiHR-1.jpg","contentUrl":"https:\/\/www.accuratereviews.com\/wp-content\/uploads\/2021\/03\/SutiHR-1.jpg","width":400,"height":400},{"@type":"BreadcrumbList","@id":"https:\/\/www.accuratereviews.com\/it\/programmi-buste-paga\/sutihr-recensione\/#breadcrumb","itemListElement":[{"@type":"ListItem","position":1,"name":"Home","item":"https:\/\/www.accuratereviews.com\/it\/"},{"@type":"ListItem","position":2,"name":"Programmi per buste paga","item":"https:\/\/www.accuratereviews.com\/it\/programmi-buste-paga\/"},{"@type":"ListItem","position":3,"name":"SutiHR"}]},{"@type":"WebSite","@id":"https:\/\/www.accuratereviews.com\/it\/#website","url":"https:\/\/www.accuratereviews.com\/it\/","name":"Accurate Reviews","description":"","potentialAction":[{"@type":"SearchAction","target":{"@type":"EntryPoint","urlTemplate":"https:\/\/www.accuratereviews.com\/it\/?s={search_term_string}"},"query-input":{"@type":"PropertyValueSpecification","valueRequired":true,"valueName":"search_term_string"}}],"inLanguage":"it-IT"}]}},"_links":{"self":[{"href":"https:\/\/www.accuratereviews.com\/it\/wp-json\/wp\/v2\/pages\/38702","targetHints":{"allow":["GET"]}}],"collection":[{"href":"https:\/\/www.accuratereviews.com\/it\/wp-json\/wp\/v2\/pages"}],"about":[{"href":"https:\/\/www.accuratereviews.com\/it\/wp-json\/wp\/v2\/types\/page"}],"author":[{"embeddable":true,"href":"https:\/\/www.accuratereviews.com\/it\/wp-json\/wp\/v2\/users\/19"}],"replies":[{"embeddable":true,"href":"https:\/\/www.accuratereviews.com\/it\/wp-json\/wp\/v2\/comments?post=38702"}],"version-history":[{"count":16,"href":"https:\/\/www.accuratereviews.com\/it\/wp-json\/wp\/v2\/pages\/38702\/revisions"}],"predecessor-version":[{"id":41233,"href":"https:\/\/www.accuratereviews.com\/it\/wp-json\/wp\/v2\/pages\/38702\/revisions\/41233"}],"up":[{"embeddable":true,"href":"https:\/\/www.accuratereviews.com\/it\/wp-json\/wp\/v2\/pages\/38170"}],"wp:featuredmedia":[{"embeddable":true,"href":"https:\/\/www.accuratereviews.com\/it\/wp-json\/wp\/v2\/media\/38707"}],"wp:attachment":[{"href":"https:\/\/www.accuratereviews.com\/it\/wp-json\/wp\/v2\/media?parent=38702"}],"wp:term":[{"taxonomy":"category","embeddable":true,"href":"https:\/\/www.accuratereviews.com\/it\/wp-json\/wp\/v2\/categories?post=38702"},{"taxonomy":"post_tag","embeddable":true,"href":"https:\/\/www.accuratereviews.com\/it\/wp-json\/wp\/v2\/tags?post=38702"},{"taxonomy":"features","embeddable":true,"href":"https:\/\/www.accuratereviews.com\/it\/wp-json\/wp\/v2\/features?post=38702"}],"curies":[{"name":"wp","href":"https:\/\/api.w.org\/{rel}","templated":true}]}}