{"id":38723,"date":"2021-03-19T13:49:50","date_gmt":"2021-03-19T13:49:50","guid":{"rendered":"https:\/\/www.accuratereviews.com\/?page_id=38723"},"modified":"2025-08-07T13:18:48","modified_gmt":"2025-08-07T13:18:48","slug":"factorial-recensione","status":"publish","type":"page","link":"https:\/\/www.accuratereviews.com\/it\/programmi-buste-paga\/factorial-recensione\/","title":{"rendered":"Factorial"},"content":{"rendered":"<p><strong>Factorial<\/strong> \u00e8 un <strong>software per la gestione aziendale<\/strong> che supporta le aziende ad organizzare presenze e assenze, a coltivare il talento, controllare le spese e semplificare la gestione delle buste paga.\u00a0Si tratta di una soluzione per la<strong> gestione delle buste paga<\/strong> costituito da un potente sistema di crittografia, ottimo per proteggere i dati e i documenti della tua azienda.<br \/>\nGrazie a <strong>Factorial<\/strong>, potrai integrare facilmente i nuovi dipendenti nel loro ruolo, creare flussi di attivit\u00e0 personalizzati e\u00a0dedicare il tempo risparmiato per concentrarti maggiormente su ci\u00f2 che conta: il tuo team.<\/p>\n<h2>FACTORIAL &#8211; TUTORIAL<\/h2>\n<p>Ecco un video che ci mostra come funziona questo programma per buste paga:<\/p>\n<div id=\"fluid-wrapper-counter-1\" class=\"g1-fluid-wrapper \" style=\"width:686px;\">\n<div style=\"padding-bottom:56.268221574344%;\"><iframe loading=\"lazy\" title=\"Gestisci le assenze per ore con il software Factorial HR\" width=\"686\" height=\"386\" src=\"https:\/\/www.youtube.com\/embed\/0Uh8Isf6FgE?feature=oembed&amp;wmode=transparent&amp;autohide=1&amp;autoplay=0&amp;disablekb=0&amp;fs=1&amp;loop=0&amp;enablejsapi=1&amp;rel=0&amp;controls=2&amp;showinfo=0&amp;wmode=transparent&amp;autohide=2&amp;autoplay=0&amp;disablekb=0&amp;fs=1&amp;loop=0&amp;enablejsapi=1&amp;rel=0&amp;controls=2&amp;showinfo=1\" frameborder=\"0\" allow=\"accelerometer; autoplay; clipboard-write; encrypted-media; gyroscope; picture-in-picture; web-share\" referrerpolicy=\"strict-origin-when-cross-origin\" allowfullscreen><\/iframe><\/div>\n<\/div>\n<h3>FACTORIAL &#8211; CARATTERISTICHE<\/h3>\n<p>Di seguito le sue principali caratteristiche:<\/p>\n<ul>\n<li><strong>Gestione ferie e assenze<\/strong>: gestisci in modo semplice e veloce le ferie e le assenze dei tuoi dipendenti<\/li>\n<li><strong>Monitoraggio del tempo e di gestione dei turni<\/strong>: registra le ore di lavoro dei tuoi dipendenti, migliora la produttivit\u00e0 all&#8217;interno della tua azienda e riduce l&#8217;assenteismo con il software della forza lavoro di Factorial<\/li>\n<li><strong>Riepilogo del libro paga<\/strong>: dimentica di passare il tuo tempo a registrare tutti gli incidenti che influiscono sul libro paga della tua azienda, Factorial lo far\u00e0 per te<\/li>\n<li><strong>Report e analisi delle risorse umane<\/strong>: genera report personalizzati basati sui dati della tua azienda e prendi decisioni migliori sulla tua forza lavoro e sulla tua attivit\u00e0<\/li>\n<li><strong>Gestione documenti<\/strong>: ogni documentazione aziendale e dei dipendenti nella gestione dei documenti<\/li>\n<li><strong>Firma digitale<\/strong>: richiedi la firma digitale a uno o pi\u00f9 dipendenti per qualsiasi documento in modo facile, sicuro e veloce<\/li>\n<li><strong>Portale dei dipendenti<\/strong>: uno spazio personalizzato per ogni dipendente da cui pu\u00f2 gestire tutte le proprie informazioni personali, documenti, ferie e altre funzionalit\u00e0<\/li>\n<li><strong>App Mobile<\/strong>: tieniti aggiornato sull&#8217;attivit\u00e0 della tua azienda con l&#8217;app Factorial, sempre e ovunque<\/li>\n<li><strong>Applicant Tracking System (ATS)<\/strong>: gestisci i tuoi processi di selezione e ottieni pi\u00f9 candidati, attraverso un portale del lavoro personalizzabile e centralizzato<\/li>\n<li><strong>Impostazioni autorizzazioni utente<\/strong>: adatta le autorizzazioni dei dipendenti e adatta il sistema alla struttura della tua azienda.<\/li>\n<\/ul>\n<h4>LE RECENSIONI DEGLI UTENTI<\/h4>\n<p><strong>Alberto M. &#8220;Sicuramente un ottimo strumento per le imprese in arrivo&#8221;<\/strong><br \/>\nPRO: team di supporto, facile da usare &#8230; Penso che FactorialHR non abbia migliaia di funzionalit\u00e0, ma quelle che sono incluse fanno semplicemente il lavoro. Il prezzo per utente e la funzionalit\u00e0 offrono sicuramente un ottimo rapporto qualit\u00e0-prezzo.<br \/>\nCONTRO: mancano alcuni flussi di automazione ma da quando hanno implementato l&#8217;integrazione con Zapier \u00e8 quasi risolto.<\/p>\n<p><strong>Sandra F. &#8220;Molto visivo e facile da usare&#8221;<\/strong><br \/>\nCOMMENTI: al momento molto soddisfatto di Factorial<br \/>\nPRO: ha praticamente tutte le funzionalit\u00e0 di cui abbiamo bisogno, \u00e8 molto facile da usare ed \u00e8 molto visivo e intuitivo.<br \/>\nCONTRO: a volte la risoluzione degli incidenti richiede un po&#8217; di tempo per essere risolta.<\/p>\n<p><strong>Diana R. &#8220;Eccellente alleato&#8221;<\/strong><br \/>\nCOMMENTI: \u00e8 un&#8217;applicazione molto facile da usare e molto utile<br \/>\nPRO: \u00e8 molto facile da usare, oltre ad essere uno strumento molto utile per controllare presenze e assenze senza dover guardare il grafico e altre alternative.<br \/>\nCONTRO: in realt\u00e0 mi sembra tutto molto utile, vorrei che si tenesse di tanto in tanto un incontro tramite zoom e un&#8217;altra piattaforma per spiegare tutti i servizi che hanno, poich\u00e9 a causa del tempo e del lavoro non possiamo approfondire.<\/p>\n","protected":false},"excerpt":{"rendered":"<p>Factorial \u00e8 un software per la gestione aziendale che supporta le aziende ad organizzare presenze e assenze, a coltivare il talento, controllare le spese e semplificare la gestione delle buste paga.\u00a0Si tratta di una soluzione per la gestione delle buste paga costituito da un potente sistema di crittografia, ottimo per proteggere i dati e i documenti della tua azienda.<\/p>\n","protected":false},"author":17,"featured_media":96784,"parent":38170,"menu_order":0,"comment_status":"open","ping_status":"closed","template":"g1_template_page_review_new.php","meta":{"_acf_changed":false,"cwp_meta_box_check":"No","cwp_rev_product_name":"","cwp_rev_product_image":"","wppr_links":[],"cwp_rev_price":"","wppr_options":[],"wppr_pros":[],"wppr_cons":[],"_monsterinsights_skip_tracking":false,"_monsterinsights_sitenote_active":false,"_monsterinsights_sitenote_note":"","_monsterinsights_sitenote_category":0,"footnotes":""},"categories":[5273],"tags":[4499,4515,5290,5353,5276,5286],"features":[],"class_list":{"0":"post-38723","1":"page","2":"type-page","3":"status-publish","4":"has-post-thumbnail","6":"category-programmi-buste-paga-categoria","7":"tag-buste-paga","8":"tag-gestione-buste-paga","9":"tag-piattaforma-buste-paga","10":"tag-programma-per-buste-paga","11":"tag-software-per-buste-paga","12":"tag-soluzione-per-buste-paga"},"wppr_data":{"cwp_meta_box_check":"No"},"acf":[],"yoast_head":"<!-- This site is optimized with the Yoast SEO plugin v27.4 - https:\/\/yoast.com\/product\/yoast-seo-wordpress\/ -->\n<title>Factorial: recensione software buste paga - Accurate Reviews<\/title>\n<meta name=\"description\" content=\"Factorial: recensione del software per i team delle risorse umane, sviluppato per migliorare la gestione dell&#039;azienda.\" \/>\n<meta name=\"robots\" content=\"index, follow, max-snippet:-1, max-image-preview:large, max-video-preview:-1\" \/>\n<link rel=\"canonical\" href=\"https:\/\/www.accuratereviews.com\/it\/programmi-buste-paga\/factorial-recensione\/\" \/>\n<meta property=\"og:locale\" content=\"it_IT\" \/>\n<meta property=\"og:type\" content=\"article\" \/>\n<meta property=\"og:title\" content=\"Factorial: recensione software buste paga - Accurate Reviews\" \/>\n<meta property=\"og:description\" content=\"Factorial: recensione del software per i team delle risorse umane, sviluppato per migliorare la gestione dell&#039;azienda.\" \/>\n<meta property=\"og:url\" content=\"https:\/\/www.accuratereviews.com\/it\/programmi-buste-paga\/factorial-recensione\/\" \/>\n<meta property=\"og:site_name\" content=\"Accurate Reviews\" \/>\n<meta property=\"article:modified_time\" content=\"2025-08-07T13:18:48+00:00\" \/>\n<meta property=\"og:image\" content=\"https:\/\/www.accuratereviews.com\/wp-content\/uploads\/2025\/08\/Progetto-senza-titolo-10.png\" \/>\n\t<meta property=\"og:image:width\" content=\"1434\" \/>\n\t<meta property=\"og:image:height\" content=\"535\" \/>\n\t<meta property=\"og:image:type\" content=\"image\/png\" \/>\n<meta name=\"twitter:card\" content=\"summary_large_image\" \/>\n<meta name=\"twitter:label1\" content=\"Tempo di lettura stimato\" \/>\n\t<meta name=\"twitter:data1\" content=\"4 minuti\" \/>\n<script type=\"application\/ld+json\" class=\"yoast-schema-graph\">{\"@context\":\"https:\\\/\\\/schema.org\",\"@graph\":[{\"@type\":\"WebPage\",\"@id\":\"https:\\\/\\\/www.accuratereviews.com\\\/it\\\/programmi-buste-paga\\\/factorial-recensione\\\/\",\"url\":\"https:\\\/\\\/www.accuratereviews.com\\\/it\\\/programmi-buste-paga\\\/factorial-recensione\\\/\",\"name\":\"Factorial: recensione software buste paga - Accurate Reviews\",\"isPartOf\":{\"@id\":\"https:\\\/\\\/www.accuratereviews.com\\\/it\\\/#website\"},\"primaryImageOfPage\":{\"@id\":\"https:\\\/\\\/www.accuratereviews.com\\\/it\\\/programmi-buste-paga\\\/factorial-recensione\\\/#primaryimage\"},\"image\":{\"@id\":\"https:\\\/\\\/www.accuratereviews.com\\\/it\\\/programmi-buste-paga\\\/factorial-recensione\\\/#primaryimage\"},\"thumbnailUrl\":\"https:\\\/\\\/www.accuratereviews.com\\\/wp-content\\\/uploads\\\/2025\\\/08\\\/Progetto-senza-titolo-10.png\",\"datePublished\":\"2021-03-19T13:49:50+00:00\",\"dateModified\":\"2025-08-07T13:18:48+00:00\",\"description\":\"Factorial: recensione del software per i team delle risorse umane, sviluppato per migliorare la gestione dell'azienda.\",\"breadcrumb\":{\"@id\":\"https:\\\/\\\/www.accuratereviews.com\\\/it\\\/programmi-buste-paga\\\/factorial-recensione\\\/#breadcrumb\"},\"inLanguage\":\"it-IT\",\"potentialAction\":[{\"@type\":\"ReadAction\",\"target\":[\"https:\\\/\\\/www.accuratereviews.com\\\/it\\\/programmi-buste-paga\\\/factorial-recensione\\\/\"]}]},{\"@type\":\"ImageObject\",\"inLanguage\":\"it-IT\",\"@id\":\"https:\\\/\\\/www.accuratereviews.com\\\/it\\\/programmi-buste-paga\\\/factorial-recensione\\\/#primaryimage\",\"url\":\"https:\\\/\\\/www.accuratereviews.com\\\/wp-content\\\/uploads\\\/2025\\\/08\\\/Progetto-senza-titolo-10.png\",\"contentUrl\":\"https:\\\/\\\/www.accuratereviews.com\\\/wp-content\\\/uploads\\\/2025\\\/08\\\/Progetto-senza-titolo-10.png\",\"width\":1434,\"height\":535},{\"@type\":\"BreadcrumbList\",\"@id\":\"https:\\\/\\\/www.accuratereviews.com\\\/it\\\/programmi-buste-paga\\\/factorial-recensione\\\/#breadcrumb\",\"itemListElement\":[{\"@type\":\"ListItem\",\"position\":1,\"name\":\"Home\",\"item\":\"https:\\\/\\\/www.accuratereviews.com\\\/it\\\/\"},{\"@type\":\"ListItem\",\"position\":2,\"name\":\"Programmi per buste paga\",\"item\":\"https:\\\/\\\/www.accuratereviews.com\\\/it\\\/programmi-buste-paga\\\/\"},{\"@type\":\"ListItem\",\"position\":3,\"name\":\"Factorial\"}]},{\"@type\":\"WebSite\",\"@id\":\"https:\\\/\\\/www.accuratereviews.com\\\/it\\\/#website\",\"url\":\"https:\\\/\\\/www.accuratereviews.com\\\/it\\\/\",\"name\":\"Accurate Reviews\",\"description\":\"\",\"potentialAction\":[{\"@type\":\"SearchAction\",\"target\":{\"@type\":\"EntryPoint\",\"urlTemplate\":\"https:\\\/\\\/www.accuratereviews.com\\\/it\\\/?s={search_term_string}\"},\"query-input\":{\"@type\":\"PropertyValueSpecification\",\"valueRequired\":true,\"valueName\":\"search_term_string\"}}],\"inLanguage\":\"it-IT\"}]}<\/script>\n<!-- \/ Yoast SEO plugin. -->","yoast_head_json":{"title":"Factorial: recensione software buste paga - Accurate Reviews","description":"Factorial: recensione del software per i team delle risorse umane, sviluppato per migliorare la gestione dell'azienda.","robots":{"index":"index","follow":"follow","max-snippet":"max-snippet:-1","max-image-preview":"max-image-preview:large","max-video-preview":"max-video-preview:-1"},"canonical":"https:\/\/www.accuratereviews.com\/it\/programmi-buste-paga\/factorial-recensione\/","og_locale":"it_IT","og_type":"article","og_title":"Factorial: recensione software buste paga - Accurate Reviews","og_description":"Factorial: recensione del software per i team delle risorse umane, sviluppato per migliorare la gestione dell'azienda.","og_url":"https:\/\/www.accuratereviews.com\/it\/programmi-buste-paga\/factorial-recensione\/","og_site_name":"Accurate Reviews","article_modified_time":"2025-08-07T13:18:48+00:00","og_image":[{"width":1434,"height":535,"url":"https:\/\/www.accuratereviews.com\/wp-content\/uploads\/2025\/08\/Progetto-senza-titolo-10.png","type":"image\/png"}],"twitter_card":"summary_large_image","twitter_misc":{"Tempo di lettura stimato":"4 minuti"},"schema":{"@context":"https:\/\/schema.org","@graph":[{"@type":"WebPage","@id":"https:\/\/www.accuratereviews.com\/it\/programmi-buste-paga\/factorial-recensione\/","url":"https:\/\/www.accuratereviews.com\/it\/programmi-buste-paga\/factorial-recensione\/","name":"Factorial: recensione software buste paga - Accurate Reviews","isPartOf":{"@id":"https:\/\/www.accuratereviews.com\/it\/#website"},"primaryImageOfPage":{"@id":"https:\/\/www.accuratereviews.com\/it\/programmi-buste-paga\/factorial-recensione\/#primaryimage"},"image":{"@id":"https:\/\/www.accuratereviews.com\/it\/programmi-buste-paga\/factorial-recensione\/#primaryimage"},"thumbnailUrl":"https:\/\/www.accuratereviews.com\/wp-content\/uploads\/2025\/08\/Progetto-senza-titolo-10.png","datePublished":"2021-03-19T13:49:50+00:00","dateModified":"2025-08-07T13:18:48+00:00","description":"Factorial: recensione del software per i team delle risorse umane, sviluppato per migliorare la gestione dell'azienda.","breadcrumb":{"@id":"https:\/\/www.accuratereviews.com\/it\/programmi-buste-paga\/factorial-recensione\/#breadcrumb"},"inLanguage":"it-IT","potentialAction":[{"@type":"ReadAction","target":["https:\/\/www.accuratereviews.com\/it\/programmi-buste-paga\/factorial-recensione\/"]}]},{"@type":"ImageObject","inLanguage":"it-IT","@id":"https:\/\/www.accuratereviews.com\/it\/programmi-buste-paga\/factorial-recensione\/#primaryimage","url":"https:\/\/www.accuratereviews.com\/wp-content\/uploads\/2025\/08\/Progetto-senza-titolo-10.png","contentUrl":"https:\/\/www.accuratereviews.com\/wp-content\/uploads\/2025\/08\/Progetto-senza-titolo-10.png","width":1434,"height":535},{"@type":"BreadcrumbList","@id":"https:\/\/www.accuratereviews.com\/it\/programmi-buste-paga\/factorial-recensione\/#breadcrumb","itemListElement":[{"@type":"ListItem","position":1,"name":"Home","item":"https:\/\/www.accuratereviews.com\/it\/"},{"@type":"ListItem","position":2,"name":"Programmi per buste paga","item":"https:\/\/www.accuratereviews.com\/it\/programmi-buste-paga\/"},{"@type":"ListItem","position":3,"name":"Factorial"}]},{"@type":"WebSite","@id":"https:\/\/www.accuratereviews.com\/it\/#website","url":"https:\/\/www.accuratereviews.com\/it\/","name":"Accurate Reviews","description":"","potentialAction":[{"@type":"SearchAction","target":{"@type":"EntryPoint","urlTemplate":"https:\/\/www.accuratereviews.com\/it\/?s={search_term_string}"},"query-input":{"@type":"PropertyValueSpecification","valueRequired":true,"valueName":"search_term_string"}}],"inLanguage":"it-IT"}]}},"_links":{"self":[{"href":"https:\/\/www.accuratereviews.com\/it\/wp-json\/wp\/v2\/pages\/38723","targetHints":{"allow":["GET"]}}],"collection":[{"href":"https:\/\/www.accuratereviews.com\/it\/wp-json\/wp\/v2\/pages"}],"about":[{"href":"https:\/\/www.accuratereviews.com\/it\/wp-json\/wp\/v2\/types\/page"}],"author":[{"embeddable":true,"href":"https:\/\/www.accuratereviews.com\/it\/wp-json\/wp\/v2\/users\/17"}],"replies":[{"embeddable":true,"href":"https:\/\/www.accuratereviews.com\/it\/wp-json\/wp\/v2\/comments?post=38723"}],"version-history":[{"count":9,"href":"https:\/\/www.accuratereviews.com\/it\/wp-json\/wp\/v2\/pages\/38723\/revisions"}],"predecessor-version":[{"id":96788,"href":"https:\/\/www.accuratereviews.com\/it\/wp-json\/wp\/v2\/pages\/38723\/revisions\/96788"}],"up":[{"embeddable":true,"href":"https:\/\/www.accuratereviews.com\/it\/wp-json\/wp\/v2\/pages\/38170"}],"wp:featuredmedia":[{"embeddable":true,"href":"https:\/\/www.accuratereviews.com\/it\/wp-json\/wp\/v2\/media\/96784"}],"wp:attachment":[{"href":"https:\/\/www.accuratereviews.com\/it\/wp-json\/wp\/v2\/media?parent=38723"}],"wp:term":[{"taxonomy":"category","embeddable":true,"href":"https:\/\/www.accuratereviews.com\/it\/wp-json\/wp\/v2\/categories?post=38723"},{"taxonomy":"post_tag","embeddable":true,"href":"https:\/\/www.accuratereviews.com\/it\/wp-json\/wp\/v2\/tags?post=38723"},{"taxonomy":"features","embeddable":true,"href":"https:\/\/www.accuratereviews.com\/it\/wp-json\/wp\/v2\/features?post=38723"}],"curies":[{"name":"wp","href":"https:\/\/api.w.org\/{rel}","templated":true}]}}