{"id":38753,"date":"2021-03-21T21:07:42","date_gmt":"2021-03-21T21:07:42","guid":{"rendered":"https:\/\/www.accuratereviews.com\/?page_id=38753"},"modified":"2021-04-28T11:07:51","modified_gmt":"2021-04-28T11:07:51","slug":"payrollpanda-recensione","status":"publish","type":"page","link":"https:\/\/www.accuratereviews.com\/it\/programmi-buste-paga\/payrollpanda-recensione\/","title":{"rendered":"PayrollPanda"},"content":{"rendered":"<p><strong>PayrollPanda<\/strong> \u00e8 una soluzione per la <strong>gestione delle buste paga<\/strong> che permette a tutte le imprese di aumentare la loro produttivit\u00e0 consentendo di risparmiare tempo e concentrarsi maggiormente sulla propria attivit\u00e0. L&#8217;obiettivo \u00e8 offrire un accesso semplice e diretto al libro paga da qualsiasi dispositivo desktop ovunque e in qualsiasi momento. Costituito da un crittografia SSL, questo <strong>software per buste paga<\/strong> risulta sicuro e provvisto di un&#8217;interfaccia user-friendly che non richiede alcuna formazione, consentendone l&#8217;utilizzo a tutti i tipi di utenti.<\/p>\n<h2>PAYROLLPANDA &#8211; TUTORIAL<\/h2>\n<p>Ecco un video che ci mostra come funziona questo programma:<\/p>\n<div id=\"fluid-wrapper-counter-1\" class=\"g1-fluid-wrapper \" style=\"width:686px;\">\n<div style=\"padding-bottom:56.268221574344%;\"><iframe loading=\"lazy\" title=\"Walkthrough Video PayrollPanda\" width=\"686\" height=\"386\" src=\"https:\/\/www.youtube.com\/embed\/aEm-40HyYsQ?feature=oembed&amp;wmode=transparent&amp;autohide=1&amp;autoplay=0&amp;disablekb=0&amp;fs=1&amp;loop=0&amp;enablejsapi=1&amp;rel=0&amp;controls=2&amp;showinfo=0&amp;wmode=transparent&amp;autohide=2&amp;autoplay=0&amp;disablekb=0&amp;fs=1&amp;loop=0&amp;enablejsapi=1&amp;rel=0&amp;controls=2&amp;showinfo=1\" frameborder=\"0\" allow=\"accelerometer; autoplay; clipboard-write; encrypted-media; gyroscope; picture-in-picture\" allowfullscreen><\/iframe><\/div>\n<\/div>\n<h3>PAYROLLPANDA &#8211; CARATTERISTICHE<\/h3>\n<ul>\n<li><strong>Gestione buste paga mensile<\/strong>: genera e paga buste paga, report e moduli<\/li>\n<li><strong>Generazione della forma statutaria<\/strong>: generazione automatica del modulo mensile e di fine anno (E\/EA)<\/li>\n<li><strong>Integrazioni bancarie<\/strong>: procedi con i pagamenti all&#8217;ingrosso ai tuoi dipendenti e agli organismi statutari<\/li>\n<li><strong>Gestione personale<\/strong>: applica e approva il congedo con il clic di un pulsante<\/li>\n<li><strong>Self-service dei dipendenti (ESS)<\/strong>: il personale pu\u00f2 richiedere un congedo, controllare la relativa assegnazione e visualizzare le busta paga<\/li>\n<li><strong>Sistema di analisi<\/strong>: genera un riepilogo delle buste paga e i report personalizzati<\/li>\n<li><strong>Centro assistenza PayRoll<\/strong>: supporto gratuito per il cliente in diretta in-app.<\/li>\n<\/ul>\n<h4>LE RECENSIONI DEGLI UTENTI<\/h4>\n<p><strong>Khaddraa R. &#8220;Feedback&#8221;<\/strong><br \/>\nPro: mi piace l&#8217;interfaccia. Look molto minimalista, moderno e user friendly. Assistenza clienti tramite la chat molto reattiva.<br \/>\nCONTRO: il processo di backend deve essere migliorato. Abbiamo sempre problemi ogni volta che vogliamo eseguire il libro paga ogni mese. I problemi di arrotondamento sono sempre stati l\u00ec. Un buon avviso sull&#8217;errore percentuale per ogni costo (imposta statutaria, HRDF ecc.) sarebbe ottimo. Consentire la flessibilit\u00e0 in termini di data della data di eseguire il libro paga, cio\u00e8 l&#8217;opzione per funzionare prima del 15 del mese.<\/p>\n<p><strong>Amanda Z. &#8220;Assistenza clienti utile!&#8221;<\/strong><br \/>\nCommenti: ha reso la mia vita pi\u00f9 facile come un hr.<br \/>\nPro: il supporto clienti molto utile partecipa a tutte le domande in pochi minuti!<br \/>\nCONTRO: vorrei essere in grado di effettuare trasferimenti direttamente dall&#8217;applicazione.<\/p>\n<p><strong>Dithian S. &#8220;Eccezionale&#8221;<\/strong><br \/>\nCommenti: eccezionale e molto facile da usare<br \/>\nPro: la facilit\u00e0 d&#8217;uso e il modo in cui il software \u00e8 sincronizzato con i requisiti LHDN. Incredibile servizio clienti quando ho bisogno di assistenza.<br \/>\nCONTRO: a volte in cui ho provato a registrare un nuovo personale da un&#8217;altra societ\u00e0 che ha utilizzato anche Payroll Panda, non sono stato in grado di registrarmi con la stessa email. Il nuovo staff ha dovuto creare un nuovo ID e-mail per me per registrarmi sotto la mia azienda.<\/p>\n","protected":false},"excerpt":{"rendered":"<p>PayrollPanda \u00e8 una soluzione per la gestione delle buste paga che permette a tutte le imprese di aumentare la loro produttivit\u00e0 consentendo di risparmiare tempo e concentrarsi maggiormente sulla propria attivit\u00e0. L&#8217;obiettivo \u00e8 offrire un accesso semplice e diretto al libro paga da qualsiasi dispositivo desktop ovunque e in qualsiasi momento.<\/p>\n","protected":false},"author":17,"featured_media":38754,"parent":38170,"menu_order":0,"comment_status":"open","ping_status":"closed","template":"g1_template_page_review_new.php","meta":{"_acf_changed":false,"cwp_meta_box_check":"No","cwp_rev_product_name":"","cwp_rev_product_image":"","wppr_links":[],"cwp_rev_price":"","wppr_options":[],"wppr_pros":[],"wppr_cons":[],"_monsterinsights_skip_tracking":false,"_monsterinsights_sitenote_active":false,"_monsterinsights_sitenote_note":"","_monsterinsights_sitenote_category":0,"footnotes":""},"categories":[5273],"tags":[4499,4515,5415,5290,5289,5288,5287],"features":[],"class_list":{"0":"post-38753","1":"page","2":"type-page","3":"status-publish","4":"has-post-thumbnail","6":"category-programmi-buste-paga-categoria","7":"tag-buste-paga","8":"tag-gestione-buste-paga","9":"tag-payrollpanda","10":"tag-piattaforma-buste-paga","11":"tag-programma-buste-paga","12":"tag-software-buste-paga","13":"tag-soluzione-buste-paga"},"wppr_data":{"cwp_meta_box_check":"No"},"acf":[],"yoast_head":"<!-- This site is optimized with the Yoast SEO plugin v27.4 - https:\/\/yoast.com\/product\/yoast-seo-wordpress\/ -->\n<title>PayrollPanda: recensione programma buste paga - Accurate Reviews<\/title>\n<meta name=\"description\" content=\"PayrollPanda: recensione della soluzione per la gestione delle buste paga che permette a tutte le imprese di aumentare la loro produttivit\u00e0.\" \/>\n<meta name=\"robots\" content=\"index, follow, max-snippet:-1, max-image-preview:large, max-video-preview:-1\" \/>\n<link rel=\"canonical\" href=\"https:\/\/www.accuratereviews.com\/it\/programmi-buste-paga\/payrollpanda-recensione\/\" \/>\n<meta property=\"og:locale\" content=\"it_IT\" \/>\n<meta property=\"og:type\" content=\"article\" \/>\n<meta property=\"og:title\" content=\"PayrollPanda: recensione programma buste paga - Accurate Reviews\" \/>\n<meta property=\"og:description\" content=\"PayrollPanda: recensione della soluzione per la gestione delle buste paga che permette a tutte le imprese di aumentare la loro produttivit\u00e0.\" \/>\n<meta property=\"og:url\" content=\"https:\/\/www.accuratereviews.com\/it\/programmi-buste-paga\/payrollpanda-recensione\/\" \/>\n<meta property=\"og:site_name\" content=\"Accurate Reviews\" \/>\n<meta property=\"article:modified_time\" content=\"2021-04-28T11:07:51+00:00\" \/>\n<meta property=\"og:image\" content=\"https:\/\/www.accuratereviews.com\/wp-content\/uploads\/2021\/03\/595f01588521af175b3607b6_PP-logo.png\" \/>\n\t<meta property=\"og:image:width\" content=\"2296\" \/>\n\t<meta property=\"og:image:height\" content=\"376\" \/>\n\t<meta property=\"og:image:type\" content=\"image\/png\" \/>\n<meta name=\"twitter:card\" content=\"summary_large_image\" \/>\n<meta name=\"twitter:label1\" content=\"Tempo di lettura stimato\" \/>\n\t<meta name=\"twitter:data1\" content=\"2 minuti\" \/>\n<script type=\"application\/ld+json\" class=\"yoast-schema-graph\">{\"@context\":\"https:\\\/\\\/schema.org\",\"@graph\":[{\"@type\":\"WebPage\",\"@id\":\"https:\\\/\\\/www.accuratereviews.com\\\/it\\\/programmi-buste-paga\\\/payrollpanda-recensione\\\/\",\"url\":\"https:\\\/\\\/www.accuratereviews.com\\\/it\\\/programmi-buste-paga\\\/payrollpanda-recensione\\\/\",\"name\":\"PayrollPanda: recensione programma buste paga - Accurate Reviews\",\"isPartOf\":{\"@id\":\"https:\\\/\\\/www.accuratereviews.com\\\/it\\\/#website\"},\"primaryImageOfPage\":{\"@id\":\"https:\\\/\\\/www.accuratereviews.com\\\/it\\\/programmi-buste-paga\\\/payrollpanda-recensione\\\/#primaryimage\"},\"image\":{\"@id\":\"https:\\\/\\\/www.accuratereviews.com\\\/it\\\/programmi-buste-paga\\\/payrollpanda-recensione\\\/#primaryimage\"},\"thumbnailUrl\":\"https:\\\/\\\/www.accuratereviews.com\\\/wp-content\\\/uploads\\\/2021\\\/03\\\/595f01588521af175b3607b6_PP-logo.png\",\"datePublished\":\"2021-03-21T21:07:42+00:00\",\"dateModified\":\"2021-04-28T11:07:51+00:00\",\"description\":\"PayrollPanda: recensione della soluzione per la gestione delle buste paga che permette a tutte le imprese di aumentare la loro produttivit\u00e0.\",\"breadcrumb\":{\"@id\":\"https:\\\/\\\/www.accuratereviews.com\\\/it\\\/programmi-buste-paga\\\/payrollpanda-recensione\\\/#breadcrumb\"},\"inLanguage\":\"it-IT\",\"potentialAction\":[{\"@type\":\"ReadAction\",\"target\":[\"https:\\\/\\\/www.accuratereviews.com\\\/it\\\/programmi-buste-paga\\\/payrollpanda-recensione\\\/\"]}]},{\"@type\":\"ImageObject\",\"inLanguage\":\"it-IT\",\"@id\":\"https:\\\/\\\/www.accuratereviews.com\\\/it\\\/programmi-buste-paga\\\/payrollpanda-recensione\\\/#primaryimage\",\"url\":\"https:\\\/\\\/www.accuratereviews.com\\\/wp-content\\\/uploads\\\/2021\\\/03\\\/595f01588521af175b3607b6_PP-logo.png\",\"contentUrl\":\"https:\\\/\\\/www.accuratereviews.com\\\/wp-content\\\/uploads\\\/2021\\\/03\\\/595f01588521af175b3607b6_PP-logo.png\",\"width\":2296,\"height\":376},{\"@type\":\"BreadcrumbList\",\"@id\":\"https:\\\/\\\/www.accuratereviews.com\\\/it\\\/programmi-buste-paga\\\/payrollpanda-recensione\\\/#breadcrumb\",\"itemListElement\":[{\"@type\":\"ListItem\",\"position\":1,\"name\":\"Home\",\"item\":\"https:\\\/\\\/www.accuratereviews.com\\\/it\\\/\"},{\"@type\":\"ListItem\",\"position\":2,\"name\":\"Programmi per buste paga\",\"item\":\"https:\\\/\\\/www.accuratereviews.com\\\/it\\\/programmi-buste-paga\\\/\"},{\"@type\":\"ListItem\",\"position\":3,\"name\":\"PayrollPanda\"}]},{\"@type\":\"WebSite\",\"@id\":\"https:\\\/\\\/www.accuratereviews.com\\\/it\\\/#website\",\"url\":\"https:\\\/\\\/www.accuratereviews.com\\\/it\\\/\",\"name\":\"Accurate Reviews\",\"description\":\"\",\"potentialAction\":[{\"@type\":\"SearchAction\",\"target\":{\"@type\":\"EntryPoint\",\"urlTemplate\":\"https:\\\/\\\/www.accuratereviews.com\\\/it\\\/?s={search_term_string}\"},\"query-input\":{\"@type\":\"PropertyValueSpecification\",\"valueRequired\":true,\"valueName\":\"search_term_string\"}}],\"inLanguage\":\"it-IT\"}]}<\/script>\n<!-- \/ Yoast SEO plugin. -->","yoast_head_json":{"title":"PayrollPanda: recensione programma buste paga - Accurate Reviews","description":"PayrollPanda: recensione della soluzione per la gestione delle buste paga che permette a tutte le imprese di aumentare la loro produttivit\u00e0.","robots":{"index":"index","follow":"follow","max-snippet":"max-snippet:-1","max-image-preview":"max-image-preview:large","max-video-preview":"max-video-preview:-1"},"canonical":"https:\/\/www.accuratereviews.com\/it\/programmi-buste-paga\/payrollpanda-recensione\/","og_locale":"it_IT","og_type":"article","og_title":"PayrollPanda: recensione programma buste paga - Accurate Reviews","og_description":"PayrollPanda: recensione della soluzione per la gestione delle buste paga che permette a tutte le imprese di aumentare la loro produttivit\u00e0.","og_url":"https:\/\/www.accuratereviews.com\/it\/programmi-buste-paga\/payrollpanda-recensione\/","og_site_name":"Accurate Reviews","article_modified_time":"2021-04-28T11:07:51+00:00","og_image":[{"width":2296,"height":376,"url":"https:\/\/www.accuratereviews.com\/wp-content\/uploads\/2021\/03\/595f01588521af175b3607b6_PP-logo.png","type":"image\/png"}],"twitter_card":"summary_large_image","twitter_misc":{"Tempo di lettura stimato":"2 minuti"},"schema":{"@context":"https:\/\/schema.org","@graph":[{"@type":"WebPage","@id":"https:\/\/www.accuratereviews.com\/it\/programmi-buste-paga\/payrollpanda-recensione\/","url":"https:\/\/www.accuratereviews.com\/it\/programmi-buste-paga\/payrollpanda-recensione\/","name":"PayrollPanda: recensione programma buste paga - Accurate Reviews","isPartOf":{"@id":"https:\/\/www.accuratereviews.com\/it\/#website"},"primaryImageOfPage":{"@id":"https:\/\/www.accuratereviews.com\/it\/programmi-buste-paga\/payrollpanda-recensione\/#primaryimage"},"image":{"@id":"https:\/\/www.accuratereviews.com\/it\/programmi-buste-paga\/payrollpanda-recensione\/#primaryimage"},"thumbnailUrl":"https:\/\/www.accuratereviews.com\/wp-content\/uploads\/2021\/03\/595f01588521af175b3607b6_PP-logo.png","datePublished":"2021-03-21T21:07:42+00:00","dateModified":"2021-04-28T11:07:51+00:00","description":"PayrollPanda: recensione della soluzione per la gestione delle buste paga che permette a tutte le imprese di aumentare la loro produttivit\u00e0.","breadcrumb":{"@id":"https:\/\/www.accuratereviews.com\/it\/programmi-buste-paga\/payrollpanda-recensione\/#breadcrumb"},"inLanguage":"it-IT","potentialAction":[{"@type":"ReadAction","target":["https:\/\/www.accuratereviews.com\/it\/programmi-buste-paga\/payrollpanda-recensione\/"]}]},{"@type":"ImageObject","inLanguage":"it-IT","@id":"https:\/\/www.accuratereviews.com\/it\/programmi-buste-paga\/payrollpanda-recensione\/#primaryimage","url":"https:\/\/www.accuratereviews.com\/wp-content\/uploads\/2021\/03\/595f01588521af175b3607b6_PP-logo.png","contentUrl":"https:\/\/www.accuratereviews.com\/wp-content\/uploads\/2021\/03\/595f01588521af175b3607b6_PP-logo.png","width":2296,"height":376},{"@type":"BreadcrumbList","@id":"https:\/\/www.accuratereviews.com\/it\/programmi-buste-paga\/payrollpanda-recensione\/#breadcrumb","itemListElement":[{"@type":"ListItem","position":1,"name":"Home","item":"https:\/\/www.accuratereviews.com\/it\/"},{"@type":"ListItem","position":2,"name":"Programmi per buste paga","item":"https:\/\/www.accuratereviews.com\/it\/programmi-buste-paga\/"},{"@type":"ListItem","position":3,"name":"PayrollPanda"}]},{"@type":"WebSite","@id":"https:\/\/www.accuratereviews.com\/it\/#website","url":"https:\/\/www.accuratereviews.com\/it\/","name":"Accurate Reviews","description":"","potentialAction":[{"@type":"SearchAction","target":{"@type":"EntryPoint","urlTemplate":"https:\/\/www.accuratereviews.com\/it\/?s={search_term_string}"},"query-input":{"@type":"PropertyValueSpecification","valueRequired":true,"valueName":"search_term_string"}}],"inLanguage":"it-IT"}]}},"_links":{"self":[{"href":"https:\/\/www.accuratereviews.com\/it\/wp-json\/wp\/v2\/pages\/38753","targetHints":{"allow":["GET"]}}],"collection":[{"href":"https:\/\/www.accuratereviews.com\/it\/wp-json\/wp\/v2\/pages"}],"about":[{"href":"https:\/\/www.accuratereviews.com\/it\/wp-json\/wp\/v2\/types\/page"}],"author":[{"embeddable":true,"href":"https:\/\/www.accuratereviews.com\/it\/wp-json\/wp\/v2\/users\/17"}],"replies":[{"embeddable":true,"href":"https:\/\/www.accuratereviews.com\/it\/wp-json\/wp\/v2\/comments?post=38753"}],"version-history":[{"count":2,"href":"https:\/\/www.accuratereviews.com\/it\/wp-json\/wp\/v2\/pages\/38753\/revisions"}],"predecessor-version":[{"id":41256,"href":"https:\/\/www.accuratereviews.com\/it\/wp-json\/wp\/v2\/pages\/38753\/revisions\/41256"}],"up":[{"embeddable":true,"href":"https:\/\/www.accuratereviews.com\/it\/wp-json\/wp\/v2\/pages\/38170"}],"wp:featuredmedia":[{"embeddable":true,"href":"https:\/\/www.accuratereviews.com\/it\/wp-json\/wp\/v2\/media\/38754"}],"wp:attachment":[{"href":"https:\/\/www.accuratereviews.com\/it\/wp-json\/wp\/v2\/media?parent=38753"}],"wp:term":[{"taxonomy":"category","embeddable":true,"href":"https:\/\/www.accuratereviews.com\/it\/wp-json\/wp\/v2\/categories?post=38753"},{"taxonomy":"post_tag","embeddable":true,"href":"https:\/\/www.accuratereviews.com\/it\/wp-json\/wp\/v2\/tags?post=38753"},{"taxonomy":"features","embeddable":true,"href":"https:\/\/www.accuratereviews.com\/it\/wp-json\/wp\/v2\/features?post=38753"}],"curies":[{"name":"wp","href":"https:\/\/api.w.org\/{rel}","templated":true}]}}