{"id":38838,"date":"2021-03-23T11:36:54","date_gmt":"2021-03-23T11:36:54","guid":{"rendered":"https:\/\/www.accuratereviews.com\/?page_id=38838"},"modified":"2021-04-23T12:42:09","modified_gmt":"2021-04-23T12:42:09","slug":"canvas-recensione","status":"publish","type":"page","link":"https:\/\/www.accuratereviews.com\/it\/software-universita\/canvas-recensione\/","title":{"rendered":"Canvas"},"content":{"rendered":"<p><strong>Canvas<\/strong> \u00e8 una\u00a0applicazione basata su <strong>cloud open source<\/strong> che include strumenti di apprendimento per il coinvolgimento di insegnanti e studenti. Il software consente agli insegnanti di far appassionare i propri studenti a lezioni scolastiche con strumenti di apprendimento e collaborazione basati su video interattivi. La funzione MasteryPaths aiuta a differenziare i percorsi di apprendimento degli studenti in modo efficiente. La piattaforma \u00e8 disponibile per desktop e dispositivi mobili e disponibile sui sistemi operativi Apple, Microsoft o Linux. Poich\u00e9 la creazione di un&#8217;esperienza educativa vera e coinvolgente varia da persona a persona e da istituzione a istituzione, Canvas viene offerto tramite piani personalizzati basati su preventivi.<\/p>\n<h2>CANVAS &#8211; TUTORIAL<\/h2>\n<p>Il tutorial che segue con i sottotitoli in italiano insegna come creare corsi per i propri studenti utilizzando questo <strong>software per universit\u00e0<\/strong>:<\/p>\n<div id=\"fluid-wrapper-counter-1\" class=\"g1-fluid-wrapper \" style=\"width:686px;\">\n<div style=\"padding-bottom:56.268221574344%;\"><iframe loading=\"lazy\" title=\"Canvas LMS Tutorial - Using Modules to Build a Course\" width=\"515\" height=\"386\" src=\"https:\/\/www.youtube.com\/embed\/SjRufr1AR_o?feature=oembed&amp;wmode=transparent&amp;autohide=1&amp;autoplay=0&amp;disablekb=0&amp;fs=1&amp;loop=0&amp;enablejsapi=1&amp;rel=0&amp;controls=2&amp;showinfo=0&amp;wmode=transparent&amp;autohide=2&amp;autoplay=0&amp;disablekb=0&amp;fs=1&amp;loop=0&amp;enablejsapi=1&amp;rel=0&amp;controls=2&amp;showinfo=1\" frameborder=\"0\" allow=\"accelerometer; autoplay; clipboard-write; encrypted-media; gyroscope; picture-in-picture\" allowfullscreen><\/iframe><\/div>\n<\/div>\n<h3>CANVAS &#8211; CARATTERISTICHE<\/h3>\n<ul>\n<li><strong>Tutto in un unico posto<\/strong>: contenuti del corso coinvolgenti con quiz, voti, dati e approfondimenti. Interazione degli studenti con educatori e colleghi. Pronto a supportare l&#8217;apprendimento di persona, online e misto<\/li>\n<li><strong>Accessibilit\u00e0 totale<\/strong>: la soluzione garantisce che sia gli studenti che gli istruttori abbiano accesso a tutto ci\u00f2 di cui hanno bisogno in un unico posto<\/li>\n<li><strong>Consegna immediata dei contenuti<\/strong>: carica e condividi rapidamente le informazioni sul corso in modo accattivanti<\/li>\n<li><strong>Apprendimento mobile:<\/strong>\u00a0offre applicazioni mobili leader del settore combinate con un design reattivo completo per un&#8217;accessibilit\u00e0 senza pari e la garanzia che il tuo istituto possa raggiungere tutti gli studenti<\/li>\n<li><strong>Feedback mirato con annotazioni:<\/strong> usa le rubriche per il punteggio e condividi commenti tramite video. Aggiungi i voti al registro e crea rapidamente rapporti potenti e fruibili sui progressi degli studenti<\/li>\n<li><strong>Dimensioni file illimitate<\/strong>: raccogli l&#8217;audio, le immagini e i video che desideri per arricchire le esperienze di apprendimento degli studenti<\/li>\n<li><strong>Ottieni approfondimenti:<\/strong> l&#8217;analisi dei corsi fornisce dati che possono aiutarti ad aumentare il coinvolgimento degli studenti offrendo approfondimenti su come gli studenti interagiscono con i materiali del corso.<\/li>\n<\/ul>\n<h4>LE RECENSIONI DEGLI UTENTI<\/h4>\n<p class=\"font-weight-bold mb-1 d-flex align-items-center\"><strong>James A.&#8221;Il mio LMS accademico preferito&#8221;<\/strong><\/p>\n<p><strong>Pro: <\/strong>Ci sono cos\u00ec tante cose fantastiche su Canvas LMS. Si tratta ovviamente di adattamento, quindi non lo userei mai per L&amp;D aziendale &#8230; ma come LMS accademico, \u00e8 al top. Adoro i forum della community (puoi trovare aiuto per qualsiasi cosa) e i numerosi strumenti 1) forniti da Canvas o, 2) si integrano perfettamente con Canvas. Mi piace anche la facilit\u00e0 d&#8217;uso. All&#8217;inizio potrebbe sembrare travolgente, ma imparare a costruire e amministrare corsi su Canvas diventa pi\u00f9 facile di giorno in giorno. Quindi all&#8217;inizio pu\u00f2 sembrare difficile, ma resta fedele! Diventa molto pi\u00f9 facile &#8211; rapidamente!<\/p>\n<p><strong>Contro: <\/strong>Per migliorarne l&#8217;aspetto, senza assumere un team di grafici, \u00e8 necessario utilizzare un servizio di progettazione che si integra con Canvas.<\/p>\n<p class=\"font-weight-bold mb-1 d-flex align-items-center\"><strong>Sasha P.&#8221;Canvas rende possibile il college online&#8221;<\/strong><\/p>\n<p><strong>Commenti: <\/strong>Canvas ha reso il college online molto pi\u00f9 semplice. Covid19 ha portato molta incertezza, ma Canvas ha fatto in modo che le nostre classi rimanessero le stesse, anche meglio. Ci ha aiutato a rimanere organizzati e connessi.<\/p>\n<p><strong>Pro: <\/strong>Mi piace avere un programma interattivo con la funzione &#8220;Moduli&#8221;. Le lezioni online sono molto pi\u00f9 accessibili grazie per tutto quello che fai!<\/p>\n<p><strong>Contro: <\/strong>Onestamente non ho nulla di negativo da dire su Canvas. Lo uso quotidianamente e lo consiglierei ad altri su Moodle ogni giorno. Una cosa che vorrei vedere \u00e8 che le &#8220;Discussioni&#8221; fossero pi\u00f9 di uno stile di chat dal vivo!<\/p>\n<p class=\"font-weight-bold mb-1 d-flex align-items-center\"><strong>Anushreya G.&#8221;Recensione Canvas&#8221;<\/strong><\/p>\n<p><strong>Commenti: <\/strong>Utile per avere tutti i corsi in un unico posto. Molti tipi di file diversi accettati \/ disponibili. L&#8217;ordine dei corsi dovrebbe essere cronologico inverso con gli ultimi corsi in cima.<\/p>\n<p><strong>Pro: <\/strong>\u00c8 molto facile da usare. Ho tutti i miei corsi elencati in un unico posto. Spostarsi tra tutte le opzioni all&#8217;interno di un corso \u00e8 semplice.<\/p>\n<p><strong>Contro: <\/strong>Per gli istruttori, i file e i caricamenti dei compiti vengono persi poich\u00e9 devono essere pubblicati E pubblicati separatamente. I corsi sono disponibili in ordine cronologico con gli ultimi corsi in fondo. Per accedere ai corsi correnti, devo scorrere fino in fondo e questa non \u00e8 una funzione regolabile.<\/p>\n","protected":false},"excerpt":{"rendered":"<p>Canvas \u00e8 una\u00a0applicazione basata su cloud open source\u00a0che include strumenti di apprendimento per il coinvolgimento di insegnanti e studenti. Il software consente agli insegnanti di far appassionare i propri studenti a lezioni scolastiche con strumenti di apprendimento e collaborazione basati su video interattivi.<\/p>\n","protected":false},"author":19,"featured_media":38841,"parent":38766,"menu_order":0,"comment_status":"open","ping_status":"closed","template":"g1_template_page_review_new.php","meta":{"_acf_changed":false,"cwp_meta_box_check":"Yes","cwp_rev_product_name":"","cwp_rev_product_image":"","wppr_links":[],"cwp_rev_price":"","wppr_options":[],"wppr_pros":[],"wppr_cons":[],"_monsterinsights_skip_tracking":false,"_monsterinsights_sitenote_active":false,"_monsterinsights_sitenote_note":"","_monsterinsights_sitenote_category":0,"footnotes":""},"categories":[5417],"tags":[5448,5447,5446,5420,5422],"features":[],"class_list":{"0":"post-38838","1":"page","2":"type-page","3":"status-publish","4":"has-post-thumbnail","6":"category-software-universita-categoria","7":"tag-canvas","8":"tag-piattaforma-per-universita","9":"tag-programma-per-univerita","10":"tag-software-per-universita","11":"tag-soluzione-per-universita"},"wppr_data":{"cwp_meta_box_check":"Yes","cwp_rev_product_name":"","cwp_rev_product_image":"","cwp_image_link":"image","cwp_rev_price":"","wppr_rating":"0.00"},"acf":[],"yoast_head":"<!-- This site is optimized with the Yoast SEO plugin v27.4 - https:\/\/yoast.com\/product\/yoast-seo-wordpress\/ -->\n<title>Canvas: recensione software universit\u00e0 - Accurate Reviews<\/title>\n<meta name=\"description\" content=\"Canvas: recensione applicazione basata su cloud che include strumenti di apprendimento per il coinvolgimento di insegnanti e studenti.\" \/>\n<meta name=\"robots\" content=\"index, follow, max-snippet:-1, max-image-preview:large, max-video-preview:-1\" \/>\n<link rel=\"canonical\" href=\"https:\/\/www.accuratereviews.com\/it\/software-universita\/canvas-recensione\/\" \/>\n<meta property=\"og:locale\" content=\"it_IT\" \/>\n<meta property=\"og:type\" content=\"article\" \/>\n<meta property=\"og:title\" content=\"Canvas: recensione software universit\u00e0 - Accurate Reviews\" \/>\n<meta property=\"og:description\" content=\"Canvas: recensione applicazione basata su cloud che include strumenti di apprendimento per il coinvolgimento di insegnanti e studenti.\" \/>\n<meta property=\"og:url\" content=\"https:\/\/www.accuratereviews.com\/it\/software-universita\/canvas-recensione\/\" \/>\n<meta property=\"og:site_name\" content=\"Accurate Reviews\" \/>\n<meta property=\"article:modified_time\" content=\"2021-04-23T12:42:09+00:00\" \/>\n<meta property=\"og:image\" content=\"https:\/\/www.accuratereviews.com\/wp-content\/uploads\/2021\/03\/Canvas.png\" \/>\n\t<meta property=\"og:image:width\" content=\"355\" \/>\n\t<meta property=\"og:image:height\" content=\"325\" \/>\n\t<meta property=\"og:image:type\" content=\"image\/png\" \/>\n<meta name=\"twitter:card\" content=\"summary_large_image\" \/>\n<meta name=\"twitter:label1\" content=\"Tempo di lettura stimato\" \/>\n\t<meta name=\"twitter:data1\" content=\"3 minuti\" \/>\n<script type=\"application\/ld+json\" class=\"yoast-schema-graph\">{\"@context\":\"https:\\\/\\\/schema.org\",\"@graph\":[{\"@type\":\"WebPage\",\"@id\":\"https:\\\/\\\/www.accuratereviews.com\\\/it\\\/software-universita\\\/canvas-recensione\\\/\",\"url\":\"https:\\\/\\\/www.accuratereviews.com\\\/it\\\/software-universita\\\/canvas-recensione\\\/\",\"name\":\"Canvas: recensione software universit\u00e0 - Accurate Reviews\",\"isPartOf\":{\"@id\":\"https:\\\/\\\/www.accuratereviews.com\\\/it\\\/#website\"},\"primaryImageOfPage\":{\"@id\":\"https:\\\/\\\/www.accuratereviews.com\\\/it\\\/software-universita\\\/canvas-recensione\\\/#primaryimage\"},\"image\":{\"@id\":\"https:\\\/\\\/www.accuratereviews.com\\\/it\\\/software-universita\\\/canvas-recensione\\\/#primaryimage\"},\"thumbnailUrl\":\"https:\\\/\\\/www.accuratereviews.com\\\/wp-content\\\/uploads\\\/2021\\\/03\\\/Canvas.png\",\"datePublished\":\"2021-03-23T11:36:54+00:00\",\"dateModified\":\"2021-04-23T12:42:09+00:00\",\"description\":\"Canvas: recensione applicazione basata su cloud che include strumenti di apprendimento per il coinvolgimento di insegnanti e studenti.\",\"breadcrumb\":{\"@id\":\"https:\\\/\\\/www.accuratereviews.com\\\/it\\\/software-universita\\\/canvas-recensione\\\/#breadcrumb\"},\"inLanguage\":\"it-IT\",\"potentialAction\":[{\"@type\":\"ReadAction\",\"target\":[\"https:\\\/\\\/www.accuratereviews.com\\\/it\\\/software-universita\\\/canvas-recensione\\\/\"]}]},{\"@type\":\"ImageObject\",\"inLanguage\":\"it-IT\",\"@id\":\"https:\\\/\\\/www.accuratereviews.com\\\/it\\\/software-universita\\\/canvas-recensione\\\/#primaryimage\",\"url\":\"https:\\\/\\\/www.accuratereviews.com\\\/wp-content\\\/uploads\\\/2021\\\/03\\\/Canvas.png\",\"contentUrl\":\"https:\\\/\\\/www.accuratereviews.com\\\/wp-content\\\/uploads\\\/2021\\\/03\\\/Canvas.png\",\"width\":355,\"height\":325},{\"@type\":\"BreadcrumbList\",\"@id\":\"https:\\\/\\\/www.accuratereviews.com\\\/it\\\/software-universita\\\/canvas-recensione\\\/#breadcrumb\",\"itemListElement\":[{\"@type\":\"ListItem\",\"position\":1,\"name\":\"Home\",\"item\":\"https:\\\/\\\/www.accuratereviews.com\\\/it\\\/\"},{\"@type\":\"ListItem\",\"position\":2,\"name\":\"Software per universit\u00e0\",\"item\":\"https:\\\/\\\/www.accuratereviews.com\\\/it\\\/software-universita\\\/\"},{\"@type\":\"ListItem\",\"position\":3,\"name\":\"Canvas\"}]},{\"@type\":\"WebSite\",\"@id\":\"https:\\\/\\\/www.accuratereviews.com\\\/it\\\/#website\",\"url\":\"https:\\\/\\\/www.accuratereviews.com\\\/it\\\/\",\"name\":\"Accurate Reviews\",\"description\":\"\",\"potentialAction\":[{\"@type\":\"SearchAction\",\"target\":{\"@type\":\"EntryPoint\",\"urlTemplate\":\"https:\\\/\\\/www.accuratereviews.com\\\/it\\\/?s={search_term_string}\"},\"query-input\":{\"@type\":\"PropertyValueSpecification\",\"valueRequired\":true,\"valueName\":\"search_term_string\"}}],\"inLanguage\":\"it-IT\"}]}<\/script>\n<!-- \/ Yoast SEO plugin. -->","yoast_head_json":{"title":"Canvas: recensione software universit\u00e0 - Accurate Reviews","description":"Canvas: recensione applicazione basata su cloud che include strumenti di apprendimento per il coinvolgimento di insegnanti e studenti.","robots":{"index":"index","follow":"follow","max-snippet":"max-snippet:-1","max-image-preview":"max-image-preview:large","max-video-preview":"max-video-preview:-1"},"canonical":"https:\/\/www.accuratereviews.com\/it\/software-universita\/canvas-recensione\/","og_locale":"it_IT","og_type":"article","og_title":"Canvas: recensione software universit\u00e0 - Accurate Reviews","og_description":"Canvas: recensione applicazione basata su cloud che include strumenti di apprendimento per il coinvolgimento di insegnanti e studenti.","og_url":"https:\/\/www.accuratereviews.com\/it\/software-universita\/canvas-recensione\/","og_site_name":"Accurate Reviews","article_modified_time":"2021-04-23T12:42:09+00:00","og_image":[{"width":355,"height":325,"url":"https:\/\/www.accuratereviews.com\/wp-content\/uploads\/2021\/03\/Canvas.png","type":"image\/png"}],"twitter_card":"summary_large_image","twitter_misc":{"Tempo di lettura stimato":"3 minuti"},"schema":{"@context":"https:\/\/schema.org","@graph":[{"@type":"WebPage","@id":"https:\/\/www.accuratereviews.com\/it\/software-universita\/canvas-recensione\/","url":"https:\/\/www.accuratereviews.com\/it\/software-universita\/canvas-recensione\/","name":"Canvas: recensione software universit\u00e0 - Accurate Reviews","isPartOf":{"@id":"https:\/\/www.accuratereviews.com\/it\/#website"},"primaryImageOfPage":{"@id":"https:\/\/www.accuratereviews.com\/it\/software-universita\/canvas-recensione\/#primaryimage"},"image":{"@id":"https:\/\/www.accuratereviews.com\/it\/software-universita\/canvas-recensione\/#primaryimage"},"thumbnailUrl":"https:\/\/www.accuratereviews.com\/wp-content\/uploads\/2021\/03\/Canvas.png","datePublished":"2021-03-23T11:36:54+00:00","dateModified":"2021-04-23T12:42:09+00:00","description":"Canvas: recensione applicazione basata su cloud che include strumenti di apprendimento per il coinvolgimento di insegnanti e studenti.","breadcrumb":{"@id":"https:\/\/www.accuratereviews.com\/it\/software-universita\/canvas-recensione\/#breadcrumb"},"inLanguage":"it-IT","potentialAction":[{"@type":"ReadAction","target":["https:\/\/www.accuratereviews.com\/it\/software-universita\/canvas-recensione\/"]}]},{"@type":"ImageObject","inLanguage":"it-IT","@id":"https:\/\/www.accuratereviews.com\/it\/software-universita\/canvas-recensione\/#primaryimage","url":"https:\/\/www.accuratereviews.com\/wp-content\/uploads\/2021\/03\/Canvas.png","contentUrl":"https:\/\/www.accuratereviews.com\/wp-content\/uploads\/2021\/03\/Canvas.png","width":355,"height":325},{"@type":"BreadcrumbList","@id":"https:\/\/www.accuratereviews.com\/it\/software-universita\/canvas-recensione\/#breadcrumb","itemListElement":[{"@type":"ListItem","position":1,"name":"Home","item":"https:\/\/www.accuratereviews.com\/it\/"},{"@type":"ListItem","position":2,"name":"Software per universit\u00e0","item":"https:\/\/www.accuratereviews.com\/it\/software-universita\/"},{"@type":"ListItem","position":3,"name":"Canvas"}]},{"@type":"WebSite","@id":"https:\/\/www.accuratereviews.com\/it\/#website","url":"https:\/\/www.accuratereviews.com\/it\/","name":"Accurate Reviews","description":"","potentialAction":[{"@type":"SearchAction","target":{"@type":"EntryPoint","urlTemplate":"https:\/\/www.accuratereviews.com\/it\/?s={search_term_string}"},"query-input":{"@type":"PropertyValueSpecification","valueRequired":true,"valueName":"search_term_string"}}],"inLanguage":"it-IT"}]}},"_links":{"self":[{"href":"https:\/\/www.accuratereviews.com\/it\/wp-json\/wp\/v2\/pages\/38838","targetHints":{"allow":["GET"]}}],"collection":[{"href":"https:\/\/www.accuratereviews.com\/it\/wp-json\/wp\/v2\/pages"}],"about":[{"href":"https:\/\/www.accuratereviews.com\/it\/wp-json\/wp\/v2\/types\/page"}],"author":[{"embeddable":true,"href":"https:\/\/www.accuratereviews.com\/it\/wp-json\/wp\/v2\/users\/19"}],"replies":[{"embeddable":true,"href":"https:\/\/www.accuratereviews.com\/it\/wp-json\/wp\/v2\/comments?post=38838"}],"version-history":[{"count":12,"href":"https:\/\/www.accuratereviews.com\/it\/wp-json\/wp\/v2\/pages\/38838\/revisions"}],"predecessor-version":[{"id":40866,"href":"https:\/\/www.accuratereviews.com\/it\/wp-json\/wp\/v2\/pages\/38838\/revisions\/40866"}],"up":[{"embeddable":true,"href":"https:\/\/www.accuratereviews.com\/it\/wp-json\/wp\/v2\/pages\/38766"}],"wp:featuredmedia":[{"embeddable":true,"href":"https:\/\/www.accuratereviews.com\/it\/wp-json\/wp\/v2\/media\/38841"}],"wp:attachment":[{"href":"https:\/\/www.accuratereviews.com\/it\/wp-json\/wp\/v2\/media?parent=38838"}],"wp:term":[{"taxonomy":"category","embeddable":true,"href":"https:\/\/www.accuratereviews.com\/it\/wp-json\/wp\/v2\/categories?post=38838"},{"taxonomy":"post_tag","embeddable":true,"href":"https:\/\/www.accuratereviews.com\/it\/wp-json\/wp\/v2\/tags?post=38838"},{"taxonomy":"features","embeddable":true,"href":"https:\/\/www.accuratereviews.com\/it\/wp-json\/wp\/v2\/features?post=38838"}],"curies":[{"name":"wp","href":"https:\/\/api.w.org\/{rel}","templated":true}]}}