{"id":38850,"date":"2021-03-23T11:41:46","date_gmt":"2021-03-23T11:41:46","guid":{"rendered":"https:\/\/www.accuratereviews.com\/?page_id=38850"},"modified":"2021-04-23T12:35:16","modified_gmt":"2021-04-23T12:35:16","slug":"safeshare-tv-recensione","status":"publish","type":"page","link":"https:\/\/www.accuratereviews.com\/it\/software-universita\/safeshare-tv-recensione\/","title":{"rendered":"SafeShare.tv"},"content":{"rendered":"<p><strong>SafeShare.tv<\/strong> \u00e8 un <strong>software per istruzione superiore<\/strong> che aiuta scuole e universit\u00e0, webmaster e operatori di marketing a guardare video su YouTube e Vimeo senza annotazioni, pubblicit\u00e0 o collegamenti. Il software consente agli insegnanti di modificare i video per visualizzarne una parte specifica e condividerla con le persone interessate tramite Google Classroom, email e social media incluso Facebook. Offre un modulo <strong>SafeViews<\/strong> che permette agli amministratori di modificare il titolo e la descrizione del video e restringere una banda specifica all&#8217;interno del video. La piattaforma consente ai manager di creare playlist personalizzate, registrare i dettagli di contatto e abbreviare le url. <strong>SafeShare.tv<\/strong> consente inoltre ai professionisti di rimuovere la scheda dei video suggeriti per evitare distrazioni. Il software fornisce anche una funzionalit\u00e0 di anteprima che permette agli amministratori di visualizzare il video modificato prima di condividerlo con le persone interessate.<\/p>\n<h2>SAFESHARE.TV &#8211; TUTORIAL<\/h2>\n<div class=\"FFpbKc\"><\/div>\n<div class=\"dePhmb\">\n<div class=\"eyKpYb\" data-language=\"it\" data-original-language=\"en\" data-result-index=\"0\">\n<div class=\"J0lOec\"><span class=\"VIiyi\" lang=\"it\"><span class=\"JLqJ4b ChMk0b\" data-language-for-alternatives=\"it\" data-language-to-translate-into=\"en\" data-phrase-index=\"0\">Lo scopo di questo video \u00e8 mostrarti come utilizzare uno strumento di condivisione video che riduce al minimo le distrazioni:\u00a0<\/span><\/span><\/div>\n<\/div>\n<div>\n<div id=\"fluid-wrapper-counter-1\" class=\"g1-fluid-wrapper \" style=\"width:686px;\"><div style=\"padding-bottom:56.268221574344%;\"><iframe loading=\"lazy\" title=\"SafeShare - Tutorial\" width=\"686\" height=\"386\" src=\"https:\/\/www.youtube.com\/embed\/Q7yw4Hz6JYs?feature=oembed&amp;wmode=transparent&amp;autohide=1&amp;autoplay=0&amp;disablekb=0&amp;fs=1&amp;loop=0&amp;enablejsapi=1&amp;rel=0&amp;controls=2&amp;showinfo=0&amp;wmode=transparent&amp;autohide=2&amp;autoplay=0&amp;disablekb=0&amp;fs=1&amp;loop=0&amp;enablejsapi=1&amp;rel=0&amp;controls=2&amp;showinfo=1\" frameborder=\"0\" allow=\"accelerometer; autoplay; clipboard-write; encrypted-media; gyroscope; picture-in-picture\" allowfullscreen><\/iframe><\/div><\/div>\n<h3>SAFESHARE.TV &#8211; CARATTERISTICHE<\/h3>\n<ul>\n<li>Guarda i video senza pubblicit\u00e0 e distrazioni<\/li>\n<li>Taglia i video per mostrare solo la parte che ti interessa<\/li>\n<li>Condividi direttamente su Google Classroom<\/li>\n<li>Controlla le impostazioni sulla privacy dei tuoi video<\/li>\n<li>Crea playlist, contatti e gruppi<\/li>\n<li>Genera url personalizzati \/ brevi<\/li>\n<\/ul>\n<h4>LE RECENSIONI DEGLI UTENTI<\/h4>\n<p class=\"font-weight-bold mb-1 d-flex align-items-center\"><strong>Clara M.&#8221;Un must per la classe&#8221;<\/strong><\/p>\n<p><strong>Commenti: <\/strong>SafeShare \u00e8 stata una risorsa inestimabile per la mia classe. La tranquillit\u00e0 che mi offre \u00e8 sorprendente.<\/p>\n<p><strong>Pro: <\/strong>La condivisione sicura \u00e8 un must per ogni classe. In particolare, classi pi\u00f9 giovani. In qualit\u00e0 di insegnante, voglio essere in grado di riprodurre brevi clip e video coinvolgenti per entusiasmare la mia classe per il contenuto. Tuttavia, non voglio preoccuparmi degli annunci che potrebbero apparire quando premo play.Safeshare consente di non doversi preoccupare! Nessuna pubblicit\u00e0 e visualizzazione sicura! Una vittoria!<\/p>\n<p><strong>Contro: <\/strong>Sfortunatamente, esiste un limite al numero di &#8220;video sicuri&#8221; che puoi salvare sul tuo account. Tuttavia, non ho usato questa funzione abbastanza spesso per evitare problemi.<\/p>\n<p class=\"font-weight-bold mb-1 d-flex align-items-center\"><strong>Roberta M.&#8221;Sicuro per gli studenti&#8221;<\/strong><\/p>\n<p><strong>Commenti: <\/strong>Ho conosciuto SafeShare in un seminario sulla tecnologia. Ne sono rimasto molto colpito. C&#8217;\u00e8 una grande quantit\u00e0 di video educativi su YouTube, ma gli annunci pubblicitari e i video suggeriti a destra hanno causato il blocco della maggior parte dei video dal mio filtro dei contenuti. Questo programma ti consente di mostrare solo ci\u00f2 a cui vuoi che gli studenti siano esposti, il che \u00e8 molto importante in una scuola conforme al CIPA.<\/p>\n<p><strong>Pro: <\/strong>Questo sito web consente agli insegnanti di utilizzare i video di YouTube senza la distrazione di annunci o spot pubblicitari in eccesso. Azzera sul video. Con un abbonamento a pagamento puoi salvare i tuoi video ripuliti nel tuo account. Mi piace che continuino a offrire la versione gratuita che consente una prova prima dell&#8217;acquisto.<\/p>\n<p><strong>Contro: <\/strong>Non c&#8217;\u00e8 davvero nulla che mi piaccia &#8220;meno&#8221; del software. \u00c8 facile da navigare e fa quello che dice di fare.<\/p>\n<p class=\"font-weight-bold mb-1 d-flex align-items-center\"><strong>Dawn M.&#8221;Uso limitato&#8221;<\/strong><\/p>\n<p><strong>Commenti: <\/strong>L&#8217;aspetto senza pubblicit\u00e0 e l&#8217;uso rapido sono un buon punto di forza, ma il numero limitato di video che possono essere salvati \u00e8 uno svantaggio.<\/p>\n<p><strong>Vantaggi: <\/strong>Mi piace quanto sia facile incollare l&#8217;URL di un video di YouTube e un video pulito e senza pubblicit\u00e0 \u00e8 immediatamente disponibile per l&#8217;uso.<\/p>\n<p><strong>Inconvenienti: <\/strong>C&#8217;\u00e8 un limite al servizio gratuito di video 2o. Come insegnante questo \u00e8 un vero svantaggio. Una volta trovato un buon video, voglio utilizzarlo l&#8217;anno successivo.<\/p>\n<p>&nbsp;<\/p>\n<\/div>\n<\/div>\n","protected":false},"excerpt":{"rendered":"<p>SafeShare.tv \u00e8 un software per istruzione superiore che aiuta scuole e universit\u00e0, webmaster e operatori di marketing a guardare video su YouTube e Vimeo senza annotazioni, pubblicit\u00e0 o collegamenti. Il software consente agli insegnanti di modificare i video per visualizzare una parte specifica e condividerla con le persone interessate tramite Google Classroom, email e social media incluso Facebook.\u00a0<\/p>\n","protected":false},"author":19,"featured_media":38873,"parent":38766,"menu_order":0,"comment_status":"open","ping_status":"closed","template":"g1_template_page_review_new.php","meta":{"_acf_changed":false,"cwp_meta_box_check":"Yes","cwp_rev_product_name":"","cwp_rev_product_image":"","wppr_links":[],"cwp_rev_price":"","wppr_options":[],"wppr_pros":[],"wppr_cons":[],"_monsterinsights_skip_tracking":false,"_monsterinsights_sitenote_active":false,"_monsterinsights_sitenote_note":"","_monsterinsights_sitenote_category":0,"footnotes":""},"categories":[5417],"tags":[5447,5421,5449,5420,5422],"features":[],"class_list":{"0":"post-38850","1":"page","2":"type-page","3":"status-publish","4":"has-post-thumbnail","6":"category-software-universita-categoria","7":"tag-piattaforma-per-universita","8":"tag-programma-per-universita","9":"tag-safeshare-tv","10":"tag-software-per-universita","11":"tag-soluzione-per-universita"},"wppr_data":{"cwp_meta_box_check":"Yes","cwp_rev_product_name":"","cwp_rev_product_image":"","cwp_image_link":"image","cwp_rev_price":"","wppr_rating":"0.00"},"acf":[],"yoast_head":"<!-- This site is optimized with the Yoast SEO plugin v27.4 - https:\/\/yoast.com\/product\/yoast-seo-wordpress\/ -->\n<title>SafeShare.tv: recensione software per universit\u00e0 - Accurate Reviews<\/title>\n<meta name=\"description\" content=\"SafeShare.tv: recensione software che aiuta scuole e universit\u00e0, webmaster e operatori di marketing a guardare video su YouTube e Vimeo.\" \/>\n<meta name=\"robots\" content=\"index, follow, max-snippet:-1, max-image-preview:large, max-video-preview:-1\" \/>\n<link rel=\"canonical\" href=\"https:\/\/www.accuratereviews.com\/it\/software-universita\/safeshare-tv-recensione\/\" \/>\n<meta property=\"og:locale\" content=\"it_IT\" \/>\n<meta property=\"og:type\" content=\"article\" \/>\n<meta property=\"og:title\" content=\"SafeShare.tv: recensione software per universit\u00e0 - Accurate Reviews\" \/>\n<meta property=\"og:description\" content=\"SafeShare.tv: recensione software che aiuta scuole e universit\u00e0, webmaster e operatori di marketing a guardare video su YouTube e Vimeo.\" \/>\n<meta property=\"og:url\" content=\"https:\/\/www.accuratereviews.com\/it\/software-universita\/safeshare-tv-recensione\/\" \/>\n<meta property=\"og:site_name\" content=\"Accurate Reviews\" \/>\n<meta property=\"article:modified_time\" content=\"2021-04-23T12:35:16+00:00\" \/>\n<meta property=\"og:image\" content=\"https:\/\/www.accuratereviews.com\/wp-content\/uploads\/2021\/03\/t7oiDrzU_400x400.jpg\" \/>\n\t<meta property=\"og:image:width\" content=\"400\" \/>\n\t<meta property=\"og:image:height\" content=\"400\" \/>\n\t<meta property=\"og:image:type\" content=\"image\/jpeg\" \/>\n<meta name=\"twitter:card\" content=\"summary_large_image\" \/>\n<meta name=\"twitter:label1\" content=\"Tempo di lettura stimato\" \/>\n\t<meta name=\"twitter:data1\" content=\"3 minuti\" \/>\n<script type=\"application\/ld+json\" class=\"yoast-schema-graph\">{\"@context\":\"https:\\\/\\\/schema.org\",\"@graph\":[{\"@type\":\"WebPage\",\"@id\":\"https:\\\/\\\/www.accuratereviews.com\\\/it\\\/software-universita\\\/safeshare-tv-recensione\\\/\",\"url\":\"https:\\\/\\\/www.accuratereviews.com\\\/it\\\/software-universita\\\/safeshare-tv-recensione\\\/\",\"name\":\"SafeShare.tv: recensione software per universit\u00e0 - Accurate Reviews\",\"isPartOf\":{\"@id\":\"https:\\\/\\\/www.accuratereviews.com\\\/it\\\/#website\"},\"primaryImageOfPage\":{\"@id\":\"https:\\\/\\\/www.accuratereviews.com\\\/it\\\/software-universita\\\/safeshare-tv-recensione\\\/#primaryimage\"},\"image\":{\"@id\":\"https:\\\/\\\/www.accuratereviews.com\\\/it\\\/software-universita\\\/safeshare-tv-recensione\\\/#primaryimage\"},\"thumbnailUrl\":\"https:\\\/\\\/www.accuratereviews.com\\\/wp-content\\\/uploads\\\/2021\\\/03\\\/t7oiDrzU_400x400.jpg\",\"datePublished\":\"2021-03-23T11:41:46+00:00\",\"dateModified\":\"2021-04-23T12:35:16+00:00\",\"description\":\"SafeShare.tv: recensione software che aiuta scuole e universit\u00e0, webmaster e operatori di marketing a guardare video su YouTube e Vimeo.\",\"breadcrumb\":{\"@id\":\"https:\\\/\\\/www.accuratereviews.com\\\/it\\\/software-universita\\\/safeshare-tv-recensione\\\/#breadcrumb\"},\"inLanguage\":\"it-IT\",\"potentialAction\":[{\"@type\":\"ReadAction\",\"target\":[\"https:\\\/\\\/www.accuratereviews.com\\\/it\\\/software-universita\\\/safeshare-tv-recensione\\\/\"]}]},{\"@type\":\"ImageObject\",\"inLanguage\":\"it-IT\",\"@id\":\"https:\\\/\\\/www.accuratereviews.com\\\/it\\\/software-universita\\\/safeshare-tv-recensione\\\/#primaryimage\",\"url\":\"https:\\\/\\\/www.accuratereviews.com\\\/wp-content\\\/uploads\\\/2021\\\/03\\\/t7oiDrzU_400x400.jpg\",\"contentUrl\":\"https:\\\/\\\/www.accuratereviews.com\\\/wp-content\\\/uploads\\\/2021\\\/03\\\/t7oiDrzU_400x400.jpg\",\"width\":400,\"height\":400},{\"@type\":\"BreadcrumbList\",\"@id\":\"https:\\\/\\\/www.accuratereviews.com\\\/it\\\/software-universita\\\/safeshare-tv-recensione\\\/#breadcrumb\",\"itemListElement\":[{\"@type\":\"ListItem\",\"position\":1,\"name\":\"Home\",\"item\":\"https:\\\/\\\/www.accuratereviews.com\\\/it\\\/\"},{\"@type\":\"ListItem\",\"position\":2,\"name\":\"Software per universit\u00e0\",\"item\":\"https:\\\/\\\/www.accuratereviews.com\\\/it\\\/software-universita\\\/\"},{\"@type\":\"ListItem\",\"position\":3,\"name\":\"SafeShare.tv\"}]},{\"@type\":\"WebSite\",\"@id\":\"https:\\\/\\\/www.accuratereviews.com\\\/it\\\/#website\",\"url\":\"https:\\\/\\\/www.accuratereviews.com\\\/it\\\/\",\"name\":\"Accurate Reviews\",\"description\":\"\",\"potentialAction\":[{\"@type\":\"SearchAction\",\"target\":{\"@type\":\"EntryPoint\",\"urlTemplate\":\"https:\\\/\\\/www.accuratereviews.com\\\/it\\\/?s={search_term_string}\"},\"query-input\":{\"@type\":\"PropertyValueSpecification\",\"valueRequired\":true,\"valueName\":\"search_term_string\"}}],\"inLanguage\":\"it-IT\"}]}<\/script>\n<!-- \/ Yoast SEO plugin. -->","yoast_head_json":{"title":"SafeShare.tv: recensione software per universit\u00e0 - Accurate Reviews","description":"SafeShare.tv: recensione software che aiuta scuole e universit\u00e0, webmaster e operatori di marketing a guardare video su YouTube e Vimeo.","robots":{"index":"index","follow":"follow","max-snippet":"max-snippet:-1","max-image-preview":"max-image-preview:large","max-video-preview":"max-video-preview:-1"},"canonical":"https:\/\/www.accuratereviews.com\/it\/software-universita\/safeshare-tv-recensione\/","og_locale":"it_IT","og_type":"article","og_title":"SafeShare.tv: recensione software per universit\u00e0 - Accurate Reviews","og_description":"SafeShare.tv: recensione software che aiuta scuole e universit\u00e0, webmaster e operatori di marketing a guardare video su YouTube e Vimeo.","og_url":"https:\/\/www.accuratereviews.com\/it\/software-universita\/safeshare-tv-recensione\/","og_site_name":"Accurate Reviews","article_modified_time":"2021-04-23T12:35:16+00:00","og_image":[{"width":400,"height":400,"url":"https:\/\/www.accuratereviews.com\/wp-content\/uploads\/2021\/03\/t7oiDrzU_400x400.jpg","type":"image\/jpeg"}],"twitter_card":"summary_large_image","twitter_misc":{"Tempo di lettura stimato":"3 minuti"},"schema":{"@context":"https:\/\/schema.org","@graph":[{"@type":"WebPage","@id":"https:\/\/www.accuratereviews.com\/it\/software-universita\/safeshare-tv-recensione\/","url":"https:\/\/www.accuratereviews.com\/it\/software-universita\/safeshare-tv-recensione\/","name":"SafeShare.tv: recensione software per universit\u00e0 - Accurate Reviews","isPartOf":{"@id":"https:\/\/www.accuratereviews.com\/it\/#website"},"primaryImageOfPage":{"@id":"https:\/\/www.accuratereviews.com\/it\/software-universita\/safeshare-tv-recensione\/#primaryimage"},"image":{"@id":"https:\/\/www.accuratereviews.com\/it\/software-universita\/safeshare-tv-recensione\/#primaryimage"},"thumbnailUrl":"https:\/\/www.accuratereviews.com\/wp-content\/uploads\/2021\/03\/t7oiDrzU_400x400.jpg","datePublished":"2021-03-23T11:41:46+00:00","dateModified":"2021-04-23T12:35:16+00:00","description":"SafeShare.tv: recensione software che aiuta scuole e universit\u00e0, webmaster e operatori di marketing a guardare video su YouTube e Vimeo.","breadcrumb":{"@id":"https:\/\/www.accuratereviews.com\/it\/software-universita\/safeshare-tv-recensione\/#breadcrumb"},"inLanguage":"it-IT","potentialAction":[{"@type":"ReadAction","target":["https:\/\/www.accuratereviews.com\/it\/software-universita\/safeshare-tv-recensione\/"]}]},{"@type":"ImageObject","inLanguage":"it-IT","@id":"https:\/\/www.accuratereviews.com\/it\/software-universita\/safeshare-tv-recensione\/#primaryimage","url":"https:\/\/www.accuratereviews.com\/wp-content\/uploads\/2021\/03\/t7oiDrzU_400x400.jpg","contentUrl":"https:\/\/www.accuratereviews.com\/wp-content\/uploads\/2021\/03\/t7oiDrzU_400x400.jpg","width":400,"height":400},{"@type":"BreadcrumbList","@id":"https:\/\/www.accuratereviews.com\/it\/software-universita\/safeshare-tv-recensione\/#breadcrumb","itemListElement":[{"@type":"ListItem","position":1,"name":"Home","item":"https:\/\/www.accuratereviews.com\/it\/"},{"@type":"ListItem","position":2,"name":"Software per universit\u00e0","item":"https:\/\/www.accuratereviews.com\/it\/software-universita\/"},{"@type":"ListItem","position":3,"name":"SafeShare.tv"}]},{"@type":"WebSite","@id":"https:\/\/www.accuratereviews.com\/it\/#website","url":"https:\/\/www.accuratereviews.com\/it\/","name":"Accurate Reviews","description":"","potentialAction":[{"@type":"SearchAction","target":{"@type":"EntryPoint","urlTemplate":"https:\/\/www.accuratereviews.com\/it\/?s={search_term_string}"},"query-input":{"@type":"PropertyValueSpecification","valueRequired":true,"valueName":"search_term_string"}}],"inLanguage":"it-IT"}]}},"_links":{"self":[{"href":"https:\/\/www.accuratereviews.com\/it\/wp-json\/wp\/v2\/pages\/38850","targetHints":{"allow":["GET"]}}],"collection":[{"href":"https:\/\/www.accuratereviews.com\/it\/wp-json\/wp\/v2\/pages"}],"about":[{"href":"https:\/\/www.accuratereviews.com\/it\/wp-json\/wp\/v2\/types\/page"}],"author":[{"embeddable":true,"href":"https:\/\/www.accuratereviews.com\/it\/wp-json\/wp\/v2\/users\/19"}],"replies":[{"embeddable":true,"href":"https:\/\/www.accuratereviews.com\/it\/wp-json\/wp\/v2\/comments?post=38850"}],"version-history":[{"count":15,"href":"https:\/\/www.accuratereviews.com\/it\/wp-json\/wp\/v2\/pages\/38850\/revisions"}],"predecessor-version":[{"id":40855,"href":"https:\/\/www.accuratereviews.com\/it\/wp-json\/wp\/v2\/pages\/38850\/revisions\/40855"}],"up":[{"embeddable":true,"href":"https:\/\/www.accuratereviews.com\/it\/wp-json\/wp\/v2\/pages\/38766"}],"wp:featuredmedia":[{"embeddable":true,"href":"https:\/\/www.accuratereviews.com\/it\/wp-json\/wp\/v2\/media\/38873"}],"wp:attachment":[{"href":"https:\/\/www.accuratereviews.com\/it\/wp-json\/wp\/v2\/media?parent=38850"}],"wp:term":[{"taxonomy":"category","embeddable":true,"href":"https:\/\/www.accuratereviews.com\/it\/wp-json\/wp\/v2\/categories?post=38850"},{"taxonomy":"post_tag","embeddable":true,"href":"https:\/\/www.accuratereviews.com\/it\/wp-json\/wp\/v2\/tags?post=38850"},{"taxonomy":"features","embeddable":true,"href":"https:\/\/www.accuratereviews.com\/it\/wp-json\/wp\/v2\/features?post=38850"}],"curies":[{"name":"wp","href":"https:\/\/api.w.org\/{rel}","templated":true}]}}