{"id":38931,"date":"2021-03-24T14:13:09","date_gmt":"2021-03-24T14:13:09","guid":{"rendered":"https:\/\/www.accuratereviews.com\/?page_id=38931"},"modified":"2021-04-23T12:49:01","modified_gmt":"2021-04-23T12:49:01","slug":"surveymonkey-appy-recensione","status":"publish","type":"page","link":"https:\/\/www.accuratereviews.com\/it\/software-universita\/surveymonkey-appy-recensione\/","title":{"rendered":"SurveyMonkey Appy"},"content":{"rendered":"<p><strong>SurveyMonkey Appy<\/strong> \u00e8 un <strong>sistema di gestione delle applicazioni online<\/strong> personalizzabile e facile da usare utilizzato da universit\u00e0, associazioni e altre organizzazioni per semplificare il processo di raccolta, amministrazione e revisione delle domande di sovvenzione. La soluzione consente alle organizzazioni di integrare il sistema nei flussi di lavoro esistenti in modo che possano automatizzare le loro attivit\u00e0, risparmiare tempo e portare avanti la loro missione. Offre un&#8217;esperienza senza intoppi sia per i candidati alle sovvenzioni che per i beneficiari, consentendo loro di inviare e tenere traccia di dati, documenti e materiali in un unico posto. Per rendere il processo di raccolta e revisione delle domande semplice e indolore, il sistema consente agli utenti di creare portali online di facile utilizzo dove possono raccogliere applicazioni e accedere ad aggiornamenti e rapporti sulle sovvenzioni e altri programmi che stanno gestendo.<\/p>\n<h2>SURVERYMONKEY APPY &#8211; TUTORIAL<\/h2>\n<p>Ecco un breve tutorial che illustra le principali funzioni di questo <strong>software per universit\u00e0<\/strong>:<\/p>\n<div id=\"fluid-wrapper-counter-1\" class=\"g1-fluid-wrapper \" style=\"width:686px;\">\n<div style=\"padding-bottom:56.268221574344%;\"><iframe loading=\"lazy\" title=\"Introducing SurveyMonkey Apply\" width=\"686\" height=\"386\" src=\"https:\/\/www.youtube.com\/embed\/nuGxWU9c_7o?feature=oembed&amp;wmode=transparent&amp;autohide=1&amp;autoplay=0&amp;disablekb=0&amp;fs=1&amp;loop=0&amp;enablejsapi=1&amp;rel=0&amp;controls=2&amp;showinfo=0&amp;wmode=transparent&amp;autohide=2&amp;autoplay=0&amp;disablekb=0&amp;fs=1&amp;loop=0&amp;enablejsapi=1&amp;rel=0&amp;controls=2&amp;showinfo=1\" frameborder=\"0\" allow=\"accelerometer; autoplay; clipboard-write; encrypted-media; gyroscope; picture-in-picture\" allowfullscreen><\/iframe><\/div>\n<\/div>\n<h3>SURVERYMONKEY APPY &#8211; CARATTERISTICHE<\/h3>\n<ul>\n<li><strong>Raccogli e rivedi le applicazioni senza problemi:<\/strong> utilizza portali online con marchio per raccogliere facilmente applicazioni, coordinare revisioni e acquisire il feedback necessario per prendere decisioni e portare avanti la tua missione<\/li>\n<li><strong>Dedica il tuo tempo concentrandoti su ci\u00f2 che conta di pi\u00f9<\/strong>: integra il software nel tuo modo di lavorare, automatizza le attivit\u00e0 ripetitive e dispendiose in termini di tempo nella tua applicazione e nel processo di revisione e usa il tuo tempo per le cose che contano di pi\u00f9<\/li>\n<li><strong>Lavora con un vero partner<\/strong>: se sei appassionato della tua missione, dovrebbero esserlo anche le persone con cui lavori. Tutto il team, dall&#8217;ingegneria al supporto, \u00e8 dedicato al suo successo. Approfitta dell&#8217;onboarding gratuito, del supporto illimitato e delle utili risorse di formazione<\/li>\n<li><strong>Sovvenzioni<\/strong>: dedica meno tempo all&#8217;amministrazione e di pi\u00f9 alla missione. Semplifica la domanda di sovvenzione e rivedi i processi<\/li>\n<li><strong>Borse di studio<\/strong>: raccogli facilmente le domande e prendi decisioni sui candidati alla borsa di studio<\/li>\n<li><strong>Ammissioni al programma<\/strong>: crea un&#8217;esperienza di applicazione senza interruzioni e prendi decisioni migliori e pi\u00f9 rapide sui candidati.<\/li>\n<\/ul>\n<h4>LE RECENSIONI DEGLI UTENTI<\/h4>\n<p class=\"font-weight-bold mb-1 d-flex align-items-center\"><strong>Amber L.&#8221;PRODOTTO DIVERTENTE&#8221;<\/strong><\/p>\n<p><strong>Commenti: <\/strong>L&#8217;ho usato per sondaggi relativi al lavoro e per motivi personali come &#8220;Babbo Natale segreto&#8221;, \u00e8 cos\u00ec divertente e fantastico!<\/p>\n<p><strong>Vantaggi: <\/strong>Questo \u00e8 un modo fantastico e anonimo per esprimere le tue opinioni e per fare domande imperative.<\/p>\n<p><strong>Inconvenienti: <\/strong>In realt\u00e0 non ho alcuna lamentela su questo software, l&#8217;ho usato anche in aziende precedenti, due pollici in su!<\/p>\n<p class=\"font-weight-bold mb-1 d-flex align-items-center\"><strong>Gabrielle F.&#8221;Sistema favoloso: la differenza di orario causa problemi&#8221;<\/strong><\/p>\n<p><strong>Commenti: <\/strong>Nel complesso, dopo 1 anno intero di utilizzo di Survey Monkey sono davvero soddisfatto del programma. Questo \u00e8 il terzo Portale di Grantmaking che ho usato per un lungo periodo di tempo e direi senza dubbio che \u00e8 il migliore.<\/p>\n<p><strong>Vantaggi: <\/strong>Adoro il nuovo programma per creare report, molto pi\u00f9 efficace del vecchio. Apprezzo molto anche quanto sia personalizzabile la visibilit\u00e0 di ogni sezione. La nostra transizione tra Fluid Review e Survey Monkey \u00e8 stata agevole come avremmo potuto sperare, e ci\u00f2 \u00e8 dovuto in gran parte all&#8217;incredibile supporto per la transizione che abbiamo ricevuto.<\/p>\n<p><strong>Inconvenienti: <\/strong>Mi piacerebbe che ci fosse una sorta di cestino \u00a0per i file cancellati &#8211; alcuni dei nostri candidati hanno cancellato accidentalmente le loro intere applicazioni, il che ci ha causato grossi problemi. Vorrei anche che ci fossero pi\u00f9 opzioni di servizio clienti per le persone nell&#8217;emisfero meridionale. Trovo che i problemi urgenti possano richiedere giorni per essere risolti a volte a causa della differenza di fuso orario: una funzione di chat dal vivo per le domande farebbe la differenza.<\/p>\n<p class=\"font-weight-bold mb-1 d-flex align-items-center\"><strong>Lena T.&#8221;piattaforma con molte funzionalit\u00e0&#8221;<\/strong><\/p>\n<p><strong>Commenti: <\/strong>Nel complesso, il processo di onboarding \u00e8 stato molto strutturato e chiaro, la formazione \u00e8 disponibile e il team di assistenza clienti \u00e8 piuttosto reattivo.<\/p>\n<p><strong>Vantaggi: <\/strong>Mi piace il fatto che sulla piattaforma siano disponibili molte opzioni di automazione e funzionalit\u00e0 di personalizzazione. Sebbene non l&#8217;abbiamo integrato con il nostro sito Web, \u00e8 stato facile far sembrare il portale parte della nostra presenza online.<\/p>\n<p><strong>Inconvenienti: <\/strong>poich\u00e9 ci sono cos\u00ec tante opzioni diverse, il programma richiede una persona completamente addestrata per gestirlo. Per qualcuno che lo gestisce dentro e fuori, \u00e8 troppo difficile ricordare come modificare, aggiungere o rimuovere funzionalit\u00e0 o fasi. La funzione di segnalazione \u00e8 un po &#8216;confusa.<\/p>\n","protected":false},"excerpt":{"rendered":"<p>SurveyMonkey Appy \u00e8 un sistema di gestione delle applicazioni online personalizzabile e facile da usare utilizzato da universit\u00e0, associazioni e altre organizzazioni per semplificare il processo di raccolta, amministrazione e revisione delle domande di sovvenzione. La soluzione consente alle organizzazioni di integrare il sistema nei flussi di lavoro esistenti in modo che possano automatizzare le loro attivit\u00e0, risparmiare tempo e portare avanti la loro missione.<\/p>\n","protected":false},"author":19,"featured_media":38969,"parent":38766,"menu_order":0,"comment_status":"open","ping_status":"closed","template":"g1_template_page_review_new.php","meta":{"_acf_changed":false,"cwp_meta_box_check":"Yes","cwp_rev_product_name":"","cwp_rev_product_image":"","wppr_links":[],"cwp_rev_price":"","wppr_options":[],"wppr_pros":[],"wppr_cons":[],"_monsterinsights_skip_tracking":false,"_monsterinsights_sitenote_active":false,"_monsterinsights_sitenote_note":"","_monsterinsights_sitenote_category":0,"footnotes":""},"categories":[5417],"tags":[5447,5421,5420,5422,5460],"features":[],"class_list":{"0":"post-38931","1":"page","2":"type-page","3":"status-publish","4":"has-post-thumbnail","6":"category-software-universita-categoria","7":"tag-piattaforma-per-universita","8":"tag-programma-per-universita","9":"tag-software-per-universita","10":"tag-soluzione-per-universita","11":"tag-surveymonkey-appy"},"wppr_data":{"cwp_meta_box_check":"Yes","cwp_rev_product_name":"","cwp_rev_product_image":"","cwp_image_link":"image","cwp_rev_price":"","wppr_rating":"0.00"},"acf":[],"yoast_head":"<!-- This site is optimized with the Yoast SEO plugin v27.4 - https:\/\/yoast.com\/product\/yoast-seo-wordpress\/ -->\n<title>SurveyMonkey Appy: recensione software universit\u00e0 - Accurate Reviews<\/title>\n<meta name=\"description\" content=\"SurveyMonkey Appy: recensione sistema di gestione delle applicazioni online personalizzabile utilizzato da universit\u00e0 e associazioni.\" \/>\n<meta name=\"robots\" content=\"index, follow, max-snippet:-1, max-image-preview:large, max-video-preview:-1\" \/>\n<link rel=\"canonical\" href=\"https:\/\/www.accuratereviews.com\/it\/software-universita\/surveymonkey-appy-recensione\/\" \/>\n<meta property=\"og:locale\" content=\"it_IT\" \/>\n<meta property=\"og:type\" content=\"article\" \/>\n<meta property=\"og:title\" content=\"SurveyMonkey Appy: recensione software universit\u00e0 - Accurate Reviews\" \/>\n<meta property=\"og:description\" content=\"SurveyMonkey Appy: recensione sistema di gestione delle applicazioni online personalizzabile utilizzato da universit\u00e0 e associazioni.\" \/>\n<meta property=\"og:url\" content=\"https:\/\/www.accuratereviews.com\/it\/software-universita\/surveymonkey-appy-recensione\/\" \/>\n<meta property=\"og:site_name\" content=\"Accurate Reviews\" \/>\n<meta property=\"article:modified_time\" content=\"2021-04-23T12:49:01+00:00\" \/>\n<meta property=\"og:image\" content=\"https:\/\/www.accuratereviews.com\/wp-content\/uploads\/2021\/03\/apply_midnight.png\" \/>\n\t<meta property=\"og:image:width\" content=\"306\" \/>\n\t<meta property=\"og:image:height\" content=\"216\" \/>\n\t<meta property=\"og:image:type\" content=\"image\/png\" \/>\n<meta name=\"twitter:card\" content=\"summary_large_image\" \/>\n<meta name=\"twitter:label1\" content=\"Tempo di lettura stimato\" \/>\n\t<meta name=\"twitter:data1\" content=\"4 minuti\" \/>\n<script type=\"application\/ld+json\" class=\"yoast-schema-graph\">{\"@context\":\"https:\\\/\\\/schema.org\",\"@graph\":[{\"@type\":\"WebPage\",\"@id\":\"https:\\\/\\\/www.accuratereviews.com\\\/it\\\/software-universita\\\/surveymonkey-appy-recensione\\\/\",\"url\":\"https:\\\/\\\/www.accuratereviews.com\\\/it\\\/software-universita\\\/surveymonkey-appy-recensione\\\/\",\"name\":\"SurveyMonkey Appy: recensione software universit\u00e0 - Accurate Reviews\",\"isPartOf\":{\"@id\":\"https:\\\/\\\/www.accuratereviews.com\\\/it\\\/#website\"},\"primaryImageOfPage\":{\"@id\":\"https:\\\/\\\/www.accuratereviews.com\\\/it\\\/software-universita\\\/surveymonkey-appy-recensione\\\/#primaryimage\"},\"image\":{\"@id\":\"https:\\\/\\\/www.accuratereviews.com\\\/it\\\/software-universita\\\/surveymonkey-appy-recensione\\\/#primaryimage\"},\"thumbnailUrl\":\"https:\\\/\\\/www.accuratereviews.com\\\/wp-content\\\/uploads\\\/2021\\\/03\\\/apply_midnight.png\",\"datePublished\":\"2021-03-24T14:13:09+00:00\",\"dateModified\":\"2021-04-23T12:49:01+00:00\",\"description\":\"SurveyMonkey Appy: recensione sistema di gestione delle applicazioni online personalizzabile utilizzato da universit\u00e0 e associazioni.\",\"breadcrumb\":{\"@id\":\"https:\\\/\\\/www.accuratereviews.com\\\/it\\\/software-universita\\\/surveymonkey-appy-recensione\\\/#breadcrumb\"},\"inLanguage\":\"it-IT\",\"potentialAction\":[{\"@type\":\"ReadAction\",\"target\":[\"https:\\\/\\\/www.accuratereviews.com\\\/it\\\/software-universita\\\/surveymonkey-appy-recensione\\\/\"]}]},{\"@type\":\"ImageObject\",\"inLanguage\":\"it-IT\",\"@id\":\"https:\\\/\\\/www.accuratereviews.com\\\/it\\\/software-universita\\\/surveymonkey-appy-recensione\\\/#primaryimage\",\"url\":\"https:\\\/\\\/www.accuratereviews.com\\\/wp-content\\\/uploads\\\/2021\\\/03\\\/apply_midnight.png\",\"contentUrl\":\"https:\\\/\\\/www.accuratereviews.com\\\/wp-content\\\/uploads\\\/2021\\\/03\\\/apply_midnight.png\",\"width\":306,\"height\":216},{\"@type\":\"BreadcrumbList\",\"@id\":\"https:\\\/\\\/www.accuratereviews.com\\\/it\\\/software-universita\\\/surveymonkey-appy-recensione\\\/#breadcrumb\",\"itemListElement\":[{\"@type\":\"ListItem\",\"position\":1,\"name\":\"Home\",\"item\":\"https:\\\/\\\/www.accuratereviews.com\\\/it\\\/\"},{\"@type\":\"ListItem\",\"position\":2,\"name\":\"Software per universit\u00e0\",\"item\":\"https:\\\/\\\/www.accuratereviews.com\\\/it\\\/software-universita\\\/\"},{\"@type\":\"ListItem\",\"position\":3,\"name\":\"SurveyMonkey Appy\"}]},{\"@type\":\"WebSite\",\"@id\":\"https:\\\/\\\/www.accuratereviews.com\\\/it\\\/#website\",\"url\":\"https:\\\/\\\/www.accuratereviews.com\\\/it\\\/\",\"name\":\"Accurate Reviews\",\"description\":\"\",\"potentialAction\":[{\"@type\":\"SearchAction\",\"target\":{\"@type\":\"EntryPoint\",\"urlTemplate\":\"https:\\\/\\\/www.accuratereviews.com\\\/it\\\/?s={search_term_string}\"},\"query-input\":{\"@type\":\"PropertyValueSpecification\",\"valueRequired\":true,\"valueName\":\"search_term_string\"}}],\"inLanguage\":\"it-IT\"}]}<\/script>\n<!-- \/ Yoast SEO plugin. -->","yoast_head_json":{"title":"SurveyMonkey Appy: recensione software universit\u00e0 - Accurate Reviews","description":"SurveyMonkey Appy: recensione sistema di gestione delle applicazioni online personalizzabile utilizzato da universit\u00e0 e associazioni.","robots":{"index":"index","follow":"follow","max-snippet":"max-snippet:-1","max-image-preview":"max-image-preview:large","max-video-preview":"max-video-preview:-1"},"canonical":"https:\/\/www.accuratereviews.com\/it\/software-universita\/surveymonkey-appy-recensione\/","og_locale":"it_IT","og_type":"article","og_title":"SurveyMonkey Appy: recensione software universit\u00e0 - Accurate Reviews","og_description":"SurveyMonkey Appy: recensione sistema di gestione delle applicazioni online personalizzabile utilizzato da universit\u00e0 e associazioni.","og_url":"https:\/\/www.accuratereviews.com\/it\/software-universita\/surveymonkey-appy-recensione\/","og_site_name":"Accurate Reviews","article_modified_time":"2021-04-23T12:49:01+00:00","og_image":[{"width":306,"height":216,"url":"https:\/\/www.accuratereviews.com\/wp-content\/uploads\/2021\/03\/apply_midnight.png","type":"image\/png"}],"twitter_card":"summary_large_image","twitter_misc":{"Tempo di lettura stimato":"4 minuti"},"schema":{"@context":"https:\/\/schema.org","@graph":[{"@type":"WebPage","@id":"https:\/\/www.accuratereviews.com\/it\/software-universita\/surveymonkey-appy-recensione\/","url":"https:\/\/www.accuratereviews.com\/it\/software-universita\/surveymonkey-appy-recensione\/","name":"SurveyMonkey Appy: recensione software universit\u00e0 - Accurate Reviews","isPartOf":{"@id":"https:\/\/www.accuratereviews.com\/it\/#website"},"primaryImageOfPage":{"@id":"https:\/\/www.accuratereviews.com\/it\/software-universita\/surveymonkey-appy-recensione\/#primaryimage"},"image":{"@id":"https:\/\/www.accuratereviews.com\/it\/software-universita\/surveymonkey-appy-recensione\/#primaryimage"},"thumbnailUrl":"https:\/\/www.accuratereviews.com\/wp-content\/uploads\/2021\/03\/apply_midnight.png","datePublished":"2021-03-24T14:13:09+00:00","dateModified":"2021-04-23T12:49:01+00:00","description":"SurveyMonkey Appy: recensione sistema di gestione delle applicazioni online personalizzabile utilizzato da universit\u00e0 e associazioni.","breadcrumb":{"@id":"https:\/\/www.accuratereviews.com\/it\/software-universita\/surveymonkey-appy-recensione\/#breadcrumb"},"inLanguage":"it-IT","potentialAction":[{"@type":"ReadAction","target":["https:\/\/www.accuratereviews.com\/it\/software-universita\/surveymonkey-appy-recensione\/"]}]},{"@type":"ImageObject","inLanguage":"it-IT","@id":"https:\/\/www.accuratereviews.com\/it\/software-universita\/surveymonkey-appy-recensione\/#primaryimage","url":"https:\/\/www.accuratereviews.com\/wp-content\/uploads\/2021\/03\/apply_midnight.png","contentUrl":"https:\/\/www.accuratereviews.com\/wp-content\/uploads\/2021\/03\/apply_midnight.png","width":306,"height":216},{"@type":"BreadcrumbList","@id":"https:\/\/www.accuratereviews.com\/it\/software-universita\/surveymonkey-appy-recensione\/#breadcrumb","itemListElement":[{"@type":"ListItem","position":1,"name":"Home","item":"https:\/\/www.accuratereviews.com\/it\/"},{"@type":"ListItem","position":2,"name":"Software per universit\u00e0","item":"https:\/\/www.accuratereviews.com\/it\/software-universita\/"},{"@type":"ListItem","position":3,"name":"SurveyMonkey Appy"}]},{"@type":"WebSite","@id":"https:\/\/www.accuratereviews.com\/it\/#website","url":"https:\/\/www.accuratereviews.com\/it\/","name":"Accurate Reviews","description":"","potentialAction":[{"@type":"SearchAction","target":{"@type":"EntryPoint","urlTemplate":"https:\/\/www.accuratereviews.com\/it\/?s={search_term_string}"},"query-input":{"@type":"PropertyValueSpecification","valueRequired":true,"valueName":"search_term_string"}}],"inLanguage":"it-IT"}]}},"_links":{"self":[{"href":"https:\/\/www.accuratereviews.com\/it\/wp-json\/wp\/v2\/pages\/38931","targetHints":{"allow":["GET"]}}],"collection":[{"href":"https:\/\/www.accuratereviews.com\/it\/wp-json\/wp\/v2\/pages"}],"about":[{"href":"https:\/\/www.accuratereviews.com\/it\/wp-json\/wp\/v2\/types\/page"}],"author":[{"embeddable":true,"href":"https:\/\/www.accuratereviews.com\/it\/wp-json\/wp\/v2\/users\/19"}],"replies":[{"embeddable":true,"href":"https:\/\/www.accuratereviews.com\/it\/wp-json\/wp\/v2\/comments?post=38931"}],"version-history":[{"count":13,"href":"https:\/\/www.accuratereviews.com\/it\/wp-json\/wp\/v2\/pages\/38931\/revisions"}],"predecessor-version":[{"id":40875,"href":"https:\/\/www.accuratereviews.com\/it\/wp-json\/wp\/v2\/pages\/38931\/revisions\/40875"}],"up":[{"embeddable":true,"href":"https:\/\/www.accuratereviews.com\/it\/wp-json\/wp\/v2\/pages\/38766"}],"wp:featuredmedia":[{"embeddable":true,"href":"https:\/\/www.accuratereviews.com\/it\/wp-json\/wp\/v2\/media\/38969"}],"wp:attachment":[{"href":"https:\/\/www.accuratereviews.com\/it\/wp-json\/wp\/v2\/media?parent=38931"}],"wp:term":[{"taxonomy":"category","embeddable":true,"href":"https:\/\/www.accuratereviews.com\/it\/wp-json\/wp\/v2\/categories?post=38931"},{"taxonomy":"post_tag","embeddable":true,"href":"https:\/\/www.accuratereviews.com\/it\/wp-json\/wp\/v2\/tags?post=38931"},{"taxonomy":"features","embeddable":true,"href":"https:\/\/www.accuratereviews.com\/it\/wp-json\/wp\/v2\/features?post=38931"}],"curies":[{"name":"wp","href":"https:\/\/api.w.org\/{rel}","templated":true}]}}