{"id":38979,"date":"2021-03-24T14:21:49","date_gmt":"2021-03-24T14:21:49","guid":{"rendered":"https:\/\/www.accuratereviews.com\/?page_id=38979"},"modified":"2021-04-23T12:44:56","modified_gmt":"2021-04-23T12:44:56","slug":"rise-vision-recensione","status":"publish","type":"page","link":"https:\/\/www.accuratereviews.com\/it\/software-universita\/rise-vision-recensione\/","title":{"rendered":"Rise Vision"},"content":{"rendered":"<p><strong>Rise Vision<\/strong> \u00e8 un<strong> software di digital signage<\/strong> che si rivolge principalmente a scuole, universit\u00e0 e attivit\u00e0 commerciali per supportarle nella gestione delle comunicazioni, rendendo il tutto pi\u00f9 semplice e veloce. Potrai incrementare il coinvolgimento dei tuoi studenti, docenti, visitatori o clienti risparmiando non solo tempo e denaro, ma anche la carta trattandosi di attivit\u00e0 digitali. Si tratta quindi di un <strong>programma per universit\u00e0<\/strong> che offre delle vere e proprie bacheche digitali utili a fornire informazioni aggiornate o modifiche riguardanti gli orari delle lezioni, il menu della mensa o le riunioni dei docenti.<br \/>\nGrazie ai numerosi seminari e suggerimenti di formazione gratuiti che vengono eseguiti e forniti settimanalmente, potrai migliorare e affinare sempre pi\u00f9 la tua tecnica di coinvolgimento.<\/p>\n<h2>RISE VISION &#8211; TUTORIAL<\/h2>\n<p>Ecco un breve video che ci mostra come funziona Rise Vision:<\/p>\n<div id=\"fluid-wrapper-counter-1\" class=\"g1-fluid-wrapper \" style=\"width:686px;\">\n<div style=\"padding-bottom:56.268221574344%;\"><iframe loading=\"lazy\" title=\"Rise Vision Lesson 1 Chapter 1: Introduction - All Graphic Supplies DSS\" width=\"686\" height=\"386\" src=\"https:\/\/www.youtube.com\/embed\/0Zsw462VFMc?feature=oembed&amp;wmode=transparent&amp;autohide=1&amp;autoplay=0&amp;disablekb=0&amp;fs=1&amp;loop=0&amp;enablejsapi=1&amp;rel=0&amp;controls=2&amp;showinfo=0&amp;wmode=transparent&amp;autohide=2&amp;autoplay=0&amp;disablekb=0&amp;fs=1&amp;loop=0&amp;enablejsapi=1&amp;rel=0&amp;controls=2&amp;showinfo=1\" frameborder=\"0\" allow=\"accelerometer; autoplay; clipboard-write; encrypted-media; gyroscope; picture-in-picture\" allowfullscreen><\/iframe><\/div>\n<\/div>\n<h3>RISE VISION &#8211; CARATTERISTICHE<\/h3>\n<p>Di seguito le sue principali caratteristiche:<\/p>\n<ul>\n<li><strong>Comunica ovunque<\/strong>: invia il tuo messaggio a schermi digitali, siti web, browser e social media<\/li>\n<li><strong>Avvisi di emergenza<\/strong>: raggiungi rapidamente la tua organizzazione con avvisi di emergenza quando necessario<\/li>\n<li><strong>Sicuro e protetto<\/strong>: \u00e8 ospitato in Google Cloud e viene sottoposto a un controllo di sicurezza annuale<\/li>\n<li><strong>Basato su cloud<\/strong>: non vi \u00e8 nessun hardware proprietario. Tutto ci\u00f2 di cui hai bisogno per iniziare \u00e8 un browser e una connessione internet<\/li>\n<li><strong>Potenti integrazioni<\/strong>: personalizza e incorpora il calendario e le presentazioni di Google, il meteo, le notizie e altro ancora<\/li>\n<li><strong>Supporto<\/strong>: ottieni video personalizzati, email e supporto desktop remoto dal team di supporto<\/li>\n<li><strong>Libreria di modelli<\/strong>: risparmia ore con oltre 400 modelli a tema gi\u00e0 pronti che puoi personalizzare e marcare con il tuo brand<\/li>\n<li><strong>Pianificazione precisa<\/strong>: risparmia tempo e programma i tuoi messaggi per mostrare esattamente dove e quando ne hai bisogno.<\/li>\n<\/ul>\n<h4>LE RECENSIONI DEGLI UTENTI<\/h4>\n<p><strong>Brandon F. &#8220;Sviluppo studente-atleta&#8221;<\/strong><br \/>\nCOMMENTO: aiuta a commercializzare programmi per studenti-atleti.<br \/>\nPRO: \u00e8 in grado di sincronizzarsi anche su pi\u00f9 piattaforme (TV). La sequenza temporale \u00e8 uno strumento utile per mantenere aggiornato il post corrente.<br \/>\nCONTRO: nessuno, il prodotto \u00e8 eccezionale. L&#8217;intero reparto atletico dell&#8217;U of A utilizza il software. Ci teniamo a sottolineare che utilizziamo il software sulla piattaforma social di Rise Vision per riconoscere la collaborazione.<\/p>\n<p><strong>Andrew D. &#8220;Ottima piattaforma per creare la tua soluzione di digital signage personalizzata&#8221;<\/strong><br \/>\nCOMMENTI: abbiamo costruito degli ottimi display per segnaletica con il prodotto. \u00c8 molto facile insegnare ai nuovi amministratori di contenuti come aggiornare le schermate, il che \u00e8 un vantaggio enorme.<br \/>\nPRO: molto facile da imparare. La base di conoscenza, i video di formazione e l&#8217;assistenza clienti rendono semplice l&#8217;inizio. Quando hai delle perplessit\u00e0, il loro supporto risulta molto rapido nel rispondere.<br \/>\nCONTRO: difficile trovare qualcosa che non mi piaccia. La maggior parte dei modelli predefiniti sono rivolti alle scuole, ma sono comunque abbastanza facili da modificare per scopi aziendali.<\/p>\n<p><strong>Lisa F. &#8220;Annunci scolastici semplificati&#8221;<\/strong><br \/>\nCOMMENTI: usiamo Rise Vision in un ambiente di scuola pubblica 7-12 su monitor che vengono visualizzati nelle nostre aree comuni per pubblicare annunci importanti che tutti gli studenti e il personale possono vedere. Viene utilizzato come parte del curriculum di Digital Design e gli studenti aiutano con gli aggiornamenti quotidiani degli annunci. \u00c8 facile da integrare con un file Google Slide condiviso e incorporare codice da altri siti.<br \/>\nPRO: mi piace la possibilit\u00e0 di modificare rapidamente una presentazione e aggiungerla a un programma in pochi minuti.<br \/>\nCONTRO: la cosa che ci piace di meno sono i limiti delle dimensioni del design su alcuni modelli.<\/p>\n","protected":false},"excerpt":{"rendered":"<p>Rise Vision \u00e8 un software di digital signage che si rivolge principalmente a scuole, universit\u00e0 e attivit\u00e0 commerciali per supportarle nella gestione delle comunicazioni, rendendo il tutto pi\u00f9 semplice e veloce. Potrai incrementare il coinvolgimento dei tuoi studenti, docenti, visitatori o clienti risparmiando non solo tempo e denaro, ma anche la carta trattandosi di attivit\u00e0 digitali.<\/p>\n","protected":false},"author":17,"featured_media":38991,"parent":38766,"menu_order":0,"comment_status":"open","ping_status":"closed","template":"g1_template_page_review_new.php","meta":{"_acf_changed":false,"cwp_meta_box_check":"No","cwp_rev_product_name":"","cwp_rev_product_image":"","wppr_links":[],"cwp_rev_price":"","wppr_options":[],"wppr_pros":[],"wppr_cons":[],"_monsterinsights_skip_tracking":false,"_monsterinsights_sitenote_active":false,"_monsterinsights_sitenote_note":"","_monsterinsights_sitenote_category":0,"footnotes":""},"categories":[5417],"tags":[5423,5447,5421,5420,5422],"features":[],"class_list":{"0":"post-38979","1":"page","2":"type-page","3":"status-publish","4":"has-post-thumbnail","6":"category-software-universita-categoria","7":"tag-gestionale-universita","8":"tag-piattaforma-per-universita","9":"tag-programma-per-universita","10":"tag-software-per-universita","11":"tag-soluzione-per-universita"},"wppr_data":{"cwp_meta_box_check":"No"},"acf":[],"yoast_head":"<!-- This site is optimized with the Yoast SEO plugin v27.4 - https:\/\/yoast.com\/product\/yoast-seo-wordpress\/ -->\n<title>Rise Vision: recensione programma universit\u00e0 - Accurate Reviews<\/title>\n<meta name=\"description\" content=\"Rise Vision \u00e8 un software di digital signage che supporta e semplifica universit\u00e0 e attivit\u00e0 commerciali la gestione delle comunicazioni.\" \/>\n<meta name=\"robots\" content=\"index, follow, max-snippet:-1, max-image-preview:large, max-video-preview:-1\" \/>\n<link rel=\"canonical\" href=\"https:\/\/www.accuratereviews.com\/it\/software-universita\/rise-vision-recensione\/\" \/>\n<meta property=\"og:locale\" content=\"it_IT\" \/>\n<meta property=\"og:type\" content=\"article\" \/>\n<meta property=\"og:title\" content=\"Rise Vision: recensione programma universit\u00e0 - Accurate Reviews\" \/>\n<meta property=\"og:description\" content=\"Rise Vision \u00e8 un software di digital signage che supporta e semplifica universit\u00e0 e attivit\u00e0 commerciali la gestione delle comunicazioni.\" \/>\n<meta property=\"og:url\" content=\"https:\/\/www.accuratereviews.com\/it\/software-universita\/rise-vision-recensione\/\" \/>\n<meta property=\"og:site_name\" content=\"Accurate Reviews\" \/>\n<meta property=\"article:modified_time\" content=\"2021-04-23T12:44:56+00:00\" \/>\n<meta property=\"og:image\" content=\"https:\/\/www.accuratereviews.com\/wp-content\/uploads\/2021\/03\/8Y-ewcXg_400x400.png\" \/>\n\t<meta property=\"og:image:width\" content=\"400\" \/>\n\t<meta property=\"og:image:height\" content=\"400\" \/>\n\t<meta property=\"og:image:type\" content=\"image\/png\" \/>\n<meta name=\"twitter:card\" content=\"summary_large_image\" \/>\n<meta name=\"twitter:label1\" content=\"Tempo di lettura stimato\" \/>\n\t<meta name=\"twitter:data1\" content=\"3 minuti\" \/>\n<script type=\"application\/ld+json\" class=\"yoast-schema-graph\">{\"@context\":\"https:\\\/\\\/schema.org\",\"@graph\":[{\"@type\":\"WebPage\",\"@id\":\"https:\\\/\\\/www.accuratereviews.com\\\/it\\\/software-universita\\\/rise-vision-recensione\\\/\",\"url\":\"https:\\\/\\\/www.accuratereviews.com\\\/it\\\/software-universita\\\/rise-vision-recensione\\\/\",\"name\":\"Rise Vision: recensione programma universit\u00e0 - Accurate Reviews\",\"isPartOf\":{\"@id\":\"https:\\\/\\\/www.accuratereviews.com\\\/it\\\/#website\"},\"primaryImageOfPage\":{\"@id\":\"https:\\\/\\\/www.accuratereviews.com\\\/it\\\/software-universita\\\/rise-vision-recensione\\\/#primaryimage\"},\"image\":{\"@id\":\"https:\\\/\\\/www.accuratereviews.com\\\/it\\\/software-universita\\\/rise-vision-recensione\\\/#primaryimage\"},\"thumbnailUrl\":\"https:\\\/\\\/www.accuratereviews.com\\\/wp-content\\\/uploads\\\/2021\\\/03\\\/8Y-ewcXg_400x400.png\",\"datePublished\":\"2021-03-24T14:21:49+00:00\",\"dateModified\":\"2021-04-23T12:44:56+00:00\",\"description\":\"Rise Vision \u00e8 un software di digital signage che supporta e semplifica universit\u00e0 e attivit\u00e0 commerciali la gestione delle comunicazioni.\",\"breadcrumb\":{\"@id\":\"https:\\\/\\\/www.accuratereviews.com\\\/it\\\/software-universita\\\/rise-vision-recensione\\\/#breadcrumb\"},\"inLanguage\":\"it-IT\",\"potentialAction\":[{\"@type\":\"ReadAction\",\"target\":[\"https:\\\/\\\/www.accuratereviews.com\\\/it\\\/software-universita\\\/rise-vision-recensione\\\/\"]}]},{\"@type\":\"ImageObject\",\"inLanguage\":\"it-IT\",\"@id\":\"https:\\\/\\\/www.accuratereviews.com\\\/it\\\/software-universita\\\/rise-vision-recensione\\\/#primaryimage\",\"url\":\"https:\\\/\\\/www.accuratereviews.com\\\/wp-content\\\/uploads\\\/2021\\\/03\\\/8Y-ewcXg_400x400.png\",\"contentUrl\":\"https:\\\/\\\/www.accuratereviews.com\\\/wp-content\\\/uploads\\\/2021\\\/03\\\/8Y-ewcXg_400x400.png\",\"width\":400,\"height\":400},{\"@type\":\"BreadcrumbList\",\"@id\":\"https:\\\/\\\/www.accuratereviews.com\\\/it\\\/software-universita\\\/rise-vision-recensione\\\/#breadcrumb\",\"itemListElement\":[{\"@type\":\"ListItem\",\"position\":1,\"name\":\"Home\",\"item\":\"https:\\\/\\\/www.accuratereviews.com\\\/it\\\/\"},{\"@type\":\"ListItem\",\"position\":2,\"name\":\"Software per universit\u00e0\",\"item\":\"https:\\\/\\\/www.accuratereviews.com\\\/it\\\/software-universita\\\/\"},{\"@type\":\"ListItem\",\"position\":3,\"name\":\"Rise Vision\"}]},{\"@type\":\"WebSite\",\"@id\":\"https:\\\/\\\/www.accuratereviews.com\\\/it\\\/#website\",\"url\":\"https:\\\/\\\/www.accuratereviews.com\\\/it\\\/\",\"name\":\"Accurate Reviews\",\"description\":\"\",\"potentialAction\":[{\"@type\":\"SearchAction\",\"target\":{\"@type\":\"EntryPoint\",\"urlTemplate\":\"https:\\\/\\\/www.accuratereviews.com\\\/it\\\/?s={search_term_string}\"},\"query-input\":{\"@type\":\"PropertyValueSpecification\",\"valueRequired\":true,\"valueName\":\"search_term_string\"}}],\"inLanguage\":\"it-IT\"}]}<\/script>\n<!-- \/ Yoast SEO plugin. -->","yoast_head_json":{"title":"Rise Vision: recensione programma universit\u00e0 - Accurate Reviews","description":"Rise Vision \u00e8 un software di digital signage che supporta e semplifica universit\u00e0 e attivit\u00e0 commerciali la gestione delle comunicazioni.","robots":{"index":"index","follow":"follow","max-snippet":"max-snippet:-1","max-image-preview":"max-image-preview:large","max-video-preview":"max-video-preview:-1"},"canonical":"https:\/\/www.accuratereviews.com\/it\/software-universita\/rise-vision-recensione\/","og_locale":"it_IT","og_type":"article","og_title":"Rise Vision: recensione programma universit\u00e0 - Accurate Reviews","og_description":"Rise Vision \u00e8 un software di digital signage che supporta e semplifica universit\u00e0 e attivit\u00e0 commerciali la gestione delle comunicazioni.","og_url":"https:\/\/www.accuratereviews.com\/it\/software-universita\/rise-vision-recensione\/","og_site_name":"Accurate Reviews","article_modified_time":"2021-04-23T12:44:56+00:00","og_image":[{"width":400,"height":400,"url":"https:\/\/www.accuratereviews.com\/wp-content\/uploads\/2021\/03\/8Y-ewcXg_400x400.png","type":"image\/png"}],"twitter_card":"summary_large_image","twitter_misc":{"Tempo di lettura stimato":"3 minuti"},"schema":{"@context":"https:\/\/schema.org","@graph":[{"@type":"WebPage","@id":"https:\/\/www.accuratereviews.com\/it\/software-universita\/rise-vision-recensione\/","url":"https:\/\/www.accuratereviews.com\/it\/software-universita\/rise-vision-recensione\/","name":"Rise Vision: recensione programma universit\u00e0 - Accurate Reviews","isPartOf":{"@id":"https:\/\/www.accuratereviews.com\/it\/#website"},"primaryImageOfPage":{"@id":"https:\/\/www.accuratereviews.com\/it\/software-universita\/rise-vision-recensione\/#primaryimage"},"image":{"@id":"https:\/\/www.accuratereviews.com\/it\/software-universita\/rise-vision-recensione\/#primaryimage"},"thumbnailUrl":"https:\/\/www.accuratereviews.com\/wp-content\/uploads\/2021\/03\/8Y-ewcXg_400x400.png","datePublished":"2021-03-24T14:21:49+00:00","dateModified":"2021-04-23T12:44:56+00:00","description":"Rise Vision \u00e8 un software di digital signage che supporta e semplifica universit\u00e0 e attivit\u00e0 commerciali la gestione delle comunicazioni.","breadcrumb":{"@id":"https:\/\/www.accuratereviews.com\/it\/software-universita\/rise-vision-recensione\/#breadcrumb"},"inLanguage":"it-IT","potentialAction":[{"@type":"ReadAction","target":["https:\/\/www.accuratereviews.com\/it\/software-universita\/rise-vision-recensione\/"]}]},{"@type":"ImageObject","inLanguage":"it-IT","@id":"https:\/\/www.accuratereviews.com\/it\/software-universita\/rise-vision-recensione\/#primaryimage","url":"https:\/\/www.accuratereviews.com\/wp-content\/uploads\/2021\/03\/8Y-ewcXg_400x400.png","contentUrl":"https:\/\/www.accuratereviews.com\/wp-content\/uploads\/2021\/03\/8Y-ewcXg_400x400.png","width":400,"height":400},{"@type":"BreadcrumbList","@id":"https:\/\/www.accuratereviews.com\/it\/software-universita\/rise-vision-recensione\/#breadcrumb","itemListElement":[{"@type":"ListItem","position":1,"name":"Home","item":"https:\/\/www.accuratereviews.com\/it\/"},{"@type":"ListItem","position":2,"name":"Software per universit\u00e0","item":"https:\/\/www.accuratereviews.com\/it\/software-universita\/"},{"@type":"ListItem","position":3,"name":"Rise Vision"}]},{"@type":"WebSite","@id":"https:\/\/www.accuratereviews.com\/it\/#website","url":"https:\/\/www.accuratereviews.com\/it\/","name":"Accurate Reviews","description":"","potentialAction":[{"@type":"SearchAction","target":{"@type":"EntryPoint","urlTemplate":"https:\/\/www.accuratereviews.com\/it\/?s={search_term_string}"},"query-input":{"@type":"PropertyValueSpecification","valueRequired":true,"valueName":"search_term_string"}}],"inLanguage":"it-IT"}]}},"_links":{"self":[{"href":"https:\/\/www.accuratereviews.com\/it\/wp-json\/wp\/v2\/pages\/38979","targetHints":{"allow":["GET"]}}],"collection":[{"href":"https:\/\/www.accuratereviews.com\/it\/wp-json\/wp\/v2\/pages"}],"about":[{"href":"https:\/\/www.accuratereviews.com\/it\/wp-json\/wp\/v2\/types\/page"}],"author":[{"embeddable":true,"href":"https:\/\/www.accuratereviews.com\/it\/wp-json\/wp\/v2\/users\/17"}],"replies":[{"embeddable":true,"href":"https:\/\/www.accuratereviews.com\/it\/wp-json\/wp\/v2\/comments?post=38979"}],"version-history":[{"count":7,"href":"https:\/\/www.accuratereviews.com\/it\/wp-json\/wp\/v2\/pages\/38979\/revisions"}],"predecessor-version":[{"id":40867,"href":"https:\/\/www.accuratereviews.com\/it\/wp-json\/wp\/v2\/pages\/38979\/revisions\/40867"}],"up":[{"embeddable":true,"href":"https:\/\/www.accuratereviews.com\/it\/wp-json\/wp\/v2\/pages\/38766"}],"wp:featuredmedia":[{"embeddable":true,"href":"https:\/\/www.accuratereviews.com\/it\/wp-json\/wp\/v2\/media\/38991"}],"wp:attachment":[{"href":"https:\/\/www.accuratereviews.com\/it\/wp-json\/wp\/v2\/media?parent=38979"}],"wp:term":[{"taxonomy":"category","embeddable":true,"href":"https:\/\/www.accuratereviews.com\/it\/wp-json\/wp\/v2\/categories?post=38979"},{"taxonomy":"post_tag","embeddable":true,"href":"https:\/\/www.accuratereviews.com\/it\/wp-json\/wp\/v2\/tags?post=38979"},{"taxonomy":"features","embeddable":true,"href":"https:\/\/www.accuratereviews.com\/it\/wp-json\/wp\/v2\/features?post=38979"}],"curies":[{"name":"wp","href":"https:\/\/api.w.org\/{rel}","templated":true}]}}