{"id":38996,"date":"2021-03-24T14:25:18","date_gmt":"2021-03-24T14:25:18","guid":{"rendered":"https:\/\/www.accuratereviews.com\/?page_id=38996"},"modified":"2021-04-23T13:14:14","modified_gmt":"2021-04-23T13:14:14","slug":"ellucian-recensione","status":"publish","type":"page","link":"https:\/\/www.accuratereviews.com\/it\/software-universita\/ellucian-recensione\/","title":{"rendered":"Ellucian"},"content":{"rendered":"<p><strong>Ellucian<\/strong> \u00e8 leader di mercato nella tecnologia in ambito universitario. Collabora e supporta oltre 2500 istituzioni in oltre 50 paesi nella gestione di operazioni quotidiane che normalmente richiedono tempi lunghi e fatica. Si tratta di un <strong>sistema ERP<\/strong> completo, progettato per l&#8217;istruzione superiore e pu\u00f2 essere utilizzato in<strong> cloud o on-premise<\/strong> a seconda delle proprie esigenze. Come <strong>software per universit\u00e0<\/strong>, si pone l&#8217;obiettivo di coinvolgere maggiormente gli studenti e i docenti, di gestire i corsi, i curriculum, le consulenze, le valutazioni, le registrazioni e il sistema reportistico. In questo modo, con decisamente meno sforzo, potrai aiutare i tuoi alluni a trovare e a seguire\u00a0un percorso verso il successo.<\/p>\n<h2>ELLUCIAN &#8211; TUTORIAL<\/h2>\n<div id=\"fluid-wrapper-counter-1\" class=\"g1-fluid-wrapper \" style=\"width:686px;\">\n<div style=\"padding-bottom:56.268221574344%;\"><iframe loading=\"lazy\" title=\"Ellucian Demo\" width=\"686\" height=\"386\" src=\"https:\/\/www.youtube.com\/embed\/4po5q3LlWRM?feature=oembed&amp;wmode=transparent&amp;autohide=1&amp;autoplay=0&amp;disablekb=0&amp;fs=1&amp;loop=0&amp;enablejsapi=1&amp;rel=0&amp;controls=2&amp;showinfo=0&amp;wmode=transparent&amp;autohide=2&amp;autoplay=0&amp;disablekb=0&amp;fs=1&amp;loop=0&amp;enablejsapi=1&amp;rel=0&amp;controls=2&amp;showinfo=1\" frameborder=\"0\" allow=\"accelerometer; autoplay; clipboard-write; encrypted-media; gyroscope; picture-in-picture\" allowfullscreen><\/iframe><\/div>\n<\/div>\n<h3>ELLUCIAN &#8211; CARATTERISTICHE<\/h3>\n<p>Ecco le caratteristiche principali di questo programma:<\/p>\n<ul>\n<li><strong>Portale degli studenti<\/strong>: fornisce dati critici che consentono la registrazione, la gestione del curriculum, la consulenza, la valutazione, la laurea e il reporting chiave<\/li>\n<li><strong>Modelli cloud<\/strong>: soddisfa le esigenze tecnologiche dei tuoi elettori scegliendo l&#8217;opzione di implementazione cloud adatta alla tua istituzione<\/li>\n<li><strong>Correzione del corso<\/strong>: aiuta gli studenti a trovare e seguire un percorso verso il successo per conseguire il\u00a0diploma o la laurea<\/li>\n<li><strong>Iscrizione scalabile e di successo<\/strong>: processo utilizzato per aumentare le iscrizioni ai laureati a livello universitario<\/li>\n<li><strong>Consulenza Ellucian Strategic<\/strong>: fornisci il supporto per allineare le risorse a missioni e obiettivi, sviluppare piani di governance efficaci per raggiungere un cambiamento<\/li>\n<li><strong>Consulenza CRM Ellucian<\/strong>: unisce i dipartimenti con una visione completa del rendimento degli studenti e fornisce strumenti per impegnarsi efficacemente in ogni fase del viaggio dello studente.<\/li>\n<\/ul>\n<h4>LE RECENSIONI DEGLI UTENTI<\/h4>\n<p><strong>Jenny K. &#8220;Uso il modulo HR ogni giorno&#8221;<\/strong><br \/>\nPRO: il supporto per Ellucian \u00e8 fantastico. Ci \u00e8 voluto un po&#8217; per imparare a usare Colleague, ma una volta che ho imparato la mia area, \u00e8 stato molto utile.<br \/>\nCONTRO: non \u00e8 intuitivo. Vorrei che ci fosse una formazione che i nuovi dipendenti potessero frequentare nella loro area per conoscere il prodotto Colleague e aiutare a capire in che modo il cambiamento che apporto influisce sugli altri.<\/p>\n<p><strong>Timothy S. &#8220;Software molto stabile utilizzato dai migliori istituti di ed. Superiore&#8221;<\/strong><br \/>\nCOMMENTI: Ellucian ha fornito ai nostri studenti e al personale un&#8217;unica applicazione che gestisce gli aspetti dell&#8217;iscrizione al corso, il lavoro, le bollette, i pagamenti, i voti, lo stato accademico.<br \/>\nIl modulo Single Sign-On \u00e8 stato estremamente utile<br \/>\nPRO: \u00e8 un software di fascia alta. Molto stabile. Si integra con Microsoft LDAP. Lo abbiamo utilizzato per la gestione degli account di studenti e dipendenti in termini di registrazione del corso, moduli fiscali, fatturazione, stipendi, occupazione degli studenti, voti, trascrizioni. Ha un database molto sicuro e solido che \u00e8 essenziale per le questioni sopra menzionate.<br \/>\nCONTRO: gestirlo richiede formazione. Non \u00e8 facile da amministrare. Il prezzo \u00e8 molto alto rispetto al software concorrente nel settore dell&#8217;istruzione superiore.<\/p>\n<p><strong>Ashley V. &#8220;Ellucian funziona bene come sistema informativo per studenti.&#8221;<\/strong><br \/>\nPRO: il software ospita tutte le informazioni sui nostri studenti e l&#8217;IT ritiene che la protezione del database sia ragionevole per l&#8217;istruzione superiore. Siamo in grado di reclutare, registrare e mantenere registri degli aiuti finanziari per gli studenti. Il nostro ufficio delle risorse umane lo utilizza anche per informazioni sui dipendenti e sulla facolt\u00e0.<br \/>\nCONTRO: molte delle schermate richiedono comandi eccessivi. Ci sono tre o quattro passaggi aggiuntivi ogni volta che vuoi estrarre una trascrizione, eseguire una valutazione o registrare uno studente per le lezioni.<\/p>\n","protected":false},"excerpt":{"rendered":"<p>Ellucian\u00a0\u00e8 un leader di mercato nella tecnologia in ambito universitario, infatti collabora e supporta oltre 2.500 istituzioni in oltre 50 paesi nella gestione di operazioni quotidiane che normalmente richiedono tempi lunghi e fatica. Si tratta di un sistema ERP completo, progettato per l&#8217;istruzione superiore e pu\u00f2 essere utilizzato in cloud o on-premise a seconda delle proprie esigenze.<\/p>\n","protected":false},"author":17,"featured_media":38997,"parent":38766,"menu_order":0,"comment_status":"open","ping_status":"closed","template":"g1_template_page_review_new.php","meta":{"_acf_changed":false,"cwp_meta_box_check":"No","cwp_rev_product_name":"","cwp_rev_product_image":"","wppr_links":[],"cwp_rev_price":"","wppr_options":[],"wppr_pros":[],"wppr_cons":[],"_monsterinsights_skip_tracking":false,"_monsterinsights_sitenote_active":false,"_monsterinsights_sitenote_note":"","_monsterinsights_sitenote_category":0,"footnotes":""},"categories":[5417],"tags":[5423,5447,5421,5420,5422],"features":[],"class_list":{"0":"post-38996","1":"page","2":"type-page","3":"status-publish","4":"has-post-thumbnail","6":"category-software-universita-categoria","7":"tag-gestionale-universita","8":"tag-piattaforma-per-universita","9":"tag-programma-per-universita","10":"tag-software-per-universita","11":"tag-soluzione-per-universita"},"wppr_data":{"cwp_meta_box_check":"No"},"acf":[],"yoast_head":"<!-- This site is optimized with the Yoast SEO plugin v27.4 - https:\/\/yoast.com\/product\/yoast-seo-wordpress\/ -->\n<title>Ellucian: recensione software universit\u00e0 - Accurate Reviews<\/title>\n<meta name=\"description\" content=\"Ellucian \u00e8 un software per universit\u00e0 e per istituti di istruzione superiore utile per coinvolgere maggiormente gli studenti e i docenti.\" \/>\n<meta name=\"robots\" content=\"index, follow, max-snippet:-1, max-image-preview:large, max-video-preview:-1\" \/>\n<link rel=\"canonical\" href=\"https:\/\/www.accuratereviews.com\/it\/software-universita\/ellucian-recensione\/\" \/>\n<meta property=\"og:locale\" content=\"it_IT\" \/>\n<meta property=\"og:type\" content=\"article\" \/>\n<meta property=\"og:title\" content=\"Ellucian: recensione software universit\u00e0 - Accurate Reviews\" \/>\n<meta property=\"og:description\" content=\"Ellucian \u00e8 un software per universit\u00e0 e per istituti di istruzione superiore utile per coinvolgere maggiormente gli studenti e i docenti.\" \/>\n<meta property=\"og:url\" content=\"https:\/\/www.accuratereviews.com\/it\/software-universita\/ellucian-recensione\/\" \/>\n<meta property=\"og:site_name\" content=\"Accurate Reviews\" \/>\n<meta property=\"article:modified_time\" content=\"2021-04-23T13:14:14+00:00\" \/>\n<meta property=\"og:image\" content=\"https:\/\/www.accuratereviews.com\/wp-content\/uploads\/2021\/03\/55b672cbe982d3c3c6320f013b366036.png\" \/>\n\t<meta property=\"og:image:width\" content=\"489\" \/>\n\t<meta property=\"og:image:height\" content=\"220\" \/>\n\t<meta property=\"og:image:type\" content=\"image\/png\" \/>\n<meta name=\"twitter:card\" content=\"summary_large_image\" \/>\n<meta name=\"twitter:label1\" content=\"Tempo di lettura stimato\" \/>\n\t<meta name=\"twitter:data1\" content=\"3 minuti\" \/>\n<script type=\"application\/ld+json\" class=\"yoast-schema-graph\">{\"@context\":\"https:\\\/\\\/schema.org\",\"@graph\":[{\"@type\":\"WebPage\",\"@id\":\"https:\\\/\\\/www.accuratereviews.com\\\/it\\\/software-universita\\\/ellucian-recensione\\\/\",\"url\":\"https:\\\/\\\/www.accuratereviews.com\\\/it\\\/software-universita\\\/ellucian-recensione\\\/\",\"name\":\"Ellucian: recensione software universit\u00e0 - Accurate Reviews\",\"isPartOf\":{\"@id\":\"https:\\\/\\\/www.accuratereviews.com\\\/it\\\/#website\"},\"primaryImageOfPage\":{\"@id\":\"https:\\\/\\\/www.accuratereviews.com\\\/it\\\/software-universita\\\/ellucian-recensione\\\/#primaryimage\"},\"image\":{\"@id\":\"https:\\\/\\\/www.accuratereviews.com\\\/it\\\/software-universita\\\/ellucian-recensione\\\/#primaryimage\"},\"thumbnailUrl\":\"https:\\\/\\\/www.accuratereviews.com\\\/wp-content\\\/uploads\\\/2021\\\/03\\\/55b672cbe982d3c3c6320f013b366036.png\",\"datePublished\":\"2021-03-24T14:25:18+00:00\",\"dateModified\":\"2021-04-23T13:14:14+00:00\",\"description\":\"Ellucian \u00e8 un software per universit\u00e0 e per istituti di istruzione superiore utile per coinvolgere maggiormente gli studenti e i docenti.\",\"breadcrumb\":{\"@id\":\"https:\\\/\\\/www.accuratereviews.com\\\/it\\\/software-universita\\\/ellucian-recensione\\\/#breadcrumb\"},\"inLanguage\":\"it-IT\",\"potentialAction\":[{\"@type\":\"ReadAction\",\"target\":[\"https:\\\/\\\/www.accuratereviews.com\\\/it\\\/software-universita\\\/ellucian-recensione\\\/\"]}]},{\"@type\":\"ImageObject\",\"inLanguage\":\"it-IT\",\"@id\":\"https:\\\/\\\/www.accuratereviews.com\\\/it\\\/software-universita\\\/ellucian-recensione\\\/#primaryimage\",\"url\":\"https:\\\/\\\/www.accuratereviews.com\\\/wp-content\\\/uploads\\\/2021\\\/03\\\/55b672cbe982d3c3c6320f013b366036.png\",\"contentUrl\":\"https:\\\/\\\/www.accuratereviews.com\\\/wp-content\\\/uploads\\\/2021\\\/03\\\/55b672cbe982d3c3c6320f013b366036.png\",\"width\":489,\"height\":220},{\"@type\":\"BreadcrumbList\",\"@id\":\"https:\\\/\\\/www.accuratereviews.com\\\/it\\\/software-universita\\\/ellucian-recensione\\\/#breadcrumb\",\"itemListElement\":[{\"@type\":\"ListItem\",\"position\":1,\"name\":\"Home\",\"item\":\"https:\\\/\\\/www.accuratereviews.com\\\/it\\\/\"},{\"@type\":\"ListItem\",\"position\":2,\"name\":\"Software per universit\u00e0\",\"item\":\"https:\\\/\\\/www.accuratereviews.com\\\/it\\\/software-universita\\\/\"},{\"@type\":\"ListItem\",\"position\":3,\"name\":\"Ellucian\"}]},{\"@type\":\"WebSite\",\"@id\":\"https:\\\/\\\/www.accuratereviews.com\\\/it\\\/#website\",\"url\":\"https:\\\/\\\/www.accuratereviews.com\\\/it\\\/\",\"name\":\"Accurate Reviews\",\"description\":\"\",\"potentialAction\":[{\"@type\":\"SearchAction\",\"target\":{\"@type\":\"EntryPoint\",\"urlTemplate\":\"https:\\\/\\\/www.accuratereviews.com\\\/it\\\/?s={search_term_string}\"},\"query-input\":{\"@type\":\"PropertyValueSpecification\",\"valueRequired\":true,\"valueName\":\"search_term_string\"}}],\"inLanguage\":\"it-IT\"}]}<\/script>\n<!-- \/ Yoast SEO plugin. -->","yoast_head_json":{"title":"Ellucian: recensione software universit\u00e0 - Accurate Reviews","description":"Ellucian \u00e8 un software per universit\u00e0 e per istituti di istruzione superiore utile per coinvolgere maggiormente gli studenti e i docenti.","robots":{"index":"index","follow":"follow","max-snippet":"max-snippet:-1","max-image-preview":"max-image-preview:large","max-video-preview":"max-video-preview:-1"},"canonical":"https:\/\/www.accuratereviews.com\/it\/software-universita\/ellucian-recensione\/","og_locale":"it_IT","og_type":"article","og_title":"Ellucian: recensione software universit\u00e0 - Accurate Reviews","og_description":"Ellucian \u00e8 un software per universit\u00e0 e per istituti di istruzione superiore utile per coinvolgere maggiormente gli studenti e i docenti.","og_url":"https:\/\/www.accuratereviews.com\/it\/software-universita\/ellucian-recensione\/","og_site_name":"Accurate Reviews","article_modified_time":"2021-04-23T13:14:14+00:00","og_image":[{"width":489,"height":220,"url":"https:\/\/www.accuratereviews.com\/wp-content\/uploads\/2021\/03\/55b672cbe982d3c3c6320f013b366036.png","type":"image\/png"}],"twitter_card":"summary_large_image","twitter_misc":{"Tempo di lettura stimato":"3 minuti"},"schema":{"@context":"https:\/\/schema.org","@graph":[{"@type":"WebPage","@id":"https:\/\/www.accuratereviews.com\/it\/software-universita\/ellucian-recensione\/","url":"https:\/\/www.accuratereviews.com\/it\/software-universita\/ellucian-recensione\/","name":"Ellucian: recensione software universit\u00e0 - Accurate Reviews","isPartOf":{"@id":"https:\/\/www.accuratereviews.com\/it\/#website"},"primaryImageOfPage":{"@id":"https:\/\/www.accuratereviews.com\/it\/software-universita\/ellucian-recensione\/#primaryimage"},"image":{"@id":"https:\/\/www.accuratereviews.com\/it\/software-universita\/ellucian-recensione\/#primaryimage"},"thumbnailUrl":"https:\/\/www.accuratereviews.com\/wp-content\/uploads\/2021\/03\/55b672cbe982d3c3c6320f013b366036.png","datePublished":"2021-03-24T14:25:18+00:00","dateModified":"2021-04-23T13:14:14+00:00","description":"Ellucian \u00e8 un software per universit\u00e0 e per istituti di istruzione superiore utile per coinvolgere maggiormente gli studenti e i docenti.","breadcrumb":{"@id":"https:\/\/www.accuratereviews.com\/it\/software-universita\/ellucian-recensione\/#breadcrumb"},"inLanguage":"it-IT","potentialAction":[{"@type":"ReadAction","target":["https:\/\/www.accuratereviews.com\/it\/software-universita\/ellucian-recensione\/"]}]},{"@type":"ImageObject","inLanguage":"it-IT","@id":"https:\/\/www.accuratereviews.com\/it\/software-universita\/ellucian-recensione\/#primaryimage","url":"https:\/\/www.accuratereviews.com\/wp-content\/uploads\/2021\/03\/55b672cbe982d3c3c6320f013b366036.png","contentUrl":"https:\/\/www.accuratereviews.com\/wp-content\/uploads\/2021\/03\/55b672cbe982d3c3c6320f013b366036.png","width":489,"height":220},{"@type":"BreadcrumbList","@id":"https:\/\/www.accuratereviews.com\/it\/software-universita\/ellucian-recensione\/#breadcrumb","itemListElement":[{"@type":"ListItem","position":1,"name":"Home","item":"https:\/\/www.accuratereviews.com\/it\/"},{"@type":"ListItem","position":2,"name":"Software per universit\u00e0","item":"https:\/\/www.accuratereviews.com\/it\/software-universita\/"},{"@type":"ListItem","position":3,"name":"Ellucian"}]},{"@type":"WebSite","@id":"https:\/\/www.accuratereviews.com\/it\/#website","url":"https:\/\/www.accuratereviews.com\/it\/","name":"Accurate Reviews","description":"","potentialAction":[{"@type":"SearchAction","target":{"@type":"EntryPoint","urlTemplate":"https:\/\/www.accuratereviews.com\/it\/?s={search_term_string}"},"query-input":{"@type":"PropertyValueSpecification","valueRequired":true,"valueName":"search_term_string"}}],"inLanguage":"it-IT"}]}},"_links":{"self":[{"href":"https:\/\/www.accuratereviews.com\/it\/wp-json\/wp\/v2\/pages\/38996","targetHints":{"allow":["GET"]}}],"collection":[{"href":"https:\/\/www.accuratereviews.com\/it\/wp-json\/wp\/v2\/pages"}],"about":[{"href":"https:\/\/www.accuratereviews.com\/it\/wp-json\/wp\/v2\/types\/page"}],"author":[{"embeddable":true,"href":"https:\/\/www.accuratereviews.com\/it\/wp-json\/wp\/v2\/users\/17"}],"replies":[{"embeddable":true,"href":"https:\/\/www.accuratereviews.com\/it\/wp-json\/wp\/v2\/comments?post=38996"}],"version-history":[{"count":9,"href":"https:\/\/www.accuratereviews.com\/it\/wp-json\/wp\/v2\/pages\/38996\/revisions"}],"predecessor-version":[{"id":40904,"href":"https:\/\/www.accuratereviews.com\/it\/wp-json\/wp\/v2\/pages\/38996\/revisions\/40904"}],"up":[{"embeddable":true,"href":"https:\/\/www.accuratereviews.com\/it\/wp-json\/wp\/v2\/pages\/38766"}],"wp:featuredmedia":[{"embeddable":true,"href":"https:\/\/www.accuratereviews.com\/it\/wp-json\/wp\/v2\/media\/38997"}],"wp:attachment":[{"href":"https:\/\/www.accuratereviews.com\/it\/wp-json\/wp\/v2\/media?parent=38996"}],"wp:term":[{"taxonomy":"category","embeddable":true,"href":"https:\/\/www.accuratereviews.com\/it\/wp-json\/wp\/v2\/categories?post=38996"},{"taxonomy":"post_tag","embeddable":true,"href":"https:\/\/www.accuratereviews.com\/it\/wp-json\/wp\/v2\/tags?post=38996"},{"taxonomy":"features","embeddable":true,"href":"https:\/\/www.accuratereviews.com\/it\/wp-json\/wp\/v2\/features?post=38996"}],"curies":[{"name":"wp","href":"https:\/\/api.w.org\/{rel}","templated":true}]}}