{"id":39033,"date":"2021-03-25T13:15:50","date_gmt":"2021-03-25T13:15:50","guid":{"rendered":"https:\/\/www.accuratereviews.com\/?page_id=39033"},"modified":"2021-04-23T12:33:56","modified_gmt":"2021-04-23T12:33:56","slug":"populi-recensione","status":"publish","type":"page","link":"https:\/\/www.accuratereviews.com\/it\/software-universita\/populi-recensione\/","title":{"rendered":"Populi"},"content":{"rendered":"<p><strong>Populi<\/strong> \u00e8 una <strong>soluzione di gestione scolastica<\/strong> basata su <strong>cloud<\/strong> che si rivolge a istituti di piccole e medie dimensioni fornendo loro gli strumenti e le funzionalit\u00e0 per gestire le loro operazioni e routine amministrative. Le caratteristiche principali includono una soluzione di gestione dell&#8217;apprendimento, calcoli automatici Pell Grant e un modulo di donazione online. La soluzione offre agli utenti la capacit\u00e0 di archiviare documenti in vari formati come fogli di calcolo, video, audio e immagini. Dispone inoltre di sistema informativo per gli studenti, sistema di ammissione online, server multimediale in streaming e altro ancora. \u00c8 possibile accedere a <strong>Populi<\/strong> solo tramite connessioni crittografate SSL. Previene diversi tipi di perdita di dati con l&#8217;aiuto di backup in tempo reale archiviati in una posizione centralizzata.\u00a0Inoltre consente ai suoi utenti di visualizzare i registri delle attivit\u00e0 quotidiane e impostare appuntamenti tramite un calendario integrato che supporta l&#8217;integrazione con i calendari Google.<\/p>\n<h2>POPULI &#8211; TUTORIAL<\/h2>\n<p>Segui i passaggi nel video per garantire una maggiore sicurezza sul tuo account di questo <strong>software per universit\u00e0<\/strong>:<\/p>\n<div id=\"fluid-wrapper-counter-1\" class=\"g1-fluid-wrapper \" style=\"width:686px;\">\n<div style=\"padding-bottom:56.268221574344%;\"><iframe loading=\"lazy\" title=\"How Do I Set up Login Approvals?\" width=\"686\" height=\"386\" src=\"https:\/\/www.youtube.com\/embed\/xfTzJiuSEBY?feature=oembed&amp;wmode=transparent&amp;autohide=1&amp;autoplay=0&amp;disablekb=0&amp;fs=1&amp;loop=0&amp;enablejsapi=1&amp;rel=0&amp;controls=2&amp;showinfo=0&amp;wmode=transparent&amp;autohide=2&amp;autoplay=0&amp;disablekb=0&amp;fs=1&amp;loop=0&amp;enablejsapi=1&amp;rel=0&amp;controls=2&amp;showinfo=1\" frameborder=\"0\" allow=\"accelerometer; autoplay; clipboard-write; encrypted-media; gyroscope; picture-in-picture\" allowfullscreen><\/iframe><\/div>\n<\/div>\n<p>&nbsp;<\/p>\n<h3>POPULI &#8211; CARATTERISTICHE<\/h3>\n<ul>\n<li><strong>Supporto:<\/strong> hai bisogno di essere seguito passo dopo passo, questa soluzione pu\u00f2 aiutarti. Ogni account include assistenza clienti illimitata<\/li>\n<li><strong>Tutte le cose in un unico posto<\/strong>: un sistema per tutti. Un accesso per tutto. Informazioni per gli studenti, apprendimento online e molto altro in un unico pacchetto<\/li>\n<li><strong>Sicurezza<\/strong>: mantieni i tuoi dati privati, protetti e sottoposti a backup. Firewall, crittografato, protetto da password, monitorato attivamente<\/li>\n<li><strong>Basato sul web<\/strong>: funziona su qualsiasi dispositivo<\/li>\n<\/ul>\n<h4>LE RECENSIONI DEGLI UTENTI<\/h4>\n<p class=\"font-weight-bold mb-1 d-flex align-items-center\"><strong>Weinan Z.&#8221;Facile da usare, eccellente assistenza clienti&#8221;<\/strong><\/p>\n<p><strong>Commenti: <\/strong>Credo che sia un buon prodotto e abbia un buon potenziale, visti gli straordinari sforzi del team per soddisfare le esigenze in rapida evoluzione dei loro clienti attuali e futuri.<\/p>\n<p><strong>Pro: <\/strong>L&#8217;interfaccia \u00e8 facile da usare sia per gli studenti che per i docenti che autorizzano e gestiscono i corsi, in particolare il menu laterale di nuova concezione che rende la navigazione piuttosto semplice. Inoltre, il servizio clienti di Populi \u00e8 davvero impressionante: molto reattivo e professionale. Capiscono molto bene e risolvono il problema in modo efficace.<\/p>\n<p><strong>Contro: <\/strong>Non supporta l&#8217;apprendimento basato sulle competenze e le funzionalit\u00e0 dell&#8217;app mobile sono molto limitate. Poich\u00e9 la mia impressione di Populi \u00e8 un team che risponde rapidamente alle esigenze dei suoi clienti, spero che possa recuperare il ritardo anche in questi settori<\/p>\n<p class=\"font-weight-bold mb-1 d-flex align-items-center\"><strong>Phil W.&#8221;Perch\u00e9 abbiamo aspettato cos\u00ec a lungo?&#8221;<\/strong><\/p>\n<p><strong>Commenti: <\/strong>La nostra azienda non ha avuto nessuno che desiderasse tornare com&#8217;era prima di Populi. Il supporto \u00e8 stato costantemente utile, paziente e quasi sempre straordinariamente pronto. Penso che sarebbe vero dire che non abbiamo mai goduto di questo livello di supporto qualificato e amichevole da nessun altro fornitore di software.<\/p>\n<p><strong>Pro: <\/strong>\u00c8 chiaramente progettato per il nostro settore: la maggior parte delle funzionalit\u00e0 che ci piacciono sono gi\u00e0 presenti. \u00c8 fantastico avere documenti degli studenti, documenti finanziari, informazioni sul catalogo accademico, comunicazioni e persino reclutamento che lavorano nello stesso ambiente integrato.<\/p>\n<p><strong>Contro: <\/strong>A volte \u00e8 difficile o impossibile selezionare il set di dati esatto che ci interessa trovare o creare report che potrebbero esserci utili. Penso che possiamo aspettarci questo con qualsiasi software non progettato su misura per la nostra azienda. \u00c8 anche vero che esportando i dati, possiamo lavorarci su altri software per arrivare dove vogliamo andare. . . a volte pu\u00f2 essere solo un po&#8217; lungo.<\/p>\n<p class=\"font-weight-bold mb-1 d-flex align-items-center\"><strong>Gene S.&#8221;Ha funzionato bene per noi&#8221;<\/strong><\/p>\n<p><strong>Commenti: <\/strong>I precedenti 2 software SIS erano costosi e difficili da usare. Populis si \u00e8 adattato molto meglio al personale e agli studenti<\/p>\n<p><strong>Vantaggi: <\/strong>Facile da imparare per il personale. Si integra con l&#8217;LMS che utilizziamo<\/p>\n<p><strong>Inconvenienti: <\/strong>Alcuni problemi di integrazione, ma un buon supporto tecnico.<\/p>\n","protected":false},"excerpt":{"rendered":"<p>Populi \u00e8 una soluzione di gestione scolastica basata su cloud che si rivolge a college di piccole e medie dimensioni e fornisce loro gli strumenti e le funzionalit\u00e0 per gestire le loro operazioni e routine amministrative. Le caratteristiche principali includono una soluzione di gestione dell&#8217;apprendimento, calcoli automatici Pell Grant e un modulo di donazione online.<\/p>\n","protected":false},"author":19,"featured_media":39040,"parent":38766,"menu_order":0,"comment_status":"open","ping_status":"closed","template":"g1_template_page_review_new.php","meta":{"_acf_changed":false,"cwp_meta_box_check":"Yes","cwp_rev_product_name":"","cwp_rev_product_image":"","wppr_links":[],"cwp_rev_price":"","wppr_options":[],"wppr_pros":[],"wppr_cons":[],"_monsterinsights_skip_tracking":false,"_monsterinsights_sitenote_active":false,"_monsterinsights_sitenote_note":"","_monsterinsights_sitenote_category":0,"footnotes":""},"categories":[5417],"tags":[396,5447,5464,5421,5420,5422],"features":[],"class_list":{"0":"post-39033","1":"page","2":"type-page","3":"status-publish","4":"has-post-thumbnail","6":"category-software-universita-categoria","7":"tag-cloud","8":"tag-piattaforma-per-universita","9":"tag-populi","10":"tag-programma-per-universita","11":"tag-software-per-universita","12":"tag-soluzione-per-universita"},"wppr_data":{"cwp_meta_box_check":"Yes","cwp_rev_product_name":"","cwp_rev_product_image":"","cwp_image_link":"image","cwp_rev_price":"","wppr_rating":"0.00"},"acf":[],"yoast_head":"<!-- This site is optimized with the Yoast SEO plugin v27.4 - https:\/\/yoast.com\/product\/yoast-seo-wordpress\/ -->\n<title>Populi: recensione software universit\u00e0 - Accurate Reviews<\/title>\n<meta name=\"description\" content=\"Populi: recensione soluzione di gestione scolastica basata su cloud che si rivolge a college di piccole e medie dimensioni.\" \/>\n<meta name=\"robots\" content=\"index, follow, max-snippet:-1, max-image-preview:large, max-video-preview:-1\" \/>\n<link rel=\"canonical\" href=\"https:\/\/www.accuratereviews.com\/it\/software-universita\/populi-recensione\/\" \/>\n<meta property=\"og:locale\" content=\"it_IT\" \/>\n<meta property=\"og:type\" content=\"article\" \/>\n<meta property=\"og:title\" content=\"Populi: recensione software universit\u00e0 - Accurate Reviews\" \/>\n<meta property=\"og:description\" content=\"Populi: recensione soluzione di gestione scolastica basata su cloud che si rivolge a college di piccole e medie dimensioni.\" \/>\n<meta property=\"og:url\" content=\"https:\/\/www.accuratereviews.com\/it\/software-universita\/populi-recensione\/\" \/>\n<meta property=\"og:site_name\" content=\"Accurate Reviews\" \/>\n<meta property=\"article:modified_time\" content=\"2021-04-23T12:33:56+00:00\" \/>\n<meta property=\"og:image\" content=\"https:\/\/www.accuratereviews.com\/wp-content\/uploads\/2021\/03\/populi.png\" \/>\n\t<meta property=\"og:image:width\" content=\"400\" \/>\n\t<meta property=\"og:image:height\" content=\"400\" \/>\n\t<meta property=\"og:image:type\" content=\"image\/png\" \/>\n<meta name=\"twitter:card\" content=\"summary_large_image\" \/>\n<meta name=\"twitter:label1\" content=\"Tempo di lettura stimato\" \/>\n\t<meta name=\"twitter:data1\" content=\"3 minuti\" \/>\n<script type=\"application\/ld+json\" class=\"yoast-schema-graph\">{\"@context\":\"https:\\\/\\\/schema.org\",\"@graph\":[{\"@type\":\"WebPage\",\"@id\":\"https:\\\/\\\/www.accuratereviews.com\\\/it\\\/software-universita\\\/populi-recensione\\\/\",\"url\":\"https:\\\/\\\/www.accuratereviews.com\\\/it\\\/software-universita\\\/populi-recensione\\\/\",\"name\":\"Populi: recensione software universit\u00e0 - Accurate Reviews\",\"isPartOf\":{\"@id\":\"https:\\\/\\\/www.accuratereviews.com\\\/it\\\/#website\"},\"primaryImageOfPage\":{\"@id\":\"https:\\\/\\\/www.accuratereviews.com\\\/it\\\/software-universita\\\/populi-recensione\\\/#primaryimage\"},\"image\":{\"@id\":\"https:\\\/\\\/www.accuratereviews.com\\\/it\\\/software-universita\\\/populi-recensione\\\/#primaryimage\"},\"thumbnailUrl\":\"https:\\\/\\\/www.accuratereviews.com\\\/wp-content\\\/uploads\\\/2021\\\/03\\\/populi.png\",\"datePublished\":\"2021-03-25T13:15:50+00:00\",\"dateModified\":\"2021-04-23T12:33:56+00:00\",\"description\":\"Populi: recensione soluzione di gestione scolastica basata su cloud che si rivolge a college di piccole e medie dimensioni.\",\"breadcrumb\":{\"@id\":\"https:\\\/\\\/www.accuratereviews.com\\\/it\\\/software-universita\\\/populi-recensione\\\/#breadcrumb\"},\"inLanguage\":\"it-IT\",\"potentialAction\":[{\"@type\":\"ReadAction\",\"target\":[\"https:\\\/\\\/www.accuratereviews.com\\\/it\\\/software-universita\\\/populi-recensione\\\/\"]}]},{\"@type\":\"ImageObject\",\"inLanguage\":\"it-IT\",\"@id\":\"https:\\\/\\\/www.accuratereviews.com\\\/it\\\/software-universita\\\/populi-recensione\\\/#primaryimage\",\"url\":\"https:\\\/\\\/www.accuratereviews.com\\\/wp-content\\\/uploads\\\/2021\\\/03\\\/populi.png\",\"contentUrl\":\"https:\\\/\\\/www.accuratereviews.com\\\/wp-content\\\/uploads\\\/2021\\\/03\\\/populi.png\",\"width\":400,\"height\":400},{\"@type\":\"BreadcrumbList\",\"@id\":\"https:\\\/\\\/www.accuratereviews.com\\\/it\\\/software-universita\\\/populi-recensione\\\/#breadcrumb\",\"itemListElement\":[{\"@type\":\"ListItem\",\"position\":1,\"name\":\"Home\",\"item\":\"https:\\\/\\\/www.accuratereviews.com\\\/it\\\/\"},{\"@type\":\"ListItem\",\"position\":2,\"name\":\"Software per universit\u00e0\",\"item\":\"https:\\\/\\\/www.accuratereviews.com\\\/it\\\/software-universita\\\/\"},{\"@type\":\"ListItem\",\"position\":3,\"name\":\"Populi\"}]},{\"@type\":\"WebSite\",\"@id\":\"https:\\\/\\\/www.accuratereviews.com\\\/it\\\/#website\",\"url\":\"https:\\\/\\\/www.accuratereviews.com\\\/it\\\/\",\"name\":\"Accurate Reviews\",\"description\":\"\",\"potentialAction\":[{\"@type\":\"SearchAction\",\"target\":{\"@type\":\"EntryPoint\",\"urlTemplate\":\"https:\\\/\\\/www.accuratereviews.com\\\/it\\\/?s={search_term_string}\"},\"query-input\":{\"@type\":\"PropertyValueSpecification\",\"valueRequired\":true,\"valueName\":\"search_term_string\"}}],\"inLanguage\":\"it-IT\"}]}<\/script>\n<!-- \/ Yoast SEO plugin. -->","yoast_head_json":{"title":"Populi: recensione software universit\u00e0 - Accurate Reviews","description":"Populi: recensione soluzione di gestione scolastica basata su cloud che si rivolge a college di piccole e medie dimensioni.","robots":{"index":"index","follow":"follow","max-snippet":"max-snippet:-1","max-image-preview":"max-image-preview:large","max-video-preview":"max-video-preview:-1"},"canonical":"https:\/\/www.accuratereviews.com\/it\/software-universita\/populi-recensione\/","og_locale":"it_IT","og_type":"article","og_title":"Populi: recensione software universit\u00e0 - Accurate Reviews","og_description":"Populi: recensione soluzione di gestione scolastica basata su cloud che si rivolge a college di piccole e medie dimensioni.","og_url":"https:\/\/www.accuratereviews.com\/it\/software-universita\/populi-recensione\/","og_site_name":"Accurate Reviews","article_modified_time":"2021-04-23T12:33:56+00:00","og_image":[{"width":400,"height":400,"url":"https:\/\/www.accuratereviews.com\/wp-content\/uploads\/2021\/03\/populi.png","type":"image\/png"}],"twitter_card":"summary_large_image","twitter_misc":{"Tempo di lettura stimato":"3 minuti"},"schema":{"@context":"https:\/\/schema.org","@graph":[{"@type":"WebPage","@id":"https:\/\/www.accuratereviews.com\/it\/software-universita\/populi-recensione\/","url":"https:\/\/www.accuratereviews.com\/it\/software-universita\/populi-recensione\/","name":"Populi: recensione software universit\u00e0 - Accurate Reviews","isPartOf":{"@id":"https:\/\/www.accuratereviews.com\/it\/#website"},"primaryImageOfPage":{"@id":"https:\/\/www.accuratereviews.com\/it\/software-universita\/populi-recensione\/#primaryimage"},"image":{"@id":"https:\/\/www.accuratereviews.com\/it\/software-universita\/populi-recensione\/#primaryimage"},"thumbnailUrl":"https:\/\/www.accuratereviews.com\/wp-content\/uploads\/2021\/03\/populi.png","datePublished":"2021-03-25T13:15:50+00:00","dateModified":"2021-04-23T12:33:56+00:00","description":"Populi: recensione soluzione di gestione scolastica basata su cloud che si rivolge a college di piccole e medie dimensioni.","breadcrumb":{"@id":"https:\/\/www.accuratereviews.com\/it\/software-universita\/populi-recensione\/#breadcrumb"},"inLanguage":"it-IT","potentialAction":[{"@type":"ReadAction","target":["https:\/\/www.accuratereviews.com\/it\/software-universita\/populi-recensione\/"]}]},{"@type":"ImageObject","inLanguage":"it-IT","@id":"https:\/\/www.accuratereviews.com\/it\/software-universita\/populi-recensione\/#primaryimage","url":"https:\/\/www.accuratereviews.com\/wp-content\/uploads\/2021\/03\/populi.png","contentUrl":"https:\/\/www.accuratereviews.com\/wp-content\/uploads\/2021\/03\/populi.png","width":400,"height":400},{"@type":"BreadcrumbList","@id":"https:\/\/www.accuratereviews.com\/it\/software-universita\/populi-recensione\/#breadcrumb","itemListElement":[{"@type":"ListItem","position":1,"name":"Home","item":"https:\/\/www.accuratereviews.com\/it\/"},{"@type":"ListItem","position":2,"name":"Software per universit\u00e0","item":"https:\/\/www.accuratereviews.com\/it\/software-universita\/"},{"@type":"ListItem","position":3,"name":"Populi"}]},{"@type":"WebSite","@id":"https:\/\/www.accuratereviews.com\/it\/#website","url":"https:\/\/www.accuratereviews.com\/it\/","name":"Accurate Reviews","description":"","potentialAction":[{"@type":"SearchAction","target":{"@type":"EntryPoint","urlTemplate":"https:\/\/www.accuratereviews.com\/it\/?s={search_term_string}"},"query-input":{"@type":"PropertyValueSpecification","valueRequired":true,"valueName":"search_term_string"}}],"inLanguage":"it-IT"}]}},"_links":{"self":[{"href":"https:\/\/www.accuratereviews.com\/it\/wp-json\/wp\/v2\/pages\/39033","targetHints":{"allow":["GET"]}}],"collection":[{"href":"https:\/\/www.accuratereviews.com\/it\/wp-json\/wp\/v2\/pages"}],"about":[{"href":"https:\/\/www.accuratereviews.com\/it\/wp-json\/wp\/v2\/types\/page"}],"author":[{"embeddable":true,"href":"https:\/\/www.accuratereviews.com\/it\/wp-json\/wp\/v2\/users\/19"}],"replies":[{"embeddable":true,"href":"https:\/\/www.accuratereviews.com\/it\/wp-json\/wp\/v2\/comments?post=39033"}],"version-history":[{"count":19,"href":"https:\/\/www.accuratereviews.com\/it\/wp-json\/wp\/v2\/pages\/39033\/revisions"}],"predecessor-version":[{"id":40853,"href":"https:\/\/www.accuratereviews.com\/it\/wp-json\/wp\/v2\/pages\/39033\/revisions\/40853"}],"up":[{"embeddable":true,"href":"https:\/\/www.accuratereviews.com\/it\/wp-json\/wp\/v2\/pages\/38766"}],"wp:featuredmedia":[{"embeddable":true,"href":"https:\/\/www.accuratereviews.com\/it\/wp-json\/wp\/v2\/media\/39040"}],"wp:attachment":[{"href":"https:\/\/www.accuratereviews.com\/it\/wp-json\/wp\/v2\/media?parent=39033"}],"wp:term":[{"taxonomy":"category","embeddable":true,"href":"https:\/\/www.accuratereviews.com\/it\/wp-json\/wp\/v2\/categories?post=39033"},{"taxonomy":"post_tag","embeddable":true,"href":"https:\/\/www.accuratereviews.com\/it\/wp-json\/wp\/v2\/tags?post=39033"},{"taxonomy":"features","embeddable":true,"href":"https:\/\/www.accuratereviews.com\/it\/wp-json\/wp\/v2\/features?post=39033"}],"curies":[{"name":"wp","href":"https:\/\/api.w.org\/{rel}","templated":true}]}}