{"id":39036,"date":"2021-03-25T13:12:44","date_gmt":"2021-03-25T13:12:44","guid":{"rendered":"https:\/\/www.accuratereviews.com\/?page_id=39036"},"modified":"2021-04-23T12:50:27","modified_gmt":"2021-04-23T12:50:27","slug":"webcheckout-recensione","status":"publish","type":"page","link":"https:\/\/www.accuratereviews.com\/it\/software-universita\/webcheckout-recensione\/","title":{"rendered":"WebCheckout"},"content":{"rendered":"<p><strong>WebCheckout<\/strong> \u00e8 un <strong>software di gestione dell&#8217;inventario<\/strong> progettato per aiutare gli istituti scolastici, le case di produzione e le attivit\u00e0 aziendali a gestire i membri del personale, le apparecchiature IT e le risorse multimediali su una piattaforma centralizzata. Gli amministratori possono pianificare l&#8217;orario di lavoro dei dipendenti e fornire ai clienti un portale self-service per modificare le informazioni personali e ricevere consigli sulle apparecchiature. Il programma\u00a0consente alle organizzazioni di ordinare le risorse disponibili in diverse categorie, aggiungere immagini e utilizzare la funzionalit\u00e0 di ricerca per recuperare i dettagli di elementi specifici. I manager possono mantenere un registro delle attivit\u00e0 dei dipendenti, configurare le autorizzazioni di accesso e proteggere i dati riservati utilizzando le funzionalit\u00e0 di Single Sign-On (SSO). Consente inoltre agli utenti di gestire le prenotazioni delle attrezzature e di suggerire automaticamente alternative per gli articoli non disponibili.<\/p>\n<h2>WEBCHECKOUT &#8211; TUTORIAL<\/h2>\n<p>Guardiamo insieme come utilizzare questo<strong> software gestionale per universit\u00e0<\/strong>:<\/p>\n<div id=\"fluid-wrapper-counter-1\" class=\"g1-fluid-wrapper \" style=\"width:686px;\">\n<div style=\"padding-bottom:56.268221574344%;\"><iframe loading=\"lazy\" title=\"WebCheckout Town Hall 5\" width=\"686\" height=\"386\" src=\"https:\/\/www.youtube.com\/embed\/ODnNhKQD4b4?feature=oembed&amp;wmode=transparent&amp;autohide=1&amp;autoplay=0&amp;disablekb=0&amp;fs=1&amp;loop=0&amp;enablejsapi=1&amp;rel=0&amp;controls=2&amp;showinfo=0&amp;wmode=transparent&amp;autohide=2&amp;autoplay=0&amp;disablekb=0&amp;fs=1&amp;loop=0&amp;enablejsapi=1&amp;rel=0&amp;controls=2&amp;showinfo=1\" frameborder=\"0\" allow=\"accelerometer; autoplay; clipboard-write; encrypted-media; gyroscope; picture-in-picture\" allowfullscreen><\/iframe><\/div>\n<\/div>\n<h3>WEBCHECKOUT &#8211; CARATTERISTICHE<\/h3>\n<ul>\n<li>Gestione del cliente, esoneri di responsabilit\u00e0, commissioni e multe<\/li>\n<li>Raccomandazioni sulle apparecchiature intelligenti<\/li>\n<li>Allegati illimitati per persone, luoghi e cose<\/li>\n<li>Pianificazione del personale per lavoratori a tempo pieno e part-time<\/li>\n<li>50 controlli che disciplinano chi ha accesso all&#8217;inventario<\/li>\n<li>Permessi diversi per i dipendenti<\/li>\n<li>Alternative alle apparecchiature non disponibili<\/li>\n<li>Raggruppamento flessibile delle apparecchiature per semplificare le prenotazioni e ridurre gli errori<\/li>\n<li>Assegnazione di programmi di manutenzione<\/li>\n<li>Report sull&#8217;utilizzo per informare le decisioni di budget<\/li>\n<li>Personalizzazione illimitata di campi per soddisfare ogni esigenza<\/li>\n<li>Reportistica completa a supporto delle decisioni basate sui dati<\/li>\n<li>Rilevazione di perdita o il posizionamento errato delle apparecchiature tramite controlli di inventario programmati.<\/li>\n<\/ul>\n<h4>LE RECENSIONI DEGLI UTENTI<\/h4>\n<p class=\"font-weight-bold mb-1 d-flex align-items-center\"><strong>Aaron G.&#8221;WebCheckout ti fa risparmiare tempo e denaro!&#8221;<\/strong><\/p>\n<p><strong>Commenti: <\/strong>Siamo passati a WebCheckout dopo aver utilizzato una soluzione di noleggio cartacea per oltre 40 anni. Il conteggio dell&#8217;inventario \u00e8 diventato accurato. Ora siamo in grado di eseguire rapporti sull&#8217;utilizzo mensili, settimanali o anche giornalieri senza dover contare manualmente i documenti cartacei.<\/p>\n<p><strong>Pro: <\/strong>WebCheckout offre la possibilit\u00e0 di tenere traccia di ogni pezzo di equipaggiamento nel nostro inventario. Possiamo anche monitorare l&#8217;utilizzo delle nostre suite di produzione. Essere in grado di eseguire rapporti sull&#8217;utilizzo in tempo reale aiuta a destinare il budget ad aree e attrezzature maggiormente utilizzate. Le schermate del dashboard consentono ai lavoratori di preselezionare gli ordini in sospeso e prepararsi per la restituzione di noleggi di grandi dimensioni.<\/p>\n<p><strong>Contro: <\/strong>Non abbiamo lamentele con questo software.<\/p>\n<p class=\"font-weight-bold mb-1 d-flex align-items-center\"><strong>Asa K.&#8221;WebCheckout in Media Education&#8221;<\/strong><\/p>\n<p><strong>Commenti: <\/strong>Il nostro vecchio sistema di inventario dei prestiti stava per essere disattivato, quindi dovevamo trovare qualcosa di nuovo. Il Web Checkout ha soddisfatto tutte le nostre esigenze e altro ancora. \u00c8 stato un miglioramento incredibile rispetto ai nostri flussi di lavoro precedenti.<\/p>\n<p><strong>Pro: <\/strong>Web Checkout \u00e8 altamente personalizzabile, facile da usare, interamente basato sul web e si integra con il nostro Active Directory, il sistema informativo degli studenti, le carte d&#8217;identit\u00e0 utente ei \u00a0codici a barre delle apparecchiature esistenti. Le migliori funzioni sono i promemoria automatici via email e le regole di autorizzazione flessibili.<\/p>\n<p><strong>Contro: <\/strong>La configurazione iniziale dell&#8217;integrazione era un po&#8217; noiosa, ma una volta configurata rende i processi quotidiani un gioco da ragazzi.<\/p>\n<p class=\"font-weight-bold mb-1 d-flex align-items-center\"><strong>John L.&#8221;La soluzione per la gestione del prestito di attrezzature che stavi cercando &#8230;&#8221;<\/strong><\/p>\n<p><strong>Commenti: <\/strong>WebCheckout \u00e8 una delle migliori &#8211; e uniche &#8211; soluzioni che ha soddisfatto le nostre esigenze con i computer, le fotocamere e altre apparecchiature tecnologiche che prestiamo. Anche se \u00e8 sul lato pi\u00f9 costoso, ottieni quello per cui paghi &#8230; e altro ancora. C&#8217;\u00e8 un forte supporto da parte del fornitore e un listserv attivo con altri utenti.<\/p>\n<p><strong>Vantaggi: <\/strong>Avevamo bisogno di una soluzione che ci consentisse di gestire la nostra attrezzatura in prestito senza dover gestire ogni singola cassa. WebCheckout ci ha permesso di farlo: siamo in grado di impostare una durata del prestito predefinita, notifiche automatiche per check-out, check-in e prestiti scaduti e di sospendere i nostri utenti quando violano la politica di prestito delle attrezzature che accettano prima di prendere in prestito qualsiasi attrezzatura.<\/p>\n<p><strong>Inconvenienti: <\/strong>Ci sono molte funzionalit\u00e0, quasi troppe. Il sistema pu\u00f2 essere un po &#8216;opprimente, ma ci sono molte risorse nella knowledge base di WebCheckout.<\/p>\n","protected":false},"excerpt":{"rendered":"<p>WebCheckout \u00e8 un software di gestione dell&#8217;inventario progettato per aiutare gli istituti scolastici, le case di produzione e le attivit\u00e0 aziendali a gestire i membri del personale, le apparecchiature IT e le risorse multimediali su una piattaforma centralizzata.<\/p>\n","protected":false},"author":19,"featured_media":39071,"parent":38766,"menu_order":0,"comment_status":"open","ping_status":"closed","template":"g1_template_page_review_new.php","meta":{"_acf_changed":false,"cwp_meta_box_check":"Yes","cwp_rev_product_name":"","cwp_rev_product_image":"","wppr_links":[],"cwp_rev_price":"","wppr_options":[],"wppr_pros":[],"wppr_cons":[],"_monsterinsights_skip_tracking":false,"_monsterinsights_sitenote_active":false,"_monsterinsights_sitenote_note":"","_monsterinsights_sitenote_category":0,"footnotes":""},"categories":[5417],"tags":[5465,5447,5421,5420,5422,5466],"features":[],"class_list":{"0":"post-39036","1":"page","2":"type-page","3":"status-publish","4":"has-post-thumbnail","6":"category-software-universita-categoria","7":"tag-gestionale-per-universita","8":"tag-piattaforma-per-universita","9":"tag-programma-per-universita","10":"tag-software-per-universita","11":"tag-soluzione-per-universita","12":"tag-webcheckout"},"wppr_data":{"cwp_meta_box_check":"Yes","cwp_rev_product_name":"","cwp_rev_product_image":"","cwp_image_link":"image","cwp_rev_price":"","wppr_rating":"0.00"},"acf":[],"yoast_head":"<!-- This site is optimized with the Yoast SEO plugin v27.4 - https:\/\/yoast.com\/product\/yoast-seo-wordpress\/ -->\n<title>WebCheckout: recensione software per universit\u00e0 - Accurate Reviews<\/title>\n<meta name=\"description\" content=\"WebCheckout: recensioni software di gestione dell&#039;inventario progettato per gli istituti scolastici, le case di produzione e aziende varie.\" \/>\n<meta name=\"robots\" content=\"index, follow, max-snippet:-1, max-image-preview:large, max-video-preview:-1\" \/>\n<link rel=\"canonical\" href=\"https:\/\/www.accuratereviews.com\/it\/software-universita\/webcheckout-recensione\/\" \/>\n<meta property=\"og:locale\" content=\"it_IT\" \/>\n<meta property=\"og:type\" content=\"article\" \/>\n<meta property=\"og:title\" content=\"WebCheckout: recensione software per universit\u00e0 - Accurate Reviews\" \/>\n<meta property=\"og:description\" content=\"WebCheckout: recensioni software di gestione dell&#039;inventario progettato per gli istituti scolastici, le case di produzione e aziende varie.\" \/>\n<meta property=\"og:url\" content=\"https:\/\/www.accuratereviews.com\/it\/software-universita\/webcheckout-recensione\/\" \/>\n<meta property=\"og:site_name\" content=\"Accurate Reviews\" \/>\n<meta property=\"article:modified_time\" content=\"2021-04-23T12:50:27+00:00\" \/>\n<meta property=\"og:image\" content=\"https:\/\/www.accuratereviews.com\/wp-content\/uploads\/2021\/03\/webcheck.png\" \/>\n\t<meta property=\"og:image:width\" content=\"400\" \/>\n\t<meta property=\"og:image:height\" content=\"400\" \/>\n\t<meta property=\"og:image:type\" content=\"image\/png\" \/>\n<meta name=\"twitter:card\" content=\"summary_large_image\" \/>\n<meta name=\"twitter:label1\" content=\"Tempo di lettura stimato\" \/>\n\t<meta name=\"twitter:data1\" content=\"3 minuti\" \/>\n<script type=\"application\/ld+json\" class=\"yoast-schema-graph\">{\"@context\":\"https:\\\/\\\/schema.org\",\"@graph\":[{\"@type\":\"WebPage\",\"@id\":\"https:\\\/\\\/www.accuratereviews.com\\\/it\\\/software-universita\\\/webcheckout-recensione\\\/\",\"url\":\"https:\\\/\\\/www.accuratereviews.com\\\/it\\\/software-universita\\\/webcheckout-recensione\\\/\",\"name\":\"WebCheckout: recensione software per universit\u00e0 - Accurate Reviews\",\"isPartOf\":{\"@id\":\"https:\\\/\\\/www.accuratereviews.com\\\/it\\\/#website\"},\"primaryImageOfPage\":{\"@id\":\"https:\\\/\\\/www.accuratereviews.com\\\/it\\\/software-universita\\\/webcheckout-recensione\\\/#primaryimage\"},\"image\":{\"@id\":\"https:\\\/\\\/www.accuratereviews.com\\\/it\\\/software-universita\\\/webcheckout-recensione\\\/#primaryimage\"},\"thumbnailUrl\":\"https:\\\/\\\/www.accuratereviews.com\\\/wp-content\\\/uploads\\\/2021\\\/03\\\/webcheck.png\",\"datePublished\":\"2021-03-25T13:12:44+00:00\",\"dateModified\":\"2021-04-23T12:50:27+00:00\",\"description\":\"WebCheckout: recensioni software di gestione dell'inventario progettato per gli istituti scolastici, le case di produzione e aziende varie.\",\"breadcrumb\":{\"@id\":\"https:\\\/\\\/www.accuratereviews.com\\\/it\\\/software-universita\\\/webcheckout-recensione\\\/#breadcrumb\"},\"inLanguage\":\"it-IT\",\"potentialAction\":[{\"@type\":\"ReadAction\",\"target\":[\"https:\\\/\\\/www.accuratereviews.com\\\/it\\\/software-universita\\\/webcheckout-recensione\\\/\"]}]},{\"@type\":\"ImageObject\",\"inLanguage\":\"it-IT\",\"@id\":\"https:\\\/\\\/www.accuratereviews.com\\\/it\\\/software-universita\\\/webcheckout-recensione\\\/#primaryimage\",\"url\":\"https:\\\/\\\/www.accuratereviews.com\\\/wp-content\\\/uploads\\\/2021\\\/03\\\/webcheck.png\",\"contentUrl\":\"https:\\\/\\\/www.accuratereviews.com\\\/wp-content\\\/uploads\\\/2021\\\/03\\\/webcheck.png\",\"width\":400,\"height\":400},{\"@type\":\"BreadcrumbList\",\"@id\":\"https:\\\/\\\/www.accuratereviews.com\\\/it\\\/software-universita\\\/webcheckout-recensione\\\/#breadcrumb\",\"itemListElement\":[{\"@type\":\"ListItem\",\"position\":1,\"name\":\"Home\",\"item\":\"https:\\\/\\\/www.accuratereviews.com\\\/it\\\/\"},{\"@type\":\"ListItem\",\"position\":2,\"name\":\"Software per universit\u00e0\",\"item\":\"https:\\\/\\\/www.accuratereviews.com\\\/it\\\/software-universita\\\/\"},{\"@type\":\"ListItem\",\"position\":3,\"name\":\"WebCheckout\"}]},{\"@type\":\"WebSite\",\"@id\":\"https:\\\/\\\/www.accuratereviews.com\\\/it\\\/#website\",\"url\":\"https:\\\/\\\/www.accuratereviews.com\\\/it\\\/\",\"name\":\"Accurate Reviews\",\"description\":\"\",\"potentialAction\":[{\"@type\":\"SearchAction\",\"target\":{\"@type\":\"EntryPoint\",\"urlTemplate\":\"https:\\\/\\\/www.accuratereviews.com\\\/it\\\/?s={search_term_string}\"},\"query-input\":{\"@type\":\"PropertyValueSpecification\",\"valueRequired\":true,\"valueName\":\"search_term_string\"}}],\"inLanguage\":\"it-IT\"}]}<\/script>\n<!-- \/ Yoast SEO plugin. -->","yoast_head_json":{"title":"WebCheckout: recensione software per universit\u00e0 - Accurate Reviews","description":"WebCheckout: recensioni software di gestione dell'inventario progettato per gli istituti scolastici, le case di produzione e aziende varie.","robots":{"index":"index","follow":"follow","max-snippet":"max-snippet:-1","max-image-preview":"max-image-preview:large","max-video-preview":"max-video-preview:-1"},"canonical":"https:\/\/www.accuratereviews.com\/it\/software-universita\/webcheckout-recensione\/","og_locale":"it_IT","og_type":"article","og_title":"WebCheckout: recensione software per universit\u00e0 - Accurate Reviews","og_description":"WebCheckout: recensioni software di gestione dell'inventario progettato per gli istituti scolastici, le case di produzione e aziende varie.","og_url":"https:\/\/www.accuratereviews.com\/it\/software-universita\/webcheckout-recensione\/","og_site_name":"Accurate Reviews","article_modified_time":"2021-04-23T12:50:27+00:00","og_image":[{"width":400,"height":400,"url":"https:\/\/www.accuratereviews.com\/wp-content\/uploads\/2021\/03\/webcheck.png","type":"image\/png"}],"twitter_card":"summary_large_image","twitter_misc":{"Tempo di lettura stimato":"3 minuti"},"schema":{"@context":"https:\/\/schema.org","@graph":[{"@type":"WebPage","@id":"https:\/\/www.accuratereviews.com\/it\/software-universita\/webcheckout-recensione\/","url":"https:\/\/www.accuratereviews.com\/it\/software-universita\/webcheckout-recensione\/","name":"WebCheckout: recensione software per universit\u00e0 - Accurate Reviews","isPartOf":{"@id":"https:\/\/www.accuratereviews.com\/it\/#website"},"primaryImageOfPage":{"@id":"https:\/\/www.accuratereviews.com\/it\/software-universita\/webcheckout-recensione\/#primaryimage"},"image":{"@id":"https:\/\/www.accuratereviews.com\/it\/software-universita\/webcheckout-recensione\/#primaryimage"},"thumbnailUrl":"https:\/\/www.accuratereviews.com\/wp-content\/uploads\/2021\/03\/webcheck.png","datePublished":"2021-03-25T13:12:44+00:00","dateModified":"2021-04-23T12:50:27+00:00","description":"WebCheckout: recensioni software di gestione dell'inventario progettato per gli istituti scolastici, le case di produzione e aziende varie.","breadcrumb":{"@id":"https:\/\/www.accuratereviews.com\/it\/software-universita\/webcheckout-recensione\/#breadcrumb"},"inLanguage":"it-IT","potentialAction":[{"@type":"ReadAction","target":["https:\/\/www.accuratereviews.com\/it\/software-universita\/webcheckout-recensione\/"]}]},{"@type":"ImageObject","inLanguage":"it-IT","@id":"https:\/\/www.accuratereviews.com\/it\/software-universita\/webcheckout-recensione\/#primaryimage","url":"https:\/\/www.accuratereviews.com\/wp-content\/uploads\/2021\/03\/webcheck.png","contentUrl":"https:\/\/www.accuratereviews.com\/wp-content\/uploads\/2021\/03\/webcheck.png","width":400,"height":400},{"@type":"BreadcrumbList","@id":"https:\/\/www.accuratereviews.com\/it\/software-universita\/webcheckout-recensione\/#breadcrumb","itemListElement":[{"@type":"ListItem","position":1,"name":"Home","item":"https:\/\/www.accuratereviews.com\/it\/"},{"@type":"ListItem","position":2,"name":"Software per universit\u00e0","item":"https:\/\/www.accuratereviews.com\/it\/software-universita\/"},{"@type":"ListItem","position":3,"name":"WebCheckout"}]},{"@type":"WebSite","@id":"https:\/\/www.accuratereviews.com\/it\/#website","url":"https:\/\/www.accuratereviews.com\/it\/","name":"Accurate Reviews","description":"","potentialAction":[{"@type":"SearchAction","target":{"@type":"EntryPoint","urlTemplate":"https:\/\/www.accuratereviews.com\/it\/?s={search_term_string}"},"query-input":{"@type":"PropertyValueSpecification","valueRequired":true,"valueName":"search_term_string"}}],"inLanguage":"it-IT"}]}},"_links":{"self":[{"href":"https:\/\/www.accuratereviews.com\/it\/wp-json\/wp\/v2\/pages\/39036","targetHints":{"allow":["GET"]}}],"collection":[{"href":"https:\/\/www.accuratereviews.com\/it\/wp-json\/wp\/v2\/pages"}],"about":[{"href":"https:\/\/www.accuratereviews.com\/it\/wp-json\/wp\/v2\/types\/page"}],"author":[{"embeddable":true,"href":"https:\/\/www.accuratereviews.com\/it\/wp-json\/wp\/v2\/users\/19"}],"replies":[{"embeddable":true,"href":"https:\/\/www.accuratereviews.com\/it\/wp-json\/wp\/v2\/comments?post=39036"}],"version-history":[{"count":13,"href":"https:\/\/www.accuratereviews.com\/it\/wp-json\/wp\/v2\/pages\/39036\/revisions"}],"predecessor-version":[{"id":40877,"href":"https:\/\/www.accuratereviews.com\/it\/wp-json\/wp\/v2\/pages\/39036\/revisions\/40877"}],"up":[{"embeddable":true,"href":"https:\/\/www.accuratereviews.com\/it\/wp-json\/wp\/v2\/pages\/38766"}],"wp:featuredmedia":[{"embeddable":true,"href":"https:\/\/www.accuratereviews.com\/it\/wp-json\/wp\/v2\/media\/39071"}],"wp:attachment":[{"href":"https:\/\/www.accuratereviews.com\/it\/wp-json\/wp\/v2\/media?parent=39036"}],"wp:term":[{"taxonomy":"category","embeddable":true,"href":"https:\/\/www.accuratereviews.com\/it\/wp-json\/wp\/v2\/categories?post=39036"},{"taxonomy":"post_tag","embeddable":true,"href":"https:\/\/www.accuratereviews.com\/it\/wp-json\/wp\/v2\/tags?post=39036"},{"taxonomy":"features","embeddable":true,"href":"https:\/\/www.accuratereviews.com\/it\/wp-json\/wp\/v2\/features?post=39036"}],"curies":[{"name":"wp","href":"https:\/\/api.w.org\/{rel}","templated":true}]}}