{"id":39056,"date":"2021-03-25T13:20:37","date_gmt":"2021-03-25T13:20:37","guid":{"rendered":"https:\/\/www.accuratereviews.com\/?page_id=39056"},"modified":"2021-04-23T12:37:25","modified_gmt":"2021-04-23T12:37:25","slug":"classreach-recensione","status":"publish","type":"page","link":"https:\/\/www.accuratereviews.com\/it\/software-universita\/classreach-recensione\/","title":{"rendered":"ClassReach"},"content":{"rendered":"<p><strong>ClassReach<\/strong> \u00e8 un <strong>software di amministrazione e gestione scolastica<\/strong>, fondato nel 2011 con l&#8217;idea di creare una suite completa di funzionalit\u00e0 che comprendesse tutti gli strumenti di cui hanno bisogno insegnati, studenti, personale scolastico e anche genitori. Sviluppato inizialmente per scuole private di istruzione primaria e secondaria, \u00e8 cresciuto molto nel tempo tanto da fornire servizi premium a tutte le scuole k-12, comprendendo anche l&#8217;istruzione superiore.<br \/>\nTra i vantaggi di <strong>ClassReach<\/strong> troviamo sicuramente una piattaforma intuitiva e semplice da usare e anche un prezzo davvero conveniente, che lo rende\u00a0accessibile per il budget di qualsiasi scuola.<\/p>\n<h2>CLASSREACH &#8211; TUTORIAL<\/h2>\n<div id=\"fluid-wrapper-counter-1\" class=\"g1-fluid-wrapper \" style=\"width:686px;\">\n<div style=\"padding-bottom:56.268221574344%;\"><iframe loading=\"lazy\" title=\"Parent Tutorial: Intro and ClassReach Overview\" width=\"515\" height=\"386\" src=\"https:\/\/www.youtube.com\/embed\/PoF_QZaFfIo?feature=oembed&amp;wmode=transparent&amp;autohide=1&amp;autoplay=0&amp;disablekb=0&amp;fs=1&amp;loop=0&amp;enablejsapi=1&amp;rel=0&amp;controls=2&amp;showinfo=0&amp;wmode=transparent&amp;autohide=2&amp;autoplay=0&amp;disablekb=0&amp;fs=1&amp;loop=0&amp;enablejsapi=1&amp;rel=0&amp;controls=2&amp;showinfo=1\" frameborder=\"0\" allow=\"accelerometer; autoplay; clipboard-write; encrypted-media; gyroscope; picture-in-picture\" allowfullscreen><\/iframe><\/div>\n<\/div>\n<h3>CLASSREACH &#8211; CARATTERISTICHE<\/h3>\n<p>Di seguito le sue principali caratteristiche:<\/p>\n<ul>\n<li>Creazione di moduli personalizzati<\/li>\n<li>Report stampabili personalizzati<\/li>\n<li>Informazioni personalizzate sugli studenti<\/li>\n<li>Eventi\/attivit\u00e0 del calendario<\/li>\n<li>Agenda<\/li>\n<li>Registrazione dei corsi<\/li>\n<li>Messaggistica<\/li>\n<li>Piani di lezione per insegnanti con sistema di approvazione amministrativa<\/li>\n<li>Caricamenti di compiti a casa e dispense per i corsi<\/li>\n<li>Pi\u00f9 ruoli e abilit\u00e0 con un unico account<\/li>\n<li>Annunci istantanei della scuola<\/li>\n<li>Strumenti self-service per genitori e studenti per la visualizzazione di voti e informazioni<\/li>\n<li>Registro presenze<\/li>\n<li>Strumenti di notifica<\/li>\n<li>Processo di iscrizione alla scuola con URL accessibile pubblicamente<\/li>\n<\/ul>\n<h4>LE RECENSIONI DEGLI UTENTI<\/h4>\n<p><strong>Kristi S. &#8220;ClassReach&#8221;<\/strong><br \/>\nCOMMENTI: sono estremamente soddisfatto di ClassReach. I genitori lo adorano e ha migliorato la comunicazione tra scuola e casa, la tenuta dei registri e la raccolta delle tasse scolastiche. Non riesco a immaginare di gestire la nostra scuola senza di essa.<br \/>\nPRO: ClassReach \u00e8 facile da usare sia come utente finale che come amministratore.<br \/>\nCONTRO: onestamente non riesco a pensare a niente di ClassReach che non mi piace. Tutti i problemi che ho avuto con esso sono stati risolti rapidamente dallo sviluppatore o hanno lavorato per aiutarmi a trovare una soluzione. Il loro servizio clienti \u00e8 di prim&#8217;ordine.<\/p>\n<p><strong>Rose S. &#8220;Un software funzionale per registro dei voti a basso costo&#8221;<\/strong><br \/>\nCOMMENTI: ClassReach ha migliorato la nostra capacit\u00e0 di comunicare con studenti e genitori.<br \/>\nPRO: ci piace la combinazione di messaggistica, calendario, compiti e registro dei voti tutto in un unico posto. Il prezzo \u00e8 decisamente giusto!<br \/>\nCONTRO: a volte ci sono problemi con la media dei voti. Vorrei che ci fossero pi\u00f9 funzionalit\u00e0 con le opzioni di messaggistica. Ci auguriamo di poter creare report pi\u00f9 personalizzati.<\/p>\n<p><strong>Diane H. &#8220;Recensione ClassReach&#8221;<\/strong><br \/>\nPRO: mi piace che sia cos\u00ec personalizzabile e che gli sviluppatori lavorino sempre per apportare modifiche e aggiornamenti.<br \/>\nCONTRO: faccio fatica a sapere come fare tutte le cose che voglio fare. I tutorial sono limitati e sembrano coprire cose che posso capire per lo pi\u00f9 da solo, ma non trattano le cose per le quali ho effettivamente bisogno di aiuto.<\/p>\n","protected":false},"excerpt":{"rendered":"<p>ClassReach \u00e8 un software di amministrazione e gestione scolastica, fondato nel 2011 con l&#8217;idea di creare una suite completa di funzionalit\u00e0 che comprendesse tutti gli strumenti di cui hanno bisogno insegnati, studenti, personale scolastico e anche genitori.<\/p>\n","protected":false},"author":17,"featured_media":39068,"parent":38766,"menu_order":0,"comment_status":"open","ping_status":"closed","template":"g1_template_page_review_new.php","meta":{"_acf_changed":false,"cwp_meta_box_check":"No","cwp_rev_product_name":"","cwp_rev_product_image":"","wppr_links":[],"cwp_rev_price":"","wppr_options":[],"wppr_pros":[],"wppr_cons":[],"_monsterinsights_skip_tracking":false,"_monsterinsights_sitenote_active":false,"_monsterinsights_sitenote_note":"","_monsterinsights_sitenote_category":0,"footnotes":""},"categories":[5417],"tags":[5423,5447,5421,5420,5422],"features":[],"class_list":{"0":"post-39056","1":"page","2":"type-page","3":"status-publish","4":"has-post-thumbnail","6":"category-software-universita-categoria","7":"tag-gestionale-universita","8":"tag-piattaforma-per-universita","9":"tag-programma-per-universita","10":"tag-software-per-universita","11":"tag-soluzione-per-universita"},"wppr_data":{"cwp_meta_box_check":"No"},"acf":[],"yoast_head":"<!-- This site is optimized with the Yoast SEO plugin v27.4 - https:\/\/yoast.com\/product\/yoast-seo-wordpress\/ -->\n<title>ClassReach: recensione software universit\u00e0 - Accurate Reviews<\/title>\n<meta name=\"description\" content=\"ClassReach: recensione del software di amministrazione e gestione scolastica, sviluppato per le scuole k-12.\" \/>\n<meta name=\"robots\" content=\"index, follow, max-snippet:-1, max-image-preview:large, max-video-preview:-1\" \/>\n<link rel=\"canonical\" href=\"https:\/\/www.accuratereviews.com\/it\/software-universita\/classreach-recensione\/\" \/>\n<meta property=\"og:locale\" content=\"it_IT\" \/>\n<meta property=\"og:type\" content=\"article\" \/>\n<meta property=\"og:title\" content=\"ClassReach: recensione software universit\u00e0 - Accurate Reviews\" \/>\n<meta property=\"og:description\" content=\"ClassReach: recensione del software di amministrazione e gestione scolastica, sviluppato per le scuole k-12.\" \/>\n<meta property=\"og:url\" content=\"https:\/\/www.accuratereviews.com\/it\/software-universita\/classreach-recensione\/\" \/>\n<meta property=\"og:site_name\" content=\"Accurate Reviews\" \/>\n<meta property=\"article:modified_time\" content=\"2021-04-23T12:37:25+00:00\" \/>\n<meta property=\"og:image\" content=\"https:\/\/www.accuratereviews.com\/wp-content\/uploads\/2021\/03\/Schermata-2021-03-25-alle-12.00.06.png\" \/>\n\t<meta property=\"og:image:width\" content=\"886\" \/>\n\t<meta property=\"og:image:height\" content=\"200\" \/>\n\t<meta property=\"og:image:type\" content=\"image\/png\" \/>\n<meta name=\"twitter:card\" content=\"summary_large_image\" \/>\n<meta name=\"twitter:label1\" content=\"Tempo di lettura stimato\" \/>\n\t<meta name=\"twitter:data1\" content=\"2 minuti\" \/>\n<script type=\"application\/ld+json\" class=\"yoast-schema-graph\">{\"@context\":\"https:\\\/\\\/schema.org\",\"@graph\":[{\"@type\":\"WebPage\",\"@id\":\"https:\\\/\\\/www.accuratereviews.com\\\/it\\\/software-universita\\\/classreach-recensione\\\/\",\"url\":\"https:\\\/\\\/www.accuratereviews.com\\\/it\\\/software-universita\\\/classreach-recensione\\\/\",\"name\":\"ClassReach: recensione software universit\u00e0 - Accurate Reviews\",\"isPartOf\":{\"@id\":\"https:\\\/\\\/www.accuratereviews.com\\\/it\\\/#website\"},\"primaryImageOfPage\":{\"@id\":\"https:\\\/\\\/www.accuratereviews.com\\\/it\\\/software-universita\\\/classreach-recensione\\\/#primaryimage\"},\"image\":{\"@id\":\"https:\\\/\\\/www.accuratereviews.com\\\/it\\\/software-universita\\\/classreach-recensione\\\/#primaryimage\"},\"thumbnailUrl\":\"https:\\\/\\\/www.accuratereviews.com\\\/wp-content\\\/uploads\\\/2021\\\/03\\\/Schermata-2021-03-25-alle-12.00.06.png\",\"datePublished\":\"2021-03-25T13:20:37+00:00\",\"dateModified\":\"2021-04-23T12:37:25+00:00\",\"description\":\"ClassReach: recensione del software di amministrazione e gestione scolastica, sviluppato per le scuole k-12.\",\"breadcrumb\":{\"@id\":\"https:\\\/\\\/www.accuratereviews.com\\\/it\\\/software-universita\\\/classreach-recensione\\\/#breadcrumb\"},\"inLanguage\":\"it-IT\",\"potentialAction\":[{\"@type\":\"ReadAction\",\"target\":[\"https:\\\/\\\/www.accuratereviews.com\\\/it\\\/software-universita\\\/classreach-recensione\\\/\"]}]},{\"@type\":\"ImageObject\",\"inLanguage\":\"it-IT\",\"@id\":\"https:\\\/\\\/www.accuratereviews.com\\\/it\\\/software-universita\\\/classreach-recensione\\\/#primaryimage\",\"url\":\"https:\\\/\\\/www.accuratereviews.com\\\/wp-content\\\/uploads\\\/2021\\\/03\\\/Schermata-2021-03-25-alle-12.00.06.png\",\"contentUrl\":\"https:\\\/\\\/www.accuratereviews.com\\\/wp-content\\\/uploads\\\/2021\\\/03\\\/Schermata-2021-03-25-alle-12.00.06.png\",\"width\":886,\"height\":200},{\"@type\":\"BreadcrumbList\",\"@id\":\"https:\\\/\\\/www.accuratereviews.com\\\/it\\\/software-universita\\\/classreach-recensione\\\/#breadcrumb\",\"itemListElement\":[{\"@type\":\"ListItem\",\"position\":1,\"name\":\"Home\",\"item\":\"https:\\\/\\\/www.accuratereviews.com\\\/it\\\/\"},{\"@type\":\"ListItem\",\"position\":2,\"name\":\"Software per universit\u00e0\",\"item\":\"https:\\\/\\\/www.accuratereviews.com\\\/it\\\/software-universita\\\/\"},{\"@type\":\"ListItem\",\"position\":3,\"name\":\"ClassReach\"}]},{\"@type\":\"WebSite\",\"@id\":\"https:\\\/\\\/www.accuratereviews.com\\\/it\\\/#website\",\"url\":\"https:\\\/\\\/www.accuratereviews.com\\\/it\\\/\",\"name\":\"Accurate Reviews\",\"description\":\"\",\"potentialAction\":[{\"@type\":\"SearchAction\",\"target\":{\"@type\":\"EntryPoint\",\"urlTemplate\":\"https:\\\/\\\/www.accuratereviews.com\\\/it\\\/?s={search_term_string}\"},\"query-input\":{\"@type\":\"PropertyValueSpecification\",\"valueRequired\":true,\"valueName\":\"search_term_string\"}}],\"inLanguage\":\"it-IT\"}]}<\/script>\n<!-- \/ Yoast SEO plugin. -->","yoast_head_json":{"title":"ClassReach: recensione software universit\u00e0 - Accurate Reviews","description":"ClassReach: recensione del software di amministrazione e gestione scolastica, sviluppato per le scuole k-12.","robots":{"index":"index","follow":"follow","max-snippet":"max-snippet:-1","max-image-preview":"max-image-preview:large","max-video-preview":"max-video-preview:-1"},"canonical":"https:\/\/www.accuratereviews.com\/it\/software-universita\/classreach-recensione\/","og_locale":"it_IT","og_type":"article","og_title":"ClassReach: recensione software universit\u00e0 - Accurate Reviews","og_description":"ClassReach: recensione del software di amministrazione e gestione scolastica, sviluppato per le scuole k-12.","og_url":"https:\/\/www.accuratereviews.com\/it\/software-universita\/classreach-recensione\/","og_site_name":"Accurate Reviews","article_modified_time":"2021-04-23T12:37:25+00:00","og_image":[{"width":886,"height":200,"url":"https:\/\/www.accuratereviews.com\/wp-content\/uploads\/2021\/03\/Schermata-2021-03-25-alle-12.00.06.png","type":"image\/png"}],"twitter_card":"summary_large_image","twitter_misc":{"Tempo di lettura stimato":"2 minuti"},"schema":{"@context":"https:\/\/schema.org","@graph":[{"@type":"WebPage","@id":"https:\/\/www.accuratereviews.com\/it\/software-universita\/classreach-recensione\/","url":"https:\/\/www.accuratereviews.com\/it\/software-universita\/classreach-recensione\/","name":"ClassReach: recensione software universit\u00e0 - Accurate Reviews","isPartOf":{"@id":"https:\/\/www.accuratereviews.com\/it\/#website"},"primaryImageOfPage":{"@id":"https:\/\/www.accuratereviews.com\/it\/software-universita\/classreach-recensione\/#primaryimage"},"image":{"@id":"https:\/\/www.accuratereviews.com\/it\/software-universita\/classreach-recensione\/#primaryimage"},"thumbnailUrl":"https:\/\/www.accuratereviews.com\/wp-content\/uploads\/2021\/03\/Schermata-2021-03-25-alle-12.00.06.png","datePublished":"2021-03-25T13:20:37+00:00","dateModified":"2021-04-23T12:37:25+00:00","description":"ClassReach: recensione del software di amministrazione e gestione scolastica, sviluppato per le scuole k-12.","breadcrumb":{"@id":"https:\/\/www.accuratereviews.com\/it\/software-universita\/classreach-recensione\/#breadcrumb"},"inLanguage":"it-IT","potentialAction":[{"@type":"ReadAction","target":["https:\/\/www.accuratereviews.com\/it\/software-universita\/classreach-recensione\/"]}]},{"@type":"ImageObject","inLanguage":"it-IT","@id":"https:\/\/www.accuratereviews.com\/it\/software-universita\/classreach-recensione\/#primaryimage","url":"https:\/\/www.accuratereviews.com\/wp-content\/uploads\/2021\/03\/Schermata-2021-03-25-alle-12.00.06.png","contentUrl":"https:\/\/www.accuratereviews.com\/wp-content\/uploads\/2021\/03\/Schermata-2021-03-25-alle-12.00.06.png","width":886,"height":200},{"@type":"BreadcrumbList","@id":"https:\/\/www.accuratereviews.com\/it\/software-universita\/classreach-recensione\/#breadcrumb","itemListElement":[{"@type":"ListItem","position":1,"name":"Home","item":"https:\/\/www.accuratereviews.com\/it\/"},{"@type":"ListItem","position":2,"name":"Software per universit\u00e0","item":"https:\/\/www.accuratereviews.com\/it\/software-universita\/"},{"@type":"ListItem","position":3,"name":"ClassReach"}]},{"@type":"WebSite","@id":"https:\/\/www.accuratereviews.com\/it\/#website","url":"https:\/\/www.accuratereviews.com\/it\/","name":"Accurate Reviews","description":"","potentialAction":[{"@type":"SearchAction","target":{"@type":"EntryPoint","urlTemplate":"https:\/\/www.accuratereviews.com\/it\/?s={search_term_string}"},"query-input":{"@type":"PropertyValueSpecification","valueRequired":true,"valueName":"search_term_string"}}],"inLanguage":"it-IT"}]}},"_links":{"self":[{"href":"https:\/\/www.accuratereviews.com\/it\/wp-json\/wp\/v2\/pages\/39056","targetHints":{"allow":["GET"]}}],"collection":[{"href":"https:\/\/www.accuratereviews.com\/it\/wp-json\/wp\/v2\/pages"}],"about":[{"href":"https:\/\/www.accuratereviews.com\/it\/wp-json\/wp\/v2\/types\/page"}],"author":[{"embeddable":true,"href":"https:\/\/www.accuratereviews.com\/it\/wp-json\/wp\/v2\/users\/17"}],"replies":[{"embeddable":true,"href":"https:\/\/www.accuratereviews.com\/it\/wp-json\/wp\/v2\/comments?post=39056"}],"version-history":[{"count":6,"href":"https:\/\/www.accuratereviews.com\/it\/wp-json\/wp\/v2\/pages\/39056\/revisions"}],"predecessor-version":[{"id":40857,"href":"https:\/\/www.accuratereviews.com\/it\/wp-json\/wp\/v2\/pages\/39056\/revisions\/40857"}],"up":[{"embeddable":true,"href":"https:\/\/www.accuratereviews.com\/it\/wp-json\/wp\/v2\/pages\/38766"}],"wp:featuredmedia":[{"embeddable":true,"href":"https:\/\/www.accuratereviews.com\/it\/wp-json\/wp\/v2\/media\/39068"}],"wp:attachment":[{"href":"https:\/\/www.accuratereviews.com\/it\/wp-json\/wp\/v2\/media?parent=39056"}],"wp:term":[{"taxonomy":"category","embeddable":true,"href":"https:\/\/www.accuratereviews.com\/it\/wp-json\/wp\/v2\/categories?post=39056"},{"taxonomy":"post_tag","embeddable":true,"href":"https:\/\/www.accuratereviews.com\/it\/wp-json\/wp\/v2\/tags?post=39056"},{"taxonomy":"features","embeddable":true,"href":"https:\/\/www.accuratereviews.com\/it\/wp-json\/wp\/v2\/features?post=39056"}],"curies":[{"name":"wp","href":"https:\/\/api.w.org\/{rel}","templated":true}]}}