{"id":39111,"date":"2021-03-26T12:27:04","date_gmt":"2021-03-26T12:27:04","guid":{"rendered":"https:\/\/www.accuratereviews.com\/?page_id=39111"},"modified":"2021-04-23T13:11:13","modified_gmt":"2021-04-23T13:11:13","slug":"perfectmind-recensione","status":"publish","type":"page","link":"https:\/\/www.accuratereviews.com\/it\/software-universita\/perfectmind-recensione\/","title":{"rendered":"PerfectMind"},"content":{"rendered":"<p>Fondata oltre 17 anni fa, <strong>PerfectMind<\/strong> \u00e8 un fornitore di <strong>software per la gestione dei membri<\/strong> e la prenotazione di strutture leader nel settore, basato su <strong>cloud<\/strong>. La sua robusta Platform as a Service (PaaS) serve organizzazioni di tutte le dimensioni nei settori dei parchi e delle attivit\u00e0 ricreative, del governo, della salute e del benessere, del fitness e dell&#8217;istruzione. Con oltre 5000 clienti in 21 paesi, il software aiuta nelle operazioni di routine e semplifica i processi aziendali, in modo che le organizzazioni possano concentrarsi sul supporto e sulla crescita delle loro comunit\u00e0.<br \/>\nCreato per organizzazioni di tutte le dimensioni, PerfectMind pu\u00f2 gestire qualsiasi cosa, da poche transazioni al giorno a migliaia all&#8217;ora. Dalla fatturazione automatizzata al marketing e alla pianificazione delle attivit\u00e0, il software PerfectMind consente alle organizzazioni di funzionare in modo fluido ed efficace, occupandosi delle attivit\u00e0 noiose.<\/p>\n<h2>PERFECTMIND &#8211; TUTORIAL<\/h2>\n<p>Il tutorial mostra quanto velocemente puoi creare un evento che includa un servizio, un membro dello staff e un partecipante.<\/p>\n<div id=\"fluid-wrapper-counter-1\" class=\"g1-fluid-wrapper \" style=\"width:686px;\">\n<div style=\"padding-bottom:56.268221574344%;\"><iframe loading=\"lazy\" title=\"PerfectMind 4 Explore Your New Database\" width=\"686\" height=\"386\" src=\"https:\/\/www.youtube.com\/embed\/g6OPZMaqpQo?feature=oembed&amp;wmode=transparent&amp;autohide=1&amp;autoplay=0&amp;disablekb=0&amp;fs=1&amp;loop=0&amp;enablejsapi=1&amp;rel=0&amp;controls=2&amp;showinfo=0&amp;wmode=transparent&amp;autohide=2&amp;autoplay=0&amp;disablekb=0&amp;fs=1&amp;loop=0&amp;enablejsapi=1&amp;rel=0&amp;controls=2&amp;showinfo=1\" frameborder=\"0\" allow=\"accelerometer; autoplay; clipboard-write; encrypted-media; gyroscope; picture-in-picture\" allowfullscreen><\/iframe><\/div>\n<\/div>\n<h3>PERFECTMIND &#8211; CARATTERISTICHE<\/h3>\n<ul>\n<li>Opzioni di filtraggio robuste<\/li>\n<li>Report personalizzati e ad hoc<\/li>\n<li>Configurabile\u00a0dashboard<\/li>\n<li>Flussi di lavoro attivati \u200b\u200besternamente<\/li>\n<li>Report su tutti i dati nel sistema<\/li>\n<li>Esporta i dati in pi\u00f9 formati<\/li>\n<li>Flusso di lavoro del sistema basato sul tempo<\/li>\n<li>Collegamento ad applicazioni esterne come Google Maps<\/li>\n<li>Layout di pagina basati sui ruoli<\/li>\n<li>Campi definiti dall&#8217;utente<\/li>\n<li>Gestione rapida delle risorse per il noleggio delle strutture<\/li>\n<li>Convalida del formato del campo<\/li>\n<li>Widget online con CSS personalizzato<\/li>\n<li>Visualizzazioni e filtri personalizzati<\/li>\n<li>Layout di base e avanzati<\/li>\n<li>Gestione delle prenotazioni anticipate per le strutture<\/li>\n<li>Modifiche agevoli al contratto della struttura<\/li>\n<li>Facility management dipendente<\/li>\n<li>Sistema di gestione dei conflitti per le strutture<\/li>\n<li>Gestione della capacit\u00e0 della struttura<\/li>\n<li>Questionari e rinunce per agevolazioni<\/li>\n<li>Modelli di contratto struttura configurabili<\/li>\n<li>Gestione delle prenotazioni notturne e ricorrenti per le strutture<\/li>\n<li>Calendario della struttura integrato con viste multiple<\/li>\n<li>Mappa interattiva della struttura<\/li>\n<li>Indicatori di disponibilit\u00e0 con codice colore per le strutture<\/li>\n<li>Funzionalit\u00e0 di ricerca di strutture robuste<\/li>\n<li>Software di supporto del fuso orario<\/li>\n<li>Commissioni di illuminazione configurabili<\/li>\n<li>Tempo di buffer per l&#8217;accensione \/ spegnimento delle luci<\/li>\n<li>Calcoli di alba e tramonto per la tua struttura<\/li>\n<\/ul>\n<h4>LE RECENSIONI DEGLI UTENTI<\/h4>\n<p class=\"font-weight-bold mb-1 d-flex align-items-center\"><strong>Joe P.&#8221;All&#8217;avanguardia per lungo tempo&#8221;<\/strong><\/p>\n<p><strong>Commenti: <\/strong>PM \u00e8 stato un servizio professionale che ho confrontato ogni anno per molti anni con altri fornitori di servizi. Hanno vinto per molto tempo.<\/p>\n<p><strong>Pro: <\/strong>Quando ho iniziato a usarlo, era il miglior software per il nostro settore limitato. Innovavano continuamente.<\/p>\n<p><strong>Contro: <\/strong>Col passare del tempo e la diversificazione del mercato dei clienti, il mercato originale a cui si rivolgevano (arti marziali) \u00e8 stato lasciato indietro per le innovazioni. Ricordo che alcune funzionalit\u00e0 venivano introdotte e ne sarei entusiasta, solo per scoprire che era per un altro mercato di clienti, e non per gli utenti di software di arti marziali. Peccato. Sono stato molto fedele per 15 anni.<\/p>\n<p class=\"font-weight-bold mb-1 d-flex align-items-center\"><strong>Brian D.&#8221;Tuttofare, maestro di nessuno&#8221;<\/strong><\/p>\n<p><strong>Commenti: <\/strong>Molte ottime opzioni e funzionalit\u00e0 nascoste dietro confuse schede che non sono facili o intuitive da trovare. La comunicazione potrebbe essere notevolmente migliorata con il supporto.<\/p>\n<p><strong>Pro: <\/strong>Gestisce quasi tutto ci\u00f2 che riguarda i parchi e le attivit\u00e0 ricreative. Gestir\u00e0 le prenotazioni delle strutture, le lezioni di fitness, i campi, il CRM, i rapporti e le email di marketing. Funziona molto bene.<\/p>\n<p><strong>Contro: <\/strong>Non intuitivo. Per impostare correttamente un nuovo corso o programma sono necessari molti passaggi e impostazioni che si trovano in numerose e diverse posizioni oscure all&#8217;interno del software. Se sbagli un&#8217;impostazione, l&#8217;intero programma non funzioner\u00e0.<br \/>\nIl supporto non \u00e8 eccezionale nella comunicazione sullo stato di ci\u00f2 su cui stanno lavorando. A volte aggiustano anche cose che non hai chiesto di aggiustare e non ti informano al riguardo.<\/p>\n<p class=\"font-weight-bold mb-1 d-flex align-items-center\"><strong>Michael V.&#8221;PerfectMind mi ha fatto risparmiare tempo e denaro aiutandomi ad aumentare le mie entrate&#8221;<\/strong><\/p>\n<p><strong>Commenti: <\/strong>PerfectMind mi ha fatto risparmiare tempo, denaro ed energia permettendomi di consolidare molti sistemi in uno solo. Sono in grado di eseguire report personalizzati, impostare e RAGGIUNGERE obiettivi e far crescere la mia attivit\u00e0 in modo esponenziale utilizzando tutte le fantastiche funzionalit\u00e0 che PerfectMind ha da offrire.<\/p>\n<p><strong>Pro: <\/strong>Il software \u00e8 incredibilmente facile da personalizzare per il mio specifico utilizzo aziendale. \u00c8 molto facile e intuitivo da imparare. Quando avevo bisogno di assistenza clienti, erano sempre disponibili. Il software si integra perfettamente con tutti gli altri miei sistemi e programmi. \u00c8 molto facile da imparare e da usare anche per il mio staff.<\/p>\n<p><strong>Contro: <\/strong>Quando ho iniziato a utilizzare il software pi\u00f9 di sei anni fa, lo strumento di creazione del sito web e le opzioni SEO erano un po &#8216;limitate. Tuttavia, da allora, sono diventati esponenzialmente migliori da usare.<\/p>\n<p>&nbsp;<\/p>\n","protected":false},"excerpt":{"rendered":"<p>Fondata oltre 17 anni fa, PerfectMind \u00e8 un fornitore di software per la gestione dei membri e la prenotazione di strutture leader nel settore, basato su cloud. La sua robusta Platform as a Service (PaaS) serve organizzazioni di tutte le dimensioni nei settori dei parchi e delle attivit\u00e0 ricreative, del governo, della salute e del benessere, del fitness e dell&#8217;istruzione.<\/p>\n","protected":false},"author":19,"featured_media":39116,"parent":38766,"menu_order":0,"comment_status":"open","ping_status":"closed","template":"g1_template_page_review_new.php","meta":{"_acf_changed":false,"cwp_meta_box_check":"Yes","cwp_rev_product_name":"","cwp_rev_product_image":"","wppr_links":[],"cwp_rev_price":"","wppr_options":[],"wppr_pros":[],"wppr_cons":[],"_monsterinsights_skip_tracking":false,"_monsterinsights_sitenote_active":false,"_monsterinsights_sitenote_note":"","_monsterinsights_sitenote_category":0,"footnotes":""},"categories":[5417],"tags":[396,5470,5447,5421,5420,5422],"features":[],"class_list":{"0":"post-39111","1":"page","2":"type-page","3":"status-publish","4":"has-post-thumbnail","6":"category-software-universita-categoria","7":"tag-cloud","8":"tag-perfectmind","9":"tag-piattaforma-per-universita","10":"tag-programma-per-universita","11":"tag-software-per-universita","12":"tag-soluzione-per-universita"},"wppr_data":{"cwp_meta_box_check":"Yes","cwp_rev_product_name":"","cwp_rev_product_image":"","cwp_image_link":"image","cwp_rev_price":"","wppr_rating":"0.00"},"acf":[],"yoast_head":"<!-- This site is optimized with the Yoast SEO plugin v27.4 - https:\/\/yoast.com\/product\/yoast-seo-wordpress\/ -->\n<title>PerfectMind: recensione software universit\u00e0 - Accurate Reviews<\/title>\n<meta name=\"description\" content=\"PerfectMind: recensione software per la gestione dei membri e la prenotazione di strutture leader nel settore, basato su cloud.\" \/>\n<meta name=\"robots\" content=\"index, follow, max-snippet:-1, max-image-preview:large, max-video-preview:-1\" \/>\n<link rel=\"canonical\" href=\"https:\/\/www.accuratereviews.com\/it\/software-universita\/perfectmind-recensione\/\" \/>\n<meta property=\"og:locale\" content=\"it_IT\" \/>\n<meta property=\"og:type\" content=\"article\" \/>\n<meta property=\"og:title\" content=\"PerfectMind: recensione software universit\u00e0 - Accurate Reviews\" \/>\n<meta property=\"og:description\" content=\"PerfectMind: recensione software per la gestione dei membri e la prenotazione di strutture leader nel settore, basato su cloud.\" \/>\n<meta property=\"og:url\" content=\"https:\/\/www.accuratereviews.com\/it\/software-universita\/perfectmind-recensione\/\" \/>\n<meta property=\"og:site_name\" content=\"Accurate Reviews\" \/>\n<meta property=\"article:modified_time\" content=\"2021-04-23T13:11:13+00:00\" \/>\n<meta property=\"og:image\" content=\"https:\/\/www.accuratereviews.com\/wp-content\/uploads\/2021\/03\/Perfectmind.png\" \/>\n\t<meta property=\"og:image:width\" content=\"400\" \/>\n\t<meta property=\"og:image:height\" content=\"400\" \/>\n\t<meta property=\"og:image:type\" content=\"image\/png\" \/>\n<meta name=\"twitter:card\" content=\"summary_large_image\" \/>\n<meta name=\"twitter:label1\" content=\"Tempo di lettura stimato\" \/>\n\t<meta name=\"twitter:data1\" content=\"4 minuti\" \/>\n<script type=\"application\/ld+json\" class=\"yoast-schema-graph\">{\"@context\":\"https:\\\/\\\/schema.org\",\"@graph\":[{\"@type\":\"WebPage\",\"@id\":\"https:\\\/\\\/www.accuratereviews.com\\\/it\\\/software-universita\\\/perfectmind-recensione\\\/\",\"url\":\"https:\\\/\\\/www.accuratereviews.com\\\/it\\\/software-universita\\\/perfectmind-recensione\\\/\",\"name\":\"PerfectMind: recensione software universit\u00e0 - Accurate Reviews\",\"isPartOf\":{\"@id\":\"https:\\\/\\\/www.accuratereviews.com\\\/it\\\/#website\"},\"primaryImageOfPage\":{\"@id\":\"https:\\\/\\\/www.accuratereviews.com\\\/it\\\/software-universita\\\/perfectmind-recensione\\\/#primaryimage\"},\"image\":{\"@id\":\"https:\\\/\\\/www.accuratereviews.com\\\/it\\\/software-universita\\\/perfectmind-recensione\\\/#primaryimage\"},\"thumbnailUrl\":\"https:\\\/\\\/www.accuratereviews.com\\\/wp-content\\\/uploads\\\/2021\\\/03\\\/Perfectmind.png\",\"datePublished\":\"2021-03-26T12:27:04+00:00\",\"dateModified\":\"2021-04-23T13:11:13+00:00\",\"description\":\"PerfectMind: recensione software per la gestione dei membri e la prenotazione di strutture leader nel settore, basato su cloud.\",\"breadcrumb\":{\"@id\":\"https:\\\/\\\/www.accuratereviews.com\\\/it\\\/software-universita\\\/perfectmind-recensione\\\/#breadcrumb\"},\"inLanguage\":\"it-IT\",\"potentialAction\":[{\"@type\":\"ReadAction\",\"target\":[\"https:\\\/\\\/www.accuratereviews.com\\\/it\\\/software-universita\\\/perfectmind-recensione\\\/\"]}]},{\"@type\":\"ImageObject\",\"inLanguage\":\"it-IT\",\"@id\":\"https:\\\/\\\/www.accuratereviews.com\\\/it\\\/software-universita\\\/perfectmind-recensione\\\/#primaryimage\",\"url\":\"https:\\\/\\\/www.accuratereviews.com\\\/wp-content\\\/uploads\\\/2021\\\/03\\\/Perfectmind.png\",\"contentUrl\":\"https:\\\/\\\/www.accuratereviews.com\\\/wp-content\\\/uploads\\\/2021\\\/03\\\/Perfectmind.png\",\"width\":400,\"height\":400},{\"@type\":\"BreadcrumbList\",\"@id\":\"https:\\\/\\\/www.accuratereviews.com\\\/it\\\/software-universita\\\/perfectmind-recensione\\\/#breadcrumb\",\"itemListElement\":[{\"@type\":\"ListItem\",\"position\":1,\"name\":\"Home\",\"item\":\"https:\\\/\\\/www.accuratereviews.com\\\/it\\\/\"},{\"@type\":\"ListItem\",\"position\":2,\"name\":\"Software per universit\u00e0\",\"item\":\"https:\\\/\\\/www.accuratereviews.com\\\/it\\\/software-universita\\\/\"},{\"@type\":\"ListItem\",\"position\":3,\"name\":\"PerfectMind\"}]},{\"@type\":\"WebSite\",\"@id\":\"https:\\\/\\\/www.accuratereviews.com\\\/it\\\/#website\",\"url\":\"https:\\\/\\\/www.accuratereviews.com\\\/it\\\/\",\"name\":\"Accurate Reviews\",\"description\":\"\",\"potentialAction\":[{\"@type\":\"SearchAction\",\"target\":{\"@type\":\"EntryPoint\",\"urlTemplate\":\"https:\\\/\\\/www.accuratereviews.com\\\/it\\\/?s={search_term_string}\"},\"query-input\":{\"@type\":\"PropertyValueSpecification\",\"valueRequired\":true,\"valueName\":\"search_term_string\"}}],\"inLanguage\":\"it-IT\"}]}<\/script>\n<!-- \/ Yoast SEO plugin. -->","yoast_head_json":{"title":"PerfectMind: recensione software universit\u00e0 - Accurate Reviews","description":"PerfectMind: recensione software per la gestione dei membri e la prenotazione di strutture leader nel settore, basato su cloud.","robots":{"index":"index","follow":"follow","max-snippet":"max-snippet:-1","max-image-preview":"max-image-preview:large","max-video-preview":"max-video-preview:-1"},"canonical":"https:\/\/www.accuratereviews.com\/it\/software-universita\/perfectmind-recensione\/","og_locale":"it_IT","og_type":"article","og_title":"PerfectMind: recensione software universit\u00e0 - Accurate Reviews","og_description":"PerfectMind: recensione software per la gestione dei membri e la prenotazione di strutture leader nel settore, basato su cloud.","og_url":"https:\/\/www.accuratereviews.com\/it\/software-universita\/perfectmind-recensione\/","og_site_name":"Accurate Reviews","article_modified_time":"2021-04-23T13:11:13+00:00","og_image":[{"width":400,"height":400,"url":"https:\/\/www.accuratereviews.com\/wp-content\/uploads\/2021\/03\/Perfectmind.png","type":"image\/png"}],"twitter_card":"summary_large_image","twitter_misc":{"Tempo di lettura stimato":"4 minuti"},"schema":{"@context":"https:\/\/schema.org","@graph":[{"@type":"WebPage","@id":"https:\/\/www.accuratereviews.com\/it\/software-universita\/perfectmind-recensione\/","url":"https:\/\/www.accuratereviews.com\/it\/software-universita\/perfectmind-recensione\/","name":"PerfectMind: recensione software universit\u00e0 - Accurate Reviews","isPartOf":{"@id":"https:\/\/www.accuratereviews.com\/it\/#website"},"primaryImageOfPage":{"@id":"https:\/\/www.accuratereviews.com\/it\/software-universita\/perfectmind-recensione\/#primaryimage"},"image":{"@id":"https:\/\/www.accuratereviews.com\/it\/software-universita\/perfectmind-recensione\/#primaryimage"},"thumbnailUrl":"https:\/\/www.accuratereviews.com\/wp-content\/uploads\/2021\/03\/Perfectmind.png","datePublished":"2021-03-26T12:27:04+00:00","dateModified":"2021-04-23T13:11:13+00:00","description":"PerfectMind: recensione software per la gestione dei membri e la prenotazione di strutture leader nel settore, basato su cloud.","breadcrumb":{"@id":"https:\/\/www.accuratereviews.com\/it\/software-universita\/perfectmind-recensione\/#breadcrumb"},"inLanguage":"it-IT","potentialAction":[{"@type":"ReadAction","target":["https:\/\/www.accuratereviews.com\/it\/software-universita\/perfectmind-recensione\/"]}]},{"@type":"ImageObject","inLanguage":"it-IT","@id":"https:\/\/www.accuratereviews.com\/it\/software-universita\/perfectmind-recensione\/#primaryimage","url":"https:\/\/www.accuratereviews.com\/wp-content\/uploads\/2021\/03\/Perfectmind.png","contentUrl":"https:\/\/www.accuratereviews.com\/wp-content\/uploads\/2021\/03\/Perfectmind.png","width":400,"height":400},{"@type":"BreadcrumbList","@id":"https:\/\/www.accuratereviews.com\/it\/software-universita\/perfectmind-recensione\/#breadcrumb","itemListElement":[{"@type":"ListItem","position":1,"name":"Home","item":"https:\/\/www.accuratereviews.com\/it\/"},{"@type":"ListItem","position":2,"name":"Software per universit\u00e0","item":"https:\/\/www.accuratereviews.com\/it\/software-universita\/"},{"@type":"ListItem","position":3,"name":"PerfectMind"}]},{"@type":"WebSite","@id":"https:\/\/www.accuratereviews.com\/it\/#website","url":"https:\/\/www.accuratereviews.com\/it\/","name":"Accurate Reviews","description":"","potentialAction":[{"@type":"SearchAction","target":{"@type":"EntryPoint","urlTemplate":"https:\/\/www.accuratereviews.com\/it\/?s={search_term_string}"},"query-input":{"@type":"PropertyValueSpecification","valueRequired":true,"valueName":"search_term_string"}}],"inLanguage":"it-IT"}]}},"_links":{"self":[{"href":"https:\/\/www.accuratereviews.com\/it\/wp-json\/wp\/v2\/pages\/39111","targetHints":{"allow":["GET"]}}],"collection":[{"href":"https:\/\/www.accuratereviews.com\/it\/wp-json\/wp\/v2\/pages"}],"about":[{"href":"https:\/\/www.accuratereviews.com\/it\/wp-json\/wp\/v2\/types\/page"}],"author":[{"embeddable":true,"href":"https:\/\/www.accuratereviews.com\/it\/wp-json\/wp\/v2\/users\/19"}],"replies":[{"embeddable":true,"href":"https:\/\/www.accuratereviews.com\/it\/wp-json\/wp\/v2\/comments?post=39111"}],"version-history":[{"count":11,"href":"https:\/\/www.accuratereviews.com\/it\/wp-json\/wp\/v2\/pages\/39111\/revisions"}],"predecessor-version":[{"id":40901,"href":"https:\/\/www.accuratereviews.com\/it\/wp-json\/wp\/v2\/pages\/39111\/revisions\/40901"}],"up":[{"embeddable":true,"href":"https:\/\/www.accuratereviews.com\/it\/wp-json\/wp\/v2\/pages\/38766"}],"wp:featuredmedia":[{"embeddable":true,"href":"https:\/\/www.accuratereviews.com\/it\/wp-json\/wp\/v2\/media\/39116"}],"wp:attachment":[{"href":"https:\/\/www.accuratereviews.com\/it\/wp-json\/wp\/v2\/media?parent=39111"}],"wp:term":[{"taxonomy":"category","embeddable":true,"href":"https:\/\/www.accuratereviews.com\/it\/wp-json\/wp\/v2\/categories?post=39111"},{"taxonomy":"post_tag","embeddable":true,"href":"https:\/\/www.accuratereviews.com\/it\/wp-json\/wp\/v2\/tags?post=39111"},{"taxonomy":"features","embeddable":true,"href":"https:\/\/www.accuratereviews.com\/it\/wp-json\/wp\/v2\/features?post=39111"}],"curies":[{"name":"wp","href":"https:\/\/api.w.org\/{rel}","templated":true}]}}