{"id":39113,"date":"2021-03-26T12:12:42","date_gmt":"2021-03-26T12:12:42","guid":{"rendered":"https:\/\/www.accuratereviews.com\/?page_id=39113"},"modified":"2021-04-23T12:46:21","modified_gmt":"2021-04-23T12:46:21","slug":"neo-lms-recensione","status":"publish","type":"page","link":"https:\/\/www.accuratereviews.com\/it\/software-universita\/neo-lms-recensione\/","title":{"rendered":"NEO LMS"},"content":{"rendered":"<p><strong>NEO LMS<\/strong> \u00e8 un <strong>sistema di gestione dell&#8217;apprendimento<\/strong> basato su <strong>cloud<\/strong> (LMS) progettato per l&#8217;uso da parte di scuole, universit\u00e0 e distretti scolastici. Sono inclusi strumenti per la creazione di corsi e di percorsi di apprendimento, la gestione dei compiti, test e valutazione, monitoraggio delle presenze, collaborazione, messaggistica e social networking, monitoraggio delle comunicazioni, reportistica, analisi e altro ancora. Il software consente agli utenti di offrire una vasta gamma di lezioni come corsi di autoapprendimento, con istruttore o misti. I contenuti in una variet\u00e0 di formati possono essere caricati e incorporati nei corsi, inclusi file audio e video, documenti Google, documenti di Office, file di OneDrive e altro ancora. Le classi possono essere visualizzate agli studenti in un catalogo grafico e gli utenti possono offrire corsi da acquistare tramite l&#8217;integrazione con gateway di pagamento tra cui PayPal, Authorize.net, PayU biz e Stripe.<\/p>\n<h2>NEO LMS &#8211; TUTORIAL<\/h2>\n<p>Guardiamo il video in cui illustra le principali funzioni di questo software Lms per universit\u00e0:<\/p>\n<div id=\"fluid-wrapper-counter-1\" class=\"g1-fluid-wrapper \" style=\"width:686px;\">\n<div style=\"padding-bottom:56.268221574344%;\"><iframe loading=\"lazy\" title=\"NEO LMS - The world&#039;s best learning platform\" width=\"686\" height=\"386\" src=\"https:\/\/www.youtube.com\/embed\/xSBiIVUxUJo?feature=oembed&amp;wmode=transparent&amp;autohide=1&amp;autoplay=0&amp;disablekb=0&amp;fs=1&amp;loop=0&amp;enablejsapi=1&amp;rel=0&amp;controls=2&amp;showinfo=0&amp;wmode=transparent&amp;autohide=2&amp;autoplay=0&amp;disablekb=0&amp;fs=1&amp;loop=0&amp;enablejsapi=1&amp;rel=0&amp;controls=2&amp;showinfo=1\" frameborder=\"0\" allow=\"accelerometer; autoplay; clipboard-write; encrypted-media; gyroscope; picture-in-picture\" allowfullscreen><\/iframe><\/div>\n<\/div>\n<p>&nbsp;<\/p>\n<h3>NEO LMS &#8211; CARATTERISTICHE<\/h3>\n<ul>\n<li><strong>Facile da usare<\/strong>: design intuitivo che rende la creazione di classi facile e l&#8217;apprendimento un&#8217;esperienza piacevole<\/li>\n<li><strong>Semplice da implementare<\/strong>: sviluppata per garantire un&#8217;implementazione fluida. La maggior parte dei clienti configura e personalizza il proprio sito in pochissimo tempo. Il software \u00e8 adottato molto facilmente da studenti, docenti e genitori<\/li>\n<li><strong>Riduce i costi:<\/strong> i prezzi dipendono dalle esigenze di iscrizione e implementazione del tuo campus. I costi di formazione e supporto sono ridotti al minimo e le tariffe di licenza sono convenienti<\/li>\n<li><strong>Innovazione:<\/strong> l&#8217;obiettivo \u00e8 contribuire a migliorare l&#8217;istruzione ed \u00e8 per questo che la soluzione \u00e8 sempre aggiornata e moderna aggiungendo funzionalit\u00e0 all&#8217;avanguardia come l&#8217;automazione, l&#8217;apprendimento adattivo e l&#8217;apprendimento personalizzato basato sulle competenze.<\/li>\n<\/ul>\n<h4>LE RECENSIONI DEGLI UTENTI<\/h4>\n<p class=\"font-weight-bold mb-1 d-flex align-items-center\"><strong>Eugenio C.&#8221;Universit\u00e0 LMS&#8221;<\/strong><\/p>\n<p><strong>Commenti: <\/strong>Molto bene, una volta rimossi i collegamenti sbagliati o evitato di utilizzare funzionalit\u00e0 non ben create, fa un lavoro perfetto<\/p>\n<p><strong>Pro: <\/strong>Le caratteristiche, come appare, \u00e8 molto visivo, app mobile, corsi facili da seguire.<\/p>\n<p><strong>Contro: <\/strong>manca ancora una bella visuale dell&#8217;app mobile, alcuni file non possono essere caricati o scaricati, alcuni posti nella piattaforma non hanno un posto dove andare, errori in alcune pagine.<\/p>\n<p><strong>Daria K.&#8221;Bella piattaforma&#8221;<\/strong><\/p>\n<p><strong>Commenti: <\/strong>Esperienza senza stress. Ricevo sempre email su nuovi compiti, voti e commenti. Le presentazioni sono facili.<\/p>\n<p><strong>Pro: <\/strong>Mi piace questa piattaforma pi\u00f9 di altre che ho provato. Uso Moodle da molti anni e recentemente ho cambiato scuola. Neo \u00e8 molto pi\u00f9 facile da usare, ha un bel design ed \u00e8 facile da navigare dal desktop o dal telefono. Mi piace anche che consenta a Face ID di accedere.<\/p>\n<p><strong>Contro: <\/strong>Non ho notato alcun svantaggio tranne che preferirei pi\u00f9 opzioni per la modifica del testo nella discussione.<\/p>\n<p class=\"font-weight-bold mb-1 d-flex align-items-center\"><strong>Travis B.&#8221;NEO LMS \u00e8 ottimo per gli insegnanti che hanno incarichi online&#8221;.<\/strong><\/p>\n<p><strong>Commenti: <\/strong>Lo uso da anni ormai e lo adoro.<\/p>\n<p><strong>Pro: <\/strong>Il supporto tecnico \u00e8 supremo.\u00a0Posso dare compiti online e offline.\u00a0Posso aggiornare \/ modificare i progetti sempre e ovunque.<br \/>\nAggiungono costantemente nuove funzionalit\u00e0 e ne perfezionano altre.<\/p>\n<p><strong>Inconvenienti: <\/strong>La navigazione a volte \u00e8 scomoda. Ad esempio, per accedere a &#8220;Note&#8221; per uno studente, esiste un solo percorso.<\/p>\n","protected":false},"excerpt":{"rendered":"<p>NEO LMS \u00e8 un sistema di gestione dell&#8217;apprendimento basato su cloud (LMS) progettato per l&#8217;uso da parte di scuole, universit\u00e0 e distretti scolastici. Sono inclusi strumenti per la creazione di corsi e di percorsi di apprendimento, la gestione dei compiti, test e valutazione, monitoraggio delle presenze, collaborazione, messaggistica e social networking, monitoraggio delle comunicazioni, reportistica, analisi e altro ancora.<\/p>\n","protected":false},"author":19,"featured_media":39130,"parent":38766,"menu_order":0,"comment_status":"open","ping_status":"closed","template":"g1_template_page_review_new.php","meta":{"_acf_changed":false,"cwp_meta_box_check":"Yes","cwp_rev_product_name":"","cwp_rev_product_image":"","wppr_links":[],"cwp_rev_price":"","wppr_options":[],"wppr_pros":[],"wppr_cons":[],"_monsterinsights_skip_tracking":false,"_monsterinsights_sitenote_active":false,"_monsterinsights_sitenote_note":"","_monsterinsights_sitenote_category":0,"footnotes":""},"categories":[5417],"tags":[5477,5474,5447,5475,5421,5472,5471,5473,5476],"features":[],"class_list":{"0":"post-39113","1":"page","2":"type-page","3":"status-publish","4":"has-post-thumbnail","6":"category-software-universita-categoria","7":"tag-neo-lms","8":"tag-piattaforma-lms","9":"tag-piattaforma-per-universita","10":"tag-programma-lms","11":"tag-programma-per-universita","12":"tag-software-lms","13":"tag-software-per-univerista","14":"tag-soluzione-lms","15":"tag-soluzione-per-univerista"},"wppr_data":{"cwp_meta_box_check":"Yes","cwp_rev_product_name":"","cwp_rev_product_image":"","cwp_image_link":"image","cwp_rev_price":"","wppr_rating":"0.00"},"acf":[],"yoast_head":"<!-- This site is optimized with the Yoast SEO plugin v27.4 - https:\/\/yoast.com\/product\/yoast-seo-wordpress\/ -->\n<title>NEO LMS: recensione software per universit\u00e0 - Accurate Reviews<\/title>\n<meta name=\"description\" content=\"NEO LMS: recensione sistema di gestione dell&#039;apprendimento basato su cloud progettato per l&#039;uso da parte di scuole e universit\u00e0.\" \/>\n<meta name=\"robots\" content=\"index, follow, max-snippet:-1, max-image-preview:large, max-video-preview:-1\" \/>\n<link rel=\"canonical\" href=\"https:\/\/www.accuratereviews.com\/it\/software-universita\/neo-lms-recensione\/\" \/>\n<meta property=\"og:locale\" content=\"it_IT\" \/>\n<meta property=\"og:type\" content=\"article\" \/>\n<meta property=\"og:title\" content=\"NEO LMS: recensione software per universit\u00e0 - Accurate Reviews\" \/>\n<meta property=\"og:description\" content=\"NEO LMS: recensione sistema di gestione dell&#039;apprendimento basato su cloud progettato per l&#039;uso da parte di scuole e universit\u00e0.\" \/>\n<meta property=\"og:url\" content=\"https:\/\/www.accuratereviews.com\/it\/software-universita\/neo-lms-recensione\/\" \/>\n<meta property=\"og:site_name\" content=\"Accurate Reviews\" \/>\n<meta property=\"article:modified_time\" content=\"2021-04-23T12:46:21+00:00\" \/>\n<meta property=\"og:image\" content=\"https:\/\/www.accuratereviews.com\/wp-content\/uploads\/2021\/03\/neo.png\" \/>\n\t<meta property=\"og:image:width\" content=\"200\" \/>\n\t<meta property=\"og:image:height\" content=\"200\" \/>\n\t<meta property=\"og:image:type\" content=\"image\/png\" \/>\n<meta name=\"twitter:card\" content=\"summary_large_image\" \/>\n<meta name=\"twitter:label1\" content=\"Tempo di lettura stimato\" \/>\n\t<meta name=\"twitter:data1\" content=\"3 minuti\" \/>\n<script type=\"application\/ld+json\" class=\"yoast-schema-graph\">{\"@context\":\"https:\\\/\\\/schema.org\",\"@graph\":[{\"@type\":\"WebPage\",\"@id\":\"https:\\\/\\\/www.accuratereviews.com\\\/it\\\/software-universita\\\/neo-lms-recensione\\\/\",\"url\":\"https:\\\/\\\/www.accuratereviews.com\\\/it\\\/software-universita\\\/neo-lms-recensione\\\/\",\"name\":\"NEO LMS: recensione software per universit\u00e0 - Accurate Reviews\",\"isPartOf\":{\"@id\":\"https:\\\/\\\/www.accuratereviews.com\\\/it\\\/#website\"},\"primaryImageOfPage\":{\"@id\":\"https:\\\/\\\/www.accuratereviews.com\\\/it\\\/software-universita\\\/neo-lms-recensione\\\/#primaryimage\"},\"image\":{\"@id\":\"https:\\\/\\\/www.accuratereviews.com\\\/it\\\/software-universita\\\/neo-lms-recensione\\\/#primaryimage\"},\"thumbnailUrl\":\"https:\\\/\\\/www.accuratereviews.com\\\/wp-content\\\/uploads\\\/2021\\\/03\\\/neo.png\",\"datePublished\":\"2021-03-26T12:12:42+00:00\",\"dateModified\":\"2021-04-23T12:46:21+00:00\",\"description\":\"NEO LMS: recensione sistema di gestione dell'apprendimento basato su cloud progettato per l'uso da parte di scuole e universit\u00e0.\",\"breadcrumb\":{\"@id\":\"https:\\\/\\\/www.accuratereviews.com\\\/it\\\/software-universita\\\/neo-lms-recensione\\\/#breadcrumb\"},\"inLanguage\":\"it-IT\",\"potentialAction\":[{\"@type\":\"ReadAction\",\"target\":[\"https:\\\/\\\/www.accuratereviews.com\\\/it\\\/software-universita\\\/neo-lms-recensione\\\/\"]}]},{\"@type\":\"ImageObject\",\"inLanguage\":\"it-IT\",\"@id\":\"https:\\\/\\\/www.accuratereviews.com\\\/it\\\/software-universita\\\/neo-lms-recensione\\\/#primaryimage\",\"url\":\"https:\\\/\\\/www.accuratereviews.com\\\/wp-content\\\/uploads\\\/2021\\\/03\\\/neo.png\",\"contentUrl\":\"https:\\\/\\\/www.accuratereviews.com\\\/wp-content\\\/uploads\\\/2021\\\/03\\\/neo.png\",\"width\":200,\"height\":200},{\"@type\":\"BreadcrumbList\",\"@id\":\"https:\\\/\\\/www.accuratereviews.com\\\/it\\\/software-universita\\\/neo-lms-recensione\\\/#breadcrumb\",\"itemListElement\":[{\"@type\":\"ListItem\",\"position\":1,\"name\":\"Home\",\"item\":\"https:\\\/\\\/www.accuratereviews.com\\\/it\\\/\"},{\"@type\":\"ListItem\",\"position\":2,\"name\":\"Software per universit\u00e0\",\"item\":\"https:\\\/\\\/www.accuratereviews.com\\\/it\\\/software-universita\\\/\"},{\"@type\":\"ListItem\",\"position\":3,\"name\":\"NEO LMS\"}]},{\"@type\":\"WebSite\",\"@id\":\"https:\\\/\\\/www.accuratereviews.com\\\/it\\\/#website\",\"url\":\"https:\\\/\\\/www.accuratereviews.com\\\/it\\\/\",\"name\":\"Accurate Reviews\",\"description\":\"\",\"potentialAction\":[{\"@type\":\"SearchAction\",\"target\":{\"@type\":\"EntryPoint\",\"urlTemplate\":\"https:\\\/\\\/www.accuratereviews.com\\\/it\\\/?s={search_term_string}\"},\"query-input\":{\"@type\":\"PropertyValueSpecification\",\"valueRequired\":true,\"valueName\":\"search_term_string\"}}],\"inLanguage\":\"it-IT\"}]}<\/script>\n<!-- \/ Yoast SEO plugin. -->","yoast_head_json":{"title":"NEO LMS: recensione software per universit\u00e0 - Accurate Reviews","description":"NEO LMS: recensione sistema di gestione dell'apprendimento basato su cloud progettato per l'uso da parte di scuole e universit\u00e0.","robots":{"index":"index","follow":"follow","max-snippet":"max-snippet:-1","max-image-preview":"max-image-preview:large","max-video-preview":"max-video-preview:-1"},"canonical":"https:\/\/www.accuratereviews.com\/it\/software-universita\/neo-lms-recensione\/","og_locale":"it_IT","og_type":"article","og_title":"NEO LMS: recensione software per universit\u00e0 - Accurate Reviews","og_description":"NEO LMS: recensione sistema di gestione dell'apprendimento basato su cloud progettato per l'uso da parte di scuole e universit\u00e0.","og_url":"https:\/\/www.accuratereviews.com\/it\/software-universita\/neo-lms-recensione\/","og_site_name":"Accurate Reviews","article_modified_time":"2021-04-23T12:46:21+00:00","og_image":[{"width":200,"height":200,"url":"https:\/\/www.accuratereviews.com\/wp-content\/uploads\/2021\/03\/neo.png","type":"image\/png"}],"twitter_card":"summary_large_image","twitter_misc":{"Tempo di lettura stimato":"3 minuti"},"schema":{"@context":"https:\/\/schema.org","@graph":[{"@type":"WebPage","@id":"https:\/\/www.accuratereviews.com\/it\/software-universita\/neo-lms-recensione\/","url":"https:\/\/www.accuratereviews.com\/it\/software-universita\/neo-lms-recensione\/","name":"NEO LMS: recensione software per universit\u00e0 - Accurate Reviews","isPartOf":{"@id":"https:\/\/www.accuratereviews.com\/it\/#website"},"primaryImageOfPage":{"@id":"https:\/\/www.accuratereviews.com\/it\/software-universita\/neo-lms-recensione\/#primaryimage"},"image":{"@id":"https:\/\/www.accuratereviews.com\/it\/software-universita\/neo-lms-recensione\/#primaryimage"},"thumbnailUrl":"https:\/\/www.accuratereviews.com\/wp-content\/uploads\/2021\/03\/neo.png","datePublished":"2021-03-26T12:12:42+00:00","dateModified":"2021-04-23T12:46:21+00:00","description":"NEO LMS: recensione sistema di gestione dell'apprendimento basato su cloud progettato per l'uso da parte di scuole e universit\u00e0.","breadcrumb":{"@id":"https:\/\/www.accuratereviews.com\/it\/software-universita\/neo-lms-recensione\/#breadcrumb"},"inLanguage":"it-IT","potentialAction":[{"@type":"ReadAction","target":["https:\/\/www.accuratereviews.com\/it\/software-universita\/neo-lms-recensione\/"]}]},{"@type":"ImageObject","inLanguage":"it-IT","@id":"https:\/\/www.accuratereviews.com\/it\/software-universita\/neo-lms-recensione\/#primaryimage","url":"https:\/\/www.accuratereviews.com\/wp-content\/uploads\/2021\/03\/neo.png","contentUrl":"https:\/\/www.accuratereviews.com\/wp-content\/uploads\/2021\/03\/neo.png","width":200,"height":200},{"@type":"BreadcrumbList","@id":"https:\/\/www.accuratereviews.com\/it\/software-universita\/neo-lms-recensione\/#breadcrumb","itemListElement":[{"@type":"ListItem","position":1,"name":"Home","item":"https:\/\/www.accuratereviews.com\/it\/"},{"@type":"ListItem","position":2,"name":"Software per universit\u00e0","item":"https:\/\/www.accuratereviews.com\/it\/software-universita\/"},{"@type":"ListItem","position":3,"name":"NEO LMS"}]},{"@type":"WebSite","@id":"https:\/\/www.accuratereviews.com\/it\/#website","url":"https:\/\/www.accuratereviews.com\/it\/","name":"Accurate Reviews","description":"","potentialAction":[{"@type":"SearchAction","target":{"@type":"EntryPoint","urlTemplate":"https:\/\/www.accuratereviews.com\/it\/?s={search_term_string}"},"query-input":{"@type":"PropertyValueSpecification","valueRequired":true,"valueName":"search_term_string"}}],"inLanguage":"it-IT"}]}},"_links":{"self":[{"href":"https:\/\/www.accuratereviews.com\/it\/wp-json\/wp\/v2\/pages\/39113","targetHints":{"allow":["GET"]}}],"collection":[{"href":"https:\/\/www.accuratereviews.com\/it\/wp-json\/wp\/v2\/pages"}],"about":[{"href":"https:\/\/www.accuratereviews.com\/it\/wp-json\/wp\/v2\/types\/page"}],"author":[{"embeddable":true,"href":"https:\/\/www.accuratereviews.com\/it\/wp-json\/wp\/v2\/users\/19"}],"replies":[{"embeddable":true,"href":"https:\/\/www.accuratereviews.com\/it\/wp-json\/wp\/v2\/comments?post=39113"}],"version-history":[{"count":16,"href":"https:\/\/www.accuratereviews.com\/it\/wp-json\/wp\/v2\/pages\/39113\/revisions"}],"predecessor-version":[{"id":40870,"href":"https:\/\/www.accuratereviews.com\/it\/wp-json\/wp\/v2\/pages\/39113\/revisions\/40870"}],"up":[{"embeddable":true,"href":"https:\/\/www.accuratereviews.com\/it\/wp-json\/wp\/v2\/pages\/38766"}],"wp:featuredmedia":[{"embeddable":true,"href":"https:\/\/www.accuratereviews.com\/it\/wp-json\/wp\/v2\/media\/39130"}],"wp:attachment":[{"href":"https:\/\/www.accuratereviews.com\/it\/wp-json\/wp\/v2\/media?parent=39113"}],"wp:term":[{"taxonomy":"category","embeddable":true,"href":"https:\/\/www.accuratereviews.com\/it\/wp-json\/wp\/v2\/categories?post=39113"},{"taxonomy":"post_tag","embeddable":true,"href":"https:\/\/www.accuratereviews.com\/it\/wp-json\/wp\/v2\/tags?post=39113"},{"taxonomy":"features","embeddable":true,"href":"https:\/\/www.accuratereviews.com\/it\/wp-json\/wp\/v2\/features?post=39113"}],"curies":[{"name":"wp","href":"https:\/\/api.w.org\/{rel}","templated":true}]}}