{"id":39157,"date":"2021-03-29T13:07:00","date_gmt":"2021-03-29T13:07:00","guid":{"rendered":"https:\/\/www.accuratereviews.com\/?page_id=39157"},"modified":"2021-04-23T13:12:48","modified_gmt":"2021-04-23T13:12:48","slug":"sars-anywhere-recensione","status":"publish","type":"page","link":"https:\/\/www.accuratereviews.com\/it\/software-universita\/sars-anywhere-recensione\/","title":{"rendered":"SARS Anywhere"},"content":{"rendered":"<p><strong>SARS Anywhere<\/strong> \u00e8 uno<strong> strumento di pianificazione scolastica<\/strong> molto utile e facile da usare, rivolto principalmente agli uffici amministrativi delle universit\u00e0 e di altri istituti di istruzione superiore. Si tratta di un software creato appositamente per la <strong>gestione degli impegni<\/strong> degli studenti che, con l&#8217;aiuto del personale, fissano, programmano, riprogrammano ed eventualmente eliminano gli appuntamenti. Puoi inoltre monitorare lo stato delle liste di attesa, personalizzare i report e utilizzare la chat di messaggistica istantanea che consente di organizzare il proprio tempo in modo semplice e veloce.<\/p>\n<h2>SARS ANYWHERE &#8211; TUTORIAL<\/h2>\n<p>Ecco un video in cui ci viene mostrato come creare un appuntamento con questo <strong>programma per universit\u00e0<\/strong>:<\/p>\n<div id=\"fluid-wrapper-counter-1\" class=\"g1-fluid-wrapper \" style=\"width:686px;\">\n<div style=\"padding-bottom:56.268221574344%;\"><iframe loading=\"lazy\" title=\"Working with SARS Anywhere &amp; Zoom for STEM\/MLC Appointments\" width=\"686\" height=\"386\" src=\"https:\/\/www.youtube.com\/embed\/hGudyTit-ms?feature=oembed&amp;wmode=transparent&amp;autohide=1&amp;autoplay=0&amp;disablekb=0&amp;fs=1&amp;loop=0&amp;enablejsapi=1&amp;rel=0&amp;controls=2&amp;showinfo=0&amp;wmode=transparent&amp;autohide=2&amp;autoplay=0&amp;disablekb=0&amp;fs=1&amp;loop=0&amp;enablejsapi=1&amp;rel=0&amp;controls=2&amp;showinfo=1\" frameborder=\"0\" allow=\"accelerometer; autoplay; clipboard-write; encrypted-media; gyroscope; picture-in-picture\" allowfullscreen><\/iframe><\/div>\n<\/div>\n<h3>SARS ANYWHERE &#8211; CARATTERISTICHE<\/h3>\n<p>Di seguito le sue principali caratteristiche:<\/p>\n<ul>\n<li><strong>Gestione e programmazione degli appuntamenti<\/strong>: scegli il tipo di appuntamento (individuale o di gruppo), la data e l&#8217;orario, la durata e il consulente che se ne occuper\u00e0<\/li>\n<li><strong>Accesso web eSARS<\/strong>: modifica, riprogrammare ed eventualmente annulla il tuo appuntamento in qualsiasi momento<\/li>\n<li><strong>Conferma degli appuntamenti<\/strong>: la conferma pu\u00f2 essere stampata o essere inviata via mail o sms<\/li>\n<li><strong>Gestione delle presenze\u00a0e registro della cronologia degli studenti<\/strong>: cerca gli appuntamenti imminenti e visualizza i dati storici<\/li>\n<li><strong>Promemoria e notifiche automatiche<\/strong> con messaggi di testo opzionali per gli appuntamenti<\/li>\n<li><strong>Chat di messaggistica istantanea<\/strong>: chatta con gli utenti e ricevi notifiche che ti ricordino gli appuntamenti<\/li>\n<li><strong>Monitoraggio stato delle liste d&#8217;attesa<\/strong><\/li>\n<li><strong>Calendario di Outlook<\/strong>: disponibile per esportare la pianificazione dei consulenti<\/li>\n<li><strong>Sistema reportistico<\/strong>: ricevi report precisi e accurati che analizzino tutte le attivit\u00e0 quotidiane.<\/li>\n<\/ul>\n<h4>LE RECENSIONI DEGLI UTENTI<\/h4>\n<p><strong>Sonia R. &#8220;Semplificazione dei processi e della comunicazione&#8221;<\/strong><br \/>\nCOMMENTI: nel complesso, siamo soddisfatti di ci\u00f2 che SARS ha fatto per aiutarci a semplificare pi\u00f9 processi e comunicazioni con i nostri clienti.<br \/>\nPRO: la possibilit\u00e0 di programmare appuntamenti con facilit\u00e0. Le funzionalit\u00e0 di reporting. Essere in grado di utilizzare SARS per qualcosa di pi\u00f9 della semplice programmazione. Abbiamo impostato la messaggistica SARS e le campagne SARS e sono ottimi valori aggiunti per aiutarci a semplificare alcuni dei nostri processi. Anche la pianificazione degli appuntamenti online \u00e8 stata un&#8217;ottima caratteristica per i nostri studenti.<br \/>\nCONTRO: abbiamo avuto alcuni aspetti tecnici del software ma li abbiamo superati con il supporto del nostro reparto IT.<\/p>\n<p><strong>Cindy S. &#8220;Fa tutto!&#8221;<\/strong><br \/>\nCOMMENTI: il software risolve cos\u00ec tante delle esigenze del mio campus e il supporto che riceviamo \u00e8 di prim&#8217;ordine! Possediamo quasi ogni pezzo di SARS possibile meno un componente e vorrei che lo avessimo acquistato invece di quello che abbiamo fatto per l&#8217;allerta precoce, ci avrebbe fatto risparmiare un&#8217;enorme quantit\u00e0 di denaro.<br \/>\nPRO: il fatto che posso fare cos\u00ec tante cose con il software per risolvere tutta la pianificazione, il monitoraggio e la comunicazione del nostro campus. Esegue tutto ci\u00f2 di cui ho bisogno e anche di pi\u00f9!<br \/>\nCONTRO: niente a cui riesco a pensare, \u00e8 uno dei miei pacchetti software pi\u00f9 affidabili.<\/p>\n<p><strong>Ron B. &#8220;SARS Anywhere&#8221;<\/strong><br \/>\nPRO: ottimo modo per programmare gli appuntamenti. Dati degli appuntamenti conservati in un unico luogo e facilmente accessibili. Ottimo servizio clienti.<br \/>\nCONTRO: mi piace molto questo prodotto. Funziona come previsto e quando commettiamo un errore, il loro eccellente servizio clienti corregge eventuali problemi.<\/p>\n","protected":false},"excerpt":{"rendered":"<p>SARS Anywhere \u00e8 uno strumento di pianificazione scolastica molto utile e facile da usare, rivolto principalmente agli uffici amministrativi delle universit\u00e0 e di altri istituti di istruzione superiore. Si tratta di un software creato appositamente per la gestione degli impegni degli studenti che, con l&#8217;aiuto del personale, fissano, programmano, riprogrammano ed eventualmente eliminano gli appuntamenti.<\/p>\n","protected":false},"author":17,"featured_media":39159,"parent":38766,"menu_order":0,"comment_status":"open","ping_status":"closed","template":"g1_template_page_review_new.php","meta":{"_acf_changed":false,"cwp_meta_box_check":"No","cwp_rev_product_name":"","cwp_rev_product_image":"","wppr_links":[],"cwp_rev_price":"","wppr_options":[],"wppr_pros":[],"wppr_cons":[],"_monsterinsights_skip_tracking":false,"_monsterinsights_sitenote_active":false,"_monsterinsights_sitenote_note":"","_monsterinsights_sitenote_category":0,"footnotes":""},"categories":[5417],"tags":[5465,5423,5447,5421,5476,5422],"features":[],"class_list":{"0":"post-39157","1":"page","2":"type-page","3":"status-publish","4":"has-post-thumbnail","6":"category-software-universita-categoria","7":"tag-gestionale-per-universita","8":"tag-gestionale-universita","9":"tag-piattaforma-per-universita","10":"tag-programma-per-universita","11":"tag-soluzione-per-univerista","12":"tag-soluzione-per-universita"},"wppr_data":{"cwp_meta_box_check":"No"},"acf":[],"yoast_head":"<!-- This site is optimized with the Yoast SEO plugin v27.4 - https:\/\/yoast.com\/product\/yoast-seo-wordpress\/ -->\n<title>SARS Anywhere: recensione software universit\u00e0 - Accurate Reviews<\/title>\n<meta name=\"description\" content=\"SARS Anywhere \u00e8 uno strumento di pianificazione scolastica utile e facile da usare, rivolto a universit\u00e0 e istituti di istruzione superiore.\" \/>\n<meta name=\"robots\" content=\"index, follow, max-snippet:-1, max-image-preview:large, max-video-preview:-1\" \/>\n<link rel=\"canonical\" href=\"https:\/\/www.accuratereviews.com\/it\/software-universita\/sars-anywhere-recensione\/\" \/>\n<meta property=\"og:locale\" content=\"it_IT\" \/>\n<meta property=\"og:type\" content=\"article\" \/>\n<meta property=\"og:title\" content=\"SARS Anywhere: recensione software universit\u00e0 - Accurate Reviews\" \/>\n<meta property=\"og:description\" content=\"SARS Anywhere \u00e8 uno strumento di pianificazione scolastica utile e facile da usare, rivolto a universit\u00e0 e istituti di istruzione superiore.\" \/>\n<meta property=\"og:url\" content=\"https:\/\/www.accuratereviews.com\/it\/software-universita\/sars-anywhere-recensione\/\" \/>\n<meta property=\"og:site_name\" content=\"Accurate Reviews\" \/>\n<meta property=\"article:modified_time\" content=\"2021-04-23T13:12:48+00:00\" \/>\n<meta property=\"og:image\" content=\"https:\/\/www.accuratereviews.com\/wp-content\/uploads\/2021\/03\/Schermata-2021-03-26-alle-13.16.49.png\" \/>\n\t<meta property=\"og:image:width\" content=\"554\" \/>\n\t<meta property=\"og:image:height\" content=\"208\" \/>\n\t<meta property=\"og:image:type\" content=\"image\/png\" \/>\n<meta name=\"twitter:card\" content=\"summary_large_image\" \/>\n<meta name=\"twitter:label1\" content=\"Tempo di lettura stimato\" \/>\n\t<meta name=\"twitter:data1\" content=\"3 minuti\" \/>\n<script type=\"application\/ld+json\" class=\"yoast-schema-graph\">{\"@context\":\"https:\\\/\\\/schema.org\",\"@graph\":[{\"@type\":\"WebPage\",\"@id\":\"https:\\\/\\\/www.accuratereviews.com\\\/it\\\/software-universita\\\/sars-anywhere-recensione\\\/\",\"url\":\"https:\\\/\\\/www.accuratereviews.com\\\/it\\\/software-universita\\\/sars-anywhere-recensione\\\/\",\"name\":\"SARS Anywhere: recensione software universit\u00e0 - Accurate Reviews\",\"isPartOf\":{\"@id\":\"https:\\\/\\\/www.accuratereviews.com\\\/it\\\/#website\"},\"primaryImageOfPage\":{\"@id\":\"https:\\\/\\\/www.accuratereviews.com\\\/it\\\/software-universita\\\/sars-anywhere-recensione\\\/#primaryimage\"},\"image\":{\"@id\":\"https:\\\/\\\/www.accuratereviews.com\\\/it\\\/software-universita\\\/sars-anywhere-recensione\\\/#primaryimage\"},\"thumbnailUrl\":\"https:\\\/\\\/www.accuratereviews.com\\\/wp-content\\\/uploads\\\/2021\\\/03\\\/Schermata-2021-03-26-alle-13.16.49.png\",\"datePublished\":\"2021-03-29T13:07:00+00:00\",\"dateModified\":\"2021-04-23T13:12:48+00:00\",\"description\":\"SARS Anywhere \u00e8 uno strumento di pianificazione scolastica utile e facile da usare, rivolto a universit\u00e0 e istituti di istruzione superiore.\",\"breadcrumb\":{\"@id\":\"https:\\\/\\\/www.accuratereviews.com\\\/it\\\/software-universita\\\/sars-anywhere-recensione\\\/#breadcrumb\"},\"inLanguage\":\"it-IT\",\"potentialAction\":[{\"@type\":\"ReadAction\",\"target\":[\"https:\\\/\\\/www.accuratereviews.com\\\/it\\\/software-universita\\\/sars-anywhere-recensione\\\/\"]}]},{\"@type\":\"ImageObject\",\"inLanguage\":\"it-IT\",\"@id\":\"https:\\\/\\\/www.accuratereviews.com\\\/it\\\/software-universita\\\/sars-anywhere-recensione\\\/#primaryimage\",\"url\":\"https:\\\/\\\/www.accuratereviews.com\\\/wp-content\\\/uploads\\\/2021\\\/03\\\/Schermata-2021-03-26-alle-13.16.49.png\",\"contentUrl\":\"https:\\\/\\\/www.accuratereviews.com\\\/wp-content\\\/uploads\\\/2021\\\/03\\\/Schermata-2021-03-26-alle-13.16.49.png\",\"width\":554,\"height\":208},{\"@type\":\"BreadcrumbList\",\"@id\":\"https:\\\/\\\/www.accuratereviews.com\\\/it\\\/software-universita\\\/sars-anywhere-recensione\\\/#breadcrumb\",\"itemListElement\":[{\"@type\":\"ListItem\",\"position\":1,\"name\":\"Home\",\"item\":\"https:\\\/\\\/www.accuratereviews.com\\\/it\\\/\"},{\"@type\":\"ListItem\",\"position\":2,\"name\":\"Software per universit\u00e0\",\"item\":\"https:\\\/\\\/www.accuratereviews.com\\\/it\\\/software-universita\\\/\"},{\"@type\":\"ListItem\",\"position\":3,\"name\":\"SARS Anywhere\"}]},{\"@type\":\"WebSite\",\"@id\":\"https:\\\/\\\/www.accuratereviews.com\\\/it\\\/#website\",\"url\":\"https:\\\/\\\/www.accuratereviews.com\\\/it\\\/\",\"name\":\"Accurate Reviews\",\"description\":\"\",\"potentialAction\":[{\"@type\":\"SearchAction\",\"target\":{\"@type\":\"EntryPoint\",\"urlTemplate\":\"https:\\\/\\\/www.accuratereviews.com\\\/it\\\/?s={search_term_string}\"},\"query-input\":{\"@type\":\"PropertyValueSpecification\",\"valueRequired\":true,\"valueName\":\"search_term_string\"}}],\"inLanguage\":\"it-IT\"}]}<\/script>\n<!-- \/ Yoast SEO plugin. -->","yoast_head_json":{"title":"SARS Anywhere: recensione software universit\u00e0 - Accurate Reviews","description":"SARS Anywhere \u00e8 uno strumento di pianificazione scolastica utile e facile da usare, rivolto a universit\u00e0 e istituti di istruzione superiore.","robots":{"index":"index","follow":"follow","max-snippet":"max-snippet:-1","max-image-preview":"max-image-preview:large","max-video-preview":"max-video-preview:-1"},"canonical":"https:\/\/www.accuratereviews.com\/it\/software-universita\/sars-anywhere-recensione\/","og_locale":"it_IT","og_type":"article","og_title":"SARS Anywhere: recensione software universit\u00e0 - Accurate Reviews","og_description":"SARS Anywhere \u00e8 uno strumento di pianificazione scolastica utile e facile da usare, rivolto a universit\u00e0 e istituti di istruzione superiore.","og_url":"https:\/\/www.accuratereviews.com\/it\/software-universita\/sars-anywhere-recensione\/","og_site_name":"Accurate Reviews","article_modified_time":"2021-04-23T13:12:48+00:00","og_image":[{"width":554,"height":208,"url":"https:\/\/www.accuratereviews.com\/wp-content\/uploads\/2021\/03\/Schermata-2021-03-26-alle-13.16.49.png","type":"image\/png"}],"twitter_card":"summary_large_image","twitter_misc":{"Tempo di lettura stimato":"3 minuti"},"schema":{"@context":"https:\/\/schema.org","@graph":[{"@type":"WebPage","@id":"https:\/\/www.accuratereviews.com\/it\/software-universita\/sars-anywhere-recensione\/","url":"https:\/\/www.accuratereviews.com\/it\/software-universita\/sars-anywhere-recensione\/","name":"SARS Anywhere: recensione software universit\u00e0 - Accurate Reviews","isPartOf":{"@id":"https:\/\/www.accuratereviews.com\/it\/#website"},"primaryImageOfPage":{"@id":"https:\/\/www.accuratereviews.com\/it\/software-universita\/sars-anywhere-recensione\/#primaryimage"},"image":{"@id":"https:\/\/www.accuratereviews.com\/it\/software-universita\/sars-anywhere-recensione\/#primaryimage"},"thumbnailUrl":"https:\/\/www.accuratereviews.com\/wp-content\/uploads\/2021\/03\/Schermata-2021-03-26-alle-13.16.49.png","datePublished":"2021-03-29T13:07:00+00:00","dateModified":"2021-04-23T13:12:48+00:00","description":"SARS Anywhere \u00e8 uno strumento di pianificazione scolastica utile e facile da usare, rivolto a universit\u00e0 e istituti di istruzione superiore.","breadcrumb":{"@id":"https:\/\/www.accuratereviews.com\/it\/software-universita\/sars-anywhere-recensione\/#breadcrumb"},"inLanguage":"it-IT","potentialAction":[{"@type":"ReadAction","target":["https:\/\/www.accuratereviews.com\/it\/software-universita\/sars-anywhere-recensione\/"]}]},{"@type":"ImageObject","inLanguage":"it-IT","@id":"https:\/\/www.accuratereviews.com\/it\/software-universita\/sars-anywhere-recensione\/#primaryimage","url":"https:\/\/www.accuratereviews.com\/wp-content\/uploads\/2021\/03\/Schermata-2021-03-26-alle-13.16.49.png","contentUrl":"https:\/\/www.accuratereviews.com\/wp-content\/uploads\/2021\/03\/Schermata-2021-03-26-alle-13.16.49.png","width":554,"height":208},{"@type":"BreadcrumbList","@id":"https:\/\/www.accuratereviews.com\/it\/software-universita\/sars-anywhere-recensione\/#breadcrumb","itemListElement":[{"@type":"ListItem","position":1,"name":"Home","item":"https:\/\/www.accuratereviews.com\/it\/"},{"@type":"ListItem","position":2,"name":"Software per universit\u00e0","item":"https:\/\/www.accuratereviews.com\/it\/software-universita\/"},{"@type":"ListItem","position":3,"name":"SARS Anywhere"}]},{"@type":"WebSite","@id":"https:\/\/www.accuratereviews.com\/it\/#website","url":"https:\/\/www.accuratereviews.com\/it\/","name":"Accurate Reviews","description":"","potentialAction":[{"@type":"SearchAction","target":{"@type":"EntryPoint","urlTemplate":"https:\/\/www.accuratereviews.com\/it\/?s={search_term_string}"},"query-input":{"@type":"PropertyValueSpecification","valueRequired":true,"valueName":"search_term_string"}}],"inLanguage":"it-IT"}]}},"_links":{"self":[{"href":"https:\/\/www.accuratereviews.com\/it\/wp-json\/wp\/v2\/pages\/39157","targetHints":{"allow":["GET"]}}],"collection":[{"href":"https:\/\/www.accuratereviews.com\/it\/wp-json\/wp\/v2\/pages"}],"about":[{"href":"https:\/\/www.accuratereviews.com\/it\/wp-json\/wp\/v2\/types\/page"}],"author":[{"embeddable":true,"href":"https:\/\/www.accuratereviews.com\/it\/wp-json\/wp\/v2\/users\/17"}],"replies":[{"embeddable":true,"href":"https:\/\/www.accuratereviews.com\/it\/wp-json\/wp\/v2\/comments?post=39157"}],"version-history":[{"count":10,"href":"https:\/\/www.accuratereviews.com\/it\/wp-json\/wp\/v2\/pages\/39157\/revisions"}],"predecessor-version":[{"id":40903,"href":"https:\/\/www.accuratereviews.com\/it\/wp-json\/wp\/v2\/pages\/39157\/revisions\/40903"}],"up":[{"embeddable":true,"href":"https:\/\/www.accuratereviews.com\/it\/wp-json\/wp\/v2\/pages\/38766"}],"wp:featuredmedia":[{"embeddable":true,"href":"https:\/\/www.accuratereviews.com\/it\/wp-json\/wp\/v2\/media\/39159"}],"wp:attachment":[{"href":"https:\/\/www.accuratereviews.com\/it\/wp-json\/wp\/v2\/media?parent=39157"}],"wp:term":[{"taxonomy":"category","embeddable":true,"href":"https:\/\/www.accuratereviews.com\/it\/wp-json\/wp\/v2\/categories?post=39157"},{"taxonomy":"post_tag","embeddable":true,"href":"https:\/\/www.accuratereviews.com\/it\/wp-json\/wp\/v2\/tags?post=39157"},{"taxonomy":"features","embeddable":true,"href":"https:\/\/www.accuratereviews.com\/it\/wp-json\/wp\/v2\/features?post=39157"}],"curies":[{"name":"wp","href":"https:\/\/api.w.org\/{rel}","templated":true}]}}