{"id":39183,"date":"2021-03-29T11:53:27","date_gmt":"2021-03-29T11:53:27","guid":{"rendered":"https:\/\/www.accuratereviews.com\/?page_id=39183"},"modified":"2021-04-23T12:39:54","modified_gmt":"2021-04-23T12:39:54","slug":"blue-recensione","status":"publish","type":"page","link":"https:\/\/www.accuratereviews.com\/it\/software-universita\/blue-recensione\/","title":{"rendered":"Blue"},"content":{"rendered":"<p><strong>Blue<\/strong> \u00e8 una <strong>piattaforma di feedback formativo<\/strong> dal vivo che offre alle amministrazioni scolastiche e agli istituti di istruzione superiore un software unico e centralizzato da cui ricevere feedback riservati degli studenti. Incorporando l&#8217;integrazione LTI (learning tools interoperability) con sistemi di gestione dell&#8217;apprendimento come Moodle, Brightspace e Blackboard Learn, oltre a Instructure e Sakai. Il software mira a fornire una soluzione di feedback e coinvolgimento degli studenti user-friendly. Progettato per valutare la soddisfazione, la comprensione e il progresso degli studenti, Blue consente agli utenti di porre domande rapide agli studenti, raccogliere feedback confidenziali e intraprendere azioni di follow-up e fornire supporto agli alunni in tempo reale. Facilitando il feedback continuo, aiuta gli istruttori a mantenere un canale di comunicazione bidirezionale aperto con gli studenti in ogni momento durante l&#8217;anno accademico. La funzionalit\u00e0 di feedback formativo continuo serve anche a migliorare le valutazioni di fine corso.<\/p>\n<h2>BLUE &#8211; TUTORIAL<\/h2>\n<p>Guardiamo come \u00e8 semplice raccogliere i feedback dei propri studenti utilizzando questo software:<\/p>\n<div id=\"fluid-wrapper-counter-1\" class=\"g1-fluid-wrapper \" style=\"width:686px;\">\n<div style=\"padding-bottom:56.268221574344%;\"><iframe loading=\"lazy\" title=\"Bluepulse for Managers \u2013 Avoiding Performance Gap Yap\" width=\"686\" height=\"386\" src=\"https:\/\/www.youtube.com\/embed\/tQPDEEXyDm0?feature=oembed&amp;wmode=transparent&amp;autohide=1&amp;autoplay=0&amp;disablekb=0&amp;fs=1&amp;loop=0&amp;enablejsapi=1&amp;rel=0&amp;controls=2&amp;showinfo=0&amp;wmode=transparent&amp;autohide=2&amp;autoplay=0&amp;disablekb=0&amp;fs=1&amp;loop=0&amp;enablejsapi=1&amp;rel=0&amp;controls=2&amp;showinfo=1\" frameborder=\"0\" allow=\"accelerometer; autoplay; clipboard-write; encrypted-media; gyroscope; picture-in-picture\" allowfullscreen><\/iframe><\/div>\n<\/div>\n<h3>BLUE &#8211; CARATTERISTICHE<\/h3>\n<ul>\n<li><strong>Integrazione IT:<\/strong> sfrutta i dati di origine e la gerarchia esistente, inclusi HRIS, SIS, LMS, CRM, portali e altri sistemi di sicurezza e informazioni<\/li>\n<li><strong>Accessibilit\u00e0<\/strong>: soddisfa i pi\u00f9 recenti standard di accessibilit\u00e0 per WCAG 2.1 (AA) e la Sezione 508 e offri a tutti un&#8217;esperienza senza interruzioni<\/li>\n<li><strong>Anali del tempo<\/strong>: guarda i tuoi dati e ottieni un quadro completo del feedback degli stakeholder<\/li>\n<li><strong>Reportistica potente<\/strong>: eseguire l&#8217;analisi dell&#8217;andamento del tempo per confrontare l&#8217;evoluzione dei risultati di miglioramento o aggregare i risultati in base a qualsiasi criterio importante (dipartimentale, organizzativo, ecc.)<\/li>\n<li><strong>Notifiche intelligenti:<\/strong> invia inviti centralizzati e personalizzati, promemoria, email e notifiche SMS ai partecipanti sempre e ovunque<\/li>\n<li><strong>Localizzazione<\/strong>: fornisci moduli e rapporti in una variet\u00e0 di lingue per soddisfare le esigenze del pubblico<\/li>\n<li><strong>Valutazioni<\/strong>: supporta facilmente le valutazioni con centinaia di domande in un unico progetto<\/li>\n<li><strong>Flessibilit\u00e0:<\/strong> costruisci valutazioni su dati correnti o basati su eventi, comprese valutazioni aperte, sondaggi aperti e fissi.<\/li>\n<\/ul>\n<h4>LE RECENSIONI DEGLI UTENTI<\/h4>\n<p class=\"font-weight-bold mb-1 d-flex align-items-center\"><strong>Debra S.&#8221;il software ha una curva di apprendimento ripida; non intuitivamente ovvio.&#8221;<\/strong><\/p>\n<p><strong>Commenti: <\/strong>fa tutto ci\u00f2 di cui ho bisogno e abbastanza comodamente.<\/p>\n<p><strong>Pro: <\/strong>Ha molte funzionalit\u00e0 &#8211; presumibilmente, una volta impostato, un &#8220;tocco&#8221; e fa tutto per te, il che \u00e8 vero. \u00c8 difficile commettere accidentalmente un errore, cio\u00e8 semplicemente non funzioner\u00e0, invece di funzionare in modo errato. Il supporto tecnico \u00e8 buono, anche se \u00e8 un po &#8216;difficile abituarsi al loro stile di comunicazione.<\/p>\n<p><strong>Contro: <\/strong>Anche ora che ne ho molta familiarit\u00e0, devo ancora spesso verificare con il supporto tecnico una cosa o un&#8217;altra. Non mi piace il rapporto e vorrei che fosse pi\u00f9 personalizzabile. Sono l&#8217;unico che sa come usarlo e mostrare le sue stranezze a un altro sarebbe difficile.<\/p>\n<p class=\"font-weight-bold mb-1 d-flex align-items-center\"><strong>Gloria E.&#8221;Servizio clienti esemplare a supporto impressionante&#8221;<\/strong><\/p>\n<p><strong>Commenti: <\/strong>Il servizio clienti e il supporto sono straordinari e hanno portato un utente inesperto ad avanzare con la sua formazione completa, la base di conoscenza e l&#8217;impegno continuo con il prodotto e la comunit\u00e0 di utenti. \u00c8 un&#8217;azienda solida con prodotti eccezionali.<\/p>\n<p><strong>Pro: <\/strong>Lo strumento di valutazione del corso blu \u00e8 mobile friendly e multipiattaforma, oltre che molto intuitivo per gli utenti finali. \u00c8 possibile eseguire e accedere ai sondaggi in diversi modi e coloro a cui viene chiesto di rispondere segnalano pochissimi problemi di accesso. Funziona! Il servizio clienti e il supporto sono straordinari.<\/p>\n<p><strong>Contro: <\/strong>L&#8217;amministratore \u00a0pu\u00f2 essere goffo, con salvaguardie essenziali che limitano gli aggiornamenti automatici e spesso modifiche in pi\u00f9 fasi se il progetto deve essere modificato dopo la pubblicazione. Questi sono evitabili se esegui il lavoro prima della pubblicazione, ma spesso non \u00e8 fattibile.<\/p>\n<p class=\"font-weight-bold mb-1 d-flex align-items-center\"><strong>Peggy C.&#8221;Blu \u00e8 eccellente per la consegna di valutazioni dei corsi che possono essere altamente personalizzate e automatizzate.&#8221;<\/strong><\/p>\n<p><strong>Pro: <\/strong>Favoloso fornitore di software, consegna impeccabile agli studenti, ottimizzazione per dispositivi mobili, conformit\u00e0 ada, ottime prestazioni, hosting, ottimo supporto clienti.<\/p>\n<p><strong>Contro: <\/strong>L&#8217;interfaccia dei report per creare report personalizzati da zero non \u00e8 intuitiva per gli utenti inesperti. Penso che i prossimi cambiamenti in quest&#8217;area nella prossima versione affronteranno queste preoccupazioni.<\/p>\n","protected":false},"excerpt":{"rendered":"<p>Blue \u00e8 una piattaforma di feedback formativo dal vivo che offre alle amministrazioni scolastiche e agli istituti di istruzione superiore una piattaforma unica e centralizzata da cui ricevere feedback riservati degli studenti. Incorporando l&#8217;integrazione LTI (learning tools interoperability) con sistemi di gestione dell&#8217;apprendimento come Moodle, Brightspace e Blackboard Learn, oltre a Instructure e Sakai.<\/p>\n","protected":false},"author":19,"featured_media":39217,"parent":38766,"menu_order":0,"comment_status":"open","ping_status":"closed","template":"g1_template_page_review_new.php","meta":{"_acf_changed":false,"cwp_meta_box_check":"Yes","cwp_rev_product_name":"","cwp_rev_product_image":"","wppr_links":[],"cwp_rev_price":"","wppr_options":[],"wppr_pros":[],"wppr_cons":[],"_monsterinsights_skip_tracking":false,"_monsterinsights_sitenote_active":false,"_monsterinsights_sitenote_note":"","_monsterinsights_sitenote_category":0,"footnotes":""},"categories":[5417],"tags":[5483,5482,5447,5481,5421,5479,5420,5480,5422],"features":[],"class_list":{"0":"post-39183","1":"page","2":"type-page","3":"status-publish","4":"has-post-thumbnail","6":"category-software-universita-categoria","7":"tag-blue","8":"tag-piattaforma-per-feedback","9":"tag-piattaforma-per-universita","10":"tag-programma-per-feedback","11":"tag-programma-per-universita","12":"tag-software-per-feedback","13":"tag-software-per-universita","14":"tag-soluzione-per-feedback","15":"tag-soluzione-per-universita"},"wppr_data":{"cwp_meta_box_check":"Yes","cwp_rev_product_name":"","cwp_rev_product_image":"","cwp_image_link":"image","cwp_rev_price":"","wppr_rating":"0.00"},"acf":[],"yoast_head":"<!-- This site is optimized with the Yoast SEO plugin v27.4 - https:\/\/yoast.com\/product\/yoast-seo-wordpress\/ -->\n<title>Blue: recensione software per universit\u00e0 - Accurate Reviews<\/title>\n<meta name=\"description\" content=\"Blue: recensione piattaforma di feedback formativo dal vivo adatto alle amministrazioni scolastiche e agli istituti di istruzione superiore.\" \/>\n<meta name=\"robots\" content=\"index, follow, max-snippet:-1, max-image-preview:large, max-video-preview:-1\" \/>\n<link rel=\"canonical\" href=\"https:\/\/www.accuratereviews.com\/it\/software-universita\/blue-recensione\/\" \/>\n<meta property=\"og:locale\" content=\"it_IT\" \/>\n<meta property=\"og:type\" content=\"article\" \/>\n<meta property=\"og:title\" content=\"Blue: recensione software per universit\u00e0 - Accurate Reviews\" \/>\n<meta property=\"og:description\" content=\"Blue: recensione piattaforma di feedback formativo dal vivo adatto alle amministrazioni scolastiche e agli istituti di istruzione superiore.\" \/>\n<meta property=\"og:url\" content=\"https:\/\/www.accuratereviews.com\/it\/software-universita\/blue-recensione\/\" \/>\n<meta property=\"og:site_name\" content=\"Accurate Reviews\" \/>\n<meta property=\"article:modified_time\" content=\"2021-04-23T12:39:54+00:00\" \/>\n<meta property=\"og:image\" content=\"https:\/\/www.accuratereviews.com\/wp-content\/uploads\/2021\/03\/Explorance_metrics_that_matter.jpg\" \/>\n\t<meta property=\"og:image:width\" content=\"308\" \/>\n\t<meta property=\"og:image:height\" content=\"345\" \/>\n\t<meta property=\"og:image:type\" content=\"image\/jpeg\" \/>\n<meta name=\"twitter:card\" content=\"summary_large_image\" \/>\n<meta name=\"twitter:label1\" content=\"Tempo di lettura stimato\" \/>\n\t<meta name=\"twitter:data1\" content=\"3 minuti\" \/>\n<script type=\"application\/ld+json\" class=\"yoast-schema-graph\">{\"@context\":\"https:\\\/\\\/schema.org\",\"@graph\":[{\"@type\":\"WebPage\",\"@id\":\"https:\\\/\\\/www.accuratereviews.com\\\/it\\\/software-universita\\\/blue-recensione\\\/\",\"url\":\"https:\\\/\\\/www.accuratereviews.com\\\/it\\\/software-universita\\\/blue-recensione\\\/\",\"name\":\"Blue: recensione software per universit\u00e0 - Accurate Reviews\",\"isPartOf\":{\"@id\":\"https:\\\/\\\/www.accuratereviews.com\\\/it\\\/#website\"},\"primaryImageOfPage\":{\"@id\":\"https:\\\/\\\/www.accuratereviews.com\\\/it\\\/software-universita\\\/blue-recensione\\\/#primaryimage\"},\"image\":{\"@id\":\"https:\\\/\\\/www.accuratereviews.com\\\/it\\\/software-universita\\\/blue-recensione\\\/#primaryimage\"},\"thumbnailUrl\":\"https:\\\/\\\/www.accuratereviews.com\\\/wp-content\\\/uploads\\\/2021\\\/03\\\/Explorance_metrics_that_matter.jpg\",\"datePublished\":\"2021-03-29T11:53:27+00:00\",\"dateModified\":\"2021-04-23T12:39:54+00:00\",\"description\":\"Blue: recensione piattaforma di feedback formativo dal vivo adatto alle amministrazioni scolastiche e agli istituti di istruzione superiore.\",\"breadcrumb\":{\"@id\":\"https:\\\/\\\/www.accuratereviews.com\\\/it\\\/software-universita\\\/blue-recensione\\\/#breadcrumb\"},\"inLanguage\":\"it-IT\",\"potentialAction\":[{\"@type\":\"ReadAction\",\"target\":[\"https:\\\/\\\/www.accuratereviews.com\\\/it\\\/software-universita\\\/blue-recensione\\\/\"]}]},{\"@type\":\"ImageObject\",\"inLanguage\":\"it-IT\",\"@id\":\"https:\\\/\\\/www.accuratereviews.com\\\/it\\\/software-universita\\\/blue-recensione\\\/#primaryimage\",\"url\":\"https:\\\/\\\/www.accuratereviews.com\\\/wp-content\\\/uploads\\\/2021\\\/03\\\/Explorance_metrics_that_matter.jpg\",\"contentUrl\":\"https:\\\/\\\/www.accuratereviews.com\\\/wp-content\\\/uploads\\\/2021\\\/03\\\/Explorance_metrics_that_matter.jpg\",\"width\":308,\"height\":345},{\"@type\":\"BreadcrumbList\",\"@id\":\"https:\\\/\\\/www.accuratereviews.com\\\/it\\\/software-universita\\\/blue-recensione\\\/#breadcrumb\",\"itemListElement\":[{\"@type\":\"ListItem\",\"position\":1,\"name\":\"Home\",\"item\":\"https:\\\/\\\/www.accuratereviews.com\\\/it\\\/\"},{\"@type\":\"ListItem\",\"position\":2,\"name\":\"Software per universit\u00e0\",\"item\":\"https:\\\/\\\/www.accuratereviews.com\\\/it\\\/software-universita\\\/\"},{\"@type\":\"ListItem\",\"position\":3,\"name\":\"Blue\"}]},{\"@type\":\"WebSite\",\"@id\":\"https:\\\/\\\/www.accuratereviews.com\\\/it\\\/#website\",\"url\":\"https:\\\/\\\/www.accuratereviews.com\\\/it\\\/\",\"name\":\"Accurate Reviews\",\"description\":\"\",\"potentialAction\":[{\"@type\":\"SearchAction\",\"target\":{\"@type\":\"EntryPoint\",\"urlTemplate\":\"https:\\\/\\\/www.accuratereviews.com\\\/it\\\/?s={search_term_string}\"},\"query-input\":{\"@type\":\"PropertyValueSpecification\",\"valueRequired\":true,\"valueName\":\"search_term_string\"}}],\"inLanguage\":\"it-IT\"}]}<\/script>\n<!-- \/ Yoast SEO plugin. -->","yoast_head_json":{"title":"Blue: recensione software per universit\u00e0 - Accurate Reviews","description":"Blue: recensione piattaforma di feedback formativo dal vivo adatto alle amministrazioni scolastiche e agli istituti di istruzione superiore.","robots":{"index":"index","follow":"follow","max-snippet":"max-snippet:-1","max-image-preview":"max-image-preview:large","max-video-preview":"max-video-preview:-1"},"canonical":"https:\/\/www.accuratereviews.com\/it\/software-universita\/blue-recensione\/","og_locale":"it_IT","og_type":"article","og_title":"Blue: recensione software per universit\u00e0 - Accurate Reviews","og_description":"Blue: recensione piattaforma di feedback formativo dal vivo adatto alle amministrazioni scolastiche e agli istituti di istruzione superiore.","og_url":"https:\/\/www.accuratereviews.com\/it\/software-universita\/blue-recensione\/","og_site_name":"Accurate Reviews","article_modified_time":"2021-04-23T12:39:54+00:00","og_image":[{"width":308,"height":345,"url":"https:\/\/www.accuratereviews.com\/wp-content\/uploads\/2021\/03\/Explorance_metrics_that_matter.jpg","type":"image\/jpeg"}],"twitter_card":"summary_large_image","twitter_misc":{"Tempo di lettura stimato":"3 minuti"},"schema":{"@context":"https:\/\/schema.org","@graph":[{"@type":"WebPage","@id":"https:\/\/www.accuratereviews.com\/it\/software-universita\/blue-recensione\/","url":"https:\/\/www.accuratereviews.com\/it\/software-universita\/blue-recensione\/","name":"Blue: recensione software per universit\u00e0 - Accurate Reviews","isPartOf":{"@id":"https:\/\/www.accuratereviews.com\/it\/#website"},"primaryImageOfPage":{"@id":"https:\/\/www.accuratereviews.com\/it\/software-universita\/blue-recensione\/#primaryimage"},"image":{"@id":"https:\/\/www.accuratereviews.com\/it\/software-universita\/blue-recensione\/#primaryimage"},"thumbnailUrl":"https:\/\/www.accuratereviews.com\/wp-content\/uploads\/2021\/03\/Explorance_metrics_that_matter.jpg","datePublished":"2021-03-29T11:53:27+00:00","dateModified":"2021-04-23T12:39:54+00:00","description":"Blue: recensione piattaforma di feedback formativo dal vivo adatto alle amministrazioni scolastiche e agli istituti di istruzione superiore.","breadcrumb":{"@id":"https:\/\/www.accuratereviews.com\/it\/software-universita\/blue-recensione\/#breadcrumb"},"inLanguage":"it-IT","potentialAction":[{"@type":"ReadAction","target":["https:\/\/www.accuratereviews.com\/it\/software-universita\/blue-recensione\/"]}]},{"@type":"ImageObject","inLanguage":"it-IT","@id":"https:\/\/www.accuratereviews.com\/it\/software-universita\/blue-recensione\/#primaryimage","url":"https:\/\/www.accuratereviews.com\/wp-content\/uploads\/2021\/03\/Explorance_metrics_that_matter.jpg","contentUrl":"https:\/\/www.accuratereviews.com\/wp-content\/uploads\/2021\/03\/Explorance_metrics_that_matter.jpg","width":308,"height":345},{"@type":"BreadcrumbList","@id":"https:\/\/www.accuratereviews.com\/it\/software-universita\/blue-recensione\/#breadcrumb","itemListElement":[{"@type":"ListItem","position":1,"name":"Home","item":"https:\/\/www.accuratereviews.com\/it\/"},{"@type":"ListItem","position":2,"name":"Software per universit\u00e0","item":"https:\/\/www.accuratereviews.com\/it\/software-universita\/"},{"@type":"ListItem","position":3,"name":"Blue"}]},{"@type":"WebSite","@id":"https:\/\/www.accuratereviews.com\/it\/#website","url":"https:\/\/www.accuratereviews.com\/it\/","name":"Accurate Reviews","description":"","potentialAction":[{"@type":"SearchAction","target":{"@type":"EntryPoint","urlTemplate":"https:\/\/www.accuratereviews.com\/it\/?s={search_term_string}"},"query-input":{"@type":"PropertyValueSpecification","valueRequired":true,"valueName":"search_term_string"}}],"inLanguage":"it-IT"}]}},"_links":{"self":[{"href":"https:\/\/www.accuratereviews.com\/it\/wp-json\/wp\/v2\/pages\/39183","targetHints":{"allow":["GET"]}}],"collection":[{"href":"https:\/\/www.accuratereviews.com\/it\/wp-json\/wp\/v2\/pages"}],"about":[{"href":"https:\/\/www.accuratereviews.com\/it\/wp-json\/wp\/v2\/types\/page"}],"author":[{"embeddable":true,"href":"https:\/\/www.accuratereviews.com\/it\/wp-json\/wp\/v2\/users\/19"}],"replies":[{"embeddable":true,"href":"https:\/\/www.accuratereviews.com\/it\/wp-json\/wp\/v2\/comments?post=39183"}],"version-history":[{"count":14,"href":"https:\/\/www.accuratereviews.com\/it\/wp-json\/wp\/v2\/pages\/39183\/revisions"}],"predecessor-version":[{"id":40862,"href":"https:\/\/www.accuratereviews.com\/it\/wp-json\/wp\/v2\/pages\/39183\/revisions\/40862"}],"up":[{"embeddable":true,"href":"https:\/\/www.accuratereviews.com\/it\/wp-json\/wp\/v2\/pages\/38766"}],"wp:featuredmedia":[{"embeddable":true,"href":"https:\/\/www.accuratereviews.com\/it\/wp-json\/wp\/v2\/media\/39217"}],"wp:attachment":[{"href":"https:\/\/www.accuratereviews.com\/it\/wp-json\/wp\/v2\/media?parent=39183"}],"wp:term":[{"taxonomy":"category","embeddable":true,"href":"https:\/\/www.accuratereviews.com\/it\/wp-json\/wp\/v2\/categories?post=39183"},{"taxonomy":"post_tag","embeddable":true,"href":"https:\/\/www.accuratereviews.com\/it\/wp-json\/wp\/v2\/tags?post=39183"},{"taxonomy":"features","embeddable":true,"href":"https:\/\/www.accuratereviews.com\/it\/wp-json\/wp\/v2\/features?post=39183"}],"curies":[{"name":"wp","href":"https:\/\/api.w.org\/{rel}","templated":true}]}}