{"id":39212,"date":"2021-03-29T12:03:38","date_gmt":"2021-03-29T12:03:38","guid":{"rendered":"https:\/\/www.accuratereviews.com\/?page_id=39212"},"modified":"2021-04-23T13:03:12","modified_gmt":"2021-04-23T13:03:12","slug":"bioraft-recensione","status":"publish","type":"page","link":"https:\/\/www.accuratereviews.com\/it\/software-universita\/bioraft-recensione\/","title":{"rendered":"BioRAFT"},"content":{"rendered":"<p><strong>BioRAFT<\/strong> \u00e8 una <strong>soluzione basata su cloud<\/strong> che assiste enti governativi, istituti di istruzione e societ\u00e0 di scienze della vita nella gestione del rischio di laboratorio. Le caratteristiche principali includono la gestione dei lavori, l&#8217;analisi dei rischi, le notifiche, l&#8217;analisi delle tendenze e la gestione della conformit\u00e0. La piattaforma \u00e8 dotata di un portale centralizzato, che consente agli utenti di mantenere profili di dati di sicurezza completi degli utenti e degli spazi per semplificare le comunicazioni. Consente ai supervisori di automatizzare i processi per la gestione delle attivit\u00e0 di sicurezza, nonch\u00e9 di creare attivit\u00e0 lavorative per definire i rischi e le responsabilit\u00e0 degli incarichi per gli individui. La casella di posta in arrivo aiuta i membri del team a tenere traccia di avvisi, promemoria e comunicazioni a livello organizzativo. BioRAFT viene fornito con modelli predefiniti, consentendo ai team di generare icone di simboli di avvertenza come simboli proibitivi ISO, contatti di emergenza, pericoli dell&#8217;area e simboli OSHA GHS.<\/p>\n<h2>BIORAFT &#8211; TUTORIAL<\/h2>\n<p>Guardiamo insieme questo tutorial in cui mostra i principali strumenti di questo software per universit\u00e0:<\/p>\n<div id=\"fluid-wrapper-counter-1\" class=\"g1-fluid-wrapper \" style=\"width:686px;\">\n<div style=\"padding-bottom:56.268221574344%;\"><iframe loading=\"lazy\" title=\"Introduction to BioRAFT\" width=\"686\" height=\"386\" src=\"https:\/\/www.youtube.com\/embed\/JBrI3x-7S28?feature=oembed&amp;wmode=transparent&amp;autohide=1&amp;autoplay=0&amp;disablekb=0&amp;fs=1&amp;loop=0&amp;enablejsapi=1&amp;rel=0&amp;controls=2&amp;showinfo=0&amp;wmode=transparent&amp;autohide=2&amp;autoplay=0&amp;disablekb=0&amp;fs=1&amp;loop=0&amp;enablejsapi=1&amp;rel=0&amp;controls=2&amp;showinfo=1\" frameborder=\"0\" allow=\"accelerometer; autoplay; clipboard-write; encrypted-media; gyroscope; picture-in-picture\" allowfullscreen><\/iframe><\/div>\n<\/div>\n<p>&nbsp;<\/p>\n<h3>BIORAFT &#8211; CARATTERISTICHE<\/h3>\n<ul>\n<li><strong>Piattaforma integrata<\/strong>: riduci i costi operativi totali con un unico sistema di facile utilizzo che migliora la sicurezza del laboratorio e aumenta l&#8217;efficienza<\/li>\n<li><strong>Erogazione e gestione della formazione<\/strong>: 0ffri un programma completo di formazione su salute e sicurezza con compiti specifici per l&#8217;utente, requisiti automatizzati e promemoria<\/li>\n<li><strong>ChemTracker:<\/strong> gestisci l&#8217;inventario delle sostanze chimiche con un robusto database e genera facilmente rapporti normativi complessi<\/li>\n<li><strong>Ispezioni e audit<\/strong>: assegna, conduci e rivedi ispezioni in base a criteri di rischio e pericolo, che guidano dashboard di analisi dei dati in tempo reale<\/li>\n<li><strong>Asset &amp; Equipment Management<\/strong>: tieni traccia e gestisci le attrezzature e le risorse di ricerca del tuo istituto, inclusi utenti, posizioni, certificazioni e altro ancora<\/li>\n<li><strong>Scheda di dati di sicurezza (SDS)<\/strong>: cerca e visualizza una libreria completa di oltre un milione di SDS uniche<\/li>\n<li><strong>Comitato per la biosicurezza e la registrazione<\/strong>: semplifica il processo di registrazione della biosicurezza, dalla presentazione del progetto e dei materiali alla revisione del comitato, per tutte le parti coinvolte<\/li>\n<li><strong>Raccolta di rifiuti pericolosi:<\/strong> semplifica il processo di richiesta del ritiro dei rifiuti, dal laboratorio alla salute e sicurezza, conservando i dati specifici del laboratorio<\/li>\n<li><strong>Salute sul lavoro a contatto con gli animali<\/strong>: identifica, esamina e monitora gli utenti potenzialmente esposti ad allergeni animali e verifica i loro livelli di esposizione e i potenziali impatti sulla salute<\/li>\n<li><strong>Formazione sulla sicurezza del laboratorio studentesco:<\/strong> gestisci con sicurezza la formazione sulla sicurezza in laboratorio e in negozio per studenti universitari e preparali per le carriere sulla ricerca<\/li>\n<li><strong>Gestione delle strutture<\/strong>: la sicurezza non \u00e8 limitata al laboratorio. Assicurati che l&#8217;intero personale della tua organizzazione riceva la formazione adeguata necessaria per mantenere la sicurezza e proteggere i ricavi.<\/li>\n<\/ul>\n<h4>LE RECENSIONI DEGLI UTENTI<\/h4>\n<p class=\"font-weight-bold mb-1 d-flex align-items-center\"><strong>John O.&#8221;BioRAFT \u00e8 molto meglio del nostro precedente programma di audit&#8221;<\/strong><\/p>\n<p><strong>Commenti: <\/strong>In genere utilizzo BioRAFT per esaminare i problemi associati ai singoli laboratori.<\/p>\n<p><strong>Pro: <\/strong>BioRAFT \u00e8 molto meglio del nostro precedente programma di audit. Siamo passati da un tasso di risposta del 30% a un tasso di risposta del 100% in un unico ciclo di audit.<\/p>\n<p><strong>Contro: <\/strong>Il sistema potrebbe essere un po &#8216;pi\u00f9 intuitivo. Potrebbe anche essere pi\u00f9 personalizzabile in base alle esigenze delle singole istituzioni.<\/p>\n<p class=\"font-weight-bold mb-1 d-flex align-items-center\"><strong>Sarah E.&#8221;Vantaggi di BioRAFT&#8221;<\/strong><\/p>\n<p><strong>Commenti: <\/strong>Questo software \u00e8 essenziale per fornire programmi EHS per la nostra organizzazione.<\/p>\n<p><strong>Pro: <\/strong>Il prodotto \u00e8 molto intuitivo sia per chi costruisce la piattaforma che per chi utilizza il prodotto.<\/p>\n<p><strong>Contro: <\/strong>Non ci sono svantaggi di questo prodotto.<\/p>\n<p class=\"font-weight-bold mb-1 d-flex align-items-center\"><strong>David K.&#8221;Recensione di BioRAFT&#8221;<\/strong><\/p>\n<p><strong>Pro: <\/strong>La parte migliore del software \u00e8 che puoi avere tutti i tuoi programmi sotto un&#8217;unica interfaccia con un unico accesso.<\/p>\n<p><strong>Contro: <\/strong>\u00c8 piuttosto lento e non molto personalizzabile. Se si desidera una determinata funzionalit\u00e0, \u00e8 necessario modificare ci\u00f2 che accadr\u00e0 a tutti gli utenti<\/p>\n","protected":false},"excerpt":{"rendered":"<p>BioRAFT \u00e8 una soluzione basata su cloud che assiste enti governativi, istituti di istruzione e societ\u00e0 di scienze della vita nella gestione del rischio di laboratorio. Le caratteristiche principali includono la gestione dei lavori, l&#8217;analisi dei rischi, le notifiche, l&#8217;analisi delle tendenze e la gestione della conformit\u00e0.\u00a0<\/p>\n","protected":false},"author":19,"featured_media":39230,"parent":38766,"menu_order":0,"comment_status":"open","ping_status":"closed","template":"g1_template_page_review_new.php","meta":{"_acf_changed":false,"cwp_meta_box_check":"Yes","cwp_rev_product_name":"","cwp_rev_product_image":"","wppr_links":[],"cwp_rev_price":"","wppr_options":[],"wppr_pros":[],"wppr_cons":[],"_monsterinsights_skip_tracking":false,"_monsterinsights_sitenote_active":false,"_monsterinsights_sitenote_note":"","_monsterinsights_sitenote_category":0,"footnotes":""},"categories":[5417],"tags":[5505,396,5447,5421,5420,5422],"features":[],"class_list":{"0":"post-39212","1":"page","2":"type-page","3":"status-publish","4":"has-post-thumbnail","6":"category-software-universita-categoria","7":"tag-bioraft","8":"tag-cloud","9":"tag-piattaforma-per-universita","10":"tag-programma-per-universita","11":"tag-software-per-universita","12":"tag-soluzione-per-universita"},"wppr_data":{"cwp_meta_box_check":"Yes","cwp_rev_product_name":"","cwp_rev_product_image":"","cwp_image_link":"image","cwp_rev_price":"","wppr_rating":"0.00"},"acf":[],"yoast_head":"<!-- This site is optimized with the Yoast SEO plugin v27.4 - https:\/\/yoast.com\/product\/yoast-seo-wordpress\/ -->\n<title>BioRAFT: recensione software per universit\u00e0 - Accurate Reviews<\/title>\n<meta name=\"description\" content=\"BioRAFT: recensione soluzione basata su cloud che assiste enti governativi, istituti di istruzione e societ\u00e0 di scienze della vita.\" \/>\n<meta name=\"robots\" content=\"index, follow, max-snippet:-1, max-image-preview:large, max-video-preview:-1\" \/>\n<link rel=\"canonical\" href=\"https:\/\/www.accuratereviews.com\/it\/software-universita\/bioraft-recensione\/\" \/>\n<meta property=\"og:locale\" content=\"it_IT\" \/>\n<meta property=\"og:type\" content=\"article\" \/>\n<meta property=\"og:title\" content=\"BioRAFT: recensione software per universit\u00e0 - Accurate Reviews\" \/>\n<meta property=\"og:description\" content=\"BioRAFT: recensione soluzione basata su cloud che assiste enti governativi, istituti di istruzione e societ\u00e0 di scienze della vita.\" \/>\n<meta property=\"og:url\" content=\"https:\/\/www.accuratereviews.com\/it\/software-universita\/bioraft-recensione\/\" \/>\n<meta property=\"og:site_name\" content=\"Accurate Reviews\" \/>\n<meta property=\"article:modified_time\" content=\"2021-04-23T13:03:12+00:00\" \/>\n<meta property=\"og:image\" content=\"https:\/\/www.accuratereviews.com\/wp-content\/uploads\/2021\/03\/bio.png\" \/>\n\t<meta property=\"og:image:width\" content=\"400\" \/>\n\t<meta property=\"og:image:height\" content=\"400\" \/>\n\t<meta property=\"og:image:type\" content=\"image\/png\" \/>\n<meta name=\"twitter:card\" content=\"summary_large_image\" \/>\n<meta name=\"twitter:label1\" content=\"Tempo di lettura stimato\" \/>\n\t<meta name=\"twitter:data1\" content=\"3 minuti\" \/>\n<script type=\"application\/ld+json\" class=\"yoast-schema-graph\">{\"@context\":\"https:\\\/\\\/schema.org\",\"@graph\":[{\"@type\":\"WebPage\",\"@id\":\"https:\\\/\\\/www.accuratereviews.com\\\/it\\\/software-universita\\\/bioraft-recensione\\\/\",\"url\":\"https:\\\/\\\/www.accuratereviews.com\\\/it\\\/software-universita\\\/bioraft-recensione\\\/\",\"name\":\"BioRAFT: recensione software per universit\u00e0 - Accurate Reviews\",\"isPartOf\":{\"@id\":\"https:\\\/\\\/www.accuratereviews.com\\\/it\\\/#website\"},\"primaryImageOfPage\":{\"@id\":\"https:\\\/\\\/www.accuratereviews.com\\\/it\\\/software-universita\\\/bioraft-recensione\\\/#primaryimage\"},\"image\":{\"@id\":\"https:\\\/\\\/www.accuratereviews.com\\\/it\\\/software-universita\\\/bioraft-recensione\\\/#primaryimage\"},\"thumbnailUrl\":\"https:\\\/\\\/www.accuratereviews.com\\\/wp-content\\\/uploads\\\/2021\\\/03\\\/bio.png\",\"datePublished\":\"2021-03-29T12:03:38+00:00\",\"dateModified\":\"2021-04-23T13:03:12+00:00\",\"description\":\"BioRAFT: recensione soluzione basata su cloud che assiste enti governativi, istituti di istruzione e societ\u00e0 di scienze della vita.\",\"breadcrumb\":{\"@id\":\"https:\\\/\\\/www.accuratereviews.com\\\/it\\\/software-universita\\\/bioraft-recensione\\\/#breadcrumb\"},\"inLanguage\":\"it-IT\",\"potentialAction\":[{\"@type\":\"ReadAction\",\"target\":[\"https:\\\/\\\/www.accuratereviews.com\\\/it\\\/software-universita\\\/bioraft-recensione\\\/\"]}]},{\"@type\":\"ImageObject\",\"inLanguage\":\"it-IT\",\"@id\":\"https:\\\/\\\/www.accuratereviews.com\\\/it\\\/software-universita\\\/bioraft-recensione\\\/#primaryimage\",\"url\":\"https:\\\/\\\/www.accuratereviews.com\\\/wp-content\\\/uploads\\\/2021\\\/03\\\/bio.png\",\"contentUrl\":\"https:\\\/\\\/www.accuratereviews.com\\\/wp-content\\\/uploads\\\/2021\\\/03\\\/bio.png\",\"width\":400,\"height\":400},{\"@type\":\"BreadcrumbList\",\"@id\":\"https:\\\/\\\/www.accuratereviews.com\\\/it\\\/software-universita\\\/bioraft-recensione\\\/#breadcrumb\",\"itemListElement\":[{\"@type\":\"ListItem\",\"position\":1,\"name\":\"Home\",\"item\":\"https:\\\/\\\/www.accuratereviews.com\\\/it\\\/\"},{\"@type\":\"ListItem\",\"position\":2,\"name\":\"Software per universit\u00e0\",\"item\":\"https:\\\/\\\/www.accuratereviews.com\\\/it\\\/software-universita\\\/\"},{\"@type\":\"ListItem\",\"position\":3,\"name\":\"BioRAFT\"}]},{\"@type\":\"WebSite\",\"@id\":\"https:\\\/\\\/www.accuratereviews.com\\\/it\\\/#website\",\"url\":\"https:\\\/\\\/www.accuratereviews.com\\\/it\\\/\",\"name\":\"Accurate Reviews\",\"description\":\"\",\"potentialAction\":[{\"@type\":\"SearchAction\",\"target\":{\"@type\":\"EntryPoint\",\"urlTemplate\":\"https:\\\/\\\/www.accuratereviews.com\\\/it\\\/?s={search_term_string}\"},\"query-input\":{\"@type\":\"PropertyValueSpecification\",\"valueRequired\":true,\"valueName\":\"search_term_string\"}}],\"inLanguage\":\"it-IT\"}]}<\/script>\n<!-- \/ Yoast SEO plugin. -->","yoast_head_json":{"title":"BioRAFT: recensione software per universit\u00e0 - Accurate Reviews","description":"BioRAFT: recensione soluzione basata su cloud che assiste enti governativi, istituti di istruzione e societ\u00e0 di scienze della vita.","robots":{"index":"index","follow":"follow","max-snippet":"max-snippet:-1","max-image-preview":"max-image-preview:large","max-video-preview":"max-video-preview:-1"},"canonical":"https:\/\/www.accuratereviews.com\/it\/software-universita\/bioraft-recensione\/","og_locale":"it_IT","og_type":"article","og_title":"BioRAFT: recensione software per universit\u00e0 - Accurate Reviews","og_description":"BioRAFT: recensione soluzione basata su cloud che assiste enti governativi, istituti di istruzione e societ\u00e0 di scienze della vita.","og_url":"https:\/\/www.accuratereviews.com\/it\/software-universita\/bioraft-recensione\/","og_site_name":"Accurate Reviews","article_modified_time":"2021-04-23T13:03:12+00:00","og_image":[{"width":400,"height":400,"url":"https:\/\/www.accuratereviews.com\/wp-content\/uploads\/2021\/03\/bio.png","type":"image\/png"}],"twitter_card":"summary_large_image","twitter_misc":{"Tempo di lettura stimato":"3 minuti"},"schema":{"@context":"https:\/\/schema.org","@graph":[{"@type":"WebPage","@id":"https:\/\/www.accuratereviews.com\/it\/software-universita\/bioraft-recensione\/","url":"https:\/\/www.accuratereviews.com\/it\/software-universita\/bioraft-recensione\/","name":"BioRAFT: recensione software per universit\u00e0 - Accurate Reviews","isPartOf":{"@id":"https:\/\/www.accuratereviews.com\/it\/#website"},"primaryImageOfPage":{"@id":"https:\/\/www.accuratereviews.com\/it\/software-universita\/bioraft-recensione\/#primaryimage"},"image":{"@id":"https:\/\/www.accuratereviews.com\/it\/software-universita\/bioraft-recensione\/#primaryimage"},"thumbnailUrl":"https:\/\/www.accuratereviews.com\/wp-content\/uploads\/2021\/03\/bio.png","datePublished":"2021-03-29T12:03:38+00:00","dateModified":"2021-04-23T13:03:12+00:00","description":"BioRAFT: recensione soluzione basata su cloud che assiste enti governativi, istituti di istruzione e societ\u00e0 di scienze della vita.","breadcrumb":{"@id":"https:\/\/www.accuratereviews.com\/it\/software-universita\/bioraft-recensione\/#breadcrumb"},"inLanguage":"it-IT","potentialAction":[{"@type":"ReadAction","target":["https:\/\/www.accuratereviews.com\/it\/software-universita\/bioraft-recensione\/"]}]},{"@type":"ImageObject","inLanguage":"it-IT","@id":"https:\/\/www.accuratereviews.com\/it\/software-universita\/bioraft-recensione\/#primaryimage","url":"https:\/\/www.accuratereviews.com\/wp-content\/uploads\/2021\/03\/bio.png","contentUrl":"https:\/\/www.accuratereviews.com\/wp-content\/uploads\/2021\/03\/bio.png","width":400,"height":400},{"@type":"BreadcrumbList","@id":"https:\/\/www.accuratereviews.com\/it\/software-universita\/bioraft-recensione\/#breadcrumb","itemListElement":[{"@type":"ListItem","position":1,"name":"Home","item":"https:\/\/www.accuratereviews.com\/it\/"},{"@type":"ListItem","position":2,"name":"Software per universit\u00e0","item":"https:\/\/www.accuratereviews.com\/it\/software-universita\/"},{"@type":"ListItem","position":3,"name":"BioRAFT"}]},{"@type":"WebSite","@id":"https:\/\/www.accuratereviews.com\/it\/#website","url":"https:\/\/www.accuratereviews.com\/it\/","name":"Accurate Reviews","description":"","potentialAction":[{"@type":"SearchAction","target":{"@type":"EntryPoint","urlTemplate":"https:\/\/www.accuratereviews.com\/it\/?s={search_term_string}"},"query-input":{"@type":"PropertyValueSpecification","valueRequired":true,"valueName":"search_term_string"}}],"inLanguage":"it-IT"}]}},"_links":{"self":[{"href":"https:\/\/www.accuratereviews.com\/it\/wp-json\/wp\/v2\/pages\/39212","targetHints":{"allow":["GET"]}}],"collection":[{"href":"https:\/\/www.accuratereviews.com\/it\/wp-json\/wp\/v2\/pages"}],"about":[{"href":"https:\/\/www.accuratereviews.com\/it\/wp-json\/wp\/v2\/types\/page"}],"author":[{"embeddable":true,"href":"https:\/\/www.accuratereviews.com\/it\/wp-json\/wp\/v2\/users\/19"}],"replies":[{"embeddable":true,"href":"https:\/\/www.accuratereviews.com\/it\/wp-json\/wp\/v2\/comments?post=39212"}],"version-history":[{"count":16,"href":"https:\/\/www.accuratereviews.com\/it\/wp-json\/wp\/v2\/pages\/39212\/revisions"}],"predecessor-version":[{"id":40892,"href":"https:\/\/www.accuratereviews.com\/it\/wp-json\/wp\/v2\/pages\/39212\/revisions\/40892"}],"up":[{"embeddable":true,"href":"https:\/\/www.accuratereviews.com\/it\/wp-json\/wp\/v2\/pages\/38766"}],"wp:featuredmedia":[{"embeddable":true,"href":"https:\/\/www.accuratereviews.com\/it\/wp-json\/wp\/v2\/media\/39230"}],"wp:attachment":[{"href":"https:\/\/www.accuratereviews.com\/it\/wp-json\/wp\/v2\/media?parent=39212"}],"wp:term":[{"taxonomy":"category","embeddable":true,"href":"https:\/\/www.accuratereviews.com\/it\/wp-json\/wp\/v2\/categories?post=39212"},{"taxonomy":"post_tag","embeddable":true,"href":"https:\/\/www.accuratereviews.com\/it\/wp-json\/wp\/v2\/tags?post=39212"},{"taxonomy":"features","embeddable":true,"href":"https:\/\/www.accuratereviews.com\/it\/wp-json\/wp\/v2\/features?post=39212"}],"curies":[{"name":"wp","href":"https:\/\/api.w.org\/{rel}","templated":true}]}}