{"id":39251,"date":"2021-03-29T13:03:04","date_gmt":"2021-03-29T13:03:04","guid":{"rendered":"https:\/\/www.accuratereviews.com\/?page_id=39251"},"modified":"2021-04-23T13:04:50","modified_gmt":"2021-04-23T13:04:50","slug":"bp-logix-process-director-recensione","status":"publish","type":"page","link":"https:\/\/www.accuratereviews.com\/it\/software-universita\/bp-logix-process-director-recensione\/","title":{"rendered":"BP Logix Process Director"},"content":{"rendered":"<p class=\"h3 mb-1\"><strong>BP Logix Process Director<\/strong> \u00e8 un software di automazione del flusso di lavoro sviluppata per supportare imprese, universit\u00e0 ed enti governativi. Questo <strong>programma BPM<\/strong> \u00e8 low code\/no code nel senso che \u00e8 quasi assente di codice e permette la creazione e il funzionamento di applicazioni aziendali. Il suo obiettivo \u00e8 infatti quello di automatizzare e gestire i processi aziendali e universitari in modo tale da rendere produttivi i team e gli individui, eliminando anche le operazioni cartacee.<br \/>\nGrazie alla combinazione intelligente di tecnologie integrate,<strong> BP Logix Process Director\u00a0<\/strong>offre numerose funzionalit\u00e0 come l&#8217;eForm per l&#8217;elaborazione dei\u00a0moduli elettronici, il monitoraggio delle attivit\u00e0 aziendali, il dashboard di reporting, la gestione dei contenuti, l&#8217;integrazione di applicazioni e molte altre.<\/p>\n<h2>BP LOGIX PROCESS DIRECTOR &#8211; TUTORIAL<\/h2>\n<div id=\"fluid-wrapper-counter-1\" class=\"g1-fluid-wrapper \" style=\"width:686px;\">\n<div style=\"padding-bottom:56.268221574344%;\"><iframe loading=\"lazy\" title=\"Workflow Software Solutions: BPM Software | Process Director\" width=\"686\" height=\"386\" src=\"https:\/\/www.youtube.com\/embed\/ueJL0lgHIXM?feature=oembed&amp;wmode=transparent&amp;autohide=1&amp;autoplay=0&amp;disablekb=0&amp;fs=1&amp;loop=0&amp;enablejsapi=1&amp;rel=0&amp;controls=2&amp;showinfo=0&amp;wmode=transparent&amp;autohide=2&amp;autoplay=0&amp;disablekb=0&amp;fs=1&amp;loop=0&amp;enablejsapi=1&amp;rel=0&amp;controls=2&amp;showinfo=1\" frameborder=\"0\" allow=\"accelerometer; autoplay; clipboard-write; encrypted-media; gyroscope; picture-in-picture\" allowfullscreen><\/iframe><\/div>\n<\/div>\n<h3>BP LOGIX PROCESS DIRECTOR &#8211; CARATTERISTICHE<\/h3>\n<ul>\n<li><strong>Integrazione<\/strong>: completamente integrato, pronto all&#8217;uso, nell&#8217;ambiente Process Director. Nessuna opzione aggiuntiva per l&#8217;acquisto; nessun componente aggiuntivo da imparare<\/li>\n<li><strong>Sistema reportistico<\/strong>: applicazioni e report sofisticati in grado di riconoscere i casi<\/li>\n<li><strong>Gestione documenti<\/strong>: cartelle dei casi configurabili per un rapido accesso a tutti i processi, documenti e dati relativi al caso<\/li>\n<li><strong>Importazione<\/strong>: importazione automatica (batch) o tramite trascinamento di documenti e dati nelle cartelle dei casi appropriate<\/li>\n<li><strong>Tempo<\/strong>: modelli di runtime multimodali che combinano uno stile di flusso sequenziale con un&#8217;esecuzione guidata dagli eventi, basata sul tempo e basata sulle decisioni<\/li>\n<li><strong>Nessun codice<\/strong>: progettato da zero per il &#8220;cittadino sviluppatore&#8221;, gli utenti non devono essere programmatori per creare applicazioni di gestione dei casi digitali ricche e reattive<\/li>\n<li><strong>Strumenti di migrazione<\/strong>: integrazione delle applicazioni incorporata e strumenti di migrazione, che consentono agli utenti di aggiungere soluzioni di gestione dei casi alle applicazioni BPM di Process Director esistenti e alle applicazioni del flusso di lavoro, in modo rapido e semplice<\/li>\n<li><strong>Sequenza temporale del processo<\/strong>: il modo pi\u00f9 semplice e veloce per configurare e distribuire le soluzioni predittive di gestione dei casi di allerta che sono al centro del tuo business digitale.<\/li>\n<\/ul>\n<h4>LE RECENSIONI DEGLI UTENTI<\/h4>\n<p><strong>Michael S. &#8220;BP Logix recensione&#8221;<\/strong><br \/>\nCOMMENTI: \u00e8 un ottimo prodotto, se dovessi scegliere di nuovo sarebbe la stessa scelta.<br \/>\nPRO: la maggior parte delle cose \u00e8 molto semplice, con pochissima programmazione necessaria, punta e clicca. Uno dei migliori supporti che abbia mai ricevuto da qualsiasi prodotto.<br \/>\nCONTRO: a causa del punta e clicca pu\u00f2 essere difficile capire come fare alcune cose.<\/p>\n<p><strong>Jim J. &#8220;BP Logix Recensione&#8221;<\/strong><br \/>\nCOMMENTI: il prodotto \u00e8 facile da usare. Eccellente per la programmazione di codice\/senza codice, ma aggiunge la possibilit\u00e0 di estendere la funzionalit\u00e0. Ottimo supporto tecnico. Supporta l&#8217;utilizzo di servizi web. Facile da collegare ai database SQL aziendali.<br \/>\nPRO: codice quasi assente. Facilit\u00e0 di accesso a dati esterni, facilit\u00e0 di utilizzo di un servizio web. Basso costo. Possibilit\u00e0 per l&#8217;utente finale di creare flussi di lavoro su moduli online.<\/p>\n<p><strong>Leah O. &#8220;Consigliato&#8221;<\/strong><br \/>\nPRO: vengono lanciate regolarmente nuove funzionalit\u00e0 che si adattano e addirittura anticipano le nostre esigenze.<br \/>\nCONTRO: non ho molta esperienza in questo settore, quindi replicare gli errori, ottenere i registri per acquisire le informazioni e decifrare gli errori richiede molto tempo. Per fortuna, gli errori sono rari per il volume di processi che stiamo eseguendo.<\/p>\n","protected":false},"excerpt":{"rendered":"<p>BP Logix Process Director \u00e8 un software di automazione del flusso di lavoro sviluppata per supportare imprese, universit\u00e0 e enti governativi. Questo programma BPM \u00e8 low code\/no code nel senso che \u00e8 quasi assente di codice e permette la creazione e il funzionamento di applicazioni aziendali.\u00a0<\/p>\n","protected":false},"author":17,"featured_media":39252,"parent":38766,"menu_order":0,"comment_status":"open","ping_status":"closed","template":"g1_template_page_review_new.php","meta":{"_acf_changed":false,"cwp_meta_box_check":"No","cwp_rev_product_name":"","cwp_rev_product_image":"","wppr_links":[],"cwp_rev_price":"","wppr_options":[],"wppr_pros":[],"wppr_cons":[],"_monsterinsights_skip_tracking":false,"_monsterinsights_sitenote_active":false,"_monsterinsights_sitenote_note":"","_monsterinsights_sitenote_category":0,"footnotes":""},"categories":[5417],"tags":[5465,5423,5447,5421,5471,5422,5419],"features":[],"class_list":{"0":"post-39251","1":"page","2":"type-page","3":"status-publish","4":"has-post-thumbnail","6":"category-software-universita-categoria","7":"tag-gestionale-per-universita","8":"tag-gestionale-universita","9":"tag-piattaforma-per-universita","10":"tag-programma-per-universita","11":"tag-software-per-univerista","12":"tag-soluzione-per-universita","13":"tag-universita"},"wppr_data":{"cwp_meta_box_check":"No"},"acf":[],"yoast_head":"<!-- This site is optimized with the Yoast SEO plugin v27.4 - https:\/\/yoast.com\/product\/yoast-seo-wordpress\/ -->\n<title>BP Logix Process Director: recensione software BPM - Accurate Reviews<\/title>\n<meta name=\"description\" content=\"BP Logix Process Director \u00e8 un software di automazione del flusso di lavoro sviluppata per supportare imprese, universit\u00e0 e enti governativi.\" \/>\n<meta name=\"robots\" content=\"index, follow, max-snippet:-1, max-image-preview:large, max-video-preview:-1\" \/>\n<link rel=\"canonical\" href=\"https:\/\/www.accuratereviews.com\/it\/software-universita\/bp-logix-process-director-recensione\/\" \/>\n<meta property=\"og:locale\" content=\"it_IT\" \/>\n<meta property=\"og:type\" content=\"article\" \/>\n<meta property=\"og:title\" content=\"BP Logix Process Director: recensione software BPM - Accurate Reviews\" \/>\n<meta property=\"og:description\" content=\"BP Logix Process Director \u00e8 un software di automazione del flusso di lavoro sviluppata per supportare imprese, universit\u00e0 e enti governativi.\" \/>\n<meta property=\"og:url\" content=\"https:\/\/www.accuratereviews.com\/it\/software-universita\/bp-logix-process-director-recensione\/\" \/>\n<meta property=\"og:site_name\" content=\"Accurate Reviews\" \/>\n<meta property=\"article:modified_time\" content=\"2021-04-23T13:04:50+00:00\" \/>\n<meta property=\"og:image\" content=\"https:\/\/www.accuratereviews.com\/wp-content\/uploads\/2021\/03\/bp-logix_1610547923023.png\" \/>\n\t<meta property=\"og:image:width\" content=\"1192\" \/>\n\t<meta property=\"og:image:height\" content=\"500\" \/>\n\t<meta property=\"og:image:type\" content=\"image\/png\" \/>\n<meta name=\"twitter:card\" content=\"summary_large_image\" \/>\n<meta name=\"twitter:label1\" content=\"Tempo di lettura stimato\" \/>\n\t<meta name=\"twitter:data1\" content=\"3 minuti\" \/>\n<script type=\"application\/ld+json\" class=\"yoast-schema-graph\">{\"@context\":\"https:\\\/\\\/schema.org\",\"@graph\":[{\"@type\":\"WebPage\",\"@id\":\"https:\\\/\\\/www.accuratereviews.com\\\/it\\\/software-universita\\\/bp-logix-process-director-recensione\\\/\",\"url\":\"https:\\\/\\\/www.accuratereviews.com\\\/it\\\/software-universita\\\/bp-logix-process-director-recensione\\\/\",\"name\":\"BP Logix Process Director: recensione software BPM - Accurate Reviews\",\"isPartOf\":{\"@id\":\"https:\\\/\\\/www.accuratereviews.com\\\/it\\\/#website\"},\"primaryImageOfPage\":{\"@id\":\"https:\\\/\\\/www.accuratereviews.com\\\/it\\\/software-universita\\\/bp-logix-process-director-recensione\\\/#primaryimage\"},\"image\":{\"@id\":\"https:\\\/\\\/www.accuratereviews.com\\\/it\\\/software-universita\\\/bp-logix-process-director-recensione\\\/#primaryimage\"},\"thumbnailUrl\":\"https:\\\/\\\/www.accuratereviews.com\\\/wp-content\\\/uploads\\\/2021\\\/03\\\/bp-logix_1610547923023.png\",\"datePublished\":\"2021-03-29T13:03:04+00:00\",\"dateModified\":\"2021-04-23T13:04:50+00:00\",\"description\":\"BP Logix Process Director \u00e8 un software di automazione del flusso di lavoro sviluppata per supportare imprese, universit\u00e0 e enti governativi.\",\"breadcrumb\":{\"@id\":\"https:\\\/\\\/www.accuratereviews.com\\\/it\\\/software-universita\\\/bp-logix-process-director-recensione\\\/#breadcrumb\"},\"inLanguage\":\"it-IT\",\"potentialAction\":[{\"@type\":\"ReadAction\",\"target\":[\"https:\\\/\\\/www.accuratereviews.com\\\/it\\\/software-universita\\\/bp-logix-process-director-recensione\\\/\"]}]},{\"@type\":\"ImageObject\",\"inLanguage\":\"it-IT\",\"@id\":\"https:\\\/\\\/www.accuratereviews.com\\\/it\\\/software-universita\\\/bp-logix-process-director-recensione\\\/#primaryimage\",\"url\":\"https:\\\/\\\/www.accuratereviews.com\\\/wp-content\\\/uploads\\\/2021\\\/03\\\/bp-logix_1610547923023.png\",\"contentUrl\":\"https:\\\/\\\/www.accuratereviews.com\\\/wp-content\\\/uploads\\\/2021\\\/03\\\/bp-logix_1610547923023.png\",\"width\":1192,\"height\":500},{\"@type\":\"BreadcrumbList\",\"@id\":\"https:\\\/\\\/www.accuratereviews.com\\\/it\\\/software-universita\\\/bp-logix-process-director-recensione\\\/#breadcrumb\",\"itemListElement\":[{\"@type\":\"ListItem\",\"position\":1,\"name\":\"Home\",\"item\":\"https:\\\/\\\/www.accuratereviews.com\\\/it\\\/\"},{\"@type\":\"ListItem\",\"position\":2,\"name\":\"Software per universit\u00e0\",\"item\":\"https:\\\/\\\/www.accuratereviews.com\\\/it\\\/software-universita\\\/\"},{\"@type\":\"ListItem\",\"position\":3,\"name\":\"BP Logix Process Director\"}]},{\"@type\":\"WebSite\",\"@id\":\"https:\\\/\\\/www.accuratereviews.com\\\/it\\\/#website\",\"url\":\"https:\\\/\\\/www.accuratereviews.com\\\/it\\\/\",\"name\":\"Accurate Reviews\",\"description\":\"\",\"potentialAction\":[{\"@type\":\"SearchAction\",\"target\":{\"@type\":\"EntryPoint\",\"urlTemplate\":\"https:\\\/\\\/www.accuratereviews.com\\\/it\\\/?s={search_term_string}\"},\"query-input\":{\"@type\":\"PropertyValueSpecification\",\"valueRequired\":true,\"valueName\":\"search_term_string\"}}],\"inLanguage\":\"it-IT\"}]}<\/script>\n<!-- \/ Yoast SEO plugin. -->","yoast_head_json":{"title":"BP Logix Process Director: recensione software BPM - Accurate Reviews","description":"BP Logix Process Director \u00e8 un software di automazione del flusso di lavoro sviluppata per supportare imprese, universit\u00e0 e enti governativi.","robots":{"index":"index","follow":"follow","max-snippet":"max-snippet:-1","max-image-preview":"max-image-preview:large","max-video-preview":"max-video-preview:-1"},"canonical":"https:\/\/www.accuratereviews.com\/it\/software-universita\/bp-logix-process-director-recensione\/","og_locale":"it_IT","og_type":"article","og_title":"BP Logix Process Director: recensione software BPM - Accurate Reviews","og_description":"BP Logix Process Director \u00e8 un software di automazione del flusso di lavoro sviluppata per supportare imprese, universit\u00e0 e enti governativi.","og_url":"https:\/\/www.accuratereviews.com\/it\/software-universita\/bp-logix-process-director-recensione\/","og_site_name":"Accurate Reviews","article_modified_time":"2021-04-23T13:04:50+00:00","og_image":[{"width":1192,"height":500,"url":"https:\/\/www.accuratereviews.com\/wp-content\/uploads\/2021\/03\/bp-logix_1610547923023.png","type":"image\/png"}],"twitter_card":"summary_large_image","twitter_misc":{"Tempo di lettura stimato":"3 minuti"},"schema":{"@context":"https:\/\/schema.org","@graph":[{"@type":"WebPage","@id":"https:\/\/www.accuratereviews.com\/it\/software-universita\/bp-logix-process-director-recensione\/","url":"https:\/\/www.accuratereviews.com\/it\/software-universita\/bp-logix-process-director-recensione\/","name":"BP Logix Process Director: recensione software BPM - Accurate Reviews","isPartOf":{"@id":"https:\/\/www.accuratereviews.com\/it\/#website"},"primaryImageOfPage":{"@id":"https:\/\/www.accuratereviews.com\/it\/software-universita\/bp-logix-process-director-recensione\/#primaryimage"},"image":{"@id":"https:\/\/www.accuratereviews.com\/it\/software-universita\/bp-logix-process-director-recensione\/#primaryimage"},"thumbnailUrl":"https:\/\/www.accuratereviews.com\/wp-content\/uploads\/2021\/03\/bp-logix_1610547923023.png","datePublished":"2021-03-29T13:03:04+00:00","dateModified":"2021-04-23T13:04:50+00:00","description":"BP Logix Process Director \u00e8 un software di automazione del flusso di lavoro sviluppata per supportare imprese, universit\u00e0 e enti governativi.","breadcrumb":{"@id":"https:\/\/www.accuratereviews.com\/it\/software-universita\/bp-logix-process-director-recensione\/#breadcrumb"},"inLanguage":"it-IT","potentialAction":[{"@type":"ReadAction","target":["https:\/\/www.accuratereviews.com\/it\/software-universita\/bp-logix-process-director-recensione\/"]}]},{"@type":"ImageObject","inLanguage":"it-IT","@id":"https:\/\/www.accuratereviews.com\/it\/software-universita\/bp-logix-process-director-recensione\/#primaryimage","url":"https:\/\/www.accuratereviews.com\/wp-content\/uploads\/2021\/03\/bp-logix_1610547923023.png","contentUrl":"https:\/\/www.accuratereviews.com\/wp-content\/uploads\/2021\/03\/bp-logix_1610547923023.png","width":1192,"height":500},{"@type":"BreadcrumbList","@id":"https:\/\/www.accuratereviews.com\/it\/software-universita\/bp-logix-process-director-recensione\/#breadcrumb","itemListElement":[{"@type":"ListItem","position":1,"name":"Home","item":"https:\/\/www.accuratereviews.com\/it\/"},{"@type":"ListItem","position":2,"name":"Software per universit\u00e0","item":"https:\/\/www.accuratereviews.com\/it\/software-universita\/"},{"@type":"ListItem","position":3,"name":"BP Logix Process Director"}]},{"@type":"WebSite","@id":"https:\/\/www.accuratereviews.com\/it\/#website","url":"https:\/\/www.accuratereviews.com\/it\/","name":"Accurate Reviews","description":"","potentialAction":[{"@type":"SearchAction","target":{"@type":"EntryPoint","urlTemplate":"https:\/\/www.accuratereviews.com\/it\/?s={search_term_string}"},"query-input":{"@type":"PropertyValueSpecification","valueRequired":true,"valueName":"search_term_string"}}],"inLanguage":"it-IT"}]}},"_links":{"self":[{"href":"https:\/\/www.accuratereviews.com\/it\/wp-json\/wp\/v2\/pages\/39251","targetHints":{"allow":["GET"]}}],"collection":[{"href":"https:\/\/www.accuratereviews.com\/it\/wp-json\/wp\/v2\/pages"}],"about":[{"href":"https:\/\/www.accuratereviews.com\/it\/wp-json\/wp\/v2\/types\/page"}],"author":[{"embeddable":true,"href":"https:\/\/www.accuratereviews.com\/it\/wp-json\/wp\/v2\/users\/17"}],"replies":[{"embeddable":true,"href":"https:\/\/www.accuratereviews.com\/it\/wp-json\/wp\/v2\/comments?post=39251"}],"version-history":[{"count":7,"href":"https:\/\/www.accuratereviews.com\/it\/wp-json\/wp\/v2\/pages\/39251\/revisions"}],"predecessor-version":[{"id":40894,"href":"https:\/\/www.accuratereviews.com\/it\/wp-json\/wp\/v2\/pages\/39251\/revisions\/40894"}],"up":[{"embeddable":true,"href":"https:\/\/www.accuratereviews.com\/it\/wp-json\/wp\/v2\/pages\/38766"}],"wp:featuredmedia":[{"embeddable":true,"href":"https:\/\/www.accuratereviews.com\/it\/wp-json\/wp\/v2\/media\/39252"}],"wp:attachment":[{"href":"https:\/\/www.accuratereviews.com\/it\/wp-json\/wp\/v2\/media?parent=39251"}],"wp:term":[{"taxonomy":"category","embeddable":true,"href":"https:\/\/www.accuratereviews.com\/it\/wp-json\/wp\/v2\/categories?post=39251"},{"taxonomy":"post_tag","embeddable":true,"href":"https:\/\/www.accuratereviews.com\/it\/wp-json\/wp\/v2\/tags?post=39251"},{"taxonomy":"features","embeddable":true,"href":"https:\/\/www.accuratereviews.com\/it\/wp-json\/wp\/v2\/features?post=39251"}],"curies":[{"name":"wp","href":"https:\/\/api.w.org\/{rel}","templated":true}]}}