{"id":39280,"date":"2021-03-30T11:51:19","date_gmt":"2021-03-30T11:51:19","guid":{"rendered":"https:\/\/www.accuratereviews.com\/?page_id=39280"},"modified":"2021-04-23T12:51:11","modified_gmt":"2021-04-23T12:51:11","slug":"intellectus-statistics-recensione","status":"publish","type":"page","link":"https:\/\/www.accuratereviews.com\/it\/software-universita\/intellectus-statistics-recensione\/","title":{"rendered":"Intellectus Statistics"},"content":{"rendered":"<p><strong>Intellectus Statistics<\/strong> \u00e8 una piattaforma basata su <strong>cloud<\/strong> progettata per <strong>aiutare universit\u00e0<\/strong>, organizzazioni no profit e aziende a condurre analisi dei dati e preparare output in tabelle e figure in formato APA. Le caratteristiche principali includono la pianificazione e la visualizzazione dei dati, l&#8217;analisi della regressione, i promemoria dell&#8217;interfaccia e il reporting. L&#8217;applicazione consente agli utenti di aggiungere o caricare manualmente i numeri da fogli SPSS o Excel, selezionare metodi di analisi appropriati e interpretare i risultati sulla base di ipotesi predefinite. Consente agli studenti di creare e salvare progetti e gestire i registri delle analisi attuali e precedenti per riferimento. Gli utenti possono condividere i progetti salvati tra i team, eseguire modifiche e creare note in collaborazione.<strong> Intellectus Statistics<\/strong> fornisce inoltre strumenti che consentono agli studenti di selezionare variabili per test statistici.<\/p>\n<h2>INTELLECTUS STATISTICS &#8211; TUTORIAL<\/h2>\n<p>In questo video vedremo come condurre e interpretare un&#8217;analisi fattoriale esplorativa utilizzando questo programma per universit\u00e0:<\/p>\n<div id=\"fluid-wrapper-counter-1\" class=\"g1-fluid-wrapper \" style=\"width:686px;\">\n<div style=\"padding-bottom:56.268221574344%;\"><iframe loading=\"lazy\" title=\"Exploratory Factor Analysis\" width=\"686\" height=\"386\" src=\"https:\/\/www.youtube.com\/embed\/mDFJKVen7FU?feature=oembed&amp;wmode=transparent&amp;autohide=1&amp;autoplay=0&amp;disablekb=0&amp;fs=1&amp;loop=0&amp;enablejsapi=1&amp;rel=0&amp;controls=2&amp;showinfo=0&amp;wmode=transparent&amp;autohide=2&amp;autoplay=0&amp;disablekb=0&amp;fs=1&amp;loop=0&amp;enablejsapi=1&amp;rel=0&amp;controls=2&amp;showinfo=1\" frameborder=\"0\" allow=\"accelerometer; autoplay; clipboard-write; encrypted-media; gyroscope; picture-in-picture\" allowfullscreen><\/iframe><\/div>\n<\/div>\n<h3>INTELLECTUS STATISTICS &#8211; CARATTERISTICHE<\/h3>\n<ul>\n<li><strong>Output interpretato:<\/strong> sia nel visualizzatore di output che nel documento scaricato, il programma interpreta le ipotesi statistiche e i risultati dell&#8217;analisi e genera tabelle e cifre che corrispondono alle ipotesi e all&#8217;output. Questa innovazione \u00e8 fondamentale per ridurre l&#8217;ansia statistica e presentare allo studente tutte le informazioni necessarie per passare dal caricamento dei dati alla comprensione statistica<\/li>\n<li><strong>Le schede Progetti consentono di creare e salvare progetti:<\/strong> i progetti salvano tutti i dati, i dati gestiti e le analisi condotte in precedenza in modo che tu possa accedere nuovamente e riprendere da dove eri rimasto. Significa anche che la collaborazione pu\u00f2 avvenire da parte dei colleghi<\/li>\n<li><strong>Interfaccia utente logica:<\/strong> il software guida gli studenti attraverso un processo logico passo dopo passo che \u00e8 sequenziale e facile. Caricamento dei dati, per gestire i dati, visualizzare i dati, condurre analisi e rivedere l&#8217;output interpretato<\/li>\n<li><strong>Livello di promemoria di misurazione<\/strong>: il livello di misurazione \u00e8 fondamentale per la conduzione delle analisi. Lo strumento ricorda agli studenti come definire i livelli di misurazione e fornisce esempi nella pagina di convalida dei livelli<\/li>\n<li><strong>Modelli di piano di analisi dei dati<\/strong>: oltre 40 modelli per guidarti nella stesura del tuo piano di analisi dei dati. Sostituisci semplicemente il testo blu con i nomi delle tue variabili<\/li>\n<li><strong>Analisi di potenza<\/strong>: calcolatrice per l&#8217;analisi della potenza. Fornisce le dimensioni del campione necessarie per le dimensioni degli effetti piccole, medie e grandi. Completo di recensione e referenze<\/li>\n<li><strong>Preseleziona il livello di misurazione delle variabili per le analisi:<\/strong> lo strumento consente di selezionare solo la variabile appropriata per un particolare test statistico<\/li>\n<li><strong>Il test equivalente non parametrico viene eseguito automaticamente<\/strong>: quando le ipotesi parametriche di un test vengono violate, il test equivalente non parametrico viene condotto e presentato automaticamente<\/li>\n<li><strong>Codice fittizio automatizzato<\/strong>: quando si conducono alcune analisi, le variabili di livello ordinale e nominale devono essere codificate in modo fittizio e una variabile di riferimento deve essere selezionata. Ad esempio, quando viene selezionata un&#8217;analisi di regressione, le variabili nominali e ordinali vengono automaticamente codificate in modo fittizio<\/li>\n<li><strong>Termini di interazione centrata<\/strong>: per le analisi di moderazione, lo strumento mitiga la multicollinearit\u00e0 centrando automaticamente i termini prima di creare il termine di interazione.<\/li>\n<\/ul>\n<h4>LE RECENSIONI DEGLI UTENTI<\/h4>\n<p class=\"font-weight-bold mb-1 d-flex align-items-center\"><strong>Mary M.&#8221;Applicazione delle statistiche come dottorando&#8221;<\/strong><\/p>\n<p><strong>Commenti: <\/strong>Come studente di dottorato finisce il mio ultimo semestre.<\/p>\n<p><strong>Pro: <\/strong>La tassa di consulenza di 99,00 ha fornito un supporto straordinario.\u00a0Molto utile. La sua conoscenza delle statistiche e dell&#8217;applicazione sembra essere abbastanza forte. Mi ha guidato attraverso il processo e alleviando la mia ansia.<\/p>\n<p><strong>Contro: <\/strong>Mi ci \u00e8 voluto un po &#8216;di tempo per imparare a navigare. Ho utilizzato tutor del campus e anche il componente di consulenza che sono stati molto utili.<\/p>\n<p class=\"font-weight-bold mb-1 d-flex align-items-center\"><strong>Brian B.&#8221;Intellectus Review&#8221;<\/strong><\/p>\n<p><strong>Commenti: <\/strong>Ottima esperienza<\/p>\n<p><strong>Pro: <\/strong>Il servizio clienti \u00e8 di prim&#8217;ordine e comprende appieno le tue esigenze. Quindi, adattano la loro assistenza in modo incentrato sul cliente.<\/p>\n<p><strong>Contro: <\/strong>Se non sei uno statistico, potrebbe essere un po &#8216;goffo, poich\u00e9 potresti non sapere dove andare. Ma il servizio clienti compensa tutto.<\/p>\n<p class=\"font-weight-bold mb-1 d-flex align-items-center\"><strong>Carriann M.&#8221;Fantastico prodotto&#8221;<\/strong><\/p>\n<p><strong>Commenti: <\/strong>Questo render\u00e0 la mia analisi della tesi e il processo di scrittura dei risultati molto pi\u00f9 facili di quanto mi aspettassi! Sono cos\u00ec felice!<\/p>\n<p><strong>Pro: <\/strong>\u00c8 stato facile da usare. Le statistiche rese semplici. Nessuna funzione complicata da provare a ricordare. \u00c8 tutto l\u00ec. \u00c8 pi\u00f9 facile da usare di Excel e sono un professionista di Excel!<\/p>\n<p><strong>Contro: <\/strong>Il mio unico problema con il software \u00e8 che ho una quantit\u00e0 voluminosa di dati e il programma non \u00e8 in grado di analizzare grandi volumi di dati utilizzando pi\u00f9 variabili, quindi devo dividere le mie analisi per variabili demografiche.<\/p>\n","protected":false},"excerpt":{"rendered":"<p>Intellectus Statistics \u00e8 una piattaforma basata su cloud progettata per aiutare universit\u00e0, organizzazioni no profit e aziende a condurre analisi dei dati e preparare output in tabelle e figure in formato APA. Le caratteristiche principali includono la pianificazione dei dati, l&#8217;analisi della regressione, la visualizzazione dei dati, i promemoria dell&#8217;interfaccia e il reporting.<\/p>\n","protected":false},"author":19,"featured_media":39284,"parent":38766,"menu_order":0,"comment_status":"open","ping_status":"closed","template":"g1_template_page_review_new.php","meta":{"_acf_changed":false,"cwp_meta_box_check":"Yes","cwp_rev_product_name":"","cwp_rev_product_image":"","wppr_links":[],"cwp_rev_price":"","wppr_options":[],"wppr_pros":[],"wppr_cons":[],"_monsterinsights_skip_tracking":false,"_monsterinsights_sitenote_active":false,"_monsterinsights_sitenote_note":"","_monsterinsights_sitenote_category":0,"footnotes":""},"categories":[5417],"tags":[5517,5447,5514,5421,5516,5420,5515,5422],"features":[],"class_list":{"0":"post-39280","1":"page","2":"type-page","3":"status-publish","4":"has-post-thumbnail","6":"category-software-universita-categoria","7":"tag-intellectus-statistics","8":"tag-piattaforma-per-universita","9":"tag-programma-di-statistica","10":"tag-programma-per-universita","11":"tag-software-per-statistica","12":"tag-software-per-universita","13":"tag-soluzione-per-statistica","14":"tag-soluzione-per-universita"},"wppr_data":{"cwp_meta_box_check":"Yes","cwp_rev_product_name":"","cwp_rev_product_image":"","cwp_image_link":"image","cwp_rev_price":"","wppr_rating":"0.00"},"acf":[],"yoast_head":"<!-- This site is optimized with the Yoast SEO plugin v27.4 - https:\/\/yoast.com\/product\/yoast-seo-wordpress\/ -->\n<title>Intellectus Statistics: recensione software universit\u00e0 - Accurate Reviews<\/title>\n<meta name=\"description\" content=\"Intellectus Statistics: recensione piattaforma progettata per aiutare universit\u00e0, organizzazioni no profit e aziende a condurre analisi dati.\" \/>\n<meta name=\"robots\" content=\"index, follow, max-snippet:-1, max-image-preview:large, max-video-preview:-1\" \/>\n<link rel=\"canonical\" href=\"https:\/\/www.accuratereviews.com\/it\/software-universita\/intellectus-statistics-recensione\/\" \/>\n<meta property=\"og:locale\" content=\"it_IT\" \/>\n<meta property=\"og:type\" content=\"article\" \/>\n<meta property=\"og:title\" content=\"Intellectus Statistics: recensione software universit\u00e0 - Accurate Reviews\" \/>\n<meta property=\"og:description\" content=\"Intellectus Statistics: recensione piattaforma progettata per aiutare universit\u00e0, organizzazioni no profit e aziende a condurre analisi dati.\" \/>\n<meta property=\"og:url\" content=\"https:\/\/www.accuratereviews.com\/it\/software-universita\/intellectus-statistics-recensione\/\" \/>\n<meta property=\"og:site_name\" content=\"Accurate Reviews\" \/>\n<meta property=\"article:modified_time\" content=\"2021-04-23T12:51:11+00:00\" \/>\n<meta property=\"og:image\" content=\"https:\/\/www.accuratereviews.com\/wp-content\/uploads\/2021\/03\/intellectusstatistics-intellectus-statistics.png\" \/>\n\t<meta property=\"og:image:width\" content=\"600\" \/>\n\t<meta property=\"og:image:height\" content=\"315\" \/>\n\t<meta property=\"og:image:type\" content=\"image\/png\" \/>\n<meta name=\"twitter:card\" content=\"summary_large_image\" \/>\n<meta name=\"twitter:label1\" content=\"Tempo di lettura stimato\" \/>\n\t<meta name=\"twitter:data1\" content=\"4 minuti\" \/>\n<script type=\"application\/ld+json\" class=\"yoast-schema-graph\">{\"@context\":\"https:\\\/\\\/schema.org\",\"@graph\":[{\"@type\":\"WebPage\",\"@id\":\"https:\\\/\\\/www.accuratereviews.com\\\/it\\\/software-universita\\\/intellectus-statistics-recensione\\\/\",\"url\":\"https:\\\/\\\/www.accuratereviews.com\\\/it\\\/software-universita\\\/intellectus-statistics-recensione\\\/\",\"name\":\"Intellectus Statistics: recensione software universit\u00e0 - Accurate Reviews\",\"isPartOf\":{\"@id\":\"https:\\\/\\\/www.accuratereviews.com\\\/it\\\/#website\"},\"primaryImageOfPage\":{\"@id\":\"https:\\\/\\\/www.accuratereviews.com\\\/it\\\/software-universita\\\/intellectus-statistics-recensione\\\/#primaryimage\"},\"image\":{\"@id\":\"https:\\\/\\\/www.accuratereviews.com\\\/it\\\/software-universita\\\/intellectus-statistics-recensione\\\/#primaryimage\"},\"thumbnailUrl\":\"https:\\\/\\\/www.accuratereviews.com\\\/wp-content\\\/uploads\\\/2021\\\/03\\\/intellectusstatistics-intellectus-statistics.png\",\"datePublished\":\"2021-03-30T11:51:19+00:00\",\"dateModified\":\"2021-04-23T12:51:11+00:00\",\"description\":\"Intellectus Statistics: recensione piattaforma progettata per aiutare universit\u00e0, organizzazioni no profit e aziende a condurre analisi dati.\",\"breadcrumb\":{\"@id\":\"https:\\\/\\\/www.accuratereviews.com\\\/it\\\/software-universita\\\/intellectus-statistics-recensione\\\/#breadcrumb\"},\"inLanguage\":\"it-IT\",\"potentialAction\":[{\"@type\":\"ReadAction\",\"target\":[\"https:\\\/\\\/www.accuratereviews.com\\\/it\\\/software-universita\\\/intellectus-statistics-recensione\\\/\"]}]},{\"@type\":\"ImageObject\",\"inLanguage\":\"it-IT\",\"@id\":\"https:\\\/\\\/www.accuratereviews.com\\\/it\\\/software-universita\\\/intellectus-statistics-recensione\\\/#primaryimage\",\"url\":\"https:\\\/\\\/www.accuratereviews.com\\\/wp-content\\\/uploads\\\/2021\\\/03\\\/intellectusstatistics-intellectus-statistics.png\",\"contentUrl\":\"https:\\\/\\\/www.accuratereviews.com\\\/wp-content\\\/uploads\\\/2021\\\/03\\\/intellectusstatistics-intellectus-statistics.png\",\"width\":600,\"height\":315},{\"@type\":\"BreadcrumbList\",\"@id\":\"https:\\\/\\\/www.accuratereviews.com\\\/it\\\/software-universita\\\/intellectus-statistics-recensione\\\/#breadcrumb\",\"itemListElement\":[{\"@type\":\"ListItem\",\"position\":1,\"name\":\"Home\",\"item\":\"https:\\\/\\\/www.accuratereviews.com\\\/it\\\/\"},{\"@type\":\"ListItem\",\"position\":2,\"name\":\"Software per universit\u00e0\",\"item\":\"https:\\\/\\\/www.accuratereviews.com\\\/it\\\/software-universita\\\/\"},{\"@type\":\"ListItem\",\"position\":3,\"name\":\"Intellectus Statistics\"}]},{\"@type\":\"WebSite\",\"@id\":\"https:\\\/\\\/www.accuratereviews.com\\\/it\\\/#website\",\"url\":\"https:\\\/\\\/www.accuratereviews.com\\\/it\\\/\",\"name\":\"Accurate Reviews\",\"description\":\"\",\"potentialAction\":[{\"@type\":\"SearchAction\",\"target\":{\"@type\":\"EntryPoint\",\"urlTemplate\":\"https:\\\/\\\/www.accuratereviews.com\\\/it\\\/?s={search_term_string}\"},\"query-input\":{\"@type\":\"PropertyValueSpecification\",\"valueRequired\":true,\"valueName\":\"search_term_string\"}}],\"inLanguage\":\"it-IT\"}]}<\/script>\n<!-- \/ Yoast SEO plugin. -->","yoast_head_json":{"title":"Intellectus Statistics: recensione software universit\u00e0 - Accurate Reviews","description":"Intellectus Statistics: recensione piattaforma progettata per aiutare universit\u00e0, organizzazioni no profit e aziende a condurre analisi dati.","robots":{"index":"index","follow":"follow","max-snippet":"max-snippet:-1","max-image-preview":"max-image-preview:large","max-video-preview":"max-video-preview:-1"},"canonical":"https:\/\/www.accuratereviews.com\/it\/software-universita\/intellectus-statistics-recensione\/","og_locale":"it_IT","og_type":"article","og_title":"Intellectus Statistics: recensione software universit\u00e0 - Accurate Reviews","og_description":"Intellectus Statistics: recensione piattaforma progettata per aiutare universit\u00e0, organizzazioni no profit e aziende a condurre analisi dati.","og_url":"https:\/\/www.accuratereviews.com\/it\/software-universita\/intellectus-statistics-recensione\/","og_site_name":"Accurate Reviews","article_modified_time":"2021-04-23T12:51:11+00:00","og_image":[{"width":600,"height":315,"url":"https:\/\/www.accuratereviews.com\/wp-content\/uploads\/2021\/03\/intellectusstatistics-intellectus-statistics.png","type":"image\/png"}],"twitter_card":"summary_large_image","twitter_misc":{"Tempo di lettura stimato":"4 minuti"},"schema":{"@context":"https:\/\/schema.org","@graph":[{"@type":"WebPage","@id":"https:\/\/www.accuratereviews.com\/it\/software-universita\/intellectus-statistics-recensione\/","url":"https:\/\/www.accuratereviews.com\/it\/software-universita\/intellectus-statistics-recensione\/","name":"Intellectus Statistics: recensione software universit\u00e0 - Accurate Reviews","isPartOf":{"@id":"https:\/\/www.accuratereviews.com\/it\/#website"},"primaryImageOfPage":{"@id":"https:\/\/www.accuratereviews.com\/it\/software-universita\/intellectus-statistics-recensione\/#primaryimage"},"image":{"@id":"https:\/\/www.accuratereviews.com\/it\/software-universita\/intellectus-statistics-recensione\/#primaryimage"},"thumbnailUrl":"https:\/\/www.accuratereviews.com\/wp-content\/uploads\/2021\/03\/intellectusstatistics-intellectus-statistics.png","datePublished":"2021-03-30T11:51:19+00:00","dateModified":"2021-04-23T12:51:11+00:00","description":"Intellectus Statistics: recensione piattaforma progettata per aiutare universit\u00e0, organizzazioni no profit e aziende a condurre analisi dati.","breadcrumb":{"@id":"https:\/\/www.accuratereviews.com\/it\/software-universita\/intellectus-statistics-recensione\/#breadcrumb"},"inLanguage":"it-IT","potentialAction":[{"@type":"ReadAction","target":["https:\/\/www.accuratereviews.com\/it\/software-universita\/intellectus-statistics-recensione\/"]}]},{"@type":"ImageObject","inLanguage":"it-IT","@id":"https:\/\/www.accuratereviews.com\/it\/software-universita\/intellectus-statistics-recensione\/#primaryimage","url":"https:\/\/www.accuratereviews.com\/wp-content\/uploads\/2021\/03\/intellectusstatistics-intellectus-statistics.png","contentUrl":"https:\/\/www.accuratereviews.com\/wp-content\/uploads\/2021\/03\/intellectusstatistics-intellectus-statistics.png","width":600,"height":315},{"@type":"BreadcrumbList","@id":"https:\/\/www.accuratereviews.com\/it\/software-universita\/intellectus-statistics-recensione\/#breadcrumb","itemListElement":[{"@type":"ListItem","position":1,"name":"Home","item":"https:\/\/www.accuratereviews.com\/it\/"},{"@type":"ListItem","position":2,"name":"Software per universit\u00e0","item":"https:\/\/www.accuratereviews.com\/it\/software-universita\/"},{"@type":"ListItem","position":3,"name":"Intellectus Statistics"}]},{"@type":"WebSite","@id":"https:\/\/www.accuratereviews.com\/it\/#website","url":"https:\/\/www.accuratereviews.com\/it\/","name":"Accurate Reviews","description":"","potentialAction":[{"@type":"SearchAction","target":{"@type":"EntryPoint","urlTemplate":"https:\/\/www.accuratereviews.com\/it\/?s={search_term_string}"},"query-input":{"@type":"PropertyValueSpecification","valueRequired":true,"valueName":"search_term_string"}}],"inLanguage":"it-IT"}]}},"_links":{"self":[{"href":"https:\/\/www.accuratereviews.com\/it\/wp-json\/wp\/v2\/pages\/39280","targetHints":{"allow":["GET"]}}],"collection":[{"href":"https:\/\/www.accuratereviews.com\/it\/wp-json\/wp\/v2\/pages"}],"about":[{"href":"https:\/\/www.accuratereviews.com\/it\/wp-json\/wp\/v2\/types\/page"}],"author":[{"embeddable":true,"href":"https:\/\/www.accuratereviews.com\/it\/wp-json\/wp\/v2\/users\/19"}],"replies":[{"embeddable":true,"href":"https:\/\/www.accuratereviews.com\/it\/wp-json\/wp\/v2\/comments?post=39280"}],"version-history":[{"count":12,"href":"https:\/\/www.accuratereviews.com\/it\/wp-json\/wp\/v2\/pages\/39280\/revisions"}],"predecessor-version":[{"id":40878,"href":"https:\/\/www.accuratereviews.com\/it\/wp-json\/wp\/v2\/pages\/39280\/revisions\/40878"}],"up":[{"embeddable":true,"href":"https:\/\/www.accuratereviews.com\/it\/wp-json\/wp\/v2\/pages\/38766"}],"wp:featuredmedia":[{"embeddable":true,"href":"https:\/\/www.accuratereviews.com\/it\/wp-json\/wp\/v2\/media\/39284"}],"wp:attachment":[{"href":"https:\/\/www.accuratereviews.com\/it\/wp-json\/wp\/v2\/media?parent=39280"}],"wp:term":[{"taxonomy":"category","embeddable":true,"href":"https:\/\/www.accuratereviews.com\/it\/wp-json\/wp\/v2\/categories?post=39280"},{"taxonomy":"post_tag","embeddable":true,"href":"https:\/\/www.accuratereviews.com\/it\/wp-json\/wp\/v2\/tags?post=39280"},{"taxonomy":"features","embeddable":true,"href":"https:\/\/www.accuratereviews.com\/it\/wp-json\/wp\/v2\/features?post=39280"}],"curies":[{"name":"wp","href":"https:\/\/api.w.org\/{rel}","templated":true}]}}