{"id":39282,"date":"2021-03-30T11:15:44","date_gmt":"2021-03-30T11:15:44","guid":{"rendered":"https:\/\/www.accuratereviews.com\/?page_id=39282"},"modified":"2021-04-23T12:51:41","modified_gmt":"2021-04-23T12:51:41","slug":"proclass-recensione","status":"publish","type":"page","link":"https:\/\/www.accuratereviews.com\/it\/software-universita\/proclass-recensione\/","title":{"rendered":"ProClass"},"content":{"rendered":"<p><strong>ProClass<\/strong> \u00e8 una <strong>soluzione di gestione<\/strong> altamente flessibile per organizzatori di eventi e classi di diversi tipi di settore. Ideale per societ\u00e0 di appartenenza, aziende, scuole, associazioni, fondazioni senza scopo di lucro e di beneficenza. Le caratteristiche principali includono una pianificazione illimitata in diversi tipi o luoghi prima di promuovere ogni evento online. Gli elenchi ottimizzati per la SEO vengono quindi commercializzati tramite portali clienti personalizzati e siti di registrazione associati, utilizzando fornitori o gateway di terze parti selezionati per elaborare le vendite online in modo sicuro. Offri ai partecipanti elenchi dettagliati che descrivono gli eventi con foto, biografie dei relatori e orari delle lezioni, mentre colleghi il supporto ecommerce per la vendita di merci o l&#8217;accettazione di donazioni.<\/p>\n<h2>PROCLASS &#8211; TUTORIAL<\/h2>\n<p>Guardiamo insieme come utilizzare questo <strong>software per universit\u00e0<\/strong>:<\/p>\n<div id=\"fluid-wrapper-counter-1\" class=\"g1-fluid-wrapper \" style=\"width:686px;\">\n<div style=\"padding-bottom:56.268221574344%;\"><iframe loading=\"lazy\" title=\"Linking a File - ProClass Help Guide\" width=\"686\" height=\"386\" src=\"https:\/\/www.youtube.com\/embed\/dDqUFND_3Ww?feature=oembed&amp;wmode=transparent&amp;autohide=1&amp;autoplay=0&amp;disablekb=0&amp;fs=1&amp;loop=0&amp;enablejsapi=1&amp;rel=0&amp;controls=2&amp;showinfo=0&amp;wmode=transparent&amp;autohide=2&amp;autoplay=0&amp;disablekb=0&amp;fs=1&amp;loop=0&amp;enablejsapi=1&amp;rel=0&amp;controls=2&amp;showinfo=1\" frameborder=\"0\" allow=\"accelerometer; autoplay; clipboard-write; encrypted-media; gyroscope; picture-in-picture\" allowfullscreen><\/iframe><\/div>\n<\/div>\n<h3>PROCLASS &#8211; CARATTERISTICHE<\/h3>\n<ul>\n<li>Fatturazione a livello di account<\/li>\n<li>Capacit\u00e0 di elaborazione dei pagamenti in batch per commissioni ricorrenti o una tantum<\/li>\n<li>Fatture e ricevute dei clienti disponibili online in formato PDF standard<\/li>\n<li>Funzionalit\u00e0 di pagamento online sicure e facili da usare per i clienti<\/li>\n<li>Opzioni dettagliate per rapporti su fatture, transazioni e pagamenti<\/li>\n<li>Generazione automatizzata di canoni mensili ricorrenti per le lezioni in corso<\/li>\n<li>Mappatura della contabilit\u00e0 generale per classe, evento o codice conto commissioni<\/li>\n<li>Accetta e traccia qualsiasi tipo di credito, comprese le borse di studio<\/li>\n<li>Gestione flessibile del piano di pagamento<\/li>\n<li>Monitoraggio delle singole note di pagamento<\/li>\n<li>Tieni traccia delle presenze<\/li>\n<li>Stampa rapporti di elenco giornalieri completi di trucchi programmati e studenti introduttivi<\/li>\n<li>Programma i futuri studenti per sessioni introduttive gratuite<\/li>\n<li>Visualizza facilmente le assenze o i gli storici e futuri per qualsiasi studente<\/li>\n<li>Consenti ai clienti di salvare e gestire il metodo di pagamento preferito online<\/li>\n<li>Raccogli e archivia i dati dei metodi di pagamento crittografati sicuri<\/li>\n<li>Consenti la selezione di pi\u00f9 piani di pagamento diversi per qualsiasi classe<\/li>\n<li>Cerca conti e transazioni con saldi dovuti in base a una variet\u00e0 di criteri<\/li>\n<li>Esegui addebiti batch in qualsiasi pianificazione<\/li>\n<li>Rapporti dettagliati sulle carte rifiutate e sui risultati dell&#8217;elaborazione in batch<\/li>\n<li>Pianificazione flessibile<\/li>\n<li>Conferenza online e integrazione in aula virtuale<\/li>\n<li>Gestione della capacit\u00e0<\/li>\n<li>Formazione continua e monitoraggio delle certificazioni professionali<\/li>\n<li>Portale clienti online con funzionalit\u00e0 di registrazione<\/li>\n<li>Prerequisiti e restrizioni per la registrazione di adulti o bambini<\/li>\n<li>Molteplici opzioni di assegnazione dell&#8217;istruttore<\/li>\n<li>Funzione di copia di classi ed eventi per la creazione di classi facile e veloce<\/li>\n<li>Lettere di conferma facilmente stampate o inviate tramite email<\/li>\n<li>Opzioni di trasferimento, prelievo e rilascio facili e veloci<\/li>\n<li>Gestione dell&#8217;iscrizione e opzioni di sconto<\/li>\n<li>Date e orari ricorrenti<\/li>\n<li>Pianificazione della data specifica per le classi senza una pianificazione standard o ricorrente<\/li>\n<li>Prepara la pianificazione della data per lezioni o eventi persi o annullati<\/li>\n<li>Date di blackout per festivit\u00e0, cancellazioni meteorologiche o altre interruzioni<\/li>\n<li>Assegna luoghi e stanze a ogni sessione di lezione o appuntamento individuale<\/li>\n<li>Gestisci pi\u00f9 autorit\u00e0 emittenti<\/li>\n<li>Assegna pi\u00f9 tipi di certificazione a classi qualificate o tipi di eventi<\/li>\n<li>Tieni traccia delle date di rinnovo<\/li>\n<li>Assegna facilmente certificati a uno o pi\u00f9 studenti contemporaneamente<\/li>\n<li>Promemoria e aggiornamenti per il rinnovo dei titolari di certificati tramite posta elettronica<\/li>\n<li>Collega la certificazione a un documento o file esterno<\/li>\n<li>Controlla la gestione della certificazione con funzioni di blocco e sblocco<\/li>\n<\/ul>\n<h4>LE RECENSIONI DEGLI UTENTI<\/h4>\n<p class=\"font-weight-bold mb-1 d-flex align-items-center\"><strong>Saraiya K.&#8221;Recensione da The Drawing Studio&#8221;<\/strong><\/p>\n<p><strong>Commenti: <\/strong>I vantaggi sono esegue tutte le funzioni necessarie in un programma, dall&#8217;accettare pagamenti in classe alla pubblicazione del programma sul nostro sito web. \u00c8 fantastico poter copiare le lezioni precedenti e modificarle anche per programmi futuri.<\/p>\n<p><strong>Pro: <\/strong>Il servizio clienti quest&#8217;anno \u00e8 stato ottimo. In particolare, il nostro rappresentante \u00e8 stato di grande aiuto ad apprendere il sistema per i nuovi dipendenti.<\/p>\n<p><strong>Contro: <\/strong>Ci vuole molto tempo per imparare e comprendere percorsi diversi per realizzare cose diverse. Direi che non si pu\u00f2 capire senza assistenza e formazione.<\/p>\n<p class=\"font-weight-bold mb-1 d-flex align-items-center\"><strong>Chad L.&#8221;Proclass \u00e8 il migliore della categoria!&#8221;<\/strong><\/p>\n<p><strong>Commenti: <\/strong>Gage Academy of Art utilizza Proclass come software completo per la gestione delle classi, database degli studenti e CRM. Gli studenti si registrano tramite Proclass, creano i propri account ed effettuano i propri pagamenti. Soluzione facile e intuitiva per gestire una scuola di oltre 4000 studenti con uno staff di 12 persone &#8211; Non sarebbe possibile senza proclass.<\/p>\n<p><strong>Pro: <\/strong>Questo programma \u00e8 un crm robusto e completo! L&#8217;ho usato personalmente per oltre 3 anni mentre lavoravo alla Gage Academy of Art. Offre un controllo COMPLETO sulla pianificazione delle lezioni, sui pagamenti, sulla distribuzione online e si integra perfettamente con il nostro sito web. Molto logico e facile da usare una volta compresa la struttura. Non ho mai visto un programma che offre rapporti personalizzati pi\u00f9 completi, creazione di elenchi di posta elettronica e record degli studenti. Proclass rende possibile ci\u00f2 che Gage fa e ci ha aiutato nella nostra transizione alla programmazione online quest&#8217;anno.<\/p>\n<p><strong>Contro: <\/strong>L&#8217;UNICO svantaggio secondo me \u00e8 che ci sono capacit\u00e0 limitate del codice coupon. \u00c8 difficile scontare solo alcune classi con un codice coupon, MA ci sono soluzioni facili che abbiamo capito. Non \u00e8 in alcun modo un insuccesso.<\/p>\n<p class=\"font-weight-bold mb-1 d-flex align-items-center\"><strong>Stevie C.&#8221;Se stai cercando un software di gestione della classe economico. Questo fa per te&#8221;<\/strong><\/p>\n<p><strong>Commenti: <\/strong>La mia esperienza con proclass non \u00e8 stata altro che meravigliosa. Ogni volta che ho bisogno di aiuto con un problema posso contattarli direttamente sul pulsante della chat dal vivo e il problema \u00e8 sempre stato risolto immediatamente.<\/p>\n<p><strong>Pro: <\/strong>La funzionalit\u00e0 complessiva del programma, \u00e8 in grado di completare pi\u00f9 attivit\u00e0 a portata di mano. I rapporti sono personalizzati per soddisfare le nostre esigenze di organizzazione di arti creative senza scopo di lucro.<\/p>\n<p><strong>Contro: <\/strong>La facilit\u00e0 di unire i contatti sarebbe la prossima cosa su cui dovrebbero lavorare. \u00c8 gestibile ma frustrante senza l&#8217;opzione. Dato che molti clienti si registrano online, cambiano email e creano sempre nuovi account.<\/p>\n<p>&nbsp;<\/p>\n<p>&nbsp;<\/p>\n","protected":false},"excerpt":{"rendered":"<p>ProClass \u00e8 una soluzione di gestione altamente flessibile per organizzatori di eventi e classi di diversi tipi di settore. Ideale per societ\u00e0 di appartenenza, aziende, scuole, associazioni, fondazioni senza scopo di lucro e di beneficenza.\u00a0A partire da potenti strumenti di gestione delle classi e degli eventi, le caratteristiche principali includono una pianificazione illimitata in diversi tipi o luoghi prima di promuovere ogni evento online.<\/p>\n","protected":false},"author":19,"featured_media":39293,"parent":38766,"menu_order":0,"comment_status":"open","ping_status":"closed","template":"g1_template_page_review_new.php","meta":{"_acf_changed":false,"cwp_meta_box_check":"Yes","cwp_rev_product_name":"","cwp_rev_product_image":"","wppr_links":[],"cwp_rev_price":"","wppr_options":[],"wppr_pros":[],"wppr_cons":[],"_monsterinsights_skip_tracking":false,"_monsterinsights_sitenote_active":false,"_monsterinsights_sitenote_note":"","_monsterinsights_sitenote_category":0,"footnotes":""},"categories":[5417],"tags":[5447,5518,5421,5420,5422],"features":[],"class_list":{"0":"post-39282","1":"page","2":"type-page","3":"status-publish","4":"has-post-thumbnail","6":"category-software-universita-categoria","7":"tag-piattaforma-per-universita","8":"tag-proclass","9":"tag-programma-per-universita","10":"tag-software-per-universita","11":"tag-soluzione-per-universita"},"wppr_data":{"cwp_meta_box_check":"Yes","cwp_rev_product_name":"","cwp_rev_product_image":"","cwp_image_link":"image","cwp_rev_price":"","wppr_rating":"0.00"},"acf":[],"yoast_head":"<!-- This site is optimized with the Yoast SEO plugin v27.4 - https:\/\/yoast.com\/product\/yoast-seo-wordpress\/ -->\n<title>ProClass: recensione software per universit\u00e0 - Accurate Reviews<\/title>\n<meta name=\"description\" content=\"ProClass: recensione soluzione di gestione altamente flessibile per organizzatori di eventi e classi di diversi tipi di settore.\" \/>\n<meta name=\"robots\" content=\"index, follow, max-snippet:-1, max-image-preview:large, max-video-preview:-1\" \/>\n<link rel=\"canonical\" href=\"https:\/\/www.accuratereviews.com\/it\/software-universita\/proclass-recensione\/\" \/>\n<meta property=\"og:locale\" content=\"it_IT\" \/>\n<meta property=\"og:type\" content=\"article\" \/>\n<meta property=\"og:title\" content=\"ProClass: recensione software per universit\u00e0 - Accurate Reviews\" \/>\n<meta property=\"og:description\" content=\"ProClass: recensione soluzione di gestione altamente flessibile per organizzatori di eventi e classi di diversi tipi di settore.\" \/>\n<meta property=\"og:url\" content=\"https:\/\/www.accuratereviews.com\/it\/software-universita\/proclass-recensione\/\" \/>\n<meta property=\"og:site_name\" content=\"Accurate Reviews\" \/>\n<meta property=\"article:modified_time\" content=\"2021-04-23T12:51:41+00:00\" \/>\n<meta property=\"og:image\" content=\"https:\/\/www.accuratereviews.com\/wp-content\/uploads\/2021\/03\/ProClass.png\" \/>\n\t<meta property=\"og:image:width\" content=\"256\" \/>\n\t<meta property=\"og:image:height\" content=\"256\" \/>\n\t<meta property=\"og:image:type\" content=\"image\/png\" \/>\n<meta name=\"twitter:card\" content=\"summary_large_image\" \/>\n<meta name=\"twitter:label1\" content=\"Tempo di lettura stimato\" \/>\n\t<meta name=\"twitter:data1\" content=\"5 minuti\" \/>\n<script type=\"application\/ld+json\" class=\"yoast-schema-graph\">{\"@context\":\"https:\\\/\\\/schema.org\",\"@graph\":[{\"@type\":\"WebPage\",\"@id\":\"https:\\\/\\\/www.accuratereviews.com\\\/it\\\/software-universita\\\/proclass-recensione\\\/\",\"url\":\"https:\\\/\\\/www.accuratereviews.com\\\/it\\\/software-universita\\\/proclass-recensione\\\/\",\"name\":\"ProClass: recensione software per universit\u00e0 - Accurate Reviews\",\"isPartOf\":{\"@id\":\"https:\\\/\\\/www.accuratereviews.com\\\/it\\\/#website\"},\"primaryImageOfPage\":{\"@id\":\"https:\\\/\\\/www.accuratereviews.com\\\/it\\\/software-universita\\\/proclass-recensione\\\/#primaryimage\"},\"image\":{\"@id\":\"https:\\\/\\\/www.accuratereviews.com\\\/it\\\/software-universita\\\/proclass-recensione\\\/#primaryimage\"},\"thumbnailUrl\":\"https:\\\/\\\/www.accuratereviews.com\\\/wp-content\\\/uploads\\\/2021\\\/03\\\/ProClass.png\",\"datePublished\":\"2021-03-30T11:15:44+00:00\",\"dateModified\":\"2021-04-23T12:51:41+00:00\",\"description\":\"ProClass: recensione soluzione di gestione altamente flessibile per organizzatori di eventi e classi di diversi tipi di settore.\",\"breadcrumb\":{\"@id\":\"https:\\\/\\\/www.accuratereviews.com\\\/it\\\/software-universita\\\/proclass-recensione\\\/#breadcrumb\"},\"inLanguage\":\"it-IT\",\"potentialAction\":[{\"@type\":\"ReadAction\",\"target\":[\"https:\\\/\\\/www.accuratereviews.com\\\/it\\\/software-universita\\\/proclass-recensione\\\/\"]}]},{\"@type\":\"ImageObject\",\"inLanguage\":\"it-IT\",\"@id\":\"https:\\\/\\\/www.accuratereviews.com\\\/it\\\/software-universita\\\/proclass-recensione\\\/#primaryimage\",\"url\":\"https:\\\/\\\/www.accuratereviews.com\\\/wp-content\\\/uploads\\\/2021\\\/03\\\/ProClass.png\",\"contentUrl\":\"https:\\\/\\\/www.accuratereviews.com\\\/wp-content\\\/uploads\\\/2021\\\/03\\\/ProClass.png\",\"width\":256,\"height\":256},{\"@type\":\"BreadcrumbList\",\"@id\":\"https:\\\/\\\/www.accuratereviews.com\\\/it\\\/software-universita\\\/proclass-recensione\\\/#breadcrumb\",\"itemListElement\":[{\"@type\":\"ListItem\",\"position\":1,\"name\":\"Home\",\"item\":\"https:\\\/\\\/www.accuratereviews.com\\\/it\\\/\"},{\"@type\":\"ListItem\",\"position\":2,\"name\":\"Software per universit\u00e0\",\"item\":\"https:\\\/\\\/www.accuratereviews.com\\\/it\\\/software-universita\\\/\"},{\"@type\":\"ListItem\",\"position\":3,\"name\":\"ProClass\"}]},{\"@type\":\"WebSite\",\"@id\":\"https:\\\/\\\/www.accuratereviews.com\\\/it\\\/#website\",\"url\":\"https:\\\/\\\/www.accuratereviews.com\\\/it\\\/\",\"name\":\"Accurate Reviews\",\"description\":\"\",\"potentialAction\":[{\"@type\":\"SearchAction\",\"target\":{\"@type\":\"EntryPoint\",\"urlTemplate\":\"https:\\\/\\\/www.accuratereviews.com\\\/it\\\/?s={search_term_string}\"},\"query-input\":{\"@type\":\"PropertyValueSpecification\",\"valueRequired\":true,\"valueName\":\"search_term_string\"}}],\"inLanguage\":\"it-IT\"}]}<\/script>\n<!-- \/ Yoast SEO plugin. -->","yoast_head_json":{"title":"ProClass: recensione software per universit\u00e0 - Accurate Reviews","description":"ProClass: recensione soluzione di gestione altamente flessibile per organizzatori di eventi e classi di diversi tipi di settore.","robots":{"index":"index","follow":"follow","max-snippet":"max-snippet:-1","max-image-preview":"max-image-preview:large","max-video-preview":"max-video-preview:-1"},"canonical":"https:\/\/www.accuratereviews.com\/it\/software-universita\/proclass-recensione\/","og_locale":"it_IT","og_type":"article","og_title":"ProClass: recensione software per universit\u00e0 - Accurate Reviews","og_description":"ProClass: recensione soluzione di gestione altamente flessibile per organizzatori di eventi e classi di diversi tipi di settore.","og_url":"https:\/\/www.accuratereviews.com\/it\/software-universita\/proclass-recensione\/","og_site_name":"Accurate Reviews","article_modified_time":"2021-04-23T12:51:41+00:00","og_image":[{"width":256,"height":256,"url":"https:\/\/www.accuratereviews.com\/wp-content\/uploads\/2021\/03\/ProClass.png","type":"image\/png"}],"twitter_card":"summary_large_image","twitter_misc":{"Tempo di lettura stimato":"5 minuti"},"schema":{"@context":"https:\/\/schema.org","@graph":[{"@type":"WebPage","@id":"https:\/\/www.accuratereviews.com\/it\/software-universita\/proclass-recensione\/","url":"https:\/\/www.accuratereviews.com\/it\/software-universita\/proclass-recensione\/","name":"ProClass: recensione software per universit\u00e0 - Accurate Reviews","isPartOf":{"@id":"https:\/\/www.accuratereviews.com\/it\/#website"},"primaryImageOfPage":{"@id":"https:\/\/www.accuratereviews.com\/it\/software-universita\/proclass-recensione\/#primaryimage"},"image":{"@id":"https:\/\/www.accuratereviews.com\/it\/software-universita\/proclass-recensione\/#primaryimage"},"thumbnailUrl":"https:\/\/www.accuratereviews.com\/wp-content\/uploads\/2021\/03\/ProClass.png","datePublished":"2021-03-30T11:15:44+00:00","dateModified":"2021-04-23T12:51:41+00:00","description":"ProClass: recensione soluzione di gestione altamente flessibile per organizzatori di eventi e classi di diversi tipi di settore.","breadcrumb":{"@id":"https:\/\/www.accuratereviews.com\/it\/software-universita\/proclass-recensione\/#breadcrumb"},"inLanguage":"it-IT","potentialAction":[{"@type":"ReadAction","target":["https:\/\/www.accuratereviews.com\/it\/software-universita\/proclass-recensione\/"]}]},{"@type":"ImageObject","inLanguage":"it-IT","@id":"https:\/\/www.accuratereviews.com\/it\/software-universita\/proclass-recensione\/#primaryimage","url":"https:\/\/www.accuratereviews.com\/wp-content\/uploads\/2021\/03\/ProClass.png","contentUrl":"https:\/\/www.accuratereviews.com\/wp-content\/uploads\/2021\/03\/ProClass.png","width":256,"height":256},{"@type":"BreadcrumbList","@id":"https:\/\/www.accuratereviews.com\/it\/software-universita\/proclass-recensione\/#breadcrumb","itemListElement":[{"@type":"ListItem","position":1,"name":"Home","item":"https:\/\/www.accuratereviews.com\/it\/"},{"@type":"ListItem","position":2,"name":"Software per universit\u00e0","item":"https:\/\/www.accuratereviews.com\/it\/software-universita\/"},{"@type":"ListItem","position":3,"name":"ProClass"}]},{"@type":"WebSite","@id":"https:\/\/www.accuratereviews.com\/it\/#website","url":"https:\/\/www.accuratereviews.com\/it\/","name":"Accurate Reviews","description":"","potentialAction":[{"@type":"SearchAction","target":{"@type":"EntryPoint","urlTemplate":"https:\/\/www.accuratereviews.com\/it\/?s={search_term_string}"},"query-input":{"@type":"PropertyValueSpecification","valueRequired":true,"valueName":"search_term_string"}}],"inLanguage":"it-IT"}]}},"_links":{"self":[{"href":"https:\/\/www.accuratereviews.com\/it\/wp-json\/wp\/v2\/pages\/39282","targetHints":{"allow":["GET"]}}],"collection":[{"href":"https:\/\/www.accuratereviews.com\/it\/wp-json\/wp\/v2\/pages"}],"about":[{"href":"https:\/\/www.accuratereviews.com\/it\/wp-json\/wp\/v2\/types\/page"}],"author":[{"embeddable":true,"href":"https:\/\/www.accuratereviews.com\/it\/wp-json\/wp\/v2\/users\/19"}],"replies":[{"embeddable":true,"href":"https:\/\/www.accuratereviews.com\/it\/wp-json\/wp\/v2\/comments?post=39282"}],"version-history":[{"count":11,"href":"https:\/\/www.accuratereviews.com\/it\/wp-json\/wp\/v2\/pages\/39282\/revisions"}],"predecessor-version":[{"id":40879,"href":"https:\/\/www.accuratereviews.com\/it\/wp-json\/wp\/v2\/pages\/39282\/revisions\/40879"}],"up":[{"embeddable":true,"href":"https:\/\/www.accuratereviews.com\/it\/wp-json\/wp\/v2\/pages\/38766"}],"wp:featuredmedia":[{"embeddable":true,"href":"https:\/\/www.accuratereviews.com\/it\/wp-json\/wp\/v2\/media\/39293"}],"wp:attachment":[{"href":"https:\/\/www.accuratereviews.com\/it\/wp-json\/wp\/v2\/media?parent=39282"}],"wp:term":[{"taxonomy":"category","embeddable":true,"href":"https:\/\/www.accuratereviews.com\/it\/wp-json\/wp\/v2\/categories?post=39282"},{"taxonomy":"post_tag","embeddable":true,"href":"https:\/\/www.accuratereviews.com\/it\/wp-json\/wp\/v2\/tags?post=39282"},{"taxonomy":"features","embeddable":true,"href":"https:\/\/www.accuratereviews.com\/it\/wp-json\/wp\/v2\/features?post=39282"}],"curies":[{"name":"wp","href":"https:\/\/api.w.org\/{rel}","templated":true}]}}