{"id":39313,"date":"2021-03-30T15:52:35","date_gmt":"2021-03-30T15:52:35","guid":{"rendered":"https:\/\/www.accuratereviews.com\/?page_id=39313"},"modified":"2021-04-23T12:57:30","modified_gmt":"2021-04-23T12:57:30","slug":"orbund-recensione","status":"publish","type":"page","link":"https:\/\/www.accuratereviews.com\/it\/software-universita\/orbund-recensione\/","title":{"rendered":"Orbund"},"content":{"rendered":"<p><strong>Orbund<\/strong> \u00e8 un programma basato su <strong>cloud<\/strong> che ha l&#8217;obiettivo di generare una rivoluzione nel sistema studentesco, creando una vera e propria nuova era. Si tratta di gestire gli istituti superiori, professionali o le universit\u00e0 in modo pi\u00f9 semplice e totalmente automatizzato, ottenendo un&#8217;amministrazione digitale che abbandona tutti i documenti cartacei e apre le braccia ad avvisi, notifiche e report automatici.<br \/>\n<strong>Orbund<\/strong> \u00e8 una <strong>soluzione SIS<\/strong> (Student Information System) online, flessibile, scalabile e configurabile. Ti permette di aggiungere, modificare o rimuovere i processi aziendali con pochi clic.<\/p>\n<h2>ORBUND &#8211; TUTORIAL<\/h2>\n<p>Ecco un video che ci mostra come utilizzare questo <strong>software per universit\u00e0<\/strong>:<\/p>\n<div id=\"fluid-wrapper-counter-1\" class=\"g1-fluid-wrapper \" style=\"width:686px;\">\n<div style=\"padding-bottom:56.268221574344%;\"><iframe loading=\"lazy\" title=\"Orbund Training\" width=\"686\" height=\"386\" src=\"https:\/\/www.youtube.com\/embed\/aujX7I5uZwQ?feature=oembed&amp;wmode=transparent&amp;autohide=1&amp;autoplay=0&amp;disablekb=0&amp;fs=1&amp;loop=0&amp;enablejsapi=1&amp;rel=0&amp;controls=2&amp;showinfo=0&amp;wmode=transparent&amp;autohide=2&amp;autoplay=0&amp;disablekb=0&amp;fs=1&amp;loop=0&amp;enablejsapi=1&amp;rel=0&amp;controls=2&amp;showinfo=1\" frameborder=\"0\" allow=\"accelerometer; autoplay; clipboard-write; encrypted-media; gyroscope; picture-in-picture\" allowfullscreen><\/iframe><\/div>\n<\/div>\n<h3>ORBUND &#8211; CARATTERISTICHE<\/h3>\n<ul>\n<li>Interfaccia user-friendly<\/li>\n<li>Configurabile e personalizzabile<\/li>\n<li>Avvisi e notifiche automatiche<\/li>\n<li>Sistema reportistico<\/li>\n<li>Registro dei voti<\/li>\n<li>Termini tradizionali e non tradizionali<\/li>\n<li>Iscrizioni a rotazione<\/li>\n<li>Gestione di potenziali studenti e candidati<\/li>\n<li>Portali per studenti, istruttori e amministrazione<\/li>\n<li>Aggiornamenti automatici<\/li>\n<\/ul>\n<h4>LE RECENSIONI DEGLI UTENTI<\/h4>\n<p><strong>Isam M. &#8220;Esperienza con Orbund&#8221;<\/strong><br \/>\nCOMMENTI: Orbund \u00e8 uno strumento per l&#8217;istruzione e la gestione degli studenti, \u00e8 facile da usare ed estremamente utile. Le persone dietro il prodotto forniscono un aiuto e un supporto eccezionali. Dal punto di vista dell&#8217;insegnante si tratta di un sistema completo, dal programma della lezione all&#8217;assegnazione fino al registro dei voti, annunci, messaggi e avvisi. Inoltre, gli amministratori trovano questo sistema molto utile.<\/p>\n<p><strong>Khadijah jean P. &#8220;In qualit\u00e0 di preside, ritengo che il prodotto conferisca alla scuola un aspetto molto pi\u00f9 efficiente e professionale&#8221;.<\/strong><br \/>\nCOMMENTI: in realt\u00e0 devi usarlo e sperimentare tutte le funzionalit\u00e0 per realizzare il suo pieno potenziale. La mia sfida \u00e8 convincere gli insegnanti a utilizzare regolarmente tutte le funzionalit\u00e0. Fanno troppo affidamento sulla copia cartacea per comunicare con i genitori. Sto ancora cercando di capire come allegare un documento ricevuto nella mia email a un messaggio inviato tramite Orbund. Forse dovrei salvarlo come documento e poi allegarlo? Il servizio clienti di Orbund \u00e8 il suo pi\u00f9 grande punto di forza. Sono molto impressionato da Laura. Complimenti a Laura !!!!<\/p>\n<p><strong>Katie R. &#8220;Orbund \u00e8 fantastico e facile da usare&#8221;<\/strong><br \/>\nCOMMENTI: nel complesso, Orbund \u00e8 un ottimo strumento per la nostra piccola scuola privata. Ho utilizzato altri software didattici in corso da 17 anni, quindi ho familiarit\u00e0 con ci\u00f2 di cui \u00e8 capace questo tipo di programma. Ma la parte migliore dell&#8217;azienda dovrebbe essere il suo servizio clienti. Le aziende precedenti ti mettevano in attesa per 30-45 minuti solo per ottenere una risposta a una domanda. Il mio rappresentante del servizio clienti, Laura H., \u00e8 Meraviglioso! Raramente non riuscivo a chiamarla al telefono, ma se dovevo lasciarle un messaggio lei mi richiamava prontamente. \u00c8 sempre gentile, estremamente disponibile e competente. Grazie, Orbund, per avere dipendenti come Laura!<\/p>\n","protected":false},"excerpt":{"rendered":"<p>Orbund \u00e8 un programma basato su cloud che ha l&#8217;obiettivo di generare una rivoluzione nel sistema studentesco, creando una vera e propria nuova era. Si tratta di gestire gli istituti superiori, professionali o le universit\u00e0 in modo pi\u00f9 semplice e totalmente automatizzato, ottenendo un&#8217;amministrazione digitale che abbandona tutti i documenti cartacei e apre le braccia ad avvisi, notifiche e report automatici.<\/p>\n","protected":false},"author":17,"featured_media":39315,"parent":38766,"menu_order":0,"comment_status":"open","ping_status":"closed","template":"g1_template_page_review_new.php","meta":{"_acf_changed":false,"cwp_meta_box_check":"No","cwp_rev_product_name":"","cwp_rev_product_image":"","wppr_links":[],"cwp_rev_price":"","wppr_options":[],"wppr_pros":[],"wppr_cons":[],"_monsterinsights_skip_tracking":false,"_monsterinsights_sitenote_active":false,"_monsterinsights_sitenote_note":"","_monsterinsights_sitenote_category":0,"footnotes":""},"categories":[5417],"tags":[5465,5447,5446,5520,5420,5476],"features":[],"class_list":{"0":"post-39313","1":"page","2":"type-page","3":"status-publish","4":"has-post-thumbnail","6":"category-software-universita-categoria","7":"tag-gestionale-per-universita","8":"tag-piattaforma-per-universita","9":"tag-programma-per-univerita","10":"tag-sis","11":"tag-software-per-universita","12":"tag-soluzione-per-univerista"},"wppr_data":{"cwp_meta_box_check":"No"},"acf":[],"yoast_head":"<!-- This site is optimized with the Yoast SEO plugin v27.4 - https:\/\/yoast.com\/product\/yoast-seo-wordpress\/ -->\n<title>Orbund: recensione software universit\u00e0 - Accurate Reviews<\/title>\n<meta name=\"description\" content=\"Orbund \u00e8 un programma basato su cloud che ha l&#039;obiettivo di automatizzare le attivit\u00e0 degli istituti superiori e delle universit\u00e0.\" \/>\n<meta name=\"robots\" content=\"index, follow, max-snippet:-1, max-image-preview:large, max-video-preview:-1\" \/>\n<link rel=\"canonical\" href=\"https:\/\/www.accuratereviews.com\/it\/software-universita\/orbund-recensione\/\" \/>\n<meta property=\"og:locale\" content=\"it_IT\" \/>\n<meta property=\"og:type\" content=\"article\" \/>\n<meta property=\"og:title\" content=\"Orbund: recensione software universit\u00e0 - Accurate Reviews\" \/>\n<meta property=\"og:description\" content=\"Orbund \u00e8 un programma basato su cloud che ha l&#039;obiettivo di automatizzare le attivit\u00e0 degli istituti superiori e delle universit\u00e0.\" \/>\n<meta property=\"og:url\" content=\"https:\/\/www.accuratereviews.com\/it\/software-universita\/orbund-recensione\/\" \/>\n<meta property=\"og:site_name\" content=\"Accurate Reviews\" \/>\n<meta property=\"article:modified_time\" content=\"2021-04-23T12:57:30+00:00\" \/>\n<meta property=\"og:image\" content=\"https:\/\/www.accuratereviews.com\/wp-content\/uploads\/2021\/03\/Schermata-2021-03-30-alle-13.52.46.png\" \/>\n\t<meta property=\"og:image:width\" content=\"455\" \/>\n\t<meta property=\"og:image:height\" content=\"200\" \/>\n\t<meta property=\"og:image:type\" content=\"image\/png\" \/>\n<meta name=\"twitter:card\" content=\"summary_large_image\" \/>\n<meta name=\"twitter:label1\" content=\"Tempo di lettura stimato\" \/>\n\t<meta name=\"twitter:data1\" content=\"2 minuti\" \/>\n<script type=\"application\/ld+json\" class=\"yoast-schema-graph\">{\"@context\":\"https:\\\/\\\/schema.org\",\"@graph\":[{\"@type\":\"WebPage\",\"@id\":\"https:\\\/\\\/www.accuratereviews.com\\\/it\\\/software-universita\\\/orbund-recensione\\\/\",\"url\":\"https:\\\/\\\/www.accuratereviews.com\\\/it\\\/software-universita\\\/orbund-recensione\\\/\",\"name\":\"Orbund: recensione software universit\u00e0 - Accurate Reviews\",\"isPartOf\":{\"@id\":\"https:\\\/\\\/www.accuratereviews.com\\\/it\\\/#website\"},\"primaryImageOfPage\":{\"@id\":\"https:\\\/\\\/www.accuratereviews.com\\\/it\\\/software-universita\\\/orbund-recensione\\\/#primaryimage\"},\"image\":{\"@id\":\"https:\\\/\\\/www.accuratereviews.com\\\/it\\\/software-universita\\\/orbund-recensione\\\/#primaryimage\"},\"thumbnailUrl\":\"https:\\\/\\\/www.accuratereviews.com\\\/wp-content\\\/uploads\\\/2021\\\/03\\\/Schermata-2021-03-30-alle-13.52.46.png\",\"datePublished\":\"2021-03-30T15:52:35+00:00\",\"dateModified\":\"2021-04-23T12:57:30+00:00\",\"description\":\"Orbund \u00e8 un programma basato su cloud che ha l'obiettivo di automatizzare le attivit\u00e0 degli istituti superiori e delle universit\u00e0.\",\"breadcrumb\":{\"@id\":\"https:\\\/\\\/www.accuratereviews.com\\\/it\\\/software-universita\\\/orbund-recensione\\\/#breadcrumb\"},\"inLanguage\":\"it-IT\",\"potentialAction\":[{\"@type\":\"ReadAction\",\"target\":[\"https:\\\/\\\/www.accuratereviews.com\\\/it\\\/software-universita\\\/orbund-recensione\\\/\"]}]},{\"@type\":\"ImageObject\",\"inLanguage\":\"it-IT\",\"@id\":\"https:\\\/\\\/www.accuratereviews.com\\\/it\\\/software-universita\\\/orbund-recensione\\\/#primaryimage\",\"url\":\"https:\\\/\\\/www.accuratereviews.com\\\/wp-content\\\/uploads\\\/2021\\\/03\\\/Schermata-2021-03-30-alle-13.52.46.png\",\"contentUrl\":\"https:\\\/\\\/www.accuratereviews.com\\\/wp-content\\\/uploads\\\/2021\\\/03\\\/Schermata-2021-03-30-alle-13.52.46.png\",\"width\":455,\"height\":200},{\"@type\":\"BreadcrumbList\",\"@id\":\"https:\\\/\\\/www.accuratereviews.com\\\/it\\\/software-universita\\\/orbund-recensione\\\/#breadcrumb\",\"itemListElement\":[{\"@type\":\"ListItem\",\"position\":1,\"name\":\"Home\",\"item\":\"https:\\\/\\\/www.accuratereviews.com\\\/it\\\/\"},{\"@type\":\"ListItem\",\"position\":2,\"name\":\"Software per universit\u00e0\",\"item\":\"https:\\\/\\\/www.accuratereviews.com\\\/it\\\/software-universita\\\/\"},{\"@type\":\"ListItem\",\"position\":3,\"name\":\"Orbund\"}]},{\"@type\":\"WebSite\",\"@id\":\"https:\\\/\\\/www.accuratereviews.com\\\/it\\\/#website\",\"url\":\"https:\\\/\\\/www.accuratereviews.com\\\/it\\\/\",\"name\":\"Accurate Reviews\",\"description\":\"\",\"potentialAction\":[{\"@type\":\"SearchAction\",\"target\":{\"@type\":\"EntryPoint\",\"urlTemplate\":\"https:\\\/\\\/www.accuratereviews.com\\\/it\\\/?s={search_term_string}\"},\"query-input\":{\"@type\":\"PropertyValueSpecification\",\"valueRequired\":true,\"valueName\":\"search_term_string\"}}],\"inLanguage\":\"it-IT\"}]}<\/script>\n<!-- \/ Yoast SEO plugin. -->","yoast_head_json":{"title":"Orbund: recensione software universit\u00e0 - Accurate Reviews","description":"Orbund \u00e8 un programma basato su cloud che ha l'obiettivo di automatizzare le attivit\u00e0 degli istituti superiori e delle universit\u00e0.","robots":{"index":"index","follow":"follow","max-snippet":"max-snippet:-1","max-image-preview":"max-image-preview:large","max-video-preview":"max-video-preview:-1"},"canonical":"https:\/\/www.accuratereviews.com\/it\/software-universita\/orbund-recensione\/","og_locale":"it_IT","og_type":"article","og_title":"Orbund: recensione software universit\u00e0 - Accurate Reviews","og_description":"Orbund \u00e8 un programma basato su cloud che ha l'obiettivo di automatizzare le attivit\u00e0 degli istituti superiori e delle universit\u00e0.","og_url":"https:\/\/www.accuratereviews.com\/it\/software-universita\/orbund-recensione\/","og_site_name":"Accurate Reviews","article_modified_time":"2021-04-23T12:57:30+00:00","og_image":[{"width":455,"height":200,"url":"https:\/\/www.accuratereviews.com\/wp-content\/uploads\/2021\/03\/Schermata-2021-03-30-alle-13.52.46.png","type":"image\/png"}],"twitter_card":"summary_large_image","twitter_misc":{"Tempo di lettura stimato":"2 minuti"},"schema":{"@context":"https:\/\/schema.org","@graph":[{"@type":"WebPage","@id":"https:\/\/www.accuratereviews.com\/it\/software-universita\/orbund-recensione\/","url":"https:\/\/www.accuratereviews.com\/it\/software-universita\/orbund-recensione\/","name":"Orbund: recensione software universit\u00e0 - Accurate Reviews","isPartOf":{"@id":"https:\/\/www.accuratereviews.com\/it\/#website"},"primaryImageOfPage":{"@id":"https:\/\/www.accuratereviews.com\/it\/software-universita\/orbund-recensione\/#primaryimage"},"image":{"@id":"https:\/\/www.accuratereviews.com\/it\/software-universita\/orbund-recensione\/#primaryimage"},"thumbnailUrl":"https:\/\/www.accuratereviews.com\/wp-content\/uploads\/2021\/03\/Schermata-2021-03-30-alle-13.52.46.png","datePublished":"2021-03-30T15:52:35+00:00","dateModified":"2021-04-23T12:57:30+00:00","description":"Orbund \u00e8 un programma basato su cloud che ha l'obiettivo di automatizzare le attivit\u00e0 degli istituti superiori e delle universit\u00e0.","breadcrumb":{"@id":"https:\/\/www.accuratereviews.com\/it\/software-universita\/orbund-recensione\/#breadcrumb"},"inLanguage":"it-IT","potentialAction":[{"@type":"ReadAction","target":["https:\/\/www.accuratereviews.com\/it\/software-universita\/orbund-recensione\/"]}]},{"@type":"ImageObject","inLanguage":"it-IT","@id":"https:\/\/www.accuratereviews.com\/it\/software-universita\/orbund-recensione\/#primaryimage","url":"https:\/\/www.accuratereviews.com\/wp-content\/uploads\/2021\/03\/Schermata-2021-03-30-alle-13.52.46.png","contentUrl":"https:\/\/www.accuratereviews.com\/wp-content\/uploads\/2021\/03\/Schermata-2021-03-30-alle-13.52.46.png","width":455,"height":200},{"@type":"BreadcrumbList","@id":"https:\/\/www.accuratereviews.com\/it\/software-universita\/orbund-recensione\/#breadcrumb","itemListElement":[{"@type":"ListItem","position":1,"name":"Home","item":"https:\/\/www.accuratereviews.com\/it\/"},{"@type":"ListItem","position":2,"name":"Software per universit\u00e0","item":"https:\/\/www.accuratereviews.com\/it\/software-universita\/"},{"@type":"ListItem","position":3,"name":"Orbund"}]},{"@type":"WebSite","@id":"https:\/\/www.accuratereviews.com\/it\/#website","url":"https:\/\/www.accuratereviews.com\/it\/","name":"Accurate Reviews","description":"","potentialAction":[{"@type":"SearchAction","target":{"@type":"EntryPoint","urlTemplate":"https:\/\/www.accuratereviews.com\/it\/?s={search_term_string}"},"query-input":{"@type":"PropertyValueSpecification","valueRequired":true,"valueName":"search_term_string"}}],"inLanguage":"it-IT"}]}},"_links":{"self":[{"href":"https:\/\/www.accuratereviews.com\/it\/wp-json\/wp\/v2\/pages\/39313","targetHints":{"allow":["GET"]}}],"collection":[{"href":"https:\/\/www.accuratereviews.com\/it\/wp-json\/wp\/v2\/pages"}],"about":[{"href":"https:\/\/www.accuratereviews.com\/it\/wp-json\/wp\/v2\/types\/page"}],"author":[{"embeddable":true,"href":"https:\/\/www.accuratereviews.com\/it\/wp-json\/wp\/v2\/users\/17"}],"replies":[{"embeddable":true,"href":"https:\/\/www.accuratereviews.com\/it\/wp-json\/wp\/v2\/comments?post=39313"}],"version-history":[{"count":7,"href":"https:\/\/www.accuratereviews.com\/it\/wp-json\/wp\/v2\/pages\/39313\/revisions"}],"predecessor-version":[{"id":40888,"href":"https:\/\/www.accuratereviews.com\/it\/wp-json\/wp\/v2\/pages\/39313\/revisions\/40888"}],"up":[{"embeddable":true,"href":"https:\/\/www.accuratereviews.com\/it\/wp-json\/wp\/v2\/pages\/38766"}],"wp:featuredmedia":[{"embeddable":true,"href":"https:\/\/www.accuratereviews.com\/it\/wp-json\/wp\/v2\/media\/39315"}],"wp:attachment":[{"href":"https:\/\/www.accuratereviews.com\/it\/wp-json\/wp\/v2\/media?parent=39313"}],"wp:term":[{"taxonomy":"category","embeddable":true,"href":"https:\/\/www.accuratereviews.com\/it\/wp-json\/wp\/v2\/categories?post=39313"},{"taxonomy":"post_tag","embeddable":true,"href":"https:\/\/www.accuratereviews.com\/it\/wp-json\/wp\/v2\/tags?post=39313"},{"taxonomy":"features","embeddable":true,"href":"https:\/\/www.accuratereviews.com\/it\/wp-json\/wp\/v2\/features?post=39313"}],"curies":[{"name":"wp","href":"https:\/\/api.w.org\/{rel}","templated":true}]}}