{"id":39325,"date":"2021-03-30T15:56:29","date_gmt":"2021-03-30T15:56:29","guid":{"rendered":"https:\/\/www.accuratereviews.com\/?page_id=39325"},"modified":"2021-04-23T12:59:53","modified_gmt":"2021-04-23T12:59:53","slug":"mercury-recensione","status":"publish","type":"page","link":"https:\/\/www.accuratereviews.com\/it\/software-universita\/mercury-recensione\/","title":{"rendered":"Mercury"},"content":{"rendered":"<p><strong>Mercury<\/strong> \u00e8 una <strong>piattaforma online<\/strong> sviluppata per supportare il personale addetto agli alloggi di istituti scolastici, campus e universit\u00e0 nell&#8217;amministrazione automatizzando tutte le attivit\u00e0 che normalmente richiedono tempo ed energie. Si tratta di un <strong>software per universit\u00e0<\/strong> che offre una dashboard intuitiva in cui il tuo team potr\u00e0 gestire le richieste per l&#8217;alloggio, i contratti, le firme elettroniche, i pagamenti online, l&#8217;assegnazione autonoma degli studenti, il sistema reportistico e molto altro ancora. Una caratteristica che ti piacer\u00e0 moltissimo \u00e8 la sua personalizzazione, che rende tutto molto pi\u00f9 semplice per soddisfare le proprie esigenze. \u00c8 inoltre disponibile per i dispositivi mobile.<\/p>\n<p>&nbsp;<\/p>\n<p><a href=\"https:\/\/www.accuratereviews.com\/wp-content\/uploads\/2021\/03\/mercury_orig.png\"><img loading=\"lazy\" decoding=\"async\" class=\"aligncenter wp-image-39331 size-full\" src=\"https:\/\/www.accuratereviews.com\/wp-content\/uploads\/2021\/03\/mercury_orig.png\" alt=\"\" width=\"678\" height=\"341\" srcset=\"https:\/\/www.accuratereviews.com\/wp-content\/uploads\/2021\/03\/mercury_orig.png 678w, https:\/\/www.accuratereviews.com\/wp-content\/uploads\/2021\/03\/mercury_orig-300x151.png 300w, https:\/\/www.accuratereviews.com\/wp-content\/uploads\/2021\/03\/mercury_orig-249x125.png 249w, https:\/\/www.accuratereviews.com\/wp-content\/uploads\/2021\/03\/mercury_orig-50x25.png 50w, https:\/\/www.accuratereviews.com\/wp-content\/uploads\/2021\/03\/mercury_orig-636x320.png 636w, https:\/\/www.accuratereviews.com\/wp-content\/uploads\/2021\/03\/mercury_orig-320x161.png 320w, https:\/\/www.accuratereviews.com\/wp-content\/uploads\/2021\/03\/mercury_orig-239x120.png 239w\" sizes=\"auto, (max-width: 678px) 100vw, 678px\" \/><\/a><\/p>\n<h3>MERCURY &#8211; CARATTERISTICHE<\/h3>\n<ul>\n<li>Implementazione su misura per i tuoi processi aziendali e le tue esigenze specifiche<\/li>\n<li>Brand personalizzato sia per gli studenti che per il personale<\/li>\n<li>Strumenti di progettazione drag and drop per una facile gestione degli utenti finali<\/li>\n<li>Processi online illimitati per gli studenti, progettati da te<\/li>\n<li>Menu e schermate personalizzabili senza fine per tutte le esigenze del personale<\/li>\n<li>Integrazione con le informazioni degli studenti, la finanza, il gateway di pagamento e i sistemi di gestione degli accessi<\/li>\n<li>Completamente basato sul web e ottimizzato per i dispositivi mobili su tutti i browser pi\u00f9 diffusi<\/li>\n<li>Opzioni di comunicazione automatica tramite email e\/o sms, inclusi caricamenti di documenti e immagini<\/li>\n<li>Licenza utente illimitata<\/li>\n<li>Strumenti del personale per gestire efficacemente la tua organizzazione Residence Life and Housing come assegnazione automatica, report drag and drop, cambio di camera, gestione di programmi e problemi, contratti, gestione dei profili, fatturazione dei danni e molto altro ancora.<\/li>\n<\/ul>\n<h4>LE RECENSIONI DEGLI UTENTI<\/h4>\n<p><strong>Carson S. &#8220;Recensione dell&#8217;utente Mercury&#8221;<\/strong><br \/>\nCOMMENTI: lavoro personalmente con Mercury da circa 3,5 anni e ho apprezzato molto la mia esperienza con il sistema. Il nostro dipartimento aveva utilizzato solo le funzionalit\u00e0 di base prima che assumessi la posizione e dopo la mia prima visita a RMS World, ho deciso di apportare molte modifiche al sistema per quanto riguarda i processi personalizzati e cercando di utilizzare tutte le funzionalit\u00e0 e gli aspetti del sistema per fare un hub centrale di informazioni per il nostro dipartimento.<br \/>\nPRO: mi piace la possibilit\u00e0 di personalizzare i processi direttamente per il nostro utilizzo. Sia per gli studenti che per il personale. \u00c8 un sistema molto facile da imparare per studenti e personale, ma abbastanza complicato da consentire esattamente ci\u00f2 per cui vogliamo usarlo.<br \/>\nCONTRO: Mercury \u00e8 scritto in SQL per filtri e report avanzati. Per chi non ha familiarit\u00e0 con tale codifica, \u00e8 necessario fare molto affidamento sul team di supporto per capire esattamente quali informazioni si sta cercando di estrarre. Non molti membri del personale hanno alcuna esperienza con SQL.<\/p>\n<p><strong>Corinne M. &#8220;Incredibile team di assistenza clienti&#8221;<\/strong><br \/>\nCOMMENTI: l&#8217;assistenza clienti dall&#8217;implementazione del prodotto e da eventuali aggiornamenti \u00e8 stata fenomenale. Il team di supporto \u00e8 molto rapido nel rispondere a qualsiasi ticket inviato e guider\u00e0 gli utenti passo dopo passo attraverso eventuali problemi e fornir\u00e0 anche una risposta di follow-up per riepilogare il supporto per chiamata\/ticket. Siamo molto soddisfatti di questo prodotto e del personale di Mercury!<br \/>\nPRO: la capacit\u00e0 di creare e personalizzare report e modelli per diversi processi per il nostro dipartimento \u00e8 fantastica! \u00c8 user-friendly e facile da navigare, anche per i nuovi utenti del nostro staff.<br \/>\nCONTRO: ci auguriamo che ci venga data la possibilit\u00e0 di registrare ospiti\/visitatori attraverso questo software invece di dover utilizzare un software diverso solo per la registrazione degli ospiti.<\/p>\n<p><strong>Jessica M. &#8220;Non so cosa farei senza Mercury&#8221;<\/strong><br \/>\nCOMMENTI: il supporto e il personale Mercury sono davvero fantastici e lavoreranno con te per trovare soluzioni se ti imbatti in qualcosa che non puoi risolvere con la personalizzazione. Adoro lavorare con loro!<br \/>\nPRO: super user-friendly e personalizzabile per soddisfare le tue esigenze per diversi utenti: studenti, personale, amministratori. \u00c8 cos\u00ec divertente trovare soluzioni nuove e creative per i blocchi stradali operativi quotidiani.<br \/>\nCONTRO: incoerenze minori in alcune caratteristiche. Pi\u00f9 una spina nel fianco che un punto debole.<\/p>\n","protected":false},"excerpt":{"rendered":"<p>Mercury \u00e8 una piattaforma online sviluppata per supportare il personale addetto agli alloggi di istituti scolastici, campus e universit\u00e0 nell&#8217;amministrazione automatizzando tutte le attivit\u00e0 che normalmente richiedono tempo ed energie. Si tratta di un software per universit\u00e0 che offre una dashboard intuitiva in cui il tuo team potr\u00e0 gestire tutte le richieste.<\/p>\n","protected":false},"author":17,"featured_media":39328,"parent":38766,"menu_order":0,"comment_status":"open","ping_status":"closed","template":"g1_template_page_review_new.php","meta":{"_acf_changed":false,"cwp_meta_box_check":"No","cwp_rev_product_name":"","cwp_rev_product_image":"","wppr_links":[],"cwp_rev_price":"","wppr_options":[],"wppr_pros":[],"wppr_cons":[],"_monsterinsights_skip_tracking":false,"_monsterinsights_sitenote_active":false,"_monsterinsights_sitenote_note":"","_monsterinsights_sitenote_category":0,"footnotes":""},"categories":[5417],"tags":[5465,5447,5522,5420,5422],"features":[],"class_list":{"0":"post-39325","1":"page","2":"type-page","3":"status-publish","4":"has-post-thumbnail","6":"category-software-universita-categoria","7":"tag-gestionale-per-universita","8":"tag-piattaforma-per-universita","9":"tag-piattaforma-universita","10":"tag-software-per-universita","11":"tag-soluzione-per-universita"},"wppr_data":{"cwp_meta_box_check":"No"},"acf":[],"yoast_head":"<!-- This site is optimized with the Yoast SEO plugin v27.4 - https:\/\/yoast.com\/product\/yoast-seo-wordpress\/ -->\n<title>Mercury: recensione software universit\u00e0 - Accurate Reviews<\/title>\n<meta name=\"description\" content=\"Mercury \u00e8 una piattaforma online sviluppata per supportare il personale addetto agli alloggi di istituti scolastici, campus e universit\u00e0.\" \/>\n<meta name=\"robots\" content=\"index, follow, max-snippet:-1, max-image-preview:large, max-video-preview:-1\" \/>\n<link rel=\"canonical\" href=\"https:\/\/www.accuratereviews.com\/it\/software-universita\/mercury-recensione\/\" \/>\n<meta property=\"og:locale\" content=\"it_IT\" \/>\n<meta property=\"og:type\" content=\"article\" \/>\n<meta property=\"og:title\" content=\"Mercury: recensione software universit\u00e0 - Accurate Reviews\" \/>\n<meta property=\"og:description\" content=\"Mercury \u00e8 una piattaforma online sviluppata per supportare il personale addetto agli alloggi di istituti scolastici, campus e universit\u00e0.\" \/>\n<meta property=\"og:url\" content=\"https:\/\/www.accuratereviews.com\/it\/software-universita\/mercury-recensione\/\" \/>\n<meta property=\"og:site_name\" content=\"Accurate Reviews\" \/>\n<meta property=\"article:modified_time\" content=\"2021-04-23T12:59:53+00:00\" \/>\n<meta property=\"og:image\" content=\"https:\/\/www.accuratereviews.com\/wp-content\/uploads\/2021\/03\/Schermata-2021-03-30-alle-16.04.04.png\" \/>\n\t<meta property=\"og:image:width\" content=\"440\" \/>\n\t<meta property=\"og:image:height\" content=\"200\" \/>\n\t<meta property=\"og:image:type\" content=\"image\/png\" \/>\n<meta name=\"twitter:card\" content=\"summary_large_image\" \/>\n<meta name=\"twitter:label1\" content=\"Tempo di lettura stimato\" \/>\n\t<meta name=\"twitter:data1\" content=\"4 minuti\" \/>\n<script type=\"application\/ld+json\" class=\"yoast-schema-graph\">{\"@context\":\"https:\\\/\\\/schema.org\",\"@graph\":[{\"@type\":\"WebPage\",\"@id\":\"https:\\\/\\\/www.accuratereviews.com\\\/it\\\/software-universita\\\/mercury-recensione\\\/\",\"url\":\"https:\\\/\\\/www.accuratereviews.com\\\/it\\\/software-universita\\\/mercury-recensione\\\/\",\"name\":\"Mercury: recensione software universit\u00e0 - Accurate Reviews\",\"isPartOf\":{\"@id\":\"https:\\\/\\\/www.accuratereviews.com\\\/it\\\/#website\"},\"primaryImageOfPage\":{\"@id\":\"https:\\\/\\\/www.accuratereviews.com\\\/it\\\/software-universita\\\/mercury-recensione\\\/#primaryimage\"},\"image\":{\"@id\":\"https:\\\/\\\/www.accuratereviews.com\\\/it\\\/software-universita\\\/mercury-recensione\\\/#primaryimage\"},\"thumbnailUrl\":\"https:\\\/\\\/www.accuratereviews.com\\\/wp-content\\\/uploads\\\/2021\\\/03\\\/Schermata-2021-03-30-alle-16.04.04.png\",\"datePublished\":\"2021-03-30T15:56:29+00:00\",\"dateModified\":\"2021-04-23T12:59:53+00:00\",\"description\":\"Mercury \u00e8 una piattaforma online sviluppata per supportare il personale addetto agli alloggi di istituti scolastici, campus e universit\u00e0.\",\"breadcrumb\":{\"@id\":\"https:\\\/\\\/www.accuratereviews.com\\\/it\\\/software-universita\\\/mercury-recensione\\\/#breadcrumb\"},\"inLanguage\":\"it-IT\",\"potentialAction\":[{\"@type\":\"ReadAction\",\"target\":[\"https:\\\/\\\/www.accuratereviews.com\\\/it\\\/software-universita\\\/mercury-recensione\\\/\"]}]},{\"@type\":\"ImageObject\",\"inLanguage\":\"it-IT\",\"@id\":\"https:\\\/\\\/www.accuratereviews.com\\\/it\\\/software-universita\\\/mercury-recensione\\\/#primaryimage\",\"url\":\"https:\\\/\\\/www.accuratereviews.com\\\/wp-content\\\/uploads\\\/2021\\\/03\\\/Schermata-2021-03-30-alle-16.04.04.png\",\"contentUrl\":\"https:\\\/\\\/www.accuratereviews.com\\\/wp-content\\\/uploads\\\/2021\\\/03\\\/Schermata-2021-03-30-alle-16.04.04.png\",\"width\":440,\"height\":200},{\"@type\":\"BreadcrumbList\",\"@id\":\"https:\\\/\\\/www.accuratereviews.com\\\/it\\\/software-universita\\\/mercury-recensione\\\/#breadcrumb\",\"itemListElement\":[{\"@type\":\"ListItem\",\"position\":1,\"name\":\"Home\",\"item\":\"https:\\\/\\\/www.accuratereviews.com\\\/it\\\/\"},{\"@type\":\"ListItem\",\"position\":2,\"name\":\"Software per universit\u00e0\",\"item\":\"https:\\\/\\\/www.accuratereviews.com\\\/it\\\/software-universita\\\/\"},{\"@type\":\"ListItem\",\"position\":3,\"name\":\"Mercury\"}]},{\"@type\":\"WebSite\",\"@id\":\"https:\\\/\\\/www.accuratereviews.com\\\/it\\\/#website\",\"url\":\"https:\\\/\\\/www.accuratereviews.com\\\/it\\\/\",\"name\":\"Accurate Reviews\",\"description\":\"\",\"potentialAction\":[{\"@type\":\"SearchAction\",\"target\":{\"@type\":\"EntryPoint\",\"urlTemplate\":\"https:\\\/\\\/www.accuratereviews.com\\\/it\\\/?s={search_term_string}\"},\"query-input\":{\"@type\":\"PropertyValueSpecification\",\"valueRequired\":true,\"valueName\":\"search_term_string\"}}],\"inLanguage\":\"it-IT\"}]}<\/script>\n<!-- \/ Yoast SEO plugin. -->","yoast_head_json":{"title":"Mercury: recensione software universit\u00e0 - Accurate Reviews","description":"Mercury \u00e8 una piattaforma online sviluppata per supportare il personale addetto agli alloggi di istituti scolastici, campus e universit\u00e0.","robots":{"index":"index","follow":"follow","max-snippet":"max-snippet:-1","max-image-preview":"max-image-preview:large","max-video-preview":"max-video-preview:-1"},"canonical":"https:\/\/www.accuratereviews.com\/it\/software-universita\/mercury-recensione\/","og_locale":"it_IT","og_type":"article","og_title":"Mercury: recensione software universit\u00e0 - Accurate Reviews","og_description":"Mercury \u00e8 una piattaforma online sviluppata per supportare il personale addetto agli alloggi di istituti scolastici, campus e universit\u00e0.","og_url":"https:\/\/www.accuratereviews.com\/it\/software-universita\/mercury-recensione\/","og_site_name":"Accurate Reviews","article_modified_time":"2021-04-23T12:59:53+00:00","og_image":[{"width":440,"height":200,"url":"https:\/\/www.accuratereviews.com\/wp-content\/uploads\/2021\/03\/Schermata-2021-03-30-alle-16.04.04.png","type":"image\/png"}],"twitter_card":"summary_large_image","twitter_misc":{"Tempo di lettura stimato":"4 minuti"},"schema":{"@context":"https:\/\/schema.org","@graph":[{"@type":"WebPage","@id":"https:\/\/www.accuratereviews.com\/it\/software-universita\/mercury-recensione\/","url":"https:\/\/www.accuratereviews.com\/it\/software-universita\/mercury-recensione\/","name":"Mercury: recensione software universit\u00e0 - Accurate Reviews","isPartOf":{"@id":"https:\/\/www.accuratereviews.com\/it\/#website"},"primaryImageOfPage":{"@id":"https:\/\/www.accuratereviews.com\/it\/software-universita\/mercury-recensione\/#primaryimage"},"image":{"@id":"https:\/\/www.accuratereviews.com\/it\/software-universita\/mercury-recensione\/#primaryimage"},"thumbnailUrl":"https:\/\/www.accuratereviews.com\/wp-content\/uploads\/2021\/03\/Schermata-2021-03-30-alle-16.04.04.png","datePublished":"2021-03-30T15:56:29+00:00","dateModified":"2021-04-23T12:59:53+00:00","description":"Mercury \u00e8 una piattaforma online sviluppata per supportare il personale addetto agli alloggi di istituti scolastici, campus e universit\u00e0.","breadcrumb":{"@id":"https:\/\/www.accuratereviews.com\/it\/software-universita\/mercury-recensione\/#breadcrumb"},"inLanguage":"it-IT","potentialAction":[{"@type":"ReadAction","target":["https:\/\/www.accuratereviews.com\/it\/software-universita\/mercury-recensione\/"]}]},{"@type":"ImageObject","inLanguage":"it-IT","@id":"https:\/\/www.accuratereviews.com\/it\/software-universita\/mercury-recensione\/#primaryimage","url":"https:\/\/www.accuratereviews.com\/wp-content\/uploads\/2021\/03\/Schermata-2021-03-30-alle-16.04.04.png","contentUrl":"https:\/\/www.accuratereviews.com\/wp-content\/uploads\/2021\/03\/Schermata-2021-03-30-alle-16.04.04.png","width":440,"height":200},{"@type":"BreadcrumbList","@id":"https:\/\/www.accuratereviews.com\/it\/software-universita\/mercury-recensione\/#breadcrumb","itemListElement":[{"@type":"ListItem","position":1,"name":"Home","item":"https:\/\/www.accuratereviews.com\/it\/"},{"@type":"ListItem","position":2,"name":"Software per universit\u00e0","item":"https:\/\/www.accuratereviews.com\/it\/software-universita\/"},{"@type":"ListItem","position":3,"name":"Mercury"}]},{"@type":"WebSite","@id":"https:\/\/www.accuratereviews.com\/it\/#website","url":"https:\/\/www.accuratereviews.com\/it\/","name":"Accurate Reviews","description":"","potentialAction":[{"@type":"SearchAction","target":{"@type":"EntryPoint","urlTemplate":"https:\/\/www.accuratereviews.com\/it\/?s={search_term_string}"},"query-input":{"@type":"PropertyValueSpecification","valueRequired":true,"valueName":"search_term_string"}}],"inLanguage":"it-IT"}]}},"_links":{"self":[{"href":"https:\/\/www.accuratereviews.com\/it\/wp-json\/wp\/v2\/pages\/39325","targetHints":{"allow":["GET"]}}],"collection":[{"href":"https:\/\/www.accuratereviews.com\/it\/wp-json\/wp\/v2\/pages"}],"about":[{"href":"https:\/\/www.accuratereviews.com\/it\/wp-json\/wp\/v2\/types\/page"}],"author":[{"embeddable":true,"href":"https:\/\/www.accuratereviews.com\/it\/wp-json\/wp\/v2\/users\/17"}],"replies":[{"embeddable":true,"href":"https:\/\/www.accuratereviews.com\/it\/wp-json\/wp\/v2\/comments?post=39325"}],"version-history":[{"count":4,"href":"https:\/\/www.accuratereviews.com\/it\/wp-json\/wp\/v2\/pages\/39325\/revisions"}],"predecessor-version":[{"id":40889,"href":"https:\/\/www.accuratereviews.com\/it\/wp-json\/wp\/v2\/pages\/39325\/revisions\/40889"}],"up":[{"embeddable":true,"href":"https:\/\/www.accuratereviews.com\/it\/wp-json\/wp\/v2\/pages\/38766"}],"wp:featuredmedia":[{"embeddable":true,"href":"https:\/\/www.accuratereviews.com\/it\/wp-json\/wp\/v2\/media\/39328"}],"wp:attachment":[{"href":"https:\/\/www.accuratereviews.com\/it\/wp-json\/wp\/v2\/media?parent=39325"}],"wp:term":[{"taxonomy":"category","embeddable":true,"href":"https:\/\/www.accuratereviews.com\/it\/wp-json\/wp\/v2\/categories?post=39325"},{"taxonomy":"post_tag","embeddable":true,"href":"https:\/\/www.accuratereviews.com\/it\/wp-json\/wp\/v2\/tags?post=39325"},{"taxonomy":"features","embeddable":true,"href":"https:\/\/www.accuratereviews.com\/it\/wp-json\/wp\/v2\/features?post=39325"}],"curies":[{"name":"wp","href":"https:\/\/api.w.org\/{rel}","templated":true}]}}