{"id":39357,"date":"2021-03-31T11:48:09","date_gmt":"2021-03-31T11:48:09","guid":{"rendered":"https:\/\/www.accuratereviews.com\/?page_id=39357"},"modified":"2021-04-23T13:12:06","modified_gmt":"2021-04-23T13:12:06","slug":"campusanyware-recensione","status":"publish","type":"page","link":"https:\/\/www.accuratereviews.com\/it\/software-universita\/campusanyware-recensione\/","title":{"rendered":"CampusAnyware"},"content":{"rendered":"<p><strong>CampusAnyware<\/strong> \u00e8 un<strong> software per universit\u00e0<\/strong> e istituti scolastici che si impegna ad automatizzare il loro flusso di lavoro e tutta la parte amministrativa. Si tratta di una <strong>soluzione SIS<\/strong> che supporta il personale scolastico nella gestione delle iscrizioni, del reclutamento, delle spese, dei dati e di tutto ci\u00f2 che riguarda gli studenti. L&#8217;obiettivo \u00e8 quello di offrire una piattaforma unica che soddisfi le esigenze di tutti, facendo\u00a0risparmiare tempo ed energie che possono essere investite in altre attivit\u00e0.<\/p>\n<h2><a href=\"https:\/\/www.accuratereviews.com\/wp-content\/uploads\/2021\/03\/e569cb_72a31333200d4303b14d7a79d0573d77mv2.jpg\"><img loading=\"lazy\" decoding=\"async\" class=\"aligncenter wp-image-39363 size-full\" src=\"https:\/\/www.accuratereviews.com\/wp-content\/uploads\/2021\/03\/e569cb_72a31333200d4303b14d7a79d0573d77mv2.jpg\" alt=\"\" width=\"720\" height=\"418\" srcset=\"https:\/\/www.accuratereviews.com\/wp-content\/uploads\/2021\/03\/e569cb_72a31333200d4303b14d7a79d0573d77mv2.jpg 720w, https:\/\/www.accuratereviews.com\/wp-content\/uploads\/2021\/03\/e569cb_72a31333200d4303b14d7a79d0573d77mv2-300x174.jpg 300w, https:\/\/www.accuratereviews.com\/wp-content\/uploads\/2021\/03\/e569cb_72a31333200d4303b14d7a79d0573d77mv2-215x125.jpg 215w, https:\/\/www.accuratereviews.com\/wp-content\/uploads\/2021\/03\/e569cb_72a31333200d4303b14d7a79d0573d77mv2-50x29.jpg 50w, https:\/\/www.accuratereviews.com\/wp-content\/uploads\/2021\/03\/e569cb_72a31333200d4303b14d7a79d0573d77mv2-636x369.jpg 636w, https:\/\/www.accuratereviews.com\/wp-content\/uploads\/2021\/03\/e569cb_72a31333200d4303b14d7a79d0573d77mv2-320x186.jpg 320w, https:\/\/www.accuratereviews.com\/wp-content\/uploads\/2021\/03\/e569cb_72a31333200d4303b14d7a79d0573d77mv2-239x139.jpg 239w\" sizes=\"auto, (max-width: 720px) 100vw, 720px\" \/><\/a><\/h2>\n<p>&nbsp;<\/p>\n<h3>CAMPUSANYWARE &#8211; CARATTERISTICHE<\/h3>\n<p>Di seguito le sue principali caratteristiche:<\/p>\n<ul>\n<li><strong>Moduli standard<\/strong>: il modulo di amministrazione ti consente di monitorare l&#8217;attivit\u00e0 degli utenti; il modulo di reclutamento e ammissioni consolida tutti i tuoi sforzi di iscrizione in un unico luogo efficiente; il modulo del registro degli studenti in cui accedi alle informazioni sul corso e sugli studenti e il modulo di fatturazione dello studente che include tutte le spese e i pagamenti da sostenere<\/li>\n<li><strong>Moduli opzionali<\/strong>: modulo degli aiuti finanziari, della laurea, degli alloggi e della mensa e della sicurezza del campus. Altri due servizi sono: TextAnyware che collega docenti e personale amministrativo agli studenti e DocAnyware che scansiona i documenti e li stampa o li invia via email<\/li>\n<li><strong>CampusAnyware SIS<\/strong>: offre una soluzione SIS robusta, flessibile e conveniente, basata su moduli che consentono di adattarsi alle esigenze specifiche della tua amministrazione<\/li>\n<li><strong>Servizi cloud CampusAnyware<\/strong>: i servizi basati su cloud ti connettono al tuo campus sempre e ovunque. Risparmia tempo, denaro e risorse lasciando l&#8217;hosting a CampusAnyware<\/li>\n<li><strong>Hosting e supporto Moodle<\/strong>: utilizzano servizi di hosting e integrazioni convenienti e personalizzabili per soddisfare tutte le tue esigenze (tecnologia 2i-EDC ospita &#8220;Higher Ed&#8217;s Favorite LMS&#8221;, Moodle!)<\/li>\n<li><strong>Servizi e supporto clienti<\/strong>: affidati al supporto clienti, professionale e sempre disponibile. Non sei solo un altro college, sei un partner e sei parte del team di CampusAnyware.<\/li>\n<\/ul>\n<h4>LE RECENSIONI DEGLI UTENTI<\/h4>\n<p><strong>Kristi R. &#8220;CampusAnyware recensione&#8221;<\/strong><br \/>\nCOMMENTI: stiamo utilizzando le funzionalit\u00e0 di posta elettronica e testo. Sono cos\u00ec emozionato!!! Campus Anyware ora avr\u00e0 tutte le comunicazioni da e verso gli studenti direttamente sul record dello studente!<br \/>\nPRO: mi piace che gli studenti possano fare domanda direttamente dal nostro sito web. Dopo aver creato il proprio account, possono accedere per vedere quali elementi sono necessari per completare l&#8217;avanzamento dell&#8217;applicazione. Mi piace anche che gli studenti possano scrivere un saggio e averlo nel loro registro per una facile revisione.<br \/>\nCONTRO: ho problemi con i report. Inoltre, non mi piace il modo in cui i report vengono esportati in Excel, la formattazione potrebbe essere migliore secondo me<\/p>\n<p><strong>Janette S. &#8220;Sistema informatico per studenti (SIS)&#8221;<\/strong><br \/>\nCOMMENTI: CampusAnyware \u00e8 sempre pronto ad aiutare con i problemi per rendere il prodotto ancora migliore di quanto non sia gi\u00e0. Hanno davvero a cuore il cliente.<br \/>\nPRO: CampusAnyware \u00e8 facile da usare e soddisfa tutte le esigenze dei nostri piccoli college, dalle ammissioni alla laurea.<br \/>\nCONTRO: non ho commenti negativi da fare su questo fantastico software.<\/p>\n<p><strong>Kevin L. &#8220;Prodotto solido&#8221;<\/strong><br \/>\nPRO: impostare corsi e iscrizioni \u00e8 facile per l&#8217;ufficio del registro. La capacit\u00e0 dello studente di accedere agli orari dei corsi, completare la registrazione e visualizzare le trascrizioni \u00e8 facile.<br \/>\nCONTRO: impostare i parametri per le verifiche di laurea \u00e8 complicato e non facile da usare.<\/p>\n","protected":false},"excerpt":{"rendered":"<p>CampusAnyware \u00e8 un software per universit\u00e0 e istituti scolastici che si impegna ad automatizzare il loro flusso di lavoro e tutta la parte amministrativa. Si tratta di una soluzione SIS che supporta il personale scolastico nella gestione delle iscrizioni, del reclutamento, delle spese, dei dati e di tutto ci\u00f2 che riguarda gli studenti.<\/p>\n","protected":false},"author":17,"featured_media":39358,"parent":38766,"menu_order":0,"comment_status":"open","ping_status":"closed","template":"g1_template_page_review_new.php","meta":{"_acf_changed":false,"cwp_meta_box_check":"No","cwp_rev_product_name":"","cwp_rev_product_image":"","wppr_links":[],"cwp_rev_price":"","wppr_options":[],"wppr_pros":[],"wppr_cons":[],"_monsterinsights_skip_tracking":false,"_monsterinsights_sitenote_active":false,"_monsterinsights_sitenote_note":"","_monsterinsights_sitenote_category":0,"footnotes":""},"categories":[5417],"tags":[5465,5423,5522,5446,5471,5476],"features":[],"class_list":{"0":"post-39357","1":"page","2":"type-page","3":"status-publish","4":"has-post-thumbnail","6":"category-software-universita-categoria","7":"tag-gestionale-per-universita","8":"tag-gestionale-universita","9":"tag-piattaforma-universita","10":"tag-programma-per-univerita","11":"tag-software-per-univerista","12":"tag-soluzione-per-univerista"},"wppr_data":{"cwp_meta_box_check":"No"},"acf":[],"yoast_head":"<!-- This site is optimized with the Yoast SEO plugin v27.4 - https:\/\/yoast.com\/product\/yoast-seo-wordpress\/ -->\n<title>CampusAnyware: recensione software universit\u00e0 - Accurate Reviews<\/title>\n<meta name=\"description\" content=\"CampusAnyware \u00e8 un software per universit\u00e0 e istituti scolastici che si impegna ad automatizzare il loro flusso di lavoro.\" \/>\n<meta name=\"robots\" content=\"index, follow, max-snippet:-1, max-image-preview:large, max-video-preview:-1\" \/>\n<link rel=\"canonical\" href=\"https:\/\/www.accuratereviews.com\/it\/software-universita\/campusanyware-recensione\/\" \/>\n<meta property=\"og:locale\" content=\"it_IT\" \/>\n<meta property=\"og:type\" content=\"article\" \/>\n<meta property=\"og:title\" content=\"CampusAnyware: recensione software universit\u00e0 - Accurate Reviews\" \/>\n<meta property=\"og:description\" content=\"CampusAnyware \u00e8 un software per universit\u00e0 e istituti scolastici che si impegna ad automatizzare il loro flusso di lavoro.\" \/>\n<meta property=\"og:url\" content=\"https:\/\/www.accuratereviews.com\/it\/software-universita\/campusanyware-recensione\/\" \/>\n<meta property=\"og:site_name\" content=\"Accurate Reviews\" \/>\n<meta property=\"article:modified_time\" content=\"2021-04-23T13:12:06+00:00\" \/>\n<meta property=\"og:image\" content=\"https:\/\/www.accuratereviews.com\/wp-content\/uploads\/2021\/03\/Schermata-2021-03-31-alle-10.55.56.png\" \/>\n\t<meta property=\"og:image:width\" content=\"604\" \/>\n\t<meta property=\"og:image:height\" content=\"224\" \/>\n\t<meta property=\"og:image:type\" content=\"image\/png\" \/>\n<meta name=\"twitter:card\" content=\"summary_large_image\" \/>\n<meta name=\"twitter:label1\" content=\"Tempo di lettura stimato\" \/>\n\t<meta name=\"twitter:data1\" content=\"3 minuti\" \/>\n<script type=\"application\/ld+json\" class=\"yoast-schema-graph\">{\"@context\":\"https:\\\/\\\/schema.org\",\"@graph\":[{\"@type\":\"WebPage\",\"@id\":\"https:\\\/\\\/www.accuratereviews.com\\\/it\\\/software-universita\\\/campusanyware-recensione\\\/\",\"url\":\"https:\\\/\\\/www.accuratereviews.com\\\/it\\\/software-universita\\\/campusanyware-recensione\\\/\",\"name\":\"CampusAnyware: recensione software universit\u00e0 - Accurate Reviews\",\"isPartOf\":{\"@id\":\"https:\\\/\\\/www.accuratereviews.com\\\/it\\\/#website\"},\"primaryImageOfPage\":{\"@id\":\"https:\\\/\\\/www.accuratereviews.com\\\/it\\\/software-universita\\\/campusanyware-recensione\\\/#primaryimage\"},\"image\":{\"@id\":\"https:\\\/\\\/www.accuratereviews.com\\\/it\\\/software-universita\\\/campusanyware-recensione\\\/#primaryimage\"},\"thumbnailUrl\":\"https:\\\/\\\/www.accuratereviews.com\\\/wp-content\\\/uploads\\\/2021\\\/03\\\/Schermata-2021-03-31-alle-10.55.56.png\",\"datePublished\":\"2021-03-31T11:48:09+00:00\",\"dateModified\":\"2021-04-23T13:12:06+00:00\",\"description\":\"CampusAnyware \u00e8 un software per universit\u00e0 e istituti scolastici che si impegna ad automatizzare il loro flusso di lavoro.\",\"breadcrumb\":{\"@id\":\"https:\\\/\\\/www.accuratereviews.com\\\/it\\\/software-universita\\\/campusanyware-recensione\\\/#breadcrumb\"},\"inLanguage\":\"it-IT\",\"potentialAction\":[{\"@type\":\"ReadAction\",\"target\":[\"https:\\\/\\\/www.accuratereviews.com\\\/it\\\/software-universita\\\/campusanyware-recensione\\\/\"]}]},{\"@type\":\"ImageObject\",\"inLanguage\":\"it-IT\",\"@id\":\"https:\\\/\\\/www.accuratereviews.com\\\/it\\\/software-universita\\\/campusanyware-recensione\\\/#primaryimage\",\"url\":\"https:\\\/\\\/www.accuratereviews.com\\\/wp-content\\\/uploads\\\/2021\\\/03\\\/Schermata-2021-03-31-alle-10.55.56.png\",\"contentUrl\":\"https:\\\/\\\/www.accuratereviews.com\\\/wp-content\\\/uploads\\\/2021\\\/03\\\/Schermata-2021-03-31-alle-10.55.56.png\",\"width\":604,\"height\":224},{\"@type\":\"BreadcrumbList\",\"@id\":\"https:\\\/\\\/www.accuratereviews.com\\\/it\\\/software-universita\\\/campusanyware-recensione\\\/#breadcrumb\",\"itemListElement\":[{\"@type\":\"ListItem\",\"position\":1,\"name\":\"Home\",\"item\":\"https:\\\/\\\/www.accuratereviews.com\\\/it\\\/\"},{\"@type\":\"ListItem\",\"position\":2,\"name\":\"Software per universit\u00e0\",\"item\":\"https:\\\/\\\/www.accuratereviews.com\\\/it\\\/software-universita\\\/\"},{\"@type\":\"ListItem\",\"position\":3,\"name\":\"CampusAnyware\"}]},{\"@type\":\"WebSite\",\"@id\":\"https:\\\/\\\/www.accuratereviews.com\\\/it\\\/#website\",\"url\":\"https:\\\/\\\/www.accuratereviews.com\\\/it\\\/\",\"name\":\"Accurate Reviews\",\"description\":\"\",\"potentialAction\":[{\"@type\":\"SearchAction\",\"target\":{\"@type\":\"EntryPoint\",\"urlTemplate\":\"https:\\\/\\\/www.accuratereviews.com\\\/it\\\/?s={search_term_string}\"},\"query-input\":{\"@type\":\"PropertyValueSpecification\",\"valueRequired\":true,\"valueName\":\"search_term_string\"}}],\"inLanguage\":\"it-IT\"}]}<\/script>\n<!-- \/ Yoast SEO plugin. -->","yoast_head_json":{"title":"CampusAnyware: recensione software universit\u00e0 - Accurate Reviews","description":"CampusAnyware \u00e8 un software per universit\u00e0 e istituti scolastici che si impegna ad automatizzare il loro flusso di lavoro.","robots":{"index":"index","follow":"follow","max-snippet":"max-snippet:-1","max-image-preview":"max-image-preview:large","max-video-preview":"max-video-preview:-1"},"canonical":"https:\/\/www.accuratereviews.com\/it\/software-universita\/campusanyware-recensione\/","og_locale":"it_IT","og_type":"article","og_title":"CampusAnyware: recensione software universit\u00e0 - Accurate Reviews","og_description":"CampusAnyware \u00e8 un software per universit\u00e0 e istituti scolastici che si impegna ad automatizzare il loro flusso di lavoro.","og_url":"https:\/\/www.accuratereviews.com\/it\/software-universita\/campusanyware-recensione\/","og_site_name":"Accurate Reviews","article_modified_time":"2021-04-23T13:12:06+00:00","og_image":[{"width":604,"height":224,"url":"https:\/\/www.accuratereviews.com\/wp-content\/uploads\/2021\/03\/Schermata-2021-03-31-alle-10.55.56.png","type":"image\/png"}],"twitter_card":"summary_large_image","twitter_misc":{"Tempo di lettura stimato":"3 minuti"},"schema":{"@context":"https:\/\/schema.org","@graph":[{"@type":"WebPage","@id":"https:\/\/www.accuratereviews.com\/it\/software-universita\/campusanyware-recensione\/","url":"https:\/\/www.accuratereviews.com\/it\/software-universita\/campusanyware-recensione\/","name":"CampusAnyware: recensione software universit\u00e0 - Accurate Reviews","isPartOf":{"@id":"https:\/\/www.accuratereviews.com\/it\/#website"},"primaryImageOfPage":{"@id":"https:\/\/www.accuratereviews.com\/it\/software-universita\/campusanyware-recensione\/#primaryimage"},"image":{"@id":"https:\/\/www.accuratereviews.com\/it\/software-universita\/campusanyware-recensione\/#primaryimage"},"thumbnailUrl":"https:\/\/www.accuratereviews.com\/wp-content\/uploads\/2021\/03\/Schermata-2021-03-31-alle-10.55.56.png","datePublished":"2021-03-31T11:48:09+00:00","dateModified":"2021-04-23T13:12:06+00:00","description":"CampusAnyware \u00e8 un software per universit\u00e0 e istituti scolastici che si impegna ad automatizzare il loro flusso di lavoro.","breadcrumb":{"@id":"https:\/\/www.accuratereviews.com\/it\/software-universita\/campusanyware-recensione\/#breadcrumb"},"inLanguage":"it-IT","potentialAction":[{"@type":"ReadAction","target":["https:\/\/www.accuratereviews.com\/it\/software-universita\/campusanyware-recensione\/"]}]},{"@type":"ImageObject","inLanguage":"it-IT","@id":"https:\/\/www.accuratereviews.com\/it\/software-universita\/campusanyware-recensione\/#primaryimage","url":"https:\/\/www.accuratereviews.com\/wp-content\/uploads\/2021\/03\/Schermata-2021-03-31-alle-10.55.56.png","contentUrl":"https:\/\/www.accuratereviews.com\/wp-content\/uploads\/2021\/03\/Schermata-2021-03-31-alle-10.55.56.png","width":604,"height":224},{"@type":"BreadcrumbList","@id":"https:\/\/www.accuratereviews.com\/it\/software-universita\/campusanyware-recensione\/#breadcrumb","itemListElement":[{"@type":"ListItem","position":1,"name":"Home","item":"https:\/\/www.accuratereviews.com\/it\/"},{"@type":"ListItem","position":2,"name":"Software per universit\u00e0","item":"https:\/\/www.accuratereviews.com\/it\/software-universita\/"},{"@type":"ListItem","position":3,"name":"CampusAnyware"}]},{"@type":"WebSite","@id":"https:\/\/www.accuratereviews.com\/it\/#website","url":"https:\/\/www.accuratereviews.com\/it\/","name":"Accurate Reviews","description":"","potentialAction":[{"@type":"SearchAction","target":{"@type":"EntryPoint","urlTemplate":"https:\/\/www.accuratereviews.com\/it\/?s={search_term_string}"},"query-input":{"@type":"PropertyValueSpecification","valueRequired":true,"valueName":"search_term_string"}}],"inLanguage":"it-IT"}]}},"_links":{"self":[{"href":"https:\/\/www.accuratereviews.com\/it\/wp-json\/wp\/v2\/pages\/39357","targetHints":{"allow":["GET"]}}],"collection":[{"href":"https:\/\/www.accuratereviews.com\/it\/wp-json\/wp\/v2\/pages"}],"about":[{"href":"https:\/\/www.accuratereviews.com\/it\/wp-json\/wp\/v2\/types\/page"}],"author":[{"embeddable":true,"href":"https:\/\/www.accuratereviews.com\/it\/wp-json\/wp\/v2\/users\/17"}],"replies":[{"embeddable":true,"href":"https:\/\/www.accuratereviews.com\/it\/wp-json\/wp\/v2\/comments?post=39357"}],"version-history":[{"count":5,"href":"https:\/\/www.accuratereviews.com\/it\/wp-json\/wp\/v2\/pages\/39357\/revisions"}],"predecessor-version":[{"id":40902,"href":"https:\/\/www.accuratereviews.com\/it\/wp-json\/wp\/v2\/pages\/39357\/revisions\/40902"}],"up":[{"embeddable":true,"href":"https:\/\/www.accuratereviews.com\/it\/wp-json\/wp\/v2\/pages\/38766"}],"wp:featuredmedia":[{"embeddable":true,"href":"https:\/\/www.accuratereviews.com\/it\/wp-json\/wp\/v2\/media\/39358"}],"wp:attachment":[{"href":"https:\/\/www.accuratereviews.com\/it\/wp-json\/wp\/v2\/media?parent=39357"}],"wp:term":[{"taxonomy":"category","embeddable":true,"href":"https:\/\/www.accuratereviews.com\/it\/wp-json\/wp\/v2\/categories?post=39357"},{"taxonomy":"post_tag","embeddable":true,"href":"https:\/\/www.accuratereviews.com\/it\/wp-json\/wp\/v2\/tags?post=39357"},{"taxonomy":"features","embeddable":true,"href":"https:\/\/www.accuratereviews.com\/it\/wp-json\/wp\/v2\/features?post=39357"}],"curies":[{"name":"wp","href":"https:\/\/api.w.org\/{rel}","templated":true}]}}