{"id":39373,"date":"2021-03-31T11:44:16","date_gmt":"2021-03-31T11:44:16","guid":{"rendered":"https:\/\/www.accuratereviews.com\/?page_id=39373"},"modified":"2021-04-23T12:53:53","modified_gmt":"2021-04-23T12:53:53","slug":"ampeducator-recensione","status":"publish","type":"page","link":"https:\/\/www.accuratereviews.com\/it\/software-universita\/ampeducator-recensione\/","title":{"rendered":"ampEducator"},"content":{"rendered":"<p><strong>ampEducator<\/strong> \u00e8 una <strong>soluzione SIS<\/strong> (sistema informativo per gli studenti) online che vuole automatizzare la gestione amministrativa degli <strong>istituti superiori e delle universit\u00e0<\/strong>. Questo software infatti copre l&#8217;intero ciclo dello studente fornendo al personale scolastico tutti i servizi di cui ha bisogno, come ad esempio la gestione dei dati degli studenti, le ammissioni, la contabilit\u00e0, il calendario, le riunioni e i documenti. Inoltre <strong>ampEducator<\/strong>\u00a0\u00e8 un sistema sicuro che prevede backup settimanali crittografati e trasferiti a un provider di archiviazione alternativo cos\u00ec da essere sicuri che i dati originali non vengano persi.<\/p>\n<p>&nbsp;<\/p>\n<h2><a href=\"https:\/\/www.accuratereviews.com\/wp-content\/uploads\/2021\/03\/screenshot_student.gif\"><img loading=\"lazy\" decoding=\"async\" class=\"size-full wp-image-39377 aligncenter\" src=\"https:\/\/www.accuratereviews.com\/wp-content\/uploads\/2021\/03\/screenshot_student.gif\" alt=\"\" width=\"800\" height=\"435\" \/><\/a><\/h2>\n<h3>AMPEDUCATOR &#8211; CARATTERISTICHE<\/h3>\n<ul>\n<li><strong>Ammissioni<\/strong>: collegamento al sito web per la generazione di lead, incarichi di reclutamento automatico, moduli di domanda online, registrazione e pagamento con analisi<\/li>\n<li><strong>Accademico<\/strong>: gestisci e tieni traccia dei record, dei corsi e dei programmi degli studenti. Prendi la frequenza, inserisci i voti degli studenti, fai audit dei programmi e genera le trascrizioni<\/li>\n<li><strong>Comunicazioni<\/strong>: campagne email, annunci, modelli personalizzabili e analisi. Annunci al personale e agli studenti con notifica email<\/li>\n<li><strong>Contabilit\u00e0<\/strong>: estratti conto automatici generati e inviati tramite posta elettronica, accetta pagamenti online per studenti, traccia i crediti del conto e visualizza analisi finanziarie<\/li>\n<li><strong>Personale<\/strong>: personale amministrativo, docenti, reclutatori, consulenti per studenti e agenti esterni. Tracciamento orario opzionale con scanner di codici a barre<\/li>\n<li><strong>Reporting<\/strong>: cerca, ordina e filtra i dati da visualizzare sullo schermo e\/o esportarli in CSV, PDF o XML. \u00c8 possibile creare rapporti personalizzati riutilizzabili per abbinare quelli esistenti<\/li>\n<li><strong>Produttivit\u00e0<\/strong>: posta elettronica, calendario, agenda e documenti integrati per il personale e la facolt\u00e0. Elementi associati collegati automaticamente ai record degli studenti<\/li>\n<li><strong>Implementazione<\/strong>: configurazione del software ampEducator per la tua istituzione, importazione dei dati e 4 ore di formazione incluse per tutte le nuove istituzioni.<\/li>\n<\/ul>\n<h4>LE RECENSIONI DEGLI UTENTI<\/h4>\n<p><strong>Arjun S. &#8220;ampEducator \u00e8 un sistema informativo per gli studenti basato sul web facile da imparare e da usare.&#8221;<\/strong><br \/>\nPRO: il software \u00e8 facile da usare. Il software \u00e8 molto chiaro ed estremamente facile da usare per amministratori e utenti. Imparo a usare il software molto facilmente.<br \/>\nCONTRO: non \u00e8 disponibile alcuna opzione di registrazione in blocco. Ad esempio, quando si immettono i voti degli studenti, questo deve essere fatto in lotti singoli.<\/p>\n<p><strong>Patrick P. &#8220;Coordinatore, iscrizione studenti&#8221;<\/strong><br \/>\nCOMMENTI: \u00e8 molto conveniente e il team di supporto dell&#8217;amplificatore \u00e8 stato di grande aiuto. Cercano sempre di aiutarci a capire i problemi. Funziona bene con la nostra scuola e sono soddisfatto.<br \/>\nPRO: il team di supporto di Amp \u00e8 molto utile.<\/p>\n<p><strong>Ronnie C. &#8220;Strumento inestimabile per il nostro ufficio&#8221;<\/strong><br \/>\nCOMMENTI: ampEducator fornisce una soluzione facile da usare per la gestione delle informazioni degli studenti. L&#8217;interfaccia sembra essere costantemente aggiornata per espandere le funzionalit\u00e0. Il team CS \u00e8 piuttosto piccolo ma efficiente. ampEducator consente anche funzionalit\u00e0 di personalizzazione che possono essere aggiunte\/integrate nella piattaforma. Non perfetto, ma abbastanza vicino!<br \/>\nPRO: facilit\u00e0 d&#8217;uso, personalizzazione delle funzionalit\u00e0.<br \/>\nCONTRO: gli aggiornamenti dell&#8217;interfaccia sembrano avvenire in modo casuale e senza preavviso. Una notifica degli aggiornamenti recenti sarebbe estremamente utile.<\/p>\n","protected":false},"excerpt":{"rendered":"<p>ampEducator \u00e8 una soluzione SIS (sistema informativo per gli studenti) online che vuole automatizzare la gestione amministrativa degli istituti superiori e delle universit\u00e0. Questo software infatti copre l&#8217;intero ciclo dello studente fornendo al personale scolastico tutti i servizi di cui ha bisogno, come ad esempio la gestione dei dati degli studenti, le ammissioni, la contabilit\u00e0, il calendario, le riunioni e i documenti.<\/p>\n","protected":false},"author":17,"featured_media":39374,"parent":38766,"menu_order":0,"comment_status":"open","ping_status":"closed","template":"g1_template_page_review_new.php","meta":{"_acf_changed":false,"cwp_meta_box_check":"No","cwp_rev_product_name":"","cwp_rev_product_image":"","wppr_links":[],"cwp_rev_price":"","wppr_options":[],"wppr_pros":[],"wppr_cons":[],"_monsterinsights_skip_tracking":false,"_monsterinsights_sitenote_active":false,"_monsterinsights_sitenote_note":"","_monsterinsights_sitenote_category":0,"footnotes":""},"categories":[5417],"tags":[5465,5447,5421,5420,5422],"features":[],"class_list":{"0":"post-39373","1":"page","2":"type-page","3":"status-publish","4":"has-post-thumbnail","6":"category-software-universita-categoria","7":"tag-gestionale-per-universita","8":"tag-piattaforma-per-universita","9":"tag-programma-per-universita","10":"tag-software-per-universita","11":"tag-soluzione-per-universita"},"wppr_data":{"cwp_meta_box_check":"No"},"acf":[],"yoast_head":"<!-- This site is optimized with the Yoast SEO plugin v27.4 - https:\/\/yoast.com\/product\/yoast-seo-wordpress\/ -->\n<title>ampEducator: recensione software universit\u00e0 - Accurate Reviews<\/title>\n<meta name=\"description\" content=\"ampEducator \u00e8 una soluzione SIS online che vuole automatizzare la gestione amministrativa degli istituti superiori e delle universit\u00e0.\" \/>\n<meta name=\"robots\" content=\"index, follow, max-snippet:-1, max-image-preview:large, max-video-preview:-1\" \/>\n<link rel=\"canonical\" href=\"https:\/\/www.accuratereviews.com\/it\/software-universita\/ampeducator-recensione\/\" \/>\n<meta property=\"og:locale\" content=\"it_IT\" \/>\n<meta property=\"og:type\" content=\"article\" \/>\n<meta property=\"og:title\" content=\"ampEducator: recensione software universit\u00e0 - Accurate Reviews\" \/>\n<meta property=\"og:description\" content=\"ampEducator \u00e8 una soluzione SIS online che vuole automatizzare la gestione amministrativa degli istituti superiori e delle universit\u00e0.\" \/>\n<meta property=\"og:url\" content=\"https:\/\/www.accuratereviews.com\/it\/software-universita\/ampeducator-recensione\/\" \/>\n<meta property=\"og:site_name\" content=\"Accurate Reviews\" \/>\n<meta property=\"article:modified_time\" content=\"2021-04-23T12:53:53+00:00\" \/>\n<meta property=\"og:image\" content=\"https:\/\/www.accuratereviews.com\/wp-content\/uploads\/2021\/03\/Schermata-2021-03-31-alle-12.22.29.png\" \/>\n\t<meta property=\"og:image:width\" content=\"795\" \/>\n\t<meta property=\"og:image:height\" content=\"200\" \/>\n\t<meta property=\"og:image:type\" content=\"image\/png\" \/>\n<meta name=\"twitter:card\" content=\"summary_large_image\" \/>\n<meta name=\"twitter:label1\" content=\"Tempo di lettura stimato\" \/>\n\t<meta name=\"twitter:data1\" content=\"3 minuti\" \/>\n<script type=\"application\/ld+json\" class=\"yoast-schema-graph\">{\"@context\":\"https:\\\/\\\/schema.org\",\"@graph\":[{\"@type\":\"WebPage\",\"@id\":\"https:\\\/\\\/www.accuratereviews.com\\\/it\\\/software-universita\\\/ampeducator-recensione\\\/\",\"url\":\"https:\\\/\\\/www.accuratereviews.com\\\/it\\\/software-universita\\\/ampeducator-recensione\\\/\",\"name\":\"ampEducator: recensione software universit\u00e0 - Accurate Reviews\",\"isPartOf\":{\"@id\":\"https:\\\/\\\/www.accuratereviews.com\\\/it\\\/#website\"},\"primaryImageOfPage\":{\"@id\":\"https:\\\/\\\/www.accuratereviews.com\\\/it\\\/software-universita\\\/ampeducator-recensione\\\/#primaryimage\"},\"image\":{\"@id\":\"https:\\\/\\\/www.accuratereviews.com\\\/it\\\/software-universita\\\/ampeducator-recensione\\\/#primaryimage\"},\"thumbnailUrl\":\"https:\\\/\\\/www.accuratereviews.com\\\/wp-content\\\/uploads\\\/2021\\\/03\\\/Schermata-2021-03-31-alle-12.22.29.png\",\"datePublished\":\"2021-03-31T11:44:16+00:00\",\"dateModified\":\"2021-04-23T12:53:53+00:00\",\"description\":\"ampEducator \u00e8 una soluzione SIS online che vuole automatizzare la gestione amministrativa degli istituti superiori e delle universit\u00e0.\",\"breadcrumb\":{\"@id\":\"https:\\\/\\\/www.accuratereviews.com\\\/it\\\/software-universita\\\/ampeducator-recensione\\\/#breadcrumb\"},\"inLanguage\":\"it-IT\",\"potentialAction\":[{\"@type\":\"ReadAction\",\"target\":[\"https:\\\/\\\/www.accuratereviews.com\\\/it\\\/software-universita\\\/ampeducator-recensione\\\/\"]}]},{\"@type\":\"ImageObject\",\"inLanguage\":\"it-IT\",\"@id\":\"https:\\\/\\\/www.accuratereviews.com\\\/it\\\/software-universita\\\/ampeducator-recensione\\\/#primaryimage\",\"url\":\"https:\\\/\\\/www.accuratereviews.com\\\/wp-content\\\/uploads\\\/2021\\\/03\\\/Schermata-2021-03-31-alle-12.22.29.png\",\"contentUrl\":\"https:\\\/\\\/www.accuratereviews.com\\\/wp-content\\\/uploads\\\/2021\\\/03\\\/Schermata-2021-03-31-alle-12.22.29.png\",\"width\":795,\"height\":200},{\"@type\":\"BreadcrumbList\",\"@id\":\"https:\\\/\\\/www.accuratereviews.com\\\/it\\\/software-universita\\\/ampeducator-recensione\\\/#breadcrumb\",\"itemListElement\":[{\"@type\":\"ListItem\",\"position\":1,\"name\":\"Home\",\"item\":\"https:\\\/\\\/www.accuratereviews.com\\\/it\\\/\"},{\"@type\":\"ListItem\",\"position\":2,\"name\":\"Software per universit\u00e0\",\"item\":\"https:\\\/\\\/www.accuratereviews.com\\\/it\\\/software-universita\\\/\"},{\"@type\":\"ListItem\",\"position\":3,\"name\":\"ampEducator\"}]},{\"@type\":\"WebSite\",\"@id\":\"https:\\\/\\\/www.accuratereviews.com\\\/it\\\/#website\",\"url\":\"https:\\\/\\\/www.accuratereviews.com\\\/it\\\/\",\"name\":\"Accurate Reviews\",\"description\":\"\",\"potentialAction\":[{\"@type\":\"SearchAction\",\"target\":{\"@type\":\"EntryPoint\",\"urlTemplate\":\"https:\\\/\\\/www.accuratereviews.com\\\/it\\\/?s={search_term_string}\"},\"query-input\":{\"@type\":\"PropertyValueSpecification\",\"valueRequired\":true,\"valueName\":\"search_term_string\"}}],\"inLanguage\":\"it-IT\"}]}<\/script>\n<!-- \/ Yoast SEO plugin. -->","yoast_head_json":{"title":"ampEducator: recensione software universit\u00e0 - Accurate Reviews","description":"ampEducator \u00e8 una soluzione SIS online che vuole automatizzare la gestione amministrativa degli istituti superiori e delle universit\u00e0.","robots":{"index":"index","follow":"follow","max-snippet":"max-snippet:-1","max-image-preview":"max-image-preview:large","max-video-preview":"max-video-preview:-1"},"canonical":"https:\/\/www.accuratereviews.com\/it\/software-universita\/ampeducator-recensione\/","og_locale":"it_IT","og_type":"article","og_title":"ampEducator: recensione software universit\u00e0 - Accurate Reviews","og_description":"ampEducator \u00e8 una soluzione SIS online che vuole automatizzare la gestione amministrativa degli istituti superiori e delle universit\u00e0.","og_url":"https:\/\/www.accuratereviews.com\/it\/software-universita\/ampeducator-recensione\/","og_site_name":"Accurate Reviews","article_modified_time":"2021-04-23T12:53:53+00:00","og_image":[{"width":795,"height":200,"url":"https:\/\/www.accuratereviews.com\/wp-content\/uploads\/2021\/03\/Schermata-2021-03-31-alle-12.22.29.png","type":"image\/png"}],"twitter_card":"summary_large_image","twitter_misc":{"Tempo di lettura stimato":"3 minuti"},"schema":{"@context":"https:\/\/schema.org","@graph":[{"@type":"WebPage","@id":"https:\/\/www.accuratereviews.com\/it\/software-universita\/ampeducator-recensione\/","url":"https:\/\/www.accuratereviews.com\/it\/software-universita\/ampeducator-recensione\/","name":"ampEducator: recensione software universit\u00e0 - Accurate Reviews","isPartOf":{"@id":"https:\/\/www.accuratereviews.com\/it\/#website"},"primaryImageOfPage":{"@id":"https:\/\/www.accuratereviews.com\/it\/software-universita\/ampeducator-recensione\/#primaryimage"},"image":{"@id":"https:\/\/www.accuratereviews.com\/it\/software-universita\/ampeducator-recensione\/#primaryimage"},"thumbnailUrl":"https:\/\/www.accuratereviews.com\/wp-content\/uploads\/2021\/03\/Schermata-2021-03-31-alle-12.22.29.png","datePublished":"2021-03-31T11:44:16+00:00","dateModified":"2021-04-23T12:53:53+00:00","description":"ampEducator \u00e8 una soluzione SIS online che vuole automatizzare la gestione amministrativa degli istituti superiori e delle universit\u00e0.","breadcrumb":{"@id":"https:\/\/www.accuratereviews.com\/it\/software-universita\/ampeducator-recensione\/#breadcrumb"},"inLanguage":"it-IT","potentialAction":[{"@type":"ReadAction","target":["https:\/\/www.accuratereviews.com\/it\/software-universita\/ampeducator-recensione\/"]}]},{"@type":"ImageObject","inLanguage":"it-IT","@id":"https:\/\/www.accuratereviews.com\/it\/software-universita\/ampeducator-recensione\/#primaryimage","url":"https:\/\/www.accuratereviews.com\/wp-content\/uploads\/2021\/03\/Schermata-2021-03-31-alle-12.22.29.png","contentUrl":"https:\/\/www.accuratereviews.com\/wp-content\/uploads\/2021\/03\/Schermata-2021-03-31-alle-12.22.29.png","width":795,"height":200},{"@type":"BreadcrumbList","@id":"https:\/\/www.accuratereviews.com\/it\/software-universita\/ampeducator-recensione\/#breadcrumb","itemListElement":[{"@type":"ListItem","position":1,"name":"Home","item":"https:\/\/www.accuratereviews.com\/it\/"},{"@type":"ListItem","position":2,"name":"Software per universit\u00e0","item":"https:\/\/www.accuratereviews.com\/it\/software-universita\/"},{"@type":"ListItem","position":3,"name":"ampEducator"}]},{"@type":"WebSite","@id":"https:\/\/www.accuratereviews.com\/it\/#website","url":"https:\/\/www.accuratereviews.com\/it\/","name":"Accurate Reviews","description":"","potentialAction":[{"@type":"SearchAction","target":{"@type":"EntryPoint","urlTemplate":"https:\/\/www.accuratereviews.com\/it\/?s={search_term_string}"},"query-input":{"@type":"PropertyValueSpecification","valueRequired":true,"valueName":"search_term_string"}}],"inLanguage":"it-IT"}]}},"_links":{"self":[{"href":"https:\/\/www.accuratereviews.com\/it\/wp-json\/wp\/v2\/pages\/39373","targetHints":{"allow":["GET"]}}],"collection":[{"href":"https:\/\/www.accuratereviews.com\/it\/wp-json\/wp\/v2\/pages"}],"about":[{"href":"https:\/\/www.accuratereviews.com\/it\/wp-json\/wp\/v2\/types\/page"}],"author":[{"embeddable":true,"href":"https:\/\/www.accuratereviews.com\/it\/wp-json\/wp\/v2\/users\/17"}],"replies":[{"embeddable":true,"href":"https:\/\/www.accuratereviews.com\/it\/wp-json\/wp\/v2\/comments?post=39373"}],"version-history":[{"count":6,"href":"https:\/\/www.accuratereviews.com\/it\/wp-json\/wp\/v2\/pages\/39373\/revisions"}],"predecessor-version":[{"id":40883,"href":"https:\/\/www.accuratereviews.com\/it\/wp-json\/wp\/v2\/pages\/39373\/revisions\/40883"}],"up":[{"embeddable":true,"href":"https:\/\/www.accuratereviews.com\/it\/wp-json\/wp\/v2\/pages\/38766"}],"wp:featuredmedia":[{"embeddable":true,"href":"https:\/\/www.accuratereviews.com\/it\/wp-json\/wp\/v2\/media\/39374"}],"wp:attachment":[{"href":"https:\/\/www.accuratereviews.com\/it\/wp-json\/wp\/v2\/media?parent=39373"}],"wp:term":[{"taxonomy":"category","embeddable":true,"href":"https:\/\/www.accuratereviews.com\/it\/wp-json\/wp\/v2\/categories?post=39373"},{"taxonomy":"post_tag","embeddable":true,"href":"https:\/\/www.accuratereviews.com\/it\/wp-json\/wp\/v2\/tags?post=39373"},{"taxonomy":"features","embeddable":true,"href":"https:\/\/www.accuratereviews.com\/it\/wp-json\/wp\/v2\/features?post=39373"}],"curies":[{"name":"wp","href":"https:\/\/api.w.org\/{rel}","templated":true}]}}