{"id":39410,"date":"2021-04-01T11:46:18","date_gmt":"2021-04-01T11:46:18","guid":{"rendered":"https:\/\/www.accuratereviews.com\/?page_id=39410"},"modified":"2021-04-23T12:40:42","modified_gmt":"2021-04-23T12:40:42","slug":"peoplegrove-recensione","status":"publish","type":"page","link":"https:\/\/www.accuratereviews.com\/it\/software-universita\/peoplegrove-recensione\/","title":{"rendered":"PeopleGrove"},"content":{"rendered":"<p><strong>PeopleGrove<\/strong> \u00e8 un<strong> software di tutoraggio<\/strong> progettato per aiutare le organizzazioni, le universit\u00e0, le scuole di giurisprudenza senza scopo di lucro e istituti religiosi per collegare studenti, alunni e tutor su un&#8217;unica piattaforma. Gli amministratori possono creare comunit\u00e0 per condividere opportunit\u00e0 di lavoro, gestire i referral e comunicare con gli studenti per aiutarli a raggiungere gli obiettivi di carriera. La piattaforma consente ai manager di promuovere eventi, inviare promemoria email automatici, gestire i processi di registrazione e generare report per ottenere informazioni sui dati di partecipazione. <strong>PeopleGrove<\/strong> consente ai team di compilare i dettagli relativi al progetto utilizzando modelli incorporati, condividere articoli, prenotare riunioni con i mentori e comunicare attraverso forum di discussione. Le aziende possono anche creare percorsi e assegnare automaticamente badge agli studenti sullo svolgimento delle attivit\u00e0.<\/p>\n<h2>PEOPLEGROVE &#8211; TUTORIAL<\/h2>\n<p>Il tutorial ti illustra come registrarsi da studente:<\/p>\n<div id=\"fluid-wrapper-counter-1\" class=\"g1-fluid-wrapper \" style=\"width:686px;\">\n<div style=\"padding-bottom:56.268221574344%;\"><iframe loading=\"lazy\" title=\"PeopleGrove. STUDENT PLATFORM\" width=\"515\" height=\"386\" src=\"https:\/\/www.youtube.com\/embed\/yeV2m9JJKEM?feature=oembed&amp;wmode=transparent&amp;autohide=1&amp;autoplay=0&amp;disablekb=0&amp;fs=1&amp;loop=0&amp;enablejsapi=1&amp;rel=0&amp;controls=2&amp;showinfo=0&amp;wmode=transparent&amp;autohide=2&amp;autoplay=0&amp;disablekb=0&amp;fs=1&amp;loop=0&amp;enablejsapi=1&amp;rel=0&amp;controls=2&amp;showinfo=1\" frameborder=\"0\" allow=\"accelerometer; autoplay; clipboard-write; encrypted-media; gyroscope; picture-in-picture\" allowfullscreen><\/iframe><\/div>\n<\/div>\n<h3>PEOPLEGROVE &#8211; CARATTERISTICHE<\/h3>\n<ul>\n<li><strong>Connessioni<\/strong>: conversazioni individuali sempre e ovunque<\/li>\n<li><strong>Mentore<\/strong>: facile accesso a sessioni video o telefoniche per ispirare la prossima generazione di laureati<\/li>\n<li><strong>Referral di lavoro<\/strong>: sfrutta il potere della rete degli alunni e scatena i referral di lavoro<\/li>\n<li><strong>App GroveConnect<\/strong>: potenti integrazioni tra cui Blackbaud, Salesforce, ZOOM e altro ancora<\/li>\n<li><strong>Gruppi e Alunni<\/strong>: dai potere ai volontari e coinvolgi gli alunni su larga scala con risorse su misura<\/li>\n<li><strong>Alunni e affari<\/strong>: scatena la potenza della tua rete e supporta le attivit\u00e0 degli ex-alunni<\/li>\n<li><strong>Sondaggi:<\/strong> raccogli informazioni e soddisfa le esigenze dei tuoi alunni in un&#8217;unica piattaforma<\/li>\n<li><strong>Appartenenza<\/strong>: elimina le complessit\u00e0 inutili accetta pagamenti (basato su Stripe)<\/li>\n<li><strong>Virtuale e di persona<\/strong>: strumenti potenti per eseguire eventi, dall&#8217;emissione dei biglietti al monitoraggio delle presenze<\/li>\n<\/ul>\n<h4>LE RECENSIONI DEGLI UTENTI<\/h4>\n<p class=\"font-weight-bold mb-1 d-flex align-items-center\"><strong>Katie P.&#8221;Migliora le tue offerte alunni con PeopleGrove!&#8221;<\/strong><\/p>\n<p><strong>Commenti: <\/strong>Il servizio clienti di PeopleGrove \u00e8 di prim&#8217;ordine e danno risposte entro 24 ore. Le risposte alle domande sono specifiche e vengono citati esempi per ulteriore contesto e comprensione. PeopleGrove continua a sviluppare funzionalit\u00e0 innovative per migliorare la piattaforma, per includere aggiornamenti estetici e miglioramenti tecnici. La nostra scelta di passare a PeopleGrove ha notevolmente migliorato il nostro dipartimento, fornendo un servizio migliore alla nostra rete di alumni in crescita.<\/p>\n<p><strong>Pro: <\/strong>La funzionalit\u00e0 dei dati e dei rapporti \u00e8 robusta e facile da usare! Con facilit\u00e0, gli amministratori possono gestire gli account utente per includere l&#8217;unione di account duplicati, l&#8217;aggiunta di nuove informazioni e l&#8217;importazione di record.<\/p>\n<p><strong>Contro: <\/strong>A volte, lo strumento di posta elettronica va in blocco e si rallenta quando vengono inviate a oltre 25.000 utenti.<\/p>\n<h5 class=\"font-weight-bold mb-1 d-flex align-items-center\">Eleanor C.&#8221;PeopleGrove: Networking e Community&#8221;<\/h5>\n<p><strong>Commenti: <\/strong>PeopleGrove ha un servizio clienti fenomenale. Sembra che ogni volta che ho bisogno di qualcosa, qualcuno ti risponda in pochi secondi con soluzioni reali. Sono stati ottimi partner nell&#8217;ascoltare le nostre idee e preoccupazioni e nel lavorare rapidamente per apportare modifiche.<\/p>\n<p><strong>Pro: <\/strong>La parte migliore di PeopleGrove \u00e8 che \u00e8 completo. Ci ha permesso di prendere pi\u00f9 funzionalit\u00e0 e semplificarle in un unico sistema. Ora abbiamo la nostra directory alunni, networking, job board e mentoring che si abbinano in un unico posto piuttosto che gestire pi\u00f9 sistemi ad hoc.<\/p>\n<p><strong>Contro: <\/strong>Penso che con tutti i nuovi sistemi possa essere difficile convincere gli alumni a iscriversi e prendere l&#8217;abitudine di usarli. Ci vuole sempre molto pi\u00f9 tempo di quanto ognuno di noi preveda. Abbiamo trovato il processo di registrazione un po&#8217; lungo, ma abbiamo collaborato con PeopleGrove per semplificarlo.<\/p>\n<p class=\"font-weight-bold mb-1 d-flex align-items-center\"><strong>Nicole K.&#8221;PeopleGrove \u00e8 uno strumento utile per studenti, ex studenti, docenti e personale&#8221;<\/strong><\/p>\n<p><strong>Commenti: <\/strong>Nel complesso la mia esperienza con PeopleGrove \u00e8 stata molto positiva. \u00c8 un&#8217;ottima piattaforma, il servizio clienti \u00e8 di prim&#8217;ordine e il team di PG \u00e8 composto da pensatori innovativi che possono aiutare i loro clienti a risolvere i problemi.<\/p>\n<p><strong>Pro: <\/strong>PeopleGrove \u00e8 una piattaforma straordinaria. Consente agli utenti di connettersi e fare rete, rivedere le risorse, seguire percorsi di apprendimento per acquisire competenze \/ conoscenze e candidarsi a lavori o partecipare a eventi. \u00c8 un luogo in cui studenti ed ex studenti possono riunirsi per attingere alle loro risorse pi\u00f9 grandi: l&#8217;un l&#8217;altro. Utilizzando PG, stiamo lavorando al nostro obiettivo di aiutare gli studenti e gli alumni a creare opportunit\u00e0 consentendo loro di utilizzare la loro rete scolastica. Il team di PG ospita sempre workshop, webinar, corsi di formazione e incontri (di persona e virtualmente) in modo che i loro clienti possano imparare, crescere e sviluppare la loro piattaforma insieme!<\/p>\n<p><strong>Contro: <\/strong>A volte pu\u00f2 essere difficile trovare i dati specifici che sto cercando.<\/p>\n<p>&nbsp;<\/p>\n","protected":false},"excerpt":{"rendered":"<p>PeopleGrove \u00e8 un software di tutoraggio\u00a0progettato per aiutare le organizzazioni, le universit\u00e0 e le scuole di giurisprudenza senza scopo di lucro e religiose a collegare studenti, alunni e tutor su una unica interfaccia. Gli amministratori possono creare comunit\u00e0 per condividere opportunit\u00e0 di lavoro, gestire i referral e comunicare con gli studenti per aiutarli a raggiungere gli obiettivi di carriera.\u00a0<\/p>\n","protected":false},"author":16,"featured_media":39420,"parent":38766,"menu_order":0,"comment_status":"open","ping_status":"closed","template":"g1_template_page_review_new.php","meta":{"_acf_changed":false,"cwp_meta_box_check":"Yes","cwp_rev_product_name":"","cwp_rev_product_image":"","wppr_links":[],"cwp_rev_price":"","wppr_options":[],"wppr_pros":[],"wppr_cons":[],"_monsterinsights_skip_tracking":false,"_monsterinsights_sitenote_active":false,"_monsterinsights_sitenote_note":"","_monsterinsights_sitenote_category":0,"footnotes":""},"categories":[5417],"tags":[5537,5447,5536,5420,5422],"features":[],"class_list":{"0":"post-39410","1":"page","2":"type-page","3":"status-publish","4":"has-post-thumbnail","6":"category-software-universita-categoria","7":"tag-peoplegrove","8":"tag-piattaforma-per-universita","9":"tag-programmi-per-universita","10":"tag-software-per-universita","11":"tag-soluzione-per-universita"},"wppr_data":{"cwp_meta_box_check":"Yes","cwp_rev_product_name":"","cwp_rev_product_image":"","cwp_image_link":"image","cwp_rev_price":"","wppr_rating":"0.00"},"acf":[],"yoast_head":"<!-- This site is optimized with the Yoast SEO plugin v27.4 - https:\/\/yoast.com\/product\/yoast-seo-wordpress\/ -->\n<title>PeopleGrove: recensione software per universit\u00e0 - Accurate Reviews<\/title>\n<meta name=\"description\" content=\"PeopleGrove: recensione software di tutoraggio\u00a0progettato per aiutare le organizzazioni, le universit\u00e0 e le scuole di giurisprudenza.\" \/>\n<meta name=\"robots\" content=\"index, follow, max-snippet:-1, max-image-preview:large, max-video-preview:-1\" \/>\n<link rel=\"canonical\" href=\"https:\/\/www.accuratereviews.com\/it\/software-universita\/peoplegrove-recensione\/\" \/>\n<meta property=\"og:locale\" content=\"it_IT\" \/>\n<meta property=\"og:type\" content=\"article\" \/>\n<meta property=\"og:title\" content=\"PeopleGrove: recensione software per universit\u00e0 - Accurate Reviews\" \/>\n<meta property=\"og:description\" content=\"PeopleGrove: recensione software di tutoraggio\u00a0progettato per aiutare le organizzazioni, le universit\u00e0 e le scuole di giurisprudenza.\" \/>\n<meta property=\"og:url\" content=\"https:\/\/www.accuratereviews.com\/it\/software-universita\/peoplegrove-recensione\/\" \/>\n<meta property=\"og:site_name\" content=\"Accurate Reviews\" \/>\n<meta property=\"article:modified_time\" content=\"2021-04-23T12:40:42+00:00\" \/>\n<meta property=\"og:image\" content=\"https:\/\/www.accuratereviews.com\/wp-content\/uploads\/2021\/04\/peoplegrove-logo-vector.png\" \/>\n\t<meta property=\"og:image:width\" content=\"900\" \/>\n\t<meta property=\"og:image:height\" content=\"500\" \/>\n\t<meta property=\"og:image:type\" content=\"image\/png\" \/>\n<meta name=\"twitter:card\" content=\"summary_large_image\" \/>\n<meta name=\"twitter:label1\" content=\"Tempo di lettura stimato\" \/>\n\t<meta name=\"twitter:data1\" content=\"4 minuti\" \/>\n<script type=\"application\/ld+json\" class=\"yoast-schema-graph\">{\"@context\":\"https:\\\/\\\/schema.org\",\"@graph\":[{\"@type\":\"WebPage\",\"@id\":\"https:\\\/\\\/www.accuratereviews.com\\\/it\\\/software-universita\\\/peoplegrove-recensione\\\/\",\"url\":\"https:\\\/\\\/www.accuratereviews.com\\\/it\\\/software-universita\\\/peoplegrove-recensione\\\/\",\"name\":\"PeopleGrove: recensione software per universit\u00e0 - Accurate Reviews\",\"isPartOf\":{\"@id\":\"https:\\\/\\\/www.accuratereviews.com\\\/it\\\/#website\"},\"primaryImageOfPage\":{\"@id\":\"https:\\\/\\\/www.accuratereviews.com\\\/it\\\/software-universita\\\/peoplegrove-recensione\\\/#primaryimage\"},\"image\":{\"@id\":\"https:\\\/\\\/www.accuratereviews.com\\\/it\\\/software-universita\\\/peoplegrove-recensione\\\/#primaryimage\"},\"thumbnailUrl\":\"https:\\\/\\\/www.accuratereviews.com\\\/wp-content\\\/uploads\\\/2021\\\/04\\\/peoplegrove-logo-vector.png\",\"datePublished\":\"2021-04-01T11:46:18+00:00\",\"dateModified\":\"2021-04-23T12:40:42+00:00\",\"description\":\"PeopleGrove: recensione software di tutoraggio\u00a0progettato per aiutare le organizzazioni, le universit\u00e0 e le scuole di giurisprudenza.\",\"breadcrumb\":{\"@id\":\"https:\\\/\\\/www.accuratereviews.com\\\/it\\\/software-universita\\\/peoplegrove-recensione\\\/#breadcrumb\"},\"inLanguage\":\"it-IT\",\"potentialAction\":[{\"@type\":\"ReadAction\",\"target\":[\"https:\\\/\\\/www.accuratereviews.com\\\/it\\\/software-universita\\\/peoplegrove-recensione\\\/\"]}]},{\"@type\":\"ImageObject\",\"inLanguage\":\"it-IT\",\"@id\":\"https:\\\/\\\/www.accuratereviews.com\\\/it\\\/software-universita\\\/peoplegrove-recensione\\\/#primaryimage\",\"url\":\"https:\\\/\\\/www.accuratereviews.com\\\/wp-content\\\/uploads\\\/2021\\\/04\\\/peoplegrove-logo-vector.png\",\"contentUrl\":\"https:\\\/\\\/www.accuratereviews.com\\\/wp-content\\\/uploads\\\/2021\\\/04\\\/peoplegrove-logo-vector.png\",\"width\":900,\"height\":500},{\"@type\":\"BreadcrumbList\",\"@id\":\"https:\\\/\\\/www.accuratereviews.com\\\/it\\\/software-universita\\\/peoplegrove-recensione\\\/#breadcrumb\",\"itemListElement\":[{\"@type\":\"ListItem\",\"position\":1,\"name\":\"Home\",\"item\":\"https:\\\/\\\/www.accuratereviews.com\\\/it\\\/\"},{\"@type\":\"ListItem\",\"position\":2,\"name\":\"Software per universit\u00e0\",\"item\":\"https:\\\/\\\/www.accuratereviews.com\\\/it\\\/software-universita\\\/\"},{\"@type\":\"ListItem\",\"position\":3,\"name\":\"PeopleGrove\"}]},{\"@type\":\"WebSite\",\"@id\":\"https:\\\/\\\/www.accuratereviews.com\\\/it\\\/#website\",\"url\":\"https:\\\/\\\/www.accuratereviews.com\\\/it\\\/\",\"name\":\"Accurate Reviews\",\"description\":\"\",\"potentialAction\":[{\"@type\":\"SearchAction\",\"target\":{\"@type\":\"EntryPoint\",\"urlTemplate\":\"https:\\\/\\\/www.accuratereviews.com\\\/it\\\/?s={search_term_string}\"},\"query-input\":{\"@type\":\"PropertyValueSpecification\",\"valueRequired\":true,\"valueName\":\"search_term_string\"}}],\"inLanguage\":\"it-IT\"}]}<\/script>\n<!-- \/ Yoast SEO plugin. -->","yoast_head_json":{"title":"PeopleGrove: recensione software per universit\u00e0 - Accurate Reviews","description":"PeopleGrove: recensione software di tutoraggio\u00a0progettato per aiutare le organizzazioni, le universit\u00e0 e le scuole di giurisprudenza.","robots":{"index":"index","follow":"follow","max-snippet":"max-snippet:-1","max-image-preview":"max-image-preview:large","max-video-preview":"max-video-preview:-1"},"canonical":"https:\/\/www.accuratereviews.com\/it\/software-universita\/peoplegrove-recensione\/","og_locale":"it_IT","og_type":"article","og_title":"PeopleGrove: recensione software per universit\u00e0 - Accurate Reviews","og_description":"PeopleGrove: recensione software di tutoraggio\u00a0progettato per aiutare le organizzazioni, le universit\u00e0 e le scuole di giurisprudenza.","og_url":"https:\/\/www.accuratereviews.com\/it\/software-universita\/peoplegrove-recensione\/","og_site_name":"Accurate Reviews","article_modified_time":"2021-04-23T12:40:42+00:00","og_image":[{"width":900,"height":500,"url":"https:\/\/www.accuratereviews.com\/wp-content\/uploads\/2021\/04\/peoplegrove-logo-vector.png","type":"image\/png"}],"twitter_card":"summary_large_image","twitter_misc":{"Tempo di lettura stimato":"4 minuti"},"schema":{"@context":"https:\/\/schema.org","@graph":[{"@type":"WebPage","@id":"https:\/\/www.accuratereviews.com\/it\/software-universita\/peoplegrove-recensione\/","url":"https:\/\/www.accuratereviews.com\/it\/software-universita\/peoplegrove-recensione\/","name":"PeopleGrove: recensione software per universit\u00e0 - Accurate Reviews","isPartOf":{"@id":"https:\/\/www.accuratereviews.com\/it\/#website"},"primaryImageOfPage":{"@id":"https:\/\/www.accuratereviews.com\/it\/software-universita\/peoplegrove-recensione\/#primaryimage"},"image":{"@id":"https:\/\/www.accuratereviews.com\/it\/software-universita\/peoplegrove-recensione\/#primaryimage"},"thumbnailUrl":"https:\/\/www.accuratereviews.com\/wp-content\/uploads\/2021\/04\/peoplegrove-logo-vector.png","datePublished":"2021-04-01T11:46:18+00:00","dateModified":"2021-04-23T12:40:42+00:00","description":"PeopleGrove: recensione software di tutoraggio\u00a0progettato per aiutare le organizzazioni, le universit\u00e0 e le scuole di giurisprudenza.","breadcrumb":{"@id":"https:\/\/www.accuratereviews.com\/it\/software-universita\/peoplegrove-recensione\/#breadcrumb"},"inLanguage":"it-IT","potentialAction":[{"@type":"ReadAction","target":["https:\/\/www.accuratereviews.com\/it\/software-universita\/peoplegrove-recensione\/"]}]},{"@type":"ImageObject","inLanguage":"it-IT","@id":"https:\/\/www.accuratereviews.com\/it\/software-universita\/peoplegrove-recensione\/#primaryimage","url":"https:\/\/www.accuratereviews.com\/wp-content\/uploads\/2021\/04\/peoplegrove-logo-vector.png","contentUrl":"https:\/\/www.accuratereviews.com\/wp-content\/uploads\/2021\/04\/peoplegrove-logo-vector.png","width":900,"height":500},{"@type":"BreadcrumbList","@id":"https:\/\/www.accuratereviews.com\/it\/software-universita\/peoplegrove-recensione\/#breadcrumb","itemListElement":[{"@type":"ListItem","position":1,"name":"Home","item":"https:\/\/www.accuratereviews.com\/it\/"},{"@type":"ListItem","position":2,"name":"Software per universit\u00e0","item":"https:\/\/www.accuratereviews.com\/it\/software-universita\/"},{"@type":"ListItem","position":3,"name":"PeopleGrove"}]},{"@type":"WebSite","@id":"https:\/\/www.accuratereviews.com\/it\/#website","url":"https:\/\/www.accuratereviews.com\/it\/","name":"Accurate Reviews","description":"","potentialAction":[{"@type":"SearchAction","target":{"@type":"EntryPoint","urlTemplate":"https:\/\/www.accuratereviews.com\/it\/?s={search_term_string}"},"query-input":{"@type":"PropertyValueSpecification","valueRequired":true,"valueName":"search_term_string"}}],"inLanguage":"it-IT"}]}},"_links":{"self":[{"href":"https:\/\/www.accuratereviews.com\/it\/wp-json\/wp\/v2\/pages\/39410","targetHints":{"allow":["GET"]}}],"collection":[{"href":"https:\/\/www.accuratereviews.com\/it\/wp-json\/wp\/v2\/pages"}],"about":[{"href":"https:\/\/www.accuratereviews.com\/it\/wp-json\/wp\/v2\/types\/page"}],"author":[{"embeddable":true,"href":"https:\/\/www.accuratereviews.com\/it\/wp-json\/wp\/v2\/users\/16"}],"replies":[{"embeddable":true,"href":"https:\/\/www.accuratereviews.com\/it\/wp-json\/wp\/v2\/comments?post=39410"}],"version-history":[{"count":12,"href":"https:\/\/www.accuratereviews.com\/it\/wp-json\/wp\/v2\/pages\/39410\/revisions"}],"predecessor-version":[{"id":40863,"href":"https:\/\/www.accuratereviews.com\/it\/wp-json\/wp\/v2\/pages\/39410\/revisions\/40863"}],"up":[{"embeddable":true,"href":"https:\/\/www.accuratereviews.com\/it\/wp-json\/wp\/v2\/pages\/38766"}],"wp:featuredmedia":[{"embeddable":true,"href":"https:\/\/www.accuratereviews.com\/it\/wp-json\/wp\/v2\/media\/39420"}],"wp:attachment":[{"href":"https:\/\/www.accuratereviews.com\/it\/wp-json\/wp\/v2\/media?parent=39410"}],"wp:term":[{"taxonomy":"category","embeddable":true,"href":"https:\/\/www.accuratereviews.com\/it\/wp-json\/wp\/v2\/categories?post=39410"},{"taxonomy":"post_tag","embeddable":true,"href":"https:\/\/www.accuratereviews.com\/it\/wp-json\/wp\/v2\/tags?post=39410"},{"taxonomy":"features","embeddable":true,"href":"https:\/\/www.accuratereviews.com\/it\/wp-json\/wp\/v2\/features?post=39410"}],"curies":[{"name":"wp","href":"https:\/\/api.w.org\/{rel}","templated":true}]}}