{"id":39413,"date":"2021-04-01T11:48:48","date_gmt":"2021-04-01T11:48:48","guid":{"rendered":"https:\/\/www.accuratereviews.com\/?page_id=39413"},"modified":"2021-04-23T12:54:56","modified_gmt":"2021-04-23T12:54:56","slug":"stars-recensione","status":"publish","type":"page","link":"https:\/\/www.accuratereviews.com\/it\/software-universita\/stars-recensione\/","title":{"rendered":"Stars"},"content":{"rendered":"<p><strong>Stars<\/strong> \u00e8 una <strong>soluzione di gestione del campus<\/strong> basata su <strong>cloud<\/strong> che aiuta scuole e college a gestire i dati operativi. \u00c8 adatto alle esigenze di istituti di piccole e medie dimensioni. Le caratteristiche principali includono la gestione e il reporting dei lead, il monitoraggio della posta elettronica e la scansione delle presenze.\u00a0La dashboard della soluzione fornisce una visualizzazione in tempo reale delle metriche che mostrano le prestazioni di tutte le funzioni dipartimentali. Gli indicatori finanziari forniscono informazioni mensili sul flusso di cassa dei progetti attuali e passati e mostrano anche i risultati graficamente.\u00a0La funzione di scansione delle presenze di <strong>Stars<\/strong>\u00a0aiuta a registrare i dettagli delle presenze in aula e alla reception tramite la scansione degli ID dei codici a barre degli studenti.<\/p>\n<p><a href=\"https:\/\/www.accuratereviews.com\/wp-content\/uploads\/2021\/04\/Schermata-2021-04-01-alle-11.53.46.png\"><img loading=\"lazy\" decoding=\"async\" class=\"alignnone size-full wp-image-39432\" src=\"https:\/\/www.accuratereviews.com\/wp-content\/uploads\/2021\/04\/Schermata-2021-04-01-alle-11.53.46.png\" alt=\"\" width=\"2840\" height=\"1196\" srcset=\"https:\/\/www.accuratereviews.com\/wp-content\/uploads\/2021\/04\/Schermata-2021-04-01-alle-11.53.46.png 2840w, https:\/\/www.accuratereviews.com\/wp-content\/uploads\/2021\/04\/Schermata-2021-04-01-alle-11.53.46-300x126.png 300w, https:\/\/www.accuratereviews.com\/wp-content\/uploads\/2021\/04\/Schermata-2021-04-01-alle-11.53.46-1024x431.png 1024w, https:\/\/www.accuratereviews.com\/wp-content\/uploads\/2021\/04\/Schermata-2021-04-01-alle-11.53.46-768x323.png 768w, https:\/\/www.accuratereviews.com\/wp-content\/uploads\/2021\/04\/Schermata-2021-04-01-alle-11.53.46-1536x647.png 1536w, https:\/\/www.accuratereviews.com\/wp-content\/uploads\/2021\/04\/Schermata-2021-04-01-alle-11.53.46-2048x862.png 2048w, https:\/\/www.accuratereviews.com\/wp-content\/uploads\/2021\/04\/Schermata-2021-04-01-alle-11.53.46-260x109.png 260w, https:\/\/www.accuratereviews.com\/wp-content\/uploads\/2021\/04\/Schermata-2021-04-01-alle-11.53.46-50x21.png 50w, https:\/\/www.accuratereviews.com\/wp-content\/uploads\/2021\/04\/Schermata-2021-04-01-alle-11.53.46-968x408.png 968w, https:\/\/www.accuratereviews.com\/wp-content\/uploads\/2021\/04\/Schermata-2021-04-01-alle-11.53.46-636x268.png 636w, https:\/\/www.accuratereviews.com\/wp-content\/uploads\/2021\/04\/Schermata-2021-04-01-alle-11.53.46-320x135.png 320w, https:\/\/www.accuratereviews.com\/wp-content\/uploads\/2021\/04\/Schermata-2021-04-01-alle-11.53.46-239x101.png 239w\" sizes=\"auto, (max-width: 2840px) 100vw, 2840px\" \/><\/a><\/p>\n<h2>STARS &#8211; CARATTERISTICHE<\/h2>\n<ul>\n<li>Si integra a fonti di lead (sito web, generatori di lead di terze parti) con pubblicazione in tempo reale<\/li>\n<li>I rapporti di vendita standard tengono traccia dei lead dal primo contatto alla registrazione<\/li>\n<li>Tiene traccia dei voti delle presenze e delle transazioni del conto delle studente<\/li>\n<li>La funzione di interruzione bilancia il libro mastro dello studente, i guadagni e i rimborsi per gli studenti ritirati<\/li>\n<li>Categorie di transazioni personalizzabili<\/li>\n<li>Determina i drawdown per ogni studente<\/li>\n<li>Progetti il \u200b\u200bflusso di cassa<\/li>\n<li>Fonti di finanziamento per et\u00e0<\/li>\n<li>Estrae automaticamente gli ISIR e li abbina ai record degli studenti<\/li>\n<li>Monitoraggio del prestito istituzionale<\/li>\n<li>Produce rapidamente report di conformit\u00e0 come audit T4, IPEDS, 1098-Ts e 90\/10<\/li>\n<li>Rapporti contabili standard come bilanci di verifica e rapporti sulle spese e sui ricavi<\/li>\n<li>Completamente integrato con i registri degli studenti<\/li>\n<li>Stampa online gli assegni del fornitore e gli assegni per il rimborso degli studenti<\/li>\n<li>Controlla la riconciliazione<\/li>\n<li>Tracciamento email integrato da e verso studenti \/ lead all&#8217;interno dei record degli studenti<\/li>\n<li>Capacit\u00e0 di posta elettronica di massa per contattare gruppi di studenti \/ lead \/ laureati<\/li>\n<li>Invia individualmente email evitando la maggior parte dei filtri antispam<\/li>\n<li>Messaggi di testo a gruppi di lead o studenti<\/li>\n<\/ul>\n<h4>LE RECENSIONI DEGLI UTENTI<\/h4>\n<p class=\"font-weight-bold mb-1 d-flex align-items-center\"><strong>Sherman M.&#8221;Raccomandazione STARS&#8221;<\/strong><\/p>\n<p><strong>Commenti: <\/strong>Il mio team di gestione ha iniziato a utilizzare STARS lo scorso anno dopo che una revisione della conformit\u00e0 ha rivelato aree di opportunit\u00e0 di miglioramento. \u00c8 stato allora che abbiamo deciso di sostituire il nostro precedente software di gestione scolastica con STARS. Nel nostro recente audit sul titolo IV, tutte le nostre precedenti opportunit\u00e0 di miglioramento sono state affrontate e l&#8217;audit si \u00e8 concluso con un solo risultato minore. Attribuisco gran parte di questo successo al mio team di gestione utilizzando l&#8217;esperienza del team di Training Masters e gli strumenti forniti da STARS. Consiglio vivamente STARS a qualsiasi istituto scolastico alla ricerca di un sistema che offra operazioni quotidiane semplici e conformit\u00e0 e reporting affidabili.<\/p>\n<p class=\"font-weight-bold mb-1 d-flex align-items-center\"><strong>Andrew O.&#8221;Il programma Stars e il suo team sono diventati una necessit\u00e0 nelle operazioni quotidiane dell&#8217;Arkansas Welding Academy&#8221;<\/strong><\/p>\n<p><strong>Commenti: <\/strong>Credo di spingere sempre il team STARS per nuovi rapporti o funzioni nel sistema. Lo prendono come campioni e consegnano sempre. STARS \u00e8 sempre la prima cosa che apro al mattino sul mio computer per vedere cosa comporter\u00e0 la mia giornata. All&#8217;inizio c&#8217;era molto da imparare e implementare, ma ora l&#8217;utilizzo del sistema \u00e8 diventato una seconda natura per tutti i membri del personale di AWA.<\/p>\n<p><strong>Vantaggi: <\/strong>Nel mondo di oggi, le normative e i requisiti di conformit\u00e0 sono in continua evoluzione e STARS \u00e8 diventata preziosa nel soddisfare queste esigenze. Utilizziamo il sistema da quasi due anni e abbiamo riscontrato enormi miglioramenti in molte aree operative come; presenza, implementazione di aiuti finanziari, valutazione, comunicazione agli studenti, conversione di lead, conformit\u00e0, rendicontazione annuale e molto altro ancora. I due aspetti di STARS che mi piacciono di pi\u00f9 sono che il sistema pu\u00f2 essere adattato alle esigenze delle singole istituzioni e del team dietro di esso.<\/p>\n<p><strong>Inconvenienti: <\/strong>Se sei una scuola che opera da anni prima di implementare STARS, ci saranno molte basi per impostare tutto. Non lasciare che questo ti preoccupi perch\u00e9 il team di STARS ti assister\u00e0 e ti guider\u00e0 per tutto il percorso. A volte pu\u00f2 essere difficile trovare un rapporto o una funzione nel sistema, tuttavia questo potrebbe anche essere visto come un professionista perch\u00e9 STARS ha cos\u00ec tanto da offrire.<\/p>\n<p class=\"font-weight-bold mb-1 d-flex align-items-center\"><strong>Bill B.&#8221;Ottimo prodotto per tutte le scuole&#8221;<\/strong><\/p>\n<p><strong>Commenti: <\/strong>Questo prodotto svolge molte delle attivit\u00e0 all&#8217;interno di pacchetti software molto pi\u00f9 costosi, senza tutti i costi di rete e IT. Abbiamo utilizzato STARS per i nostri campus e siamo molto soddisfatti. Mi piace la possibilit\u00e0 di personalizzare i report, le dashboard e molti report utili. Inoltre, trovo il team di STARS molto disponibile e che ci aiuta sempre ad andare avanti. I miglioramenti e le migliorie sono tempestivi e facili da incorporare. La conoscenza dell&#8217;attivit\u00e0 scolastica dal punto di vista della programmazione \u00e8 un ulteriore vantaggio e una bella caratteristica per noi. Raccomando STARS e sarei felice di discuterne ulteriormente<\/p>\n","protected":false},"excerpt":{"rendered":"<p>Stars \u00e8 una soluzione di gestione del campus basata su cloud che aiuta scuole e college a gestire i dati operativi. \u00c8 adatto alle esigenze di istituti di piccole e medie dimensioni. Le caratteristiche principali includono la gestione e il reporting dei lead, il monitoraggio della posta elettronica e la scansione delle presenze.\u00a0<\/p>\n","protected":false},"author":16,"featured_media":39429,"parent":38766,"menu_order":0,"comment_status":"open","ping_status":"closed","template":"g1_template_page_review_new.php","meta":{"_acf_changed":false,"cwp_meta_box_check":"No","cwp_rev_product_name":"","cwp_rev_product_image":"","wppr_links":[],"cwp_rev_price":"","wppr_options":[],"wppr_pros":[],"wppr_cons":[],"_monsterinsights_skip_tracking":false,"_monsterinsights_sitenote_active":false,"_monsterinsights_sitenote_note":"","_monsterinsights_sitenote_category":0,"footnotes":""},"categories":[5417],"tags":[5447,5421,5420,5422,5542],"features":[],"class_list":{"0":"post-39413","1":"page","2":"type-page","3":"status-publish","4":"has-post-thumbnail","6":"category-software-universita-categoria","7":"tag-piattaforma-per-universita","8":"tag-programma-per-universita","9":"tag-software-per-universita","10":"tag-soluzione-per-universita","11":"tag-stars"},"wppr_data":{"cwp_meta_box_check":"No"},"acf":[],"yoast_head":"<!-- This site is optimized with the Yoast SEO plugin v27.4 - https:\/\/yoast.com\/product\/yoast-seo-wordpress\/ -->\n<title>Stars: recensione soluzione per universit\u00e0 - Accurate Reviews<\/title>\n<meta name=\"description\" content=\"Stars: recensione soluzione di gestione del campus basata su cloud che aiuta scuole e college a gestire i dati operativi.\" \/>\n<meta name=\"robots\" content=\"index, follow, max-snippet:-1, max-image-preview:large, max-video-preview:-1\" \/>\n<link rel=\"canonical\" href=\"https:\/\/www.accuratereviews.com\/it\/software-universita\/stars-recensione\/\" \/>\n<meta property=\"og:locale\" content=\"it_IT\" \/>\n<meta property=\"og:type\" content=\"article\" \/>\n<meta property=\"og:title\" content=\"Stars: recensione soluzione per universit\u00e0 - Accurate Reviews\" \/>\n<meta property=\"og:description\" content=\"Stars: recensione soluzione di gestione del campus basata su cloud che aiuta scuole e college a gestire i dati operativi.\" \/>\n<meta property=\"og:url\" content=\"https:\/\/www.accuratereviews.com\/it\/software-universita\/stars-recensione\/\" \/>\n<meta property=\"og:site_name\" content=\"Accurate Reviews\" \/>\n<meta property=\"article:modified_time\" content=\"2021-04-23T12:54:56+00:00\" \/>\n<meta property=\"og:image\" content=\"https:\/\/www.accuratereviews.com\/wp-content\/uploads\/2021\/04\/Schermata-2021-04-01-alle-11.49.44.png\" \/>\n\t<meta property=\"og:image:width\" content=\"732\" \/>\n\t<meta property=\"og:image:height\" content=\"210\" \/>\n\t<meta property=\"og:image:type\" content=\"image\/png\" \/>\n<meta name=\"twitter:card\" content=\"summary_large_image\" \/>\n<meta name=\"twitter:label1\" content=\"Tempo di lettura stimato\" \/>\n\t<meta name=\"twitter:data1\" content=\"4 minuti\" \/>\n<script type=\"application\/ld+json\" class=\"yoast-schema-graph\">{\"@context\":\"https:\\\/\\\/schema.org\",\"@graph\":[{\"@type\":\"WebPage\",\"@id\":\"https:\\\/\\\/www.accuratereviews.com\\\/it\\\/software-universita\\\/stars-recensione\\\/\",\"url\":\"https:\\\/\\\/www.accuratereviews.com\\\/it\\\/software-universita\\\/stars-recensione\\\/\",\"name\":\"Stars: recensione soluzione per universit\u00e0 - Accurate Reviews\",\"isPartOf\":{\"@id\":\"https:\\\/\\\/www.accuratereviews.com\\\/it\\\/#website\"},\"primaryImageOfPage\":{\"@id\":\"https:\\\/\\\/www.accuratereviews.com\\\/it\\\/software-universita\\\/stars-recensione\\\/#primaryimage\"},\"image\":{\"@id\":\"https:\\\/\\\/www.accuratereviews.com\\\/it\\\/software-universita\\\/stars-recensione\\\/#primaryimage\"},\"thumbnailUrl\":\"https:\\\/\\\/www.accuratereviews.com\\\/wp-content\\\/uploads\\\/2021\\\/04\\\/Schermata-2021-04-01-alle-11.49.44.png\",\"datePublished\":\"2021-04-01T11:48:48+00:00\",\"dateModified\":\"2021-04-23T12:54:56+00:00\",\"description\":\"Stars: recensione soluzione di gestione del campus basata su cloud che aiuta scuole e college a gestire i dati operativi.\",\"breadcrumb\":{\"@id\":\"https:\\\/\\\/www.accuratereviews.com\\\/it\\\/software-universita\\\/stars-recensione\\\/#breadcrumb\"},\"inLanguage\":\"it-IT\",\"potentialAction\":[{\"@type\":\"ReadAction\",\"target\":[\"https:\\\/\\\/www.accuratereviews.com\\\/it\\\/software-universita\\\/stars-recensione\\\/\"]}]},{\"@type\":\"ImageObject\",\"inLanguage\":\"it-IT\",\"@id\":\"https:\\\/\\\/www.accuratereviews.com\\\/it\\\/software-universita\\\/stars-recensione\\\/#primaryimage\",\"url\":\"https:\\\/\\\/www.accuratereviews.com\\\/wp-content\\\/uploads\\\/2021\\\/04\\\/Schermata-2021-04-01-alle-11.49.44.png\",\"contentUrl\":\"https:\\\/\\\/www.accuratereviews.com\\\/wp-content\\\/uploads\\\/2021\\\/04\\\/Schermata-2021-04-01-alle-11.49.44.png\",\"width\":732,\"height\":210},{\"@type\":\"BreadcrumbList\",\"@id\":\"https:\\\/\\\/www.accuratereviews.com\\\/it\\\/software-universita\\\/stars-recensione\\\/#breadcrumb\",\"itemListElement\":[{\"@type\":\"ListItem\",\"position\":1,\"name\":\"Home\",\"item\":\"https:\\\/\\\/www.accuratereviews.com\\\/it\\\/\"},{\"@type\":\"ListItem\",\"position\":2,\"name\":\"Software per universit\u00e0\",\"item\":\"https:\\\/\\\/www.accuratereviews.com\\\/it\\\/software-universita\\\/\"},{\"@type\":\"ListItem\",\"position\":3,\"name\":\"Stars\"}]},{\"@type\":\"WebSite\",\"@id\":\"https:\\\/\\\/www.accuratereviews.com\\\/it\\\/#website\",\"url\":\"https:\\\/\\\/www.accuratereviews.com\\\/it\\\/\",\"name\":\"Accurate Reviews\",\"description\":\"\",\"potentialAction\":[{\"@type\":\"SearchAction\",\"target\":{\"@type\":\"EntryPoint\",\"urlTemplate\":\"https:\\\/\\\/www.accuratereviews.com\\\/it\\\/?s={search_term_string}\"},\"query-input\":{\"@type\":\"PropertyValueSpecification\",\"valueRequired\":true,\"valueName\":\"search_term_string\"}}],\"inLanguage\":\"it-IT\"}]}<\/script>\n<!-- \/ Yoast SEO plugin. -->","yoast_head_json":{"title":"Stars: recensione soluzione per universit\u00e0 - Accurate Reviews","description":"Stars: recensione soluzione di gestione del campus basata su cloud che aiuta scuole e college a gestire i dati operativi.","robots":{"index":"index","follow":"follow","max-snippet":"max-snippet:-1","max-image-preview":"max-image-preview:large","max-video-preview":"max-video-preview:-1"},"canonical":"https:\/\/www.accuratereviews.com\/it\/software-universita\/stars-recensione\/","og_locale":"it_IT","og_type":"article","og_title":"Stars: recensione soluzione per universit\u00e0 - Accurate Reviews","og_description":"Stars: recensione soluzione di gestione del campus basata su cloud che aiuta scuole e college a gestire i dati operativi.","og_url":"https:\/\/www.accuratereviews.com\/it\/software-universita\/stars-recensione\/","og_site_name":"Accurate Reviews","article_modified_time":"2021-04-23T12:54:56+00:00","og_image":[{"width":732,"height":210,"url":"https:\/\/www.accuratereviews.com\/wp-content\/uploads\/2021\/04\/Schermata-2021-04-01-alle-11.49.44.png","type":"image\/png"}],"twitter_card":"summary_large_image","twitter_misc":{"Tempo di lettura stimato":"4 minuti"},"schema":{"@context":"https:\/\/schema.org","@graph":[{"@type":"WebPage","@id":"https:\/\/www.accuratereviews.com\/it\/software-universita\/stars-recensione\/","url":"https:\/\/www.accuratereviews.com\/it\/software-universita\/stars-recensione\/","name":"Stars: recensione soluzione per universit\u00e0 - Accurate Reviews","isPartOf":{"@id":"https:\/\/www.accuratereviews.com\/it\/#website"},"primaryImageOfPage":{"@id":"https:\/\/www.accuratereviews.com\/it\/software-universita\/stars-recensione\/#primaryimage"},"image":{"@id":"https:\/\/www.accuratereviews.com\/it\/software-universita\/stars-recensione\/#primaryimage"},"thumbnailUrl":"https:\/\/www.accuratereviews.com\/wp-content\/uploads\/2021\/04\/Schermata-2021-04-01-alle-11.49.44.png","datePublished":"2021-04-01T11:48:48+00:00","dateModified":"2021-04-23T12:54:56+00:00","description":"Stars: recensione soluzione di gestione del campus basata su cloud che aiuta scuole e college a gestire i dati operativi.","breadcrumb":{"@id":"https:\/\/www.accuratereviews.com\/it\/software-universita\/stars-recensione\/#breadcrumb"},"inLanguage":"it-IT","potentialAction":[{"@type":"ReadAction","target":["https:\/\/www.accuratereviews.com\/it\/software-universita\/stars-recensione\/"]}]},{"@type":"ImageObject","inLanguage":"it-IT","@id":"https:\/\/www.accuratereviews.com\/it\/software-universita\/stars-recensione\/#primaryimage","url":"https:\/\/www.accuratereviews.com\/wp-content\/uploads\/2021\/04\/Schermata-2021-04-01-alle-11.49.44.png","contentUrl":"https:\/\/www.accuratereviews.com\/wp-content\/uploads\/2021\/04\/Schermata-2021-04-01-alle-11.49.44.png","width":732,"height":210},{"@type":"BreadcrumbList","@id":"https:\/\/www.accuratereviews.com\/it\/software-universita\/stars-recensione\/#breadcrumb","itemListElement":[{"@type":"ListItem","position":1,"name":"Home","item":"https:\/\/www.accuratereviews.com\/it\/"},{"@type":"ListItem","position":2,"name":"Software per universit\u00e0","item":"https:\/\/www.accuratereviews.com\/it\/software-universita\/"},{"@type":"ListItem","position":3,"name":"Stars"}]},{"@type":"WebSite","@id":"https:\/\/www.accuratereviews.com\/it\/#website","url":"https:\/\/www.accuratereviews.com\/it\/","name":"Accurate Reviews","description":"","potentialAction":[{"@type":"SearchAction","target":{"@type":"EntryPoint","urlTemplate":"https:\/\/www.accuratereviews.com\/it\/?s={search_term_string}"},"query-input":{"@type":"PropertyValueSpecification","valueRequired":true,"valueName":"search_term_string"}}],"inLanguage":"it-IT"}]}},"_links":{"self":[{"href":"https:\/\/www.accuratereviews.com\/it\/wp-json\/wp\/v2\/pages\/39413","targetHints":{"allow":["GET"]}}],"collection":[{"href":"https:\/\/www.accuratereviews.com\/it\/wp-json\/wp\/v2\/pages"}],"about":[{"href":"https:\/\/www.accuratereviews.com\/it\/wp-json\/wp\/v2\/types\/page"}],"author":[{"embeddable":true,"href":"https:\/\/www.accuratereviews.com\/it\/wp-json\/wp\/v2\/users\/16"}],"replies":[{"embeddable":true,"href":"https:\/\/www.accuratereviews.com\/it\/wp-json\/wp\/v2\/comments?post=39413"}],"version-history":[{"count":11,"href":"https:\/\/www.accuratereviews.com\/it\/wp-json\/wp\/v2\/pages\/39413\/revisions"}],"predecessor-version":[{"id":40885,"href":"https:\/\/www.accuratereviews.com\/it\/wp-json\/wp\/v2\/pages\/39413\/revisions\/40885"}],"up":[{"embeddable":true,"href":"https:\/\/www.accuratereviews.com\/it\/wp-json\/wp\/v2\/pages\/38766"}],"wp:featuredmedia":[{"embeddable":true,"href":"https:\/\/www.accuratereviews.com\/it\/wp-json\/wp\/v2\/media\/39429"}],"wp:attachment":[{"href":"https:\/\/www.accuratereviews.com\/it\/wp-json\/wp\/v2\/media?parent=39413"}],"wp:term":[{"taxonomy":"category","embeddable":true,"href":"https:\/\/www.accuratereviews.com\/it\/wp-json\/wp\/v2\/categories?post=39413"},{"taxonomy":"post_tag","embeddable":true,"href":"https:\/\/www.accuratereviews.com\/it\/wp-json\/wp\/v2\/tags?post=39413"},{"taxonomy":"features","embeddable":true,"href":"https:\/\/www.accuratereviews.com\/it\/wp-json\/wp\/v2\/features?post=39413"}],"curies":[{"name":"wp","href":"https:\/\/api.w.org\/{rel}","templated":true}]}}