{"id":39465,"date":"2021-04-02T10:59:18","date_gmt":"2021-04-02T10:59:18","guid":{"rendered":"https:\/\/www.accuratereviews.com\/?page_id=39465"},"modified":"2021-04-23T12:47:35","modified_gmt":"2021-04-23T12:47:35","slug":"thankview-recensione","status":"publish","type":"page","link":"https:\/\/www.accuratereviews.com\/it\/software-universita\/thankview-recensione\/","title":{"rendered":"ThankView"},"content":{"rendered":"<p><strong>ThankView<\/strong> \u00e8 una piattaforma in cui le organizzazioni senza scopo di lucro possono creare e inviare video di ringraziamento ai propri volontari. Pu\u00f2 essere creato in pochi minuti, marchiato con il logo dell&#8217;organizzazione e inviato tramite email o SMS. Il software \u00e8 orientato verso enti di beneficenza, college e ospedali per raccogliere fondi, ringraziare i volontari o per scopi di marketing. I clienti non solo possono registrare video, ma anche scegliere tra una variet\u00e0 di caratteri, colori e pulsanti di &#8220;invito all&#8217;azione&#8221;. Il software modifica automaticamente il video e i clienti possono registrare clip introduttivi personalizzati risparmiando tempo e denaro che pu\u00f2 essere investito in altri settori dell&#8217;attivit\u00e0.<\/p>\n<h2>THANKVIEW &#8211; TUTORIAL<\/h2>\n<p>Ecco un tutorial che ti aiuta ad orientarti sulle funzioni di questo <strong>software per universit\u00e0<\/strong>:<\/p>\n<div id=\"fluid-wrapper-counter-1\" class=\"g1-fluid-wrapper \" style=\"width:686px;\">\n<div style=\"padding-bottom:56.268221574344%;\"><iframe loading=\"lazy\" title=\"How To Request &amp; Receive 10,000+ Videos in Under 5 Minutes Using ThankView (Webinar)\" width=\"686\" height=\"386\" src=\"https:\/\/www.youtube.com\/embed\/VkQ6_PbYFLc?feature=oembed&amp;wmode=transparent&amp;autohide=1&amp;autoplay=0&amp;disablekb=0&amp;fs=1&amp;loop=0&amp;enablejsapi=1&amp;rel=0&amp;controls=2&amp;showinfo=0&amp;wmode=transparent&amp;autohide=2&amp;autoplay=0&amp;disablekb=0&amp;fs=1&amp;loop=0&amp;enablejsapi=1&amp;rel=0&amp;controls=2&amp;showinfo=1\" frameborder=\"0\" allow=\"accelerometer; autoplay; clipboard-write; encrypted-media; gyroscope; picture-in-picture\" allowfullscreen><\/iframe><\/div>\n<\/div>\n<h3>THANKVIEW &#8211; CARATTERISTICHE<\/h3>\n<ul>\n<li><strong>Personalizza i messaggi in massa<\/strong>: registra video back-to-back senza ritardi. Il facile utilizzo in team accelera ulteriormente il processo<\/li>\n<li><strong>Inserisci informazioni:<\/strong> raggruppa i tuoi destinatari per nome, anno del corso e altri criteri per registrare un singolo video valido per tutti<\/li>\n<li><strong>Agire<\/strong>: aggiungi pulsanti o inserisci moduli per invitare il tuo pubblico ad agire dopo aver guardato i tuoi video<\/li>\n<li><strong>Richiesta video<\/strong>: utilizza i tuoi studenti, studiosi e personale richiedendo contenuti video specifici, che vengono salvati nella tua libreria per la revisione<\/li>\n<li><strong>Condivisione social:<\/strong> goditi l&#8217;effetto di rete della condivisione sui social media<\/li>\n<li><strong>Pianificazione e automazione<\/strong>: invia automaticamente video di compleanno, promemoria regalo e aggiornamenti sulle donazioni<\/li>\n<li><strong>Follow-up veloce<\/strong>: gli elenchi intelligenti vengono generati e aggiornati con i destinatari che soddisfano i criteri scelti, rendendo facile contattare immediatamente i membri pi\u00f9 coinvolti.<\/li>\n<li><strong>Fai la prossima mossa<\/strong>: crea il tuo database di donatori e raccogli fondi in modo intelligente con funzionalit\u00e0 di monitoraggio, email, filtro ed esportazione facili su un numero illimitato<\/li>\n<li><strong>Sequenziamento<\/strong>: combina un video di apertura personalizzato con un secondo messaggio generico per risparmiare tempo rimanendo personale<\/li>\n<li><strong>Modifica semplice<\/strong>: ritaglia, ridimensiona e combina i video con facilit\u00e0<\/li>\n<li><strong>Registrazione HD<\/strong>: registra i tuoi video direttamente nella soluzione tramite webcam, telefono o fotocamera con qualit\u00e0 HD<\/li>\n<li><strong>Archiviazione illimitata basata su cloud<\/strong>: salva ogni video che registri e carica anche tutti i tuoi contenuti esistenti<\/li>\n<li><strong>Crea cartelle e tag ricercabili<\/strong>: mantieni organizzata la tua libreria video con cartelle e tag che l&#8217;intero team pu\u00f2 creare e gestire.<\/li>\n<\/ul>\n<h4>LE RECENSIONI DEGLI UTENTI<\/h4>\n<h5 class=\"font-weight-bold mb-1 d-flex align-items-center\">Lynn E.&#8221;ThankView Recensione&#8221;<\/h5>\n<p><strong>Commenti: <\/strong>Abbiamo utilizzato ThankView principalmente per il nostro programma annuale di donazioni, \u00e8 stata una bella aggiunta al nostro normale processo di sollecitazione.<\/p>\n<p><strong>Pro: <\/strong>La possibilit\u00e0 di utilizzare fogli di calcolo excel dei dati costitutivi \u00e8 estremamente utile, tuttavia sarebbe bello essere in grado di integrarli anche con il nostro database. La possibilit\u00e0 di richiedere video e combinare pi\u00f9 video insieme \u00e8 molto semplice.<\/p>\n<p><strong>Contro: <\/strong>L&#8217;impossibilit\u00e0 di caricare informazioni per pi\u00f9 persone con lo stesso indirizzo email all&#8217;interno della stessa campagna.<\/p>\n<p class=\"font-weight-bold mb-1 d-flex align-items-center\"><strong>Darcy T.&#8221;Un ottimo strumento di comunicazione!&#8221;<\/strong><\/p>\n<p><strong>Commenti: <\/strong>La mia esperienza complessiva con ThankView \u00e8 stata molto positiva e apprezzo anche la comunit\u00e0 degli utenti. Sono stati molto ragionevoli durante il nostro primo rinnovo e sempre pronti a rispondere a qualsiasi problema o domanda. Sembrano destinare tempo, risorse e denaro al miglioramento della loro funzionalit\u00e0, il che \u00e8 sempre un ottimo segno. Non vedo l&#8217;ora di aiutare anche con alcuni beta test!<\/p>\n<p><strong>Pro: <\/strong>Ho cos\u00ec apprezzato il fatto che questo fosse uno strumento facile da imparare, essere immediatamente in grado di trasmettere un messaggio e poi essere in grado di dedicare del tempo per imparare di pi\u00f9 e migliorare quando avevo pi\u00f9 tempo. Non mi \u00e8 stato dato nessuno con cui parlare e nessuna formazione e una settimana per distribuire un video a migliaia di potenziali studenti e ai loro genitori quando la pandemia ha colpito \u00a0ei membri del personale sono stati licenziati. Quel successo la dice lunga!<\/p>\n<p><strong>Contro: <\/strong>Ci saranno sempre modifiche desiderate con una soluzione cloud, ma ho riscontrato solo piccoli inconvenienti e il team di supporto \u00e8 molto disponibile ad aggiungere funzionalit\u00e0 e migliorare le funzioni. Ho faticato a eliminare grossi blocchi di contatti e avevo bisogno di diversi round con l&#8217;assistenza clienti per farlo.<\/p>\n<p class=\"font-weight-bold mb-1 d-flex align-items-center\"><strong>Ashley R.&#8221;Thankview \u00e8 un punto di svolta!&#8221;<\/strong><\/p>\n<p><strong>Commenti: <\/strong>Ogni aspetto dall&#8217;introduzione all&#8217;uso \u00e8 stato eccezionale. Siamo fortunati ad averli trovati e siamo cos\u00ec grati per la loro collaborazione.<\/p>\n<p><strong>Vantaggi: <\/strong>Amo la possibilit\u00e0 di personalizzare e inviare messaggi ai nostri donatori. Il tocco personale fa un&#8217;enorme differenza. \u00c8 cos\u00ec divertente quando rispondono tramite video!<\/p>\n<p><strong>Inconvenienti: <\/strong>Speravamo nell&#8217;integrazione con NXT e sembra che sia in arrivo!<\/p>\n","protected":false},"excerpt":{"rendered":"<p>ThankView \u00e8 una piattaforma in cui le organizzazioni senza scopo di lucro possono creare e inviare video di ringraziamento ai propri volontari. Pu\u00f2 essere creato in pochi minuti, marchiato con il logo dell&#8217;organizzazione e inviato tramite email o SMS. Il software \u00e8 orientato verso enti di beneficenza, college e ospedali per raccogliere fondi; ringraziare i volontari; o per scopi di marketing.<\/p>\n","protected":false},"author":16,"featured_media":39466,"parent":38766,"menu_order":0,"comment_status":"open","ping_status":"closed","template":"g1_template_page_review_new.php","meta":{"_acf_changed":false,"cwp_meta_box_check":"Yes","cwp_rev_product_name":"","cwp_rev_product_image":"","wppr_links":[],"cwp_rev_price":"","wppr_options":[],"wppr_pros":[],"wppr_cons":[],"_monsterinsights_skip_tracking":false,"_monsterinsights_sitenote_active":false,"_monsterinsights_sitenote_note":"","_monsterinsights_sitenote_category":0,"footnotes":""},"categories":[5417],"tags":[396,5544,5421,5420,5422,5545],"features":[],"class_list":{"0":"post-39465","1":"page","2":"type-page","3":"status-publish","4":"has-post-thumbnail","6":"category-software-universita-categoria","7":"tag-cloud","8":"tag-piattaforme-per-universita","9":"tag-programma-per-universita","10":"tag-software-per-universita","11":"tag-soluzione-per-universita","12":"tag-thankview"},"wppr_data":{"cwp_meta_box_check":"Yes","cwp_rev_product_name":"","cwp_rev_product_image":"","cwp_image_link":"image","cwp_rev_price":"","wppr_rating":"0.00"},"acf":[],"yoast_head":"<!-- This site is optimized with the Yoast SEO plugin v27.4 - https:\/\/yoast.com\/product\/yoast-seo-wordpress\/ -->\n<title>ThankView: recensione software per universit\u00e0 - Accurate Reviews<\/title>\n<meta name=\"description\" content=\"ThankView: recensione piattaforma in cui le organizzazioni no profit possono creare e inviare video di ringraziamento ai propri volontari.\" \/>\n<meta name=\"robots\" content=\"index, follow, max-snippet:-1, max-image-preview:large, max-video-preview:-1\" \/>\n<link rel=\"canonical\" href=\"https:\/\/www.accuratereviews.com\/it\/software-universita\/thankview-recensione\/\" \/>\n<meta property=\"og:locale\" content=\"it_IT\" \/>\n<meta property=\"og:type\" content=\"article\" \/>\n<meta property=\"og:title\" content=\"ThankView: recensione software per universit\u00e0 - Accurate Reviews\" \/>\n<meta property=\"og:description\" content=\"ThankView: recensione piattaforma in cui le organizzazioni no profit possono creare e inviare video di ringraziamento ai propri volontari.\" \/>\n<meta property=\"og:url\" content=\"https:\/\/www.accuratereviews.com\/it\/software-universita\/thankview-recensione\/\" \/>\n<meta property=\"og:site_name\" content=\"Accurate Reviews\" \/>\n<meta property=\"article:modified_time\" content=\"2021-04-23T12:47:35+00:00\" \/>\n<meta property=\"og:image\" content=\"https:\/\/www.accuratereviews.com\/wp-content\/uploads\/2021\/04\/thankview-thankview.png\" \/>\n\t<meta property=\"og:image:width\" content=\"600\" \/>\n\t<meta property=\"og:image:height\" content=\"315\" \/>\n\t<meta property=\"og:image:type\" content=\"image\/png\" \/>\n<meta name=\"twitter:card\" content=\"summary_large_image\" \/>\n<meta name=\"twitter:label1\" content=\"Tempo di lettura stimato\" \/>\n\t<meta name=\"twitter:data1\" content=\"4 minuti\" \/>\n<script type=\"application\/ld+json\" class=\"yoast-schema-graph\">{\"@context\":\"https:\\\/\\\/schema.org\",\"@graph\":[{\"@type\":\"WebPage\",\"@id\":\"https:\\\/\\\/www.accuratereviews.com\\\/it\\\/software-universita\\\/thankview-recensione\\\/\",\"url\":\"https:\\\/\\\/www.accuratereviews.com\\\/it\\\/software-universita\\\/thankview-recensione\\\/\",\"name\":\"ThankView: recensione software per universit\u00e0 - Accurate Reviews\",\"isPartOf\":{\"@id\":\"https:\\\/\\\/www.accuratereviews.com\\\/it\\\/#website\"},\"primaryImageOfPage\":{\"@id\":\"https:\\\/\\\/www.accuratereviews.com\\\/it\\\/software-universita\\\/thankview-recensione\\\/#primaryimage\"},\"image\":{\"@id\":\"https:\\\/\\\/www.accuratereviews.com\\\/it\\\/software-universita\\\/thankview-recensione\\\/#primaryimage\"},\"thumbnailUrl\":\"https:\\\/\\\/www.accuratereviews.com\\\/wp-content\\\/uploads\\\/2021\\\/04\\\/thankview-thankview.png\",\"datePublished\":\"2021-04-02T10:59:18+00:00\",\"dateModified\":\"2021-04-23T12:47:35+00:00\",\"description\":\"ThankView: recensione piattaforma in cui le organizzazioni no profit possono creare e inviare video di ringraziamento ai propri volontari.\",\"breadcrumb\":{\"@id\":\"https:\\\/\\\/www.accuratereviews.com\\\/it\\\/software-universita\\\/thankview-recensione\\\/#breadcrumb\"},\"inLanguage\":\"it-IT\",\"potentialAction\":[{\"@type\":\"ReadAction\",\"target\":[\"https:\\\/\\\/www.accuratereviews.com\\\/it\\\/software-universita\\\/thankview-recensione\\\/\"]}]},{\"@type\":\"ImageObject\",\"inLanguage\":\"it-IT\",\"@id\":\"https:\\\/\\\/www.accuratereviews.com\\\/it\\\/software-universita\\\/thankview-recensione\\\/#primaryimage\",\"url\":\"https:\\\/\\\/www.accuratereviews.com\\\/wp-content\\\/uploads\\\/2021\\\/04\\\/thankview-thankview.png\",\"contentUrl\":\"https:\\\/\\\/www.accuratereviews.com\\\/wp-content\\\/uploads\\\/2021\\\/04\\\/thankview-thankview.png\",\"width\":600,\"height\":315},{\"@type\":\"BreadcrumbList\",\"@id\":\"https:\\\/\\\/www.accuratereviews.com\\\/it\\\/software-universita\\\/thankview-recensione\\\/#breadcrumb\",\"itemListElement\":[{\"@type\":\"ListItem\",\"position\":1,\"name\":\"Home\",\"item\":\"https:\\\/\\\/www.accuratereviews.com\\\/it\\\/\"},{\"@type\":\"ListItem\",\"position\":2,\"name\":\"Software per universit\u00e0\",\"item\":\"https:\\\/\\\/www.accuratereviews.com\\\/it\\\/software-universita\\\/\"},{\"@type\":\"ListItem\",\"position\":3,\"name\":\"ThankView\"}]},{\"@type\":\"WebSite\",\"@id\":\"https:\\\/\\\/www.accuratereviews.com\\\/it\\\/#website\",\"url\":\"https:\\\/\\\/www.accuratereviews.com\\\/it\\\/\",\"name\":\"Accurate Reviews\",\"description\":\"\",\"potentialAction\":[{\"@type\":\"SearchAction\",\"target\":{\"@type\":\"EntryPoint\",\"urlTemplate\":\"https:\\\/\\\/www.accuratereviews.com\\\/it\\\/?s={search_term_string}\"},\"query-input\":{\"@type\":\"PropertyValueSpecification\",\"valueRequired\":true,\"valueName\":\"search_term_string\"}}],\"inLanguage\":\"it-IT\"}]}<\/script>\n<!-- \/ Yoast SEO plugin. -->","yoast_head_json":{"title":"ThankView: recensione software per universit\u00e0 - Accurate Reviews","description":"ThankView: recensione piattaforma in cui le organizzazioni no profit possono creare e inviare video di ringraziamento ai propri volontari.","robots":{"index":"index","follow":"follow","max-snippet":"max-snippet:-1","max-image-preview":"max-image-preview:large","max-video-preview":"max-video-preview:-1"},"canonical":"https:\/\/www.accuratereviews.com\/it\/software-universita\/thankview-recensione\/","og_locale":"it_IT","og_type":"article","og_title":"ThankView: recensione software per universit\u00e0 - Accurate Reviews","og_description":"ThankView: recensione piattaforma in cui le organizzazioni no profit possono creare e inviare video di ringraziamento ai propri volontari.","og_url":"https:\/\/www.accuratereviews.com\/it\/software-universita\/thankview-recensione\/","og_site_name":"Accurate Reviews","article_modified_time":"2021-04-23T12:47:35+00:00","og_image":[{"width":600,"height":315,"url":"https:\/\/www.accuratereviews.com\/wp-content\/uploads\/2021\/04\/thankview-thankview.png","type":"image\/png"}],"twitter_card":"summary_large_image","twitter_misc":{"Tempo di lettura stimato":"4 minuti"},"schema":{"@context":"https:\/\/schema.org","@graph":[{"@type":"WebPage","@id":"https:\/\/www.accuratereviews.com\/it\/software-universita\/thankview-recensione\/","url":"https:\/\/www.accuratereviews.com\/it\/software-universita\/thankview-recensione\/","name":"ThankView: recensione software per universit\u00e0 - Accurate Reviews","isPartOf":{"@id":"https:\/\/www.accuratereviews.com\/it\/#website"},"primaryImageOfPage":{"@id":"https:\/\/www.accuratereviews.com\/it\/software-universita\/thankview-recensione\/#primaryimage"},"image":{"@id":"https:\/\/www.accuratereviews.com\/it\/software-universita\/thankview-recensione\/#primaryimage"},"thumbnailUrl":"https:\/\/www.accuratereviews.com\/wp-content\/uploads\/2021\/04\/thankview-thankview.png","datePublished":"2021-04-02T10:59:18+00:00","dateModified":"2021-04-23T12:47:35+00:00","description":"ThankView: recensione piattaforma in cui le organizzazioni no profit possono creare e inviare video di ringraziamento ai propri volontari.","breadcrumb":{"@id":"https:\/\/www.accuratereviews.com\/it\/software-universita\/thankview-recensione\/#breadcrumb"},"inLanguage":"it-IT","potentialAction":[{"@type":"ReadAction","target":["https:\/\/www.accuratereviews.com\/it\/software-universita\/thankview-recensione\/"]}]},{"@type":"ImageObject","inLanguage":"it-IT","@id":"https:\/\/www.accuratereviews.com\/it\/software-universita\/thankview-recensione\/#primaryimage","url":"https:\/\/www.accuratereviews.com\/wp-content\/uploads\/2021\/04\/thankview-thankview.png","contentUrl":"https:\/\/www.accuratereviews.com\/wp-content\/uploads\/2021\/04\/thankview-thankview.png","width":600,"height":315},{"@type":"BreadcrumbList","@id":"https:\/\/www.accuratereviews.com\/it\/software-universita\/thankview-recensione\/#breadcrumb","itemListElement":[{"@type":"ListItem","position":1,"name":"Home","item":"https:\/\/www.accuratereviews.com\/it\/"},{"@type":"ListItem","position":2,"name":"Software per universit\u00e0","item":"https:\/\/www.accuratereviews.com\/it\/software-universita\/"},{"@type":"ListItem","position":3,"name":"ThankView"}]},{"@type":"WebSite","@id":"https:\/\/www.accuratereviews.com\/it\/#website","url":"https:\/\/www.accuratereviews.com\/it\/","name":"Accurate Reviews","description":"","potentialAction":[{"@type":"SearchAction","target":{"@type":"EntryPoint","urlTemplate":"https:\/\/www.accuratereviews.com\/it\/?s={search_term_string}"},"query-input":{"@type":"PropertyValueSpecification","valueRequired":true,"valueName":"search_term_string"}}],"inLanguage":"it-IT"}]}},"_links":{"self":[{"href":"https:\/\/www.accuratereviews.com\/it\/wp-json\/wp\/v2\/pages\/39465","targetHints":{"allow":["GET"]}}],"collection":[{"href":"https:\/\/www.accuratereviews.com\/it\/wp-json\/wp\/v2\/pages"}],"about":[{"href":"https:\/\/www.accuratereviews.com\/it\/wp-json\/wp\/v2\/types\/page"}],"author":[{"embeddable":true,"href":"https:\/\/www.accuratereviews.com\/it\/wp-json\/wp\/v2\/users\/16"}],"replies":[{"embeddable":true,"href":"https:\/\/www.accuratereviews.com\/it\/wp-json\/wp\/v2\/comments?post=39465"}],"version-history":[{"count":14,"href":"https:\/\/www.accuratereviews.com\/it\/wp-json\/wp\/v2\/pages\/39465\/revisions"}],"predecessor-version":[{"id":40873,"href":"https:\/\/www.accuratereviews.com\/it\/wp-json\/wp\/v2\/pages\/39465\/revisions\/40873"}],"up":[{"embeddable":true,"href":"https:\/\/www.accuratereviews.com\/it\/wp-json\/wp\/v2\/pages\/38766"}],"wp:featuredmedia":[{"embeddable":true,"href":"https:\/\/www.accuratereviews.com\/it\/wp-json\/wp\/v2\/media\/39466"}],"wp:attachment":[{"href":"https:\/\/www.accuratereviews.com\/it\/wp-json\/wp\/v2\/media?parent=39465"}],"wp:term":[{"taxonomy":"category","embeddable":true,"href":"https:\/\/www.accuratereviews.com\/it\/wp-json\/wp\/v2\/categories?post=39465"},{"taxonomy":"post_tag","embeddable":true,"href":"https:\/\/www.accuratereviews.com\/it\/wp-json\/wp\/v2\/tags?post=39465"},{"taxonomy":"features","embeddable":true,"href":"https:\/\/www.accuratereviews.com\/it\/wp-json\/wp\/v2\/features?post=39465"}],"curies":[{"name":"wp","href":"https:\/\/api.w.org\/{rel}","templated":true}]}}